{"id":159087,"date":"2019-02-08T14:07:43","date_gmt":"2019-02-08T14:07:43","guid":{"rendered":"https:\/\/theomm.com\/traenings-udbydere\/"},"modified":"2023-12-12T15:50:12","modified_gmt":"2023-12-12T15:50:12","slug":"traenings-udbydere","status":"publish","type":"page","link":"https:\/\/theomm.com\/da\/traenings-udbydere\/","title":{"rendered":"Tr\u00e6nings udbydere"},"content":{"rendered":"<p>[et_pb_section fb_built=&#8221;1&#8243; admin_label=&#8221;section&#8221; _builder_version=&#8221;4.18.0&#8243; custom_padding=&#8221;0px||||false|false&#8221; global_colors_info=&#8221;{}&#8221;][et_pb_row admin_label=&#8221;r\u00e6kke&#8221; _builder_version=&#8221;4.18.0&#8243; background_size=&#8221;initial&#8221; background_position=&#8221;top_left&#8221; background_repeat=&#8221;repeat&#8221; width=&#8221;100%&#8221; custom_padding=&#8221;0px||||false|false&#8221; global_colors_info=&#8221;{}&#8221;][et_pb_column type=&#8221;4_4&#8243; _builder_version=&#8221;4.16&#8243; custom_padding=&#8221;|||&#8221; global_colors_info=&#8221;{}&#8221; custom_padding__hover=&#8221;|||&#8221;][et_pb_image src=&#8221;https:\/\/theomm.com\/wp-content\/uploads\/2022\/10\/MicrosoftTeams-image-44.jpg&#8221; title_text=&#8221;Tr\u00e6nings udbyder Header&#8221; _builder_version=&#8221;4.18.0&#8243; _module_preset=&#8221;default&#8221; global_colors_info=&#8221;{}&#8221;][\/et_pb_image][et_pb_text _builder_version=&#8221;4.23.1&#8243; _module_preset=&#8221;default&#8221; header_text_align=&#8221;center&#8221; header_font_size=&#8221;57px&#8221; hover_enabled=&#8221;0&#8243; sticky_enabled=&#8221;0&#8243; custom_padding=&#8221;||||false|false&#8221; custom_margin=&#8221;3vh||||false|false&#8221;]<\/p>\n<h1 style=\"text-align: center;\">TR\u00c6NINGSUDBYDER<\/h1>\n<p>[\/et_pb_text][et_pb_text _builder_version=&#8221;4.23.1&#8243; _module_preset=&#8221;default&#8221; width=&#8221;80%&#8221; module_alignment=&#8221;center&#8221; custom_padding=&#8221;1vh||||false|false&#8221; hover_enabled=&#8221;0&#8243; global_colors_info=&#8221;{}&#8221; sticky_enabled=&#8221;0&#8243;]<\/p>\n<p>OMM-konkurrencer er en all-round bjergudfordring og kr\u00e6ver, at en deltager kan bruge en r\u00e6kke forskellige f\u00e6rdigheder igennem l\u00f8bet. L\u00f8bende personlig udvikling er et m\u00e5l for enhver atlet. En god instrukt\u00f8r kan hj\u00e6lpe dig med at udvikle dine f\u00e6rdigheder og bev\u00e6ge dig mere effektivt i terr\u00e6net. Nedenfor er instrukt\u00f8rer, som vi personligt kender og kan give hj\u00e6lp til at udvikle dine evner i bjergene. Hvis du har sp\u00f8rgsm\u00e5l til os, bedes du sende en e-mail til support@theomm.com, som vil s\u00e6tte dig i kontakt med eventteamet.<\/p>\n<p>[\/et_pb_text][\/et_pb_column][\/et_pb_row][et_pb_row _builder_version=&#8221;4.23.1&#8243; _module_preset=&#8221;default&#8221; width=&#8221;90%&#8221; hover_enabled=&#8221;0&#8243; global_colors_info=&#8221;{}&#8221; sticky_enabled=&#8221;0&#8243; custom_margin=&#8221;-4vh||||false|false&#8221;][et_pb_column type=&#8221;4_4&#8243; _builder_version=&#8221;4.18.0&#8243; _module_preset=&#8221;default&#8221; global_colors_info=&#8221;{}&#8221;][et_pb_code _builder_version=&#8221;4.18.0&#8243; _module_preset=&#8221;default&#8221; global_colors_info=&#8221;{}&#8221;]<iframe loading=\"lazy\" src=\"https:\/\/www.google.com\/maps\/d\/embed?mid=1UkcI7_h2m3V1DUwdBlULl3wVpmubiHSy\" width=\"100%\" height=\"600\"><\/iframe>[\/et_pb_code][\/et_pb_column][\/et_pb_row][\/et_pb_section]<\/p>\n","protected":false},"excerpt":{"rendered":"<p>TR\u00c6NINGSUDBYDEROMM-konkurrencer er en all-round bjergudfordring og kr\u00e6ver, at en deltager kan bruge en r\u00e6kke forskellige f\u00e6rdigheder igennem l\u00f8bet. L\u00f8bende personlig udvikling er et m\u00e5l for enhver atlet. En god instrukt\u00f8r kan hj\u00e6lpe dig med at udvikle dine f\u00e6rdigheder og bev\u00e6ge dig mere effektivt i terr\u00e6net. Nedenfor er instrukt\u00f8rer, som vi personligt kender og kan give [&hellip;]<\/p>\n","protected":false},"author":1,"featured_media":0,"parent":0,"menu_order":0,"comment_status":"closed","ping_status":"closed","template":"","meta":{"_acf_changed":false,"_et_pb_use_builder":"on","_et_pb_old_content":"","_et_gb_content_width":"","footnotes":""},"class_list":["post-159087","page","type-page","status-publish","hentry"],"acf":[],"yoast_head":"<!-- This site is optimized with the Yoast SEO plugin v27.3 - https:\/\/yoast.com\/product\/yoast-seo-wordpress\/ -->\n<title>Tr\u00e6nings udbydere - OMM<\/title>\n<meta name=\"robots\" content=\"index, follow, max-snippet:-1, max-image-preview:large, max-video-preview:-1\" \/>\n<link rel=\"canonical\" href=\"https:\/\/theomm.com\/training\/\" \/>\n<meta property=\"og:locale\" content=\"da_DK\" \/>\n<meta property=\"og:type\" content=\"article\" \/>\n<meta property=\"og:title\" content=\"Tr\u00e6nings udbydere - OMM\" \/>\n<meta property=\"og:description\" content=\"TR\u00c6NINGSUDBYDEROMM-konkurrencer er en all-round bjergudfordring og kr\u00e6ver, at en deltager kan bruge en r\u00e6kke forskellige f\u00e6rdigheder igennem l\u00f8bet. L\u00f8bende personlig udvikling er et m\u00e5l for enhver atlet. En god instrukt\u00f8r kan hj\u00e6lpe dig med at udvikle dine f\u00e6rdigheder og bev\u00e6ge dig mere effektivt i terr\u00e6net. Nedenfor er instrukt\u00f8rer, som vi personligt kender og kan give [&hellip;]\" \/>\n<meta property=\"og:url\" content=\"https:\/\/theomm.com\/training\/\" \/>\n<meta property=\"og:site_name\" content=\"OMM\" \/>\n<meta property=\"article:publisher\" content=\"https:\/\/www.facebook.com\/OMMrunning?_ga=2.203172945.1541616462.1665402953-280172632.1649426001\" \/>\n<meta property=\"article:modified_time\" content=\"2023-12-12T15:50:12+00:00\" \/>\n<meta name=\"twitter:card\" content=\"summary_large_image\" \/>\n<meta name=\"twitter:label1\" content=\"Estimeret l\u00e6setid\" \/>\n\t<meta name=\"twitter:data1\" content=\"2 minutter\" \/>\n<script type=\"application\/ld+json\" class=\"yoast-schema-graph\">{\"@context\":\"https:\\\/\\\/schema.org\",\"@graph\":[{\"@type\":\"WebPage\",\"@id\":\"https:\\\/\\\/theomm.com\\\/training\\\/\",\"url\":\"https:\\\/\\\/theomm.com\\\/training\\\/\",\"name\":\"Tr\u00e6nings udbydere - OMM\",\"isPartOf\":{\"@id\":\"https:\\\/\\\/theomm.com\\\/#website\"},\"datePublished\":\"2019-02-08T14:07:43+00:00\",\"dateModified\":\"2023-12-12T15:50:12+00:00\",\"breadcrumb\":{\"@id\":\"https:\\\/\\\/theomm.com\\\/training\\\/#breadcrumb\"},\"inLanguage\":\"da-DK\",\"potentialAction\":[{\"@type\":\"ReadAction\",\"target\":[\"https:\\\/\\\/theomm.com\\\/training\\\/\"]}]},{\"@type\":\"BreadcrumbList\",\"@id\":\"https:\\\/\\\/theomm.com\\\/training\\\/#breadcrumb\",\"itemListElement\":[{\"@type\":\"ListItem\",\"position\":1,\"name\":\"Home\",\"item\":\"https:\\\/\\\/theomm.com\\\/da\\\/original-mountain-marathon\\\/\"},{\"@type\":\"ListItem\",\"position\":2,\"name\":\"Tr\u00e6nings udbydere\"}]},{\"@type\":\"WebSite\",\"@id\":\"https:\\\/\\\/theomm.com\\\/#website\",\"url\":\"https:\\\/\\\/theomm.com\\\/\",\"name\":\"OMM\",\"description\":\"OMM is Technical clothing and equipment made for running in the mountains. Designed to the specifications of Original Mountain Marathon.\",\"alternateName\":\"Original Mountain Marathon\",\"potentialAction\":[{\"@type\":\"SearchAction\",\"target\":{\"@type\":\"EntryPoint\",\"urlTemplate\":\"https:\\\/\\\/theomm.com\\\/?s={search_term_string}\"},\"query-input\":{\"@type\":\"PropertyValueSpecification\",\"valueRequired\":true,\"valueName\":\"search_term_string\"}}],\"inLanguage\":\"da-DK\"}]}<\/script>\n<!-- \/ Yoast SEO plugin. -->","yoast_head_json":{"title":"Tr\u00e6nings udbydere - OMM","robots":{"index":"index","follow":"follow","max-snippet":"max-snippet:-1","max-image-preview":"max-image-preview:large","max-video-preview":"max-video-preview:-1"},"canonical":"https:\/\/theomm.com\/training\/","og_locale":"da_DK","og_type":"article","og_title":"Tr\u00e6nings udbydere - OMM","og_description":"TR\u00c6NINGSUDBYDEROMM-konkurrencer er en all-round bjergudfordring og kr\u00e6ver, at en deltager kan bruge en r\u00e6kke forskellige f\u00e6rdigheder igennem l\u00f8bet. L\u00f8bende personlig udvikling er et m\u00e5l for enhver atlet. En god instrukt\u00f8r kan hj\u00e6lpe dig med at udvikle dine f\u00e6rdigheder og bev\u00e6ge dig mere effektivt i terr\u00e6net. Nedenfor er instrukt\u00f8rer, som vi personligt kender og kan give [&hellip;]","og_url":"https:\/\/theomm.com\/training\/","og_site_name":"OMM","article_publisher":"https:\/\/www.facebook.com\/OMMrunning?_ga=2.203172945.1541616462.1665402953-280172632.1649426001","article_modified_time":"2023-12-12T15:50:12+00:00","twitter_card":"summary_large_image","twitter_misc":{"Estimeret l\u00e6setid":"2 minutter"},"schema":{"@context":"https:\/\/schema.org","@graph":[{"@type":"WebPage","@id":"https:\/\/theomm.com\/training\/","url":"https:\/\/theomm.com\/training\/","name":"Tr\u00e6nings udbydere - OMM","isPartOf":{"@id":"https:\/\/theomm.com\/#website"},"datePublished":"2019-02-08T14:07:43+00:00","dateModified":"2023-12-12T15:50:12+00:00","breadcrumb":{"@id":"https:\/\/theomm.com\/training\/#breadcrumb"},"inLanguage":"da-DK","potentialAction":[{"@type":"ReadAction","target":["https:\/\/theomm.com\/training\/"]}]},{"@type":"BreadcrumbList","@id":"https:\/\/theomm.com\/training\/#breadcrumb","itemListElement":[{"@type":"ListItem","position":1,"name":"Home","item":"https:\/\/theomm.com\/da\/original-mountain-marathon\/"},{"@type":"ListItem","position":2,"name":"Tr\u00e6nings udbydere"}]},{"@type":"WebSite","@id":"https:\/\/theomm.com\/#website","url":"https:\/\/theomm.com\/","name":"OMM","description":"OMM is Technical clothing and equipment made for running in the mountains. Designed to the specifications of Original Mountain Marathon.","alternateName":"Original Mountain Marathon","potentialAction":[{"@type":"SearchAction","target":{"@type":"EntryPoint","urlTemplate":"https:\/\/theomm.com\/?s={search_term_string}"},"query-input":{"@type":"PropertyValueSpecification","valueRequired":true,"valueName":"search_term_string"}}],"inLanguage":"da-DK"}]}},"_links":{"self":[{"href":"https:\/\/theomm.com\/da\/wp-json\/wp\/v2\/pages\/159087","targetHints":{"allow":["GET"]}}],"collection":[{"href":"https:\/\/theomm.com\/da\/wp-json\/wp\/v2\/pages"}],"about":[{"href":"https:\/\/theomm.com\/da\/wp-json\/wp\/v2\/types\/page"}],"author":[{"embeddable":true,"href":"https:\/\/theomm.com\/da\/wp-json\/wp\/v2\/users\/1"}],"replies":[{"embeddable":true,"href":"https:\/\/theomm.com\/da\/wp-json\/wp\/v2\/comments?post=159087"}],"version-history":[{"count":3,"href":"https:\/\/theomm.com\/da\/wp-json\/wp\/v2\/pages\/159087\/revisions"}],"predecessor-version":[{"id":178180,"href":"https:\/\/theomm.com\/da\/wp-json\/wp\/v2\/pages\/159087\/revisions\/178180"}],"wp:attachment":[{"href":"https:\/\/theomm.com\/da\/wp-json\/wp\/v2\/media?parent=159087"}],"curies":[{"name":"wp","href":"https:\/\/api.w.org\/{rel}","templated":true}]}}