{"id":159093,"date":"2019-03-11T11:29:50","date_gmt":"2019-03-11T11:29:50","guid":{"rendered":"https:\/\/theomm.com\/produktpleje-vejledning\/"},"modified":"2025-01-13T13:33:37","modified_gmt":"2025-01-13T13:33:37","slug":"produktpleje-vejledning","status":"publish","type":"page","link":"https:\/\/theomm.com\/da\/produktpleje-vejledning\/","title":{"rendered":"Produktpleje"},"content":{"rendered":"<p>[et_pb_section fb_built=&#8221;1&#8243; admin_label=&#8221;section&#8221; _builder_version=&#8221;4.27.4&#8243; background_image=&#8221;https:\/\/theomm.com\/wp-content\/uploads\/2024\/03\/womens_grey_header.jpg&#8221; global_colors_info=&#8221;{}&#8221;][et_pb_row admin_label=&#8221;r\u00e6kke&#8221; _builder_version=&#8221;4.16&#8243; background_size=&#8221;initial&#8221; background_position=&#8221;top_left&#8221; background_repeat=&#8221;repeat&#8221; global_colors_info=&#8221;{}&#8221;][et_pb_column type=&#8221;4_4&#8243; _builder_version=&#8221;4.16&#8243; custom_padding=&#8221;|||&#8221; global_colors_info=&#8221;{}&#8221; custom_padding__hover=&#8221;|||&#8221;][et_pb_text _builder_version=&#8221;4.27.4&#8243; _module_preset=&#8221;default&#8221; header_text_align=&#8221;center&#8221; header_font_size=&#8221;50px&#8221; custom_padding=&#8221;15vh||15vh||true|false&#8221; hover_enabled=&#8221;0&#8243; global_colors_info=&#8221;{}&#8221; sticky_enabled=&#8221;0&#8243;]<\/p>\n<h1 style=\"text-align: center;\"><span style=\"color: #ffffff;\">PRODUKTPLEJE GUIDE\u00a0<\/span><\/h1>\n<p>[\/et_pb_text][\/et_pb_column][\/et_pb_row][\/et_pb_section][et_pb_section fb_built=&#8221;1&#8243; _builder_version=&#8221;4.18.0&#8243; _module_preset=&#8221;default&#8221; global_colors_info=&#8221;{}&#8221;][et_pb_row column_structure=&#8221;1_3,1_3,1_3&#8243; _builder_version=&#8221;4.27.4&#8243; _module_preset=&#8221;default&#8221; global_colors_info=&#8221;{}&#8221;][et_pb_column type=&#8221;1_3&#8243; _builder_version=&#8221;4.27.4&#8243; _module_preset=&#8221;default&#8221; global_colors_info=&#8221;{}&#8221;][et_pb_image src=&#8221;https:\/\/theomm.com\/wp-content\/uploads\/2025\/01\/beading-1.jpg&#8221; title_text=&#8221;beading&#8221; _builder_version=&#8221;4.27.4&#8243; _module_preset=&#8221;default&#8221; width=&#8221;100%&#8221; custom_padding=&#8221;|0px||||&#8221; global_colors_info=&#8221;{}&#8221;][\/et_pb_image][\/et_pb_column][et_pb_column type=&#8221;1_3&#8243; _builder_version=&#8221;4.27.4&#8243; _module_preset=&#8221;default&#8221; global_colors_info=&#8221;{}&#8221;][et_pb_text _builder_version=&#8221;4.27.4&#8243; _module_preset=&#8221;default&#8221; custom_padding=&#8221;|30px||30px|false|false&#8221; global_colors_info=&#8221;{}&#8221;]<\/p>\n<p>Alle vores produkter er designet til at give enest\u00e5ende vejrbeskyttelse og \u00e5ndbarhed, s\u00e5 du kan blive l\u00e6ngere i bjergene.<\/p>\n<p>Selv om mange bekymrer sig om at reng\u00f8re deres tekniske t\u00f8j, er det vigtigt at holde styr p\u00e5 produktplejen. Men for at sikre, at du f\u00e5r mest muligt ud af dit udstyr, og at det holder endnu l\u00e6ngere, har vi samlet nogle enkle tips til rutinem\u00e6ssig produktpleje og -vedligeholdelse.<\/p>\n<p style=\"background: white;\">\u00a0<\/p>\n<p style=\"background: white;\">\u00a0<\/p>\n<p>[\/et_pb_text][\/et_pb_column][et_pb_column type=&#8221;1_3&#8243; _builder_version=&#8221;4.27.4&#8243; _module_preset=&#8221;default&#8221; global_colors_info=&#8221;{}&#8221;][et_pb_image src=&#8221;https:\/\/theomm.com\/wp-content\/uploads\/2025\/01\/beading-2-1.jpg&#8221; title_text=&#8221;beading 2&#8243; align=&#8221;right&#8221; _builder_version=&#8221;4.27.4&#8243; _module_preset=&#8221;default&#8221; width=&#8221;100%&#8221; global_colors_info=&#8221;{}&#8221;][\/et_pb_image][\/et_pb_column][\/et_pb_row][et_pb_row _builder_version=&#8221;4.27.4&#8243; _module_preset=&#8221;default&#8221; global_colors_info=&#8221;{}&#8221;][et_pb_column type=&#8221;4_4&#8243; _builder_version=&#8221;4.27.4&#8243; _module_preset=&#8221;default&#8221; global_colors_info=&#8221;{}&#8221;][et_pb_accordion _builder_version=&#8221;4.27.4&#8243; _module_preset=&#8221;default&#8221; hover_enabled=&#8221;0&#8243; global_colors_info=&#8221;{}&#8221; toggle_level=&#8221;h2&#8243; sticky_enabled=&#8221;0&#8243;][et_pb_accordion_item title=&#8221;HVORFOR SKAL JEG VASKE MIT KIT?&#8221; _builder_version=&#8221;4.27.4&#8243; _module_preset=&#8221;default&#8221; global_colors_info=&#8221;{}&#8221; open=&#8221;on&#8221;]<\/p>\n<p>Der er tre store faldgruber ved ikke at vaske dit OMM-t\u00f8j:<\/p>\n<p><strong>Nedsat ydeevne:<\/strong> En ophobning af snavs og andre overfladeforureninger som kropsolie, salt, solcreme og sved kan reducere effektiviteten af tekstilets DWR-behandling (durable water-repellent), hvilket p\u00e5virker ydeevnen og \u00e5ndbarheden. Snavs g\u00f8r det ogs\u00e5 muligt for vandmolekyler at blive trukket ind i ansigtsstoffet, hvilket m\u00e6tter eller \u00bbfugter\u00ab stoffet og f\u00f8rer til \u00f8gede niveauer af kondens p\u00e5 indersiden af t\u00f8jet.<br \/><strong>Vedligehold synlig slitage:<\/strong> Olier kan have en nedbrydende effekt p\u00e5 tekstiler og behandlinger, mens salt og snavs kan slide p\u00e5 membraner og fibre med tiden. Korrekt vask af dit OMM-produkt fjerner snavs og andre forurenende stoffer fra t\u00f8jet og genopretter dets vandafvisende og \u00e5ndbare egenskaber.<br \/><strong>Desuden<\/strong> kan de komme til at lugte lidt, hvis du ikke g\u00f8r det.<\/p>\n<p>[\/et_pb_accordion_item][et_pb_accordion_item title=&#8221;HVORDAN FORBEREDER JEG MIT T\u00d8J TIL VASK?&#8221; open=&#8221;off&#8221; _builder_version=&#8221;4.27.4&#8243; _module_preset=&#8221;default&#8221; global_colors_info=&#8221;{}&#8221;]<\/p>\n<p>F\u00f8r du g\u00e5r i gang med at vaske dit udstyr, skal du b\u00f8rste overskydende mudder og snavs af, lukke hovedlynl\u00e5sen, \u00e5bne lommelynl\u00e5sen og l\u00f8sne sp\u00e6ndingen i alle elastiske snore.<\/p>\n<p>[\/et_pb_accordion_item][et_pb_accordion_item title=&#8221;HVORDAN VASKER JEG MIT OMM-T\u00d8J (f.eks. T-shirts, leggings og shorts)?&#8221; _builder_version=&#8221;4.27.4&#8243; _module_preset=&#8221;default&#8221; global_colors_info=&#8221;{}&#8221; open=&#8221;off&#8221;]<\/p>\n<p>Du kan vaske dit OMM-t\u00f8j (ikke-teknisk t\u00f8j) i en almindelig vask med vaskemiddel, men vi anbefaler, at du bruger et vaskemiddel, der er designet til aktivt t\u00f8j, fordi det med st\u00f8rre sandsynlighed kan h\u00e5ndtere de bakterier, der f\u00f8rer til ildelugtende t\u00f8j, samtidig med at det er sk\u00e5nsomt nok til at beskytte nylon- og lycra-stoffer.<\/p>\n<p>[\/et_pb_accordion_item][et_pb_accordion_item title=&#8221;HVORDAN VASKER JEG MINE OMM TECHNICAL WATERPROOFS? (F.EKS. KAMLEIKA, Wisp, AETHER)&#8221; _builder_version=&#8221;4.27.4&#8243; _module_preset=&#8221;default&#8221; global_colors_info=&#8221;{}&#8221; open=&#8221;off&#8221;]<\/p>\n<p>Til alle tekniske vandt\u00e6tte materialer, herunder Kamleika, Wisp, Aether og andre fra vores sortiment, anbefaler vi KUN at bruge et reng\u00f8ringsmiddel, der er lavet specielt til performance-stoffer.<\/p>\n<p>Der er flere m\u00e6rker p\u00e5 markedet, som du kan finde i din lokale outdoor-butik. Vi anbefaler Grangers Performance Wash. Disse specialvaskemidler er designet til at v\u00e6re sk\u00e5nsomme og til at skylle helt igennem. Rester af vaskemiddel kan forurene og forringe funktionen af membranstoffet og dets vandafvisende behandling. N\u00e5r du bruger vaskemidler, der er specifikke for udend\u00f8rsbekl\u00e6dning, skal du blot f\u00f8lge instruktionerne. S\u00f8rg for at rense maskinens vaskemiddelskuffe for eventuelle rester af vaskemidler. Konventionelle vaskemidler indeholder duftstoffer, farvestoffer, optisk hvidt, enzymer, overfladeaktive stoffer og bl\u00f8dg\u00f8ringsmidler, som h\u00e6mmer t\u00f8jets funktion og potentielt kan for\u00e5rsage skader.<\/p>\n<p>For mere, g\u00e5 til vores\u00a0<strong><span style=\"text-decoration: underline;\"><a href=\"https:\/\/youtu.be\/Aocvv2M4_2k\">Youtube Channel<\/a><\/span><\/strong>.<\/p>\n<p>[\/et_pb_accordion_item][et_pb_accordion_item title=&#8221;S\u00c5DAN BLIVER DIT UDSTYR VANDT\u00c6T IGEN&#8221; _builder_version=&#8221;4.27.4&#8243; _module_preset=&#8221;default&#8221; global_colors_info=&#8221;{}&#8221; open=&#8221;off&#8221;]<\/p>\n<p>DWR eller holdbar vandafvisende bel\u00e6gning er en polymer, der p\u00e5f\u00f8res t\u00f8jets yderstof. N\u00e5r t\u00f8jet ikke l\u00e6ngere afviser vand, som det plejer, selv efter at det er blevet vasket og t\u00f8rret, er det tid til at p\u00e5f\u00f8re DWR igen.<\/p>\n<p>Vi anbefaler at bruge Grangers Performance Repel. Luk alle lynl\u00e5se efter vask, h\u00e6ng det v\u00e5de t\u00f8j p\u00e5 en b\u00f8jle, og spray DWR j\u00e6vnt og gener\u00f8st p\u00e5 t\u00f8jets v\u00e5de overflade, og koncentrer dig om omr\u00e5der med meget slid som f.eks. talje, skuldre og \u00e6rmer.<\/p>\n<p>L\u00e6g derefter t\u00f8jet i en t\u00f8rretumbler p\u00e5 lav varme (~30\u00b0C \/104\u00b0F) i op til 15 minutter, ikke for at t\u00f8rre det helt, men for forsigtigt at tilf\u00f8re varme. Hvis du ikke har en t\u00f8rretumbler, kan du h\u00e6nge t\u00f8jet et varmt sted, f.eks. over en radiator (dog ikke p\u00e5 eller i kontakt med). Varmen hj\u00e6lper med at binde den kemiske behandling til fibrene.<\/p>\n<p>Det kan ogs\u00e5 v\u00e6re en god id\u00e9 at impr\u00e6gnere t\u00f8jet ved at bruge en wash-in-behandling. 2-i-1 Wash &amp; Proof er ogs\u00e5 en god mulighed, hvis du oplever, at du vasker og impr\u00e6gnerer regelm\u00e6ssigt, m\u00e5ske hvis du tr\u00e6ner h\u00e5rdt om vinteren eller til professionelle udend\u00f8rsbrugere, der tilbringer hver dag i deres vandt\u00e6tte t\u00f8j!<\/p>\n<p>For mere, g\u00e5 til vores\u00a0<strong><span style=\"text-decoration: underline;\"><a href=\"https:\/\/youtu.be\/Aocvv2M4_2k\">Youtube Channel<\/a><\/span><\/strong>.<\/p>\n<p>[\/et_pb_accordion_item][et_pb_accordion_item title=&#8221;HVORDAN ER NYT PFC-FRIT T\u00d8J ANDERLEDES AT PLEJE? &#8221; _builder_version=&#8221;4.27.4&#8243; _module_preset=&#8221;default&#8221; global_colors_info=&#8221;{}&#8221; open=&#8221;off&#8221;]<\/p>\n<p>Hos OMM har vi \u00e6ndret vores t\u00f8j fra at bruge skadelige PFC-vandafvisende behandlinger til mere milj\u00f8venlige PFC-fri behandlinger (du kan tjekke, om du har et PFC-frit t\u00f8j ved at se p\u00e5 plejeetiketten p\u00e5 din jakke). En af de ting, der gjorde PFC&#8217;er s\u00e5 nyttige, var deres holdbarhed, men det, der g\u00f8r en god vandafvisende behandling, er det, der g\u00f8r den s\u00e5 skadelig for milj\u00f8et.<\/p>\n<p>Derfor vil den nye generation af impr\u00e6gneringsteknologier kr\u00e6ve lidt hyppigere pleje og opm\u00e6rksomhed for at kunne fungere p\u00e5 samme niveau. Heldigvis er det nemt at opn\u00e5 med regelm\u00e6ssig vask og impr\u00e6gnering. Vi anbefaler, at du impr\u00e6gnerer dit PFC-fri t\u00f8j igen efter 1-2 m\u00e5neders regelm\u00e6ssig brug.<\/p>\n<p>For at l\u00e6se mere om overgangen til PFC-fri &#8211; <a href=\"https:\/\/theomm.com\/da\/project\/reducering-af-vores-paavirkning\/\">Click here<\/a><\/p>\n<p>[\/et_pb_accordion_item][et_pb_accordion_item title=&#8221;HVORN\u00c5R SKAL JEG VASKE MIT OMM-T\u00d8J?&#8221; _builder_version=&#8221;4.27.4&#8243; _module_preset=&#8221;default&#8221; global_colors_info=&#8221;{}&#8221; open=&#8221;off&#8221;]<\/p>\n<p>Hvorn\u00e5r du skal vaske, afh\u00e6nger af, hvor ofte du bruger t\u00f8jet. Ved kraftig aktivitet anbefaler vi at vaske efter 10 til 12 dages brug, og ved let aktivitet b\u00f8r du vaske efter 20 til 30 dages brug. Brug din bedste d\u00f8mmekraft. Hvis dit t\u00f8j ser beskidt ud, hvis du begynder at f\u00f8le dig fugtig eller klam, eller hvis dit t\u00f8j ikke l\u00e6ngere afgiver vand og er ved at blive v\u00e5dt, er det tid til at vaske det. Pas p\u00e5 dit udstyr, s\u00e5 passer det p\u00e5 dig.<\/p>\n<p>[\/et_pb_accordion_item][et_pb_accordion_item title=&#8221;HVORDAN VASKER JEG MIT ISOLEREDE T\u00d8J?&#8221; _builder_version=&#8221;4.27.4&#8243; _module_preset=&#8221;default&#8221; global_colors_info=&#8221;{}&#8221; open=&#8221;off&#8221;]<\/p>\n<p>Vi anbefaler p\u00e5 det kraftigste, at du vasker din isolerede jakke i en FRONTLADET vaskemaskine. V\u00e6lg et sk\u00e5neprogram med to skyl og en vasketemperatur p\u00e5 30 \u00b0C\/86 \u00b0F. T\u00f8r t\u00f8jet i t\u00f8rretumbler med vrangen ud p\u00e5 medium temperatur (60 \u00b0C\/140 \u00b0F) i ca. 15-20 minutter, og lad det derefter luftt\u00f8rre. For at fjerne genstridige pletter skal du f\u00f8rst pletrense det plettede omr\u00e5de med Grangers Performance Wash og lade det plettede omr\u00e5de tr\u00e6kke i 10-15 minutter eller bruge et pletviskel\u00e6der p\u00e5 det forurenede omr\u00e5de. Vask og t\u00f8r derefter t\u00f8jet som beskrevet ovenfor.<\/p>\n<p>[\/et_pb_accordion_item][et_pb_accordion_item title=&#8221;HVORDAN VASKER JEG MIT CORE-T\u00d8J?&#8221; _builder_version=&#8221;4.27.4&#8243; _module_preset=&#8221;default&#8221; global_colors_info=&#8221;{}&#8221; open=&#8221;off&#8221;]<\/p>\n<p>Du kan vaske dit Core-t\u00f8j i vaskemaskinen sammen med dit almindelige t\u00f8j, men v\u00e6r forsigtig med andet t\u00f8j med velcro eller skarpe dele som f.eks. jeans-knapper, lynl\u00e5se med metalt\u00e6nder osv. da de kan h\u00e6nge fast i stoffet. I s\u00e5 fald er det bedst at l\u00e6gge Core-t\u00f8jet i en netvaskepose (til finere t\u00f8j og sportst\u00f8j). Vend altid vrangen ud p\u00e5 t\u00f8jet, n\u00e5r det skal vaskes. Det er bedst at vaske det sammen med andet bl\u00f8dt t\u00f8j og sportst\u00f8j, hvis det er muligt.<\/p>\n<p>V\u00e6lg en vasketemperatur p\u00e5 30\u00b0C eller lavere. Du kan bruge dit almindelige vaskemiddel eller en tech-wash, men brug ikke skyllemiddel eller duftforst\u00e6rkere. Core-t\u00f8j er sikkert at bruge med antibakteriel steriliseringsv\u00e6ske (f\u00f8lg produktets anvisninger for dosering). T\u00f8jet vil v\u00e6re n\u00e6sten t\u00f8rt efter centrifugeringen, s\u00e5 det er bedst at lade det t\u00f8rre naturligt. Men hvis du v\u00e6lger at t\u00f8rretumble, kan du g\u00f8re det ved lav varme og tage det ud, mens det stadig er meget let fugtigt.<\/p>\n<p>[\/et_pb_accordion_item][et_pb_accordion_item title=&#8221;HVORDAN VASKER JEG MIN RYGS\u00c6K?&#8221; _builder_version=&#8221;4.27.4&#8243; _module_preset=&#8221;default&#8221; global_colors_info=&#8221;{}&#8221; open=&#8221;off&#8221;]<\/p>\n<p>Den bedste m\u00e5de at vaske din rygs\u00e6k p\u00e5 er simpelthen med vand. Du kan enten gnide snavset af med h\u00e6nderne eller skrubbe rygs\u00e6kken med en bl\u00f8d b\u00f8rste. Du burde kunne f\u00e5 det meste af snavset af p\u00e5 denne m\u00e5de. Hvis du f\u00f8ler, at du er n\u00f8dt til at bruge s\u00e6be, s\u00e5 brug en mild eller ren s\u00e6be eller et udend\u00f8rs vaskemiddel som Grangers Performance Wash, og skyl rygs\u00e6kken grundigt for at fjerne eventuelle rester. H\u00e6ng rygs\u00e6kken til t\u00f8rre (brug ikke t\u00f8rretumbler eller andre varmekilder). Hvis du h\u00e6nger rygs\u00e6kken udenfor, s\u00e5 lad den ligge i skyggen. Den b\u00f8r t\u00f8rre i l\u00f8bet af natten, men det kan tage l\u00e6ngere tid afh\u00e6ngigt af klimaet. Fjern rygpuden f\u00f8r vask for at fremskynde t\u00f8rretiden.<\/p>\n<p>[\/et_pb_accordion_item][\/et_pb_accordion][\/et_pb_column][\/et_pb_row][et_pb_row column_structure=&#8221;1_3,1_3,1_3&#8243; _builder_version=&#8221;4.27.4&#8243; _module_preset=&#8221;default&#8221; global_colors_info=&#8221;{}&#8221;][et_pb_column type=&#8221;1_3&#8243; _builder_version=&#8221;4.27.4&#8243; _module_preset=&#8221;default&#8221; global_colors_info=&#8221;{}&#8221;][et_pb_image src=&#8221;https:\/\/theomm.com\/wp-content\/uploads\/2025\/01\/BEADING-3.jpg&#8221; title_text=&#8221;BEADING 3&#8243; _builder_version=&#8221;4.27.4&#8243; _module_preset=&#8221;default&#8221; width=&#8221;100%&#8221; custom_padding=&#8221;|0px||||&#8221; global_colors_info=&#8221;{}&#8221;][\/et_pb_image][\/et_pb_column][et_pb_column type=&#8221;1_3&#8243; _builder_version=&#8221;4.27.4&#8243; _module_preset=&#8221;default&#8221; global_colors_info=&#8221;{}&#8221;][et_pb_text _builder_version=&#8221;4.27.4&#8243; _module_preset=&#8221;default&#8221; custom_padding=&#8221;|30px||30px|false|false&#8221; global_colors_info=&#8221;{}&#8221;]<\/p>\n<p>Hvis du er i tvivl om plejekrav eller har yderligere sp\u00f8rgsm\u00e5l, vil vi meget gerne hj\u00e6lpe!<\/p>\n<p>Kontakt vores kundeserviceteam:<\/p>\n<p>EMAIL: support@theomm.com<\/p>\n<p>&nbsp;<\/p>\n<p style=\"background: white;\">\u00a0<\/p>\n<p style=\"background: white;\">\u00a0<\/p>\n<p>[\/et_pb_text][\/et_pb_column][et_pb_column type=&#8221;1_3&#8243; _builder_version=&#8221;4.27.4&#8243; _module_preset=&#8221;default&#8221; global_colors_info=&#8221;{}&#8221;][et_pb_image src=&#8221;https:\/\/theomm.com\/wp-content\/uploads\/2025\/01\/BEADING-4.jpg&#8221; title_text=&#8221;BEADING 4&#8243; align=&#8221;right&#8221; _builder_version=&#8221;4.27.4&#8243; _module_preset=&#8221;default&#8221; width=&#8221;100%&#8221; global_colors_info=&#8221;{}&#8221;][\/et_pb_image][\/et_pb_column][\/et_pb_row][et_pb_row _builder_version=&#8221;4.21.0&#8243; _module_preset=&#8221;default&#8221; global_colors_info=&#8221;{}&#8221;][et_pb_column type=&#8221;4_4&#8243; _builder_version=&#8221;4.21.0&#8243; _module_preset=&#8221;default&#8221; global_colors_info=&#8221;{}&#8221;][et_pb_heading title=&#8221;FOR FLERE TIPS&#8221; _builder_version=&#8221;4.27.4&#8243; _module_preset=&#8221;default&#8221; title_font=&#8221;Eurostile|&#8211;et_global_heading_font_weight|||||||&#8221; title_text_align=&#8221;center&#8221; title_text_color=&#8221;#66656F&#8221; global_colors_info=&#8221;{}&#8221;][\/et_pb_heading][et_pb_video_slider _builder_version=&#8221;4.27.4&#8243; _module_preset=&#8221;default&#8221; global_colors_info=&#8221;{}&#8221;][et_pb_video_slider_item src=&#8221;https:\/\/youtu.be\/Aocvv2M4_2k&#8221; _builder_version=&#8221;4.27.4&#8243; _module_preset=&#8221;default&#8221; global_colors_info=&#8221;{}&#8221; show_image_overlay=&#8221;off&#8221;][\/et_pb_video_slider_item][et_pb_video_slider_item src=&#8221;https:\/\/youtu.be\/bbvqH3s5-iw&#8221; _builder_version=&#8221;4.27.4&#8243; _module_preset=&#8221;default&#8221; global_colors_info=&#8221;{}&#8221; show_image_overlay=&#8221;off&#8221;][\/et_pb_video_slider_item][et_pb_video_slider_item src=&#8221;https:\/\/youtube.com\/live\/pBX3P8r47nw&#8221; _builder_version=&#8221;4.27.4&#8243; _module_preset=&#8221;default&#8221; global_colors_info=&#8221;{}&#8221; show_image_overlay=&#8221;off&#8221;][\/et_pb_video_slider_item][\/et_pb_video_slider][\/et_pb_column][\/et_pb_row][\/et_pb_section]<\/p>\n","protected":false},"excerpt":{"rendered":"<p>PRODUKTPLEJE GUIDE\u00a0Alle vores produkter er designet til at give enest\u00e5ende vejrbeskyttelse og \u00e5ndbarhed, s\u00e5 du kan blive l\u00e6ngere i bjergene. Selv om mange bekymrer sig om at reng\u00f8re deres tekniske t\u00f8j, er det vigtigt at holde styr p\u00e5 produktplejen. Men for at sikre, at du f\u00e5r mest muligt ud af dit udstyr, og at det [&hellip;]<\/p>\n","protected":false},"author":1,"featured_media":0,"parent":0,"menu_order":0,"comment_status":"closed","ping_status":"closed","template":"","meta":{"_acf_changed":false,"_et_pb_use_builder":"on","_et_pb_old_content":"","_et_gb_content_width":"","footnotes":""},"class_list":["post-159093","page","type-page","status-publish","hentry"],"acf":[],"yoast_head":"<!-- This site is optimized with the Yoast SEO plugin v27.3 - https:\/\/yoast.com\/product\/yoast-seo-wordpress\/ -->\n<title>Produktpleje - OMM<\/title>\n<meta name=\"description\" content=\"OMM-bekl\u00e6dning er designet for enest\u00e5ende beskyttelse og \u00e5ndbarhed. Rutinem\u00e6ssig produktpleje sikrer den optimale ydeevne af din bekl\u00e6dning.\" \/>\n<meta name=\"robots\" content=\"index, follow, max-snippet:-1, max-image-preview:large, max-video-preview:-1\" \/>\n<link rel=\"canonical\" href=\"https:\/\/theomm.com\/da\/produktpleje-vejledning\/\" \/>\n<meta property=\"og:locale\" content=\"da_DK\" \/>\n<meta property=\"og:type\" content=\"article\" \/>\n<meta property=\"og:title\" content=\"Produktpleje - OMM\" \/>\n<meta property=\"og:description\" content=\"OMM-bekl\u00e6dning er designet for enest\u00e5ende beskyttelse og \u00e5ndbarhed. Rutinem\u00e6ssig produktpleje sikrer den optimale ydeevne af din bekl\u00e6dning.\" \/>\n<meta property=\"og:url\" content=\"https:\/\/theomm.com\/da\/produktpleje-vejledning\/\" \/>\n<meta property=\"og:site_name\" content=\"OMM\" \/>\n<meta property=\"article:publisher\" content=\"https:\/\/www.facebook.com\/OMMrunning?_ga=2.203172945.1541616462.1665402953-280172632.1649426001\" \/>\n<meta property=\"article:modified_time\" content=\"2025-01-13T13:33:37+00:00\" \/>\n<meta name=\"twitter:card\" content=\"summary_large_image\" \/>\n<meta name=\"twitter:label1\" content=\"Estimeret l\u00e6setid\" \/>\n\t<meta name=\"twitter:data1\" content=\"11 minutter\" \/>\n<script type=\"application\/ld+json\" class=\"yoast-schema-graph\">{\"@context\":\"https:\\\/\\\/schema.org\",\"@graph\":[{\"@type\":\"WebPage\",\"@id\":\"https:\\\/\\\/theomm.com\\\/da\\\/produktpleje-vejledning\\\/\",\"url\":\"https:\\\/\\\/theomm.com\\\/da\\\/produktpleje-vejledning\\\/\",\"name\":\"Produktpleje - OMM\",\"isPartOf\":{\"@id\":\"https:\\\/\\\/theomm.com\\\/#website\"},\"datePublished\":\"2019-03-11T11:29:50+00:00\",\"dateModified\":\"2025-01-13T13:33:37+00:00\",\"description\":\"OMM-bekl\u00e6dning er designet for enest\u00e5ende beskyttelse og \u00e5ndbarhed. Rutinem\u00e6ssig produktpleje sikrer den optimale ydeevne af din bekl\u00e6dning.\",\"breadcrumb\":{\"@id\":\"https:\\\/\\\/theomm.com\\\/da\\\/produktpleje-vejledning\\\/#breadcrumb\"},\"inLanguage\":\"da-DK\",\"potentialAction\":[{\"@type\":\"ReadAction\",\"target\":[\"https:\\\/\\\/theomm.com\\\/da\\\/produktpleje-vejledning\\\/\"]}]},{\"@type\":\"BreadcrumbList\",\"@id\":\"https:\\\/\\\/theomm.com\\\/da\\\/produktpleje-vejledning\\\/#breadcrumb\",\"itemListElement\":[{\"@type\":\"ListItem\",\"position\":1,\"name\":\"Home\",\"item\":\"https:\\\/\\\/theomm.com\\\/da\\\/original-mountain-marathon\\\/\"},{\"@type\":\"ListItem\",\"position\":2,\"name\":\"Produktpleje\"}]},{\"@type\":\"WebSite\",\"@id\":\"https:\\\/\\\/theomm.com\\\/#website\",\"url\":\"https:\\\/\\\/theomm.com\\\/\",\"name\":\"OMM\",\"description\":\"OMM is Technical clothing and equipment made for running in the mountains. Designed to the specifications of Original Mountain Marathon.\",\"alternateName\":\"Original Mountain Marathon\",\"potentialAction\":[{\"@type\":\"SearchAction\",\"target\":{\"@type\":\"EntryPoint\",\"urlTemplate\":\"https:\\\/\\\/theomm.com\\\/?s={search_term_string}\"},\"query-input\":{\"@type\":\"PropertyValueSpecification\",\"valueRequired\":true,\"valueName\":\"search_term_string\"}}],\"inLanguage\":\"da-DK\"}]}<\/script>\n<!-- \/ Yoast SEO plugin. -->","yoast_head_json":{"title":"Produktpleje - OMM","description":"OMM-bekl\u00e6dning er designet for enest\u00e5ende beskyttelse og \u00e5ndbarhed. Rutinem\u00e6ssig produktpleje sikrer den optimale ydeevne af din bekl\u00e6dning.","robots":{"index":"index","follow":"follow","max-snippet":"max-snippet:-1","max-image-preview":"max-image-preview:large","max-video-preview":"max-video-preview:-1"},"canonical":"https:\/\/theomm.com\/da\/produktpleje-vejledning\/","og_locale":"da_DK","og_type":"article","og_title":"Produktpleje - OMM","og_description":"OMM-bekl\u00e6dning er designet for enest\u00e5ende beskyttelse og \u00e5ndbarhed. Rutinem\u00e6ssig produktpleje sikrer den optimale ydeevne af din bekl\u00e6dning.","og_url":"https:\/\/theomm.com\/da\/produktpleje-vejledning\/","og_site_name":"OMM","article_publisher":"https:\/\/www.facebook.com\/OMMrunning?_ga=2.203172945.1541616462.1665402953-280172632.1649426001","article_modified_time":"2025-01-13T13:33:37+00:00","twitter_card":"summary_large_image","twitter_misc":{"Estimeret l\u00e6setid":"11 minutter"},"schema":{"@context":"https:\/\/schema.org","@graph":[{"@type":"WebPage","@id":"https:\/\/theomm.com\/da\/produktpleje-vejledning\/","url":"https:\/\/theomm.com\/da\/produktpleje-vejledning\/","name":"Produktpleje - OMM","isPartOf":{"@id":"https:\/\/theomm.com\/#website"},"datePublished":"2019-03-11T11:29:50+00:00","dateModified":"2025-01-13T13:33:37+00:00","description":"OMM-bekl\u00e6dning er designet for enest\u00e5ende beskyttelse og \u00e5ndbarhed. Rutinem\u00e6ssig produktpleje sikrer den optimale ydeevne af din bekl\u00e6dning.","breadcrumb":{"@id":"https:\/\/theomm.com\/da\/produktpleje-vejledning\/#breadcrumb"},"inLanguage":"da-DK","potentialAction":[{"@type":"ReadAction","target":["https:\/\/theomm.com\/da\/produktpleje-vejledning\/"]}]},{"@type":"BreadcrumbList","@id":"https:\/\/theomm.com\/da\/produktpleje-vejledning\/#breadcrumb","itemListElement":[{"@type":"ListItem","position":1,"name":"Home","item":"https:\/\/theomm.com\/da\/original-mountain-marathon\/"},{"@type":"ListItem","position":2,"name":"Produktpleje"}]},{"@type":"WebSite","@id":"https:\/\/theomm.com\/#website","url":"https:\/\/theomm.com\/","name":"OMM","description":"OMM is Technical clothing and equipment made for running in the mountains. Designed to the specifications of Original Mountain Marathon.","alternateName":"Original Mountain Marathon","potentialAction":[{"@type":"SearchAction","target":{"@type":"EntryPoint","urlTemplate":"https:\/\/theomm.com\/?s={search_term_string}"},"query-input":{"@type":"PropertyValueSpecification","valueRequired":true,"valueName":"search_term_string"}}],"inLanguage":"da-DK"}]}},"_links":{"self":[{"href":"https:\/\/theomm.com\/da\/wp-json\/wp\/v2\/pages\/159093","targetHints":{"allow":["GET"]}}],"collection":[{"href":"https:\/\/theomm.com\/da\/wp-json\/wp\/v2\/pages"}],"about":[{"href":"https:\/\/theomm.com\/da\/wp-json\/wp\/v2\/types\/page"}],"author":[{"embeddable":true,"href":"https:\/\/theomm.com\/da\/wp-json\/wp\/v2\/users\/1"}],"replies":[{"embeddable":true,"href":"https:\/\/theomm.com\/da\/wp-json\/wp\/v2\/comments?post=159093"}],"version-history":[{"count":9,"href":"https:\/\/theomm.com\/da\/wp-json\/wp\/v2\/pages\/159093\/revisions"}],"predecessor-version":[{"id":202960,"href":"https:\/\/theomm.com\/da\/wp-json\/wp\/v2\/pages\/159093\/revisions\/202960"}],"wp:attachment":[{"href":"https:\/\/theomm.com\/da\/wp-json\/wp\/v2\/media?parent=159093"}],"curies":[{"name":"wp","href":"https:\/\/api.w.org\/{rel}","templated":true}]}}