{"id":159122,"date":"2021-02-04T14:30:43","date_gmt":"2021-02-04T14:30:43","guid":{"rendered":"https:\/\/theomm.com\/returnering\/"},"modified":"2026-02-15T08:47:37","modified_gmt":"2026-02-15T08:47:37","slug":"returnering","status":"publish","type":"page","link":"https:\/\/theomm.com\/da\/returnering\/","title":{"rendered":"Fragt &#038; Retur"},"content":{"rendered":"<p>[et_pb_section fb_built=&#8221;1&#8243; _builder_version=&#8221;4.23.1&#8243; custom_padding=&#8221;||10px||false|false&#8221; global_colors_info=&#8221;{}&#8221;][et_pb_row _builder_version=&#8221;4.23.1&#8243; _module_preset=&#8221;default&#8221; custom_margin=&#8221;-44px||-12px||false|false&#8221; custom_padding=&#8221;||0px||false|false&#8221; global_colors_info=&#8221;{}&#8221;][et_pb_column type=&#8221;4_4&#8243; _builder_version=&#8221;4.23.1&#8243; _module_preset=&#8221;default&#8221; global_colors_info=&#8221;{}&#8221;][et_pb_text _builder_version=&#8221;4.23.1&#8243; _module_preset=&#8221;default&#8221; global_colors_info=&#8221;{}&#8221;]<\/p>\n<h1>FORSENDELSER &amp; RETUR<\/h1>\n<p>[\/et_pb_text][\/et_pb_column][\/et_pb_row][et_pb_row _builder_version=&#8221;4.16&#8243; background_size=&#8221;initial&#8221; background_position=&#8221;top_left&#8221; background_repeat=&#8221;repeat&#8221; global_colors_info=&#8221;{}&#8221;][et_pb_column type=&#8221;4_4&#8243; _builder_version=&#8221;4.16&#8243; custom_padding=&#8221;|||&#8221; global_colors_info=&#8221;{}&#8221; custom_padding__hover=&#8221;|||&#8221;][et_pb_text _builder_version=&#8221;4.23.1&#8243; background_size=&#8221;initial&#8221; background_position=&#8221;top_left&#8221; background_repeat=&#8221;repeat&#8221; custom_margin=&#8221;||0px||false|false&#8221; custom_padding=&#8221;0px||0px||false|false&#8221; global_colors_info=&#8221;{}&#8221;]<\/p>\n<p><!-- divi:heading --><\/p>\n<p><\/p>\n<p>FORSENDELSER, LEVERINGSTIDER &amp; FRAGT<\/p>\n<p><\/p>\n<p><strong>Fragt<\/strong> for ordrer under \u00a350 p\u00e5l\u00e6gges \u00a36. Porto for ordrer over \u00a350 er gratis. De fleste ordrer sendes med GLS. Vi tilbyder ikke levering n\u00e6ste dag.<\/p>\n<p><\/p>\n<p><strong>Leveringstider <\/strong>er typisk leveringstid er 3-5 arbejdsdage fra ordreafgivelse. Ordrer, der placeres efter kl. 12, sendes n\u00e6ste arbejdsdag. Vores lager sender mandag til fredag, undtagen helligdage og andre offentlige helligdage. Afsendelses- og leveringstider er kun sk\u00f8n og kan p\u00e5virkes af et stort antal ordrer eller forsinkelser udenfor vores kontrol.<\/p>\n<p><\/p>\n<p><b>Ordre. <\/b>Vi bruger lejlighedsvis en alternativ kur\u00e9r til store ordrer, og disse kan kr\u00e6ve en underskrift. Hvis der er et problem med beholdningen af en vare, og vi ikke kan opfylde en ordre, vil vi informere dig inden for to arbejdsdage og tilbyde en alternativ l\u00f8sning eller en refusion.<\/p>\n<p><\/p>\n<p><!-- \/divi:paragraph --><\/p>\n<p>[\/et_pb_text][et_pb_text disabled_on=&#8221;on|on|on&#8221; module_id=&#8221;sb&#8221; _builder_version=&#8221;4.27.4&#8243; _module_preset=&#8221;default&#8221; link_font=&#8221;||||on||||&#8221; link_text_color=&#8221;#ED6B06&#8243; disabled=&#8221;on&#8221; global_colors_info=&#8221;{}&#8221;]<\/p>\n<p>Sommerferie 02\/08\/24 &#8211; 11\/08\/24<\/p>\n<p><\/p>\n<p>BEM\u00c6RK VENLIGST:<\/p>\n<p><\/p>\n<p>Hele holdet holder sommerferie i \u00e5r!<\/p>\n<p><\/p>\n<p>Ordrer vil ikke blive behandlet mellem 02\/08 og 11\/08.<\/p>\n<p><\/p>\n<p>Alle ordrer afgivet i denne periode vil blive afsendt ved vores returnering, fra den 12\/08 og fremefter.<\/p>\n<p><\/p>\n<p>Hvis du har et presserende behov, bedes du kontakte en af \u200b\u200bvores mange detailpartnere som anf\u00f8rt p\u00e5 forhandlersiden.<\/p>\n<p><\/p>\n<p>Tak for din forst\u00e5else.<\/p>\n<p>[\/et_pb_text][et_pb_text disabled_on=&#8221;off|off|off&#8221; module_id=&#8221;christmas&#8221; _builder_version=&#8221;4.27.5&#8243; _module_preset=&#8221;default&#8221; hover_enabled=&#8221;0&#8243; global_colors_info=&#8221;{}&#8221; sticky_enabled=&#8221;0&#8243;]<\/p>\n<p>Forl\u00e6nget returret og julebestillinger<\/p>\n<p><\/p>\n<p>Vi tilbyder en forl\u00e6nget returret i julen.<\/p>\n<p><\/p>\n<p>Denne g\u00e6lder fra slutningen af 1. uge i december til slutningen af januar.<\/p>\n<p><\/p>\n<p>Varer bestilt inden for denne periode kan returneres med henblik p\u00e5 ombytning eller refusion indtil udl\u00f8bet af den forl\u00e6ngede returret. Standardoplysninger om returnering findes nedenfor.<\/p>\n<p><\/p>\n<p>Vi anbefaler, at du afgiver dine endelige julebestillinger mindst 5 arbejdsdage f\u00f8r juleaften. Ordrer accepteres og afsendes stadig indtil kl. 12 p\u00e5 den sidste handelsdag den 23. december, men de vil ikke n\u00e5 frem inden jul.<\/p>\n<p><\/p>\n<p>Vores lager og kontorer er lukket fra den sidste arbejdsdag f\u00f8r juleaften til den f\u00f8rste arbejdsdag i det nye \u00e5r, den 5. januar.<\/p>\n<p><\/p>\n<p>Selvom vi g\u00f8r vores yderste for at afsende ordrer i god tid, kan travle perioder medf\u00f8re forsinkelser i afsendelsen og l\u00e6ngere leveringstider for vores kur\u00e9rpartnere.<\/p>\n<p>[\/et_pb_text][et_pb_text disabled_on=&#8221;on|on|on&#8221; module_id=&#8221;wm&#8221; _builder_version=&#8221;4.27.4&#8243; _module_preset=&#8221;default&#8221; disabled=&#8221;on&#8221; global_colors_info=&#8221;{}&#8221;]<\/p>\n<p>Flytning af lager i Storbritannien: 31\/03\/25 &#8211; 07\/04\/25<\/p>\n<p><\/p>\n<p>V\u00e6r opm\u00e6rksom p\u00e5, at det britiske lager vil v\u00e6re lukket mellem mandag den 31. marts og mandag den 7. april. Alle britiske ordrer, der afgives i denne periode, vil blive afsendt fra tirsdag den 8. april. Dette er for at give os mulighed for at flytte til vores helt nye lager og kontorer, der er specialbygget til at forsyne dig med kvalitetss\u00e6t. For mere presserende ordrer, se vores detailpartnere her. Vi undskylder for ulejligheden og takker for din t\u00e5lmodighed.<\/p>\n<p>[\/et_pb_text][et_pb_text _builder_version=&#8221;4.27.4&#8243; _module_preset=&#8221;default&#8221; global_colors_info=&#8221;{}&#8221;]<\/p>\n<p><strong>Forsendelsessteder:<\/strong><\/p>\n<p><\/p>\n<p>Vi sender til adresser i Storbritannien og BFPO fra vores britiske lager samt til 37 europ\u00e6iske lande fra vores danske lager:<\/p>\n<p>[\/et_pb_text][\/et_pb_column][\/et_pb_row][et_pb_row column_structure=&#8221;1_2,1_2&#8243; custom_padding_last_edited=&#8221;off|desktop&#8221; _builder_version=&#8221;4.23.1&#8243; _module_preset=&#8221;default&#8221; custom_margin=&#8221;-2vh||-2vh||false|false&#8221; custom_padding=&#8221;0vh||2vh||false|false&#8221; global_colors_info=&#8221;{}&#8221;][et_pb_column type=&#8221;1_2&#8243; _builder_version=&#8221;4.23.1&#8243; _module_preset=&#8221;default&#8221; global_colors_info=&#8221;{}&#8221;][et_pb_text _builder_version=&#8221;4.23.1&#8243; _module_preset=&#8221;default&#8221; global_colors_info=&#8221;{}&#8221;]<\/p>\n<p style=\"text-align: justify;\">Albania<br \/>Andorra<br \/>Austria<br \/>Belarus<br \/>Belgium<br \/>Bulgaria<br \/>Croatia<br \/>Czech Republic<br \/>Denmark<br \/>Estonia<br \/>Finland<br \/>France<br \/>Germany<br \/>Greece<br \/>Hungary<br \/>Iceland<br \/>Ireland<br \/>Italy<\/p>\n<p>[\/et_pb_text][\/et_pb_column][et_pb_column type=&#8221;1_2&#8243; _builder_version=&#8221;4.23.1&#8243; _module_preset=&#8221;default&#8221; global_colors_info=&#8221;{}&#8221;][et_pb_text _builder_version=&#8221;4.23.1&#8243; _module_preset=&#8221;default&#8221; global_colors_info=&#8221;{}&#8221;]<\/p>\n<p style=\"text-align: justify;\">Italy<br \/>Liechtenstein<br \/>Luxembourg<br \/>Malta<br \/>Moldova<br \/>Montenegro<br \/>Netherlands<br \/>North Macedonia<br \/>Poland<br \/>Portugal<br \/>Romania<br \/>San Marino<br \/>Slovakia<br \/>Slovenia<br \/>Spain<br \/>Sweden<br \/>Ukraine<\/p>\n<p>[\/et_pb_text][\/et_pb_column][\/et_pb_row][et_pb_row _builder_version=&#8221;4.23.1&#8243; _module_preset=&#8221;default&#8221; global_colors_info=&#8221;{}&#8221;][et_pb_column type=&#8221;4_4&#8243; _builder_version=&#8221;4.23.1&#8243; _module_preset=&#8221;default&#8221; global_colors_info=&#8221;{}&#8221;][et_pb_text _builder_version=&#8221;4.23.1&#8243; background_size=&#8221;initial&#8221; background_position=&#8221;top_left&#8221; background_repeat=&#8221;repeat&#8221; custom_margin=&#8221;||3px||false|false&#8221; custom_padding=&#8221;0px||0px||false|false&#8221; global_colors_info=&#8221;{}&#8221;]<\/p>\n<p><!-- divi:heading --><\/p>\n<p><\/p>\n<h2 class=\"wp-block-heading\">RETUR &amp; GARANTI<\/h2>\n<p><\/p>\n<p><!-- \/divi:paragraph --><\/p>\n<p>[\/et_pb_text][et_pb_text _builder_version=&#8221;4.27.4&#8243; _module_preset=&#8221;default&#8221; global_colors_info=&#8221;{}&#8221;]<\/p>\n<p>Fejlbeh\u00e6ftede varer\/ufuldst\u00e6ndige ved ankomst<br \/>N\u00e5r du k\u00f8ber varer fra en virksomhed, har du if\u00f8lge loven en r\u00e6kke rettigheder som forbruger. For at lette dette skal vi have bevis for, at varerne er defekte.<\/p>\n<p><\/p>\n<p>Kontaktoplysninger for defekte varer:<br \/>Via e-mail: support@theomm.com<br \/>P\u00e5 telefon: 01524 287287<\/p>\n<p><\/p>\n<p>Vi kan bede dig om at sende et foto af fejlen pr. e-mail og\/eller bede om, at varerne returneres. Vi kontrollerer returnerede varer, og hvis det viser sig, at en returneret vare ikke er defekt, sender vi varen tilbage til dig, og du skal i s\u00e5 fald betale for returfragten. N\u00e5r vi har verificeret fejlen, udsteder vi enten en tilbagebetaling, en erstatning eller tilbyder et passende alternativ.<\/p>\n<p><\/p>\n<p>Garanti<br \/>Alle varer s\u00e6lges med garanti i henhold til dine lovbestemte rettigheder, som kun g\u00e6lder for den oprindelige k\u00f8ber. Eventuelle garantikrav kr\u00e6ver k\u00f8bsbevis. Kontakt venligst support@theomm.com, hvis du har sp\u00f8rgsm\u00e5l.<\/p>\n<p><\/p>\n<p>Returneringer og tilbagebetalinger uden fejl<br \/>Ud over dine lovm\u00e6ssige rettigheder giver vi dig ogs\u00e5 mulighed for at returnere varer, hvis du blot skifter mening inden for 14 dage, s\u00e5 l\u00e6nge du sikrer dig:<\/p>\n<p><\/p>\n<p>Varen er i den originale emballage<br \/>Alle m\u00e6rker sidder p\u00e5<br \/>Varen har aldrig v\u00e6ret brugt<br \/>Du vedl\u00e6gger noget papirarbejde, s\u00e5 du nemt kan identificere, at du har sendt den.<\/p>\n<p><\/p>\n<p>Returnering af varer er for din egen regning. Vi refunderer kun, hvad du har betalt for varen alene. Det er din lovbestemte pligt at tage rimelig vare p\u00e5 varerne, mens du har dem i din varet\u00e6gt, og n\u00e5r du returnerer dem.<\/p>\n<p><\/p>\n<p>Kontaktoplysninger for returnerede varer:<br \/>Via e-mail: support@theomm.com<br \/>P\u00e5 telefon: 07483 031918<\/p>\n<p><\/p>\n<p>Adresse for returnering:<\/p>\n<p><\/p>\n<p>UK-ordrer:<br \/>RETURNERING<br \/>OMM CENTRE<br \/>315 Health Club<br \/>Mannin Road<br \/>Lancaster<br \/>LA1 3PE<\/p>\n<p><\/p>\n<p>EU-ordrer:<br \/>OMM<br \/>Holmetoften 21<br \/>2970 H\u00f8rsholm<br \/>Danmark<\/p>\n<p><\/p>\n<p><!-- \/divi:list-item --><\/p>\n<p>[\/et_pb_text][\/et_pb_column][\/et_pb_row][\/et_pb_section]<\/p>\n","protected":false},"excerpt":{"rendered":"<p>FORSENDELSER &amp; RETURFORSENDELSER, LEVERINGSTIDER &amp; FRAGTFragt for ordrer under \u00a350 p\u00e5l\u00e6gges \u00a36. Porto for ordrer over \u00a350 er gratis. De fleste ordrer sendes med GLS. Vi tilbyder ikke levering n\u00e6ste dag.Leveringstider er typisk leveringstid er 3-5 arbejdsdage fra ordreafgivelse. Ordrer, der placeres efter kl. 12, sendes n\u00e6ste arbejdsdag. Vores lager sender mandag til fredag, undtagen [&hellip;]<\/p>\n","protected":false},"author":1,"featured_media":0,"parent":0,"menu_order":0,"comment_status":"closed","ping_status":"closed","template":"","meta":{"_acf_changed":false,"_et_pb_use_builder":"on","_et_pb_old_content":"","_et_gb_content_width":"","footnotes":""},"class_list":["post-159122","page","type-page","status-publish","hentry"],"acf":[],"yoast_head":"<!-- This site is optimized with the Yoast SEO plugin v27.4 - https:\/\/yoast.com\/product\/yoast-seo-wordpress\/ -->\n<title>Fragt &amp; Retur - OMM<\/title>\n<meta name=\"robots\" content=\"index, follow, max-snippet:-1, max-image-preview:large, max-video-preview:-1\" \/>\n<link rel=\"canonical\" href=\"https:\/\/theomm.com\/da\/returnering\/\" \/>\n<meta property=\"og:locale\" content=\"da_DK\" \/>\n<meta property=\"og:type\" content=\"article\" \/>\n<meta property=\"og:title\" content=\"Fragt &amp; Retur - OMM\" \/>\n<meta property=\"og:description\" content=\"FORSENDELSER &amp; RETURFORSENDELSER, LEVERINGSTIDER &amp; FRAGTFragt for ordrer under \u00a350 p\u00e5l\u00e6gges \u00a36. Porto for ordrer over \u00a350 er gratis. De fleste ordrer sendes med GLS. Vi tilbyder ikke levering n\u00e6ste dag.Leveringstider er typisk leveringstid er 3-5 arbejdsdage fra ordreafgivelse. Ordrer, der placeres efter kl. 12, sendes n\u00e6ste arbejdsdag. Vores lager sender mandag til fredag, undtagen [&hellip;]\" \/>\n<meta property=\"og:url\" content=\"https:\/\/theomm.com\/da\/returnering\/\" \/>\n<meta property=\"og:site_name\" content=\"OMM\" \/>\n<meta property=\"article:publisher\" content=\"https:\/\/www.facebook.com\/OMMrunning?_ga=2.203172945.1541616462.1665402953-280172632.1649426001\" \/>\n<meta property=\"article:modified_time\" content=\"2026-02-15T08:47:37+00:00\" \/>\n<meta name=\"twitter:card\" content=\"summary_large_image\" \/>\n<meta name=\"twitter:label1\" content=\"Estimeret l\u00e6setid\" \/>\n\t<meta name=\"twitter:data1\" content=\"6 minutter\" \/>\n<script type=\"application\/ld+json\" class=\"yoast-schema-graph\">{\"@context\":\"https:\\\/\\\/schema.org\",\"@graph\":[{\"@type\":\"WebPage\",\"@id\":\"https:\\\/\\\/theomm.com\\\/da\\\/returnering\\\/\",\"url\":\"https:\\\/\\\/theomm.com\\\/da\\\/returnering\\\/\",\"name\":\"Fragt & Retur - OMM\",\"isPartOf\":{\"@id\":\"https:\\\/\\\/theomm.com\\\/#website\"},\"datePublished\":\"2021-02-04T14:30:43+00:00\",\"dateModified\":\"2026-02-15T08:47:37+00:00\",\"breadcrumb\":{\"@id\":\"https:\\\/\\\/theomm.com\\\/da\\\/returnering\\\/#breadcrumb\"},\"inLanguage\":\"da-DK\",\"potentialAction\":[{\"@type\":\"ReadAction\",\"target\":[\"https:\\\/\\\/theomm.com\\\/da\\\/returnering\\\/\"]}]},{\"@type\":\"BreadcrumbList\",\"@id\":\"https:\\\/\\\/theomm.com\\\/da\\\/returnering\\\/#breadcrumb\",\"itemListElement\":[{\"@type\":\"ListItem\",\"position\":1,\"name\":\"Home\",\"item\":\"https:\\\/\\\/theomm.com\\\/da\\\/original-mountain-marathon\\\/\"},{\"@type\":\"ListItem\",\"position\":2,\"name\":\"Fragt &#038; Retur\"}]},{\"@type\":\"WebSite\",\"@id\":\"https:\\\/\\\/theomm.com\\\/#website\",\"url\":\"https:\\\/\\\/theomm.com\\\/\",\"name\":\"OMM\",\"description\":\"OMM is Technical clothing and equipment made for running in the mountains. Designed to the specifications of Original Mountain Marathon.\",\"alternateName\":\"Original Mountain Marathon\",\"potentialAction\":[{\"@type\":\"SearchAction\",\"target\":{\"@type\":\"EntryPoint\",\"urlTemplate\":\"https:\\\/\\\/theomm.com\\\/?s={search_term_string}\"},\"query-input\":{\"@type\":\"PropertyValueSpecification\",\"valueRequired\":true,\"valueName\":\"search_term_string\"}}],\"inLanguage\":\"da-DK\"}]}<\/script>\n<!-- \/ Yoast SEO plugin. -->","yoast_head_json":{"title":"Fragt & Retur - OMM","robots":{"index":"index","follow":"follow","max-snippet":"max-snippet:-1","max-image-preview":"max-image-preview:large","max-video-preview":"max-video-preview:-1"},"canonical":"https:\/\/theomm.com\/da\/returnering\/","og_locale":"da_DK","og_type":"article","og_title":"Fragt & Retur - OMM","og_description":"FORSENDELSER &amp; RETURFORSENDELSER, LEVERINGSTIDER &amp; FRAGTFragt for ordrer under \u00a350 p\u00e5l\u00e6gges \u00a36. Porto for ordrer over \u00a350 er gratis. De fleste ordrer sendes med GLS. Vi tilbyder ikke levering n\u00e6ste dag.Leveringstider er typisk leveringstid er 3-5 arbejdsdage fra ordreafgivelse. Ordrer, der placeres efter kl. 12, sendes n\u00e6ste arbejdsdag. Vores lager sender mandag til fredag, undtagen [&hellip;]","og_url":"https:\/\/theomm.com\/da\/returnering\/","og_site_name":"OMM","article_publisher":"https:\/\/www.facebook.com\/OMMrunning?_ga=2.203172945.1541616462.1665402953-280172632.1649426001","article_modified_time":"2026-02-15T08:47:37+00:00","twitter_card":"summary_large_image","twitter_misc":{"Estimeret l\u00e6setid":"6 minutter"},"schema":{"@context":"https:\/\/schema.org","@graph":[{"@type":"WebPage","@id":"https:\/\/theomm.com\/da\/returnering\/","url":"https:\/\/theomm.com\/da\/returnering\/","name":"Fragt & Retur - OMM","isPartOf":{"@id":"https:\/\/theomm.com\/#website"},"datePublished":"2021-02-04T14:30:43+00:00","dateModified":"2026-02-15T08:47:37+00:00","breadcrumb":{"@id":"https:\/\/theomm.com\/da\/returnering\/#breadcrumb"},"inLanguage":"da-DK","potentialAction":[{"@type":"ReadAction","target":["https:\/\/theomm.com\/da\/returnering\/"]}]},{"@type":"BreadcrumbList","@id":"https:\/\/theomm.com\/da\/returnering\/#breadcrumb","itemListElement":[{"@type":"ListItem","position":1,"name":"Home","item":"https:\/\/theomm.com\/da\/original-mountain-marathon\/"},{"@type":"ListItem","position":2,"name":"Fragt &#038; Retur"}]},{"@type":"WebSite","@id":"https:\/\/theomm.com\/#website","url":"https:\/\/theomm.com\/","name":"OMM","description":"OMM is Technical clothing and equipment made for running in the mountains. Designed to the specifications of Original Mountain Marathon.","alternateName":"Original Mountain Marathon","potentialAction":[{"@type":"SearchAction","target":{"@type":"EntryPoint","urlTemplate":"https:\/\/theomm.com\/?s={search_term_string}"},"query-input":{"@type":"PropertyValueSpecification","valueRequired":true,"valueName":"search_term_string"}}],"inLanguage":"da-DK"}]}},"_links":{"self":[{"href":"https:\/\/theomm.com\/da\/wp-json\/wp\/v2\/pages\/159122","targetHints":{"allow":["GET"]}}],"collection":[{"href":"https:\/\/theomm.com\/da\/wp-json\/wp\/v2\/pages"}],"about":[{"href":"https:\/\/theomm.com\/da\/wp-json\/wp\/v2\/types\/page"}],"author":[{"embeddable":true,"href":"https:\/\/theomm.com\/da\/wp-json\/wp\/v2\/users\/1"}],"replies":[{"embeddable":true,"href":"https:\/\/theomm.com\/da\/wp-json\/wp\/v2\/comments?post=159122"}],"version-history":[{"count":19,"href":"https:\/\/theomm.com\/da\/wp-json\/wp\/v2\/pages\/159122\/revisions"}],"predecessor-version":[{"id":217538,"href":"https:\/\/theomm.com\/da\/wp-json\/wp\/v2\/pages\/159122\/revisions\/217538"}],"wp:attachment":[{"href":"https:\/\/theomm.com\/da\/wp-json\/wp\/v2\/media?parent=159122"}],"curies":[{"name":"wp","href":"https:\/\/api.w.org\/{rel}","templated":true}]}}