{"id":173997,"date":"2022-05-24T11:56:18","date_gmt":"2022-05-24T11:56:18","guid":{"rendered":"https:\/\/theomm.com\/?page_id=173997"},"modified":"2025-09-24T13:57:44","modified_gmt":"2025-09-24T13:57:44","slug":"lavet-til-bjerge-lavet-til-trails","status":"publish","type":"page","link":"https:\/\/theomm.com\/da\/lavet-til-bjerge-lavet-til-trails\/","title":{"rendered":"Lavet til bjerge \/ Lavet til trails"},"content":{"rendered":"<p>[et_pb_section fb_built=&#8221;1&#8243; admin_label=&#8221;section&#8221; _builder_version=&#8221;4.22.0&#8243; background_enable_image=&#8221;off&#8221; parallax=&#8221;on&#8221; background_enable_video_mp4=&#8221;off&#8221; background_enable_video_webm=&#8221;off&#8221; background_video_height=&#8221;800px&#8221; custom_margin=&#8221;0px||0px||false|false&#8221; custom_padding=&#8221;0px||0px||false|false&#8221; global_colors_info=&#8221;{}&#8221;][et_pb_row _builder_version=&#8221;4.22.0&#8243; _module_preset=&#8221;default&#8221; custom_margin=&#8221;0px||0px||false|false&#8221; custom_padding=&#8221;0px||0px||false|false&#8221; global_colors_info=&#8221;{}&#8221;][et_pb_column type=&#8221;4_4&#8243; _builder_version=&#8221;4.22.0&#8243; _module_preset=&#8221;default&#8221; global_colors_info=&#8221;{}&#8221;][et_pb_nextend_smart_slider_3 slider=&#8221;39&#8243; _builder_version=&#8221;4.22.0&#8243; _module_preset=&#8221;default&#8221; global_colors_info=&#8221;{}&#8221;][\/et_pb_nextend_smart_slider_3][\/et_pb_column][\/et_pb_row][\/et_pb_section][et_pb_section fb_built=&#8221;1&#8243; custom_padding_last_edited=&#8221;on|tablet&#8221; _builder_version=&#8221;4.22.0&#8243; _module_preset=&#8221;default&#8221; background_color=&#8221;#303030&#8243; custom_padding=&#8221;150px||150px||false|false&#8221; custom_padding_tablet=&#8221;150px||150px||false|false&#8221; custom_padding_phone=&#8221;40px||40px||false|false&#8221; global_colors_info=&#8221;{}&#8221;][et_pb_row column_structure=&#8221;1_2,1_2&#8243; _builder_version=&#8221;4.18.0&#8243; _module_preset=&#8221;default&#8221; global_colors_info=&#8221;{}&#8221;][et_pb_column type=&#8221;1_2&#8243; _builder_version=&#8221;4.22.0&#8243; _module_preset=&#8221;default&#8221; global_colors_info=&#8221;{}&#8221;][et_pb_image src=&#8221;https:\/\/theomm.com\/wp-content\/uploads\/2022\/10\/OMM-LOGOorange-1536&#215;420-1.png&#8221; title_text=&#8221;OMM-LOGOorange-1536&#215;420&#8243; url=&#8221;@ET-DC@eyJkeW5hbWljIjp0cnVlLCJjb250ZW50IjoiaG9tZV91cmwiLCJzZXR0aW5ncyI6W119@&#8221; _builder_version=&#8221;4.22.0&#8243; _dynamic_attributes=&#8221;url&#8221; _module_preset=&#8221;default&#8221; width=&#8221;50%&#8221; module_alignment=&#8221;center&#8221; custom_padding_tablet=&#8221;||20px||false|false&#8221; custom_padding_phone=&#8221;||20px||false|false&#8221; custom_padding_last_edited=&#8221;on|desktop&#8221; global_colors_info=&#8221;{}&#8221;][\/et_pb_image][\/et_pb_column][et_pb_column type=&#8221;1_2&#8243; _builder_version=&#8221;4.18.0&#8243; _module_preset=&#8221;default&#8221; global_colors_info=&#8221;{}&#8221;][et_pb_text _builder_version=&#8221;4.18.0&#8243; _module_preset=&#8221;default&#8221; inline_fonts=&#8221;Eurostile&#8221; global_colors_info=&#8221;{}&#8221;]<\/p>\n<h1><span style=\"font-size: xx-large; font-family: Eurostile;\"><strong><span style=\"color: #ffffff;\">BEKL\u00c6DNING &amp; UDSTYR LAVET TIL BJERGL\u00d8BERE,\u00a0 BRUGT HVER DAG<\/span><\/strong><\/span><\/h1>\n<h2><span style=\"color: #ffffff; font-family: Eurostile;\">OMM bekl\u00e6dning &amp; udstyr er designet til udfordrende forhold &amp; t\u00e6rren som bjernl\u00f8bere bliver udsat for. Derfor bliver OMM burgt hver dag af af alle typer af l\u00f8bere som vil have bekl\u00e6dning og udstyr som de kan stole p\u00e5. OMM produkter bruger de bedste materialer og konstruktioner for at kunne levere letv\u00e6gtsbeskyttelse og bev\u00e6gelsesfrihed til den der b\u00e6re det.\u00a0\u00a0<\/span><\/h2>\n<p>[\/et_pb_text][\/et_pb_column][\/et_pb_row][\/et_pb_section][et_pb_section fb_built=&#8221;1&#8243; _builder_version=&#8221;4.22.0&#8243; _module_preset=&#8221;default&#8221; background_image=&#8221;https:\/\/theomm.com\/wp-content\/uploads\/2023\/08\/DSC09209small.jpg&#8221; parallax=&#8221;on&#8221; positioning=&#8221;none&#8221; position_origin_a=&#8221;center_center&#8221; z_index=&#8221;500&#8243; min_height=&#8221;100vh&#8221; global_colors_info=&#8221;{}&#8221;][et_pb_row _builder_version=&#8221;4.22.0&#8243; _module_preset=&#8221;default&#8221; global_colors_info=&#8221;{}&#8221;][et_pb_column type=&#8221;4_4&#8243; _builder_version=&#8221;4.22.0&#8243; _module_preset=&#8221;default&#8221; global_colors_info=&#8221;{}&#8221;][et_pb_image src=&#8221;https:\/\/theomm.com\/wp-content\/uploads\/2023\/08\/dare.png&#8221; title_text=&#8221;turde&#8221; _builder_version=&#8221;4.22.0&#8243; _module_preset=&#8221;default&#8221; custom_margin=&#8221;350px||||false|false&#8221; custom_margin_tablet=&#8221;450px||||false|false&#8221; custom_margin_phone=&#8221;450px||||false|false&#8221; custom_margin_last_edited=&#8221;on|phone&#8221; global_colors_info=&#8221;{}&#8221;][\/et_pb_image][\/et_pb_column][\/et_pb_row][\/et_pb_section][et_pb_section fb_built=&#8221;1&#8243; custom_padding_last_edited=&#8221;on|phone&#8221; _builder_version=&#8221;4.22.0&#8243; _module_preset=&#8221;default&#8221; background_color=&#8221;#303030&#8243; custom_padding=&#8221;150px||150px||false|false&#8221; custom_padding_tablet=&#8221;0px||70px||false|false&#8221; custom_padding_phone=&#8221;0px||70px||false|false&#8221; global_colors_info=&#8221;{}&#8221;][et_pb_row column_structure=&#8221;1_2,1_2&#8243; make_equal=&#8221;on&#8221; _builder_version=&#8221;4.22.0&#8243; _module_preset=&#8221;default&#8221; global_colors_info=&#8221;{}&#8221;][et_pb_column type=&#8221;1_2&#8243; _builder_version=&#8221;4.18.0&#8243; _module_preset=&#8221;default&#8221; global_colors_info=&#8221;{}&#8221;][et_pb_text _builder_version=&#8221;4.22.0&#8243; _module_preset=&#8221;default&#8221; custom_margin=&#8221;|||2vw|false|false&#8221; custom_padding=&#8221;150px||||false|false&#8221; custom_padding_last_edited=&#8221;off|tablet&#8221; inline_fonts=&#8221;Eurostile&#8221; global_colors_info=&#8221;{}&#8221;]<\/p>\n<h2><span style=\"font-family: Eurostile; font-weight: normal;\"><strong><span style=\"font-size: xx-large; color: #ffffff;\">HVOR DET HELE BEGYNDTE &#8211; 1968 Original Mountain Marathon<\/span><\/strong><\/span><\/h2>\n<h3>\u00a0<\/h3>\n<h3><span style=\"font-family: Eurostile; font-weight: normal; font-size: x-large;\"><span style=\"color: #ffffff;\">OMM produkter skabes ud fra et krav fra deltagerne i vores Brands egne l\u00f8b. <\/span><span style=\"color: #ffffff;\">Original Mountain Marathon. &#8220;The OMM&#8221; blev f\u00f8rste gang gennemf\u00f8rt i 1968 for at teste deltagernes evner i bjergene. Eventen udfordre stadigv\u00e6k deltagernes udholdenhed og evner i de vejrbidte britiske bjerge i slutningen af oktober m\u00e5ned hvert \u00e5r.<\/span><span style=\"color: #ffffff;\">\u00a0\u00a0<\/span><\/span><\/h3>\n<p>&nbsp;<\/p>\n<p>&nbsp;<\/p>\n<p><span style=\"font-family: Eurostile; font-weight: normal;\">\u00a0<\/span><\/p>\n<p>[\/et_pb_text][\/et_pb_column][et_pb_column type=&#8221;1_2&#8243; _builder_version=&#8221;4.18.0&#8243; _module_preset=&#8221;default&#8221; global_colors_info=&#8221;{}&#8221;][et_pb_image src=&#8221;https:\/\/theomm.com\/wp-content\/uploads\/2023\/08\/1968-OMM.jpg&#8221; title_text=&#8221;1968 OMM&#8221; _builder_version=&#8221;4.22.0&#8243; _module_preset=&#8221;default&#8221; global_colors_info=&#8221;{}&#8221;][\/et_pb_image][\/et_pb_column][\/et_pb_row][\/et_pb_section][et_pb_section fb_built=&#8221;1&#8243; _builder_version=&#8221;4.22.0&#8243; _module_preset=&#8221;default&#8221; background_image=&#8221;https:\/\/theomm.com\/wp-content\/uploads\/2023\/08\/camp1.jpg&#8221; parallax=&#8221;on&#8221; min_height=&#8221;100vh&#8221; global_colors_info=&#8221;{}&#8221;][et_pb_row column_structure=&#8221;1_2,1_2&#8243; make_equal=&#8221;on&#8221; _builder_version=&#8221;4.22.0&#8243; _module_preset=&#8221;default&#8221; positioning=&#8221;absolute&#8221; position_origin_a=&#8221;center_center&#8221; global_colors_info=&#8221;{}&#8221;][et_pb_column type=&#8221;1_2&#8243; _builder_version=&#8221;4.18.0&#8243; _module_preset=&#8221;default&#8221; global_colors_info=&#8221;{}&#8221;][et_pb_text _builder_version=&#8221;4.22.0&#8243; _module_preset=&#8221;default&#8221; background_color=&#8221;rgba(0,0,0,0.55)&#8221; custom_margin=&#8221;|||2vw|false|false&#8221; custom_padding=&#8221;10px|10px|10px|10px|true|true&#8221; inline_fonts=&#8221;Eurostile&#8221; global_colors_info=&#8221;{}&#8221;]<\/p>\n<h1><span style=\"font-size: x-large;\"><span style=\"text-decoration: underline;\"><span style=\"font-family: Eurostile; font-weight: normal;\"><strong><span style=\"color: #ffffff; text-decoration: underline;\">OMM MOUNTAIN MARATHON RACES<\/span><\/strong><\/span><\/span><\/span><\/h1>\n<p>&nbsp;<\/p>\n<h1><span style=\"font-family: Eurostile; font-weight: normal; font-size: x-large; color: #ffffff;\"><strong>55th OMM UK<\/strong> &#8211; Oct\/&#8217;24 &#8211; Southern Highlands<\/span><\/h1>\n<p>&nbsp;<\/p>\n<h1><span style=\"color: #ffffff; font-family: Eurostile; font-weight: normal; font-size: x-large;\"><strong>10th OMM JAPAN &#8211; <\/strong>Nov\/&#8217;24 &#8211; TBC<\/span><\/h1>\n<p>&nbsp;<\/p>\n<h1><span style=\"color: #ffffff; font-family: Eurostile; font-weight: normal; font-size: x-large;\"><strong>OMM RUNNING FESTIVAL<\/strong> &#8211; Jun\/&#8217;24 &#8211; Lake District<\/span><\/h1>\n<p>&nbsp;<\/p>\n<p>[\/et_pb_text][\/et_pb_column][et_pb_column type=&#8221;1_2&#8243; _builder_version=&#8221;4.18.0&#8243; _module_preset=&#8221;default&#8221; global_colors_info=&#8221;{}&#8221;][\/et_pb_column][\/et_pb_row][\/et_pb_section][et_pb_section fb_built=&#8221;1&#8243; custom_padding_last_edited=&#8221;on|phone&#8221; _builder_version=&#8221;4.22.0&#8243; _module_preset=&#8221;default&#8221; background_color=&#8221;#303030&#8243; background_image=&#8221;https:\/\/theomm.com\/wp-content\/uploads\/2023\/08\/Pack-Sketch1-1.png&#8221; custom_padding=&#8221;344px||303px||false|false&#8221; custom_padding_tablet=&#8221;200px||200px||false|false&#8221; custom_padding_phone=&#8221;100px||100px||false|false&#8221; global_colors_info=&#8221;{}&#8221;][et_pb_row column_structure=&#8221;1_2,1_2&#8243; make_equal=&#8221;on&#8221; _builder_version=&#8221;4.22.0&#8243; _module_preset=&#8221;default&#8221; global_colors_info=&#8221;{}&#8221;][et_pb_column type=&#8221;1_2&#8243; _builder_version=&#8221;4.18.0&#8243; _module_preset=&#8221;default&#8221; global_colors_info=&#8221;{}&#8221;][et_pb_text _builder_version=&#8221;4.22.0&#8243; _module_preset=&#8221;default&#8221; custom_margin=&#8221;|||2vw|false|false&#8221; custom_padding=&#8221;60px||||false|false&#8221; custom_padding_last_edited=&#8221;off|tablet&#8221; inline_fonts=&#8221;Eurostile&#8221; global_colors_info=&#8221;{}&#8221;]<\/p>\n<h2><span style=\"font-family: Eurostile; font-weight: normal;\"><strong><span style=\"font-size: xx-large; color: #ffffff;\">SKABT I STORBRITANIEN\u00a0<\/span><\/strong><\/span><\/h2>\n<h2><span style=\"color: #ffffff; font-family: Eurostile; font-size: x-large;\">Designet og skabt i Storbritanien. OMM bekl\u00e6dning og udstyr bliver brugt ultra, trail og bjergl\u00f8bere rundt i hele verdenround.\u00a0 Uanset om du bestiger store bjerge i Alperne, krydser \u00e5bne vidder p\u00e5 Island eller tr\u00e6ner til dit n\u00e6ste Ultral\u00f8b. OMM er laver til dig<\/span><span style=\"font-size: 20px; color: #ffffff; font-family: Eurostile;\"><span style=\"font-size: x-large;\">. \u00a0<\/span><\/span><span style=\"font-size: 20px; color: #ffffff; font-family: Eurostile;\"><span style=\"font-size: x-large;\">\u00a0<\/span><\/span><\/h2>\n<p>&nbsp;<\/p>\n<p>&nbsp;<\/p>\n<p><span style=\"font-family: Eurostile; font-weight: normal;\">\u00a0<\/span><\/p>\n<p>[\/et_pb_text][\/et_pb_column][et_pb_column type=&#8221;1_2&#8243; _builder_version=&#8221;4.18.0&#8243; _module_preset=&#8221;default&#8221; global_colors_info=&#8221;{}&#8221;][\/et_pb_column][\/et_pb_row][\/et_pb_section][et_pb_section fb_built=&#8221;1&#8243; _builder_version=&#8221;4.22.0&#8243; _module_preset=&#8221;default&#8221; background_image=&#8221;https:\/\/theomm.com\/wp-content\/uploads\/2023\/08\/DSC08037small.jpg&#8221; parallax=&#8221;on&#8221; min_height=&#8221;100vh&#8221; global_colors_info=&#8221;{}&#8221;][et_pb_row _builder_version=&#8221;4.22.0&#8243; _module_preset=&#8221;default&#8221; global_colors_info=&#8221;{}&#8221;][et_pb_column type=&#8221;4_4&#8243; _builder_version=&#8221;4.22.0&#8243; _module_preset=&#8221;default&#8221; global_colors_info=&#8221;{}&#8221;][et_pb_image src=&#8221;https:\/\/theomm.com\/wp-content\/uploads\/2022\/10\/madeforthisv3.png&#8221; title_text=&#8221;madeforthisv3&#8243; url=&#8221;@ET-DC@eyJkeW5hbWljIjp0cnVlLCJjb250ZW50IjoicG9zdF9saW5rX3VybF9wYWdlIiwic2V0dGluZ3MiOnsicG9zdF9pZCI6IjI4NTgifX0=@&#8221; _builder_version=&#8221;4.18.0&#8243; _dynamic_attributes=&#8221;url&#8221; _module_preset=&#8221;default&#8221; width=&#8221;50%&#8221; module_alignment=&#8221;center&#8221; global_colors_info=&#8221;{}&#8221;][\/et_pb_image][\/et_pb_column][\/et_pb_row][et_pb_row column_structure=&#8221;1_2,1_2&#8243; _builder_version=&#8221;4.18.0&#8243; _module_preset=&#8221;default&#8221; global_colors_info=&#8221;{}&#8221;][et_pb_column type=&#8221;1_2&#8243; _builder_version=&#8221;4.18.0&#8243; _module_preset=&#8221;default&#8221; global_colors_info=&#8221;{}&#8221;][et_pb_button button_url=&#8221;https:\/\/theomm.com\/da\/product-category\/beklaedning-udstyr\/beklaedning\/&#8221; button_text=&#8221;UDFORST VORES BEKL\u00c6DNING&#8221; button_alignment=&#8221;right&#8221; button_alignment_tablet=&#8221;right&#8221; button_alignment_phone=&#8221;center&#8221; button_alignment_last_edited=&#8221;on|phone&#8221; _builder_version=&#8221;4.22.0&#8243; _module_preset=&#8221;default&#8221; button_text_size=&#8221;24px&#8221; button_text_color=&#8221;#ED6B06&#8243; button_bg_color=&#8221;rgba(0,0,0,0.57)&#8221; button_border_width=&#8221;2px&#8221; button_border_color=&#8221;#EB6E08&#8243; button_use_icon=&#8221;off&#8221; background_layout=&#8221;dark&#8221; custom_margin=&#8221;|2vw||2vw|false|true&#8221; custom_padding=&#8221;10px|25px|10px|25px|true|true&#8221; global_colors_info=&#8221;{}&#8221;][\/et_pb_button][\/et_pb_column][et_pb_column type=&#8221;1_2&#8243; _builder_version=&#8221;4.18.0&#8243; _module_preset=&#8221;default&#8221; global_colors_info=&#8221;{}&#8221;][et_pb_button button_url=&#8221;https:\/\/theomm.com\/da\/product-category\/beklaedning-udstyr\/baere-opbevar\/&#8221; button_text=&#8221;UDFORSK VORES RYGS\u00c6KKE OG L\u00d8BEVESTE&#8221; button_alignment=&#8221;left&#8221; button_alignment_tablet=&#8221;left&#8221; button_alignment_phone=&#8221;center&#8221; button_alignment_last_edited=&#8221;on|phone&#8221; _builder_version=&#8221;4.22.0&#8243; _module_preset=&#8221;default&#8221; button_text_size=&#8221;25px&#8221; button_text_color=&#8221;#EB6E08&#8243; button_bg_color=&#8221;rgba(0,0,0,0.62)&#8221; button_border_width=&#8221;2px&#8221; button_border_color=&#8221;#EB6E08&#8243; button_use_icon=&#8221;off&#8221; custom_margin=&#8221;|2vw||2vw|false|true&#8221; custom_margin_tablet=&#8221;|2vw||2vw|false|true&#8221; custom_margin_phone=&#8221;2vh|2vw||2vw|false|true&#8221; custom_margin_last_edited=&#8221;on|phone&#8221; custom_padding=&#8221;10px|25px|10px|25px|true|true&#8221; global_colors_info=&#8221;{}&#8221;][\/et_pb_button][\/et_pb_column][\/et_pb_row][\/et_pb_section][et_pb_section fb_built=&#8221;1&#8243; _builder_version=&#8221;4.18.0&#8243; _module_preset=&#8221;default&#8221; background_color=&#8221;#303030&#8243; custom_padding=&#8221;||2vh||false|false&#8221; global_colors_info=&#8221;{}&#8221;][et_pb_row _builder_version=&#8221;4.18.0&#8243; _module_preset=&#8221;default&#8221; global_colors_info=&#8221;{}&#8221;][et_pb_column type=&#8221;4_4&#8243; _builder_version=&#8221;4.18.0&#8243; _module_preset=&#8221;default&#8221; global_colors_info=&#8221;{}&#8221;][et_pb_image src=&#8221;https:\/\/theomm.com\/wp-content\/uploads\/2022\/10\/news.png&#8221; title_text=&#8221;news&#8221; _builder_version=&#8221;4.18.0&#8243; _module_preset=&#8221;default&#8221; width=&#8221;60%&#8221; global_colors_info=&#8221;{}&#8221;][\/et_pb_image][et_pb_signup provider=&#8221;campaign_monitor&#8221; campaign_monitor_list=&#8221;Campaign Monitor|954a9786447b5148b951de35009cf749&#8243; success_message=&#8221;Tak for du tilmeldte dig&#8221; _builder_version=&#8221;4.18.0&#8243; _module_preset=&#8221;default&#8221; use_background_color=&#8221;off&#8221; width=&#8221;50vw&#8221; module_alignment=&#8221;center&#8221; global_colors_info=&#8221;{}&#8221;][\/et_pb_signup][\/et_pb_column][\/et_pb_row][et_pb_row column_structure=&#8221;1_3,1_3,1_3&#8243; make_equal=&#8221;on&#8221; _builder_version=&#8221;4.22.0&#8243; _module_preset=&#8221;default&#8221; global_colors_info=&#8221;{}&#8221;][et_pb_column type=&#8221;1_3&#8243; _builder_version=&#8221;4.18.0&#8243; _module_preset=&#8221;default&#8221; global_colors_info=&#8221;{}&#8221;][et_pb_image src=&#8221;https:\/\/theomm.com\/wp-content\/uploads\/2023\/08\/REOMM-Social.jpg&#8221; title_text=&#8221;REOMM-Social&#8221; url=&#8221;https:\/\/theomm.com\/reomm\/?v=79cba1185463&#8243; url_new_window=&#8221;on&#8221; _builder_version=&#8221;4.22.0&#8243; _module_preset=&#8221;default&#8221; width=&#8221;75%&#8221; custom_margin=&#8221;||20px||false|false&#8221; custom_margin_tablet=&#8221;||20px||false|false&#8221; custom_margin_phone=&#8221;||20px||false|false&#8221; custom_margin_last_edited=&#8221;on|phone&#8221; border_radii=&#8221;on|1px|1px|1px|1px&#8221; border_width_all=&#8221;1px&#8221; border_color_all=&#8221;#66656F&#8221; global_colors_info=&#8221;{}&#8221;][\/et_pb_image][\/et_pb_column][et_pb_column type=&#8221;1_3&#8243; _builder_version=&#8221;4.18.0&#8243; _module_preset=&#8221;default&#8221; global_colors_info=&#8221;{}&#8221;][et_pb_image src=&#8221;https:\/\/theomm.com\/wp-content\/uploads\/2023\/08\/Envi.jpg&#8221; title_text=&#8221;Envi&#8221; url=&#8221;https:\/\/theomm.com\/da\/baeredygtigheds-ansvar\/?v=79cba1185463&#8243; url_new_window=&#8221;on&#8221; _builder_version=&#8221;4.22.0&#8243; _module_preset=&#8221;default&#8221; width=&#8221;75%&#8221; custom_margin=&#8221;||20px||false|false&#8221; custom_margin_tablet=&#8221;||20px||false|false&#8221; custom_margin_phone=&#8221;||20px||false|false&#8221; custom_margin_last_edited=&#8221;on|phone&#8221; border_radii=&#8221;on|1px|1px|1px|1px&#8221; border_width_all=&#8221;1px&#8221; border_color_all=&#8221;#66656F&#8221; global_colors_info=&#8221;{}&#8221;][\/et_pb_image][\/et_pb_column][et_pb_column type=&#8221;1_3&#8243; _builder_version=&#8221;4.18.0&#8243; _module_preset=&#8221;default&#8221; global_colors_info=&#8221;{}&#8221;][et_pb_image src=&#8221;https:\/\/theomm.com\/wp-content\/uploads\/2023\/08\/corp2.png&#8221; title_text=&#8221;corp2&#8243; url=&#8221;https:\/\/theomm.com\/da\/corporate-responsibility\/&#8221; url_new_window=&#8221;on&#8221; _builder_version=&#8221;4.22.0&#8243; _module_preset=&#8221;default&#8221; width=&#8221;75%&#8221; border_radii=&#8221;on|1px|1px|1px|1px&#8221; border_width_all=&#8221;1px&#8221; border_color_all=&#8221;#66656F&#8221; global_colors_info=&#8221;{}&#8221;][\/et_pb_image][\/et_pb_column][\/et_pb_row][\/et_pb_section]<\/p>\n","protected":false},"excerpt":{"rendered":"<p>BEKL\u00c6DNING &amp; UDSTYR LAVET TIL BJERGL\u00d8BERE,\u00a0 BRUGT HVER DAG OMM bekl\u00e6dning &amp; udstyr er designet til udfordrende forhold &amp; t\u00e6rren som bjernl\u00f8bere bliver udsat for. Derfor bliver OMM burgt hver dag af af alle typer af l\u00f8bere som vil have bekl\u00e6dning og udstyr som de kan stole p\u00e5. OMM produkter bruger de bedste materialer og [&hellip;]<\/p>\n","protected":false},"author":1,"featured_media":0,"parent":0,"menu_order":0,"comment_status":"closed","ping_status":"closed","template":"","meta":{"_acf_changed":false,"_et_pb_use_builder":"on","_et_pb_old_content":"","_et_gb_content_width":"","footnotes":""},"class_list":["post-173997","page","type-page","status-publish","hentry"],"acf":[],"yoast_head":"<!-- This site is optimized with the Yoast SEO plugin v27.3 - https:\/\/yoast.com\/product\/yoast-seo-wordpress\/ -->\n<title>Lavet til bjerge \/ Lavet til trails - OMM<\/title>\n<meta name=\"robots\" content=\"index, follow, max-snippet:-1, max-image-preview:large, max-video-preview:-1\" \/>\n<link rel=\"canonical\" href=\"https:\/\/theomm.com\/da\/lavet-til-bjerge-lavet-til-trails\/\" \/>\n<meta property=\"og:locale\" content=\"da_DK\" \/>\n<meta property=\"og:type\" content=\"article\" \/>\n<meta property=\"og:title\" content=\"Lavet til bjerge \/ Lavet til trails - OMM\" \/>\n<meta property=\"og:description\" content=\"BEKL\u00c6DNING &amp; UDSTYR LAVET TIL BJERGL\u00d8BERE,\u00a0 BRUGT HVER DAG OMM bekl\u00e6dning &amp; udstyr er designet til udfordrende forhold &amp; t\u00e6rren som bjernl\u00f8bere bliver udsat for. Derfor bliver OMM burgt hver dag af af alle typer af l\u00f8bere som vil have bekl\u00e6dning og udstyr som de kan stole p\u00e5. OMM produkter bruger de bedste materialer og [&hellip;]\" \/>\n<meta property=\"og:url\" content=\"https:\/\/theomm.com\/da\/lavet-til-bjerge-lavet-til-trails\/\" \/>\n<meta property=\"og:site_name\" content=\"OMM\" \/>\n<meta property=\"article:publisher\" content=\"https:\/\/www.facebook.com\/OMMrunning?_ga=2.203172945.1541616462.1665402953-280172632.1649426001\" \/>\n<meta property=\"article:modified_time\" content=\"2025-09-24T13:57:44+00:00\" \/>\n<meta name=\"twitter:card\" content=\"summary_large_image\" \/>\n<meta name=\"twitter:label1\" content=\"Estimeret l\u00e6setid\" \/>\n\t<meta name=\"twitter:data1\" content=\"3 minutter\" \/>\n<script type=\"application\/ld+json\" class=\"yoast-schema-graph\">{\"@context\":\"https:\\\/\\\/schema.org\",\"@graph\":[{\"@type\":\"WebPage\",\"@id\":\"https:\\\/\\\/theomm.com\\\/da\\\/lavet-til-bjerge-lavet-til-trails\\\/\",\"url\":\"https:\\\/\\\/theomm.com\\\/da\\\/lavet-til-bjerge-lavet-til-trails\\\/\",\"name\":\"Lavet til bjerge \\\/ Lavet til trails - OMM\",\"isPartOf\":{\"@id\":\"https:\\\/\\\/theomm.com\\\/#website\"},\"datePublished\":\"2022-05-24T11:56:18+00:00\",\"dateModified\":\"2025-09-24T13:57:44+00:00\",\"breadcrumb\":{\"@id\":\"https:\\\/\\\/theomm.com\\\/da\\\/lavet-til-bjerge-lavet-til-trails\\\/#breadcrumb\"},\"inLanguage\":\"da-DK\",\"potentialAction\":[{\"@type\":\"ReadAction\",\"target\":[\"https:\\\/\\\/theomm.com\\\/da\\\/lavet-til-bjerge-lavet-til-trails\\\/\"]}]},{\"@type\":\"BreadcrumbList\",\"@id\":\"https:\\\/\\\/theomm.com\\\/da\\\/lavet-til-bjerge-lavet-til-trails\\\/#breadcrumb\",\"itemListElement\":[{\"@type\":\"ListItem\",\"position\":1,\"name\":\"Home\",\"item\":\"https:\\\/\\\/theomm.com\\\/da\\\/original-mountain-marathon\\\/\"},{\"@type\":\"ListItem\",\"position\":2,\"name\":\"Lavet til bjerge \\\/ Lavet til trails\"}]},{\"@type\":\"WebSite\",\"@id\":\"https:\\\/\\\/theomm.com\\\/#website\",\"url\":\"https:\\\/\\\/theomm.com\\\/\",\"name\":\"OMM\",\"description\":\"OMM is Technical clothing and equipment made for running in the mountains. Designed to the specifications of Original Mountain Marathon.\",\"alternateName\":\"Original Mountain Marathon\",\"potentialAction\":[{\"@type\":\"SearchAction\",\"target\":{\"@type\":\"EntryPoint\",\"urlTemplate\":\"https:\\\/\\\/theomm.com\\\/?s={search_term_string}\"},\"query-input\":{\"@type\":\"PropertyValueSpecification\",\"valueRequired\":true,\"valueName\":\"search_term_string\"}}],\"inLanguage\":\"da-DK\"}]}<\/script>\n<!-- \/ Yoast SEO plugin. -->","yoast_head_json":{"title":"Lavet til bjerge \/ Lavet til trails - OMM","robots":{"index":"index","follow":"follow","max-snippet":"max-snippet:-1","max-image-preview":"max-image-preview:large","max-video-preview":"max-video-preview:-1"},"canonical":"https:\/\/theomm.com\/da\/lavet-til-bjerge-lavet-til-trails\/","og_locale":"da_DK","og_type":"article","og_title":"Lavet til bjerge \/ Lavet til trails - OMM","og_description":"BEKL\u00c6DNING &amp; UDSTYR LAVET TIL BJERGL\u00d8BERE,\u00a0 BRUGT HVER DAG OMM bekl\u00e6dning &amp; udstyr er designet til udfordrende forhold &amp; t\u00e6rren som bjernl\u00f8bere bliver udsat for. Derfor bliver OMM burgt hver dag af af alle typer af l\u00f8bere som vil have bekl\u00e6dning og udstyr som de kan stole p\u00e5. OMM produkter bruger de bedste materialer og [&hellip;]","og_url":"https:\/\/theomm.com\/da\/lavet-til-bjerge-lavet-til-trails\/","og_site_name":"OMM","article_publisher":"https:\/\/www.facebook.com\/OMMrunning?_ga=2.203172945.1541616462.1665402953-280172632.1649426001","article_modified_time":"2025-09-24T13:57:44+00:00","twitter_card":"summary_large_image","twitter_misc":{"Estimeret l\u00e6setid":"3 minutter"},"schema":{"@context":"https:\/\/schema.org","@graph":[{"@type":"WebPage","@id":"https:\/\/theomm.com\/da\/lavet-til-bjerge-lavet-til-trails\/","url":"https:\/\/theomm.com\/da\/lavet-til-bjerge-lavet-til-trails\/","name":"Lavet til bjerge \/ Lavet til trails - OMM","isPartOf":{"@id":"https:\/\/theomm.com\/#website"},"datePublished":"2022-05-24T11:56:18+00:00","dateModified":"2025-09-24T13:57:44+00:00","breadcrumb":{"@id":"https:\/\/theomm.com\/da\/lavet-til-bjerge-lavet-til-trails\/#breadcrumb"},"inLanguage":"da-DK","potentialAction":[{"@type":"ReadAction","target":["https:\/\/theomm.com\/da\/lavet-til-bjerge-lavet-til-trails\/"]}]},{"@type":"BreadcrumbList","@id":"https:\/\/theomm.com\/da\/lavet-til-bjerge-lavet-til-trails\/#breadcrumb","itemListElement":[{"@type":"ListItem","position":1,"name":"Home","item":"https:\/\/theomm.com\/da\/original-mountain-marathon\/"},{"@type":"ListItem","position":2,"name":"Lavet til bjerge \/ Lavet til trails"}]},{"@type":"WebSite","@id":"https:\/\/theomm.com\/#website","url":"https:\/\/theomm.com\/","name":"OMM","description":"OMM is Technical clothing and equipment made for running in the mountains. Designed to the specifications of Original Mountain Marathon.","alternateName":"Original Mountain Marathon","potentialAction":[{"@type":"SearchAction","target":{"@type":"EntryPoint","urlTemplate":"https:\/\/theomm.com\/?s={search_term_string}"},"query-input":{"@type":"PropertyValueSpecification","valueRequired":true,"valueName":"search_term_string"}}],"inLanguage":"da-DK"}]}},"_links":{"self":[{"href":"https:\/\/theomm.com\/da\/wp-json\/wp\/v2\/pages\/173997","targetHints":{"allow":["GET"]}}],"collection":[{"href":"https:\/\/theomm.com\/da\/wp-json\/wp\/v2\/pages"}],"about":[{"href":"https:\/\/theomm.com\/da\/wp-json\/wp\/v2\/types\/page"}],"author":[{"embeddable":true,"href":"https:\/\/theomm.com\/da\/wp-json\/wp\/v2\/users\/1"}],"replies":[{"embeddable":true,"href":"https:\/\/theomm.com\/da\/wp-json\/wp\/v2\/comments?post=173997"}],"version-history":[{"count":17,"href":"https:\/\/theomm.com\/da\/wp-json\/wp\/v2\/pages\/173997\/revisions"}],"predecessor-version":[{"id":212409,"href":"https:\/\/theomm.com\/da\/wp-json\/wp\/v2\/pages\/173997\/revisions\/212409"}],"wp:attachment":[{"href":"https:\/\/theomm.com\/da\/wp-json\/wp\/v2\/media?parent=173997"}],"curies":[{"name":"wp","href":"https:\/\/api.w.org\/{rel}","templated":true}]}}