{"id":159397,"date":"2023-02-28T16:06:47","date_gmt":"2023-02-28T16:06:47","guid":{"rendered":"https:\/\/theomm.com\/product\/core-tee-2\/"},"modified":"2025-10-23T05:59:10","modified_gmt":"2025-10-23T05:59:10","slug":"core-tee-2","status":"publish","type":"product","link":"https:\/\/theomm.com\/da\/product\/core-tee-2\/","title":{"rendered":"Core Tee"},"content":{"rendered":"<p>Core Tee &#8211; Core Tee bruger den letteste 75g\/m2 v\u00e6gtversion af PrimaLoft\u00ae ACTIVE, som ogs\u00e5 bruges i Core Vest &amp; Hoodie, for at skabe et utroligt varmt, men alligevel let lag, enten selvst\u00e6ndigt eller som en del af et system i koldt vejr system.<\/p>\n<p>&nbsp;<\/p>\n<p>Core kan b\u00e6res direkte p\u00e5 huden eller udenp\u00e5 det f\u00f8rste lag som ekstra isolering, men p\u00e5 kun 87 g og med en lille pakkest\u00f8rrelse kan den let gennem v\u00e6k, n\u00e5r den ikke er n\u00f8dvendig.<\/p>\n<p>&nbsp;<\/p>\n<p>PrimaLoft\u00ae ACTIVE har en utrolig luftgennemtr\u00e6ngelighed, hvilket betyder, at n\u00e5r den b\u00e6res alene, fjernes overskydende varme let, men n\u00e5r den f\u00f8rst er d\u00e6kket med en skal, bliver varmen fanget t\u00e6t ved huden. Dette giver mulighed for nem kontrol af temperaturen under skiftende forhold.<\/p>\n<p>PrimaLoft\u00ae ACTIVE udvisker gr\u00e6nsen mellem vatisolering og stof; PrimaLoft\u00ae ACTIVE v\u00e6ver PrimaLoft\u00aes branchef\u00f8rende isolerende fibre l\u00f8st gennem et fint polyesternet. Denne struktur er varmere og vejer mindre end halvdelen af et konventionelt fleeceprodukt &#8211; Dunlignende ydeevne, n\u00e5r den er t\u00f8r, mens den stadig yder, n\u00e5r den er v\u00e5d. LETV\u00c6GTS ISOLERING MED MINIMAL V\u00c6GT PrimaLoft\u00ae ACTIVE Isoleringsstof v\u00e6ver PrimaLoft\u00ae-fibre p\u00e5 et net, hvilket giver en super h\u00f8j volumen og \u00e5ben struktur. Stoffer isolerer ved at fange luftlommer, som b\u00e6rerens varme ikke kan passere igennem. strukturen er enest\u00e5ende til at skabe disse lommer. HALV V\u00c6GT OG PAKST\u00d8RRELSE Et enkelt mesh-stof holder isoleringsfanen p\u00e5 plads, hvilket reducerer behovet for ekstra stoflag og halvere v\u00e6gten og pakst\u00f8rrelsen. FINSTE KVALITET SYNTETISK ISOLERING Hos OMM v\u00e6lger vi altid syntetisk isolering frem for dun for at v\u00e6re sikre p\u00e5, at vi kan f\u00e5 varmen, selv n\u00e5r alt er v\u00e5dt. PrimaLoft\u00ae laver den bedste syntetiske isolering. PrimaLoft\u00ae ACTIVE Insulating Fabric Technology bruger 58 % genbrugsmateriale der er Bluesign og Oeke-Tex godkendt. Forts\u00e6tter med at isolere, selvom det er v\u00e5dt<\/p>\n<p>Flatlock-s\u00f8m placeret v\u00e6k fra skuldrene<\/p>\n<p>58% genbrugsstof<\/p>\n<p>Bl\u00f8d rulle krave<\/p>\n<p>Reflekterende logo Farver: M\u00f8rker\u00f8d, Sort, Bl\u00e5<\/p>\n<p>Stof: PrimaLoft\u00ae ACTIVE 75g\/m2<\/p>\n<p>V\u00e6gt: 765g<\/p>\n<p>St\u00f8rrelser: XS \/ S \/ M \/ L \/ XL<\/p>\n","protected":false},"excerpt":{"rendered":"<p>Core Tee &#8211; Core Tee bruger den letteste 75g\/m2 v\u00e6gtversion af PrimaLoft\u00ae ACTIVE, som ogs\u00e5 bruges i Core Vest &amp; Hoodie, for at skabe et utroligt varmt, men alligevel let lag, enten selvst\u00e6ndigt eller som en del af et system i koldt vejr system.<\/p>\n<p>&nbsp;<\/p>\n<p>Core kan b\u00e6res direkte p\u00e5 huden eller som udenp\u00e5 det f\u00f8rste lag som ekstra isolering, men p\u00e5 kun 87 g og med en lille pakkest\u00f8rrelse kan den let gennem v\u00e6k, n\u00e5r den ikke er n\u00f8dvendig.<\/p>\n<p>&nbsp;<\/p>\n<p>PrimaLoft\u00ae ACTIVE har en utrolig luftgennemtr\u00e6ngelighed, hvilket betyder, at n\u00e5r den b\u00e6res alene, fjernes overskydende varme let, men n\u00e5r den f\u00f8rst er d\u00e6kket med en skal, bliver varmen fanget t\u00e6t ved huden. Dette giver mulighed for nem kontrol af temperaturen under skiftende forhold.<\/p>\n<p>&nbsp;<\/p>\n<p>PrimaLoft\u00ae ACTIVE udvisker gr\u00e6nsen mellem vatisolering og stof; PrimaLoft\u00ae ACTIVE v\u00e6ver PrimaLoft\u00aes branchef\u00f8rende isolerende fibre l\u00f8st gennem et fint polyesternet. Denne struktur er varmere og vejer mindre end halvdelen af et konventionelt fleeceprodukt &#8211; Dunlignende ydeevne, n\u00e5r den er t\u00f8r, mens den stadig yder, n\u00e5r den er v\u00e5d. LETV\u00c6GTS ISOLERING MED MINIMAL V\u00c6GT\u00a0 PrimaLoft\u00ae ACTIVE Isoleringsstof v\u00e6ver PrimaLoft\u00ae-fibre p\u00e5 et net, hvilket giver en super h\u00f8j volumen og \u00e5ben struktur. Stoffet isolerer ved at fange luftlommer, som b\u00e6rerens varme ikke kan passere igennem. strukturen er enest\u00e5ende til at skabe disse lommer. HALV V\u00c6GT OG PAKST\u00d8RRELSE Et enkelt mesh-stof holder isoleringsfanen p\u00e5 plads, hvilket reducerer behovet for ekstra stoflag og halvere v\u00e6gten og pakst\u00f8rrelsen. FINSTE KVALITETS SYNTETISK ISOLERING Hos OMM v\u00e6lger vi altid syntetisk isolering frem for dun for at v\u00e6re sikre p\u00e5, at vi kan f\u00e5 varmen, selv n\u00e5r alt er v\u00e5dt. PrimaLoft\u00ae laver den bedste syntetiske isolering. PrimaLoft\u00ae ACTIVE Insulating Fabric Technology bruger 58 % genbrugsmateriale, der er Bluesign og Oeke-Tex godkendt. Forts\u00e6tter med at isolere, selvom det er v\u00e5dt<\/p>\n","protected":false},"featured_media":156438,"template":"","meta":{"_acf_changed":false,"_et_pb_use_builder":"","_et_pb_old_content":"","_et_gb_content_width":""},"locations":[1196],"product_brand":[],"product_cat":[1250,1257,1251,1255],"product_tag":[1533,1878,1667,1879,1665,1875,1877,1876],"class_list":{"0":"post-159397","1":"product","2":"type-product","3":"status-publish","4":"has-post-thumbnail","6":"locations-uk","7":"product_cat-beklaedning","8":"product_cat-core-da","9":"product_cat-foerste-lag","10":"product_cat-mellemlag","11":"product_tag-core-da","12":"product_tag-insulated-da","13":"product_tag-insulated-gillet-da","14":"product_tag-insulating-layer-da","15":"product_tag-omm-core-vest-da","16":"product_tag-primaloft-active-da","17":"product_tag-primaloft-tee-da","18":"product_tag-thermal-tee-da","19":"pa_color-bla","20":"pa_color-morkerod","21":"pa_color-sort","22":"pa_colour-bla","23":"pa_colour-morkerod","24":"pa_colour-sort","25":"pa_gender-mens-da","26":"pa_size-stor","27":"pa_size-middel","28":"pa_size-lille","29":"pa_size-x-stor","30":"pa_size-x-lille","31":"pa_technology-primaloft-active","32":"pa_weight-50-100g","34":"first","35":"instock","36":"taxable","37":"shipping-taxable","38":"purchasable","39":"product-type-variable","40":"wvs-archive-product-wrapper"},"acf":[],"yoast_head":"<!-- This site is optimized with the Yoast SEO plugin v27.3 - https:\/\/yoast.com\/product\/yoast-seo-wordpress\/ -->\n<title>Core Tee - OMM<\/title>\n<meta name=\"description\" content=\"Core Tee, letv\u00e6gtsisolering med minimal v\u00e6gt. Tilpasningsbar isolering. Halvdelen af v\u00e6gten &amp; pakkest\u00f8rrelse Syntetisk isolering af fineste kvalitet\" \/>\n<meta name=\"robots\" content=\"index, follow, max-snippet:-1, max-image-preview:large, max-video-preview:-1\" \/>\n<link rel=\"canonical\" href=\"https:\/\/theomm.com\/da\/product\/core-tee-2\/\" \/>\n<meta property=\"og:locale\" content=\"da_DK\" \/>\n<meta property=\"og:type\" content=\"article\" \/>\n<meta property=\"og:title\" content=\"Core Tee - OMM\" \/>\n<meta property=\"og:description\" content=\"Core Tee, letv\u00e6gtsisolering med minimal v\u00e6gt. Tilpasningsbar isolering. Halvdelen af v\u00e6gten &amp; pakkest\u00f8rrelse Syntetisk isolering af fineste kvalitet\" \/>\n<meta property=\"og:url\" content=\"https:\/\/theomm.com\/da\/product\/core-tee-2\/\" \/>\n<meta property=\"og:site_name\" content=\"OMM\" \/>\n<meta property=\"article:publisher\" content=\"https:\/\/www.facebook.com\/OMMrunning?_ga=2.203172945.1541616462.1665402953-280172632.1649426001\" \/>\n<meta property=\"article:modified_time\" content=\"2025-10-23T05:59:10+00:00\" \/>\n<meta property=\"og:image\" content=\"https:\/\/theomm.com\/wp-content\/uploads\/2023\/02\/OC183_Core_Tee_Black_Front.jpg\" \/>\n\t<meta property=\"og:image:width\" content=\"600\" \/>\n\t<meta property=\"og:image:height\" content=\"600\" \/>\n\t<meta property=\"og:image:type\" content=\"image\/jpeg\" \/>\n<meta name=\"twitter:card\" content=\"summary_large_image\" \/>\n<meta name=\"twitter:label1\" content=\"Estimeret l\u00e6setid\" \/>\n\t<meta name=\"twitter:data1\" content=\"2 minutter\" \/>\n<script type=\"application\/ld+json\" class=\"yoast-schema-graph\">{\"@context\":\"https:\\\/\\\/schema.org\",\"@graph\":[{\"@type\":\"WebPage\",\"@id\":\"https:\\\/\\\/theomm.com\\\/da\\\/product\\\/core-tee-2\\\/\",\"url\":\"https:\\\/\\\/theomm.com\\\/da\\\/product\\\/core-tee-2\\\/\",\"name\":\"Core Tee - OMM\",\"isPartOf\":{\"@id\":\"https:\\\/\\\/theomm.com\\\/#website\"},\"primaryImageOfPage\":{\"@id\":\"https:\\\/\\\/theomm.com\\\/da\\\/product\\\/core-tee-2\\\/#primaryimage\"},\"image\":{\"@id\":\"https:\\\/\\\/theomm.com\\\/da\\\/product\\\/core-tee-2\\\/#primaryimage\"},\"thumbnailUrl\":\"https:\\\/\\\/theomm.com\\\/wp-content\\\/uploads\\\/2023\\\/02\\\/OC183_Core_Tee_Black_Front.jpg\",\"datePublished\":\"2023-02-28T16:06:47+00:00\",\"dateModified\":\"2025-10-23T05:59:10+00:00\",\"description\":\"Core Tee, letv\u00e6gtsisolering med minimal v\u00e6gt. Tilpasningsbar isolering. Halvdelen af v\u00e6gten & pakkest\u00f8rrelse Syntetisk isolering af fineste kvalitet\",\"breadcrumb\":{\"@id\":\"https:\\\/\\\/theomm.com\\\/da\\\/product\\\/core-tee-2\\\/#breadcrumb\"},\"inLanguage\":\"da-DK\",\"potentialAction\":[{\"@type\":\"ReadAction\",\"target\":[\"https:\\\/\\\/theomm.com\\\/da\\\/product\\\/core-tee-2\\\/\"]}]},{\"@type\":\"ImageObject\",\"inLanguage\":\"da-DK\",\"@id\":\"https:\\\/\\\/theomm.com\\\/da\\\/product\\\/core-tee-2\\\/#primaryimage\",\"url\":\"https:\\\/\\\/theomm.com\\\/wp-content\\\/uploads\\\/2023\\\/02\\\/OC183_Core_Tee_Black_Front.jpg\",\"contentUrl\":\"https:\\\/\\\/theomm.com\\\/wp-content\\\/uploads\\\/2023\\\/02\\\/OC183_Core_Tee_Black_Front.jpg\",\"width\":600,\"height\":600},{\"@type\":\"BreadcrumbList\",\"@id\":\"https:\\\/\\\/theomm.com\\\/da\\\/product\\\/core-tee-2\\\/#breadcrumb\",\"itemListElement\":[{\"@type\":\"ListItem\",\"position\":1,\"name\":\"Home\",\"item\":\"https:\\\/\\\/theomm.com\\\/da\\\/original-mountain-marathon\\\/\"},{\"@type\":\"ListItem\",\"position\":2,\"name\":\"Produkter\",\"item\":\"https:\\\/\\\/theomm.com\\\/da\\\/original-mountain-marathon\\\/produkter\\\/\"},{\"@type\":\"ListItem\",\"position\":3,\"name\":\"Core Tee\"}]},{\"@type\":\"WebSite\",\"@id\":\"https:\\\/\\\/theomm.com\\\/#website\",\"url\":\"https:\\\/\\\/theomm.com\\\/\",\"name\":\"OMM\",\"description\":\"OMM is Technical clothing and equipment made for running in the mountains. Designed to the specifications of Original Mountain Marathon.\",\"alternateName\":\"Original Mountain Marathon\",\"potentialAction\":[{\"@type\":\"SearchAction\",\"target\":{\"@type\":\"EntryPoint\",\"urlTemplate\":\"https:\\\/\\\/theomm.com\\\/?s={search_term_string}\"},\"query-input\":{\"@type\":\"PropertyValueSpecification\",\"valueRequired\":true,\"valueName\":\"search_term_string\"}}],\"inLanguage\":\"da-DK\"}]}<\/script>\n<!-- \/ Yoast SEO plugin. -->","yoast_head_json":{"title":"Core Tee - OMM","description":"Core Tee, letv\u00e6gtsisolering med minimal v\u00e6gt. Tilpasningsbar isolering. Halvdelen af v\u00e6gten & pakkest\u00f8rrelse Syntetisk isolering af fineste kvalitet","robots":{"index":"index","follow":"follow","max-snippet":"max-snippet:-1","max-image-preview":"max-image-preview:large","max-video-preview":"max-video-preview:-1"},"canonical":"https:\/\/theomm.com\/da\/product\/core-tee-2\/","og_locale":"da_DK","og_type":"article","og_title":"Core Tee - OMM","og_description":"Core Tee, letv\u00e6gtsisolering med minimal v\u00e6gt. Tilpasningsbar isolering. Halvdelen af v\u00e6gten & pakkest\u00f8rrelse Syntetisk isolering af fineste kvalitet","og_url":"https:\/\/theomm.com\/da\/product\/core-tee-2\/","og_site_name":"OMM","article_publisher":"https:\/\/www.facebook.com\/OMMrunning?_ga=2.203172945.1541616462.1665402953-280172632.1649426001","article_modified_time":"2025-10-23T05:59:10+00:00","og_image":[{"width":600,"height":600,"url":"https:\/\/theomm.com\/wp-content\/uploads\/2023\/02\/OC183_Core_Tee_Black_Front.jpg","type":"image\/jpeg"}],"twitter_card":"summary_large_image","twitter_misc":{"Estimeret l\u00e6setid":"2 minutter"},"schema":{"@context":"https:\/\/schema.org","@graph":[{"@type":"WebPage","@id":"https:\/\/theomm.com\/da\/product\/core-tee-2\/","url":"https:\/\/theomm.com\/da\/product\/core-tee-2\/","name":"Core Tee - OMM","isPartOf":{"@id":"https:\/\/theomm.com\/#website"},"primaryImageOfPage":{"@id":"https:\/\/theomm.com\/da\/product\/core-tee-2\/#primaryimage"},"image":{"@id":"https:\/\/theomm.com\/da\/product\/core-tee-2\/#primaryimage"},"thumbnailUrl":"https:\/\/theomm.com\/wp-content\/uploads\/2023\/02\/OC183_Core_Tee_Black_Front.jpg","datePublished":"2023-02-28T16:06:47+00:00","dateModified":"2025-10-23T05:59:10+00:00","description":"Core Tee, letv\u00e6gtsisolering med minimal v\u00e6gt. Tilpasningsbar isolering. Halvdelen af v\u00e6gten & pakkest\u00f8rrelse Syntetisk isolering af fineste kvalitet","breadcrumb":{"@id":"https:\/\/theomm.com\/da\/product\/core-tee-2\/#breadcrumb"},"inLanguage":"da-DK","potentialAction":[{"@type":"ReadAction","target":["https:\/\/theomm.com\/da\/product\/core-tee-2\/"]}]},{"@type":"ImageObject","inLanguage":"da-DK","@id":"https:\/\/theomm.com\/da\/product\/core-tee-2\/#primaryimage","url":"https:\/\/theomm.com\/wp-content\/uploads\/2023\/02\/OC183_Core_Tee_Black_Front.jpg","contentUrl":"https:\/\/theomm.com\/wp-content\/uploads\/2023\/02\/OC183_Core_Tee_Black_Front.jpg","width":600,"height":600},{"@type":"BreadcrumbList","@id":"https:\/\/theomm.com\/da\/product\/core-tee-2\/#breadcrumb","itemListElement":[{"@type":"ListItem","position":1,"name":"Home","item":"https:\/\/theomm.com\/da\/original-mountain-marathon\/"},{"@type":"ListItem","position":2,"name":"Produkter","item":"https:\/\/theomm.com\/da\/original-mountain-marathon\/produkter\/"},{"@type":"ListItem","position":3,"name":"Core Tee"}]},{"@type":"WebSite","@id":"https:\/\/theomm.com\/#website","url":"https:\/\/theomm.com\/","name":"OMM","description":"OMM is Technical clothing and equipment made for running in the mountains. Designed to the specifications of Original Mountain Marathon.","alternateName":"Original Mountain Marathon","potentialAction":[{"@type":"SearchAction","target":{"@type":"EntryPoint","urlTemplate":"https:\/\/theomm.com\/?s={search_term_string}"},"query-input":{"@type":"PropertyValueSpecification","valueRequired":true,"valueName":"search_term_string"}}],"inLanguage":"da-DK"}]}},"_links":{"self":[{"href":"https:\/\/theomm.com\/da\/wp-json\/wp\/v2\/product\/159397","targetHints":{"allow":["GET"]}}],"collection":[{"href":"https:\/\/theomm.com\/da\/wp-json\/wp\/v2\/product"}],"about":[{"href":"https:\/\/theomm.com\/da\/wp-json\/wp\/v2\/types\/product"}],"wp:featuredmedia":[{"embeddable":true,"href":"https:\/\/theomm.com\/da\/wp-json\/wp\/v2\/media\/156438"}],"wp:attachment":[{"href":"https:\/\/theomm.com\/da\/wp-json\/wp\/v2\/media?parent=159397"}],"wp:term":[{"taxonomy":"locations","embeddable":true,"href":"https:\/\/theomm.com\/da\/wp-json\/wp\/v2\/locations?post=159397"},{"taxonomy":"product_brand","embeddable":true,"href":"https:\/\/theomm.com\/da\/wp-json\/wp\/v2\/product_brand?post=159397"},{"taxonomy":"product_cat","embeddable":true,"href":"https:\/\/theomm.com\/da\/wp-json\/wp\/v2\/product_cat?post=159397"},{"taxonomy":"product_tag","embeddable":true,"href":"https:\/\/theomm.com\/da\/wp-json\/wp\/v2\/product_tag?post=159397"}],"curies":[{"name":"wp","href":"https:\/\/api.w.org\/{rel}","templated":true}]}}