{"id":160672,"date":"2022-08-11T11:39:53","date_gmt":"2022-08-11T11:39:53","guid":{"rendered":"https:\/\/theomm.com\/product\/nitro-tank-w-2-2\/"},"modified":"2025-09-10T17:04:23","modified_gmt":"2025-09-10T17:04:23","slug":"nitro-tank-w-2-2","status":"publish","type":"product","link":"https:\/\/theomm.com\/da\/product\/nitro-tank-w-2-2\/","title":{"rendered":"Nitro Tank (W)"},"content":{"rendered":"","protected":false},"excerpt":{"rendered":"<p>Nitro-tanken f\u00f8les ikke som noget andet. Faktisk f\u00f8les den som ingenting!<\/p>\n<p>Letv\u00e6gts tank, der bruger et ultralet 4-vejs str\u00e6kstof. Nitro Tanken ser godt ud uden at tilf\u00f8je varme eller v\u00e6gt. Hurtig fugttransporterende og hurtigtt\u00f8rrende. Perfekt til l\u00f8b i varmt vejr<\/p>\n","protected":false},"featured_media":151348,"template":"","meta":{"_acf_changed":false,"_et_pb_use_builder":"off","_et_pb_old_content":"Nitro Tank (W) - The Nitro Tank feels like nothing else. In fact it feels like nothing at all!\r\n\r\nPerformance tank utilising an ultralight 4-way stretch fabric for a barely-there experience. The Nitro Tank looks great without adding warmth or weight. Fast wicking and quick drying perfect for warm weather running. WOMEN'S SUPER LIGHTWEIGHT TANK FOR TRAINING AND RACING LIGHTWEIGHT PERFORMANCE Incredibly lightweight Nylon fabric is fast wicking and quick drying KEEP COOL Near zero insulating value and great air permeability allows rapid heat shedding even during the hardest efforts or on the hottest days SUPER-SOFT COMFORT The closely woven fabric and 4-way stretch makes for an incredibly soft feel against the skin whilst easily layering beneath a mid on cooler days. Flatlock seams away from shoulders\r\nHigh wicking\r\nUPF >15 protection Colours: Yellow, Navy, Grey\r\nFabric: 100% Nylon\r\nWeight: 35g\r\nSizes: XS \/ S \/ M \/ L \/ XL","_et_gb_content_width":""},"locations":[1195,1196],"product_brand":[],"product_cat":[1250,1251],"product_tag":[1538,1539,1540,1825,1826,1584,1827],"class_list":{"0":"post-160672","1":"product","2":"type-product","3":"status-publish","4":"has-post-thumbnail","6":"locations-eu","7":"locations-uk","8":"product_cat-beklaedning","9":"product_cat-foerste-lag","10":"product_tag-forste-lag","11":"product_tag-inderste-lag","12":"product_tag-letvaegts-lobe-top","13":"product_tag-lightweight-da","14":"product_tag-omm-nitro-tank-w-da","15":"product_tag-womens-running-tee-da","16":"product_tag-womens-short-sleeve-top-da","17":"pa_color-flade","18":"pa_color-gra","19":"pa_color-gul","20":"pa_colour-gra","21":"pa_colour-gul","22":"pa_colour-navy-da","23":"pa_size-stor","24":"pa_size-middel","25":"pa_size-lille","26":"pa_size-x-stor","27":"pa_size-x-lille","28":"pa_technology-airflex","30":"first","31":"instock","32":"taxable","33":"shipping-taxable","34":"purchasable","35":"product-type-variable","36":"wvs-archive-product-wrapper"},"acf":[],"yoast_head":"<!-- This site is optimized with the Yoast SEO plugin v27.3 - https:\/\/yoast.com\/product\/yoast-seo-wordpress\/ -->\n<title>Nitro Tank (W) - OMM<\/title>\n<meta name=\"description\" content=\"The Nitro Tank (W), Women&#039;S Super Lightweight Tank For Training And Racing. Lightweight Performance. Keep Cool Super-Soft Comfort\" \/>\n<meta name=\"robots\" content=\"index, follow, max-snippet:-1, max-image-preview:large, max-video-preview:-1\" \/>\n<link rel=\"canonical\" href=\"https:\/\/theomm.com\/da\/product\/nitro-tank-w-2-2\/\" \/>\n<meta property=\"og:locale\" content=\"da_DK\" \/>\n<meta property=\"og:type\" content=\"article\" \/>\n<meta property=\"og:title\" content=\"Nitro Tank (W) - OMM\" \/>\n<meta property=\"og:description\" content=\"The Nitro Tank (W), Women&#039;S Super Lightweight Tank For Training And Racing. Lightweight Performance. Keep Cool Super-Soft Comfort\" \/>\n<meta property=\"og:url\" content=\"https:\/\/theomm.com\/da\/product\/nitro-tank-w-2-2\/\" \/>\n<meta property=\"og:site_name\" content=\"OMM\" \/>\n<meta property=\"article:publisher\" content=\"https:\/\/www.facebook.com\/OMMrunning?_ga=2.203172945.1541616462.1665402953-280172632.1649426001\" \/>\n<meta property=\"article:modified_time\" content=\"2025-09-10T17:04:23+00:00\" \/>\n<meta property=\"og:image\" content=\"https:\/\/theomm.com\/wp-content\/uploads\/2022\/08\/OC174_Nitro_Tank_W_Navy_Front-e1661347446756.jpg\" \/>\n\t<meta property=\"og:image:width\" content=\"600\" \/>\n\t<meta property=\"og:image:height\" content=\"600\" \/>\n\t<meta property=\"og:image:type\" content=\"image\/jpeg\" \/>\n<meta name=\"twitter:card\" content=\"summary_large_image\" \/>\n<script type=\"application\/ld+json\" class=\"yoast-schema-graph\">{\"@context\":\"https:\\\/\\\/schema.org\",\"@graph\":[{\"@type\":\"WebPage\",\"@id\":\"https:\\\/\\\/theomm.com\\\/da\\\/product\\\/nitro-tank-w-2-2\\\/\",\"url\":\"https:\\\/\\\/theomm.com\\\/da\\\/product\\\/nitro-tank-w-2-2\\\/\",\"name\":\"Nitro Tank (W) - OMM\",\"isPartOf\":{\"@id\":\"https:\\\/\\\/theomm.com\\\/#website\"},\"primaryImageOfPage\":{\"@id\":\"https:\\\/\\\/theomm.com\\\/da\\\/product\\\/nitro-tank-w-2-2\\\/#primaryimage\"},\"image\":{\"@id\":\"https:\\\/\\\/theomm.com\\\/da\\\/product\\\/nitro-tank-w-2-2\\\/#primaryimage\"},\"thumbnailUrl\":\"https:\\\/\\\/theomm.com\\\/wp-content\\\/uploads\\\/2022\\\/08\\\/OC174_Nitro_Tank_W_Navy_Front-e1661347446756.jpg\",\"datePublished\":\"2022-08-11T11:39:53+00:00\",\"dateModified\":\"2025-09-10T17:04:23+00:00\",\"description\":\"The Nitro Tank (W), Women'S Super Lightweight Tank For Training And Racing. Lightweight Performance. Keep Cool Super-Soft Comfort\",\"breadcrumb\":{\"@id\":\"https:\\\/\\\/theomm.com\\\/da\\\/product\\\/nitro-tank-w-2-2\\\/#breadcrumb\"},\"inLanguage\":\"da-DK\",\"potentialAction\":[{\"@type\":\"ReadAction\",\"target\":[\"https:\\\/\\\/theomm.com\\\/da\\\/product\\\/nitro-tank-w-2-2\\\/\"]}]},{\"@type\":\"ImageObject\",\"inLanguage\":\"da-DK\",\"@id\":\"https:\\\/\\\/theomm.com\\\/da\\\/product\\\/nitro-tank-w-2-2\\\/#primaryimage\",\"url\":\"https:\\\/\\\/theomm.com\\\/wp-content\\\/uploads\\\/2022\\\/08\\\/OC174_Nitro_Tank_W_Navy_Front-e1661347446756.jpg\",\"contentUrl\":\"https:\\\/\\\/theomm.com\\\/wp-content\\\/uploads\\\/2022\\\/08\\\/OC174_Nitro_Tank_W_Navy_Front-e1661347446756.jpg\",\"width\":600,\"height\":600},{\"@type\":\"BreadcrumbList\",\"@id\":\"https:\\\/\\\/theomm.com\\\/da\\\/product\\\/nitro-tank-w-2-2\\\/#breadcrumb\",\"itemListElement\":[{\"@type\":\"ListItem\",\"position\":1,\"name\":\"Home\",\"item\":\"https:\\\/\\\/theomm.com\\\/da\\\/original-mountain-marathon\\\/\"},{\"@type\":\"ListItem\",\"position\":2,\"name\":\"Produkter\",\"item\":\"https:\\\/\\\/theomm.com\\\/da\\\/original-mountain-marathon\\\/produkter\\\/\"},{\"@type\":\"ListItem\",\"position\":3,\"name\":\"Nitro Tank (W)\"}]},{\"@type\":\"WebSite\",\"@id\":\"https:\\\/\\\/theomm.com\\\/#website\",\"url\":\"https:\\\/\\\/theomm.com\\\/\",\"name\":\"OMM\",\"description\":\"OMM is Technical clothing and equipment made for running in the mountains. Designed to the specifications of Original Mountain Marathon.\",\"alternateName\":\"Original Mountain Marathon\",\"potentialAction\":[{\"@type\":\"SearchAction\",\"target\":{\"@type\":\"EntryPoint\",\"urlTemplate\":\"https:\\\/\\\/theomm.com\\\/?s={search_term_string}\"},\"query-input\":{\"@type\":\"PropertyValueSpecification\",\"valueRequired\":true,\"valueName\":\"search_term_string\"}}],\"inLanguage\":\"da-DK\"}]}<\/script>\n<!-- \/ Yoast SEO plugin. -->","yoast_head_json":{"title":"Nitro Tank (W) - OMM","description":"The Nitro Tank (W), Women'S Super Lightweight Tank For Training And Racing. Lightweight Performance. Keep Cool Super-Soft Comfort","robots":{"index":"index","follow":"follow","max-snippet":"max-snippet:-1","max-image-preview":"max-image-preview:large","max-video-preview":"max-video-preview:-1"},"canonical":"https:\/\/theomm.com\/da\/product\/nitro-tank-w-2-2\/","og_locale":"da_DK","og_type":"article","og_title":"Nitro Tank (W) - OMM","og_description":"The Nitro Tank (W), Women'S Super Lightweight Tank For Training And Racing. Lightweight Performance. Keep Cool Super-Soft Comfort","og_url":"https:\/\/theomm.com\/da\/product\/nitro-tank-w-2-2\/","og_site_name":"OMM","article_publisher":"https:\/\/www.facebook.com\/OMMrunning?_ga=2.203172945.1541616462.1665402953-280172632.1649426001","article_modified_time":"2025-09-10T17:04:23+00:00","og_image":[{"width":600,"height":600,"url":"https:\/\/theomm.com\/wp-content\/uploads\/2022\/08\/OC174_Nitro_Tank_W_Navy_Front-e1661347446756.jpg","type":"image\/jpeg"}],"twitter_card":"summary_large_image","schema":{"@context":"https:\/\/schema.org","@graph":[{"@type":"WebPage","@id":"https:\/\/theomm.com\/da\/product\/nitro-tank-w-2-2\/","url":"https:\/\/theomm.com\/da\/product\/nitro-tank-w-2-2\/","name":"Nitro Tank (W) - OMM","isPartOf":{"@id":"https:\/\/theomm.com\/#website"},"primaryImageOfPage":{"@id":"https:\/\/theomm.com\/da\/product\/nitro-tank-w-2-2\/#primaryimage"},"image":{"@id":"https:\/\/theomm.com\/da\/product\/nitro-tank-w-2-2\/#primaryimage"},"thumbnailUrl":"https:\/\/theomm.com\/wp-content\/uploads\/2022\/08\/OC174_Nitro_Tank_W_Navy_Front-e1661347446756.jpg","datePublished":"2022-08-11T11:39:53+00:00","dateModified":"2025-09-10T17:04:23+00:00","description":"The Nitro Tank (W), Women'S Super Lightweight Tank For Training And Racing. Lightweight Performance. Keep Cool Super-Soft Comfort","breadcrumb":{"@id":"https:\/\/theomm.com\/da\/product\/nitro-tank-w-2-2\/#breadcrumb"},"inLanguage":"da-DK","potentialAction":[{"@type":"ReadAction","target":["https:\/\/theomm.com\/da\/product\/nitro-tank-w-2-2\/"]}]},{"@type":"ImageObject","inLanguage":"da-DK","@id":"https:\/\/theomm.com\/da\/product\/nitro-tank-w-2-2\/#primaryimage","url":"https:\/\/theomm.com\/wp-content\/uploads\/2022\/08\/OC174_Nitro_Tank_W_Navy_Front-e1661347446756.jpg","contentUrl":"https:\/\/theomm.com\/wp-content\/uploads\/2022\/08\/OC174_Nitro_Tank_W_Navy_Front-e1661347446756.jpg","width":600,"height":600},{"@type":"BreadcrumbList","@id":"https:\/\/theomm.com\/da\/product\/nitro-tank-w-2-2\/#breadcrumb","itemListElement":[{"@type":"ListItem","position":1,"name":"Home","item":"https:\/\/theomm.com\/da\/original-mountain-marathon\/"},{"@type":"ListItem","position":2,"name":"Produkter","item":"https:\/\/theomm.com\/da\/original-mountain-marathon\/produkter\/"},{"@type":"ListItem","position":3,"name":"Nitro Tank (W)"}]},{"@type":"WebSite","@id":"https:\/\/theomm.com\/#website","url":"https:\/\/theomm.com\/","name":"OMM","description":"OMM is Technical clothing and equipment made for running in the mountains. Designed to the specifications of Original Mountain Marathon.","alternateName":"Original Mountain Marathon","potentialAction":[{"@type":"SearchAction","target":{"@type":"EntryPoint","urlTemplate":"https:\/\/theomm.com\/?s={search_term_string}"},"query-input":{"@type":"PropertyValueSpecification","valueRequired":true,"valueName":"search_term_string"}}],"inLanguage":"da-DK"}]}},"_links":{"self":[{"href":"https:\/\/theomm.com\/da\/wp-json\/wp\/v2\/product\/160672","targetHints":{"allow":["GET"]}}],"collection":[{"href":"https:\/\/theomm.com\/da\/wp-json\/wp\/v2\/product"}],"about":[{"href":"https:\/\/theomm.com\/da\/wp-json\/wp\/v2\/types\/product"}],"wp:featuredmedia":[{"embeddable":true,"href":"https:\/\/theomm.com\/da\/wp-json\/wp\/v2\/media\/151348"}],"wp:attachment":[{"href":"https:\/\/theomm.com\/da\/wp-json\/wp\/v2\/media?parent=160672"}],"wp:term":[{"taxonomy":"locations","embeddable":true,"href":"https:\/\/theomm.com\/da\/wp-json\/wp\/v2\/locations?post=160672"},{"taxonomy":"product_brand","embeddable":true,"href":"https:\/\/theomm.com\/da\/wp-json\/wp\/v2\/product_brand?post=160672"},{"taxonomy":"product_cat","embeddable":true,"href":"https:\/\/theomm.com\/da\/wp-json\/wp\/v2\/product_cat?post=160672"},{"taxonomy":"product_tag","embeddable":true,"href":"https:\/\/theomm.com\/da\/wp-json\/wp\/v2\/product_tag?post=160672"}],"curies":[{"name":"wp","href":"https:\/\/api.w.org\/{rel}","templated":true}]}}