{"id":160703,"date":"2022-08-27T10:40:38","date_gmt":"2022-08-27T10:40:38","guid":{"rendered":"https:\/\/theomm.com\/product\/flash-tight-0-75-2\/"},"modified":"2026-01-03T00:03:55","modified_gmt":"2026-01-03T00:03:55","slug":"flash-tight-0-75-2","status":"publish","type":"product","link":"https:\/\/theomm.com\/da\/product\/flash-tight-0-75-2\/","title":{"rendered":"Flash Tight 0.75"},"content":{"rendered":"<p>Flash Tight 0,75 &#8211; 3\/4 l\u00e6ngde stretch tight. Med kort\/gellomme p\u00e5 l\u00e5ret. Flatlock-s\u00f8m reducerer friktion og irritationen, s\u00e5 du har et s\u00e5 behageligt l\u00f8b som muligt. Mesh-paneler bag kn\u00e6ene giver god ventilation for at holde dine ben k\u00f8lige og t\u00f8rre, n\u00e5r du sveder. 4-vejs stretch giver god holdbarhed og fleksibilitet, og lader din krop bev\u00e6ge sig uden begr\u00e6nsninger. Stretch polyamid (18% Lycra) garnstof er h\u00f8jfugttransporterende, men f\u00f8les ikke k\u00f8lig, hvilket kan v\u00e6re et ubehageligt hos nogle t\u00e6tsiddende leggings med h\u00f8jt Lycra-indhold. Gribestrimler forhindrer benene i at kravle op EN HOLDBAR OG FLEKSIBEL TIGHT TIL UDFORDRENDE FORHOLD HURTIGT\u00d8RENDE OG \u00c5NDBAR Flash-serien arbejder for at holde din krop behagelig under hele l\u00f8beturen. Fremragende fugtstyring og hurtigt\u00f8rrende ydeevne sammen med 4-vejs str\u00e6k og fantastisk temperaturregulering g\u00f8r Flashen til et godt valg til de lange turer. OPBEVARING Slimline lommer p\u00e5 hvert l\u00e5r er ideelle til geler, kompas, kort eller affald. ATHLETIC CUT Vores unikke m\u00f8nster giver en t\u00e6t atletisk pasform uden begr\u00e6nsninger. Ved at bruge kropsformede paneler giver det os mulighed for at bruge mindre lycra, som har meget f\u00e5 termiske eller fugttransporterende egenskaber. Det giver os mulighed for at inds\u00e6tte flere \u00e5ndbare mesh-paneler i omr\u00e5der med h\u00f8j output, s\u00e5som bagsiden af kn\u00e6et og bunden af ryggen.<\/p>\n<p>Flash Tight 0,75<\/p>\n<p>Flatlock s\u00f8m<\/p>\n<p>Str\u00e6kbare l\u00e5rlommer (geler\/telefon)<\/p>\n<p>Mesh-paneler for \u00e5ndbarhed<\/p>\n<p>4-vejs str\u00e6k<\/p>\n<p>N\u00f8gle lomme<\/p>\n<p>Gribestrimler for at forhindre opl\u00f8b p\u00e5 ben<\/p>\n<p>Reflekterende sikkerhedsblink<\/p>\n<p>Elastik i taljen med sn\u00f8re. Farver: Sort\/Orange,<\/p>\n<p>Sort<\/p>\n<p>Stof: Stretch polyamid<\/p>\n<p>V\u00e6gt: 150g<\/p>\n<p>St\u00f8rrelser: XS\/S\/M\/L<\/p>\n<p>Vores lette t\u00f8j og udstyr er specielt designet til bjergl\u00f8berens behov, med specifikationer hentet direkte fra erfaring fra Original Mountain Marathon.<\/p>\n<p>Et 2-dages l\u00f8b gennem noget af Storbritanniens h\u00e5rdeste terr\u00e6n, afholdt i slutningen af hver oktober, siden 1968, for at sikre udfordrende vejr. En test af bjergh\u00e5ndv\u00e6rk, modstandsdygtighed og udholdenhed, &#8216;The OMM&#8217; er anerkendt som et af de h\u00e5rdeste bjetgl\u00f8b.<\/p>\n<p>De h\u00f8je krav til begivenheden hj\u00e6lper l\u00f8bende med at give feedback om design og funktionerne i vores bekl\u00e6dning.<\/p>\n","protected":false},"excerpt":{"rendered":"<p>3\/4 l\u00e6ngde stretch tight, med lomme p\u00e5 l\u00e5ret. Flatlock-s\u00f8m reducerer friktion eller irritation, s\u00e5 du har et s\u00e5 behageligt l\u00f8b som muligt. Mesh-paneler bag kn\u00e6ene giver god ventilation for at holde dine ben k\u00f8lige og t\u00f8rre, n\u00e5r du sveder. 4-vejs stretchmateriale giver str\u00e5lende holdbarhed og fleksibilitet, der lader din krop bev\u00e6ge sig uden begr\u00e6nsninger. Stretch polyamid (18% Lycra) garnstof er h\u00f8jtransporterende, men uden at f\u00f8le k\u00f8lig, hvilket kan v\u00e6re et ubehag med nogle t\u00e6tsiddende tights med h\u00f8jt Lycra-indhold. Gribestrimler forhindrer benene i at krybe op, n\u00e5r de tr\u00e6der h\u00f8jt over klipper eller tuer.\u00a0<\/p>\n","protected":false},"featured_media":151566,"template":"","meta":{"_acf_changed":false,"_et_pb_use_builder":"","_et_pb_old_content":"","_et_gb_content_width":""},"locations":[],"product_brand":[],"product_cat":[1250,1254,2101],"product_tag":[1884,1885,1886],"class_list":{"0":"post-160703","1":"product","2":"type-product","3":"status-publish","4":"has-post-thumbnail","6":"product_cat-beklaedning","7":"product_cat-benklaeder","8":"product_cat-sale-da","9":"product_tag-mens-running-tights-da","10":"product_tag-omm-flash-tight-0-75-da","11":"product_tag-three-quater-running-tights-da","12":"pa_color-orange-da","13":"pa_color-sort","14":"pa_colour-sort","15":"pa_colour-sort-orange","16":"pa_gender-mens-da","17":"pa_size-stor","18":"pa_size-middel","19":"pa_size-lille","20":"pa_size-x-stor","21":"pa_size-x-lille","22":"pa_weight-100-200g","24":"first","25":"instock","26":"taxable","27":"shipping-taxable","28":"purchasable","29":"product-type-variable","30":"wvs-archive-product-wrapper"},"acf":[],"yoast_head":"<!-- This site is optimized with the Yoast SEO plugin v27.3 - https:\/\/yoast.com\/product\/yoast-seo-wordpress\/ -->\n<title>Flash Tight 0.75 - OMM<\/title>\n<meta name=\"description\" content=\"Flash Tight 0,75, en holdbar og fleksibel tights til udfordrende forhold. Hurtigtt\u00f8rrende, fugttransporterende og \u00e5ndbar. Lommer. Atletisk snitic Cut\" \/>\n<meta name=\"robots\" content=\"index, follow, max-snippet:-1, max-image-preview:large, max-video-preview:-1\" \/>\n<link rel=\"canonical\" href=\"https:\/\/theomm.com\/da\/product\/flash-tight-0-75-2\/\" \/>\n<meta property=\"og:locale\" content=\"da_DK\" \/>\n<meta property=\"og:type\" content=\"article\" \/>\n<meta property=\"og:title\" content=\"Flash Tight 0.75 - OMM\" \/>\n<meta property=\"og:description\" content=\"Flash Tight 0,75, en holdbar og fleksibel tights til udfordrende forhold. Hurtigtt\u00f8rrende, fugttransporterende og \u00e5ndbar. Lommer. Atletisk snitic Cut\" \/>\n<meta property=\"og:url\" content=\"https:\/\/theomm.com\/da\/product\/flash-tight-0-75-2\/\" \/>\n<meta property=\"og:site_name\" content=\"OMM\" \/>\n<meta property=\"article:publisher\" content=\"https:\/\/www.facebook.com\/OMMrunning?_ga=2.203172945.1541616462.1665402953-280172632.1649426001\" \/>\n<meta property=\"article:modified_time\" content=\"2026-01-03T00:03:55+00:00\" \/>\n<meta property=\"og:image\" content=\"https:\/\/theomm.com\/wp-content\/uploads\/2022\/09\/OC089-Flash-Tight-0.75-Orange-Front.jpg\" \/>\n\t<meta property=\"og:image:width\" content=\"600\" \/>\n\t<meta property=\"og:image:height\" content=\"600\" \/>\n\t<meta property=\"og:image:type\" content=\"image\/jpeg\" \/>\n<meta name=\"twitter:card\" content=\"summary_large_image\" \/>\n<meta name=\"twitter:label1\" content=\"Estimeret l\u00e6setid\" \/>\n\t<meta name=\"twitter:data1\" content=\"2 minutter\" \/>\n<script type=\"application\/ld+json\" class=\"yoast-schema-graph\">{\"@context\":\"https:\\\/\\\/schema.org\",\"@graph\":[{\"@type\":\"WebPage\",\"@id\":\"https:\\\/\\\/theomm.com\\\/da\\\/product\\\/flash-tight-0-75-2\\\/\",\"url\":\"https:\\\/\\\/theomm.com\\\/da\\\/product\\\/flash-tight-0-75-2\\\/\",\"name\":\"Flash Tight 0.75 - OMM\",\"isPartOf\":{\"@id\":\"https:\\\/\\\/theomm.com\\\/#website\"},\"primaryImageOfPage\":{\"@id\":\"https:\\\/\\\/theomm.com\\\/da\\\/product\\\/flash-tight-0-75-2\\\/#primaryimage\"},\"image\":{\"@id\":\"https:\\\/\\\/theomm.com\\\/da\\\/product\\\/flash-tight-0-75-2\\\/#primaryimage\"},\"thumbnailUrl\":\"https:\\\/\\\/theomm.com\\\/wp-content\\\/uploads\\\/2022\\\/09\\\/OC089-Flash-Tight-0.75-Orange-Front.jpg\",\"datePublished\":\"2022-08-27T10:40:38+00:00\",\"dateModified\":\"2026-01-03T00:03:55+00:00\",\"description\":\"Flash Tight 0,75, en holdbar og fleksibel tights til udfordrende forhold. Hurtigtt\u00f8rrende, fugttransporterende og \u00e5ndbar. Lommer. Atletisk snitic Cut\",\"breadcrumb\":{\"@id\":\"https:\\\/\\\/theomm.com\\\/da\\\/product\\\/flash-tight-0-75-2\\\/#breadcrumb\"},\"inLanguage\":\"da-DK\",\"potentialAction\":[{\"@type\":\"ReadAction\",\"target\":[\"https:\\\/\\\/theomm.com\\\/da\\\/product\\\/flash-tight-0-75-2\\\/\"]}]},{\"@type\":\"ImageObject\",\"inLanguage\":\"da-DK\",\"@id\":\"https:\\\/\\\/theomm.com\\\/da\\\/product\\\/flash-tight-0-75-2\\\/#primaryimage\",\"url\":\"https:\\\/\\\/theomm.com\\\/wp-content\\\/uploads\\\/2022\\\/09\\\/OC089-Flash-Tight-0.75-Orange-Front.jpg\",\"contentUrl\":\"https:\\\/\\\/theomm.com\\\/wp-content\\\/uploads\\\/2022\\\/09\\\/OC089-Flash-Tight-0.75-Orange-Front.jpg\",\"width\":600,\"height\":600},{\"@type\":\"BreadcrumbList\",\"@id\":\"https:\\\/\\\/theomm.com\\\/da\\\/product\\\/flash-tight-0-75-2\\\/#breadcrumb\",\"itemListElement\":[{\"@type\":\"ListItem\",\"position\":1,\"name\":\"Home\",\"item\":\"https:\\\/\\\/theomm.com\\\/da\\\/original-mountain-marathon\\\/\"},{\"@type\":\"ListItem\",\"position\":2,\"name\":\"Produkter\",\"item\":\"https:\\\/\\\/theomm.com\\\/da\\\/original-mountain-marathon\\\/produkter\\\/\"},{\"@type\":\"ListItem\",\"position\":3,\"name\":\"Flash Tight 0.75\"}]},{\"@type\":\"WebSite\",\"@id\":\"https:\\\/\\\/theomm.com\\\/#website\",\"url\":\"https:\\\/\\\/theomm.com\\\/\",\"name\":\"OMM\",\"description\":\"OMM is Technical clothing and equipment made for running in the mountains. Designed to the specifications of Original Mountain Marathon.\",\"alternateName\":\"Original Mountain Marathon\",\"potentialAction\":[{\"@type\":\"SearchAction\",\"target\":{\"@type\":\"EntryPoint\",\"urlTemplate\":\"https:\\\/\\\/theomm.com\\\/?s={search_term_string}\"},\"query-input\":{\"@type\":\"PropertyValueSpecification\",\"valueRequired\":true,\"valueName\":\"search_term_string\"}}],\"inLanguage\":\"da-DK\"}]}<\/script>\n<!-- \/ Yoast SEO plugin. -->","yoast_head_json":{"title":"Flash Tight 0.75 - OMM","description":"Flash Tight 0,75, en holdbar og fleksibel tights til udfordrende forhold. Hurtigtt\u00f8rrende, fugttransporterende og \u00e5ndbar. Lommer. Atletisk snitic Cut","robots":{"index":"index","follow":"follow","max-snippet":"max-snippet:-1","max-image-preview":"max-image-preview:large","max-video-preview":"max-video-preview:-1"},"canonical":"https:\/\/theomm.com\/da\/product\/flash-tight-0-75-2\/","og_locale":"da_DK","og_type":"article","og_title":"Flash Tight 0.75 - OMM","og_description":"Flash Tight 0,75, en holdbar og fleksibel tights til udfordrende forhold. Hurtigtt\u00f8rrende, fugttransporterende og \u00e5ndbar. Lommer. Atletisk snitic Cut","og_url":"https:\/\/theomm.com\/da\/product\/flash-tight-0-75-2\/","og_site_name":"OMM","article_publisher":"https:\/\/www.facebook.com\/OMMrunning?_ga=2.203172945.1541616462.1665402953-280172632.1649426001","article_modified_time":"2026-01-03T00:03:55+00:00","og_image":[{"width":600,"height":600,"url":"https:\/\/theomm.com\/wp-content\/uploads\/2022\/09\/OC089-Flash-Tight-0.75-Orange-Front.jpg","type":"image\/jpeg"}],"twitter_card":"summary_large_image","twitter_misc":{"Estimeret l\u00e6setid":"2 minutter"},"schema":{"@context":"https:\/\/schema.org","@graph":[{"@type":"WebPage","@id":"https:\/\/theomm.com\/da\/product\/flash-tight-0-75-2\/","url":"https:\/\/theomm.com\/da\/product\/flash-tight-0-75-2\/","name":"Flash Tight 0.75 - OMM","isPartOf":{"@id":"https:\/\/theomm.com\/#website"},"primaryImageOfPage":{"@id":"https:\/\/theomm.com\/da\/product\/flash-tight-0-75-2\/#primaryimage"},"image":{"@id":"https:\/\/theomm.com\/da\/product\/flash-tight-0-75-2\/#primaryimage"},"thumbnailUrl":"https:\/\/theomm.com\/wp-content\/uploads\/2022\/09\/OC089-Flash-Tight-0.75-Orange-Front.jpg","datePublished":"2022-08-27T10:40:38+00:00","dateModified":"2026-01-03T00:03:55+00:00","description":"Flash Tight 0,75, en holdbar og fleksibel tights til udfordrende forhold. Hurtigtt\u00f8rrende, fugttransporterende og \u00e5ndbar. Lommer. Atletisk snitic Cut","breadcrumb":{"@id":"https:\/\/theomm.com\/da\/product\/flash-tight-0-75-2\/#breadcrumb"},"inLanguage":"da-DK","potentialAction":[{"@type":"ReadAction","target":["https:\/\/theomm.com\/da\/product\/flash-tight-0-75-2\/"]}]},{"@type":"ImageObject","inLanguage":"da-DK","@id":"https:\/\/theomm.com\/da\/product\/flash-tight-0-75-2\/#primaryimage","url":"https:\/\/theomm.com\/wp-content\/uploads\/2022\/09\/OC089-Flash-Tight-0.75-Orange-Front.jpg","contentUrl":"https:\/\/theomm.com\/wp-content\/uploads\/2022\/09\/OC089-Flash-Tight-0.75-Orange-Front.jpg","width":600,"height":600},{"@type":"BreadcrumbList","@id":"https:\/\/theomm.com\/da\/product\/flash-tight-0-75-2\/#breadcrumb","itemListElement":[{"@type":"ListItem","position":1,"name":"Home","item":"https:\/\/theomm.com\/da\/original-mountain-marathon\/"},{"@type":"ListItem","position":2,"name":"Produkter","item":"https:\/\/theomm.com\/da\/original-mountain-marathon\/produkter\/"},{"@type":"ListItem","position":3,"name":"Flash Tight 0.75"}]},{"@type":"WebSite","@id":"https:\/\/theomm.com\/#website","url":"https:\/\/theomm.com\/","name":"OMM","description":"OMM is Technical clothing and equipment made for running in the mountains. Designed to the specifications of Original Mountain Marathon.","alternateName":"Original Mountain Marathon","potentialAction":[{"@type":"SearchAction","target":{"@type":"EntryPoint","urlTemplate":"https:\/\/theomm.com\/?s={search_term_string}"},"query-input":{"@type":"PropertyValueSpecification","valueRequired":true,"valueName":"search_term_string"}}],"inLanguage":"da-DK"}]}},"_links":{"self":[{"href":"https:\/\/theomm.com\/da\/wp-json\/wp\/v2\/product\/160703","targetHints":{"allow":["GET"]}}],"collection":[{"href":"https:\/\/theomm.com\/da\/wp-json\/wp\/v2\/product"}],"about":[{"href":"https:\/\/theomm.com\/da\/wp-json\/wp\/v2\/types\/product"}],"wp:featuredmedia":[{"embeddable":true,"href":"https:\/\/theomm.com\/da\/wp-json\/wp\/v2\/media\/151566"}],"wp:attachment":[{"href":"https:\/\/theomm.com\/da\/wp-json\/wp\/v2\/media?parent=160703"}],"wp:term":[{"taxonomy":"locations","embeddable":true,"href":"https:\/\/theomm.com\/da\/wp-json\/wp\/v2\/locations?post=160703"},{"taxonomy":"product_brand","embeddable":true,"href":"https:\/\/theomm.com\/da\/wp-json\/wp\/v2\/product_brand?post=160703"},{"taxonomy":"product_cat","embeddable":true,"href":"https:\/\/theomm.com\/da\/wp-json\/wp\/v2\/product_cat?post=160703"},{"taxonomy":"product_tag","embeddable":true,"href":"https:\/\/theomm.com\/da\/wp-json\/wp\/v2\/product_tag?post=160703"}],"curies":[{"name":"wp","href":"https:\/\/api.w.org\/{rel}","templated":true}]}}