{"id":160747,"date":"2021-03-16T10:40:55","date_gmt":"2021-03-16T10:40:55","guid":{"rendered":"https:\/\/theomm.com\/product\/rotor-vest-2\/"},"modified":"2025-12-16T14:32:49","modified_gmt":"2025-12-16T14:32:49","slug":"rotor-vest-2","status":"publish","type":"product","link":"https:\/\/theomm.com\/da\/product\/rotor-vest-2\/","title":{"rendered":"Rotor Vest"},"content":{"rendered":"<p>Rotor Vest \u2013 Rotor Vesten bruger den samme PrimaLoft\u00ae Gold-isolering som vores soveposer, hvilket giver dig et utroligt varme-til-v\u00e6gt-forhold. Med kun 128g er Rotor Vesten ideel som et varmelag til hurtigt at tage p\u00e5, n\u00e5r du n\u00e5r toppen eller som en del af et flerlagssystem i koldere temperaturer. Fyldt med 40g PrimaLoft\u00ae Gold og Cross Core vind- og vandafvisende ydre skal og indre foring for forbedret beskyttelse. Med en halvl\u00e6ngde lynl\u00e5s, integreret stoflomme (mesh-bagside, til forbedret udluftning) og lille pakkest\u00f8rrelse, kan den komme med overalt. ULTRALET PRIMALOFT\u00ae ISOLERET VEST PRIMALOFT\u00ae SYNTETISK ISOLERING AF H\u00d8JESTE KVALITET PrimaLoft\u00ae Gold med Cross Core Technology er den syntetiske isolering af h\u00f8jeste kvalitet, der findes. Giver varme uden at fylde og isolerer, selv n\u00e5r det er v\u00e5dt. VIND- OG VANDBESTANDIG OMM-isolering bruger det samme ydre stof fra vores vindstopper Sonic-jakker for at give vind- og vandafvisning og samtidig bevare varmen. Ved at blokere for vinden reducerer vi varmetabet. SUPER PAKBAR OG LET Kan pakkes i sin egen lomme for kompakt opbevaring. OMM-isolering har det h\u00f8jeste varme-til-v\u00e6gt-forhold for syntetisk isolering ved at bruge den bedste kvalitet PrimaLoft\u00ae kombineret med vores ultralette ydre lag. Vindt\u00e6t<\/p>\n<p>Isolerer selvom det er v\u00e5dt<\/p>\n<p>L\u00f8st anlagt yderskal<\/p>\n<p>PrimaLoft\u00ae Gold med Cross Core 40g\/m2<\/p>\n<p>PrimaLoft\u00ae Luxe<\/p>\n<p>Brystlynl\u00e5s<\/p>\n<p>Indbygget lomme med lynl\u00e5s<\/p>\n<p>L\u00f8bes\u00f8m Farver: Sort, Bl\u00e5, Gr\u00e5<\/p>\n<p>Stof: PointZero PrimaLoft\u00ae Gold 40g<\/p>\n<p>V\u00e6gt: 128g<\/p>\n<p>St\u00f8rrelser: XS \/ S \/ M \/ L \/ XL<\/p>\n<p>Vores lette bekl\u00e6dning og udstyr er specielt designet til bjergl\u00f8berens behov, med specifikationer hentet direkte fra erfaring fra Original Mountain Marathon.<\/p>\n<p>Et 2-dages l\u00f8b gennem noget af Storbritanniens h\u00e5rdeste terr\u00e6n, afholdt i slutningen af hver oktober, siden 1968, for at sikre udfordrende vejr. En test af bjergh\u00e5ndv\u00e6rk, modstandsdygtighed og udholdenhed, &#8216;The OMM&#8217; er anerkendt som en af de h\u00e5rdeste Mountain challenges.<\/p>\n<p>De h\u00f8je krav til begivenheden hj\u00e6lper l\u00f8bende med at give feedback om desig og funktionerne i vores bekl\u00e6dning, som igen bliver brugt i nogle af de h\u00e5rdeste l\u00f8b og udfordringer i hele verden.<\/p>\n<p>&nbsp;<\/p>\n<p>OMM-serien, som er blevet betroet partner af bjergatleter og professionelle i \u00e5rtier. Den perfekte ledsager til dit n\u00e6ste eventyr.<\/p>\n","protected":false},"excerpt":{"rendered":"<p>Rotor Vesten bruger den samme PrimaLoft\u00ae Gold-isolering som vores soveposer, hvilket giver dig et utroligt varme-til-v\u00e6gt-forhold. Med kun 128g er Rotor Vesten ideel som et varmelag til hurtigt at tage p\u00e5, n\u00e5r du n\u00e5r toppen eller som en del af et flerlagssystem i koldere temperaturer. Fyldt med 40g PrimaLoft\u00ae Gold og Cross Core vind- og vandafvisende ydre skal og indre foring for forbedret beskyttelse. Med en halvl\u00e6ngde lynl\u00e5s, integreret stoflomme (mesh-bagside, s\u00e5 kan bruges til forbedret udluftning) og lille pakkest\u00f8rrelse, kan den komme med overalt.<\/p>\n","protected":false},"featured_media":152124,"template":"","meta":{"_acf_changed":false,"_et_pb_use_builder":"","_et_pb_old_content":"","_et_gb_content_width":""},"locations":[],"product_brand":[],"product_cat":[1250,1253],"product_tag":[1666,1888,1889,1890,1691,1891,1892,1893,1349],"class_list":{"0":"post-160747","1":"product","2":"type-product","3":"status-publish","4":"has-post-thumbnail","6":"product_cat-beklaedning","7":"product_cat-isolering","8":"product_tag-gilet-da","9":"product_tag-insulated-gilet-da","10":"product_tag-insulated-vest-da","11":"product_tag-omm-rotor-vest-da","12":"product_tag-omm-vest-da","13":"product_tag-primaloft-gillet-da","14":"product_tag-primaloft-vest-da","15":"product_tag-running-insulation-vest-da","16":"product_tag-sp-da","17":"pa_color-bla","18":"pa_color-gra","19":"pa_color-sort","20":"pa_colour-bla","21":"pa_colour-gra","22":"pa_colour-sort","23":"pa_gender-mens-da","24":"pa_size-stor","25":"pa_size-middel","26":"pa_size-lille","27":"pa_size-x-stor","28":"pa_size-x-lille","29":"pa_technology-point-zero","30":"pa_technology-primaloft-cross-core-gold-eco","31":"pa_weight-100-200g","33":"first","34":"instock","35":"taxable","36":"shipping-taxable","37":"purchasable","38":"product-type-variable","39":"wvs-archive-product-wrapper"},"acf":[],"yoast_head":"<!-- This site is optimized with the Yoast SEO plugin v27.4 - https:\/\/yoast.com\/product\/yoast-seo-wordpress\/ -->\n<title>Rotor Vest - OMM<\/title>\n<meta name=\"description\" content=\"Rotor Vesten, ultralet Primaloft\u00ae-isoleret vest. Syntetisk isolering af h\u00f8jeste kvalitet. Vind- og vandafvisende Super pakbar og let\" \/>\n<meta name=\"robots\" content=\"index, follow, max-snippet:-1, max-image-preview:large, max-video-preview:-1\" \/>\n<link rel=\"canonical\" href=\"https:\/\/theomm.com\/da\/product\/rotor-vest-2\/\" \/>\n<meta property=\"og:locale\" content=\"da_DK\" \/>\n<meta property=\"og:type\" content=\"article\" \/>\n<meta property=\"og:title\" content=\"Rotor Vest - OMM\" \/>\n<meta property=\"og:description\" content=\"Rotor Vesten, ultralet Primaloft\u00ae-isoleret vest. Syntetisk isolering af h\u00f8jeste kvalitet. Vind- og vandafvisende Super pakbar og let\" \/>\n<meta property=\"og:url\" content=\"https:\/\/theomm.com\/da\/product\/rotor-vest-2\/\" \/>\n<meta property=\"og:site_name\" content=\"OMM\" \/>\n<meta property=\"article:publisher\" content=\"https:\/\/www.facebook.com\/OMMrunning?_ga=2.203172945.1541616462.1665402953-280172632.1649426001\" \/>\n<meta property=\"article:modified_time\" content=\"2025-12-16T14:32:49+00:00\" \/>\n<meta property=\"og:image\" content=\"https:\/\/theomm.com\/wp-content\/uploads\/2022\/10\/AW19__Mens_Rotor_Vest_Update_Blue_Grey_Front.jpg\" \/>\n\t<meta property=\"og:image:width\" content=\"600\" \/>\n\t<meta property=\"og:image:height\" content=\"600\" \/>\n\t<meta property=\"og:image:type\" content=\"image\/jpeg\" \/>\n<meta name=\"twitter:card\" content=\"summary_large_image\" \/>\n<meta name=\"twitter:label1\" content=\"Estimeret l\u00e6setid\" \/>\n\t<meta name=\"twitter:data1\" content=\"2 minutter\" \/>\n<script type=\"application\/ld+json\" class=\"yoast-schema-graph\">{\"@context\":\"https:\\\/\\\/schema.org\",\"@graph\":[{\"@type\":\"WebPage\",\"@id\":\"https:\\\/\\\/theomm.com\\\/da\\\/product\\\/rotor-vest-2\\\/\",\"url\":\"https:\\\/\\\/theomm.com\\\/da\\\/product\\\/rotor-vest-2\\\/\",\"name\":\"Rotor Vest - OMM\",\"isPartOf\":{\"@id\":\"https:\\\/\\\/theomm.com\\\/#website\"},\"primaryImageOfPage\":{\"@id\":\"https:\\\/\\\/theomm.com\\\/da\\\/product\\\/rotor-vest-2\\\/#primaryimage\"},\"image\":{\"@id\":\"https:\\\/\\\/theomm.com\\\/da\\\/product\\\/rotor-vest-2\\\/#primaryimage\"},\"thumbnailUrl\":\"https:\\\/\\\/theomm.com\\\/wp-content\\\/uploads\\\/2022\\\/10\\\/AW19__Mens_Rotor_Vest_Update_Blue_Grey_Front.jpg\",\"datePublished\":\"2021-03-16T10:40:55+00:00\",\"dateModified\":\"2025-12-16T14:32:49+00:00\",\"description\":\"Rotor Vesten, ultralet Primaloft\u00ae-isoleret vest. Syntetisk isolering af h\u00f8jeste kvalitet. Vind- og vandafvisende Super pakbar og let\",\"breadcrumb\":{\"@id\":\"https:\\\/\\\/theomm.com\\\/da\\\/product\\\/rotor-vest-2\\\/#breadcrumb\"},\"inLanguage\":\"da-DK\",\"potentialAction\":[{\"@type\":\"ReadAction\",\"target\":[\"https:\\\/\\\/theomm.com\\\/da\\\/product\\\/rotor-vest-2\\\/\"]}]},{\"@type\":\"ImageObject\",\"inLanguage\":\"da-DK\",\"@id\":\"https:\\\/\\\/theomm.com\\\/da\\\/product\\\/rotor-vest-2\\\/#primaryimage\",\"url\":\"https:\\\/\\\/theomm.com\\\/wp-content\\\/uploads\\\/2022\\\/10\\\/AW19__Mens_Rotor_Vest_Update_Blue_Grey_Front.jpg\",\"contentUrl\":\"https:\\\/\\\/theomm.com\\\/wp-content\\\/uploads\\\/2022\\\/10\\\/AW19__Mens_Rotor_Vest_Update_Blue_Grey_Front.jpg\",\"width\":600,\"height\":600},{\"@type\":\"BreadcrumbList\",\"@id\":\"https:\\\/\\\/theomm.com\\\/da\\\/product\\\/rotor-vest-2\\\/#breadcrumb\",\"itemListElement\":[{\"@type\":\"ListItem\",\"position\":1,\"name\":\"Home\",\"item\":\"https:\\\/\\\/theomm.com\\\/da\\\/original-mountain-marathon\\\/\"},{\"@type\":\"ListItem\",\"position\":2,\"name\":\"Produkter\",\"item\":\"https:\\\/\\\/theomm.com\\\/da\\\/original-mountain-marathon\\\/produkter\\\/\"},{\"@type\":\"ListItem\",\"position\":3,\"name\":\"Rotor Vest\"}]},{\"@type\":\"WebSite\",\"@id\":\"https:\\\/\\\/theomm.com\\\/#website\",\"url\":\"https:\\\/\\\/theomm.com\\\/\",\"name\":\"OMM\",\"description\":\"OMM is Technical clothing and equipment made for running in the mountains. Designed to the specifications of Original Mountain Marathon.\",\"alternateName\":\"Original Mountain Marathon\",\"potentialAction\":[{\"@type\":\"SearchAction\",\"target\":{\"@type\":\"EntryPoint\",\"urlTemplate\":\"https:\\\/\\\/theomm.com\\\/?s={search_term_string}\"},\"query-input\":{\"@type\":\"PropertyValueSpecification\",\"valueRequired\":true,\"valueName\":\"search_term_string\"}}],\"inLanguage\":\"da-DK\"}]}<\/script>\n<!-- \/ Yoast SEO plugin. -->","yoast_head_json":{"title":"Rotor Vest - OMM","description":"Rotor Vesten, ultralet Primaloft\u00ae-isoleret vest. Syntetisk isolering af h\u00f8jeste kvalitet. Vind- og vandafvisende Super pakbar og let","robots":{"index":"index","follow":"follow","max-snippet":"max-snippet:-1","max-image-preview":"max-image-preview:large","max-video-preview":"max-video-preview:-1"},"canonical":"https:\/\/theomm.com\/da\/product\/rotor-vest-2\/","og_locale":"da_DK","og_type":"article","og_title":"Rotor Vest - OMM","og_description":"Rotor Vesten, ultralet Primaloft\u00ae-isoleret vest. Syntetisk isolering af h\u00f8jeste kvalitet. Vind- og vandafvisende Super pakbar og let","og_url":"https:\/\/theomm.com\/da\/product\/rotor-vest-2\/","og_site_name":"OMM","article_publisher":"https:\/\/www.facebook.com\/OMMrunning?_ga=2.203172945.1541616462.1665402953-280172632.1649426001","article_modified_time":"2025-12-16T14:32:49+00:00","og_image":[{"width":600,"height":600,"url":"https:\/\/theomm.com\/wp-content\/uploads\/2022\/10\/AW19__Mens_Rotor_Vest_Update_Blue_Grey_Front.jpg","type":"image\/jpeg"}],"twitter_card":"summary_large_image","twitter_misc":{"Estimeret l\u00e6setid":"2 minutter"},"schema":{"@context":"https:\/\/schema.org","@graph":[{"@type":"WebPage","@id":"https:\/\/theomm.com\/da\/product\/rotor-vest-2\/","url":"https:\/\/theomm.com\/da\/product\/rotor-vest-2\/","name":"Rotor Vest - OMM","isPartOf":{"@id":"https:\/\/theomm.com\/#website"},"primaryImageOfPage":{"@id":"https:\/\/theomm.com\/da\/product\/rotor-vest-2\/#primaryimage"},"image":{"@id":"https:\/\/theomm.com\/da\/product\/rotor-vest-2\/#primaryimage"},"thumbnailUrl":"https:\/\/theomm.com\/wp-content\/uploads\/2022\/10\/AW19__Mens_Rotor_Vest_Update_Blue_Grey_Front.jpg","datePublished":"2021-03-16T10:40:55+00:00","dateModified":"2025-12-16T14:32:49+00:00","description":"Rotor Vesten, ultralet Primaloft\u00ae-isoleret vest. Syntetisk isolering af h\u00f8jeste kvalitet. Vind- og vandafvisende Super pakbar og let","breadcrumb":{"@id":"https:\/\/theomm.com\/da\/product\/rotor-vest-2\/#breadcrumb"},"inLanguage":"da-DK","potentialAction":[{"@type":"ReadAction","target":["https:\/\/theomm.com\/da\/product\/rotor-vest-2\/"]}]},{"@type":"ImageObject","inLanguage":"da-DK","@id":"https:\/\/theomm.com\/da\/product\/rotor-vest-2\/#primaryimage","url":"https:\/\/theomm.com\/wp-content\/uploads\/2022\/10\/AW19__Mens_Rotor_Vest_Update_Blue_Grey_Front.jpg","contentUrl":"https:\/\/theomm.com\/wp-content\/uploads\/2022\/10\/AW19__Mens_Rotor_Vest_Update_Blue_Grey_Front.jpg","width":600,"height":600},{"@type":"BreadcrumbList","@id":"https:\/\/theomm.com\/da\/product\/rotor-vest-2\/#breadcrumb","itemListElement":[{"@type":"ListItem","position":1,"name":"Home","item":"https:\/\/theomm.com\/da\/original-mountain-marathon\/"},{"@type":"ListItem","position":2,"name":"Produkter","item":"https:\/\/theomm.com\/da\/original-mountain-marathon\/produkter\/"},{"@type":"ListItem","position":3,"name":"Rotor Vest"}]},{"@type":"WebSite","@id":"https:\/\/theomm.com\/#website","url":"https:\/\/theomm.com\/","name":"OMM","description":"OMM is Technical clothing and equipment made for running in the mountains. Designed to the specifications of Original Mountain Marathon.","alternateName":"Original Mountain Marathon","potentialAction":[{"@type":"SearchAction","target":{"@type":"EntryPoint","urlTemplate":"https:\/\/theomm.com\/?s={search_term_string}"},"query-input":{"@type":"PropertyValueSpecification","valueRequired":true,"valueName":"search_term_string"}}],"inLanguage":"da-DK"}]}},"_links":{"self":[{"href":"https:\/\/theomm.com\/da\/wp-json\/wp\/v2\/product\/160747","targetHints":{"allow":["GET"]}}],"collection":[{"href":"https:\/\/theomm.com\/da\/wp-json\/wp\/v2\/product"}],"about":[{"href":"https:\/\/theomm.com\/da\/wp-json\/wp\/v2\/types\/product"}],"wp:featuredmedia":[{"embeddable":true,"href":"https:\/\/theomm.com\/da\/wp-json\/wp\/v2\/media\/152124"}],"wp:attachment":[{"href":"https:\/\/theomm.com\/da\/wp-json\/wp\/v2\/media?parent=160747"}],"wp:term":[{"taxonomy":"locations","embeddable":true,"href":"https:\/\/theomm.com\/da\/wp-json\/wp\/v2\/locations?post=160747"},{"taxonomy":"product_brand","embeddable":true,"href":"https:\/\/theomm.com\/da\/wp-json\/wp\/v2\/product_brand?post=160747"},{"taxonomy":"product_cat","embeddable":true,"href":"https:\/\/theomm.com\/da\/wp-json\/wp\/v2\/product_cat?post=160747"},{"taxonomy":"product_tag","embeddable":true,"href":"https:\/\/theomm.com\/da\/wp-json\/wp\/v2\/product_tag?post=160747"}],"curies":[{"name":"wp","href":"https:\/\/api.w.org\/{rel}","templated":true}]}}