{"id":160763,"date":"2021-09-16T10:43:58","date_gmt":"2021-09-16T10:43:58","guid":{"rendered":"https:\/\/theomm.com\/product\/barrage-jacket-2\/"},"modified":"2026-02-15T12:34:24","modified_gmt":"2026-02-15T12:34:24","slug":"barrage-jacket-2","status":"publish","type":"product","link":"https:\/\/theomm.com\/da\/product\/barrage-jacket-2\/","title":{"rendered":"Barrage Jacket"},"content":{"rendered":"<p>Barrage-jakken, f\u00f8r og efter begivenheden Primaloft\u00ae-isoleret jakke til kolde og v\u00e5de l\u00f8bsdage. Primaloft\u00ae Cross-Core Gold med Cross Core, den h\u00f8jeste kvalitet inden for syntetisk isolering. Vind- og vandt\u00e6t s\u00f8vndragtkompatibel<\/p>\n<p><img decoding=\"async\" src=\"https:\/\/theomm.com\/wp-content\/uploads\/2023\/10\/Barrage-Jacket-Header-300x134.jpg\" \/><\/p>\n<p><img decoding=\"async\" src=\"https:\/\/theomm.com\/wp-content\/uploads\/2023\/08\/Barrage-Jacket-Side-Lifestyle-223x300.jpg\" \/><\/p>\n<p><img decoding=\"async\" src=\"https:\/\/theomm.com\/wp-content\/uploads\/2022\/10\/OC132-Barrage-Jacket-side-Lifestyle-2-300x194.jpg\" alt=\"Barrage Jacket\" \/><\/p>\n<p>PRIMO- OG POST-EVENT PRIMALOFT\u00ae ISOLERET JAKKE TIL KOLDE OG V\u00c5DE L\u00d8BEDAGE<\/p>\n<p>Vores gennempr\u00f8vede og testede letteste vandt\u00e6tte stof er blevet brugt til at skabe et beskyttende lag, der er helt anderledes end noget andet, vi har lavet f\u00f8r. PointZero H20-stoffet er fuldst\u00e6ndig vind- og vandt\u00e6t og er vores foretrukne vandt\u00e6tte stof til l\u00f8b.<\/p>\n<p>Barrage-jakken kan kobles sammen med Rotor-bukserne og Foot Pod for at skabe et ultralet alternativ til en sovepose. Sovet\u00f8jet er designet til at g\u00e5 rundt i lejren og til lette overnatninger.<\/p>\n<p>Fuldt vandt\u00e6t med tapede s\u00f8mme.<br \/>Vindt\u00e6t.<br \/>PrimaLoft\u00ae GOLD med Cross Core 80\/40 g\/m2.<br \/>Fleeceforede lommer<br \/>L\u00f8st siddende yderlag<br \/>Konstruktion med smalle manchetter<br \/>Sn\u00f8re i forneden<\/p>\n<p>&nbsp;<\/p>\n<p>Farver: Gr\u00e5\/sort, gr\u00f8n\/marinebl\u00e5<br \/>Materiale: PointZero H2O\/PrimaLoft\u00ae Gold med Cross Core<br \/>V\u00e6gt: 400 g<br \/>St\u00f8rrelser: XS \/ S \/ M \/ L\/ XL<\/p>\n<p>Med 80 g\/m2 h\u00f8jkvalitets PrimaLoft\u00ae Gold med Cross Core Technology i kroppen og 40 g\/m2 i \u00e6rmerne samt vores gennemtestede vandt\u00e6tte PointZero H2O-stof er Barrage din beskyttelse mod d\u00e5rligt vejr. Barrage kombinerer teknologier fra hele OMM-serien med det vandt\u00e6tte yderlag fra vores Wisp-serie og isoleringen fra Mountain Raid-sovsystemerne og Rotor-isoleringen. Barrage har ogs\u00e5 forbindelsesstykker, s\u00e5 den kan bruges sammen med Rotor Pant som sovepose. Den er lige s\u00e5 velegnet til de barske gader som til en v\u00e5d og bl\u00e6sende lejr p\u00e5 OMM, med fuldt justerbar h\u00e6tte og to h\u00e5ndvarmerlommer med lynl\u00e5s.<\/p>\n<p><img decoding=\"async\" src=\"https:\/\/theomm.com\/wp-content\/uploads\/2025\/08\/OC132_Barrage_Jacket_Blue_Front-300x300.jpg\" \/><img decoding=\"async\" src=\"https:\/\/theomm.com\/wp-content\/uploads\/2025\/03\/OC132_Barrage_Jacket_Black_Front_Hood-150x150.jpg\" \/><\/p>\n<p><img decoding=\"async\" src=\"https:\/\/theomm.com\/wp-content\/uploads\/2022\/10\/OC132_Barrage_Hood_Jacket_Grey_Angle-150x150.jpg\" alt=\"Barrage Jacket\" \/><\/p>\n<p><img decoding=\"async\" src=\"https:\/\/theomm.com\/wp-content\/uploads\/2023\/02\/OC132_Barrage_Jacket_Green_Navy_Front_Hood_Up-150x150.jpg\" \/><\/p>\n<p><img decoding=\"async\" src=\"https:\/\/theomm.com\/wp-content\/uploads\/2023\/02\/OC132_Barrage_Jacket_Green_Navy_Angle_Hood_Down-150x150.jpg\" \/><\/p>\n<p><img decoding=\"async\" src=\"https:\/\/theomm.com\/wp-content\/uploads\/2022\/10\/OC132_Barrage_Hood_Jacket_Grey_Front_Hood_Down-150x150.jpg\" alt=\"Barrage Jacket\" \/><\/p>\n<p><img decoding=\"async\" src=\"https:\/\/theomm.com\/wp-content\/uploads\/2025\/08\/OC132_Barrage_Jacket_Blue_Front_Hood-300x300.jpg\" \/><\/p>\n<p><img decoding=\"async\" src=\"https:\/\/theomm.com\/wp-content\/uploads\/2025\/08\/OC132_Barrage_Jacket_Blue_Front_Angle-300x300.jpg\" \/><\/p>\n<p><img decoding=\"async\" src=\"https:\/\/theomm.com\/wp-content\/uploads\/2025\/08\/OC132_Barrage_Jacket_Blue_Back-300x300.jpg\" \/><\/p>\n<p><img decoding=\"async\" src=\"https:\/\/theomm.com\/wp-content\/uploads\/2025\/03\/OC132_Barrage_Jacket_Black_Front-150x150.jpg\" \/><\/p>\n<p><img decoding=\"async\" src=\"https:\/\/theomm.com\/wp-content\/uploads\/2025\/03\/OC132_Barrage_Jacket_Black_Front_Angle-150x150.jpg\" \/><\/p>\n<p><img decoding=\"async\" src=\"https:\/\/theomm.com\/wp-content\/uploads\/2025\/03\/OC132_Barrage_Jacket_Black_Back-150x150.jpg\" \/><\/p>\n","protected":false},"excerpt":{"rendered":"<p>Using 80g\/m2 of the highest quality PrimaLoft\u00ae Gold with Cross Core Technology on the body and 40g\/m2 on the arms, together with our proven PointZero H2O waterproof fabric, Barrage is your protection against bad weather. Combining technologies from across the OMM range, Barrage features waterproof outer fabric from our Wisp range and insulation from our Mountain Raid sleeping systems and Rotor range. Barrage can be combined with Rotor Pants to function as a sleeping system. Fully adjustable hood and two warm zippered pockets.<\/p>\n","protected":false},"featured_media":156238,"template":"","meta":{"_acf_changed":false,"_et_pb_use_builder":"","_et_pb_old_content":"","_et_gb_content_width":""},"locations":[],"product_brand":[],"product_cat":[1253,1256],"product_tag":[1894,3113,1937,1914,2879,3114,1681,3115],"class_list":{"0":"post-160763","1":"product","2":"type-product","3":"status-publish","4":"has-post-thumbnail","6":"product_cat-isolering","7":"product_cat-ydre-lag","8":"product_tag-barrage-jacket-da","9":"product_tag-hiking-jacket","10":"product_tag-insulation-da","11":"product_tag-jacket-da","12":"product_tag-ommshop","13":"product_tag-outer-layer","14":"product_tag-running-jacket-da","15":"product_tag-running-outer-layer","16":"pa_colour-bla-navy","17":"pa_colour-gra","18":"pa_colour-gra-sort","19":"pa_colour-gron-sort","20":"pa_colour-navy-green","21":"pa_colour-sort","22":"pa_size-stor","23":"pa_size-middel","24":"pa_size-lille","25":"pa_size-x-stor","26":"pa_size-x-lille","28":"first","29":"instock","30":"taxable","31":"shipping-taxable","32":"purchasable","33":"product-type-variable","34":"wvs-archive-product-wrapper"},"acf":[],"yoast_head":"<!-- This site is optimized with the Yoast SEO plugin v27.3 - https:\/\/yoast.com\/product\/yoast-seo-wordpress\/ -->\n<title>Barrage Jacket - OMM<\/title>\n<meta name=\"description\" content=\"Barrage-jakken, en PrimaLoft\u00ae-isolationsjakke til brug f\u00f8r og efter begivenheden p\u00e5 kolde og v\u00e5de l\u00f8bsdage. PrimaLoft\u00ae Cross-Core Gold med Cross Core, den h\u00f8jeste kvalitet af syntetisk isolering. Vind- og vandt\u00e6t, kompatibel med sovedragt.\" \/>\n<meta name=\"robots\" content=\"index, follow, max-snippet:-1, max-image-preview:large, max-video-preview:-1\" \/>\n<link rel=\"canonical\" href=\"https:\/\/theomm.com\/da\/product\/barrage-jacket-2\/\" \/>\n<meta property=\"og:locale\" content=\"da_DK\" \/>\n<meta property=\"og:type\" content=\"article\" \/>\n<meta property=\"og:title\" content=\"The OMM Barrage Jacket\" \/>\n<meta property=\"og:description\" content=\"The Barrage Jacket, Pre- And Post-Event Primaloft\u00ae Insulated Jacket For Cold And Wet Race Days. Primaloft\u00ae Cross-Core Gold With Cross Core, The Highest Quality Synthetic Insulation.\" \/>\n<meta property=\"og:url\" content=\"https:\/\/theomm.com\/da\/product\/barrage-jacket-2\/\" \/>\n<meta property=\"og:site_name\" content=\"OMM\" \/>\n<meta property=\"article:publisher\" content=\"https:\/\/www.facebook.com\/OMMrunning?_ga=2.203172945.1541616462.1665402953-280172632.1649426001\" \/>\n<meta property=\"article:modified_time\" content=\"2026-02-15T12:34:24+00:00\" \/>\n<meta property=\"og:image\" content=\"https:\/\/theomm.com\/wp-content\/uploads\/2021\/09\/Barrage-Jacket-mens-300x300.jpg\" \/>\n<meta name=\"twitter:card\" content=\"summary_large_image\" \/>\n<meta name=\"twitter:label1\" content=\"Estimeret l\u00e6setid\" \/>\n\t<meta name=\"twitter:data1\" content=\"1 minut\" \/>\n<script type=\"application\/ld+json\" class=\"yoast-schema-graph\">{\"@context\":\"https:\\\/\\\/schema.org\",\"@graph\":[{\"@type\":\"WebPage\",\"@id\":\"https:\\\/\\\/theomm.com\\\/da\\\/product\\\/barrage-jacket-2\\\/\",\"url\":\"https:\\\/\\\/theomm.com\\\/da\\\/product\\\/barrage-jacket-2\\\/\",\"name\":\"Barrage Jacket - OMM\",\"isPartOf\":{\"@id\":\"https:\\\/\\\/theomm.com\\\/#website\"},\"primaryImageOfPage\":{\"@id\":\"https:\\\/\\\/theomm.com\\\/da\\\/product\\\/barrage-jacket-2\\\/#primaryimage\"},\"image\":{\"@id\":\"https:\\\/\\\/theomm.com\\\/da\\\/product\\\/barrage-jacket-2\\\/#primaryimage\"},\"thumbnailUrl\":\"https:\\\/\\\/theomm.com\\\/wp-content\\\/uploads\\\/2023\\\/02\\\/OC132_Barrage_Jacket_Green_Navy_Front_Hood_Down.jpg\",\"datePublished\":\"2021-09-16T10:43:58+00:00\",\"dateModified\":\"2026-02-15T12:34:24+00:00\",\"description\":\"Barrage-jakken, en PrimaLoft\u00ae-isolationsjakke til brug f\u00f8r og efter begivenheden p\u00e5 kolde og v\u00e5de l\u00f8bsdage. PrimaLoft\u00ae Cross-Core Gold med Cross Core, den h\u00f8jeste kvalitet af syntetisk isolering. Vind- og vandt\u00e6t, kompatibel med sovedragt.\",\"breadcrumb\":{\"@id\":\"https:\\\/\\\/theomm.com\\\/da\\\/product\\\/barrage-jacket-2\\\/#breadcrumb\"},\"inLanguage\":\"da-DK\",\"potentialAction\":[{\"@type\":\"ReadAction\",\"target\":[\"https:\\\/\\\/theomm.com\\\/da\\\/product\\\/barrage-jacket-2\\\/\"]}]},{\"@type\":\"ImageObject\",\"inLanguage\":\"da-DK\",\"@id\":\"https:\\\/\\\/theomm.com\\\/da\\\/product\\\/barrage-jacket-2\\\/#primaryimage\",\"url\":\"https:\\\/\\\/theomm.com\\\/wp-content\\\/uploads\\\/2023\\\/02\\\/OC132_Barrage_Jacket_Green_Navy_Front_Hood_Down.jpg\",\"contentUrl\":\"https:\\\/\\\/theomm.com\\\/wp-content\\\/uploads\\\/2023\\\/02\\\/OC132_Barrage_Jacket_Green_Navy_Front_Hood_Down.jpg\",\"width\":600,\"height\":600},{\"@type\":\"BreadcrumbList\",\"@id\":\"https:\\\/\\\/theomm.com\\\/da\\\/product\\\/barrage-jacket-2\\\/#breadcrumb\",\"itemListElement\":[{\"@type\":\"ListItem\",\"position\":1,\"name\":\"Home\",\"item\":\"https:\\\/\\\/theomm.com\\\/da\\\/original-mountain-marathon\\\/\"},{\"@type\":\"ListItem\",\"position\":2,\"name\":\"Produkter\",\"item\":\"https:\\\/\\\/theomm.com\\\/da\\\/original-mountain-marathon\\\/produkter\\\/\"},{\"@type\":\"ListItem\",\"position\":3,\"name\":\"Barrage Jacket\"}]},{\"@type\":\"WebSite\",\"@id\":\"https:\\\/\\\/theomm.com\\\/#website\",\"url\":\"https:\\\/\\\/theomm.com\\\/\",\"name\":\"OMM\",\"description\":\"OMM is Technical clothing and equipment made for running in the mountains. Designed to the specifications of Original Mountain Marathon.\",\"alternateName\":\"Original Mountain Marathon\",\"potentialAction\":[{\"@type\":\"SearchAction\",\"target\":{\"@type\":\"EntryPoint\",\"urlTemplate\":\"https:\\\/\\\/theomm.com\\\/?s={search_term_string}\"},\"query-input\":{\"@type\":\"PropertyValueSpecification\",\"valueRequired\":true,\"valueName\":\"search_term_string\"}}],\"inLanguage\":\"da-DK\"}]}<\/script>\n<!-- \/ Yoast SEO plugin. -->","yoast_head_json":{"title":"Barrage Jacket - OMM","description":"Barrage-jakken, en PrimaLoft\u00ae-isolationsjakke til brug f\u00f8r og efter begivenheden p\u00e5 kolde og v\u00e5de l\u00f8bsdage. PrimaLoft\u00ae Cross-Core Gold med Cross Core, den h\u00f8jeste kvalitet af syntetisk isolering. Vind- og vandt\u00e6t, kompatibel med sovedragt.","robots":{"index":"index","follow":"follow","max-snippet":"max-snippet:-1","max-image-preview":"max-image-preview:large","max-video-preview":"max-video-preview:-1"},"canonical":"https:\/\/theomm.com\/da\/product\/barrage-jacket-2\/","og_locale":"da_DK","og_type":"article","og_title":"The OMM Barrage Jacket","og_description":"The Barrage Jacket, Pre- And Post-Event Primaloft\u00ae Insulated Jacket For Cold And Wet Race Days. Primaloft\u00ae Cross-Core Gold With Cross Core, The Highest Quality Synthetic Insulation.","og_url":"https:\/\/theomm.com\/da\/product\/barrage-jacket-2\/","og_site_name":"OMM","article_publisher":"https:\/\/www.facebook.com\/OMMrunning?_ga=2.203172945.1541616462.1665402953-280172632.1649426001","article_modified_time":"2026-02-15T12:34:24+00:00","og_image":[{"url":"https:\/\/theomm.com\/wp-content\/uploads\/2021\/09\/Barrage-Jacket-mens-300x300.jpg","type":"","width":"","height":""}],"twitter_card":"summary_large_image","twitter_misc":{"Estimeret l\u00e6setid":"1 minut"},"schema":{"@context":"https:\/\/schema.org","@graph":[{"@type":"WebPage","@id":"https:\/\/theomm.com\/da\/product\/barrage-jacket-2\/","url":"https:\/\/theomm.com\/da\/product\/barrage-jacket-2\/","name":"Barrage Jacket - OMM","isPartOf":{"@id":"https:\/\/theomm.com\/#website"},"primaryImageOfPage":{"@id":"https:\/\/theomm.com\/da\/product\/barrage-jacket-2\/#primaryimage"},"image":{"@id":"https:\/\/theomm.com\/da\/product\/barrage-jacket-2\/#primaryimage"},"thumbnailUrl":"https:\/\/theomm.com\/wp-content\/uploads\/2023\/02\/OC132_Barrage_Jacket_Green_Navy_Front_Hood_Down.jpg","datePublished":"2021-09-16T10:43:58+00:00","dateModified":"2026-02-15T12:34:24+00:00","description":"Barrage-jakken, en PrimaLoft\u00ae-isolationsjakke til brug f\u00f8r og efter begivenheden p\u00e5 kolde og v\u00e5de l\u00f8bsdage. PrimaLoft\u00ae Cross-Core Gold med Cross Core, den h\u00f8jeste kvalitet af syntetisk isolering. Vind- og vandt\u00e6t, kompatibel med sovedragt.","breadcrumb":{"@id":"https:\/\/theomm.com\/da\/product\/barrage-jacket-2\/#breadcrumb"},"inLanguage":"da-DK","potentialAction":[{"@type":"ReadAction","target":["https:\/\/theomm.com\/da\/product\/barrage-jacket-2\/"]}]},{"@type":"ImageObject","inLanguage":"da-DK","@id":"https:\/\/theomm.com\/da\/product\/barrage-jacket-2\/#primaryimage","url":"https:\/\/theomm.com\/wp-content\/uploads\/2023\/02\/OC132_Barrage_Jacket_Green_Navy_Front_Hood_Down.jpg","contentUrl":"https:\/\/theomm.com\/wp-content\/uploads\/2023\/02\/OC132_Barrage_Jacket_Green_Navy_Front_Hood_Down.jpg","width":600,"height":600},{"@type":"BreadcrumbList","@id":"https:\/\/theomm.com\/da\/product\/barrage-jacket-2\/#breadcrumb","itemListElement":[{"@type":"ListItem","position":1,"name":"Home","item":"https:\/\/theomm.com\/da\/original-mountain-marathon\/"},{"@type":"ListItem","position":2,"name":"Produkter","item":"https:\/\/theomm.com\/da\/original-mountain-marathon\/produkter\/"},{"@type":"ListItem","position":3,"name":"Barrage Jacket"}]},{"@type":"WebSite","@id":"https:\/\/theomm.com\/#website","url":"https:\/\/theomm.com\/","name":"OMM","description":"OMM is Technical clothing and equipment made for running in the mountains. Designed to the specifications of Original Mountain Marathon.","alternateName":"Original Mountain Marathon","potentialAction":[{"@type":"SearchAction","target":{"@type":"EntryPoint","urlTemplate":"https:\/\/theomm.com\/?s={search_term_string}"},"query-input":{"@type":"PropertyValueSpecification","valueRequired":true,"valueName":"search_term_string"}}],"inLanguage":"da-DK"}]}},"_links":{"self":[{"href":"https:\/\/theomm.com\/da\/wp-json\/wp\/v2\/product\/160763","targetHints":{"allow":["GET"]}}],"collection":[{"href":"https:\/\/theomm.com\/da\/wp-json\/wp\/v2\/product"}],"about":[{"href":"https:\/\/theomm.com\/da\/wp-json\/wp\/v2\/types\/product"}],"wp:featuredmedia":[{"embeddable":true,"href":"https:\/\/theomm.com\/da\/wp-json\/wp\/v2\/media\/156238"}],"wp:attachment":[{"href":"https:\/\/theomm.com\/da\/wp-json\/wp\/v2\/media?parent=160763"}],"wp:term":[{"taxonomy":"locations","embeddable":true,"href":"https:\/\/theomm.com\/da\/wp-json\/wp\/v2\/locations?post=160763"},{"taxonomy":"product_brand","embeddable":true,"href":"https:\/\/theomm.com\/da\/wp-json\/wp\/v2\/product_brand?post=160763"},{"taxonomy":"product_cat","embeddable":true,"href":"https:\/\/theomm.com\/da\/wp-json\/wp\/v2\/product_cat?post=160763"},{"taxonomy":"product_tag","embeddable":true,"href":"https:\/\/theomm.com\/da\/wp-json\/wp\/v2\/product_tag?post=160763"}],"curies":[{"name":"wp","href":"https:\/\/api.w.org\/{rel}","templated":true}]}}