{"id":160778,"date":"2023-02-27T10:44:15","date_gmt":"2023-02-27T10:44:15","guid":{"rendered":"https:\/\/theomm.com\/product\/bearing-tee-s-s-2\/"},"modified":"2026-03-17T14:16:51","modified_gmt":"2026-03-17T14:16:51","slug":"bearing-tee-s-s-2","status":"publish","type":"product","link":"https:\/\/theomm.com\/da\/product\/bearing-tee-s-s-2\/","title":{"rendered":"Bearing Tee S\/S"},"content":{"rendered":"<p>Bevaring Tee S\/S &#8211; Bearing Tee&#8217;en bruger et 4-vejs stretch CoolPlus stof, for at skabe en teknisk t-shirt, der er h\u00f8jtransporterende og tillader fuld bev\u00e6gelighed p\u00e5 farten. Raglan \u00e6rmerne og flatlock-s\u00f8mmene minimerer gnidningspunkter p\u00e5 tv\u00e6rs af ryggen og skuldrene. T-shirten har ogs\u00e5 Polygiene antibakteriel og lugtkontrol. TEKNISK KORT\u00c6RMET T-SHIRT MED RAGLAN KONSTRUKTION HIGH WICKING 100% POLYESTER STOF. Bearing Tee bruger et dobbeltlags polyesterstof strikket for at skabe et mesh med fremragende fugttransporterende egenskaber. Fjernelse af fugt fra huden er afg\u00f8rende for komfort og sikkerhed, n\u00e5r du er p\u00e5 l\u00e6ngere l\u00f8b. POLYGIENE ANTI-BAKTERIEEL LUGTKONTROL Den svenske virksomhed Polygiene er f\u00f8rende inden for t\u00f8jbehandlinger, der forhindrer opbygning af bakterier p\u00e5 t\u00f8j og hud. Dette gavner hudens sundhed ved at forhindre overfladeinfektioner og fjerner ogs\u00e5 ubehagelige lugte skabt af bakteriel nedbrydning ved sved. Vi sveder alle. Dette regulerer temperaturen, sm\u00f8rer huden og vasker olier og snavs ud af vores porer. Desv\u00e6rre giver grobund for bakteriers formering. Polygiene bruger s\u00f8lvioner (naturligt forekommende) for at forhindre, at bakterierne formerer sig. RAGLAN\u00c6RMER En lidt dyrere m\u00e5de at konstruere et t\u00f8j p\u00e5, der g\u00f8r det muligt at fjerne s\u00f8mmen p\u00e5 toppen af skulderen, der kan gnide under en rygs\u00e6k.<\/p>\n<p>Bering T-shirt S\/S:<\/p>\n<p>Raglan \u00e6rme<\/p>\n<p>4 vejs str\u00e6k<\/p>\n<p>Flatlock s\u00f8m<\/p>\n<p>H\u00f8j fugttransport<\/p>\n<p>Polygiene antibakteriel lugtkontrol<\/p>\n<p>SPF &gt;50 Farver: M\u00f8rker\u00f8d, Bl\u00e5, Gr\u00f8n, Gr\u00e5, Gul, Sort<\/p>\n<p>Stof: Coolplus Polyester<\/p>\n<p>V\u00e6gt: 125g<\/p>\n<p>St\u00f8rrelser: XS \/ S \/ M \/ L \/ XL<\/p>\n","protected":false},"excerpt":{"rendered":"<p>Bearing Tee&#8217;en bruger et 4-vejs stretch CoolPlus stof, for at skabe en teknisk t-shirt, der er h\u00f8jtransporterende og tillader fuld bev\u00e6gelighed p\u00e5 farten. Raglan \u00e6rmerne og flatlock-s\u00f8mmene minimerer gnidningspunkter p\u00e5 tv\u00e6rs af ryggen og skuldrene. T-shirten har ogs\u00e5 Polygiene antibakteriel og lugtkontrol.<\/p>\n","protected":false},"featured_media":156254,"template":"","meta":{"_acf_changed":false,"_et_pb_use_builder":"","_et_pb_old_content":"","_et_gb_content_width":""},"locations":[],"product_brand":[],"product_cat":[1251],"product_tag":[2879],"class_list":{"0":"post-160778","1":"product","2":"type-product","3":"status-publish","4":"has-post-thumbnail","6":"product_cat-foerste-lag","7":"product_tag-ommshop","8":"pa_colour-aqua-da","9":"pa_colour-bla","10":"pa_colour-bla-kompas","11":"pa_colour-gronne-bjerge","12":"pa_colour-gul","13":"pa_colour-navy-da","14":"pa_colour-sort","15":"pa_size-stor","16":"pa_size-middel","17":"pa_size-lille","18":"pa_size-x-stor","19":"pa_size-x-lille","21":"first","22":"instock","23":"taxable","24":"shipping-taxable","25":"purchasable","26":"product-type-variable","27":"wvs-archive-product-wrapper"},"acf":[],"yoast_head":"<!-- This site is optimized with the Yoast SEO plugin v27.3 - https:\/\/yoast.com\/product\/yoast-seo-wordpress\/ -->\n<title>Bearing Tee S\/S - OMM<\/title>\n<meta name=\"description\" content=\"The Bearing Tee S\/S, Technical Short Sleeve Tee Raglan Konstruction. H\u00f8jtransporterende 100% polyesterstof. Polygiene antibakteriel behandling\" \/>\n<meta name=\"robots\" content=\"index, follow, max-snippet:-1, max-image-preview:large, max-video-preview:-1\" \/>\n<link rel=\"canonical\" href=\"https:\/\/theomm.com\/da\/product\/bearing-tee-s-s-2\/\" \/>\n<meta property=\"og:locale\" content=\"da_DK\" \/>\n<meta property=\"og:type\" content=\"article\" \/>\n<meta property=\"og:title\" content=\"Bearing Tee S\/S - OMM\" \/>\n<meta property=\"og:description\" content=\"The Bearing Tee S\/S, Technical Short Sleeve Tee Raglan Konstruction. H\u00f8jtransporterende 100% polyesterstof. Polygiene antibakteriel behandling\" \/>\n<meta property=\"og:url\" content=\"https:\/\/theomm.com\/da\/product\/bearing-tee-s-s-2\/\" \/>\n<meta property=\"og:site_name\" content=\"OMM\" \/>\n<meta property=\"article:publisher\" content=\"https:\/\/www.facebook.com\/OMMrunning?_ga=2.203172945.1541616462.1665402953-280172632.1649426001\" \/>\n<meta property=\"article:modified_time\" content=\"2026-03-17T14:16:51+00:00\" \/>\n<meta property=\"og:image\" content=\"https:\/\/theomm.com\/wp-content\/uploads\/2023\/02\/OC137_Bearing_Tee_Blue_Japan_Front.jpg\" \/>\n\t<meta property=\"og:image:width\" content=\"600\" \/>\n\t<meta property=\"og:image:height\" content=\"600\" \/>\n\t<meta property=\"og:image:type\" content=\"image\/jpeg\" \/>\n<meta name=\"twitter:card\" content=\"summary_large_image\" \/>\n<meta name=\"twitter:label1\" content=\"Estimeret l\u00e6setid\" \/>\n\t<meta name=\"twitter:data1\" content=\"1 minut\" \/>\n<script type=\"application\/ld+json\" class=\"yoast-schema-graph\">{\"@context\":\"https:\\\/\\\/schema.org\",\"@graph\":[{\"@type\":\"WebPage\",\"@id\":\"https:\\\/\\\/theomm.com\\\/da\\\/product\\\/bearing-tee-s-s-2\\\/\",\"url\":\"https:\\\/\\\/theomm.com\\\/da\\\/product\\\/bearing-tee-s-s-2\\\/\",\"name\":\"Bearing Tee S\\\/S - OMM\",\"isPartOf\":{\"@id\":\"https:\\\/\\\/theomm.com\\\/#website\"},\"primaryImageOfPage\":{\"@id\":\"https:\\\/\\\/theomm.com\\\/da\\\/product\\\/bearing-tee-s-s-2\\\/#primaryimage\"},\"image\":{\"@id\":\"https:\\\/\\\/theomm.com\\\/da\\\/product\\\/bearing-tee-s-s-2\\\/#primaryimage\"},\"thumbnailUrl\":\"https:\\\/\\\/theomm.com\\\/wp-content\\\/uploads\\\/2023\\\/02\\\/OC137_Bearing_Tee_Blue_Japan_Front.jpg\",\"datePublished\":\"2023-02-27T10:44:15+00:00\",\"dateModified\":\"2026-03-17T14:16:51+00:00\",\"description\":\"The Bearing Tee S\\\/S, Technical Short Sleeve Tee Raglan Konstruction. H\u00f8jtransporterende 100% polyesterstof. Polygiene antibakteriel behandling\",\"breadcrumb\":{\"@id\":\"https:\\\/\\\/theomm.com\\\/da\\\/product\\\/bearing-tee-s-s-2\\\/#breadcrumb\"},\"inLanguage\":\"da-DK\",\"potentialAction\":[{\"@type\":\"ReadAction\",\"target\":[\"https:\\\/\\\/theomm.com\\\/da\\\/product\\\/bearing-tee-s-s-2\\\/\"]}]},{\"@type\":\"ImageObject\",\"inLanguage\":\"da-DK\",\"@id\":\"https:\\\/\\\/theomm.com\\\/da\\\/product\\\/bearing-tee-s-s-2\\\/#primaryimage\",\"url\":\"https:\\\/\\\/theomm.com\\\/wp-content\\\/uploads\\\/2023\\\/02\\\/OC137_Bearing_Tee_Blue_Japan_Front.jpg\",\"contentUrl\":\"https:\\\/\\\/theomm.com\\\/wp-content\\\/uploads\\\/2023\\\/02\\\/OC137_Bearing_Tee_Blue_Japan_Front.jpg\",\"width\":600,\"height\":600},{\"@type\":\"BreadcrumbList\",\"@id\":\"https:\\\/\\\/theomm.com\\\/da\\\/product\\\/bearing-tee-s-s-2\\\/#breadcrumb\",\"itemListElement\":[{\"@type\":\"ListItem\",\"position\":1,\"name\":\"Home\",\"item\":\"https:\\\/\\\/theomm.com\\\/da\\\/original-mountain-marathon\\\/\"},{\"@type\":\"ListItem\",\"position\":2,\"name\":\"Produkter\",\"item\":\"https:\\\/\\\/theomm.com\\\/da\\\/original-mountain-marathon\\\/produkter\\\/\"},{\"@type\":\"ListItem\",\"position\":3,\"name\":\"Bearing Tee S\\\/S\"}]},{\"@type\":\"WebSite\",\"@id\":\"https:\\\/\\\/theomm.com\\\/#website\",\"url\":\"https:\\\/\\\/theomm.com\\\/\",\"name\":\"OMM\",\"description\":\"OMM is Technical clothing and equipment made for running in the mountains. Designed to the specifications of Original Mountain Marathon.\",\"alternateName\":\"Original Mountain Marathon\",\"potentialAction\":[{\"@type\":\"SearchAction\",\"target\":{\"@type\":\"EntryPoint\",\"urlTemplate\":\"https:\\\/\\\/theomm.com\\\/?s={search_term_string}\"},\"query-input\":{\"@type\":\"PropertyValueSpecification\",\"valueRequired\":true,\"valueName\":\"search_term_string\"}}],\"inLanguage\":\"da-DK\"}]}<\/script>\n<!-- \/ Yoast SEO plugin. -->","yoast_head_json":{"title":"Bearing Tee S\/S - OMM","description":"The Bearing Tee S\/S, Technical Short Sleeve Tee Raglan Konstruction. H\u00f8jtransporterende 100% polyesterstof. Polygiene antibakteriel behandling","robots":{"index":"index","follow":"follow","max-snippet":"max-snippet:-1","max-image-preview":"max-image-preview:large","max-video-preview":"max-video-preview:-1"},"canonical":"https:\/\/theomm.com\/da\/product\/bearing-tee-s-s-2\/","og_locale":"da_DK","og_type":"article","og_title":"Bearing Tee S\/S - OMM","og_description":"The Bearing Tee S\/S, Technical Short Sleeve Tee Raglan Konstruction. H\u00f8jtransporterende 100% polyesterstof. Polygiene antibakteriel behandling","og_url":"https:\/\/theomm.com\/da\/product\/bearing-tee-s-s-2\/","og_site_name":"OMM","article_publisher":"https:\/\/www.facebook.com\/OMMrunning?_ga=2.203172945.1541616462.1665402953-280172632.1649426001","article_modified_time":"2026-03-17T14:16:51+00:00","og_image":[{"width":600,"height":600,"url":"https:\/\/theomm.com\/wp-content\/uploads\/2023\/02\/OC137_Bearing_Tee_Blue_Japan_Front.jpg","type":"image\/jpeg"}],"twitter_card":"summary_large_image","twitter_misc":{"Estimeret l\u00e6setid":"1 minut"},"schema":{"@context":"https:\/\/schema.org","@graph":[{"@type":"WebPage","@id":"https:\/\/theomm.com\/da\/product\/bearing-tee-s-s-2\/","url":"https:\/\/theomm.com\/da\/product\/bearing-tee-s-s-2\/","name":"Bearing Tee S\/S - OMM","isPartOf":{"@id":"https:\/\/theomm.com\/#website"},"primaryImageOfPage":{"@id":"https:\/\/theomm.com\/da\/product\/bearing-tee-s-s-2\/#primaryimage"},"image":{"@id":"https:\/\/theomm.com\/da\/product\/bearing-tee-s-s-2\/#primaryimage"},"thumbnailUrl":"https:\/\/theomm.com\/wp-content\/uploads\/2023\/02\/OC137_Bearing_Tee_Blue_Japan_Front.jpg","datePublished":"2023-02-27T10:44:15+00:00","dateModified":"2026-03-17T14:16:51+00:00","description":"The Bearing Tee S\/S, Technical Short Sleeve Tee Raglan Konstruction. H\u00f8jtransporterende 100% polyesterstof. Polygiene antibakteriel behandling","breadcrumb":{"@id":"https:\/\/theomm.com\/da\/product\/bearing-tee-s-s-2\/#breadcrumb"},"inLanguage":"da-DK","potentialAction":[{"@type":"ReadAction","target":["https:\/\/theomm.com\/da\/product\/bearing-tee-s-s-2\/"]}]},{"@type":"ImageObject","inLanguage":"da-DK","@id":"https:\/\/theomm.com\/da\/product\/bearing-tee-s-s-2\/#primaryimage","url":"https:\/\/theomm.com\/wp-content\/uploads\/2023\/02\/OC137_Bearing_Tee_Blue_Japan_Front.jpg","contentUrl":"https:\/\/theomm.com\/wp-content\/uploads\/2023\/02\/OC137_Bearing_Tee_Blue_Japan_Front.jpg","width":600,"height":600},{"@type":"BreadcrumbList","@id":"https:\/\/theomm.com\/da\/product\/bearing-tee-s-s-2\/#breadcrumb","itemListElement":[{"@type":"ListItem","position":1,"name":"Home","item":"https:\/\/theomm.com\/da\/original-mountain-marathon\/"},{"@type":"ListItem","position":2,"name":"Produkter","item":"https:\/\/theomm.com\/da\/original-mountain-marathon\/produkter\/"},{"@type":"ListItem","position":3,"name":"Bearing Tee S\/S"}]},{"@type":"WebSite","@id":"https:\/\/theomm.com\/#website","url":"https:\/\/theomm.com\/","name":"OMM","description":"OMM is Technical clothing and equipment made for running in the mountains. Designed to the specifications of Original Mountain Marathon.","alternateName":"Original Mountain Marathon","potentialAction":[{"@type":"SearchAction","target":{"@type":"EntryPoint","urlTemplate":"https:\/\/theomm.com\/?s={search_term_string}"},"query-input":{"@type":"PropertyValueSpecification","valueRequired":true,"valueName":"search_term_string"}}],"inLanguage":"da-DK"}]}},"_links":{"self":[{"href":"https:\/\/theomm.com\/da\/wp-json\/wp\/v2\/product\/160778","targetHints":{"allow":["GET"]}}],"collection":[{"href":"https:\/\/theomm.com\/da\/wp-json\/wp\/v2\/product"}],"about":[{"href":"https:\/\/theomm.com\/da\/wp-json\/wp\/v2\/types\/product"}],"wp:featuredmedia":[{"embeddable":true,"href":"https:\/\/theomm.com\/da\/wp-json\/wp\/v2\/media\/156254"}],"wp:attachment":[{"href":"https:\/\/theomm.com\/da\/wp-json\/wp\/v2\/media?parent=160778"}],"wp:term":[{"taxonomy":"locations","embeddable":true,"href":"https:\/\/theomm.com\/da\/wp-json\/wp\/v2\/locations?post=160778"},{"taxonomy":"product_brand","embeddable":true,"href":"https:\/\/theomm.com\/da\/wp-json\/wp\/v2\/product_brand?post=160778"},{"taxonomy":"product_cat","embeddable":true,"href":"https:\/\/theomm.com\/da\/wp-json\/wp\/v2\/product_cat?post=160778"},{"taxonomy":"product_tag","embeddable":true,"href":"https:\/\/theomm.com\/da\/wp-json\/wp\/v2\/product_tag?post=160778"}],"curies":[{"name":"wp","href":"https:\/\/api.w.org\/{rel}","templated":true}]}}