{"id":161035,"date":"2023-02-27T10:47:41","date_gmt":"2023-02-27T10:47:41","guid":{"rendered":"https:\/\/theomm.com\/product\/core-fleece-jacket-2\/"},"modified":"2025-09-10T17:04:07","modified_gmt":"2025-09-10T17:04:07","slug":"core-fleece-jacket-2","status":"publish","type":"product","link":"https:\/\/theomm.com\/da\/product\/core-fleece-jacket-2\/","title":{"rendered":"Core Fleece Jacket"},"content":{"rendered":"<p>Core Fleece Jacket &#8211; Et nyt koncept inden for aktiv isolering, OMM Core Range er lavet udelukkende af PrimaLoft\u00ae ACTIVE et ultralet isolerende stof. Core tilbyder varmen som en fleece, men med mindre end halvdelen af v\u00e6gten. Parret med en skal er Core en utrolig effektiv isolator, men takket v\u00e6re n\u00e6sten total luftgennemtr\u00e6ngelighed kan den letteste ventilation fjerne denne varme. Dette giver dig mulighed for at beholde dit Core-lag p\u00e5, selv n\u00e5r du har varmet op, og du kan varmeregulere ved at fjerne\/lukke din skal op (f.eks. Sonic vindt\u00e6t ved 49g). Core virker b\u00e5de v\u00e5dt og t\u00f8rt med utrolige fugttransporterende egenskaber for at sikre, at du ikke forbliver v\u00e5d l\u00e6nge.<\/p>\n<p>Med en lynl\u00e5s i fuld l\u00e6ngde og isolerede lommer er dette et fantastisk mellemlag som er lige s\u00e5 hjemme p\u00e5 bjerget som p\u00e5 en hviledag.<\/p>\n<p>Core Fleece-jakken bruger den mellemv\u00e6gtige 125g\/m2 PrimaLoft\u00ae ACTIVE Insulating Fabric Technology, den tungere version af det 75g\/m2 PrimaLoft\u00ae Active stof, der bruges i Core Vesten og Core Hoodie Prima Insulating\u00ae ADAPTABLE Stof v\u00e6ver PrimaLoft\u00ae-fibre p\u00e5 et mesh, hvilket giver en super h\u00f8j volumen og \u00e5ben struktur. Stoffer isolerer ved at fange luftlommer. Kernestrukturen er enest\u00e5ende til at skabe disse lommer. Men \u00e5benheden giver ogs\u00e5 mulighed for at den letteste ventilation gennem disse luftlommer fjerner isoleringseffekten. Core bruger dette til sin fordel. Tag en let skal p\u00e5 ovenover for at f\u00e5 den bedst mulige varme, og n\u00e5r du bliver for varmt, skal du kun justere\/fjerne skallen. HALV V\u00c6GT OG PAKNINGSST\u00d8RRELSE Et enkelt mesh-stof holder isoleringen p\u00e5 plads, hvilket reducerer behovet for ekstra stoflag og halverer v\u00e6gten og pakst\u00f8rrelsen. FINSTE KVALITETS SYNTETISK ISOLERING Hos OMM v\u00e6lger vi altid syntetisk isolering frem for dun for at v\u00e6re sikre p\u00e5, at vi kan f\u00e5 varmen, selv n\u00e5r alt er v\u00e5dt. Vi mener, at PrimaLoft\u00ae laver den bedste syntetiske isolering, og derfor er det et nemt valg for os. 125g\/m2 PrimaLoft\u00ae ACTIVE bruger 64% genbrugsmateriale, det er ogs\u00e5 bluesign og Oeke-Tex godkendt. Forts\u00e6tter med at isolere, selvom det er v\u00e5dt<\/p>\n<p>Flatlock-s\u00f8m placeret v\u00e6k fra skuldrene<\/p>\n<p>Lynl\u00e5s i fuld l\u00e6ngde<\/p>\n<p>H\u00e5ndvarmerlommer<\/p>\n<p>Bl\u00f8d rulle krave<\/p>\n<p>Reflekterende logo Farver: M\u00f8rkegr\u00f8n, Navy, Gr\u00e5, Sort<\/p>\n<p>Stof: PrimaLoft\u00ae ACTIVE 125g\/m2<\/p>\n<p>V\u00e6gt: 195g<\/p>\n","protected":false},"excerpt":{"rendered":"<p>Et nyt koncept inden for aktiv isolering, OMM Core Range er lavet udelukkende af PrimaLoft\u00ae ACTIVE et ultralet isolerende stof. Core tilbyder varmen som en fleece, men med mindre end halvdelen af v\u00e6gten. Parret med en skal er Core en utrolig effektiv isolator, men takket v\u00e6re n\u00e6sten total luftgennemtr\u00e6ngelighed kan den letteste ventilation fjerne denne varme. Dette giver dig mulighed for at beholde dit Core-lag p\u00e5, selv n\u00e5r du har varmet op, og du kan varmeregulere ved at fjerne\/lukke din skal op (f.eks. Sonic vindt\u00e6t ved 49g). Core virker b\u00e5de v\u00e5dt og t\u00f8rt med utrolige fugttransporterende egenskaber for at sikre, at du ikke forbliver v\u00e5d l\u00e6nge.<\/p>\n","protected":false},"featured_media":152610,"template":"","meta":{"_acf_changed":false,"_et_pb_use_builder":"","_et_pb_old_content":"","_et_gb_content_width":""},"locations":[],"product_brand":[],"product_cat":[1250,1257,1255],"product_tag":[1533,1915,1916,1914,1917,1912,1911,1913,1918,1919],"class_list":{"0":"post-161035","1":"product","2":"type-product","3":"status-publish","4":"has-post-thumbnail","6":"product_cat-beklaedning","7":"product_cat-core-da","8":"product_cat-mellemlag","9":"product_tag-core-da","10":"product_tag-fleece-jacket-da","11":"product_tag-insulated-jacket-da","12":"product_tag-jacket-da","13":"product_tag-mid-layer-da","14":"product_tag-omm-core-jacket-da","15":"product_tag-primaloft-insulation-da","16":"product_tag-running-insualtion-da","17":"product_tag-warm-da","18":"product_tag-warmth-da","19":"pa_color-flade","20":"pa_color-gra","21":"pa_color-gron","22":"pa_color-sort","23":"pa_colour-gra","24":"pa_colour-morkegron","25":"pa_colour-navy-da","26":"pa_colour-sort","27":"pa_gender-mens-da","28":"pa_size-stor","29":"pa_size-middel","30":"pa_size-lille","31":"pa_size-x-stor","32":"pa_size-x-lille","33":"pa_technology-primaloft-active","34":"pa_weight-100-200g","36":"first","37":"instock","38":"taxable","39":"shipping-taxable","40":"purchasable","41":"product-type-variable","42":"wvs-archive-product-wrapper"},"acf":[],"yoast_head":"<!-- This site is optimized with the Yoast SEO plugin v27.3 - https:\/\/yoast.com\/product\/yoast-seo-wordpress\/ -->\n<title>Core Fleece Jacket - OMM<\/title>\n<meta name=\"description\" content=\"Core Fleece-jakken, letv\u00e6gts luftgennemtr\u00e6ngelig Primaloft\u00ae tilpasningsbar isolering. Halv v\u00e6gt og pakst\u00f8rrelse, hurtigt\u00f8rrende og varm\" \/>\n<meta name=\"robots\" content=\"index, follow, max-snippet:-1, max-image-preview:large, max-video-preview:-1\" \/>\n<link rel=\"canonical\" href=\"https:\/\/theomm.com\/da\/product\/core-fleece-jacket-2\/\" \/>\n<meta property=\"og:locale\" content=\"da_DK\" \/>\n<meta property=\"og:type\" content=\"article\" \/>\n<meta property=\"og:title\" content=\"Core Fleece Jacket - OMM\" \/>\n<meta property=\"og:description\" content=\"Core Fleece-jakken, letv\u00e6gts luftgennemtr\u00e6ngelig Primaloft\u00ae tilpasningsbar isolering. Halv v\u00e6gt og pakst\u00f8rrelse, hurtigt\u00f8rrende og varm\" \/>\n<meta property=\"og:url\" content=\"https:\/\/theomm.com\/da\/product\/core-fleece-jacket-2\/\" \/>\n<meta property=\"og:site_name\" content=\"OMM\" \/>\n<meta property=\"article:publisher\" content=\"https:\/\/www.facebook.com\/OMMrunning?_ga=2.203172945.1541616462.1665402953-280172632.1649426001\" \/>\n<meta property=\"article:modified_time\" content=\"2025-09-10T17:04:07+00:00\" \/>\n<meta property=\"og:image\" content=\"https:\/\/theomm.com\/wp-content\/uploads\/2022\/10\/OC155_Core_Jacket_Navy_Front.jpg\" \/>\n\t<meta property=\"og:image:width\" content=\"600\" \/>\n\t<meta property=\"og:image:height\" content=\"600\" \/>\n\t<meta property=\"og:image:type\" content=\"image\/jpeg\" \/>\n<meta name=\"twitter:card\" content=\"summary_large_image\" \/>\n<meta name=\"twitter:label1\" content=\"Estimeret l\u00e6setid\" \/>\n\t<meta name=\"twitter:data1\" content=\"2 minutter\" \/>\n<script type=\"application\/ld+json\" class=\"yoast-schema-graph\">{\"@context\":\"https:\\\/\\\/schema.org\",\"@graph\":[{\"@type\":\"WebPage\",\"@id\":\"https:\\\/\\\/theomm.com\\\/da\\\/product\\\/core-fleece-jacket-2\\\/\",\"url\":\"https:\\\/\\\/theomm.com\\\/da\\\/product\\\/core-fleece-jacket-2\\\/\",\"name\":\"Core Fleece Jacket - OMM\",\"isPartOf\":{\"@id\":\"https:\\\/\\\/theomm.com\\\/#website\"},\"primaryImageOfPage\":{\"@id\":\"https:\\\/\\\/theomm.com\\\/da\\\/product\\\/core-fleece-jacket-2\\\/#primaryimage\"},\"image\":{\"@id\":\"https:\\\/\\\/theomm.com\\\/da\\\/product\\\/core-fleece-jacket-2\\\/#primaryimage\"},\"thumbnailUrl\":\"https:\\\/\\\/theomm.com\\\/wp-content\\\/uploads\\\/2022\\\/10\\\/OC155_Core_Jacket_Navy_Front.jpg\",\"datePublished\":\"2023-02-27T10:47:41+00:00\",\"dateModified\":\"2025-09-10T17:04:07+00:00\",\"description\":\"Core Fleece-jakken, letv\u00e6gts luftgennemtr\u00e6ngelig Primaloft\u00ae tilpasningsbar isolering. Halv v\u00e6gt og pakst\u00f8rrelse, hurtigt\u00f8rrende og varm\",\"breadcrumb\":{\"@id\":\"https:\\\/\\\/theomm.com\\\/da\\\/product\\\/core-fleece-jacket-2\\\/#breadcrumb\"},\"inLanguage\":\"da-DK\",\"potentialAction\":[{\"@type\":\"ReadAction\",\"target\":[\"https:\\\/\\\/theomm.com\\\/da\\\/product\\\/core-fleece-jacket-2\\\/\"]}]},{\"@type\":\"ImageObject\",\"inLanguage\":\"da-DK\",\"@id\":\"https:\\\/\\\/theomm.com\\\/da\\\/product\\\/core-fleece-jacket-2\\\/#primaryimage\",\"url\":\"https:\\\/\\\/theomm.com\\\/wp-content\\\/uploads\\\/2022\\\/10\\\/OC155_Core_Jacket_Navy_Front.jpg\",\"contentUrl\":\"https:\\\/\\\/theomm.com\\\/wp-content\\\/uploads\\\/2022\\\/10\\\/OC155_Core_Jacket_Navy_Front.jpg\",\"width\":600,\"height\":600},{\"@type\":\"BreadcrumbList\",\"@id\":\"https:\\\/\\\/theomm.com\\\/da\\\/product\\\/core-fleece-jacket-2\\\/#breadcrumb\",\"itemListElement\":[{\"@type\":\"ListItem\",\"position\":1,\"name\":\"Home\",\"item\":\"https:\\\/\\\/theomm.com\\\/da\\\/original-mountain-marathon\\\/\"},{\"@type\":\"ListItem\",\"position\":2,\"name\":\"Produkter\",\"item\":\"https:\\\/\\\/theomm.com\\\/da\\\/original-mountain-marathon\\\/produkter\\\/\"},{\"@type\":\"ListItem\",\"position\":3,\"name\":\"Core Fleece Jacket\"}]},{\"@type\":\"WebSite\",\"@id\":\"https:\\\/\\\/theomm.com\\\/#website\",\"url\":\"https:\\\/\\\/theomm.com\\\/\",\"name\":\"OMM\",\"description\":\"OMM is Technical clothing and equipment made for running in the mountains. Designed to the specifications of Original Mountain Marathon.\",\"alternateName\":\"Original Mountain Marathon\",\"potentialAction\":[{\"@type\":\"SearchAction\",\"target\":{\"@type\":\"EntryPoint\",\"urlTemplate\":\"https:\\\/\\\/theomm.com\\\/?s={search_term_string}\"},\"query-input\":{\"@type\":\"PropertyValueSpecification\",\"valueRequired\":true,\"valueName\":\"search_term_string\"}}],\"inLanguage\":\"da-DK\"}]}<\/script>\n<!-- \/ Yoast SEO plugin. -->","yoast_head_json":{"title":"Core Fleece Jacket - OMM","description":"Core Fleece-jakken, letv\u00e6gts luftgennemtr\u00e6ngelig Primaloft\u00ae tilpasningsbar isolering. Halv v\u00e6gt og pakst\u00f8rrelse, hurtigt\u00f8rrende og varm","robots":{"index":"index","follow":"follow","max-snippet":"max-snippet:-1","max-image-preview":"max-image-preview:large","max-video-preview":"max-video-preview:-1"},"canonical":"https:\/\/theomm.com\/da\/product\/core-fleece-jacket-2\/","og_locale":"da_DK","og_type":"article","og_title":"Core Fleece Jacket - OMM","og_description":"Core Fleece-jakken, letv\u00e6gts luftgennemtr\u00e6ngelig Primaloft\u00ae tilpasningsbar isolering. Halv v\u00e6gt og pakst\u00f8rrelse, hurtigt\u00f8rrende og varm","og_url":"https:\/\/theomm.com\/da\/product\/core-fleece-jacket-2\/","og_site_name":"OMM","article_publisher":"https:\/\/www.facebook.com\/OMMrunning?_ga=2.203172945.1541616462.1665402953-280172632.1649426001","article_modified_time":"2025-09-10T17:04:07+00:00","og_image":[{"width":600,"height":600,"url":"https:\/\/theomm.com\/wp-content\/uploads\/2022\/10\/OC155_Core_Jacket_Navy_Front.jpg","type":"image\/jpeg"}],"twitter_card":"summary_large_image","twitter_misc":{"Estimeret l\u00e6setid":"2 minutter"},"schema":{"@context":"https:\/\/schema.org","@graph":[{"@type":"WebPage","@id":"https:\/\/theomm.com\/da\/product\/core-fleece-jacket-2\/","url":"https:\/\/theomm.com\/da\/product\/core-fleece-jacket-2\/","name":"Core Fleece Jacket - OMM","isPartOf":{"@id":"https:\/\/theomm.com\/#website"},"primaryImageOfPage":{"@id":"https:\/\/theomm.com\/da\/product\/core-fleece-jacket-2\/#primaryimage"},"image":{"@id":"https:\/\/theomm.com\/da\/product\/core-fleece-jacket-2\/#primaryimage"},"thumbnailUrl":"https:\/\/theomm.com\/wp-content\/uploads\/2022\/10\/OC155_Core_Jacket_Navy_Front.jpg","datePublished":"2023-02-27T10:47:41+00:00","dateModified":"2025-09-10T17:04:07+00:00","description":"Core Fleece-jakken, letv\u00e6gts luftgennemtr\u00e6ngelig Primaloft\u00ae tilpasningsbar isolering. Halv v\u00e6gt og pakst\u00f8rrelse, hurtigt\u00f8rrende og varm","breadcrumb":{"@id":"https:\/\/theomm.com\/da\/product\/core-fleece-jacket-2\/#breadcrumb"},"inLanguage":"da-DK","potentialAction":[{"@type":"ReadAction","target":["https:\/\/theomm.com\/da\/product\/core-fleece-jacket-2\/"]}]},{"@type":"ImageObject","inLanguage":"da-DK","@id":"https:\/\/theomm.com\/da\/product\/core-fleece-jacket-2\/#primaryimage","url":"https:\/\/theomm.com\/wp-content\/uploads\/2022\/10\/OC155_Core_Jacket_Navy_Front.jpg","contentUrl":"https:\/\/theomm.com\/wp-content\/uploads\/2022\/10\/OC155_Core_Jacket_Navy_Front.jpg","width":600,"height":600},{"@type":"BreadcrumbList","@id":"https:\/\/theomm.com\/da\/product\/core-fleece-jacket-2\/#breadcrumb","itemListElement":[{"@type":"ListItem","position":1,"name":"Home","item":"https:\/\/theomm.com\/da\/original-mountain-marathon\/"},{"@type":"ListItem","position":2,"name":"Produkter","item":"https:\/\/theomm.com\/da\/original-mountain-marathon\/produkter\/"},{"@type":"ListItem","position":3,"name":"Core Fleece Jacket"}]},{"@type":"WebSite","@id":"https:\/\/theomm.com\/#website","url":"https:\/\/theomm.com\/","name":"OMM","description":"OMM is Technical clothing and equipment made for running in the mountains. Designed to the specifications of Original Mountain Marathon.","alternateName":"Original Mountain Marathon","potentialAction":[{"@type":"SearchAction","target":{"@type":"EntryPoint","urlTemplate":"https:\/\/theomm.com\/?s={search_term_string}"},"query-input":{"@type":"PropertyValueSpecification","valueRequired":true,"valueName":"search_term_string"}}],"inLanguage":"da-DK"}]}},"_links":{"self":[{"href":"https:\/\/theomm.com\/da\/wp-json\/wp\/v2\/product\/161035","targetHints":{"allow":["GET"]}}],"collection":[{"href":"https:\/\/theomm.com\/da\/wp-json\/wp\/v2\/product"}],"about":[{"href":"https:\/\/theomm.com\/da\/wp-json\/wp\/v2\/types\/product"}],"wp:featuredmedia":[{"embeddable":true,"href":"https:\/\/theomm.com\/da\/wp-json\/wp\/v2\/media\/152610"}],"wp:attachment":[{"href":"https:\/\/theomm.com\/da\/wp-json\/wp\/v2\/media?parent=161035"}],"wp:term":[{"taxonomy":"locations","embeddable":true,"href":"https:\/\/theomm.com\/da\/wp-json\/wp\/v2\/locations?post=161035"},{"taxonomy":"product_brand","embeddable":true,"href":"https:\/\/theomm.com\/da\/wp-json\/wp\/v2\/product_brand?post=161035"},{"taxonomy":"product_cat","embeddable":true,"href":"https:\/\/theomm.com\/da\/wp-json\/wp\/v2\/product_cat?post=161035"},{"taxonomy":"product_tag","embeddable":true,"href":"https:\/\/theomm.com\/da\/wp-json\/wp\/v2\/product_tag?post=161035"}],"curies":[{"name":"wp","href":"https:\/\/api.w.org\/{rel}","templated":true}]}}