{"id":161423,"date":"2022-03-16T10:50:03","date_gmt":"2022-03-16T10:50:03","guid":{"rendered":"https:\/\/theomm.com\/product\/phantom-25-2\/"},"modified":"2025-09-10T17:04:15","modified_gmt":"2025-09-10T17:04:15","slug":"phantom-25-2","status":"publish","type":"product","link":"https:\/\/theomm.com\/da\/product\/phantom-25-2\/","title":{"rendered":"Phantom 25"},"content":{"rendered":"<p>Phantom 25 &#8211; Den ultimative rygs\u00e6k til adventurerace. Vores unikke 7-punkts b\u00e6resystem med en top yoke-style sele giver den bedst mulige stabile b\u00e6reevne. Yoke-selen frig\u00f8r ogs\u00e5 skuldrene, hvilket tillader en mere energieffektiv l\u00f8bestil. Dobbelte V-formede ankre omslutter taljen for at give en sikker pasform og kontrol over hop og sving, n\u00e5r du er p\u00e5 uj\u00e6vne underlag.<\/p>\n<p>&nbsp;<\/p>\n<p>Phantom 25, der kombinerer en rygs\u00e6ks kapacitet med en vests tilg\u00e6ngelighed, ideel til flerdages racing eller ultraudfordringer. DEN N\u00c6STE GENERATION I VESTPAKKER MED STOR KAPACITET MED DEN LETTE HOLDBARHED AF CORDURA STABILISERING Stabiliseret omkring din rygs\u00f8jle, Phantom Suspension-systemet bruger et smalt b\u00e6restykke bag nakken til at fastg\u00f8re langs med rygs\u00f8jlen i stedet for over skuldrene, s\u00e5 skuldrene kan bev\u00e6ge sig frit effektiviteten af din bev\u00e6gelse. ST\u00d8DABSORPTION To st\u00f8dabsorberende oph\u00e6ngssnore over skulderen arbejder sammen for at reducere svingningen og holder rygs\u00e6kken p\u00e5 linje med rygs\u00f8jlen.<\/p>\n<p>&nbsp;<\/p>\n<p>V\u00e6gten af rygs\u00e6kken tages af yoke-fastg\u00f8relsespunktet med st\u00f8dabsorbering. VERTIKAL STABILITET Vertikal bev\u00e6gelse reduceres af to udlignede forankringspunkter, der f\u00f8res til en f\u00e6lles justeringsanordning. Dette skaber en meget stabil Y-form, der klemmer rygs\u00e6kken ind til den nederste del af rygs\u00f8jlen.<\/p>\n<p>Sn\u00f8re lukning<\/p>\n<p>Aftagelige kulfiberstag (kan udskiftes med teltst\u00e6nger)<\/p>\n<p>EVA polstret skuldersele<\/p>\n<p>Stor baglomme i mesh<\/p>\n<p>To flaskelommer foran (750 ml flaskekompatibel)<\/p>\n<p>To store b\u00e6ltelommer med lynl\u00e5s<\/p>\n<p>Duomat sovem\u00e5tte\/rygsystem<\/p>\n<p>Reflekterende detaljer<\/p>\n<p>3l hydreringsbl\u00e6re kompatibel<\/p>\n<p>Mesh-lommer foran til det n\u00f8dvendige<\/p>\n<p>Rygl\u00e6ngde: 46cm &#8211; 54cm Farver: Sort\/Orange, Gr\u00e5\/Bl\u00e5<\/p>\n<p>Stof: CORDURA (Nylon),<\/p>\n<p>3D airmesh<\/p>\n<p>V\u00e6gt: 725g\/505g<\/p>\n","protected":false},"excerpt":{"rendered":"<p>Den ultimative rygs\u00e6k til adventurerace. Vores unikke 7-punkts b\u00e6resystem med en top yoke-style sele giver den bedst mulige stabile b\u00e6reevne. Yoke-selen frig\u00f8r ogs\u00e5 skuldrene, hvilket tillader en mere energieffektiv l\u00f8bestil. Dobbelte V-formede ankre omslutter taljen for at give en sikker pasform og kontrol over hop og sving, n\u00e5r du er p\u00e5 uj\u00e6vne underlag.<\/p>\n","protected":false},"featured_media":153460,"template":"","meta":{"_acf_changed":false,"_et_pb_use_builder":"","_et_pb_old_content":"","_et_gb_content_width":""},"locations":[1195,1196],"product_brand":[],"product_cat":[1265,1268],"product_tag":[1956,1957,1843,1947,1958],"class_list":{"0":"post-161423","1":"product","2":"type-product","3":"status-publish","4":"has-post-thumbnail","6":"locations-eu","7":"locations-uk","8":"product_cat-baere-opbevar","9":"product_cat-rygsaekke","10":"product_tag-25-litre-running-pack-da","11":"product_tag-omm-phantom-25-da","12":"product_tag-running-pack-da","13":"product_tag-running-vest-da","14":"product_tag-vestpack-da","15":"pa_color-gra","16":"pa_color-sort","17":"pa_colour-gra","18":"pa_colour-sort","19":"pa_gender-mens-da","20":"pa_gender-womens-da","21":"pa_weight-400g","23":"first","24":"outofstock","25":"taxable","26":"shipping-taxable","27":"purchasable","28":"product-type-variable","29":"wvs-archive-product-wrapper"},"acf":[],"yoast_head":"<!-- This site is optimized with the Yoast SEO plugin v27.3 - https:\/\/yoast.com\/product\/yoast-seo-wordpress\/ -->\n<title>Phantom 25 - OMM<\/title>\n<meta name=\"description\" content=\"Phantom 25, den n\u00e6ste generation af l\u00f8berygs\u00e6kke med stor kapacitet med Corduras lette holdbarhed. Stabilisering.\" \/>\n<meta name=\"robots\" content=\"index, follow, max-snippet:-1, max-image-preview:large, max-video-preview:-1\" \/>\n<link rel=\"canonical\" href=\"https:\/\/theomm.com\/da\/product\/phantom-25-2\/\" \/>\n<meta property=\"og:locale\" content=\"da_DK\" \/>\n<meta property=\"og:type\" content=\"article\" \/>\n<meta property=\"og:title\" content=\"Phantom 25 - OMM\" \/>\n<meta property=\"og:description\" content=\"Phantom 25, den n\u00e6ste generation af l\u00f8berygs\u00e6kke med stor kapacitet med Corduras lette holdbarhed. Stabilisering.\" \/>\n<meta property=\"og:url\" content=\"https:\/\/theomm.com\/da\/product\/phantom-25-2\/\" \/>\n<meta property=\"og:site_name\" content=\"OMM\" \/>\n<meta property=\"article:publisher\" content=\"https:\/\/www.facebook.com\/OMMrunning?_ga=2.203172945.1541616462.1665402953-280172632.1649426001\" \/>\n<meta property=\"article:modified_time\" content=\"2025-09-10T17:04:15+00:00\" \/>\n<meta property=\"og:image\" content=\"https:\/\/theomm.com\/wp-content\/uploads\/2022\/10\/OF050_Phantom_25_Black_Back.jpg\" \/>\n\t<meta property=\"og:image:width\" content=\"600\" \/>\n\t<meta property=\"og:image:height\" content=\"600\" \/>\n\t<meta property=\"og:image:type\" content=\"image\/jpeg\" \/>\n<meta name=\"twitter:card\" content=\"summary_large_image\" \/>\n<meta name=\"twitter:label1\" content=\"Estimeret l\u00e6setid\" \/>\n\t<meta name=\"twitter:data1\" content=\"1 minut\" \/>\n<script type=\"application\/ld+json\" class=\"yoast-schema-graph\">{\"@context\":\"https:\\\/\\\/schema.org\",\"@graph\":[{\"@type\":\"WebPage\",\"@id\":\"https:\\\/\\\/theomm.com\\\/da\\\/product\\\/phantom-25-2\\\/\",\"url\":\"https:\\\/\\\/theomm.com\\\/da\\\/product\\\/phantom-25-2\\\/\",\"name\":\"Phantom 25 - OMM\",\"isPartOf\":{\"@id\":\"https:\\\/\\\/theomm.com\\\/#website\"},\"primaryImageOfPage\":{\"@id\":\"https:\\\/\\\/theomm.com\\\/da\\\/product\\\/phantom-25-2\\\/#primaryimage\"},\"image\":{\"@id\":\"https:\\\/\\\/theomm.com\\\/da\\\/product\\\/phantom-25-2\\\/#primaryimage\"},\"thumbnailUrl\":\"https:\\\/\\\/theomm.com\\\/wp-content\\\/uploads\\\/2022\\\/10\\\/OF050_Phantom_25_Black_Back.jpg\",\"datePublished\":\"2022-03-16T10:50:03+00:00\",\"dateModified\":\"2025-09-10T17:04:15+00:00\",\"description\":\"Phantom 25, den n\u00e6ste generation af l\u00f8berygs\u00e6kke med stor kapacitet med Corduras lette holdbarhed. Stabilisering.\",\"breadcrumb\":{\"@id\":\"https:\\\/\\\/theomm.com\\\/da\\\/product\\\/phantom-25-2\\\/#breadcrumb\"},\"inLanguage\":\"da-DK\",\"potentialAction\":[{\"@type\":\"ReadAction\",\"target\":[\"https:\\\/\\\/theomm.com\\\/da\\\/product\\\/phantom-25-2\\\/\"]}]},{\"@type\":\"ImageObject\",\"inLanguage\":\"da-DK\",\"@id\":\"https:\\\/\\\/theomm.com\\\/da\\\/product\\\/phantom-25-2\\\/#primaryimage\",\"url\":\"https:\\\/\\\/theomm.com\\\/wp-content\\\/uploads\\\/2022\\\/10\\\/OF050_Phantom_25_Black_Back.jpg\",\"contentUrl\":\"https:\\\/\\\/theomm.com\\\/wp-content\\\/uploads\\\/2022\\\/10\\\/OF050_Phantom_25_Black_Back.jpg\",\"width\":600,\"height\":600},{\"@type\":\"BreadcrumbList\",\"@id\":\"https:\\\/\\\/theomm.com\\\/da\\\/product\\\/phantom-25-2\\\/#breadcrumb\",\"itemListElement\":[{\"@type\":\"ListItem\",\"position\":1,\"name\":\"Home\",\"item\":\"https:\\\/\\\/theomm.com\\\/da\\\/original-mountain-marathon\\\/\"},{\"@type\":\"ListItem\",\"position\":2,\"name\":\"Produkter\",\"item\":\"https:\\\/\\\/theomm.com\\\/da\\\/original-mountain-marathon\\\/produkter\\\/\"},{\"@type\":\"ListItem\",\"position\":3,\"name\":\"Phantom 25\"}]},{\"@type\":\"WebSite\",\"@id\":\"https:\\\/\\\/theomm.com\\\/#website\",\"url\":\"https:\\\/\\\/theomm.com\\\/\",\"name\":\"OMM\",\"description\":\"OMM is Technical clothing and equipment made for running in the mountains. Designed to the specifications of Original Mountain Marathon.\",\"alternateName\":\"Original Mountain Marathon\",\"potentialAction\":[{\"@type\":\"SearchAction\",\"target\":{\"@type\":\"EntryPoint\",\"urlTemplate\":\"https:\\\/\\\/theomm.com\\\/?s={search_term_string}\"},\"query-input\":{\"@type\":\"PropertyValueSpecification\",\"valueRequired\":true,\"valueName\":\"search_term_string\"}}],\"inLanguage\":\"da-DK\"}]}<\/script>\n<!-- \/ Yoast SEO plugin. -->","yoast_head_json":{"title":"Phantom 25 - OMM","description":"Phantom 25, den n\u00e6ste generation af l\u00f8berygs\u00e6kke med stor kapacitet med Corduras lette holdbarhed. Stabilisering.","robots":{"index":"index","follow":"follow","max-snippet":"max-snippet:-1","max-image-preview":"max-image-preview:large","max-video-preview":"max-video-preview:-1"},"canonical":"https:\/\/theomm.com\/da\/product\/phantom-25-2\/","og_locale":"da_DK","og_type":"article","og_title":"Phantom 25 - OMM","og_description":"Phantom 25, den n\u00e6ste generation af l\u00f8berygs\u00e6kke med stor kapacitet med Corduras lette holdbarhed. Stabilisering.","og_url":"https:\/\/theomm.com\/da\/product\/phantom-25-2\/","og_site_name":"OMM","article_publisher":"https:\/\/www.facebook.com\/OMMrunning?_ga=2.203172945.1541616462.1665402953-280172632.1649426001","article_modified_time":"2025-09-10T17:04:15+00:00","og_image":[{"width":600,"height":600,"url":"https:\/\/theomm.com\/wp-content\/uploads\/2022\/10\/OF050_Phantom_25_Black_Back.jpg","type":"image\/jpeg"}],"twitter_card":"summary_large_image","twitter_misc":{"Estimeret l\u00e6setid":"1 minut"},"schema":{"@context":"https:\/\/schema.org","@graph":[{"@type":"WebPage","@id":"https:\/\/theomm.com\/da\/product\/phantom-25-2\/","url":"https:\/\/theomm.com\/da\/product\/phantom-25-2\/","name":"Phantom 25 - OMM","isPartOf":{"@id":"https:\/\/theomm.com\/#website"},"primaryImageOfPage":{"@id":"https:\/\/theomm.com\/da\/product\/phantom-25-2\/#primaryimage"},"image":{"@id":"https:\/\/theomm.com\/da\/product\/phantom-25-2\/#primaryimage"},"thumbnailUrl":"https:\/\/theomm.com\/wp-content\/uploads\/2022\/10\/OF050_Phantom_25_Black_Back.jpg","datePublished":"2022-03-16T10:50:03+00:00","dateModified":"2025-09-10T17:04:15+00:00","description":"Phantom 25, den n\u00e6ste generation af l\u00f8berygs\u00e6kke med stor kapacitet med Corduras lette holdbarhed. Stabilisering.","breadcrumb":{"@id":"https:\/\/theomm.com\/da\/product\/phantom-25-2\/#breadcrumb"},"inLanguage":"da-DK","potentialAction":[{"@type":"ReadAction","target":["https:\/\/theomm.com\/da\/product\/phantom-25-2\/"]}]},{"@type":"ImageObject","inLanguage":"da-DK","@id":"https:\/\/theomm.com\/da\/product\/phantom-25-2\/#primaryimage","url":"https:\/\/theomm.com\/wp-content\/uploads\/2022\/10\/OF050_Phantom_25_Black_Back.jpg","contentUrl":"https:\/\/theomm.com\/wp-content\/uploads\/2022\/10\/OF050_Phantom_25_Black_Back.jpg","width":600,"height":600},{"@type":"BreadcrumbList","@id":"https:\/\/theomm.com\/da\/product\/phantom-25-2\/#breadcrumb","itemListElement":[{"@type":"ListItem","position":1,"name":"Home","item":"https:\/\/theomm.com\/da\/original-mountain-marathon\/"},{"@type":"ListItem","position":2,"name":"Produkter","item":"https:\/\/theomm.com\/da\/original-mountain-marathon\/produkter\/"},{"@type":"ListItem","position":3,"name":"Phantom 25"}]},{"@type":"WebSite","@id":"https:\/\/theomm.com\/#website","url":"https:\/\/theomm.com\/","name":"OMM","description":"OMM is Technical clothing and equipment made for running in the mountains. Designed to the specifications of Original Mountain Marathon.","alternateName":"Original Mountain Marathon","potentialAction":[{"@type":"SearchAction","target":{"@type":"EntryPoint","urlTemplate":"https:\/\/theomm.com\/?s={search_term_string}"},"query-input":{"@type":"PropertyValueSpecification","valueRequired":true,"valueName":"search_term_string"}}],"inLanguage":"da-DK"}]}},"_links":{"self":[{"href":"https:\/\/theomm.com\/da\/wp-json\/wp\/v2\/product\/161423","targetHints":{"allow":["GET"]}}],"collection":[{"href":"https:\/\/theomm.com\/da\/wp-json\/wp\/v2\/product"}],"about":[{"href":"https:\/\/theomm.com\/da\/wp-json\/wp\/v2\/types\/product"}],"wp:featuredmedia":[{"embeddable":true,"href":"https:\/\/theomm.com\/da\/wp-json\/wp\/v2\/media\/153460"}],"wp:attachment":[{"href":"https:\/\/theomm.com\/da\/wp-json\/wp\/v2\/media?parent=161423"}],"wp:term":[{"taxonomy":"locations","embeddable":true,"href":"https:\/\/theomm.com\/da\/wp-json\/wp\/v2\/locations?post=161423"},{"taxonomy":"product_brand","embeddable":true,"href":"https:\/\/theomm.com\/da\/wp-json\/wp\/v2\/product_brand?post=161423"},{"taxonomy":"product_cat","embeddable":true,"href":"https:\/\/theomm.com\/da\/wp-json\/wp\/v2\/product_cat?post=161423"},{"taxonomy":"product_tag","embeddable":true,"href":"https:\/\/theomm.com\/da\/wp-json\/wp\/v2\/product_tag?post=161423"}],"curies":[{"name":"wp","href":"https:\/\/api.w.org\/{rel}","templated":true}]}}