{"id":161426,"date":"2025-08-16T10:49:44","date_gmt":"2025-08-16T10:49:44","guid":{"rendered":"https:\/\/theomm.com\/product\/rotor-hood-jacket-2\/"},"modified":"2026-01-03T00:03:56","modified_gmt":"2026-01-03T00:03:56","slug":"rotor-hood-jacket-2","status":"publish","type":"product","link":"https:\/\/theomm.com\/da\/product\/rotor-hood-jacket-2\/","title":{"rendered":"Rotor Hood Jacket"},"content":{"rendered":"<p>Rotor Hood Jacket &#8211; Rotor Hood kombinerer komforten fra PrimaLoft\u00ae Gold p\u00e5 kroppen med den mindre omfangsrige PrimaLoft\u00ae ACTIVE stofisolering i \u00e6rmer og andre n\u00f8gleomr\u00e5der. Uanset om det er for ekstra varme i lejren eller som et aktivt lag under en ekstremt kolde l\u00f8beture, er Rotor Hood en fantastisk tilf\u00f8jelse til dit kit. Letv\u00e6gtsstoffer og konstruktion giver en lille pakkest\u00f8rrelse og lav v\u00e6gt, n\u00e5r den ikke er i brug.<\/p>\n<p>Den ydre vindt\u00e6tte skal giver ekstra beskyttelse og varmeisolering p\u00e5 lange kolde aftener, mens den forts\u00e6tter med at fungere, n\u00e5r den er v\u00e5d.<\/p>\n<p>Rotor hood Jacket er ogs\u00e5 en del af vores innovative Rotor Sleep System med integrerede fastg\u00f8relsespunkter til Rotor Pant og Foot Pod. Et revolutionerende let og alsidigt sovesystem. SUPER VARM PRIMALOFT\u00ae ISOLATIONSJAKKE MED MINIMAL PAKST\u00d8RRELSE, PERFEKT TIL FLERDAGSL\u00d8B. BODY MAPPED ISOLERING Ved at bruge PrimaLoft\u00ae Gold sammen med PrimaLoft\u00ae ACTIVE p\u00e5 n\u00f8gleomr\u00e5der, er vi i stand til at levere forbedret ydeevne, samtidig med at vi reducerer den samlede v\u00e6gt. BESKYTTELSE FRA ELEMENTERNE En vindt\u00e6t og vandafvisende yderside hj\u00e6lper med at holde p\u00e5 varmen, samtidig med at den beskytter mod det v\u00e6rste vejr. Den syntetiske isolering forts\u00e6tter ogs\u00e5 med at fungere, selv n\u00e5r den er v\u00e5d. LET AT PAKKE Perfekt til flere dages eventyr, hvor temperaturen sandsynligvis falder om natten. Sammenkobles med Rotor Pants &amp; Foot Pod, hvilket skaber et alsidigt sovesystemsystem<\/p>\n<p>Vindt\u00e6t<\/p>\n<p>DWR (Durable Water Repellancy)<\/p>\n<p>Forts\u00e6tter med at isolere, selvom det er v\u00e5dt<\/p>\n<p>Droptail med forsp\u00e6ndte taljeelastikker<\/p>\n<p>Fleeceforede lommer<\/p>\n<p>L\u00f8st lagt yderskal<\/p>\n<p>Lav bulk manchet konstruktion<\/p>\n<p>PrimaLoft\u00ae Recycled Insulation (Guld: 90%, AKTIV: 64%) Farver: Sort, Bl\u00e5<\/p>\n<p>Stof: PointZero,<\/p>\n<p>PrimaLoft\u00ae ACTIVE 125g\/m2,<\/p>\n<p>PrimaLoft\u00ae Guld 80g\/m2<\/p>\n<p>V\u00e6gt: 340g<\/p>\n<p>St\u00f8rrelser: XS \/ S \/ M \/ L \/ XL<\/p>\n","protected":false},"excerpt":{"rendered":"<p>Rotor Hood kombinerer komforten fra PrimaLoft\u00ae Gold p\u00e5 kroppen med den mindre omfangsrige PrimaLoft\u00ae ACTIVE stofisolering i \u00e6rmer og andre n\u00f8gleomr\u00e5der. Uanset om det er for ekstra varme i lejren eller som et aktivt lag under en ekstremt kolde l\u00f8beture, er Rotor Hood en fantastisk tilf\u00f8jelse til dit kit. Letv\u00e6gtsstoffer og konstruktion giver en lille pakkest\u00f8rrelse og lav v\u00e6gt, n\u00e5r den ikke er i brug.<\/p>\n<p>Den ydre vindt\u00e6tte skal giver ekstra beskyttelse og varmeisolering p\u00e5 lange kolde aftener, mens den forts\u00e6tter med at fungere, n\u00e5r den er v\u00e5d.<\/p>\n<p>&nbsp;<\/p>\n","protected":false},"featured_media":152896,"template":"","meta":{"_acf_changed":false,"_et_pb_use_builder":"","_et_pb_old_content":"","_et_gb_content_width":""},"locations":[],"product_brand":[],"product_cat":[1250,1257,1253,2101,1264],"product_tag":[1939,1940,1533,1937,1836,1837,1941],"class_list":{"0":"post-161426","1":"product","2":"type-product","3":"status-publish","4":"has-post-thumbnail","6":"product_cat-beklaedning","7":"product_cat-core-da","8":"product_cat-isolering","9":"product_cat-sale-da","10":"product_cat-sovn","11":"product_tag-active-da","12":"product_tag-belay-jacket-da","13":"product_tag-core-da","14":"product_tag-insulation-da","15":"product_tag-primaloft-da","16":"product_tag-rotor-da","17":"product_tag-rotor-jacket-da","18":"pa_color-bla","19":"pa_color-sort","20":"pa_colour-bla","21":"pa_colour-sort","22":"pa_gender-mens-da","23":"pa_size-stor","24":"pa_size-middel","25":"pa_size-lille","26":"pa_size-x-stor","27":"pa_size-x-lille","28":"pa_technology-point-zero","29":"pa_technology-primaloft-cross-core-gold-eco","30":"pa_technology-primaloft-active","32":"first","33":"instock","34":"taxable","35":"shipping-taxable","36":"purchasable","37":"product-type-variable","38":"wvs-archive-product-wrapper"},"acf":[],"yoast_head":"<!-- This site is optimized with the Yoast SEO plugin v27.3 - https:\/\/yoast.com\/product\/yoast-seo-wordpress\/ -->\n<title>Rotor Hood Jacket - OMM<\/title>\n<meta name=\"description\" content=\"Rotor Hood Jacket, Super Warm Primaloft\u00ae isoleringsjakke med minimal pakkest\u00f8rrelse, perfekt til flerdagsl\u00f8b.. Kropsisolering. Beskyttelse mod elementerne Letv\u00e6gtspakbar\" \/>\n<meta name=\"robots\" content=\"index, follow, max-snippet:-1, max-image-preview:large, max-video-preview:-1\" \/>\n<link rel=\"canonical\" href=\"https:\/\/theomm.com\/da\/product\/rotor-hood-jacket-2\/\" \/>\n<meta property=\"og:locale\" content=\"da_DK\" \/>\n<meta property=\"og:type\" content=\"article\" \/>\n<meta property=\"og:title\" content=\"Rotor Hood Jacket - OMM\" \/>\n<meta property=\"og:description\" content=\"Rotor Hood Jacket, Super Warm Primaloft\u00ae isoleringsjakke med minimal pakkest\u00f8rrelse, perfekt til flerdagsl\u00f8b.. Kropsisolering. Beskyttelse mod elementerne Letv\u00e6gtspakbar\" \/>\n<meta property=\"og:url\" content=\"https:\/\/theomm.com\/da\/product\/rotor-hood-jacket-2\/\" \/>\n<meta property=\"og:site_name\" content=\"OMM\" \/>\n<meta property=\"article:publisher\" content=\"https:\/\/www.facebook.com\/OMMrunning?_ga=2.203172945.1541616462.1665402953-280172632.1649426001\" \/>\n<meta property=\"article:modified_time\" content=\"2026-01-03T00:03:56+00:00\" \/>\n<meta property=\"og:image\" content=\"https:\/\/theomm.com\/wp-content\/uploads\/2022\/10\/OC169_Rotor_Hood_Jacket_Black_Front_Hood_Down.jpg\" \/>\n\t<meta property=\"og:image:width\" content=\"600\" \/>\n\t<meta property=\"og:image:height\" content=\"600\" \/>\n\t<meta property=\"og:image:type\" content=\"image\/jpeg\" \/>\n<meta name=\"twitter:card\" content=\"summary_large_image\" \/>\n<meta name=\"twitter:label1\" content=\"Estimeret l\u00e6setid\" \/>\n\t<meta name=\"twitter:data1\" content=\"2 minutter\" \/>\n<script type=\"application\/ld+json\" class=\"yoast-schema-graph\">{\"@context\":\"https:\\\/\\\/schema.org\",\"@graph\":[{\"@type\":\"WebPage\",\"@id\":\"https:\\\/\\\/theomm.com\\\/da\\\/product\\\/rotor-hood-jacket-2\\\/\",\"url\":\"https:\\\/\\\/theomm.com\\\/da\\\/product\\\/rotor-hood-jacket-2\\\/\",\"name\":\"Rotor Hood Jacket - OMM\",\"isPartOf\":{\"@id\":\"https:\\\/\\\/theomm.com\\\/#website\"},\"primaryImageOfPage\":{\"@id\":\"https:\\\/\\\/theomm.com\\\/da\\\/product\\\/rotor-hood-jacket-2\\\/#primaryimage\"},\"image\":{\"@id\":\"https:\\\/\\\/theomm.com\\\/da\\\/product\\\/rotor-hood-jacket-2\\\/#primaryimage\"},\"thumbnailUrl\":\"https:\\\/\\\/theomm.com\\\/wp-content\\\/uploads\\\/2022\\\/10\\\/OC169_Rotor_Hood_Jacket_Black_Front_Hood_Down.jpg\",\"datePublished\":\"2025-08-16T10:49:44+00:00\",\"dateModified\":\"2026-01-03T00:03:56+00:00\",\"description\":\"Rotor Hood Jacket, Super Warm Primaloft\u00ae isoleringsjakke med minimal pakkest\u00f8rrelse, perfekt til flerdagsl\u00f8b.. Kropsisolering. Beskyttelse mod elementerne Letv\u00e6gtspakbar\",\"breadcrumb\":{\"@id\":\"https:\\\/\\\/theomm.com\\\/da\\\/product\\\/rotor-hood-jacket-2\\\/#breadcrumb\"},\"inLanguage\":\"da-DK\",\"potentialAction\":[{\"@type\":\"ReadAction\",\"target\":[\"https:\\\/\\\/theomm.com\\\/da\\\/product\\\/rotor-hood-jacket-2\\\/\"]}]},{\"@type\":\"ImageObject\",\"inLanguage\":\"da-DK\",\"@id\":\"https:\\\/\\\/theomm.com\\\/da\\\/product\\\/rotor-hood-jacket-2\\\/#primaryimage\",\"url\":\"https:\\\/\\\/theomm.com\\\/wp-content\\\/uploads\\\/2022\\\/10\\\/OC169_Rotor_Hood_Jacket_Black_Front_Hood_Down.jpg\",\"contentUrl\":\"https:\\\/\\\/theomm.com\\\/wp-content\\\/uploads\\\/2022\\\/10\\\/OC169_Rotor_Hood_Jacket_Black_Front_Hood_Down.jpg\",\"width\":600,\"height\":600},{\"@type\":\"BreadcrumbList\",\"@id\":\"https:\\\/\\\/theomm.com\\\/da\\\/product\\\/rotor-hood-jacket-2\\\/#breadcrumb\",\"itemListElement\":[{\"@type\":\"ListItem\",\"position\":1,\"name\":\"Home\",\"item\":\"https:\\\/\\\/theomm.com\\\/da\\\/original-mountain-marathon\\\/\"},{\"@type\":\"ListItem\",\"position\":2,\"name\":\"Produkter\",\"item\":\"https:\\\/\\\/theomm.com\\\/da\\\/original-mountain-marathon\\\/produkter\\\/\"},{\"@type\":\"ListItem\",\"position\":3,\"name\":\"Rotor Hood Jacket\"}]},{\"@type\":\"WebSite\",\"@id\":\"https:\\\/\\\/theomm.com\\\/#website\",\"url\":\"https:\\\/\\\/theomm.com\\\/\",\"name\":\"OMM\",\"description\":\"OMM is Technical clothing and equipment made for running in the mountains. Designed to the specifications of Original Mountain Marathon.\",\"alternateName\":\"Original Mountain Marathon\",\"potentialAction\":[{\"@type\":\"SearchAction\",\"target\":{\"@type\":\"EntryPoint\",\"urlTemplate\":\"https:\\\/\\\/theomm.com\\\/?s={search_term_string}\"},\"query-input\":{\"@type\":\"PropertyValueSpecification\",\"valueRequired\":true,\"valueName\":\"search_term_string\"}}],\"inLanguage\":\"da-DK\"}]}<\/script>\n<!-- \/ Yoast SEO plugin. -->","yoast_head_json":{"title":"Rotor Hood Jacket - OMM","description":"Rotor Hood Jacket, Super Warm Primaloft\u00ae isoleringsjakke med minimal pakkest\u00f8rrelse, perfekt til flerdagsl\u00f8b.. Kropsisolering. Beskyttelse mod elementerne Letv\u00e6gtspakbar","robots":{"index":"index","follow":"follow","max-snippet":"max-snippet:-1","max-image-preview":"max-image-preview:large","max-video-preview":"max-video-preview:-1"},"canonical":"https:\/\/theomm.com\/da\/product\/rotor-hood-jacket-2\/","og_locale":"da_DK","og_type":"article","og_title":"Rotor Hood Jacket - OMM","og_description":"Rotor Hood Jacket, Super Warm Primaloft\u00ae isoleringsjakke med minimal pakkest\u00f8rrelse, perfekt til flerdagsl\u00f8b.. Kropsisolering. Beskyttelse mod elementerne Letv\u00e6gtspakbar","og_url":"https:\/\/theomm.com\/da\/product\/rotor-hood-jacket-2\/","og_site_name":"OMM","article_publisher":"https:\/\/www.facebook.com\/OMMrunning?_ga=2.203172945.1541616462.1665402953-280172632.1649426001","article_modified_time":"2026-01-03T00:03:56+00:00","og_image":[{"width":600,"height":600,"url":"https:\/\/theomm.com\/wp-content\/uploads\/2022\/10\/OC169_Rotor_Hood_Jacket_Black_Front_Hood_Down.jpg","type":"image\/jpeg"}],"twitter_card":"summary_large_image","twitter_misc":{"Estimeret l\u00e6setid":"2 minutter"},"schema":{"@context":"https:\/\/schema.org","@graph":[{"@type":"WebPage","@id":"https:\/\/theomm.com\/da\/product\/rotor-hood-jacket-2\/","url":"https:\/\/theomm.com\/da\/product\/rotor-hood-jacket-2\/","name":"Rotor Hood Jacket - OMM","isPartOf":{"@id":"https:\/\/theomm.com\/#website"},"primaryImageOfPage":{"@id":"https:\/\/theomm.com\/da\/product\/rotor-hood-jacket-2\/#primaryimage"},"image":{"@id":"https:\/\/theomm.com\/da\/product\/rotor-hood-jacket-2\/#primaryimage"},"thumbnailUrl":"https:\/\/theomm.com\/wp-content\/uploads\/2022\/10\/OC169_Rotor_Hood_Jacket_Black_Front_Hood_Down.jpg","datePublished":"2025-08-16T10:49:44+00:00","dateModified":"2026-01-03T00:03:56+00:00","description":"Rotor Hood Jacket, Super Warm Primaloft\u00ae isoleringsjakke med minimal pakkest\u00f8rrelse, perfekt til flerdagsl\u00f8b.. Kropsisolering. Beskyttelse mod elementerne Letv\u00e6gtspakbar","breadcrumb":{"@id":"https:\/\/theomm.com\/da\/product\/rotor-hood-jacket-2\/#breadcrumb"},"inLanguage":"da-DK","potentialAction":[{"@type":"ReadAction","target":["https:\/\/theomm.com\/da\/product\/rotor-hood-jacket-2\/"]}]},{"@type":"ImageObject","inLanguage":"da-DK","@id":"https:\/\/theomm.com\/da\/product\/rotor-hood-jacket-2\/#primaryimage","url":"https:\/\/theomm.com\/wp-content\/uploads\/2022\/10\/OC169_Rotor_Hood_Jacket_Black_Front_Hood_Down.jpg","contentUrl":"https:\/\/theomm.com\/wp-content\/uploads\/2022\/10\/OC169_Rotor_Hood_Jacket_Black_Front_Hood_Down.jpg","width":600,"height":600},{"@type":"BreadcrumbList","@id":"https:\/\/theomm.com\/da\/product\/rotor-hood-jacket-2\/#breadcrumb","itemListElement":[{"@type":"ListItem","position":1,"name":"Home","item":"https:\/\/theomm.com\/da\/original-mountain-marathon\/"},{"@type":"ListItem","position":2,"name":"Produkter","item":"https:\/\/theomm.com\/da\/original-mountain-marathon\/produkter\/"},{"@type":"ListItem","position":3,"name":"Rotor Hood Jacket"}]},{"@type":"WebSite","@id":"https:\/\/theomm.com\/#website","url":"https:\/\/theomm.com\/","name":"OMM","description":"OMM is Technical clothing and equipment made for running in the mountains. Designed to the specifications of Original Mountain Marathon.","alternateName":"Original Mountain Marathon","potentialAction":[{"@type":"SearchAction","target":{"@type":"EntryPoint","urlTemplate":"https:\/\/theomm.com\/?s={search_term_string}"},"query-input":{"@type":"PropertyValueSpecification","valueRequired":true,"valueName":"search_term_string"}}],"inLanguage":"da-DK"}]}},"_links":{"self":[{"href":"https:\/\/theomm.com\/da\/wp-json\/wp\/v2\/product\/161426","targetHints":{"allow":["GET"]}}],"collection":[{"href":"https:\/\/theomm.com\/da\/wp-json\/wp\/v2\/product"}],"about":[{"href":"https:\/\/theomm.com\/da\/wp-json\/wp\/v2\/types\/product"}],"wp:featuredmedia":[{"embeddable":true,"href":"https:\/\/theomm.com\/da\/wp-json\/wp\/v2\/media\/152896"}],"wp:attachment":[{"href":"https:\/\/theomm.com\/da\/wp-json\/wp\/v2\/media?parent=161426"}],"wp:term":[{"taxonomy":"locations","embeddable":true,"href":"https:\/\/theomm.com\/da\/wp-json\/wp\/v2\/locations?post=161426"},{"taxonomy":"product_brand","embeddable":true,"href":"https:\/\/theomm.com\/da\/wp-json\/wp\/v2\/product_brand?post=161426"},{"taxonomy":"product_cat","embeddable":true,"href":"https:\/\/theomm.com\/da\/wp-json\/wp\/v2\/product_cat?post=161426"},{"taxonomy":"product_tag","embeddable":true,"href":"https:\/\/theomm.com\/da\/wp-json\/wp\/v2\/product_tag?post=161426"}],"curies":[{"name":"wp","href":"https:\/\/api.w.org\/{rel}","templated":true}]}}