{"id":162124,"date":"2018-09-16T10:49:35","date_gmt":"2018-09-16T10:49:35","guid":{"rendered":"https:\/\/theomm.com\/product\/ultra-flexi-flask-500ml-straw-2\/"},"modified":"2024-02-05T15:44:53","modified_gmt":"2024-02-05T15:44:53","slug":"ultra-flexi-flask-500ml-straw-2","status":"publish","type":"product","link":"https:\/\/theomm.com\/da\/product\/ultra-flexi-flask-500ml-straw-2\/","title":{"rendered":"Ultra Flexi Flask 500ml + Straw"},"content":{"rendered":"<p>Ultra Flexi Flask 500ml + Straw &#8211; OMM-Flexi Flask er fleksible og komprimeres i volumen, samtidigt med du drikker, hvilket s\u00f8rger for at vand ikke skvulper\/hopper samt reducerer sugeanstrengelsen. Den holdbare termoplast giver mulighed for nem opbevaring p\u00e5 farten. Flasken har ogs\u00e5 en sikker bideventil for at sikre, at der ikke spildes under opbevaring. NEMT FYLDNINGSBL\u00d8D KOLBE MED SUGER\u00d8R TIL AT DRIKKE UNDER BEV\u00c6GELSEN LET OPFYLDNING Den brede hals mulighed for let at fylde vand p\u00e5 eller tilf\u00f8je energipulver UDSKIFTLIGE L\u00c5G Alle OMM hydreringsprodukter har nu udskiftelige dele, der giver mulighed for nem udskiftning for at forl\u00e6nge levetiden af produktet STOR BITEVENTIL Den store bideventil sikrer en fremragende flowhastighed for \u00f8jeblikkelig hydrering og minimal indsats. Udskifteligt l\u00e5g &amp; bideventil<\/p>\n<p>BPA PVC og Phthalat fri<\/p>\n<p>Suger\u00f8r Farve: Klar<\/p>\n<p>Volumen: 500ml<\/p>\n<p>V\u00e6gt: 55g<\/p>\n","protected":false},"excerpt":{"rendered":"<p>OMM-Flexi Flask er fleksible og komprimeres i volumen, samtidigt med du drikker, hvilket s\u00f8rger for at vand ikke skvulper\/hopper samt reducerer sugeanstrengelsen. Den holdbare termoplast giver mulighed for nem opbevaring p\u00e5 farten. Flasken har ogs\u00e5 en sikker bideventil for at sikre, at der ikke spildes under opbevaring.<\/p>\n","protected":false},"featured_media":153936,"template":"","meta":{"_acf_changed":false,"_et_pb_use_builder":"","_et_pb_old_content":"","_et_gb_content_width":""},"locations":[],"product_brand":[],"product_cat":[1260,1261],"product_tag":[1622,1623,1624,1349,1625],"class_list":{"0":"post-162124","1":"product","2":"type-product","3":"status-publish","4":"has-post-thumbnail","6":"product_cat-andet","7":"product_cat-hydrering","8":"product_tag-500ml-da","9":"product_tag-hydrering","10":"product_tag-soft-flask-da","11":"product_tag-sp-da","12":"product_tag-water-flask-da","14":"first","15":"outofstock","16":"taxable","17":"shipping-taxable","18":"product-type-simple"},"acf":[],"yoast_head":"<!-- This site is optimized with the Yoast SEO plugin v27.3 - https:\/\/yoast.com\/product\/yoast-seo-wordpress\/ -->\n<title>Ultra Flexi Flask 500ml + Straw - OMM<\/title>\n<meta name=\"description\" content=\"Ultra Flexi Flask 500Ml + suger\u00f8r, let p\u00e5fyldelig bl\u00f8d flaske med suger\u00f8r til at drikke p\u00e5 farten. Nem genopfyldning. Udskiftelige l\u00e5g med stor bideventil\" \/>\n<meta name=\"robots\" content=\"index, follow, max-snippet:-1, max-image-preview:large, max-video-preview:-1\" \/>\n<link rel=\"canonical\" href=\"https:\/\/theomm.com\/da\/product\/ultra-flexi-flask-500ml-straw-2\/\" \/>\n<meta property=\"og:locale\" content=\"da_DK\" \/>\n<meta property=\"og:type\" content=\"article\" \/>\n<meta property=\"og:title\" content=\"Ultra Flexi Flask 500ml + Straw - OMM\" \/>\n<meta property=\"og:description\" content=\"Ultra Flexi Flask 500Ml + suger\u00f8r, let p\u00e5fyldelig bl\u00f8d flaske med suger\u00f8r til at drikke p\u00e5 farten. Nem genopfyldning. Udskiftelige l\u00e5g med stor bideventil\" \/>\n<meta property=\"og:url\" content=\"https:\/\/theomm.com\/da\/product\/ultra-flexi-flask-500ml-straw-2\/\" \/>\n<meta property=\"og:site_name\" content=\"OMM\" \/>\n<meta property=\"article:publisher\" content=\"https:\/\/www.facebook.com\/OMMrunning?_ga=2.203172945.1541616462.1665402953-280172632.1649426001\" \/>\n<meta property=\"article:modified_time\" content=\"2024-02-05T15:44:53+00:00\" \/>\n<meta property=\"og:image\" content=\"https:\/\/theomm.com\/wp-content\/uploads\/2022\/10\/OG046-Simple_0001_Flexi-Flask-500ml-straw-front.jpg\" \/>\n\t<meta property=\"og:image:width\" content=\"600\" \/>\n\t<meta property=\"og:image:height\" content=\"600\" \/>\n\t<meta property=\"og:image:type\" content=\"image\/jpeg\" \/>\n<meta name=\"twitter:card\" content=\"summary_large_image\" \/>\n<meta name=\"twitter:label1\" content=\"Estimeret l\u00e6setid\" \/>\n\t<meta name=\"twitter:data1\" content=\"1 minut\" \/>\n<script type=\"application\/ld+json\" class=\"yoast-schema-graph\">{\"@context\":\"https:\\\/\\\/schema.org\",\"@graph\":[{\"@type\":\"WebPage\",\"@id\":\"https:\\\/\\\/theomm.com\\\/da\\\/product\\\/ultra-flexi-flask-500ml-straw-2\\\/\",\"url\":\"https:\\\/\\\/theomm.com\\\/da\\\/product\\\/ultra-flexi-flask-500ml-straw-2\\\/\",\"name\":\"Ultra Flexi Flask 500ml + Straw - OMM\",\"isPartOf\":{\"@id\":\"https:\\\/\\\/theomm.com\\\/#website\"},\"primaryImageOfPage\":{\"@id\":\"https:\\\/\\\/theomm.com\\\/da\\\/product\\\/ultra-flexi-flask-500ml-straw-2\\\/#primaryimage\"},\"image\":{\"@id\":\"https:\\\/\\\/theomm.com\\\/da\\\/product\\\/ultra-flexi-flask-500ml-straw-2\\\/#primaryimage\"},\"thumbnailUrl\":\"https:\\\/\\\/theomm.com\\\/wp-content\\\/uploads\\\/2022\\\/10\\\/OG046-Simple_0001_Flexi-Flask-500ml-straw-front.jpg\",\"datePublished\":\"2018-09-16T10:49:35+00:00\",\"dateModified\":\"2024-02-05T15:44:53+00:00\",\"description\":\"Ultra Flexi Flask 500Ml + suger\u00f8r, let p\u00e5fyldelig bl\u00f8d flaske med suger\u00f8r til at drikke p\u00e5 farten. Nem genopfyldning. Udskiftelige l\u00e5g med stor bideventil\",\"breadcrumb\":{\"@id\":\"https:\\\/\\\/theomm.com\\\/da\\\/product\\\/ultra-flexi-flask-500ml-straw-2\\\/#breadcrumb\"},\"inLanguage\":\"da-DK\",\"potentialAction\":[{\"@type\":\"ReadAction\",\"target\":[\"https:\\\/\\\/theomm.com\\\/da\\\/product\\\/ultra-flexi-flask-500ml-straw-2\\\/\"]}]},{\"@type\":\"ImageObject\",\"inLanguage\":\"da-DK\",\"@id\":\"https:\\\/\\\/theomm.com\\\/da\\\/product\\\/ultra-flexi-flask-500ml-straw-2\\\/#primaryimage\",\"url\":\"https:\\\/\\\/theomm.com\\\/wp-content\\\/uploads\\\/2022\\\/10\\\/OG046-Simple_0001_Flexi-Flask-500ml-straw-front.jpg\",\"contentUrl\":\"https:\\\/\\\/theomm.com\\\/wp-content\\\/uploads\\\/2022\\\/10\\\/OG046-Simple_0001_Flexi-Flask-500ml-straw-front.jpg\",\"width\":600,\"height\":600},{\"@type\":\"BreadcrumbList\",\"@id\":\"https:\\\/\\\/theomm.com\\\/da\\\/product\\\/ultra-flexi-flask-500ml-straw-2\\\/#breadcrumb\",\"itemListElement\":[{\"@type\":\"ListItem\",\"position\":1,\"name\":\"Home\",\"item\":\"https:\\\/\\\/theomm.com\\\/da\\\/original-mountain-marathon\\\/\"},{\"@type\":\"ListItem\",\"position\":2,\"name\":\"Produkter\",\"item\":\"https:\\\/\\\/theomm.com\\\/da\\\/original-mountain-marathon\\\/produkter\\\/\"},{\"@type\":\"ListItem\",\"position\":3,\"name\":\"Ultra Flexi Flask 500ml + Straw\"}]},{\"@type\":\"WebSite\",\"@id\":\"https:\\\/\\\/theomm.com\\\/#website\",\"url\":\"https:\\\/\\\/theomm.com\\\/\",\"name\":\"OMM\",\"description\":\"OMM is Technical clothing and equipment made for running in the mountains. Designed to the specifications of Original Mountain Marathon.\",\"alternateName\":\"Original Mountain Marathon\",\"potentialAction\":[{\"@type\":\"SearchAction\",\"target\":{\"@type\":\"EntryPoint\",\"urlTemplate\":\"https:\\\/\\\/theomm.com\\\/?s={search_term_string}\"},\"query-input\":{\"@type\":\"PropertyValueSpecification\",\"valueRequired\":true,\"valueName\":\"search_term_string\"}}],\"inLanguage\":\"da-DK\"}]}<\/script>\n<!-- \/ Yoast SEO plugin. -->","yoast_head_json":{"title":"Ultra Flexi Flask 500ml + Straw - OMM","description":"Ultra Flexi Flask 500Ml + suger\u00f8r, let p\u00e5fyldelig bl\u00f8d flaske med suger\u00f8r til at drikke p\u00e5 farten. Nem genopfyldning. Udskiftelige l\u00e5g med stor bideventil","robots":{"index":"index","follow":"follow","max-snippet":"max-snippet:-1","max-image-preview":"max-image-preview:large","max-video-preview":"max-video-preview:-1"},"canonical":"https:\/\/theomm.com\/da\/product\/ultra-flexi-flask-500ml-straw-2\/","og_locale":"da_DK","og_type":"article","og_title":"Ultra Flexi Flask 500ml + Straw - OMM","og_description":"Ultra Flexi Flask 500Ml + suger\u00f8r, let p\u00e5fyldelig bl\u00f8d flaske med suger\u00f8r til at drikke p\u00e5 farten. Nem genopfyldning. Udskiftelige l\u00e5g med stor bideventil","og_url":"https:\/\/theomm.com\/da\/product\/ultra-flexi-flask-500ml-straw-2\/","og_site_name":"OMM","article_publisher":"https:\/\/www.facebook.com\/OMMrunning?_ga=2.203172945.1541616462.1665402953-280172632.1649426001","article_modified_time":"2024-02-05T15:44:53+00:00","og_image":[{"width":600,"height":600,"url":"https:\/\/theomm.com\/wp-content\/uploads\/2022\/10\/OG046-Simple_0001_Flexi-Flask-500ml-straw-front.jpg","type":"image\/jpeg"}],"twitter_card":"summary_large_image","twitter_misc":{"Estimeret l\u00e6setid":"1 minut"},"schema":{"@context":"https:\/\/schema.org","@graph":[{"@type":"WebPage","@id":"https:\/\/theomm.com\/da\/product\/ultra-flexi-flask-500ml-straw-2\/","url":"https:\/\/theomm.com\/da\/product\/ultra-flexi-flask-500ml-straw-2\/","name":"Ultra Flexi Flask 500ml + Straw - OMM","isPartOf":{"@id":"https:\/\/theomm.com\/#website"},"primaryImageOfPage":{"@id":"https:\/\/theomm.com\/da\/product\/ultra-flexi-flask-500ml-straw-2\/#primaryimage"},"image":{"@id":"https:\/\/theomm.com\/da\/product\/ultra-flexi-flask-500ml-straw-2\/#primaryimage"},"thumbnailUrl":"https:\/\/theomm.com\/wp-content\/uploads\/2022\/10\/OG046-Simple_0001_Flexi-Flask-500ml-straw-front.jpg","datePublished":"2018-09-16T10:49:35+00:00","dateModified":"2024-02-05T15:44:53+00:00","description":"Ultra Flexi Flask 500Ml + suger\u00f8r, let p\u00e5fyldelig bl\u00f8d flaske med suger\u00f8r til at drikke p\u00e5 farten. Nem genopfyldning. Udskiftelige l\u00e5g med stor bideventil","breadcrumb":{"@id":"https:\/\/theomm.com\/da\/product\/ultra-flexi-flask-500ml-straw-2\/#breadcrumb"},"inLanguage":"da-DK","potentialAction":[{"@type":"ReadAction","target":["https:\/\/theomm.com\/da\/product\/ultra-flexi-flask-500ml-straw-2\/"]}]},{"@type":"ImageObject","inLanguage":"da-DK","@id":"https:\/\/theomm.com\/da\/product\/ultra-flexi-flask-500ml-straw-2\/#primaryimage","url":"https:\/\/theomm.com\/wp-content\/uploads\/2022\/10\/OG046-Simple_0001_Flexi-Flask-500ml-straw-front.jpg","contentUrl":"https:\/\/theomm.com\/wp-content\/uploads\/2022\/10\/OG046-Simple_0001_Flexi-Flask-500ml-straw-front.jpg","width":600,"height":600},{"@type":"BreadcrumbList","@id":"https:\/\/theomm.com\/da\/product\/ultra-flexi-flask-500ml-straw-2\/#breadcrumb","itemListElement":[{"@type":"ListItem","position":1,"name":"Home","item":"https:\/\/theomm.com\/da\/original-mountain-marathon\/"},{"@type":"ListItem","position":2,"name":"Produkter","item":"https:\/\/theomm.com\/da\/original-mountain-marathon\/produkter\/"},{"@type":"ListItem","position":3,"name":"Ultra Flexi Flask 500ml + Straw"}]},{"@type":"WebSite","@id":"https:\/\/theomm.com\/#website","url":"https:\/\/theomm.com\/","name":"OMM","description":"OMM is Technical clothing and equipment made for running in the mountains. Designed to the specifications of Original Mountain Marathon.","alternateName":"Original Mountain Marathon","potentialAction":[{"@type":"SearchAction","target":{"@type":"EntryPoint","urlTemplate":"https:\/\/theomm.com\/?s={search_term_string}"},"query-input":{"@type":"PropertyValueSpecification","valueRequired":true,"valueName":"search_term_string"}}],"inLanguage":"da-DK"}]}},"_links":{"self":[{"href":"https:\/\/theomm.com\/da\/wp-json\/wp\/v2\/product\/162124","targetHints":{"allow":["GET"]}}],"collection":[{"href":"https:\/\/theomm.com\/da\/wp-json\/wp\/v2\/product"}],"about":[{"href":"https:\/\/theomm.com\/da\/wp-json\/wp\/v2\/types\/product"}],"wp:featuredmedia":[{"embeddable":true,"href":"https:\/\/theomm.com\/da\/wp-json\/wp\/v2\/media\/153936"}],"wp:attachment":[{"href":"https:\/\/theomm.com\/da\/wp-json\/wp\/v2\/media?parent=162124"}],"wp:term":[{"taxonomy":"locations","embeddable":true,"href":"https:\/\/theomm.com\/da\/wp-json\/wp\/v2\/locations?post=162124"},{"taxonomy":"product_brand","embeddable":true,"href":"https:\/\/theomm.com\/da\/wp-json\/wp\/v2\/product_brand?post=162124"},{"taxonomy":"product_cat","embeddable":true,"href":"https:\/\/theomm.com\/da\/wp-json\/wp\/v2\/product_cat?post=162124"},{"taxonomy":"product_tag","embeddable":true,"href":"https:\/\/theomm.com\/da\/wp-json\/wp\/v2\/product_tag?post=162124"}],"curies":[{"name":"wp","href":"https:\/\/api.w.org\/{rel}","templated":true}]}}