{"id":162150,"date":"2020-03-16T10:49:06","date_gmt":"2020-03-16T10:49:06","guid":{"rendered":"https:\/\/theomm.com\/product\/tent-peg-aluminium-x-2-2\/"},"modified":"2025-09-10T17:04:22","modified_gmt":"2025-09-10T17:04:22","slug":"tent-peg-aluminium-x-2-2","status":"publish","type":"product","link":"https:\/\/theomm.com\/da\/product\/tent-peg-aluminium-x-2-2\/","title":{"rendered":"Tent Peg (Aluminium) x 2"},"content":{"rendered":"<p>Teltpl\u00f8kke (aluminium) x 2 &#8211; Disse lette aluminiumsteltpl\u00f8kke er kompatible med vores Classic &amp; Phantom rygs\u00e6k-serier, s\u00e5 du kan fastg\u00f8re og afmontere taljeb\u00e6ltet.<\/p>\n<p>&nbsp;<\/p>\n<p>De er ogs\u00e5 gode til dit telt eller presenning, n\u00e5r du skal overnatte.<\/p>\n<p>&nbsp;<\/p>\n<p>Og de fungerer som flaske\u00e5bnere&#8230;bare fordi. LETTE TELTPLYKKE TIL BRUG I LEJREREN OG MED CLASSIC RYGS\u00c6KKEN LET AT BRUGE Designet til at blive brugt uden v\u00e6rkt\u00f8j eller specialkit. LET OG KOMPAKT Let, men st\u00e6rk h\u00f8jkvalitets anodiseret aluminium FLASKE\u00c5BNER En overnatningslejr ville ikke v\u00e6re komplet uden forfriskninger. Hver pl\u00f8k fungerer som en flaske\u00e5bner. Emballage bruges som 1:25K &amp; 1:40K romer scale v\u00e6rkt\u00f8j<\/p>\n<p>Emballage er lavet af genbrugsmateriale<\/p>\n<p>Pakke med 2 stk.<\/p>\n<p>Kan bruges som flaske\u00e5bner<\/p>\n<p>Kompatibel med OMM Classic Pack Range Farve: Orange<\/p>\n<p>Materiale: Anodiseret aluminium<\/p>\n<p>L\u00e6ngde: 130 mm<\/p>\n<p>V\u00e6gt: 10g pr stk.<\/p>\n","protected":false},"excerpt":{"rendered":"<p>Disse lette aluminiumsteltpl\u00f8kke er kompatible med vores Classic &amp; Phantom rygs\u00e6k-serier, s\u00e5 du kan fastg\u00f8re og afmontere taljeb\u00e6ltet.<\/p>\n<p>&nbsp;<\/p>\n<p>De er ogs\u00e5 gode til dit telt eller presenning, n\u00e5r du skal overnatte.<\/p>\n<p>Og de fungerer som flaske\u00e5bnere&#8230;bare fordi.<\/p>\n","protected":false},"featured_media":153930,"template":"","meta":{"_acf_changed":false,"_et_pb_use_builder":"","_et_pb_old_content":"","_et_gb_content_width":""},"locations":[],"product_brand":[],"product_cat":[1260,1263],"product_tag":[1637,1639,1638,1630,1636,1349,1640,1641],"class_list":{"0":"post-162150","1":"product","2":"type-product","3":"status-publish","4":"has-post-thumbnail","6":"product_cat-andet","7":"product_cat-reparation-tilpasning","8":"product_tag-aluminium-da","9":"product_tag-camping-da","10":"product_tag-flakseabner","11":"product_tag-kit-list-da","12":"product_tag-repair-da","13":"product_tag-sp-da","14":"product_tag-teltplok","15":"product_tag-the-omm-da","16":"pa_color-orange-da","17":"pa_colour-orange-da","18":"pa_weight-0-50g","20":"first","21":"instock","22":"taxable","23":"shipping-taxable","24":"purchasable","25":"product-type-variable","26":"has-default-attributes","27":"wvs-archive-product-wrapper"},"acf":[],"yoast_head":"<!-- This site is optimized with the Yoast SEO plugin v27.3 - https:\/\/yoast.com\/product\/yoast-seo-wordpress\/ -->\n<title>Tent Peg (Aluminium) x 2 - OMM<\/title>\n<meta name=\"description\" content=\"The Tent Peg (Aluminium) X 2, lette teltpl\u00f8kke til brug i lejren og med Classic rygs\u00e6k serien. Let at montere. Let og kompakt flaske\u00e5bner\" \/>\n<meta name=\"robots\" content=\"index, follow, max-snippet:-1, max-image-preview:large, max-video-preview:-1\" \/>\n<link rel=\"canonical\" href=\"https:\/\/theomm.com\/da\/product\/tent-peg-aluminium-x-2-2\/\" \/>\n<meta property=\"og:locale\" content=\"da_DK\" \/>\n<meta property=\"og:type\" content=\"article\" \/>\n<meta property=\"og:title\" content=\"Tent Peg (Aluminium) x 2 - OMM\" \/>\n<meta property=\"og:description\" content=\"The Tent Peg (Aluminium) X 2, lette teltpl\u00f8kke til brug i lejren og med Classic rygs\u00e6k serien. Let at montere. Let og kompakt flaske\u00e5bner\" \/>\n<meta property=\"og:url\" content=\"https:\/\/theomm.com\/da\/product\/tent-peg-aluminium-x-2-2\/\" \/>\n<meta property=\"og:site_name\" content=\"OMM\" \/>\n<meta property=\"article:publisher\" content=\"https:\/\/www.facebook.com\/OMMrunning?_ga=2.203172945.1541616462.1665402953-280172632.1649426001\" \/>\n<meta property=\"article:modified_time\" content=\"2025-09-10T17:04:22+00:00\" \/>\n<meta property=\"og:image\" content=\"https:\/\/theomm.com\/wp-content\/uploads\/2022\/10\/OG043-Tent-Pegs-Alu-Simple.jpg\" \/>\n\t<meta property=\"og:image:width\" content=\"600\" \/>\n\t<meta property=\"og:image:height\" content=\"600\" \/>\n\t<meta property=\"og:image:type\" content=\"image\/jpeg\" \/>\n<meta name=\"twitter:card\" content=\"summary_large_image\" \/>\n<meta name=\"twitter:label1\" content=\"Estimeret l\u00e6setid\" \/>\n\t<meta name=\"twitter:data1\" content=\"1 minut\" \/>\n<script type=\"application\/ld+json\" class=\"yoast-schema-graph\">{\"@context\":\"https:\\\/\\\/schema.org\",\"@graph\":[{\"@type\":\"WebPage\",\"@id\":\"https:\\\/\\\/theomm.com\\\/da\\\/product\\\/tent-peg-aluminium-x-2-2\\\/\",\"url\":\"https:\\\/\\\/theomm.com\\\/da\\\/product\\\/tent-peg-aluminium-x-2-2\\\/\",\"name\":\"Tent Peg (Aluminium) x 2 - OMM\",\"isPartOf\":{\"@id\":\"https:\\\/\\\/theomm.com\\\/#website\"},\"primaryImageOfPage\":{\"@id\":\"https:\\\/\\\/theomm.com\\\/da\\\/product\\\/tent-peg-aluminium-x-2-2\\\/#primaryimage\"},\"image\":{\"@id\":\"https:\\\/\\\/theomm.com\\\/da\\\/product\\\/tent-peg-aluminium-x-2-2\\\/#primaryimage\"},\"thumbnailUrl\":\"https:\\\/\\\/theomm.com\\\/wp-content\\\/uploads\\\/2022\\\/10\\\/OG043-Tent-Pegs-Alu-Simple.jpg\",\"datePublished\":\"2020-03-16T10:49:06+00:00\",\"dateModified\":\"2025-09-10T17:04:22+00:00\",\"description\":\"The Tent Peg (Aluminium) X 2, lette teltpl\u00f8kke til brug i lejren og med Classic rygs\u00e6k serien. Let at montere. Let og kompakt flaske\u00e5bner\",\"breadcrumb\":{\"@id\":\"https:\\\/\\\/theomm.com\\\/da\\\/product\\\/tent-peg-aluminium-x-2-2\\\/#breadcrumb\"},\"inLanguage\":\"da-DK\",\"potentialAction\":[{\"@type\":\"ReadAction\",\"target\":[\"https:\\\/\\\/theomm.com\\\/da\\\/product\\\/tent-peg-aluminium-x-2-2\\\/\"]}]},{\"@type\":\"ImageObject\",\"inLanguage\":\"da-DK\",\"@id\":\"https:\\\/\\\/theomm.com\\\/da\\\/product\\\/tent-peg-aluminium-x-2-2\\\/#primaryimage\",\"url\":\"https:\\\/\\\/theomm.com\\\/wp-content\\\/uploads\\\/2022\\\/10\\\/OG043-Tent-Pegs-Alu-Simple.jpg\",\"contentUrl\":\"https:\\\/\\\/theomm.com\\\/wp-content\\\/uploads\\\/2022\\\/10\\\/OG043-Tent-Pegs-Alu-Simple.jpg\",\"width\":600,\"height\":600},{\"@type\":\"BreadcrumbList\",\"@id\":\"https:\\\/\\\/theomm.com\\\/da\\\/product\\\/tent-peg-aluminium-x-2-2\\\/#breadcrumb\",\"itemListElement\":[{\"@type\":\"ListItem\",\"position\":1,\"name\":\"Home\",\"item\":\"https:\\\/\\\/theomm.com\\\/da\\\/original-mountain-marathon\\\/\"},{\"@type\":\"ListItem\",\"position\":2,\"name\":\"Produkter\",\"item\":\"https:\\\/\\\/theomm.com\\\/da\\\/original-mountain-marathon\\\/produkter\\\/\"},{\"@type\":\"ListItem\",\"position\":3,\"name\":\"Tent Peg (Aluminium) x 2\"}]},{\"@type\":\"WebSite\",\"@id\":\"https:\\\/\\\/theomm.com\\\/#website\",\"url\":\"https:\\\/\\\/theomm.com\\\/\",\"name\":\"OMM\",\"description\":\"OMM is Technical clothing and equipment made for running in the mountains. Designed to the specifications of Original Mountain Marathon.\",\"alternateName\":\"Original Mountain Marathon\",\"potentialAction\":[{\"@type\":\"SearchAction\",\"target\":{\"@type\":\"EntryPoint\",\"urlTemplate\":\"https:\\\/\\\/theomm.com\\\/?s={search_term_string}\"},\"query-input\":{\"@type\":\"PropertyValueSpecification\",\"valueRequired\":true,\"valueName\":\"search_term_string\"}}],\"inLanguage\":\"da-DK\"}]}<\/script>\n<!-- \/ Yoast SEO plugin. -->","yoast_head_json":{"title":"Tent Peg (Aluminium) x 2 - OMM","description":"The Tent Peg (Aluminium) X 2, lette teltpl\u00f8kke til brug i lejren og med Classic rygs\u00e6k serien. Let at montere. Let og kompakt flaske\u00e5bner","robots":{"index":"index","follow":"follow","max-snippet":"max-snippet:-1","max-image-preview":"max-image-preview:large","max-video-preview":"max-video-preview:-1"},"canonical":"https:\/\/theomm.com\/da\/product\/tent-peg-aluminium-x-2-2\/","og_locale":"da_DK","og_type":"article","og_title":"Tent Peg (Aluminium) x 2 - OMM","og_description":"The Tent Peg (Aluminium) X 2, lette teltpl\u00f8kke til brug i lejren og med Classic rygs\u00e6k serien. Let at montere. Let og kompakt flaske\u00e5bner","og_url":"https:\/\/theomm.com\/da\/product\/tent-peg-aluminium-x-2-2\/","og_site_name":"OMM","article_publisher":"https:\/\/www.facebook.com\/OMMrunning?_ga=2.203172945.1541616462.1665402953-280172632.1649426001","article_modified_time":"2025-09-10T17:04:22+00:00","og_image":[{"width":600,"height":600,"url":"https:\/\/theomm.com\/wp-content\/uploads\/2022\/10\/OG043-Tent-Pegs-Alu-Simple.jpg","type":"image\/jpeg"}],"twitter_card":"summary_large_image","twitter_misc":{"Estimeret l\u00e6setid":"1 minut"},"schema":{"@context":"https:\/\/schema.org","@graph":[{"@type":"WebPage","@id":"https:\/\/theomm.com\/da\/product\/tent-peg-aluminium-x-2-2\/","url":"https:\/\/theomm.com\/da\/product\/tent-peg-aluminium-x-2-2\/","name":"Tent Peg (Aluminium) x 2 - OMM","isPartOf":{"@id":"https:\/\/theomm.com\/#website"},"primaryImageOfPage":{"@id":"https:\/\/theomm.com\/da\/product\/tent-peg-aluminium-x-2-2\/#primaryimage"},"image":{"@id":"https:\/\/theomm.com\/da\/product\/tent-peg-aluminium-x-2-2\/#primaryimage"},"thumbnailUrl":"https:\/\/theomm.com\/wp-content\/uploads\/2022\/10\/OG043-Tent-Pegs-Alu-Simple.jpg","datePublished":"2020-03-16T10:49:06+00:00","dateModified":"2025-09-10T17:04:22+00:00","description":"The Tent Peg (Aluminium) X 2, lette teltpl\u00f8kke til brug i lejren og med Classic rygs\u00e6k serien. Let at montere. Let og kompakt flaske\u00e5bner","breadcrumb":{"@id":"https:\/\/theomm.com\/da\/product\/tent-peg-aluminium-x-2-2\/#breadcrumb"},"inLanguage":"da-DK","potentialAction":[{"@type":"ReadAction","target":["https:\/\/theomm.com\/da\/product\/tent-peg-aluminium-x-2-2\/"]}]},{"@type":"ImageObject","inLanguage":"da-DK","@id":"https:\/\/theomm.com\/da\/product\/tent-peg-aluminium-x-2-2\/#primaryimage","url":"https:\/\/theomm.com\/wp-content\/uploads\/2022\/10\/OG043-Tent-Pegs-Alu-Simple.jpg","contentUrl":"https:\/\/theomm.com\/wp-content\/uploads\/2022\/10\/OG043-Tent-Pegs-Alu-Simple.jpg","width":600,"height":600},{"@type":"BreadcrumbList","@id":"https:\/\/theomm.com\/da\/product\/tent-peg-aluminium-x-2-2\/#breadcrumb","itemListElement":[{"@type":"ListItem","position":1,"name":"Home","item":"https:\/\/theomm.com\/da\/original-mountain-marathon\/"},{"@type":"ListItem","position":2,"name":"Produkter","item":"https:\/\/theomm.com\/da\/original-mountain-marathon\/produkter\/"},{"@type":"ListItem","position":3,"name":"Tent Peg (Aluminium) x 2"}]},{"@type":"WebSite","@id":"https:\/\/theomm.com\/#website","url":"https:\/\/theomm.com\/","name":"OMM","description":"OMM is Technical clothing and equipment made for running in the mountains. Designed to the specifications of Original Mountain Marathon.","alternateName":"Original Mountain Marathon","potentialAction":[{"@type":"SearchAction","target":{"@type":"EntryPoint","urlTemplate":"https:\/\/theomm.com\/?s={search_term_string}"},"query-input":{"@type":"PropertyValueSpecification","valueRequired":true,"valueName":"search_term_string"}}],"inLanguage":"da-DK"}]}},"_links":{"self":[{"href":"https:\/\/theomm.com\/da\/wp-json\/wp\/v2\/product\/162150","targetHints":{"allow":["GET"]}}],"collection":[{"href":"https:\/\/theomm.com\/da\/wp-json\/wp\/v2\/product"}],"about":[{"href":"https:\/\/theomm.com\/da\/wp-json\/wp\/v2\/types\/product"}],"wp:featuredmedia":[{"embeddable":true,"href":"https:\/\/theomm.com\/da\/wp-json\/wp\/v2\/media\/153930"}],"wp:attachment":[{"href":"https:\/\/theomm.com\/da\/wp-json\/wp\/v2\/media?parent=162150"}],"wp:term":[{"taxonomy":"locations","embeddable":true,"href":"https:\/\/theomm.com\/da\/wp-json\/wp\/v2\/locations?post=162150"},{"taxonomy":"product_brand","embeddable":true,"href":"https:\/\/theomm.com\/da\/wp-json\/wp\/v2\/product_brand?post=162150"},{"taxonomy":"product_cat","embeddable":true,"href":"https:\/\/theomm.com\/da\/wp-json\/wp\/v2\/product_cat?post=162150"},{"taxonomy":"product_tag","embeddable":true,"href":"https:\/\/theomm.com\/da\/wp-json\/wp\/v2\/product_tag?post=162150"}],"curies":[{"name":"wp","href":"https:\/\/api.w.org\/{rel}","templated":true}]}}