{"id":162200,"date":"2020-03-16T10:49:06","date_gmt":"2020-03-16T10:49:06","guid":{"rendered":"https:\/\/theomm.com\/product\/dual-buckle-2\/"},"modified":"2025-09-10T17:04:26","modified_gmt":"2025-09-10T17:04:26","slug":"dual-buckle-2","status":"publish","type":"product","link":"https:\/\/theomm.com\/da\/product\/dual-buckle-2\/","title":{"rendered":"Dual Buckle"},"content":{"rendered":"<p>Dobbelt sp\u00e6nde &#8211; Giv dit kit nyt liv, eller modificer det til dine s\u00e6rlige behov med vores udvalg af tilbeh\u00f8r og reservedele.<\/p>\n<p>Let at montere og perfekt til at have med p\u00e5 l\u00e6ngere ture, hvor en defekt kan betyde forskellen. REPARER ELLER TILPAS DIN OMM-BEKL\u00c6DNING OG UDSTYR LET AT BRUGE Designet til at blive monteret uden v\u00e6rkt\u00f8j til hurtige og nemme reparationer og tilpasninger LET OG KOMPAKT. At have lidt ekstra reservedele p\u00e5 l\u00e6ngere ture kan spare dig for en masse hovedpine BREDT KOMPATIBEL Designet til at fungere med hele OMM-serien, men passer ogs\u00e5 til de fleste almindelige rygs\u00e6kke. Fungerer som 1:25K &amp; 1:40K romerscale-v\u00e6rkt\u00f8j<\/p>\n<p>Emballage er lavet af genbrugsmateriale<\/p>\n<p>Pakke med 1 stk.<\/p>\n<p>20 mm &amp; 25 mm<\/p>\n<p>Farve: Sort<\/p>\n","protected":false},"excerpt":{"rendered":"<p>Giv dit kit nyt liv, eller modificer det til dine s\u00e6rlige behov med vores udvalg af tilbeh\u00f8r og reservedele.<\/p>\n<p>Let at montere og perfekt til at have med p\u00e5 l\u00e6ngere ture, hvor en defekt kan betyde forskellen.<\/p>\n","protected":false},"featured_media":153920,"template":"","meta":{"_acf_changed":false,"_et_pb_use_builder":"","_et_pb_old_content":"","_et_gb_content_width":""},"locations":[],"product_brand":[],"product_cat":[1260,1263],"product_tag":[1653,1654,1642,1636,1652,1349,1649],"class_list":{"0":"post-162200","1":"product","2":"type-product","3":"status-publish","4":"has-post-thumbnail","6":"product_cat-andet","7":"product_cat-reparation-tilpasning","8":"product_tag-20mm-da","9":"product_tag-buckle-da","10":"product_tag-omm-toggle-da","11":"product_tag-repair-da","12":"product_tag-side-release-buckle-da","13":"product_tag-sp-da","14":"product_tag-toggle-da","15":"pa_color-sort","16":"pa_colour-sort","17":"pa_size-20mm-da","18":"pa_size-25mm-da","19":"pa_weight-0-50g","21":"first","22":"instock","23":"taxable","24":"shipping-taxable","25":"purchasable","26":"product-type-variable","27":"has-default-attributes","28":"wvs-archive-product-wrapper"},"acf":[],"yoast_head":"<!-- This site is optimized with the Yoast SEO plugin v27.3 - https:\/\/yoast.com\/product\/yoast-seo-wordpress\/ -->\n<title>Dual Buckle - OMM<\/title>\n<meta name=\"description\" content=\"The Dual Buckle, Reparer eller tilpas din OMM-bekl\u00e6dning og -udstyr. Let at montere. Let og kompakt Bredt kompatibel\" \/>\n<meta name=\"robots\" content=\"index, follow, max-snippet:-1, max-image-preview:large, max-video-preview:-1\" \/>\n<link rel=\"canonical\" href=\"https:\/\/theomm.com\/da\/product\/dual-buckle-2\/\" \/>\n<meta property=\"og:locale\" content=\"da_DK\" \/>\n<meta property=\"og:type\" content=\"article\" \/>\n<meta property=\"og:title\" content=\"Dual Buckle - OMM\" \/>\n<meta property=\"og:description\" content=\"The Dual Buckle, Reparer eller tilpas din OMM-bekl\u00e6dning og -udstyr. Let at montere. Let og kompakt Bredt kompatibel\" \/>\n<meta property=\"og:url\" content=\"https:\/\/theomm.com\/da\/product\/dual-buckle-2\/\" \/>\n<meta property=\"og:site_name\" content=\"OMM\" \/>\n<meta property=\"article:publisher\" content=\"https:\/\/www.facebook.com\/OMMrunning?_ga=2.203172945.1541616462.1665402953-280172632.1649426001\" \/>\n<meta property=\"article:modified_time\" content=\"2025-09-10T17:04:26+00:00\" \/>\n<meta property=\"og:image\" content=\"https:\/\/theomm.com\/wp-content\/uploads\/2022\/10\/Simple_0001_OG038-Buckle-20mm-dual.jpg\" \/>\n\t<meta property=\"og:image:width\" content=\"600\" \/>\n\t<meta property=\"og:image:height\" content=\"600\" \/>\n\t<meta property=\"og:image:type\" content=\"image\/jpeg\" \/>\n<meta name=\"twitter:card\" content=\"summary_large_image\" \/>\n<meta name=\"twitter:label1\" content=\"Estimeret l\u00e6setid\" \/>\n\t<meta name=\"twitter:data1\" content=\"1 minut\" \/>\n<script type=\"application\/ld+json\" class=\"yoast-schema-graph\">{\"@context\":\"https:\\\/\\\/schema.org\",\"@graph\":[{\"@type\":\"WebPage\",\"@id\":\"https:\\\/\\\/theomm.com\\\/da\\\/product\\\/dual-buckle-2\\\/\",\"url\":\"https:\\\/\\\/theomm.com\\\/da\\\/product\\\/dual-buckle-2\\\/\",\"name\":\"Dual Buckle - OMM\",\"isPartOf\":{\"@id\":\"https:\\\/\\\/theomm.com\\\/#website\"},\"primaryImageOfPage\":{\"@id\":\"https:\\\/\\\/theomm.com\\\/da\\\/product\\\/dual-buckle-2\\\/#primaryimage\"},\"image\":{\"@id\":\"https:\\\/\\\/theomm.com\\\/da\\\/product\\\/dual-buckle-2\\\/#primaryimage\"},\"thumbnailUrl\":\"https:\\\/\\\/theomm.com\\\/wp-content\\\/uploads\\\/2022\\\/10\\\/Simple_0001_OG038-Buckle-20mm-dual.jpg\",\"datePublished\":\"2020-03-16T10:49:06+00:00\",\"dateModified\":\"2025-09-10T17:04:26+00:00\",\"description\":\"The Dual Buckle, Reparer eller tilpas din OMM-bekl\u00e6dning og -udstyr. Let at montere. Let og kompakt Bredt kompatibel\",\"breadcrumb\":{\"@id\":\"https:\\\/\\\/theomm.com\\\/da\\\/product\\\/dual-buckle-2\\\/#breadcrumb\"},\"inLanguage\":\"da-DK\",\"potentialAction\":[{\"@type\":\"ReadAction\",\"target\":[\"https:\\\/\\\/theomm.com\\\/da\\\/product\\\/dual-buckle-2\\\/\"]}]},{\"@type\":\"ImageObject\",\"inLanguage\":\"da-DK\",\"@id\":\"https:\\\/\\\/theomm.com\\\/da\\\/product\\\/dual-buckle-2\\\/#primaryimage\",\"url\":\"https:\\\/\\\/theomm.com\\\/wp-content\\\/uploads\\\/2022\\\/10\\\/Simple_0001_OG038-Buckle-20mm-dual.jpg\",\"contentUrl\":\"https:\\\/\\\/theomm.com\\\/wp-content\\\/uploads\\\/2022\\\/10\\\/Simple_0001_OG038-Buckle-20mm-dual.jpg\",\"width\":600,\"height\":600},{\"@type\":\"BreadcrumbList\",\"@id\":\"https:\\\/\\\/theomm.com\\\/da\\\/product\\\/dual-buckle-2\\\/#breadcrumb\",\"itemListElement\":[{\"@type\":\"ListItem\",\"position\":1,\"name\":\"Home\",\"item\":\"https:\\\/\\\/theomm.com\\\/da\\\/original-mountain-marathon\\\/\"},{\"@type\":\"ListItem\",\"position\":2,\"name\":\"Produkter\",\"item\":\"https:\\\/\\\/theomm.com\\\/da\\\/original-mountain-marathon\\\/produkter\\\/\"},{\"@type\":\"ListItem\",\"position\":3,\"name\":\"Dual Buckle\"}]},{\"@type\":\"WebSite\",\"@id\":\"https:\\\/\\\/theomm.com\\\/#website\",\"url\":\"https:\\\/\\\/theomm.com\\\/\",\"name\":\"OMM\",\"description\":\"OMM is Technical clothing and equipment made for running in the mountains. Designed to the specifications of Original Mountain Marathon.\",\"alternateName\":\"Original Mountain Marathon\",\"potentialAction\":[{\"@type\":\"SearchAction\",\"target\":{\"@type\":\"EntryPoint\",\"urlTemplate\":\"https:\\\/\\\/theomm.com\\\/?s={search_term_string}\"},\"query-input\":{\"@type\":\"PropertyValueSpecification\",\"valueRequired\":true,\"valueName\":\"search_term_string\"}}],\"inLanguage\":\"da-DK\"}]}<\/script>\n<!-- \/ Yoast SEO plugin. -->","yoast_head_json":{"title":"Dual Buckle - OMM","description":"The Dual Buckle, Reparer eller tilpas din OMM-bekl\u00e6dning og -udstyr. Let at montere. Let og kompakt Bredt kompatibel","robots":{"index":"index","follow":"follow","max-snippet":"max-snippet:-1","max-image-preview":"max-image-preview:large","max-video-preview":"max-video-preview:-1"},"canonical":"https:\/\/theomm.com\/da\/product\/dual-buckle-2\/","og_locale":"da_DK","og_type":"article","og_title":"Dual Buckle - OMM","og_description":"The Dual Buckle, Reparer eller tilpas din OMM-bekl\u00e6dning og -udstyr. Let at montere. Let og kompakt Bredt kompatibel","og_url":"https:\/\/theomm.com\/da\/product\/dual-buckle-2\/","og_site_name":"OMM","article_publisher":"https:\/\/www.facebook.com\/OMMrunning?_ga=2.203172945.1541616462.1665402953-280172632.1649426001","article_modified_time":"2025-09-10T17:04:26+00:00","og_image":[{"width":600,"height":600,"url":"https:\/\/theomm.com\/wp-content\/uploads\/2022\/10\/Simple_0001_OG038-Buckle-20mm-dual.jpg","type":"image\/jpeg"}],"twitter_card":"summary_large_image","twitter_misc":{"Estimeret l\u00e6setid":"1 minut"},"schema":{"@context":"https:\/\/schema.org","@graph":[{"@type":"WebPage","@id":"https:\/\/theomm.com\/da\/product\/dual-buckle-2\/","url":"https:\/\/theomm.com\/da\/product\/dual-buckle-2\/","name":"Dual Buckle - OMM","isPartOf":{"@id":"https:\/\/theomm.com\/#website"},"primaryImageOfPage":{"@id":"https:\/\/theomm.com\/da\/product\/dual-buckle-2\/#primaryimage"},"image":{"@id":"https:\/\/theomm.com\/da\/product\/dual-buckle-2\/#primaryimage"},"thumbnailUrl":"https:\/\/theomm.com\/wp-content\/uploads\/2022\/10\/Simple_0001_OG038-Buckle-20mm-dual.jpg","datePublished":"2020-03-16T10:49:06+00:00","dateModified":"2025-09-10T17:04:26+00:00","description":"The Dual Buckle, Reparer eller tilpas din OMM-bekl\u00e6dning og -udstyr. Let at montere. Let og kompakt Bredt kompatibel","breadcrumb":{"@id":"https:\/\/theomm.com\/da\/product\/dual-buckle-2\/#breadcrumb"},"inLanguage":"da-DK","potentialAction":[{"@type":"ReadAction","target":["https:\/\/theomm.com\/da\/product\/dual-buckle-2\/"]}]},{"@type":"ImageObject","inLanguage":"da-DK","@id":"https:\/\/theomm.com\/da\/product\/dual-buckle-2\/#primaryimage","url":"https:\/\/theomm.com\/wp-content\/uploads\/2022\/10\/Simple_0001_OG038-Buckle-20mm-dual.jpg","contentUrl":"https:\/\/theomm.com\/wp-content\/uploads\/2022\/10\/Simple_0001_OG038-Buckle-20mm-dual.jpg","width":600,"height":600},{"@type":"BreadcrumbList","@id":"https:\/\/theomm.com\/da\/product\/dual-buckle-2\/#breadcrumb","itemListElement":[{"@type":"ListItem","position":1,"name":"Home","item":"https:\/\/theomm.com\/da\/original-mountain-marathon\/"},{"@type":"ListItem","position":2,"name":"Produkter","item":"https:\/\/theomm.com\/da\/original-mountain-marathon\/produkter\/"},{"@type":"ListItem","position":3,"name":"Dual Buckle"}]},{"@type":"WebSite","@id":"https:\/\/theomm.com\/#website","url":"https:\/\/theomm.com\/","name":"OMM","description":"OMM is Technical clothing and equipment made for running in the mountains. Designed to the specifications of Original Mountain Marathon.","alternateName":"Original Mountain Marathon","potentialAction":[{"@type":"SearchAction","target":{"@type":"EntryPoint","urlTemplate":"https:\/\/theomm.com\/?s={search_term_string}"},"query-input":{"@type":"PropertyValueSpecification","valueRequired":true,"valueName":"search_term_string"}}],"inLanguage":"da-DK"}]}},"_links":{"self":[{"href":"https:\/\/theomm.com\/da\/wp-json\/wp\/v2\/product\/162200","targetHints":{"allow":["GET"]}}],"collection":[{"href":"https:\/\/theomm.com\/da\/wp-json\/wp\/v2\/product"}],"about":[{"href":"https:\/\/theomm.com\/da\/wp-json\/wp\/v2\/types\/product"}],"wp:featuredmedia":[{"embeddable":true,"href":"https:\/\/theomm.com\/da\/wp-json\/wp\/v2\/media\/153920"}],"wp:attachment":[{"href":"https:\/\/theomm.com\/da\/wp-json\/wp\/v2\/media?parent=162200"}],"wp:term":[{"taxonomy":"locations","embeddable":true,"href":"https:\/\/theomm.com\/da\/wp-json\/wp\/v2\/locations?post=162200"},{"taxonomy":"product_brand","embeddable":true,"href":"https:\/\/theomm.com\/da\/wp-json\/wp\/v2\/product_brand?post=162200"},{"taxonomy":"product_cat","embeddable":true,"href":"https:\/\/theomm.com\/da\/wp-json\/wp\/v2\/product_cat?post=162200"},{"taxonomy":"product_tag","embeddable":true,"href":"https:\/\/theomm.com\/da\/wp-json\/wp\/v2\/product_tag?post=162200"}],"curies":[{"name":"wp","href":"https:\/\/api.w.org\/{rel}","templated":true}]}}