{"id":162276,"date":"2020-09-16T10:47:31","date_gmt":"2020-09-16T10:47:31","guid":{"rendered":"https:\/\/theomm.com\/product\/core-vest-2\/"},"modified":"2025-09-10T17:04:15","modified_gmt":"2025-09-10T17:04:15","slug":"core-vest-2","status":"publish","type":"product","link":"https:\/\/theomm.com\/da\/product\/core-vest-2\/","title":{"rendered":"Core Vest"},"content":{"rendered":"<p>Core Vest &#8211; Et nyt koncept inden for aktiv isolering, OMM Core Range er lavet udelukkende af PrimaLoft\u00ae ACTIVE ultralet isolerende stof. Core tilbyder varmen som en fleece, men med mindre end halvdelen af v\u00e6gten. Parret med en skal er Core en utrolig effektiv isolator, men takket v\u00e6re n\u00e6sten total luftgennemtr\u00e6ngelighed kan den letteste brise fjerne den varme. Dette giver dig mulighed for at beholde dit Core-lag p\u00e5, selv n\u00e5r du har varmet op. Du kan termoregulere ved at fjerne\/tage din skal af (f.eks. Sonic vindt\u00e6t ved 49g). Core virker v\u00e5d eller t\u00f8r med utrolige fugttransporterende egenskaber for at sikre, at du ikke forbliver v\u00e5d l\u00e6nge.<\/p>\n<p>B\u00e6r Core Vesten som et super varmt f\u00f8rste lag eller tag den p\u00e5 som et isolerende mellemlag.<\/p>\n<p>Core Vesten bruger den letteste 75g\/m2 PrimaLoft\u00ae ACTIVE Insulating Fabric Technology, den lettere version af det 125g\/m2 PrimaLoft\u00ae Active stof, som der bruges i Core Jacket og Core+ PRIMALOFT\u00ae INSULATION ADAPTABLE INSULATION PrimaLoft\u00ae ACTIVE Insulating Fabric har en super h\u00f8j volumen og \u00e5ben struktur. Stoffet isolerer ved at skabe luftlommer, som din varme ikke kan passere igennem. Men \u00e5benheden giver ogs\u00e5 mulighed for en let ventilation fjerner isoleringseffekten. Core bruger dette til sin fordel. Derfor kan du let regulerer varmen med en let skal HALV V\u00c6GT OG PAKKEST\u00d8RRELSE Halverer v\u00e6gten og pakkest\u00f8rrelsen i forhold til almindelig fleece FINESTE KVALITET SYNTETISK ISOLERING Hos OMM v\u00e6lger vi altid syntetisk isolering frem for dun, for at v\u00e6re sikre p\u00e5, at vi kan holde varmen, selv n\u00e5r alt er v\u00e5dt. Vi mener, at PrimaLoft\u00ae laver den bedste syntetiske isolering. PrimaLoft\u00ae ACTIVE bruger 58% genbrugsmateriale, det ogs\u00e5 er bluesign og Oeke-Tex godkendt. Forts\u00e6tter med at isolere, selvom det er v\u00e5dt<\/p>\n<p>Flatlock-s\u00f8m placeret v\u00e6k fra skuldrene<\/p>\n<p>Bl\u00f8d rulle krave<\/p>\n<p>Reflekterende logo Farver: Orange, Bl\u00e5, Sort<\/p>\n<p>Stof: PrimaLoft\u00ae ACTIVE 75g\/m2<\/p>\n<p>V\u00e6gt: 72g<\/p>\n<p>St\u00f8rrelser: XS \/ S \/ M \/ L \/ XL<\/p>\n","protected":false},"excerpt":{"rendered":"<p>Et nyt koncept inden for aktiv isolering, OMM Core Range er lavet udelukkende af PrimaLoft\u00ae ACTIVE ultralet isolerende stof. Core tilbyder varmen som en fleece, men med mindre end halvdelen af v\u00e6gten. Parret med en skal er Core en utrolig effektiv isolator, men takket v\u00e6re n\u00e6sten total luftgennemtr\u00e6ngelighed kan den letteste brise fjerne den varme. Dette giver dig mulighed for at beholde dit Core-lag p\u00e5, selv n\u00e5r du har varmet op. Du kan termoregulere ved at fjerne\/tage din skal af (f.eks. Sonic vindt\u00e6t ved 49g). Core virker v\u00e5d eller t\u00f8r med utrolige fugttransporterende egenskaber for at sikre, at du ikke forbliver v\u00e5d l\u00e6nge.<\/p>\n","protected":false},"featured_media":152548,"template":"","meta":{"_acf_changed":false,"_et_pb_use_builder":"","_et_pb_old_content":"","_et_gb_content_width":""},"locations":[1195,1196],"product_brand":[],"product_cat":[1250,1257,1255],"product_tag":[1666,1667,1665,1664],"class_list":{"0":"post-162276","1":"product","2":"type-product","3":"status-publish","4":"has-post-thumbnail","6":"locations-eu","7":"locations-uk","8":"product_cat-beklaedning","9":"product_cat-core-da","10":"product_cat-mellemlag","11":"product_tag-gilet-da","12":"product_tag-insulated-gillet-da","13":"product_tag-omm-core-vest-da","14":"product_tag-thermal-running-vest-da","15":"pa_color-bla","16":"pa_color-orange-da","17":"pa_color-sort","18":"pa_colour-bla","19":"pa_colour-orange-da","20":"pa_colour-sort","21":"pa_gender-mens-da","22":"pa_size-stor","23":"pa_size-middel","24":"pa_size-lille","25":"pa_size-x-stor","26":"pa_size-x-lille","27":"pa_technology-primaloft-active","28":"pa_weight-50-100g","30":"first","31":"instock","32":"taxable","33":"shipping-taxable","34":"purchasable","35":"product-type-variable","36":"wvs-archive-product-wrapper"},"acf":[],"yoast_head":"<!-- This site is optimized with the Yoast SEO plugin v27.3 - https:\/\/yoast.com\/product\/yoast-seo-wordpress\/ -->\n<title>Core Vest - OMM<\/title>\n<meta name=\"description\" content=\"The Core Vest, ultralet luftgennemtr\u00e6ngelig Primaloft\u00ae-isolering. Justerbar isolering. Halvdelen af v\u00e6gten &amp; pakst\u00f8rrelse Syntetisk isolering af fineste kvalitet\" \/>\n<meta name=\"robots\" content=\"index, follow, max-snippet:-1, max-image-preview:large, max-video-preview:-1\" \/>\n<link rel=\"canonical\" href=\"https:\/\/theomm.com\/da\/product\/core-vest-2\/\" \/>\n<meta property=\"og:locale\" content=\"da_DK\" \/>\n<meta property=\"og:type\" content=\"article\" \/>\n<meta property=\"og:title\" content=\"Core Vest - OMM\" \/>\n<meta property=\"og:description\" content=\"The Core Vest, ultralet luftgennemtr\u00e6ngelig Primaloft\u00ae-isolering. Justerbar isolering. Halvdelen af v\u00e6gten &amp; pakst\u00f8rrelse Syntetisk isolering af fineste kvalitet\" \/>\n<meta property=\"og:url\" content=\"https:\/\/theomm.com\/da\/product\/core-vest-2\/\" \/>\n<meta property=\"og:site_name\" content=\"OMM\" \/>\n<meta property=\"article:publisher\" content=\"https:\/\/www.facebook.com\/OMMrunning?_ga=2.203172945.1541616462.1665402953-280172632.1649426001\" \/>\n<meta property=\"article:modified_time\" content=\"2025-09-10T17:04:15+00:00\" \/>\n<meta property=\"og:image\" content=\"https:\/\/theomm.com\/wp-content\/uploads\/2022\/10\/OC153_Core_Vest_Blue_Front.jpg\" \/>\n\t<meta property=\"og:image:width\" content=\"600\" \/>\n\t<meta property=\"og:image:height\" content=\"600\" \/>\n\t<meta property=\"og:image:type\" content=\"image\/jpeg\" \/>\n<meta name=\"twitter:card\" content=\"summary_large_image\" \/>\n<meta name=\"twitter:label1\" content=\"Estimeret l\u00e6setid\" \/>\n\t<meta name=\"twitter:data1\" content=\"2 minutter\" \/>\n<script type=\"application\/ld+json\" class=\"yoast-schema-graph\">{\"@context\":\"https:\\\/\\\/schema.org\",\"@graph\":[{\"@type\":\"WebPage\",\"@id\":\"https:\\\/\\\/theomm.com\\\/da\\\/product\\\/core-vest-2\\\/\",\"url\":\"https:\\\/\\\/theomm.com\\\/da\\\/product\\\/core-vest-2\\\/\",\"name\":\"Core Vest - OMM\",\"isPartOf\":{\"@id\":\"https:\\\/\\\/theomm.com\\\/#website\"},\"primaryImageOfPage\":{\"@id\":\"https:\\\/\\\/theomm.com\\\/da\\\/product\\\/core-vest-2\\\/#primaryimage\"},\"image\":{\"@id\":\"https:\\\/\\\/theomm.com\\\/da\\\/product\\\/core-vest-2\\\/#primaryimage\"},\"thumbnailUrl\":\"https:\\\/\\\/theomm.com\\\/wp-content\\\/uploads\\\/2022\\\/10\\\/OC153_Core_Vest_Blue_Front.jpg\",\"datePublished\":\"2020-09-16T10:47:31+00:00\",\"dateModified\":\"2025-09-10T17:04:15+00:00\",\"description\":\"The Core Vest, ultralet luftgennemtr\u00e6ngelig Primaloft\u00ae-isolering. Justerbar isolering. Halvdelen af v\u00e6gten & pakst\u00f8rrelse Syntetisk isolering af fineste kvalitet\",\"breadcrumb\":{\"@id\":\"https:\\\/\\\/theomm.com\\\/da\\\/product\\\/core-vest-2\\\/#breadcrumb\"},\"inLanguage\":\"da-DK\",\"potentialAction\":[{\"@type\":\"ReadAction\",\"target\":[\"https:\\\/\\\/theomm.com\\\/da\\\/product\\\/core-vest-2\\\/\"]}]},{\"@type\":\"ImageObject\",\"inLanguage\":\"da-DK\",\"@id\":\"https:\\\/\\\/theomm.com\\\/da\\\/product\\\/core-vest-2\\\/#primaryimage\",\"url\":\"https:\\\/\\\/theomm.com\\\/wp-content\\\/uploads\\\/2022\\\/10\\\/OC153_Core_Vest_Blue_Front.jpg\",\"contentUrl\":\"https:\\\/\\\/theomm.com\\\/wp-content\\\/uploads\\\/2022\\\/10\\\/OC153_Core_Vest_Blue_Front.jpg\",\"width\":600,\"height\":600},{\"@type\":\"BreadcrumbList\",\"@id\":\"https:\\\/\\\/theomm.com\\\/da\\\/product\\\/core-vest-2\\\/#breadcrumb\",\"itemListElement\":[{\"@type\":\"ListItem\",\"position\":1,\"name\":\"Home\",\"item\":\"https:\\\/\\\/theomm.com\\\/da\\\/original-mountain-marathon\\\/\"},{\"@type\":\"ListItem\",\"position\":2,\"name\":\"Produkter\",\"item\":\"https:\\\/\\\/theomm.com\\\/da\\\/original-mountain-marathon\\\/produkter\\\/\"},{\"@type\":\"ListItem\",\"position\":3,\"name\":\"Core Vest\"}]},{\"@type\":\"WebSite\",\"@id\":\"https:\\\/\\\/theomm.com\\\/#website\",\"url\":\"https:\\\/\\\/theomm.com\\\/\",\"name\":\"OMM\",\"description\":\"OMM is Technical clothing and equipment made for running in the mountains. Designed to the specifications of Original Mountain Marathon.\",\"alternateName\":\"Original Mountain Marathon\",\"potentialAction\":[{\"@type\":\"SearchAction\",\"target\":{\"@type\":\"EntryPoint\",\"urlTemplate\":\"https:\\\/\\\/theomm.com\\\/?s={search_term_string}\"},\"query-input\":{\"@type\":\"PropertyValueSpecification\",\"valueRequired\":true,\"valueName\":\"search_term_string\"}}],\"inLanguage\":\"da-DK\"}]}<\/script>\n<!-- \/ Yoast SEO plugin. -->","yoast_head_json":{"title":"Core Vest - OMM","description":"The Core Vest, ultralet luftgennemtr\u00e6ngelig Primaloft\u00ae-isolering. Justerbar isolering. Halvdelen af v\u00e6gten & pakst\u00f8rrelse Syntetisk isolering af fineste kvalitet","robots":{"index":"index","follow":"follow","max-snippet":"max-snippet:-1","max-image-preview":"max-image-preview:large","max-video-preview":"max-video-preview:-1"},"canonical":"https:\/\/theomm.com\/da\/product\/core-vest-2\/","og_locale":"da_DK","og_type":"article","og_title":"Core Vest - OMM","og_description":"The Core Vest, ultralet luftgennemtr\u00e6ngelig Primaloft\u00ae-isolering. Justerbar isolering. Halvdelen af v\u00e6gten & pakst\u00f8rrelse Syntetisk isolering af fineste kvalitet","og_url":"https:\/\/theomm.com\/da\/product\/core-vest-2\/","og_site_name":"OMM","article_publisher":"https:\/\/www.facebook.com\/OMMrunning?_ga=2.203172945.1541616462.1665402953-280172632.1649426001","article_modified_time":"2025-09-10T17:04:15+00:00","og_image":[{"width":600,"height":600,"url":"https:\/\/theomm.com\/wp-content\/uploads\/2022\/10\/OC153_Core_Vest_Blue_Front.jpg","type":"image\/jpeg"}],"twitter_card":"summary_large_image","twitter_misc":{"Estimeret l\u00e6setid":"2 minutter"},"schema":{"@context":"https:\/\/schema.org","@graph":[{"@type":"WebPage","@id":"https:\/\/theomm.com\/da\/product\/core-vest-2\/","url":"https:\/\/theomm.com\/da\/product\/core-vest-2\/","name":"Core Vest - OMM","isPartOf":{"@id":"https:\/\/theomm.com\/#website"},"primaryImageOfPage":{"@id":"https:\/\/theomm.com\/da\/product\/core-vest-2\/#primaryimage"},"image":{"@id":"https:\/\/theomm.com\/da\/product\/core-vest-2\/#primaryimage"},"thumbnailUrl":"https:\/\/theomm.com\/wp-content\/uploads\/2022\/10\/OC153_Core_Vest_Blue_Front.jpg","datePublished":"2020-09-16T10:47:31+00:00","dateModified":"2025-09-10T17:04:15+00:00","description":"The Core Vest, ultralet luftgennemtr\u00e6ngelig Primaloft\u00ae-isolering. Justerbar isolering. Halvdelen af v\u00e6gten & pakst\u00f8rrelse Syntetisk isolering af fineste kvalitet","breadcrumb":{"@id":"https:\/\/theomm.com\/da\/product\/core-vest-2\/#breadcrumb"},"inLanguage":"da-DK","potentialAction":[{"@type":"ReadAction","target":["https:\/\/theomm.com\/da\/product\/core-vest-2\/"]}]},{"@type":"ImageObject","inLanguage":"da-DK","@id":"https:\/\/theomm.com\/da\/product\/core-vest-2\/#primaryimage","url":"https:\/\/theomm.com\/wp-content\/uploads\/2022\/10\/OC153_Core_Vest_Blue_Front.jpg","contentUrl":"https:\/\/theomm.com\/wp-content\/uploads\/2022\/10\/OC153_Core_Vest_Blue_Front.jpg","width":600,"height":600},{"@type":"BreadcrumbList","@id":"https:\/\/theomm.com\/da\/product\/core-vest-2\/#breadcrumb","itemListElement":[{"@type":"ListItem","position":1,"name":"Home","item":"https:\/\/theomm.com\/da\/original-mountain-marathon\/"},{"@type":"ListItem","position":2,"name":"Produkter","item":"https:\/\/theomm.com\/da\/original-mountain-marathon\/produkter\/"},{"@type":"ListItem","position":3,"name":"Core Vest"}]},{"@type":"WebSite","@id":"https:\/\/theomm.com\/#website","url":"https:\/\/theomm.com\/","name":"OMM","description":"OMM is Technical clothing and equipment made for running in the mountains. Designed to the specifications of Original Mountain Marathon.","alternateName":"Original Mountain Marathon","potentialAction":[{"@type":"SearchAction","target":{"@type":"EntryPoint","urlTemplate":"https:\/\/theomm.com\/?s={search_term_string}"},"query-input":{"@type":"PropertyValueSpecification","valueRequired":true,"valueName":"search_term_string"}}],"inLanguage":"da-DK"}]}},"_links":{"self":[{"href":"https:\/\/theomm.com\/da\/wp-json\/wp\/v2\/product\/162276","targetHints":{"allow":["GET"]}}],"collection":[{"href":"https:\/\/theomm.com\/da\/wp-json\/wp\/v2\/product"}],"about":[{"href":"https:\/\/theomm.com\/da\/wp-json\/wp\/v2\/types\/product"}],"wp:featuredmedia":[{"embeddable":true,"href":"https:\/\/theomm.com\/da\/wp-json\/wp\/v2\/media\/152548"}],"wp:attachment":[{"href":"https:\/\/theomm.com\/da\/wp-json\/wp\/v2\/media?parent=162276"}],"wp:term":[{"taxonomy":"locations","embeddable":true,"href":"https:\/\/theomm.com\/da\/wp-json\/wp\/v2\/locations?post=162276"},{"taxonomy":"product_brand","embeddable":true,"href":"https:\/\/theomm.com\/da\/wp-json\/wp\/v2\/product_brand?post=162276"},{"taxonomy":"product_cat","embeddable":true,"href":"https:\/\/theomm.com\/da\/wp-json\/wp\/v2\/product_cat?post=162276"},{"taxonomy":"product_tag","embeddable":true,"href":"https:\/\/theomm.com\/da\/wp-json\/wp\/v2\/product_tag?post=162276"}],"curies":[{"name":"wp","href":"https:\/\/api.w.org\/{rel}","templated":true}]}}