{"id":162405,"date":"2022-08-31T10:47:13","date_gmt":"2022-08-31T10:47:13","guid":{"rendered":"https:\/\/theomm.com\/product\/kamleika-jacket-w-2-2-2\/"},"modified":"2026-01-03T00:03:54","modified_gmt":"2026-01-03T00:03:54","slug":"kamleika-jacket-w-2-2-2","status":"publish","type":"product","link":"https:\/\/theomm.com\/da\/product\/kamleika-jacket-w-2-2-2\/","title":{"rendered":"Kamleika Jacket (W)"},"content":{"rendered":"<p>Kamleika jakke (W) &#8211;<\/p>\n<p><\/p>\n<p>OMM opfandt det stretch- og vandt\u00e6tte materiale for lidt over 20 \u00e5r siden, vi har forbedret teknologien gennem \u00e5rene for at reducere v\u00e6gten, \u00e5ndbarheden og tilf\u00f8je funktioner, men formlen er forblevet den samme. Nu i sin 5. generation bygger den seneste Kamleika p\u00e5 \u00e5rtiers design og grundige tests i de h\u00e5rdeste l\u00f8b.<\/p>\n<p><\/p>\n<p>Kamleika tager atleten op p\u00e5 bjerget med et skallag, der beskytter mod vind og regn, mens det str\u00e6kker sig for at give bev\u00e6gelsesfrihed. Meget \u00e5ndbar, let og holdbar takket v\u00e6re yderstof i nylon.<\/p>\n<p><\/p>\n<p>Kamleika er valget for dem, der har erkendt, at de m\u00e5ske skal have en vandt\u00e6t p\u00e5 hele dagen og alligevel alligevel tager afsted.<\/p>\n<p><\/p>\n<p>En fuldt udstyret bjergskal til kvinder designet til tr\u00e6ning og l\u00f8b i d\u00e5rligt vejr.<\/p>\n<p>JAKKEN TIL BERGSATLETEN 20 \u00c5RS STRETCH Vi lavede verdens f\u00f8rste stretch vandt\u00e6tte skal for over tyve \u00e5r siden og har sidenhen perfektioneret teknologien. Bjergbestigning M\u00d8DER L\u00d8B Kamleika har detaljer der normalt er forbeholdt bjergbestigning. Den har justerbare manchetter med integrerede tommelfingerstropper, justerbar h\u00e6tte og dynamisk droptail. JAKKEN, DER HAR PR\u00d8VET DET MESTE Kamleika er en institution for bjergl\u00f8bere.<\/p>\n<p><\/p>\n<p>Kamleika jakke (W):<\/p>\n<p>Vandt\u00e6t<\/p>\n<p>Vindt\u00e6t<\/p>\n<p>\u00c5ndbar<\/p>\n<p>Fuldt tapede s\u00f8m<\/p>\n<p>Justerbar h\u00e6tte<\/p>\n<p>Aktiv manchet med tommelfingerl\u00f8kker<\/p>\n<p>Dynamisk droptail<\/p>\n<p>Reflekterende detalje (for\u00e6rmer og bagp\u00e5)<\/p>\n<p>Kvindespecifik pasform<\/p>\n<p>Fuld l\u00e6ngde YKK Aquaguard lynl\u00e5s<\/p>\n<p>To store h\u00e5nd-\/kortlommer<\/p>\n<p>Lynl\u00e5slomme p\u00e5 alle lynl\u00e5se Farver: M\u00f8rkegr\u00e5, Gul, Navy, Bl\u00e5<\/p>\n<p>Stof: Nylon<\/p>\n<p>V\u00e6gt 235 g<\/p>\n<p>St\u00f8rrelser XS \/ S \/ M \/ L \/ XL<\/p>\n","protected":false},"excerpt":{"rendered":"<p>OMM opfandt det stretch- og vandt\u00e6tte materiale for lidt over 20 \u00e5r siden, vi har forbedret teknologien gennem \u00e5rene for at reducere v\u00e6gten, \u00e5ndbarheden og tilf\u00f8je funktioner, men formlen er forblevet den samme. Nu i sin 5. generation bygger den seneste Kamleika p\u00e5 \u00e5rtiers design og grundige tests i de h\u00e5rdeste l\u00f8b.<\/p>\n<p>Kamleika tager atleten op p\u00e5 bjerget med et skallag, der beskytter mod vind og regn, mens det str\u00e6kker sig for at give bev\u00e6gelsesfrihed. Meget \u00e5ndbar, let og holdbar takket v\u00e6re yderstof i nylon.<\/p>\n<p>Kamleika er valget for dem, der har erkendt, at de m\u00e5ske skal have en vandt\u00e6t p\u00e5 hele dagen og alligevel alligevel tager afsted.<\/p>\n<p>En fuldt udstyret bjergskal til kvinder designet til tr\u00e6ning og l\u00f8b i d\u00e5rligt vejr.<\/p>\n","protected":false},"featured_media":152518,"template":"","meta":{"_acf_changed":false,"_et_pb_use_builder":"","_et_pb_old_content":"","_et_gb_content_width":""},"locations":[],"product_brand":[],"product_cat":[1250,1444,1258,2101,1256],"product_tag":[1676,1677,1674,1675],"class_list":{"0":"post-162405","1":"product","2":"type-product","3":"status-publish","4":"has-post-thumbnail","6":"product_cat-beklaedning","7":"product_cat-kamleika-da","8":"product_cat-kit-lister","9":"product_cat-sale-da","10":"product_cat-ydre-lag","11":"product_tag-ladies-kamleika-jacket-da","12":"product_tag-ladies-running-jacket-da","13":"product_tag-womens-lightweight-running-jacket-da","14":"product_tag-womens-waterproof-running-jacket-da","15":"pa_color-bla","16":"pa_color-flade","17":"pa_color-gra","18":"pa_color-gul","19":"pa_colour-bla","20":"pa_colour-gra","21":"pa_colour-gul","22":"pa_colour-navy-da","23":"pa_gender-womens-da","24":"pa_size-stor","25":"pa_size-middel","26":"pa_size-lille","27":"pa_size-x-stor","28":"pa_size-x-lille","29":"pa_technology-37-5-technology","30":"pa_technology-kamleika-4-way-stretch","31":"pa_weight-200-300g","33":"first","34":"instock","35":"taxable","36":"shipping-taxable","37":"purchasable","38":"product-type-variable","39":"wvs-archive-product-wrapper"},"acf":[],"yoast_head":"<!-- This site is optimized with the Yoast SEO plugin v27.3 - https:\/\/yoast.com\/product\/yoast-seo-wordpress\/ -->\n<title>Kamleika Jacket (W) - OMM<\/title>\n<meta name=\"description\" content=\"The Kamleika Jacket (W), Jakken til bjergatleten. 20 \u00e5r med str\u00e6k. Bjergbestigning m\u00f8der at l\u00f8bejakken, der har pr\u00f8vet det mestehele\" \/>\n<meta name=\"robots\" content=\"index, follow, max-snippet:-1, max-image-preview:large, max-video-preview:-1\" \/>\n<link rel=\"canonical\" href=\"https:\/\/theomm.com\/da\/product\/kamleika-jacket-w-2-2-2\/\" \/>\n<meta property=\"og:locale\" content=\"da_DK\" \/>\n<meta property=\"og:type\" content=\"article\" \/>\n<meta property=\"og:title\" content=\"Kamleika Jacket (W) - OMM\" \/>\n<meta property=\"og:description\" content=\"The Kamleika Jacket (W), Jakken til bjergatleten. 20 \u00e5r med str\u00e6k. Bjergbestigning m\u00f8der at l\u00f8bejakken, der har pr\u00f8vet det mestehele\" \/>\n<meta property=\"og:url\" content=\"https:\/\/theomm.com\/da\/product\/kamleika-jacket-w-2-2-2\/\" \/>\n<meta property=\"og:site_name\" content=\"OMM\" \/>\n<meta property=\"article:publisher\" content=\"https:\/\/www.facebook.com\/OMMrunning?_ga=2.203172945.1541616462.1665402953-280172632.1649426001\" \/>\n<meta property=\"article:modified_time\" content=\"2026-01-03T00:03:54+00:00\" \/>\n<meta property=\"og:image\" content=\"https:\/\/theomm.com\/wp-content\/uploads\/2022\/10\/OC151_Kamleika_Jacket_W_Navy_Front_hood_down.jpg\" \/>\n\t<meta property=\"og:image:width\" content=\"600\" \/>\n\t<meta property=\"og:image:height\" content=\"600\" \/>\n\t<meta property=\"og:image:type\" content=\"image\/jpeg\" \/>\n<meta name=\"twitter:card\" content=\"summary_large_image\" \/>\n<meta name=\"twitter:label1\" content=\"Estimeret l\u00e6setid\" \/>\n\t<meta name=\"twitter:data1\" content=\"1 minut\" \/>\n<script type=\"application\/ld+json\" class=\"yoast-schema-graph\">{\"@context\":\"https:\\\/\\\/schema.org\",\"@graph\":[{\"@type\":\"WebPage\",\"@id\":\"https:\\\/\\\/theomm.com\\\/da\\\/product\\\/kamleika-jacket-w-2-2-2\\\/\",\"url\":\"https:\\\/\\\/theomm.com\\\/da\\\/product\\\/kamleika-jacket-w-2-2-2\\\/\",\"name\":\"Kamleika Jacket (W) - OMM\",\"isPartOf\":{\"@id\":\"https:\\\/\\\/theomm.com\\\/#website\"},\"primaryImageOfPage\":{\"@id\":\"https:\\\/\\\/theomm.com\\\/da\\\/product\\\/kamleika-jacket-w-2-2-2\\\/#primaryimage\"},\"image\":{\"@id\":\"https:\\\/\\\/theomm.com\\\/da\\\/product\\\/kamleika-jacket-w-2-2-2\\\/#primaryimage\"},\"thumbnailUrl\":\"https:\\\/\\\/theomm.com\\\/wp-content\\\/uploads\\\/2022\\\/10\\\/OC151_Kamleika_Jacket_W_Navy_Front_hood_down.jpg\",\"datePublished\":\"2022-08-31T10:47:13+00:00\",\"dateModified\":\"2026-01-03T00:03:54+00:00\",\"description\":\"The Kamleika Jacket (W), Jakken til bjergatleten. 20 \u00e5r med str\u00e6k. Bjergbestigning m\u00f8der at l\u00f8bejakken, der har pr\u00f8vet det mestehele\",\"breadcrumb\":{\"@id\":\"https:\\\/\\\/theomm.com\\\/da\\\/product\\\/kamleika-jacket-w-2-2-2\\\/#breadcrumb\"},\"inLanguage\":\"da-DK\",\"potentialAction\":[{\"@type\":\"ReadAction\",\"target\":[\"https:\\\/\\\/theomm.com\\\/da\\\/product\\\/kamleika-jacket-w-2-2-2\\\/\"]}]},{\"@type\":\"ImageObject\",\"inLanguage\":\"da-DK\",\"@id\":\"https:\\\/\\\/theomm.com\\\/da\\\/product\\\/kamleika-jacket-w-2-2-2\\\/#primaryimage\",\"url\":\"https:\\\/\\\/theomm.com\\\/wp-content\\\/uploads\\\/2022\\\/10\\\/OC151_Kamleika_Jacket_W_Navy_Front_hood_down.jpg\",\"contentUrl\":\"https:\\\/\\\/theomm.com\\\/wp-content\\\/uploads\\\/2022\\\/10\\\/OC151_Kamleika_Jacket_W_Navy_Front_hood_down.jpg\",\"width\":600,\"height\":600},{\"@type\":\"BreadcrumbList\",\"@id\":\"https:\\\/\\\/theomm.com\\\/da\\\/product\\\/kamleika-jacket-w-2-2-2\\\/#breadcrumb\",\"itemListElement\":[{\"@type\":\"ListItem\",\"position\":1,\"name\":\"Home\",\"item\":\"https:\\\/\\\/theomm.com\\\/da\\\/original-mountain-marathon\\\/\"},{\"@type\":\"ListItem\",\"position\":2,\"name\":\"Produkter\",\"item\":\"https:\\\/\\\/theomm.com\\\/da\\\/original-mountain-marathon\\\/produkter\\\/\"},{\"@type\":\"ListItem\",\"position\":3,\"name\":\"Kamleika Jacket (W)\"}]},{\"@type\":\"WebSite\",\"@id\":\"https:\\\/\\\/theomm.com\\\/#website\",\"url\":\"https:\\\/\\\/theomm.com\\\/\",\"name\":\"OMM\",\"description\":\"OMM is Technical clothing and equipment made for running in the mountains. Designed to the specifications of Original Mountain Marathon.\",\"alternateName\":\"Original Mountain Marathon\",\"potentialAction\":[{\"@type\":\"SearchAction\",\"target\":{\"@type\":\"EntryPoint\",\"urlTemplate\":\"https:\\\/\\\/theomm.com\\\/?s={search_term_string}\"},\"query-input\":{\"@type\":\"PropertyValueSpecification\",\"valueRequired\":true,\"valueName\":\"search_term_string\"}}],\"inLanguage\":\"da-DK\"}]}<\/script>\n<!-- \/ Yoast SEO plugin. -->","yoast_head_json":{"title":"Kamleika Jacket (W) - OMM","description":"The Kamleika Jacket (W), Jakken til bjergatleten. 20 \u00e5r med str\u00e6k. Bjergbestigning m\u00f8der at l\u00f8bejakken, der har pr\u00f8vet det mestehele","robots":{"index":"index","follow":"follow","max-snippet":"max-snippet:-1","max-image-preview":"max-image-preview:large","max-video-preview":"max-video-preview:-1"},"canonical":"https:\/\/theomm.com\/da\/product\/kamleika-jacket-w-2-2-2\/","og_locale":"da_DK","og_type":"article","og_title":"Kamleika Jacket (W) - OMM","og_description":"The Kamleika Jacket (W), Jakken til bjergatleten. 20 \u00e5r med str\u00e6k. Bjergbestigning m\u00f8der at l\u00f8bejakken, der har pr\u00f8vet det mestehele","og_url":"https:\/\/theomm.com\/da\/product\/kamleika-jacket-w-2-2-2\/","og_site_name":"OMM","article_publisher":"https:\/\/www.facebook.com\/OMMrunning?_ga=2.203172945.1541616462.1665402953-280172632.1649426001","article_modified_time":"2026-01-03T00:03:54+00:00","og_image":[{"width":600,"height":600,"url":"https:\/\/theomm.com\/wp-content\/uploads\/2022\/10\/OC151_Kamleika_Jacket_W_Navy_Front_hood_down.jpg","type":"image\/jpeg"}],"twitter_card":"summary_large_image","twitter_misc":{"Estimeret l\u00e6setid":"1 minut"},"schema":{"@context":"https:\/\/schema.org","@graph":[{"@type":"WebPage","@id":"https:\/\/theomm.com\/da\/product\/kamleika-jacket-w-2-2-2\/","url":"https:\/\/theomm.com\/da\/product\/kamleika-jacket-w-2-2-2\/","name":"Kamleika Jacket (W) - OMM","isPartOf":{"@id":"https:\/\/theomm.com\/#website"},"primaryImageOfPage":{"@id":"https:\/\/theomm.com\/da\/product\/kamleika-jacket-w-2-2-2\/#primaryimage"},"image":{"@id":"https:\/\/theomm.com\/da\/product\/kamleika-jacket-w-2-2-2\/#primaryimage"},"thumbnailUrl":"https:\/\/theomm.com\/wp-content\/uploads\/2022\/10\/OC151_Kamleika_Jacket_W_Navy_Front_hood_down.jpg","datePublished":"2022-08-31T10:47:13+00:00","dateModified":"2026-01-03T00:03:54+00:00","description":"The Kamleika Jacket (W), Jakken til bjergatleten. 20 \u00e5r med str\u00e6k. Bjergbestigning m\u00f8der at l\u00f8bejakken, der har pr\u00f8vet det mestehele","breadcrumb":{"@id":"https:\/\/theomm.com\/da\/product\/kamleika-jacket-w-2-2-2\/#breadcrumb"},"inLanguage":"da-DK","potentialAction":[{"@type":"ReadAction","target":["https:\/\/theomm.com\/da\/product\/kamleika-jacket-w-2-2-2\/"]}]},{"@type":"ImageObject","inLanguage":"da-DK","@id":"https:\/\/theomm.com\/da\/product\/kamleika-jacket-w-2-2-2\/#primaryimage","url":"https:\/\/theomm.com\/wp-content\/uploads\/2022\/10\/OC151_Kamleika_Jacket_W_Navy_Front_hood_down.jpg","contentUrl":"https:\/\/theomm.com\/wp-content\/uploads\/2022\/10\/OC151_Kamleika_Jacket_W_Navy_Front_hood_down.jpg","width":600,"height":600},{"@type":"BreadcrumbList","@id":"https:\/\/theomm.com\/da\/product\/kamleika-jacket-w-2-2-2\/#breadcrumb","itemListElement":[{"@type":"ListItem","position":1,"name":"Home","item":"https:\/\/theomm.com\/da\/original-mountain-marathon\/"},{"@type":"ListItem","position":2,"name":"Produkter","item":"https:\/\/theomm.com\/da\/original-mountain-marathon\/produkter\/"},{"@type":"ListItem","position":3,"name":"Kamleika Jacket (W)"}]},{"@type":"WebSite","@id":"https:\/\/theomm.com\/#website","url":"https:\/\/theomm.com\/","name":"OMM","description":"OMM is Technical clothing and equipment made for running in the mountains. Designed to the specifications of Original Mountain Marathon.","alternateName":"Original Mountain Marathon","potentialAction":[{"@type":"SearchAction","target":{"@type":"EntryPoint","urlTemplate":"https:\/\/theomm.com\/?s={search_term_string}"},"query-input":{"@type":"PropertyValueSpecification","valueRequired":true,"valueName":"search_term_string"}}],"inLanguage":"da-DK"}]}},"_links":{"self":[{"href":"https:\/\/theomm.com\/da\/wp-json\/wp\/v2\/product\/162405","targetHints":{"allow":["GET"]}}],"collection":[{"href":"https:\/\/theomm.com\/da\/wp-json\/wp\/v2\/product"}],"about":[{"href":"https:\/\/theomm.com\/da\/wp-json\/wp\/v2\/types\/product"}],"wp:featuredmedia":[{"embeddable":true,"href":"https:\/\/theomm.com\/da\/wp-json\/wp\/v2\/media\/152518"}],"wp:attachment":[{"href":"https:\/\/theomm.com\/da\/wp-json\/wp\/v2\/media?parent=162405"}],"wp:term":[{"taxonomy":"locations","embeddable":true,"href":"https:\/\/theomm.com\/da\/wp-json\/wp\/v2\/locations?post=162405"},{"taxonomy":"product_brand","embeddable":true,"href":"https:\/\/theomm.com\/da\/wp-json\/wp\/v2\/product_brand?post=162405"},{"taxonomy":"product_cat","embeddable":true,"href":"https:\/\/theomm.com\/da\/wp-json\/wp\/v2\/product_cat?post=162405"},{"taxonomy":"product_tag","embeddable":true,"href":"https:\/\/theomm.com\/da\/wp-json\/wp\/v2\/product_tag?post=162405"}],"curies":[{"name":"wp","href":"https:\/\/api.w.org\/{rel}","templated":true}]}}