{"id":162436,"date":"2020-03-16T10:46:55","date_gmt":"2020-03-16T10:46:55","guid":{"rendered":"https:\/\/theomm.com\/product\/flow-singlet-2\/"},"modified":"2025-09-10T15:05:45","modified_gmt":"2025-09-10T15:05:45","slug":"flow-singlet-2","status":"publish","type":"product","link":"https:\/\/theomm.com\/da\/product\/flow-singlet-2\/","title":{"rendered":"Flow Singlet"},"content":{"rendered":"<p>Flow Singlet &#8211; En h\u00f8jtransporterende shirt. Flow er lavet af en kombination af bambusfibre og polyester med Polygiene anti-bakteriel og anti-lugt. Den brede s\u00f8ml\u00f8se skulderkonstruktion reducerer slid fra rygs\u00e6kken, og \u00f8ger udluftning og bev\u00e6gelse. BAMBUS FIBRE Bambus er en naturlig glat og st\u00e6rk fiber med antimikrobielle egenskaber, kombineret med en polyesterblanding giver det et bl\u00f8dt behageligt stof, der transportere fugt godt. ATLETISK PASFORM Stramt siddende for at maksimere fugttransmissionen. Brede skuldre s\u00e5 en rygs\u00e6k stadig kan b\u00e6res l b\u00e6res under varme forhold. RYGDESIGN. 3 paneler p\u00e5 tv\u00e6rs af ryggen s\u00f8rger for at Flow sidder t\u00e6t p\u00e5 den del af ryggen, hvilket reducerer at den kryber op under rygs\u00e6kke. Bambus\/polyester mix stof<\/p>\n<p>Syninger v\u00e6k fra skuldrene<\/p>\n<p>4 vejs str\u00e6k<\/p>\n<p>Flatlock s\u00f8mme<\/p>\n<p>H\u00f8j fugttransport<\/p>\n<p>Antibakteriel lugtkontrol<\/p>\n<p>SPF &lt;50 Farver Bl\u00e5 Gr\u00e5 Gr\u00e5\/Bl\u00e5<\/p>\n<p>Stof polyester bambus mix<\/p>\n<p>V\u00e6gt 100g<\/p>\n<p>St\u00f8rrelser XS\/S\/M\/L\/XL<\/p>\n<p>Vores lette bekl\u00e6dning og udstyr er specielt designet til bjergl\u00f8berens behov, med specifikationer hentet direkte fra erfaring p\u00e5 Original Mountain Marathon.<\/p>\n<p>Et 2-dages l\u00f8b igennem noget af Storbritanniens h\u00e5rdeste terr\u00e6n. Afholdes i slutningen af oktober, hvert \u00e5r, siden 1968, for at sikre udfordrende vejr. En test af bjergh\u00e5ndv\u00e6rk, modstandsdygtighed og udholdenhed. \u00a0&#8216;The OMM&#8217; er anerkendt som en af de h\u00e5rdeste bjergsl\u00f8bsudfordinger.<\/p>\n<p>De h\u00f8je krav til begivenheden forts\u00e6tter med at give feedback om designet og funktionerne i vores bekl\u00e6dning og udstyr. Derfor bliver det ogs\u00e5 brugt i de h\u00e5rdeste begivenheder og udfordringer rundt om i hele verden.<\/p>\n<p>OMM-serien, som er blevet betroet af bjergatleter og professionelle i \u00e5rtier, er den perfekte ledsager til dit n\u00e6ste eventyr.<\/p>\n","protected":false},"excerpt":{"rendered":"<p>En h\u00f8jtransporterende shirt. Flow er lavet af en kombination af bambusfibre og polyester med Polygiene anti-bakteriel og anti-lugt. Den brede s\u00f8ml\u00f8se skulderkonstruktion reducerer slid fra rygs\u00e6kken, og \u00f8ger udluftning og bev\u00e6gelse.<\/p>\n","protected":false},"featured_media":152320,"template":"","meta":{"_acf_changed":false,"_et_pb_use_builder":"","_et_pb_old_content":"","_et_gb_content_width":""},"locations":[1195,1196],"product_brand":[],"product_cat":[2101],"product_tag":[1693,1694,1691,1695,1692,1696,1349],"class_list":{"0":"post-162436","1":"product","2":"type-product","3":"status-publish","4":"has-post-thumbnail","6":"locations-eu","7":"locations-uk","8":"product_cat-sale-da","9":"product_tag-omm-flow-singlet-da","10":"product_tag-omm-singlet-da","11":"product_tag-omm-vest-da","12":"product_tag-running-singlet-da","13":"product_tag-sale-da","14":"product_tag-sale-items-first-layer-da","15":"product_tag-sp-da","16":"pa_color-bla","17":"pa_color-gra","18":"pa_color-gron","19":"pa_colour-bla","20":"pa_colour-blue","21":"pa_colour-gra","22":"pa_colour-gra-bla","23":"pa_colour-green","24":"pa_colour-grey","25":"pa_colour-grey-blue","26":"pa_colour-gron","27":"pa_gender-mens-da","28":"pa_size-stor","29":"pa_size-large","30":"pa_size-medium","31":"pa_size-middel","32":"pa_size-lille","33":"pa_size-small","34":"pa_size-x-large","35":"pa_size-x-stor","36":"pa_size-x-lille","37":"pa_size-x-small","38":"pa_technology-polygiene","39":"pa_weight-100-200g","41":"first","42":"outofstock","43":"taxable","44":"shipping-taxable","45":"purchasable","46":"product-type-variable","47":"wvs-archive-product-wrapper"},"acf":[],"yoast_head":"<!-- This site is optimized with the Yoast SEO plugin v27.4 - https:\/\/yoast.com\/product\/yoast-seo-wordpress\/ -->\n<title>Flow Singlet - OMM<\/title>\n<meta name=\"description\" content=\"The Flow Singlet, H\u00f8j fugttransporterende singlet. Bambusfibre. OMM Athletic Fit og designet til at l\u00f8be med rygs\u00e6k\" \/>\n<meta name=\"robots\" content=\"index, follow, max-snippet:-1, max-image-preview:large, max-video-preview:-1\" \/>\n<link rel=\"canonical\" href=\"https:\/\/theomm.com\/da\/product\/flow-singlet-2\/\" \/>\n<meta property=\"og:locale\" content=\"da_DK\" \/>\n<meta property=\"og:type\" content=\"article\" \/>\n<meta property=\"og:title\" content=\"Flow Singlet - OMM\" \/>\n<meta property=\"og:description\" content=\"The Flow Singlet, H\u00f8j fugttransporterende singlet. Bambusfibre. OMM Athletic Fit og designet til at l\u00f8be med rygs\u00e6k\" \/>\n<meta property=\"og:url\" content=\"https:\/\/theomm.com\/da\/product\/flow-singlet-2\/\" \/>\n<meta property=\"og:site_name\" content=\"OMM\" \/>\n<meta property=\"article:publisher\" content=\"https:\/\/www.facebook.com\/OMMrunning?_ga=2.203172945.1541616462.1665402953-280172632.1649426001\" \/>\n<meta property=\"article:modified_time\" content=\"2025-09-10T15:05:45+00:00\" \/>\n<meta property=\"og:image\" content=\"https:\/\/theomm.com\/wp-content\/uploads\/2022\/10\/OC141-Flow-Singlet-Simple_0003_Flow-Singlet-Grey_blue-front.jpg\" \/>\n\t<meta property=\"og:image:width\" content=\"600\" \/>\n\t<meta property=\"og:image:height\" content=\"600\" \/>\n\t<meta property=\"og:image:type\" content=\"image\/jpeg\" \/>\n<meta name=\"twitter:card\" content=\"summary_large_image\" \/>\n<meta name=\"twitter:label1\" content=\"Estimeret l\u00e6setid\" \/>\n\t<meta name=\"twitter:data1\" content=\"1 minut\" \/>\n<script type=\"application\/ld+json\" class=\"yoast-schema-graph\">{\"@context\":\"https:\\\/\\\/schema.org\",\"@graph\":[{\"@type\":\"WebPage\",\"@id\":\"https:\\\/\\\/theomm.com\\\/da\\\/product\\\/flow-singlet-2\\\/\",\"url\":\"https:\\\/\\\/theomm.com\\\/da\\\/product\\\/flow-singlet-2\\\/\",\"name\":\"Flow Singlet - OMM\",\"isPartOf\":{\"@id\":\"https:\\\/\\\/theomm.com\\\/#website\"},\"primaryImageOfPage\":{\"@id\":\"https:\\\/\\\/theomm.com\\\/da\\\/product\\\/flow-singlet-2\\\/#primaryimage\"},\"image\":{\"@id\":\"https:\\\/\\\/theomm.com\\\/da\\\/product\\\/flow-singlet-2\\\/#primaryimage\"},\"thumbnailUrl\":\"https:\\\/\\\/theomm.com\\\/wp-content\\\/uploads\\\/2022\\\/10\\\/OC141-Flow-Singlet-Simple_0003_Flow-Singlet-Grey_blue-front.jpg\",\"datePublished\":\"2020-03-16T10:46:55+00:00\",\"dateModified\":\"2025-09-10T15:05:45+00:00\",\"description\":\"The Flow Singlet, H\u00f8j fugttransporterende singlet. Bambusfibre. OMM Athletic Fit og designet til at l\u00f8be med rygs\u00e6k\",\"breadcrumb\":{\"@id\":\"https:\\\/\\\/theomm.com\\\/da\\\/product\\\/flow-singlet-2\\\/#breadcrumb\"},\"inLanguage\":\"da-DK\",\"potentialAction\":[{\"@type\":\"ReadAction\",\"target\":[\"https:\\\/\\\/theomm.com\\\/da\\\/product\\\/flow-singlet-2\\\/\"]}]},{\"@type\":\"ImageObject\",\"inLanguage\":\"da-DK\",\"@id\":\"https:\\\/\\\/theomm.com\\\/da\\\/product\\\/flow-singlet-2\\\/#primaryimage\",\"url\":\"https:\\\/\\\/theomm.com\\\/wp-content\\\/uploads\\\/2022\\\/10\\\/OC141-Flow-Singlet-Simple_0003_Flow-Singlet-Grey_blue-front.jpg\",\"contentUrl\":\"https:\\\/\\\/theomm.com\\\/wp-content\\\/uploads\\\/2022\\\/10\\\/OC141-Flow-Singlet-Simple_0003_Flow-Singlet-Grey_blue-front.jpg\",\"width\":600,\"height\":600},{\"@type\":\"BreadcrumbList\",\"@id\":\"https:\\\/\\\/theomm.com\\\/da\\\/product\\\/flow-singlet-2\\\/#breadcrumb\",\"itemListElement\":[{\"@type\":\"ListItem\",\"position\":1,\"name\":\"Home\",\"item\":\"https:\\\/\\\/theomm.com\\\/da\\\/original-mountain-marathon\\\/\"},{\"@type\":\"ListItem\",\"position\":2,\"name\":\"Produkter\",\"item\":\"https:\\\/\\\/theomm.com\\\/da\\\/original-mountain-marathon\\\/produkter\\\/\"},{\"@type\":\"ListItem\",\"position\":3,\"name\":\"Flow Singlet\"}]},{\"@type\":\"WebSite\",\"@id\":\"https:\\\/\\\/theomm.com\\\/#website\",\"url\":\"https:\\\/\\\/theomm.com\\\/\",\"name\":\"OMM\",\"description\":\"OMM is Technical clothing and equipment made for running in the mountains. Designed to the specifications of Original Mountain Marathon.\",\"alternateName\":\"Original Mountain Marathon\",\"potentialAction\":[{\"@type\":\"SearchAction\",\"target\":{\"@type\":\"EntryPoint\",\"urlTemplate\":\"https:\\\/\\\/theomm.com\\\/?s={search_term_string}\"},\"query-input\":{\"@type\":\"PropertyValueSpecification\",\"valueRequired\":true,\"valueName\":\"search_term_string\"}}],\"inLanguage\":\"da-DK\"}]}<\/script>\n<!-- \/ Yoast SEO plugin. -->","yoast_head_json":{"title":"Flow Singlet - OMM","description":"The Flow Singlet, H\u00f8j fugttransporterende singlet. Bambusfibre. OMM Athletic Fit og designet til at l\u00f8be med rygs\u00e6k","robots":{"index":"index","follow":"follow","max-snippet":"max-snippet:-1","max-image-preview":"max-image-preview:large","max-video-preview":"max-video-preview:-1"},"canonical":"https:\/\/theomm.com\/da\/product\/flow-singlet-2\/","og_locale":"da_DK","og_type":"article","og_title":"Flow Singlet - OMM","og_description":"The Flow Singlet, H\u00f8j fugttransporterende singlet. Bambusfibre. OMM Athletic Fit og designet til at l\u00f8be med rygs\u00e6k","og_url":"https:\/\/theomm.com\/da\/product\/flow-singlet-2\/","og_site_name":"OMM","article_publisher":"https:\/\/www.facebook.com\/OMMrunning?_ga=2.203172945.1541616462.1665402953-280172632.1649426001","article_modified_time":"2025-09-10T15:05:45+00:00","og_image":[{"width":600,"height":600,"url":"https:\/\/theomm.com\/wp-content\/uploads\/2022\/10\/OC141-Flow-Singlet-Simple_0003_Flow-Singlet-Grey_blue-front.jpg","type":"image\/jpeg"}],"twitter_card":"summary_large_image","twitter_misc":{"Estimeret l\u00e6setid":"1 minut"},"schema":{"@context":"https:\/\/schema.org","@graph":[{"@type":"WebPage","@id":"https:\/\/theomm.com\/da\/product\/flow-singlet-2\/","url":"https:\/\/theomm.com\/da\/product\/flow-singlet-2\/","name":"Flow Singlet - OMM","isPartOf":{"@id":"https:\/\/theomm.com\/#website"},"primaryImageOfPage":{"@id":"https:\/\/theomm.com\/da\/product\/flow-singlet-2\/#primaryimage"},"image":{"@id":"https:\/\/theomm.com\/da\/product\/flow-singlet-2\/#primaryimage"},"thumbnailUrl":"https:\/\/theomm.com\/wp-content\/uploads\/2022\/10\/OC141-Flow-Singlet-Simple_0003_Flow-Singlet-Grey_blue-front.jpg","datePublished":"2020-03-16T10:46:55+00:00","dateModified":"2025-09-10T15:05:45+00:00","description":"The Flow Singlet, H\u00f8j fugttransporterende singlet. Bambusfibre. OMM Athletic Fit og designet til at l\u00f8be med rygs\u00e6k","breadcrumb":{"@id":"https:\/\/theomm.com\/da\/product\/flow-singlet-2\/#breadcrumb"},"inLanguage":"da-DK","potentialAction":[{"@type":"ReadAction","target":["https:\/\/theomm.com\/da\/product\/flow-singlet-2\/"]}]},{"@type":"ImageObject","inLanguage":"da-DK","@id":"https:\/\/theomm.com\/da\/product\/flow-singlet-2\/#primaryimage","url":"https:\/\/theomm.com\/wp-content\/uploads\/2022\/10\/OC141-Flow-Singlet-Simple_0003_Flow-Singlet-Grey_blue-front.jpg","contentUrl":"https:\/\/theomm.com\/wp-content\/uploads\/2022\/10\/OC141-Flow-Singlet-Simple_0003_Flow-Singlet-Grey_blue-front.jpg","width":600,"height":600},{"@type":"BreadcrumbList","@id":"https:\/\/theomm.com\/da\/product\/flow-singlet-2\/#breadcrumb","itemListElement":[{"@type":"ListItem","position":1,"name":"Home","item":"https:\/\/theomm.com\/da\/original-mountain-marathon\/"},{"@type":"ListItem","position":2,"name":"Produkter","item":"https:\/\/theomm.com\/da\/original-mountain-marathon\/produkter\/"},{"@type":"ListItem","position":3,"name":"Flow Singlet"}]},{"@type":"WebSite","@id":"https:\/\/theomm.com\/#website","url":"https:\/\/theomm.com\/","name":"OMM","description":"OMM is Technical clothing and equipment made for running in the mountains. Designed to the specifications of Original Mountain Marathon.","alternateName":"Original Mountain Marathon","potentialAction":[{"@type":"SearchAction","target":{"@type":"EntryPoint","urlTemplate":"https:\/\/theomm.com\/?s={search_term_string}"},"query-input":{"@type":"PropertyValueSpecification","valueRequired":true,"valueName":"search_term_string"}}],"inLanguage":"da-DK"}]}},"_links":{"self":[{"href":"https:\/\/theomm.com\/da\/wp-json\/wp\/v2\/product\/162436","targetHints":{"allow":["GET"]}}],"collection":[{"href":"https:\/\/theomm.com\/da\/wp-json\/wp\/v2\/product"}],"about":[{"href":"https:\/\/theomm.com\/da\/wp-json\/wp\/v2\/types\/product"}],"wp:featuredmedia":[{"embeddable":true,"href":"https:\/\/theomm.com\/da\/wp-json\/wp\/v2\/media\/152320"}],"wp:attachment":[{"href":"https:\/\/theomm.com\/da\/wp-json\/wp\/v2\/media?parent=162436"}],"wp:term":[{"taxonomy":"locations","embeddable":true,"href":"https:\/\/theomm.com\/da\/wp-json\/wp\/v2\/locations?post=162436"},{"taxonomy":"product_brand","embeddable":true,"href":"https:\/\/theomm.com\/da\/wp-json\/wp\/v2\/product_brand?post=162436"},{"taxonomy":"product_cat","embeddable":true,"href":"https:\/\/theomm.com\/da\/wp-json\/wp\/v2\/product_cat?post=162436"},{"taxonomy":"product_tag","embeddable":true,"href":"https:\/\/theomm.com\/da\/wp-json\/wp\/v2\/product_tag?post=162436"}],"curies":[{"name":"wp","href":"https:\/\/api.w.org\/{rel}","templated":true}]}}