{"id":162534,"date":"2019-03-16T10:43:01","date_gmt":"2019-03-16T10:43:01","guid":{"rendered":"https:\/\/theomm.com\/product\/ultra-bottle-750ml-bite-valve-2\/"},"modified":"2026-03-09T14:32:25","modified_gmt":"2026-03-09T14:32:25","slug":"ultra-bottle-750ml-bite-valve-2","status":"publish","type":"product","link":"https:\/\/theomm.com\/da\/product\/ultra-bottle-750ml-bite-valve-2\/","title":{"rendered":"Ultra + Bottle 750ml Bite Valve"},"content":{"rendered":"<p>Ultra + flaske 750 ml bideventil &#8211; Ultra-flasken er designet med den nye OMM bide-bideventil med stor \u00e5bning for en fremragende vandgennemstr\u00f8mningshastighed. Giver dig mulighed for at hydrere med det samme uden at skulle \u00e5bne eller lukke nogen ventiler. L\u00e5g og bideventiler er kompatible p\u00e5 tv\u00e6rs af OMM-hydreringssystemer. DRIKKEFLASKE TIL LANGE AFSTAND HYDRATION Udskifteligt l\u00e5g og bideventil<\/p>\n<p>BPA PVC og Phthalat fri<\/p>\n<p>Halsb\u00e5nd for at reducere skvulp Farve: Klar<\/p>\n<p>Volumen: 750ml<\/p>\n<p>V\u00e6gt: 80g<\/p>\n","protected":false},"excerpt":{"rendered":"<p>Ultra-flasken er designet med den nye OMM bide-bideventil med stor \u00e5bning for en fremragende vandgennemstr\u00f8mningshastighed. Giver dig mulighed for at hydrere med det samme uden at skulle \u00e5bne eller lukke nogen ventiler. L\u00e5g og bideventiler er kompatible p\u00e5 tv\u00e6rs af OMM-hydreringssystemer.<\/p>\n","protected":false},"featured_media":153872,"template":"","meta":{"_acf_changed":false,"_et_pb_use_builder":"","_et_pb_old_content":"","_et_gb_content_width":""},"locations":[],"product_brand":[],"product_cat":[1261,2101],"product_tag":[1752,1349],"class_list":{"0":"post-162534","1":"product","2":"type-product","3":"status-publish","4":"has-post-thumbnail","6":"product_cat-hydrering","7":"product_cat-sale-da","8":"product_tag-omm-water-bottle-da","9":"product_tag-sp-da","10":"pa_colour-clear-da","12":"first","13":"instock","14":"taxable","15":"shipping-taxable","16":"purchasable","17":"product-type-variable","18":"has-default-attributes","19":"wvs-archive-product-wrapper"},"acf":[],"yoast_head":"<!-- This site is optimized with the Yoast SEO plugin v27.4 - https:\/\/yoast.com\/product\/yoast-seo-wordpress\/ -->\n<title>Ultra + Bottle 750ml Bite Valve - OMM<\/title>\n<meta name=\"description\" content=\"The Ultra + Bottle 750Ml Bite Valve, Drikkeflaske til lange distancer\" \/>\n<meta name=\"robots\" content=\"index, follow, max-snippet:-1, max-image-preview:large, max-video-preview:-1\" \/>\n<link rel=\"canonical\" href=\"https:\/\/theomm.com\/da\/product\/ultra-bottle-750ml-bite-valve-2\/\" \/>\n<meta property=\"og:locale\" content=\"da_DK\" \/>\n<meta property=\"og:type\" content=\"article\" \/>\n<meta property=\"og:title\" content=\"Ultra + Bottle 750ml Bite Valve - OMM\" \/>\n<meta property=\"og:description\" content=\"The Ultra + Bottle 750Ml Bite Valve, Drikkeflaske til lange distancer\" \/>\n<meta property=\"og:url\" content=\"https:\/\/theomm.com\/da\/product\/ultra-bottle-750ml-bite-valve-2\/\" \/>\n<meta property=\"og:site_name\" content=\"OMM\" \/>\n<meta property=\"article:publisher\" content=\"https:\/\/www.facebook.com\/OMMrunning?_ga=2.203172945.1541616462.1665402953-280172632.1649426001\" \/>\n<meta property=\"article:modified_time\" content=\"2026-03-09T14:32:25+00:00\" \/>\n<meta property=\"og:image\" content=\"https:\/\/theomm.com\/wp-content\/uploads\/2022\/10\/Ultra-Bottle-750ml-Bite-Front.jpg\" \/>\n\t<meta property=\"og:image:width\" content=\"1000\" \/>\n\t<meta property=\"og:image:height\" content=\"1000\" \/>\n\t<meta property=\"og:image:type\" content=\"image\/jpeg\" \/>\n<meta name=\"twitter:card\" content=\"summary_large_image\" \/>\n<script type=\"application\/ld+json\" class=\"yoast-schema-graph\">{\"@context\":\"https:\\\/\\\/schema.org\",\"@graph\":[{\"@type\":\"WebPage\",\"@id\":\"https:\\\/\\\/theomm.com\\\/da\\\/product\\\/ultra-bottle-750ml-bite-valve-2\\\/\",\"url\":\"https:\\\/\\\/theomm.com\\\/da\\\/product\\\/ultra-bottle-750ml-bite-valve-2\\\/\",\"name\":\"Ultra + Bottle 750ml Bite Valve - OMM\",\"isPartOf\":{\"@id\":\"https:\\\/\\\/theomm.com\\\/#website\"},\"primaryImageOfPage\":{\"@id\":\"https:\\\/\\\/theomm.com\\\/da\\\/product\\\/ultra-bottle-750ml-bite-valve-2\\\/#primaryimage\"},\"image\":{\"@id\":\"https:\\\/\\\/theomm.com\\\/da\\\/product\\\/ultra-bottle-750ml-bite-valve-2\\\/#primaryimage\"},\"thumbnailUrl\":\"https:\\\/\\\/theomm.com\\\/wp-content\\\/uploads\\\/2022\\\/10\\\/Ultra-Bottle-750ml-Bite-Front.jpg\",\"datePublished\":\"2019-03-16T10:43:01+00:00\",\"dateModified\":\"2026-03-09T14:32:25+00:00\",\"description\":\"The Ultra + Bottle 750Ml Bite Valve, Drikkeflaske til lange distancer\",\"breadcrumb\":{\"@id\":\"https:\\\/\\\/theomm.com\\\/da\\\/product\\\/ultra-bottle-750ml-bite-valve-2\\\/#breadcrumb\"},\"inLanguage\":\"da-DK\",\"potentialAction\":[{\"@type\":\"ReadAction\",\"target\":[\"https:\\\/\\\/theomm.com\\\/da\\\/product\\\/ultra-bottle-750ml-bite-valve-2\\\/\"]}]},{\"@type\":\"ImageObject\",\"inLanguage\":\"da-DK\",\"@id\":\"https:\\\/\\\/theomm.com\\\/da\\\/product\\\/ultra-bottle-750ml-bite-valve-2\\\/#primaryimage\",\"url\":\"https:\\\/\\\/theomm.com\\\/wp-content\\\/uploads\\\/2022\\\/10\\\/Ultra-Bottle-750ml-Bite-Front.jpg\",\"contentUrl\":\"https:\\\/\\\/theomm.com\\\/wp-content\\\/uploads\\\/2022\\\/10\\\/Ultra-Bottle-750ml-Bite-Front.jpg\",\"width\":1000,\"height\":1000},{\"@type\":\"BreadcrumbList\",\"@id\":\"https:\\\/\\\/theomm.com\\\/da\\\/product\\\/ultra-bottle-750ml-bite-valve-2\\\/#breadcrumb\",\"itemListElement\":[{\"@type\":\"ListItem\",\"position\":1,\"name\":\"Home\",\"item\":\"https:\\\/\\\/theomm.com\\\/da\\\/original-mountain-marathon\\\/\"},{\"@type\":\"ListItem\",\"position\":2,\"name\":\"Produkter\",\"item\":\"https:\\\/\\\/theomm.com\\\/da\\\/original-mountain-marathon\\\/produkter\\\/\"},{\"@type\":\"ListItem\",\"position\":3,\"name\":\"Ultra + Bottle 750ml Bite Valve\"}]},{\"@type\":\"WebSite\",\"@id\":\"https:\\\/\\\/theomm.com\\\/#website\",\"url\":\"https:\\\/\\\/theomm.com\\\/\",\"name\":\"OMM\",\"description\":\"OMM is Technical clothing and equipment made for running in the mountains. Designed to the specifications of Original Mountain Marathon.\",\"alternateName\":\"Original Mountain Marathon\",\"potentialAction\":[{\"@type\":\"SearchAction\",\"target\":{\"@type\":\"EntryPoint\",\"urlTemplate\":\"https:\\\/\\\/theomm.com\\\/?s={search_term_string}\"},\"query-input\":{\"@type\":\"PropertyValueSpecification\",\"valueRequired\":true,\"valueName\":\"search_term_string\"}}],\"inLanguage\":\"da-DK\"}]}<\/script>\n<!-- \/ Yoast SEO plugin. -->","yoast_head_json":{"title":"Ultra + Bottle 750ml Bite Valve - OMM","description":"The Ultra + Bottle 750Ml Bite Valve, Drikkeflaske til lange distancer","robots":{"index":"index","follow":"follow","max-snippet":"max-snippet:-1","max-image-preview":"max-image-preview:large","max-video-preview":"max-video-preview:-1"},"canonical":"https:\/\/theomm.com\/da\/product\/ultra-bottle-750ml-bite-valve-2\/","og_locale":"da_DK","og_type":"article","og_title":"Ultra + Bottle 750ml Bite Valve - OMM","og_description":"The Ultra + Bottle 750Ml Bite Valve, Drikkeflaske til lange distancer","og_url":"https:\/\/theomm.com\/da\/product\/ultra-bottle-750ml-bite-valve-2\/","og_site_name":"OMM","article_publisher":"https:\/\/www.facebook.com\/OMMrunning?_ga=2.203172945.1541616462.1665402953-280172632.1649426001","article_modified_time":"2026-03-09T14:32:25+00:00","og_image":[{"width":1000,"height":1000,"url":"https:\/\/theomm.com\/wp-content\/uploads\/2022\/10\/Ultra-Bottle-750ml-Bite-Front.jpg","type":"image\/jpeg"}],"twitter_card":"summary_large_image","schema":{"@context":"https:\/\/schema.org","@graph":[{"@type":"WebPage","@id":"https:\/\/theomm.com\/da\/product\/ultra-bottle-750ml-bite-valve-2\/","url":"https:\/\/theomm.com\/da\/product\/ultra-bottle-750ml-bite-valve-2\/","name":"Ultra + Bottle 750ml Bite Valve - OMM","isPartOf":{"@id":"https:\/\/theomm.com\/#website"},"primaryImageOfPage":{"@id":"https:\/\/theomm.com\/da\/product\/ultra-bottle-750ml-bite-valve-2\/#primaryimage"},"image":{"@id":"https:\/\/theomm.com\/da\/product\/ultra-bottle-750ml-bite-valve-2\/#primaryimage"},"thumbnailUrl":"https:\/\/theomm.com\/wp-content\/uploads\/2022\/10\/Ultra-Bottle-750ml-Bite-Front.jpg","datePublished":"2019-03-16T10:43:01+00:00","dateModified":"2026-03-09T14:32:25+00:00","description":"The Ultra + Bottle 750Ml Bite Valve, Drikkeflaske til lange distancer","breadcrumb":{"@id":"https:\/\/theomm.com\/da\/product\/ultra-bottle-750ml-bite-valve-2\/#breadcrumb"},"inLanguage":"da-DK","potentialAction":[{"@type":"ReadAction","target":["https:\/\/theomm.com\/da\/product\/ultra-bottle-750ml-bite-valve-2\/"]}]},{"@type":"ImageObject","inLanguage":"da-DK","@id":"https:\/\/theomm.com\/da\/product\/ultra-bottle-750ml-bite-valve-2\/#primaryimage","url":"https:\/\/theomm.com\/wp-content\/uploads\/2022\/10\/Ultra-Bottle-750ml-Bite-Front.jpg","contentUrl":"https:\/\/theomm.com\/wp-content\/uploads\/2022\/10\/Ultra-Bottle-750ml-Bite-Front.jpg","width":1000,"height":1000},{"@type":"BreadcrumbList","@id":"https:\/\/theomm.com\/da\/product\/ultra-bottle-750ml-bite-valve-2\/#breadcrumb","itemListElement":[{"@type":"ListItem","position":1,"name":"Home","item":"https:\/\/theomm.com\/da\/original-mountain-marathon\/"},{"@type":"ListItem","position":2,"name":"Produkter","item":"https:\/\/theomm.com\/da\/original-mountain-marathon\/produkter\/"},{"@type":"ListItem","position":3,"name":"Ultra + Bottle 750ml Bite Valve"}]},{"@type":"WebSite","@id":"https:\/\/theomm.com\/#website","url":"https:\/\/theomm.com\/","name":"OMM","description":"OMM is Technical clothing and equipment made for running in the mountains. Designed to the specifications of Original Mountain Marathon.","alternateName":"Original Mountain Marathon","potentialAction":[{"@type":"SearchAction","target":{"@type":"EntryPoint","urlTemplate":"https:\/\/theomm.com\/?s={search_term_string}"},"query-input":{"@type":"PropertyValueSpecification","valueRequired":true,"valueName":"search_term_string"}}],"inLanguage":"da-DK"}]}},"_links":{"self":[{"href":"https:\/\/theomm.com\/da\/wp-json\/wp\/v2\/product\/162534","targetHints":{"allow":["GET"]}}],"collection":[{"href":"https:\/\/theomm.com\/da\/wp-json\/wp\/v2\/product"}],"about":[{"href":"https:\/\/theomm.com\/da\/wp-json\/wp\/v2\/types\/product"}],"wp:featuredmedia":[{"embeddable":true,"href":"https:\/\/theomm.com\/da\/wp-json\/wp\/v2\/media\/153872"}],"wp:attachment":[{"href":"https:\/\/theomm.com\/da\/wp-json\/wp\/v2\/media?parent=162534"}],"wp:term":[{"taxonomy":"locations","embeddable":true,"href":"https:\/\/theomm.com\/da\/wp-json\/wp\/v2\/locations?post=162534"},{"taxonomy":"product_brand","embeddable":true,"href":"https:\/\/theomm.com\/da\/wp-json\/wp\/v2\/product_brand?post=162534"},{"taxonomy":"product_cat","embeddable":true,"href":"https:\/\/theomm.com\/da\/wp-json\/wp\/v2\/product_cat?post=162534"},{"taxonomy":"product_tag","embeddable":true,"href":"https:\/\/theomm.com\/da\/wp-json\/wp\/v2\/product_tag?post=162534"}],"curies":[{"name":"wp","href":"https:\/\/api.w.org\/{rel}","templated":true}]}}