{"id":162537,"date":"2020-03-16T10:45:59","date_gmt":"2020-03-16T10:45:59","guid":{"rendered":"https:\/\/theomm.com\/product\/flow-tee-l-s-2\/"},"modified":"2025-09-10T15:05:44","modified_gmt":"2025-09-10T15:05:44","slug":"flow-tee-l-s-2","status":"publish","type":"product","link":"https:\/\/theomm.com\/da\/product\/flow-tee-l-s-2\/","title":{"rendered":"Flow Tee L\/S"},"content":{"rendered":"<p>Flow Tee L\/S &#8211; Flow Tee L\/S er en h\u00f8jtransporterende lang\u00e6rmet racetop. Den s\u00f8ml\u00f8se skulderkonstruktion reducerer irritation fra rygs\u00e6kke, mens den Polygeine antibakteriele behandling sikrer langvarig friskhed ved brug i flere dage. H\u00d8J FUGTTRASPOTERENDE LANGE \u00c6RME RACE TOP I ANTI MICROBIAL STOF. Flow Tee L\/S er lavet i bambus antimikrobielt stof med Polygeine-behandling som giver hurtig fugttransport og langvarig friskhed. ATLETISK FIT. Designet har en atletisk pasform. RYGDESIGN. Rygstoffet er lavet af et bl\u00f8dere materiale, der forhindrer rygs\u00e6ksgnidninger. En droptail p\u00e5 ryggen stopper den i at krybe op. Den har lade s\u00f8m p\u00e5 rygs\u00e6kskontaktpunkterne<\/p>\n<p>Syninger v\u00e6k fra skuldrene<\/p>\n<p>4 vejs str\u00e6k<\/p>\n<p>H\u00f8jtransporterende stoffer<\/p>\n<p>Mesh udluftningspaneler<\/p>\n<p>Reflekterende logoer Farver Gr\u00e5 Gr\u00e5\/Bl\u00e5<\/p>\n<p>Stof Polyester Bambus Mix med Polygeine<\/p>\n<p>Fuld v\u00e6gt 175g<\/p>\n<p>St\u00f8rrelser S\/M\/L\/XL<\/p>\n<p>Vores lette bekl\u00e6dning og udstyr er specielt designet til bjergl\u00f8berens behov, med specifikationer hentet direkte fra erfaring p\u00e5 Original Mountain Marathon.<\/p>\n<p>Et 2-dages l\u00f8b igennem noget af Storbritanniens h\u00e5rdeste terr\u00e6n. Afholdes i slutningen af oktober, hvert \u00e5r, siden 1968, for at sikre udfordrende vejr. En test af bjergh\u00e5ndv\u00e6rk, modstandsdygtighed og udholdenhed. \u00a0&#8216;The OMM&#8217; er anerkendt som en af de h\u00e5rdeste bjergsl\u00f8bsudfordinger.<\/p>\n<p>De h\u00f8je krav til begivenheden forts\u00e6tter med at give feedback om designet og funktionerne i vores bekl\u00e6dning og udstyr. Derfor bliver det ogs\u00e5 brugt i de h\u00e5rdeste begivenheder og udfordringer rundt om i hele verden.<\/p>\n<p>OMM-serien, som er blevet betroet af bjergatleter og professionelle i \u00e5rtier, er den perfekte ledsager til dit n\u00e6ste eventyr.<\/p>\n","protected":false},"excerpt":{"rendered":"<p>Flow Tee L\/S er en h\u00f8jtransporterende lang\u00e6rmet racetop. Den s\u00f8ml\u00f8se skulderkonstruktion reducerer irritation fra rygs\u00e6kke, mens den Polygeine antibakteriele behandling sikrer langvarig friskhed ved brug i flere dage.<\/p>\n","protected":false},"featured_media":153668,"template":"","meta":{"_acf_changed":false,"_et_pb_use_builder":"","_et_pb_old_content":"","_et_gb_content_width":""},"locations":[1195,1196],"product_brand":[],"product_cat":[1250,1251],"product_tag":[1710,1711,1597,1599,1349],"class_list":{"0":"post-162537","1":"product","2":"type-product","3":"status-publish","4":"has-post-thumbnail","6":"locations-eu","7":"locations-uk","8":"product_cat-beklaedning","9":"product_cat-foerste-lag","10":"product_tag-flow-tee-l-s-da","11":"product_tag-flow-tee-long-sleeve-da","12":"product_tag-long-sleeve-running-top-da","13":"product_tag-omm-tshirt-da","14":"product_tag-sp-da","15":"pa_color-gra","16":"pa_colour-gra","17":"pa_colour-gra-bla","18":"pa_gender-mens-da","19":"pa_size-stor","20":"pa_size-middel","21":"pa_size-lille","22":"pa_size-x-stor","23":"pa_size-x-lille","24":"pa_technology-polygiene","25":"pa_weight-50-100g","27":"first","28":"outofstock","29":"taxable","30":"shipping-taxable","31":"purchasable","32":"product-type-variable","33":"wvs-archive-product-wrapper"},"acf":[],"yoast_head":"<!-- This site is optimized with the Yoast SEO plugin v27.4 - https:\/\/yoast.com\/product\/yoast-seo-wordpress\/ -->\n<title>Flow Tee L\/S - OMM<\/title>\n<meta name=\"description\" content=\"The Flow Tee L\/S, Lang\u00e6rmet racertop. H\u00f8jt fugttransporterende antimikrobielt stof. Atletisk pasform.\" \/>\n<meta name=\"robots\" content=\"index, follow, max-snippet:-1, max-image-preview:large, max-video-preview:-1\" \/>\n<link rel=\"canonical\" href=\"https:\/\/theomm.com\/da\/product\/flow-tee-l-s-2\/\" \/>\n<meta property=\"og:locale\" content=\"da_DK\" \/>\n<meta property=\"og:type\" content=\"article\" \/>\n<meta property=\"og:title\" content=\"Flow Tee L\/S - OMM\" \/>\n<meta property=\"og:description\" content=\"The Flow Tee L\/S, Lang\u00e6rmet racertop. H\u00f8jt fugttransporterende antimikrobielt stof. Atletisk pasform.\" \/>\n<meta property=\"og:url\" content=\"https:\/\/theomm.com\/da\/product\/flow-tee-l-s-2\/\" \/>\n<meta property=\"og:site_name\" content=\"OMM\" \/>\n<meta property=\"article:publisher\" content=\"https:\/\/www.facebook.com\/OMMrunning?_ga=2.203172945.1541616462.1665402953-280172632.1649426001\" \/>\n<meta property=\"article:modified_time\" content=\"2025-09-10T15:05:44+00:00\" \/>\n<meta property=\"og:image\" content=\"https:\/\/theomm.com\/wp-content\/uploads\/2022\/10\/OC144-Flow-Tee-Simple_0000_OC144_Flow-Tee-LS_Grey_Front.jpg\" \/>\n\t<meta property=\"og:image:width\" content=\"600\" \/>\n\t<meta property=\"og:image:height\" content=\"600\" \/>\n\t<meta property=\"og:image:type\" content=\"image\/jpeg\" \/>\n<meta name=\"twitter:card\" content=\"summary_large_image\" \/>\n<meta name=\"twitter:label1\" content=\"Estimeret l\u00e6setid\" \/>\n\t<meta name=\"twitter:data1\" content=\"1 minut\" \/>\n<script type=\"application\/ld+json\" class=\"yoast-schema-graph\">{\"@context\":\"https:\\\/\\\/schema.org\",\"@graph\":[{\"@type\":\"WebPage\",\"@id\":\"https:\\\/\\\/theomm.com\\\/da\\\/product\\\/flow-tee-l-s-2\\\/\",\"url\":\"https:\\\/\\\/theomm.com\\\/da\\\/product\\\/flow-tee-l-s-2\\\/\",\"name\":\"Flow Tee L\\\/S - OMM\",\"isPartOf\":{\"@id\":\"https:\\\/\\\/theomm.com\\\/#website\"},\"primaryImageOfPage\":{\"@id\":\"https:\\\/\\\/theomm.com\\\/da\\\/product\\\/flow-tee-l-s-2\\\/#primaryimage\"},\"image\":{\"@id\":\"https:\\\/\\\/theomm.com\\\/da\\\/product\\\/flow-tee-l-s-2\\\/#primaryimage\"},\"thumbnailUrl\":\"https:\\\/\\\/theomm.com\\\/wp-content\\\/uploads\\\/2022\\\/10\\\/OC144-Flow-Tee-Simple_0000_OC144_Flow-Tee-LS_Grey_Front.jpg\",\"datePublished\":\"2020-03-16T10:45:59+00:00\",\"dateModified\":\"2025-09-10T15:05:44+00:00\",\"description\":\"The Flow Tee L\\\/S, Lang\u00e6rmet racertop. H\u00f8jt fugttransporterende antimikrobielt stof. Atletisk pasform.\",\"breadcrumb\":{\"@id\":\"https:\\\/\\\/theomm.com\\\/da\\\/product\\\/flow-tee-l-s-2\\\/#breadcrumb\"},\"inLanguage\":\"da-DK\",\"potentialAction\":[{\"@type\":\"ReadAction\",\"target\":[\"https:\\\/\\\/theomm.com\\\/da\\\/product\\\/flow-tee-l-s-2\\\/\"]}]},{\"@type\":\"ImageObject\",\"inLanguage\":\"da-DK\",\"@id\":\"https:\\\/\\\/theomm.com\\\/da\\\/product\\\/flow-tee-l-s-2\\\/#primaryimage\",\"url\":\"https:\\\/\\\/theomm.com\\\/wp-content\\\/uploads\\\/2022\\\/10\\\/OC144-Flow-Tee-Simple_0000_OC144_Flow-Tee-LS_Grey_Front.jpg\",\"contentUrl\":\"https:\\\/\\\/theomm.com\\\/wp-content\\\/uploads\\\/2022\\\/10\\\/OC144-Flow-Tee-Simple_0000_OC144_Flow-Tee-LS_Grey_Front.jpg\",\"width\":600,\"height\":600},{\"@type\":\"BreadcrumbList\",\"@id\":\"https:\\\/\\\/theomm.com\\\/da\\\/product\\\/flow-tee-l-s-2\\\/#breadcrumb\",\"itemListElement\":[{\"@type\":\"ListItem\",\"position\":1,\"name\":\"Home\",\"item\":\"https:\\\/\\\/theomm.com\\\/da\\\/original-mountain-marathon\\\/\"},{\"@type\":\"ListItem\",\"position\":2,\"name\":\"Produkter\",\"item\":\"https:\\\/\\\/theomm.com\\\/da\\\/original-mountain-marathon\\\/produkter\\\/\"},{\"@type\":\"ListItem\",\"position\":3,\"name\":\"Flow Tee L\\\/S\"}]},{\"@type\":\"WebSite\",\"@id\":\"https:\\\/\\\/theomm.com\\\/#website\",\"url\":\"https:\\\/\\\/theomm.com\\\/\",\"name\":\"OMM\",\"description\":\"OMM is Technical clothing and equipment made for running in the mountains. Designed to the specifications of Original Mountain Marathon.\",\"alternateName\":\"Original Mountain Marathon\",\"potentialAction\":[{\"@type\":\"SearchAction\",\"target\":{\"@type\":\"EntryPoint\",\"urlTemplate\":\"https:\\\/\\\/theomm.com\\\/?s={search_term_string}\"},\"query-input\":{\"@type\":\"PropertyValueSpecification\",\"valueRequired\":true,\"valueName\":\"search_term_string\"}}],\"inLanguage\":\"da-DK\"}]}<\/script>\n<!-- \/ Yoast SEO plugin. -->","yoast_head_json":{"title":"Flow Tee L\/S - OMM","description":"The Flow Tee L\/S, Lang\u00e6rmet racertop. H\u00f8jt fugttransporterende antimikrobielt stof. Atletisk pasform.","robots":{"index":"index","follow":"follow","max-snippet":"max-snippet:-1","max-image-preview":"max-image-preview:large","max-video-preview":"max-video-preview:-1"},"canonical":"https:\/\/theomm.com\/da\/product\/flow-tee-l-s-2\/","og_locale":"da_DK","og_type":"article","og_title":"Flow Tee L\/S - OMM","og_description":"The Flow Tee L\/S, Lang\u00e6rmet racertop. H\u00f8jt fugttransporterende antimikrobielt stof. Atletisk pasform.","og_url":"https:\/\/theomm.com\/da\/product\/flow-tee-l-s-2\/","og_site_name":"OMM","article_publisher":"https:\/\/www.facebook.com\/OMMrunning?_ga=2.203172945.1541616462.1665402953-280172632.1649426001","article_modified_time":"2025-09-10T15:05:44+00:00","og_image":[{"width":600,"height":600,"url":"https:\/\/theomm.com\/wp-content\/uploads\/2022\/10\/OC144-Flow-Tee-Simple_0000_OC144_Flow-Tee-LS_Grey_Front.jpg","type":"image\/jpeg"}],"twitter_card":"summary_large_image","twitter_misc":{"Estimeret l\u00e6setid":"1 minut"},"schema":{"@context":"https:\/\/schema.org","@graph":[{"@type":"WebPage","@id":"https:\/\/theomm.com\/da\/product\/flow-tee-l-s-2\/","url":"https:\/\/theomm.com\/da\/product\/flow-tee-l-s-2\/","name":"Flow Tee L\/S - OMM","isPartOf":{"@id":"https:\/\/theomm.com\/#website"},"primaryImageOfPage":{"@id":"https:\/\/theomm.com\/da\/product\/flow-tee-l-s-2\/#primaryimage"},"image":{"@id":"https:\/\/theomm.com\/da\/product\/flow-tee-l-s-2\/#primaryimage"},"thumbnailUrl":"https:\/\/theomm.com\/wp-content\/uploads\/2022\/10\/OC144-Flow-Tee-Simple_0000_OC144_Flow-Tee-LS_Grey_Front.jpg","datePublished":"2020-03-16T10:45:59+00:00","dateModified":"2025-09-10T15:05:44+00:00","description":"The Flow Tee L\/S, Lang\u00e6rmet racertop. H\u00f8jt fugttransporterende antimikrobielt stof. Atletisk pasform.","breadcrumb":{"@id":"https:\/\/theomm.com\/da\/product\/flow-tee-l-s-2\/#breadcrumb"},"inLanguage":"da-DK","potentialAction":[{"@type":"ReadAction","target":["https:\/\/theomm.com\/da\/product\/flow-tee-l-s-2\/"]}]},{"@type":"ImageObject","inLanguage":"da-DK","@id":"https:\/\/theomm.com\/da\/product\/flow-tee-l-s-2\/#primaryimage","url":"https:\/\/theomm.com\/wp-content\/uploads\/2022\/10\/OC144-Flow-Tee-Simple_0000_OC144_Flow-Tee-LS_Grey_Front.jpg","contentUrl":"https:\/\/theomm.com\/wp-content\/uploads\/2022\/10\/OC144-Flow-Tee-Simple_0000_OC144_Flow-Tee-LS_Grey_Front.jpg","width":600,"height":600},{"@type":"BreadcrumbList","@id":"https:\/\/theomm.com\/da\/product\/flow-tee-l-s-2\/#breadcrumb","itemListElement":[{"@type":"ListItem","position":1,"name":"Home","item":"https:\/\/theomm.com\/da\/original-mountain-marathon\/"},{"@type":"ListItem","position":2,"name":"Produkter","item":"https:\/\/theomm.com\/da\/original-mountain-marathon\/produkter\/"},{"@type":"ListItem","position":3,"name":"Flow Tee L\/S"}]},{"@type":"WebSite","@id":"https:\/\/theomm.com\/#website","url":"https:\/\/theomm.com\/","name":"OMM","description":"OMM is Technical clothing and equipment made for running in the mountains. Designed to the specifications of Original Mountain Marathon.","alternateName":"Original Mountain Marathon","potentialAction":[{"@type":"SearchAction","target":{"@type":"EntryPoint","urlTemplate":"https:\/\/theomm.com\/?s={search_term_string}"},"query-input":{"@type":"PropertyValueSpecification","valueRequired":true,"valueName":"search_term_string"}}],"inLanguage":"da-DK"}]}},"_links":{"self":[{"href":"https:\/\/theomm.com\/da\/wp-json\/wp\/v2\/product\/162537","targetHints":{"allow":["GET"]}}],"collection":[{"href":"https:\/\/theomm.com\/da\/wp-json\/wp\/v2\/product"}],"about":[{"href":"https:\/\/theomm.com\/da\/wp-json\/wp\/v2\/types\/product"}],"wp:featuredmedia":[{"embeddable":true,"href":"https:\/\/theomm.com\/da\/wp-json\/wp\/v2\/media\/153668"}],"wp:attachment":[{"href":"https:\/\/theomm.com\/da\/wp-json\/wp\/v2\/media?parent=162537"}],"wp:term":[{"taxonomy":"locations","embeddable":true,"href":"https:\/\/theomm.com\/da\/wp-json\/wp\/v2\/locations?post=162537"},{"taxonomy":"product_brand","embeddable":true,"href":"https:\/\/theomm.com\/da\/wp-json\/wp\/v2\/product_brand?post=162537"},{"taxonomy":"product_cat","embeddable":true,"href":"https:\/\/theomm.com\/da\/wp-json\/wp\/v2\/product_cat?post=162537"},{"taxonomy":"product_tag","embeddable":true,"href":"https:\/\/theomm.com\/da\/wp-json\/wp\/v2\/product_tag?post=162537"}],"curies":[{"name":"wp","href":"https:\/\/api.w.org\/{rel}","templated":true}]}}