{"id":162580,"date":"2018-03-16T10:41:29","date_gmt":"2018-03-16T10:41:29","guid":{"rendered":"https:\/\/theomm.com\/product\/leanweight-kit-2\/"},"modified":"2025-10-14T07:14:44","modified_gmt":"2025-10-14T07:14:44","slug":"leanweight-kit-2","status":"publish","type":"product","link":"https:\/\/theomm.com\/da\/product\/leanweight-kit-2\/","title":{"rendered":"Leanweight Kit"},"content":{"rendered":"<p>Leanweight Kit &#8211; Et komprimerende mesh-panel til at gemme alt fra hjelme eller andre genstande som du skal have hurtig adgang til. Den passer til ydersiden af alle OMM-rygs\u00e6kke. Flere kompressions- og fastg\u00f8relsespunkter p\u00e5 hver side sikrer en j\u00e6vn fordeling af kompressionen. Str\u00e6knet g\u00f8r det muligt for kompressoren at tage form over genstande for en sikker transport. TILF\u00d8J MESH TIL OMM-RYGS\u00c6KKE<\/p>\n<p>Leanweight kit<\/p>\n<p>Passer til alle OMM-rygs\u00e6kke<\/p>\n<p>Flere kompressionspunkter<\/p>\n<p>Reflekterende detaljer Farve: Sort<\/p>\n<p>Stof: Stretch mesh, elastisk snor<\/p>\n<p>V\u00e6gt: 40g<\/p>\n<p>One size<\/p>\n<p>Vores lette bekl\u00e6dning og udstyr er specielt designet til bjergl\u00f8berens behov, med specifikationer hentet direkte fra erfaring p\u00e5 Original Mountain Marathon.<\/p>\n<p>Et 2-dages l\u00f8b igennem noget af Storbritanniens h\u00e5rdeste terr\u00e6n. Afholdes i slutningen af oktober, hvert \u00e5r, siden 1968, for at sikre udfordrende vejr. En test af bjergh\u00e5ndv\u00e6rk, modstandsdygtighed og udholdenhed. \u00a0&#8216;The OMM&#8217; er anerkendt som en af de h\u00e5rdeste bjergsl\u00f8bsudfordinger.<\/p>\n<p>De h\u00f8je krav til begivenheden forts\u00e6tter med at give feedback om designet og funktionerne i vores bekl\u00e6dning og udstyr. Derfor bliver det ogs\u00e5 brugt i de h\u00e5rdeste begivenheder og udfordringer rundt om i hele verden.<\/p>\n<p>OMM-serien, som er blevet betroet af bjergatleter og professionelle i \u00e5rtier, er den perfekte ledsager til dit n\u00e6ste eventyr.<\/p>\n","protected":false},"excerpt":{"rendered":"<p>Et komprimerende mesh-panel til at gemme alt fra hjelme eller andre genstande som du skal have hurtig adgang til. Den passer til ydersiden af alle OMM-rygs\u00e6kke. Flere kompressions- og fastg\u00f8relsespunkter p\u00e5 hver side sikrer en j\u00e6vn fordeling af kompressionen. Str\u00e6knet g\u00f8r det muligt for kompressoren at tage form over genstande for en sikker transport<\/p>\n","protected":false},"featured_media":153718,"template":"","meta":{"_acf_changed":false,"_et_pb_use_builder":"","_et_pb_old_content":"","_et_gb_content_width":""},"locations":[1195,1196],"product_brand":[],"product_cat":[1265,1270],"product_tag":[1814,1349],"class_list":{"0":"post-162580","1":"product","2":"type-product","3":"status-publish","4":"has-post-thumbnail","6":"locations-eu","7":"locations-uk","8":"product_cat-baere-opbevar","9":"product_cat-tilbehor-og-tilfojelser","10":"product_tag-back-pack-compression-straps-da","11":"product_tag-sp-da","12":"pa_color-sort","13":"pa_colour-sort","14":"pa_gender-mens-da","15":"pa_gender-womens-da","16":"pa_weight-0-50g","18":"first","19":"instock","20":"taxable","21":"shipping-taxable","22":"purchasable","23":"product-type-variable","24":"has-default-attributes","25":"wvs-archive-product-wrapper"},"acf":[],"yoast_head":"<!-- This site is optimized with the Yoast SEO plugin v27.3 - https:\/\/yoast.com\/product\/yoast-seo-wordpress\/ -->\n<title>Leanweight Kit - OMM<\/title>\n<meta name=\"description\" content=\"The Leanweight Kit, komprimerende mesh, der passer til ydersiden af alle OMM-rygs\u00e6kke.\" \/>\n<meta name=\"robots\" content=\"index, follow, max-snippet:-1, max-image-preview:large, max-video-preview:-1\" \/>\n<link rel=\"canonical\" href=\"https:\/\/theomm.com\/da\/product\/leanweight-kit-2\/\" \/>\n<meta property=\"og:locale\" content=\"da_DK\" \/>\n<meta property=\"og:type\" content=\"article\" \/>\n<meta property=\"og:title\" content=\"Leanweight Kit - OMM\" \/>\n<meta property=\"og:description\" content=\"The Leanweight Kit, komprimerende mesh, der passer til ydersiden af alle OMM-rygs\u00e6kke.\" \/>\n<meta property=\"og:url\" content=\"https:\/\/theomm.com\/da\/product\/leanweight-kit-2\/\" \/>\n<meta property=\"og:site_name\" content=\"OMM\" \/>\n<meta property=\"article:publisher\" content=\"https:\/\/www.facebook.com\/OMMrunning?_ga=2.203172945.1541616462.1665402953-280172632.1649426001\" \/>\n<meta property=\"article:modified_time\" content=\"2025-10-14T07:14:44+00:00\" \/>\n<meta property=\"og:image\" content=\"https:\/\/theomm.com\/wp-content\/uploads\/2022\/10\/OF007-Leanweight-Kit-Simple_0000_OF007-Leanweight-Kit.jpg\" \/>\n\t<meta property=\"og:image:width\" content=\"600\" \/>\n\t<meta property=\"og:image:height\" content=\"600\" \/>\n\t<meta property=\"og:image:type\" content=\"image\/jpeg\" \/>\n<meta name=\"twitter:card\" content=\"summary_large_image\" \/>\n<meta name=\"twitter:label1\" content=\"Estimeret l\u00e6setid\" \/>\n\t<meta name=\"twitter:data1\" content=\"1 minut\" \/>\n<script type=\"application\/ld+json\" class=\"yoast-schema-graph\">{\"@context\":\"https:\\\/\\\/schema.org\",\"@graph\":[{\"@type\":\"WebPage\",\"@id\":\"https:\\\/\\\/theomm.com\\\/da\\\/product\\\/leanweight-kit-2\\\/\",\"url\":\"https:\\\/\\\/theomm.com\\\/da\\\/product\\\/leanweight-kit-2\\\/\",\"name\":\"Leanweight Kit - OMM\",\"isPartOf\":{\"@id\":\"https:\\\/\\\/theomm.com\\\/#website\"},\"primaryImageOfPage\":{\"@id\":\"https:\\\/\\\/theomm.com\\\/da\\\/product\\\/leanweight-kit-2\\\/#primaryimage\"},\"image\":{\"@id\":\"https:\\\/\\\/theomm.com\\\/da\\\/product\\\/leanweight-kit-2\\\/#primaryimage\"},\"thumbnailUrl\":\"https:\\\/\\\/theomm.com\\\/wp-content\\\/uploads\\\/2022\\\/10\\\/OF007-Leanweight-Kit-Simple_0000_OF007-Leanweight-Kit.jpg\",\"datePublished\":\"2018-03-16T10:41:29+00:00\",\"dateModified\":\"2025-10-14T07:14:44+00:00\",\"description\":\"The Leanweight Kit, komprimerende mesh, der passer til ydersiden af alle OMM-rygs\u00e6kke.\",\"breadcrumb\":{\"@id\":\"https:\\\/\\\/theomm.com\\\/da\\\/product\\\/leanweight-kit-2\\\/#breadcrumb\"},\"inLanguage\":\"da-DK\",\"potentialAction\":[{\"@type\":\"ReadAction\",\"target\":[\"https:\\\/\\\/theomm.com\\\/da\\\/product\\\/leanweight-kit-2\\\/\"]}]},{\"@type\":\"ImageObject\",\"inLanguage\":\"da-DK\",\"@id\":\"https:\\\/\\\/theomm.com\\\/da\\\/product\\\/leanweight-kit-2\\\/#primaryimage\",\"url\":\"https:\\\/\\\/theomm.com\\\/wp-content\\\/uploads\\\/2022\\\/10\\\/OF007-Leanweight-Kit-Simple_0000_OF007-Leanweight-Kit.jpg\",\"contentUrl\":\"https:\\\/\\\/theomm.com\\\/wp-content\\\/uploads\\\/2022\\\/10\\\/OF007-Leanweight-Kit-Simple_0000_OF007-Leanweight-Kit.jpg\",\"width\":600,\"height\":600},{\"@type\":\"BreadcrumbList\",\"@id\":\"https:\\\/\\\/theomm.com\\\/da\\\/product\\\/leanweight-kit-2\\\/#breadcrumb\",\"itemListElement\":[{\"@type\":\"ListItem\",\"position\":1,\"name\":\"Home\",\"item\":\"https:\\\/\\\/theomm.com\\\/da\\\/original-mountain-marathon\\\/\"},{\"@type\":\"ListItem\",\"position\":2,\"name\":\"Produkter\",\"item\":\"https:\\\/\\\/theomm.com\\\/da\\\/original-mountain-marathon\\\/produkter\\\/\"},{\"@type\":\"ListItem\",\"position\":3,\"name\":\"Leanweight Kit\"}]},{\"@type\":\"WebSite\",\"@id\":\"https:\\\/\\\/theomm.com\\\/#website\",\"url\":\"https:\\\/\\\/theomm.com\\\/\",\"name\":\"OMM\",\"description\":\"OMM is Technical clothing and equipment made for running in the mountains. Designed to the specifications of Original Mountain Marathon.\",\"alternateName\":\"Original Mountain Marathon\",\"potentialAction\":[{\"@type\":\"SearchAction\",\"target\":{\"@type\":\"EntryPoint\",\"urlTemplate\":\"https:\\\/\\\/theomm.com\\\/?s={search_term_string}\"},\"query-input\":{\"@type\":\"PropertyValueSpecification\",\"valueRequired\":true,\"valueName\":\"search_term_string\"}}],\"inLanguage\":\"da-DK\"}]}<\/script>\n<!-- \/ Yoast SEO plugin. -->","yoast_head_json":{"title":"Leanweight Kit - OMM","description":"The Leanweight Kit, komprimerende mesh, der passer til ydersiden af alle OMM-rygs\u00e6kke.","robots":{"index":"index","follow":"follow","max-snippet":"max-snippet:-1","max-image-preview":"max-image-preview:large","max-video-preview":"max-video-preview:-1"},"canonical":"https:\/\/theomm.com\/da\/product\/leanweight-kit-2\/","og_locale":"da_DK","og_type":"article","og_title":"Leanweight Kit - OMM","og_description":"The Leanweight Kit, komprimerende mesh, der passer til ydersiden af alle OMM-rygs\u00e6kke.","og_url":"https:\/\/theomm.com\/da\/product\/leanweight-kit-2\/","og_site_name":"OMM","article_publisher":"https:\/\/www.facebook.com\/OMMrunning?_ga=2.203172945.1541616462.1665402953-280172632.1649426001","article_modified_time":"2025-10-14T07:14:44+00:00","og_image":[{"width":600,"height":600,"url":"https:\/\/theomm.com\/wp-content\/uploads\/2022\/10\/OF007-Leanweight-Kit-Simple_0000_OF007-Leanweight-Kit.jpg","type":"image\/jpeg"}],"twitter_card":"summary_large_image","twitter_misc":{"Estimeret l\u00e6setid":"1 minut"},"schema":{"@context":"https:\/\/schema.org","@graph":[{"@type":"WebPage","@id":"https:\/\/theomm.com\/da\/product\/leanweight-kit-2\/","url":"https:\/\/theomm.com\/da\/product\/leanweight-kit-2\/","name":"Leanweight Kit - OMM","isPartOf":{"@id":"https:\/\/theomm.com\/#website"},"primaryImageOfPage":{"@id":"https:\/\/theomm.com\/da\/product\/leanweight-kit-2\/#primaryimage"},"image":{"@id":"https:\/\/theomm.com\/da\/product\/leanweight-kit-2\/#primaryimage"},"thumbnailUrl":"https:\/\/theomm.com\/wp-content\/uploads\/2022\/10\/OF007-Leanweight-Kit-Simple_0000_OF007-Leanweight-Kit.jpg","datePublished":"2018-03-16T10:41:29+00:00","dateModified":"2025-10-14T07:14:44+00:00","description":"The Leanweight Kit, komprimerende mesh, der passer til ydersiden af alle OMM-rygs\u00e6kke.","breadcrumb":{"@id":"https:\/\/theomm.com\/da\/product\/leanweight-kit-2\/#breadcrumb"},"inLanguage":"da-DK","potentialAction":[{"@type":"ReadAction","target":["https:\/\/theomm.com\/da\/product\/leanweight-kit-2\/"]}]},{"@type":"ImageObject","inLanguage":"da-DK","@id":"https:\/\/theomm.com\/da\/product\/leanweight-kit-2\/#primaryimage","url":"https:\/\/theomm.com\/wp-content\/uploads\/2022\/10\/OF007-Leanweight-Kit-Simple_0000_OF007-Leanweight-Kit.jpg","contentUrl":"https:\/\/theomm.com\/wp-content\/uploads\/2022\/10\/OF007-Leanweight-Kit-Simple_0000_OF007-Leanweight-Kit.jpg","width":600,"height":600},{"@type":"BreadcrumbList","@id":"https:\/\/theomm.com\/da\/product\/leanweight-kit-2\/#breadcrumb","itemListElement":[{"@type":"ListItem","position":1,"name":"Home","item":"https:\/\/theomm.com\/da\/original-mountain-marathon\/"},{"@type":"ListItem","position":2,"name":"Produkter","item":"https:\/\/theomm.com\/da\/original-mountain-marathon\/produkter\/"},{"@type":"ListItem","position":3,"name":"Leanweight Kit"}]},{"@type":"WebSite","@id":"https:\/\/theomm.com\/#website","url":"https:\/\/theomm.com\/","name":"OMM","description":"OMM is Technical clothing and equipment made for running in the mountains. Designed to the specifications of Original Mountain Marathon.","alternateName":"Original Mountain Marathon","potentialAction":[{"@type":"SearchAction","target":{"@type":"EntryPoint","urlTemplate":"https:\/\/theomm.com\/?s={search_term_string}"},"query-input":{"@type":"PropertyValueSpecification","valueRequired":true,"valueName":"search_term_string"}}],"inLanguage":"da-DK"}]}},"_links":{"self":[{"href":"https:\/\/theomm.com\/da\/wp-json\/wp\/v2\/product\/162580","targetHints":{"allow":["GET"]}}],"collection":[{"href":"https:\/\/theomm.com\/da\/wp-json\/wp\/v2\/product"}],"about":[{"href":"https:\/\/theomm.com\/da\/wp-json\/wp\/v2\/types\/product"}],"wp:featuredmedia":[{"embeddable":true,"href":"https:\/\/theomm.com\/da\/wp-json\/wp\/v2\/media\/153718"}],"wp:attachment":[{"href":"https:\/\/theomm.com\/da\/wp-json\/wp\/v2\/media?parent=162580"}],"wp:term":[{"taxonomy":"locations","embeddable":true,"href":"https:\/\/theomm.com\/da\/wp-json\/wp\/v2\/locations?post=162580"},{"taxonomy":"product_brand","embeddable":true,"href":"https:\/\/theomm.com\/da\/wp-json\/wp\/v2\/product_brand?post=162580"},{"taxonomy":"product_cat","embeddable":true,"href":"https:\/\/theomm.com\/da\/wp-json\/wp\/v2\/product_cat?post=162580"},{"taxonomy":"product_tag","embeddable":true,"href":"https:\/\/theomm.com\/da\/wp-json\/wp\/v2\/product_tag?post=162580"}],"curies":[{"name":"wp","href":"https:\/\/api.w.org\/{rel}","templated":true}]}}