{"id":162629,"date":"2018-03-16T10:41:12","date_gmt":"2018-03-16T10:41:12","guid":{"rendered":"https:\/\/theomm.com\/product\/swift-arm-warmers-2\/"},"modified":"2025-05-25T17:18:07","modified_gmt":"2025-05-25T17:18:07","slug":"swift-arm-warmers-2","status":"publish","type":"product","link":"https:\/\/theomm.com\/da\/product\/swift-arm-warmers-2\/","title":{"rendered":"Swift Arm Warmers"},"content":{"rendered":"<p>Swift Arm Warmers &#8211; Stretch armvarmere er en letv\u00e6gtsmulighed for ekstra varme, n\u00e5r det er n\u00f8dvendigt. Swift Arm Warmers kan hurtigt tilf\u00f8jes til en kort\u00e6rmet top. Swift Arm Warmers har en tommelfingerl\u00f8kke, der giver ekstra beskyttelse til knoerne og h\u00e5ndryggen. Stretch polyamid (18% Lycra) garnstof som er h\u00f8jtransporterende, med 4-vejs stretch og god holdbarhed STRETCH ARMVARMERE MED TOMMELL\u00d8KKER 4-vejs stretch<\/p>\n<p>Flade l\u00e5ses\u00f8m<\/p>\n<p>Silikone grebstrip p\u00e5 arm<\/p>\n<p>H\u00f8jtransporterende<\/p>\n<p>Tommelfingerl\u00f8kker<\/p>\n<p>Reflekterende logo Farver: Sort\/Orange<\/p>\n<p>Stof: Stretch polyamid<\/p>\n<p>V\u00e6gt: 60g (par)<\/p>\n","protected":false},"excerpt":{"rendered":"<p>Stretch armvarmere er en letv\u00e6gtsmulighed for ekstra varme, n\u00e5r det er n\u00f8dvendigt. Swift Arm Warmers kan hurtigt tilf\u00f8jes til en kort\u00e6rmet top. Swift Arm Warmers har en tommelfingerl\u00f8kke, der giver ekstra beskyttelse til knoerne og h\u00e5ndryggen. Stretch polyamid (18% Lycra) garnstof som er h\u00f8jtransporterende, med 4-vejs stretch og god holdbarhed<\/p>\n","protected":false},"featured_media":151484,"template":"","meta":{"_acf_changed":false,"_et_pb_use_builder":"","_et_pb_old_content":"","_et_gb_content_width":""},"locations":[],"product_brand":[],"product_cat":[1250],"product_tag":[1988],"class_list":{"0":"post-162629","1":"product","2":"type-product","3":"status-publish","4":"has-post-thumbnail","6":"product_cat-beklaedning","7":"product_tag-running-arm-warmers-da","8":"pa_color-sort","9":"pa_colour-sort","10":"pa_gender-mens-da","11":"pa_gender-womens-da","12":"pa_size-stor","13":"pa_size-lille","14":"pa_weight-0-50g","16":"first","17":"instock","18":"taxable","19":"shipping-taxable","20":"purchasable","21":"product-type-variable","22":"wvs-archive-product-wrapper"},"acf":[],"yoast_head":"<!-- This site is optimized with the Yoast SEO plugin v27.3 - https:\/\/yoast.com\/product\/yoast-seo-wordpress\/ -->\n<title>Swift Arm Warmers - OMM<\/title>\n<meta name=\"description\" content=\"The Swift Arm Warmers, Stretch Armvarmere med tommelfingerl\u00f8kker. Ideel for de dage hvor lidt ekstra varme hj\u00e6lperd Fell Runs\/ Races, Where A Little Bit More Is Required\" \/>\n<meta name=\"robots\" content=\"index, follow, max-snippet:-1, max-image-preview:large, max-video-preview:-1\" \/>\n<link rel=\"canonical\" href=\"https:\/\/theomm.com\/da\/product\/swift-arm-warmers-2\/\" \/>\n<meta property=\"og:locale\" content=\"da_DK\" \/>\n<meta property=\"og:type\" content=\"article\" \/>\n<meta property=\"og:title\" content=\"Swift Arm Warmers - OMM\" \/>\n<meta property=\"og:description\" content=\"The Swift Arm Warmers, Stretch Armvarmere med tommelfingerl\u00f8kker. Ideel for de dage hvor lidt ekstra varme hj\u00e6lperd Fell Runs\/ Races, Where A Little Bit More Is Required\" \/>\n<meta property=\"og:url\" content=\"https:\/\/theomm.com\/da\/product\/swift-arm-warmers-2\/\" \/>\n<meta property=\"og:site_name\" content=\"OMM\" \/>\n<meta property=\"article:publisher\" content=\"https:\/\/www.facebook.com\/OMMrunning?_ga=2.203172945.1541616462.1665402953-280172632.1649426001\" \/>\n<meta property=\"article:modified_time\" content=\"2025-05-25T17:18:07+00:00\" \/>\n<meta property=\"og:image\" content=\"https:\/\/theomm.com\/wp-content\/uploads\/2022\/09\/oc037-swift-arm-warmers-1.jpg\" \/>\n\t<meta property=\"og:image:width\" content=\"600\" \/>\n\t<meta property=\"og:image:height\" content=\"600\" \/>\n\t<meta property=\"og:image:type\" content=\"image\/jpeg\" \/>\n<meta name=\"twitter:card\" content=\"summary_large_image\" \/>\n<script type=\"application\/ld+json\" class=\"yoast-schema-graph\">{\"@context\":\"https:\\\/\\\/schema.org\",\"@graph\":[{\"@type\":\"WebPage\",\"@id\":\"https:\\\/\\\/theomm.com\\\/da\\\/product\\\/swift-arm-warmers-2\\\/\",\"url\":\"https:\\\/\\\/theomm.com\\\/da\\\/product\\\/swift-arm-warmers-2\\\/\",\"name\":\"Swift Arm Warmers - OMM\",\"isPartOf\":{\"@id\":\"https:\\\/\\\/theomm.com\\\/#website\"},\"primaryImageOfPage\":{\"@id\":\"https:\\\/\\\/theomm.com\\\/da\\\/product\\\/swift-arm-warmers-2\\\/#primaryimage\"},\"image\":{\"@id\":\"https:\\\/\\\/theomm.com\\\/da\\\/product\\\/swift-arm-warmers-2\\\/#primaryimage\"},\"thumbnailUrl\":\"https:\\\/\\\/theomm.com\\\/wp-content\\\/uploads\\\/2022\\\/09\\\/oc037-swift-arm-warmers-1.jpg\",\"datePublished\":\"2018-03-16T10:41:12+00:00\",\"dateModified\":\"2025-05-25T17:18:07+00:00\",\"description\":\"The Swift Arm Warmers, Stretch Armvarmere med tommelfingerl\u00f8kker. Ideel for de dage hvor lidt ekstra varme hj\u00e6lperd Fell Runs\\\/ Races, Where A Little Bit More Is Required\",\"breadcrumb\":{\"@id\":\"https:\\\/\\\/theomm.com\\\/da\\\/product\\\/swift-arm-warmers-2\\\/#breadcrumb\"},\"inLanguage\":\"da-DK\",\"potentialAction\":[{\"@type\":\"ReadAction\",\"target\":[\"https:\\\/\\\/theomm.com\\\/da\\\/product\\\/swift-arm-warmers-2\\\/\"]}]},{\"@type\":\"ImageObject\",\"inLanguage\":\"da-DK\",\"@id\":\"https:\\\/\\\/theomm.com\\\/da\\\/product\\\/swift-arm-warmers-2\\\/#primaryimage\",\"url\":\"https:\\\/\\\/theomm.com\\\/wp-content\\\/uploads\\\/2022\\\/09\\\/oc037-swift-arm-warmers-1.jpg\",\"contentUrl\":\"https:\\\/\\\/theomm.com\\\/wp-content\\\/uploads\\\/2022\\\/09\\\/oc037-swift-arm-warmers-1.jpg\",\"width\":600,\"height\":600},{\"@type\":\"BreadcrumbList\",\"@id\":\"https:\\\/\\\/theomm.com\\\/da\\\/product\\\/swift-arm-warmers-2\\\/#breadcrumb\",\"itemListElement\":[{\"@type\":\"ListItem\",\"position\":1,\"name\":\"Home\",\"item\":\"https:\\\/\\\/theomm.com\\\/da\\\/original-mountain-marathon\\\/\"},{\"@type\":\"ListItem\",\"position\":2,\"name\":\"Produkter\",\"item\":\"https:\\\/\\\/theomm.com\\\/da\\\/original-mountain-marathon\\\/produkter\\\/\"},{\"@type\":\"ListItem\",\"position\":3,\"name\":\"Swift Arm Warmers\"}]},{\"@type\":\"WebSite\",\"@id\":\"https:\\\/\\\/theomm.com\\\/#website\",\"url\":\"https:\\\/\\\/theomm.com\\\/\",\"name\":\"OMM\",\"description\":\"OMM is Technical clothing and equipment made for running in the mountains. Designed to the specifications of Original Mountain Marathon.\",\"alternateName\":\"Original Mountain Marathon\",\"potentialAction\":[{\"@type\":\"SearchAction\",\"target\":{\"@type\":\"EntryPoint\",\"urlTemplate\":\"https:\\\/\\\/theomm.com\\\/?s={search_term_string}\"},\"query-input\":{\"@type\":\"PropertyValueSpecification\",\"valueRequired\":true,\"valueName\":\"search_term_string\"}}],\"inLanguage\":\"da-DK\"}]}<\/script>\n<!-- \/ Yoast SEO plugin. -->","yoast_head_json":{"title":"Swift Arm Warmers - OMM","description":"The Swift Arm Warmers, Stretch Armvarmere med tommelfingerl\u00f8kker. Ideel for de dage hvor lidt ekstra varme hj\u00e6lperd Fell Runs\/ Races, Where A Little Bit More Is Required","robots":{"index":"index","follow":"follow","max-snippet":"max-snippet:-1","max-image-preview":"max-image-preview:large","max-video-preview":"max-video-preview:-1"},"canonical":"https:\/\/theomm.com\/da\/product\/swift-arm-warmers-2\/","og_locale":"da_DK","og_type":"article","og_title":"Swift Arm Warmers - OMM","og_description":"The Swift Arm Warmers, Stretch Armvarmere med tommelfingerl\u00f8kker. Ideel for de dage hvor lidt ekstra varme hj\u00e6lperd Fell Runs\/ Races, Where A Little Bit More Is Required","og_url":"https:\/\/theomm.com\/da\/product\/swift-arm-warmers-2\/","og_site_name":"OMM","article_publisher":"https:\/\/www.facebook.com\/OMMrunning?_ga=2.203172945.1541616462.1665402953-280172632.1649426001","article_modified_time":"2025-05-25T17:18:07+00:00","og_image":[{"width":600,"height":600,"url":"https:\/\/theomm.com\/wp-content\/uploads\/2022\/09\/oc037-swift-arm-warmers-1.jpg","type":"image\/jpeg"}],"twitter_card":"summary_large_image","schema":{"@context":"https:\/\/schema.org","@graph":[{"@type":"WebPage","@id":"https:\/\/theomm.com\/da\/product\/swift-arm-warmers-2\/","url":"https:\/\/theomm.com\/da\/product\/swift-arm-warmers-2\/","name":"Swift Arm Warmers - OMM","isPartOf":{"@id":"https:\/\/theomm.com\/#website"},"primaryImageOfPage":{"@id":"https:\/\/theomm.com\/da\/product\/swift-arm-warmers-2\/#primaryimage"},"image":{"@id":"https:\/\/theomm.com\/da\/product\/swift-arm-warmers-2\/#primaryimage"},"thumbnailUrl":"https:\/\/theomm.com\/wp-content\/uploads\/2022\/09\/oc037-swift-arm-warmers-1.jpg","datePublished":"2018-03-16T10:41:12+00:00","dateModified":"2025-05-25T17:18:07+00:00","description":"The Swift Arm Warmers, Stretch Armvarmere med tommelfingerl\u00f8kker. Ideel for de dage hvor lidt ekstra varme hj\u00e6lperd Fell Runs\/ Races, Where A Little Bit More Is Required","breadcrumb":{"@id":"https:\/\/theomm.com\/da\/product\/swift-arm-warmers-2\/#breadcrumb"},"inLanguage":"da-DK","potentialAction":[{"@type":"ReadAction","target":["https:\/\/theomm.com\/da\/product\/swift-arm-warmers-2\/"]}]},{"@type":"ImageObject","inLanguage":"da-DK","@id":"https:\/\/theomm.com\/da\/product\/swift-arm-warmers-2\/#primaryimage","url":"https:\/\/theomm.com\/wp-content\/uploads\/2022\/09\/oc037-swift-arm-warmers-1.jpg","contentUrl":"https:\/\/theomm.com\/wp-content\/uploads\/2022\/09\/oc037-swift-arm-warmers-1.jpg","width":600,"height":600},{"@type":"BreadcrumbList","@id":"https:\/\/theomm.com\/da\/product\/swift-arm-warmers-2\/#breadcrumb","itemListElement":[{"@type":"ListItem","position":1,"name":"Home","item":"https:\/\/theomm.com\/da\/original-mountain-marathon\/"},{"@type":"ListItem","position":2,"name":"Produkter","item":"https:\/\/theomm.com\/da\/original-mountain-marathon\/produkter\/"},{"@type":"ListItem","position":3,"name":"Swift Arm Warmers"}]},{"@type":"WebSite","@id":"https:\/\/theomm.com\/#website","url":"https:\/\/theomm.com\/","name":"OMM","description":"OMM is Technical clothing and equipment made for running in the mountains. Designed to the specifications of Original Mountain Marathon.","alternateName":"Original Mountain Marathon","potentialAction":[{"@type":"SearchAction","target":{"@type":"EntryPoint","urlTemplate":"https:\/\/theomm.com\/?s={search_term_string}"},"query-input":{"@type":"PropertyValueSpecification","valueRequired":true,"valueName":"search_term_string"}}],"inLanguage":"da-DK"}]}},"_links":{"self":[{"href":"https:\/\/theomm.com\/da\/wp-json\/wp\/v2\/product\/162629","targetHints":{"allow":["GET"]}}],"collection":[{"href":"https:\/\/theomm.com\/da\/wp-json\/wp\/v2\/product"}],"about":[{"href":"https:\/\/theomm.com\/da\/wp-json\/wp\/v2\/types\/product"}],"wp:featuredmedia":[{"embeddable":true,"href":"https:\/\/theomm.com\/da\/wp-json\/wp\/v2\/media\/151484"}],"wp:attachment":[{"href":"https:\/\/theomm.com\/da\/wp-json\/wp\/v2\/media?parent=162629"}],"wp:term":[{"taxonomy":"locations","embeddable":true,"href":"https:\/\/theomm.com\/da\/wp-json\/wp\/v2\/locations?post=162629"},{"taxonomy":"product_brand","embeddable":true,"href":"https:\/\/theomm.com\/da\/wp-json\/wp\/v2\/product_brand?post=162629"},{"taxonomy":"product_cat","embeddable":true,"href":"https:\/\/theomm.com\/da\/wp-json\/wp\/v2\/product_cat?post=162629"},{"taxonomy":"product_tag","embeddable":true,"href":"https:\/\/theomm.com\/da\/wp-json\/wp\/v2\/product_tag?post=162629"}],"curies":[{"name":"wp","href":"https:\/\/api.w.org\/{rel}","templated":true}]}}