{"id":162681,"date":"2018-03-16T10:41:21","date_gmt":"2018-03-16T10:41:21","guid":{"rendered":"https:\/\/theomm.com\/product\/ultra-15-2\/"},"modified":"2025-09-10T15:05:23","modified_gmt":"2025-09-10T15:05:23","slug":"ultra-15-2","status":"publish","type":"product","link":"https:\/\/theomm.com\/da\/product\/ultra-15-2\/","title":{"rendered":"Ultra 15 (Tidligere generation)"},"content":{"rendered":"<p>Ultra 15 &#8211; Ultra 15 er designet til tr\u00e6ning og l\u00f8b over l\u00e6ngere distancer. Volumenet p\u00e5 15 liter giver dig masser af plads til daglig brug samt kapacitet og komfort til ultra- og bjergl\u00f8b.<\/p>\n<p>Det enkle design og konstruktionens p\u00e5lidelighed har gjort Ultra-serien til en stor favorit blandt pendlere, b\u00e5de l\u00f8bere og cyklende.<\/p>\n<p>Designet til at b\u00e6re belastninger mellem 3-10 kg med et taljeb\u00e6lte for ekstra stabilitet. Ultra 12 har en enkelt stor lynl\u00e5s\u00e5bning, EVA-polstret skuldersele og store taljeb\u00e6ltelommer. Meget egnet til flerdagsl\u00f8b og dage i bjergene, hvor der kr\u00e6ves ekstra kit. 15 LITER TR\u00c6NINGS- OG L\u00d8BERYGS\u00c6K I ENKELT DESIGN DER SPARER V\u00c6GT OG TID Ultra Rangen er designet med enkelheden i centrum. STOR LYNST\u00c5BNING FOR LET ADGANG Hovedrummet er tilg\u00e6ngeligt via en stor lynl\u00e5s. STABIL OG KOMFORTABEL Ved at bruge det magre chassis forbliver belastningen stabil p\u00e5 l\u00f8berens ryg uden gnidningspunkter eller hotspots for\u00e5rsaget af overdreven bev\u00e6gelse. LEANWEIGHT chassis<\/p>\n<p>UGR Universal Gear Rail<\/p>\n<p>EVA polstrede skulderstropper<\/p>\n<p>Reflekterende detaljer<\/p>\n<p>Lynl\u00e5slomme p\u00e5 toppen<\/p>\n<p>En hofteb\u00e6ltelomme med lynl\u00e5s, en hofteb\u00e6ltelomme i mesh<\/p>\n<p>Sideflaskelommer i stretch mesh<\/p>\n<p>OMM rygs\u00e6k tilbeh\u00f8r kompatibel<\/p>\n<p>Justerbar brystb\u00e6lte med integreret fl\u00f8jte<\/p>\n<p>Aftagelig rygpolstring for at opn\u00e5 LEANWEIGHT<\/p>\n<p>3 liters hydreringsbl\u00e6re kompatibel<\/p>\n<p>Hydreringsbl\u00e6rer\u00f8ret kan f\u00f8res over eller under skulderen<\/p>\n<p>Rygl\u00e6ngde: 48cm Farver: Bl\u00e5, Orange, Gr\u00e5, Pink<\/p>\n<p>Stof: EVA skum, stretch mesh, 3d air-mesh, polyester<\/p>\n<p>V\u00e6gt: 340\/360 g<\/p>\n<p>Vores lette bekl\u00e6dning og udstyr er specielt designet til bjergl\u00f8berens behov, med specifikationer hentet direkte fra erfaring p\u00e5 Original Mountain Marathon.<\/p>\n<p>Et 2-dages l\u00f8b igennem noget af Storbritanniens h\u00e5rdeste terr\u00e6n. Afholdes i slutningen af oktober, hvert \u00e5r, siden 1968, for at sikre udfordrende vejr. En test af bjergh\u00e5ndv\u00e6rk, modstandsdygtighed og udholdenhed. \u00a0&#8216;The OMM&#8217; er anerkendt som en af de h\u00e5rdeste bjergsl\u00f8bsudfordinger.<\/p>\n<p>De h\u00f8je krav til begivenheden forts\u00e6tter med at give feedback om designet og funktionerne i vores bekl\u00e6dning og udstyr. Derfor bliver det ogs\u00e5 brugt i de h\u00e5rdeste begivenheder og udfordringer rundt om i hele verden.<\/p>\n<p>OMM-serien, som er blevet betroet af bjergatleter og professionelle i \u00e5rtier, er den perfekte ledsager til dit n\u00e6ste eventyr.<\/p>\n","protected":false},"excerpt":{"rendered":"<p>Ultra 15 er designet til tr\u00e6ning og l\u00f8b over l\u00e6ngere distancer. Volumenet p\u00e5 15 liter giver dig masser af plads til daglig brug samt kapacitet og komfort til ultra- og bjergl\u00f8b.<\/p>\n<p>Det enkle design og konstruktionens p\u00e5lidelighed har gjort Ultra-serien til en stor favorit blandt pendlere, b\u00e5de l\u00f8bere og cyklende.<\/p>\n<p>Designet til at b\u00e6re belastninger mellem 3-10 kg med et taljeb\u00e6lte for ekstra stabilitet. Ultra 12 har en enkelt stor lynl\u00e5s\u00e5bning, EVA-polstret skuldersele og store taljeb\u00e6ltelommer. Meget egnet til flerdagsl\u00f8b og dage i bjergene, hvor der kr\u00e6ves ekstra kit.<\/p>\n","protected":false},"featured_media":153760,"template":"","meta":{"_acf_changed":false,"_et_pb_use_builder":"","_et_pb_old_content":"","_et_gb_content_width":""},"locations":[1195],"product_brand":[],"product_cat":[1265,1268],"product_tag":[1822,1823,1821,1769,1824,1636,1349,1753],"class_list":{"0":"post-162681","1":"product","2":"type-product","3":"status-publish","4":"has-post-thumbnail","6":"locations-eu","7":"product_cat-baere-opbevar","8":"product_cat-rygsaekke","9":"product_tag-15-litre-hiking-pack-da","10":"product_tag-15-litre-running-pack-da","11":"product_tag-medium-running-pack-da","12":"product_tag-omm-da","13":"product_tag-omm-ultra-15-da","14":"product_tag-repair-da","15":"product_tag-sp-da","16":"product_tag-waterproof-da","17":"pa_color-bla","18":"pa_color-gra","19":"pa_color-lilla","20":"pa_color-lyserod","21":"pa_color-orange-da","22":"pa_colour-bla","23":"pa_colour-gra","24":"pa_colour-orange-da","25":"pa_colour-pink-da","26":"pa_gender-mens-da","27":"pa_gender-womens-da","28":"pa_weight-300-400g","30":"first","31":"instock","32":"taxable","33":"shipping-taxable","34":"purchasable","35":"product-type-variable","36":"wvs-archive-product-wrapper"},"acf":[],"yoast_head":"<!-- This site is optimized with the Yoast SEO plugin v27.4 - https:\/\/yoast.com\/product\/yoast-seo-wordpress\/ -->\n<title>Ultra 15 - OMM<\/title>\n<meta name=\"description\" content=\"The Ultra 15, 15 liters tr\u00e6nings- og l\u00f8berygs\u00e6k. Enkelt design sparer v\u00e6gt og tid. Stor lynl\u00e5s\u00e5bning for nem adgang Stabil og komfortabel\" \/>\n<meta name=\"robots\" content=\"index, follow, max-snippet:-1, max-image-preview:large, max-video-preview:-1\" \/>\n<link rel=\"canonical\" href=\"https:\/\/theomm.com\/da\/product\/ultra-15-2\/\" \/>\n<meta property=\"og:locale\" content=\"da_DK\" \/>\n<meta property=\"og:type\" content=\"article\" \/>\n<meta property=\"og:title\" content=\"Ultra 15 - OMM\" \/>\n<meta property=\"og:description\" content=\"The Ultra 15, 15 liters tr\u00e6nings- og l\u00f8berygs\u00e6k. Enkelt design sparer v\u00e6gt og tid. Stor lynl\u00e5s\u00e5bning for nem adgang Stabil og komfortabel\" \/>\n<meta property=\"og:url\" content=\"https:\/\/theomm.com\/da\/product\/ultra-15-2\/\" \/>\n<meta property=\"og:site_name\" content=\"OMM\" \/>\n<meta property=\"article:publisher\" content=\"https:\/\/www.facebook.com\/OMMrunning?_ga=2.203172945.1541616462.1665402953-280172632.1649426001\" \/>\n<meta property=\"article:modified_time\" content=\"2025-09-10T15:05:23+00:00\" \/>\n<meta property=\"og:image\" content=\"https:\/\/theomm.com\/wp-content\/uploads\/2022\/10\/OF014-Ultra-15-Simple_0003_OF014_Ultra_15_Orange_Back.jpg\" \/>\n\t<meta property=\"og:image:width\" content=\"600\" \/>\n\t<meta property=\"og:image:height\" content=\"600\" \/>\n\t<meta property=\"og:image:type\" content=\"image\/jpeg\" \/>\n<meta name=\"twitter:card\" content=\"summary_large_image\" \/>\n<meta name=\"twitter:label1\" content=\"Estimeret l\u00e6setid\" \/>\n\t<meta name=\"twitter:data1\" content=\"2 minutter\" \/>\n<script type=\"application\/ld+json\" class=\"yoast-schema-graph\">{\"@context\":\"https:\\\/\\\/schema.org\",\"@graph\":[{\"@type\":\"WebPage\",\"@id\":\"https:\\\/\\\/theomm.com\\\/da\\\/product\\\/ultra-15-2\\\/\",\"url\":\"https:\\\/\\\/theomm.com\\\/da\\\/product\\\/ultra-15-2\\\/\",\"name\":\"Ultra 15 - OMM\",\"isPartOf\":{\"@id\":\"https:\\\/\\\/theomm.com\\\/#website\"},\"primaryImageOfPage\":{\"@id\":\"https:\\\/\\\/theomm.com\\\/da\\\/product\\\/ultra-15-2\\\/#primaryimage\"},\"image\":{\"@id\":\"https:\\\/\\\/theomm.com\\\/da\\\/product\\\/ultra-15-2\\\/#primaryimage\"},\"thumbnailUrl\":\"https:\\\/\\\/theomm.com\\\/wp-content\\\/uploads\\\/2022\\\/10\\\/OF014-Ultra-15-Simple_0003_OF014_Ultra_15_Orange_Back.jpg\",\"datePublished\":\"2018-03-16T10:41:21+00:00\",\"dateModified\":\"2025-09-10T15:05:23+00:00\",\"description\":\"The Ultra 15, 15 liters tr\u00e6nings- og l\u00f8berygs\u00e6k. Enkelt design sparer v\u00e6gt og tid. Stor lynl\u00e5s\u00e5bning for nem adgang Stabil og komfortabel\",\"breadcrumb\":{\"@id\":\"https:\\\/\\\/theomm.com\\\/da\\\/product\\\/ultra-15-2\\\/#breadcrumb\"},\"inLanguage\":\"da-DK\",\"potentialAction\":[{\"@type\":\"ReadAction\",\"target\":[\"https:\\\/\\\/theomm.com\\\/da\\\/product\\\/ultra-15-2\\\/\"]}]},{\"@type\":\"ImageObject\",\"inLanguage\":\"da-DK\",\"@id\":\"https:\\\/\\\/theomm.com\\\/da\\\/product\\\/ultra-15-2\\\/#primaryimage\",\"url\":\"https:\\\/\\\/theomm.com\\\/wp-content\\\/uploads\\\/2022\\\/10\\\/OF014-Ultra-15-Simple_0003_OF014_Ultra_15_Orange_Back.jpg\",\"contentUrl\":\"https:\\\/\\\/theomm.com\\\/wp-content\\\/uploads\\\/2022\\\/10\\\/OF014-Ultra-15-Simple_0003_OF014_Ultra_15_Orange_Back.jpg\",\"width\":600,\"height\":600},{\"@type\":\"BreadcrumbList\",\"@id\":\"https:\\\/\\\/theomm.com\\\/da\\\/product\\\/ultra-15-2\\\/#breadcrumb\",\"itemListElement\":[{\"@type\":\"ListItem\",\"position\":1,\"name\":\"Home\",\"item\":\"https:\\\/\\\/theomm.com\\\/da\\\/original-mountain-marathon\\\/\"},{\"@type\":\"ListItem\",\"position\":2,\"name\":\"Produkter\",\"item\":\"https:\\\/\\\/theomm.com\\\/da\\\/original-mountain-marathon\\\/produkter\\\/\"},{\"@type\":\"ListItem\",\"position\":3,\"name\":\"Ultra 15 (Tidligere generation)\"}]},{\"@type\":\"WebSite\",\"@id\":\"https:\\\/\\\/theomm.com\\\/#website\",\"url\":\"https:\\\/\\\/theomm.com\\\/\",\"name\":\"OMM\",\"description\":\"OMM is Technical clothing and equipment made for running in the mountains. Designed to the specifications of Original Mountain Marathon.\",\"alternateName\":\"Original Mountain Marathon\",\"potentialAction\":[{\"@type\":\"SearchAction\",\"target\":{\"@type\":\"EntryPoint\",\"urlTemplate\":\"https:\\\/\\\/theomm.com\\\/?s={search_term_string}\"},\"query-input\":{\"@type\":\"PropertyValueSpecification\",\"valueRequired\":true,\"valueName\":\"search_term_string\"}}],\"inLanguage\":\"da-DK\"}]}<\/script>\n<!-- \/ Yoast SEO plugin. -->","yoast_head_json":{"title":"Ultra 15 - OMM","description":"The Ultra 15, 15 liters tr\u00e6nings- og l\u00f8berygs\u00e6k. Enkelt design sparer v\u00e6gt og tid. Stor lynl\u00e5s\u00e5bning for nem adgang Stabil og komfortabel","robots":{"index":"index","follow":"follow","max-snippet":"max-snippet:-1","max-image-preview":"max-image-preview:large","max-video-preview":"max-video-preview:-1"},"canonical":"https:\/\/theomm.com\/da\/product\/ultra-15-2\/","og_locale":"da_DK","og_type":"article","og_title":"Ultra 15 - OMM","og_description":"The Ultra 15, 15 liters tr\u00e6nings- og l\u00f8berygs\u00e6k. Enkelt design sparer v\u00e6gt og tid. Stor lynl\u00e5s\u00e5bning for nem adgang Stabil og komfortabel","og_url":"https:\/\/theomm.com\/da\/product\/ultra-15-2\/","og_site_name":"OMM","article_publisher":"https:\/\/www.facebook.com\/OMMrunning?_ga=2.203172945.1541616462.1665402953-280172632.1649426001","article_modified_time":"2025-09-10T15:05:23+00:00","og_image":[{"width":600,"height":600,"url":"https:\/\/theomm.com\/wp-content\/uploads\/2022\/10\/OF014-Ultra-15-Simple_0003_OF014_Ultra_15_Orange_Back.jpg","type":"image\/jpeg"}],"twitter_card":"summary_large_image","twitter_misc":{"Estimeret l\u00e6setid":"2 minutter"},"schema":{"@context":"https:\/\/schema.org","@graph":[{"@type":"WebPage","@id":"https:\/\/theomm.com\/da\/product\/ultra-15-2\/","url":"https:\/\/theomm.com\/da\/product\/ultra-15-2\/","name":"Ultra 15 - OMM","isPartOf":{"@id":"https:\/\/theomm.com\/#website"},"primaryImageOfPage":{"@id":"https:\/\/theomm.com\/da\/product\/ultra-15-2\/#primaryimage"},"image":{"@id":"https:\/\/theomm.com\/da\/product\/ultra-15-2\/#primaryimage"},"thumbnailUrl":"https:\/\/theomm.com\/wp-content\/uploads\/2022\/10\/OF014-Ultra-15-Simple_0003_OF014_Ultra_15_Orange_Back.jpg","datePublished":"2018-03-16T10:41:21+00:00","dateModified":"2025-09-10T15:05:23+00:00","description":"The Ultra 15, 15 liters tr\u00e6nings- og l\u00f8berygs\u00e6k. Enkelt design sparer v\u00e6gt og tid. Stor lynl\u00e5s\u00e5bning for nem adgang Stabil og komfortabel","breadcrumb":{"@id":"https:\/\/theomm.com\/da\/product\/ultra-15-2\/#breadcrumb"},"inLanguage":"da-DK","potentialAction":[{"@type":"ReadAction","target":["https:\/\/theomm.com\/da\/product\/ultra-15-2\/"]}]},{"@type":"ImageObject","inLanguage":"da-DK","@id":"https:\/\/theomm.com\/da\/product\/ultra-15-2\/#primaryimage","url":"https:\/\/theomm.com\/wp-content\/uploads\/2022\/10\/OF014-Ultra-15-Simple_0003_OF014_Ultra_15_Orange_Back.jpg","contentUrl":"https:\/\/theomm.com\/wp-content\/uploads\/2022\/10\/OF014-Ultra-15-Simple_0003_OF014_Ultra_15_Orange_Back.jpg","width":600,"height":600},{"@type":"BreadcrumbList","@id":"https:\/\/theomm.com\/da\/product\/ultra-15-2\/#breadcrumb","itemListElement":[{"@type":"ListItem","position":1,"name":"Home","item":"https:\/\/theomm.com\/da\/original-mountain-marathon\/"},{"@type":"ListItem","position":2,"name":"Produkter","item":"https:\/\/theomm.com\/da\/original-mountain-marathon\/produkter\/"},{"@type":"ListItem","position":3,"name":"Ultra 15 (Tidligere generation)"}]},{"@type":"WebSite","@id":"https:\/\/theomm.com\/#website","url":"https:\/\/theomm.com\/","name":"OMM","description":"OMM is Technical clothing and equipment made for running in the mountains. Designed to the specifications of Original Mountain Marathon.","alternateName":"Original Mountain Marathon","potentialAction":[{"@type":"SearchAction","target":{"@type":"EntryPoint","urlTemplate":"https:\/\/theomm.com\/?s={search_term_string}"},"query-input":{"@type":"PropertyValueSpecification","valueRequired":true,"valueName":"search_term_string"}}],"inLanguage":"da-DK"}]}},"_links":{"self":[{"href":"https:\/\/theomm.com\/da\/wp-json\/wp\/v2\/product\/162681","targetHints":{"allow":["GET"]}}],"collection":[{"href":"https:\/\/theomm.com\/da\/wp-json\/wp\/v2\/product"}],"about":[{"href":"https:\/\/theomm.com\/da\/wp-json\/wp\/v2\/types\/product"}],"wp:featuredmedia":[{"embeddable":true,"href":"https:\/\/theomm.com\/da\/wp-json\/wp\/v2\/media\/153760"}],"wp:attachment":[{"href":"https:\/\/theomm.com\/da\/wp-json\/wp\/v2\/media?parent=162681"}],"wp:term":[{"taxonomy":"locations","embeddable":true,"href":"https:\/\/theomm.com\/da\/wp-json\/wp\/v2\/locations?post=162681"},{"taxonomy":"product_brand","embeddable":true,"href":"https:\/\/theomm.com\/da\/wp-json\/wp\/v2\/product_brand?post=162681"},{"taxonomy":"product_cat","embeddable":true,"href":"https:\/\/theomm.com\/da\/wp-json\/wp\/v2\/product_cat?post=162681"},{"taxonomy":"product_tag","embeddable":true,"href":"https:\/\/theomm.com\/da\/wp-json\/wp\/v2\/product_tag?post=162681"}],"curies":[{"name":"wp","href":"https:\/\/api.w.org\/{rel}","templated":true}]}}