{"id":162711,"date":"2020-09-16T10:40:47","date_gmt":"2020-09-16T10:40:47","guid":{"rendered":"https:\/\/theomm.com\/product\/flash-tight-1-0-2\/"},"modified":"2025-10-14T07:14:44","modified_gmt":"2025-10-14T07:14:44","slug":"flash-tight-1-0-2","status":"publish","type":"product","link":"https:\/\/theomm.com\/da\/product\/flash-tight-1-0-2\/","title":{"rendered":"Flash Tight 1.0"},"content":{"rendered":"<p>Flash Tight 1.0 &#8211; Tights i fuld l\u00e6ngde. Med lomme p\u00e5 l\u00e5ret. Flatlock-s\u00f8m reducerer friktion eller irritation, s\u00e5 du har et s\u00e5 behageligt l\u00f8b som muligt. Flash Tight 1.0 har mesh-paneler bag kn\u00e6ene, der giver god ventilation og \u00a0holder dine ben k\u00f8lige og t\u00f8rre, n\u00e5r du sveder. 4-vejs stretchmateriale giver str\u00e5lende holdbarhed og fleksibilitet, der lader din krop bev\u00e6ge sig uden begr\u00e6nsninger. Stretch polyamid (18% Lycra) garnstof er h\u00f8j fugttransporterende. Gribestrimler ved anklen forhindrer benene i at k\u00f8re op. EN HOLDBAR OG FLEKSIBEL TIGHT TIL UDFORDRENDE FORHOLD HURTIGT\u00d8RENDE, FUGTTRANSPOTERENDE OG \u00c5NDBAR Flash-serien arbejder for at holde din krop behagelig under hele l\u00f8beturen. Fremragende fugtstyring og hurtigt\u00f8rrende ydeevne sammen med 4-vejs str\u00e6k og fantastisk temperaturregulering g\u00f8r Flashen til et godt valg under en lang r\u00e6kke forhold. OPBEVARING P\u00c5 FARTEN Slimline lommer p\u00e5 hvert l\u00e5r er ideelle til geler, kompas, kort eller tomme indpakninger. ATLETISK CUT Vores unikke m\u00f8nster giver en t\u00e6t atletisk pasform uden begr\u00e6nsninger. Ved at bruge kropskorte paneler i stedet for et enkelt stykke p\u00e5 benene, giver det os mulighed for at bruge mindre lycra, som har meget f\u00e5 termiske eller fugttransporterende egenskaber. Det giver os ogs\u00e5 mulighed for at inds\u00e6tte flere \u00e5ndbare mesh-paneler i omr\u00e5der med h\u00f8j output, s\u00e5som bagsiden af kn\u00e6et og bunden af ryggen. Flatlock s\u00f8m<\/p>\n<p>Str\u00e6kbare l\u00e5rlommer (geler\/telefon)<\/p>\n<p>Mesh-paneler for \u00e5ndbarhed<\/p>\n<p>4-vejs str\u00e6k<\/p>\n<p>N\u00f8gle lomme<\/p>\n<p>Gribestrimler for at forhindre opk\u00f8rsel<\/p>\n<p>Reflekterende sikkerhedsblink<\/p>\n<p>Elastik i taljen med sn\u00f8re. Farver: Sort\/Orange,<\/p>\n<p>Sort<\/p>\n<p>Stof: Stretch polyamid<\/p>\n<p>V\u00e6gt: 185g<\/p>\n<p>St\u00f8rrelser: XS\/S\/M\/L<\/p>\n<p>Vores lette bekl\u00e6dning og udstyr er specielt designet til bjergl\u00f8berens behov, med specifikationer hentet direkte fra erfaring p\u00e5 Original Mountain Marathon.<\/p>\n<p>Et 2-dages l\u00f8b igennem noget af Storbritanniens h\u00e5rdeste terr\u00e6n. Afholdes i slutningen af oktober, hvert \u00e5r, siden 1968, for at sikre udfordrende vejr. En test af bjergh\u00e5ndv\u00e6rk, modstandsdygtighed og udholdenhed. \u00a0&#8216;The OMM&#8217; er anerkendt som en af de h\u00e5rdeste bjergsl\u00f8bsudfordinger.<\/p>\n<p>De h\u00f8je krav til begivenheden forts\u00e6tter med at give feedback om designet og funktionerne i vores bekl\u00e6dning og udstyr. Derfor bliver det ogs\u00e5 brugt i de h\u00e5rdeste begivenheder og udfordringer rundt om i hele verden.<\/p>\n<p>OMM-serien, som er blevet betroet af bjergatleter og professionelle i \u00e5rtier, er den perfekte ledsager til dit n\u00e6ste eventyr.<\/p>\n","protected":false},"excerpt":{"rendered":"<p>Tights i fuld l\u00e6ngde. Med lomme p\u00e5 l\u00e5ret. Flatlock-s\u00f8m reducerer friktion eller irritation, s\u00e5 du har et s\u00e5 behageligt l\u00f8b som muligt. Flash Tight 1.0 har mesh-paneler bag kn\u00e6ene, der giver god ventilation og \u00a0holder dine ben k\u00f8lige og t\u00f8rre, n\u00e5r du sveder. 4-vejs stretchmateriale giver str\u00e5lende holdbarhed og fleksibilitet, der lader din krop bev\u00e6ge sig uden begr\u00e6nsninger. Stretch polyamid (18% Lycra) garnstof er h\u00f8j fugttransporterende. Gribestrimler ved anklen forhindrer benene i at k\u00f8re op<\/p>\n","protected":false},"featured_media":151588,"template":"","meta":{"_acf_changed":false,"_et_pb_use_builder":"off","_et_pb_old_content":"","_et_gb_content_width":""},"locations":[],"product_brand":[],"product_cat":[1250,1254,1258],"product_tag":[1981,1982,1983,1984],"class_list":{"0":"post-162711","1":"product","2":"type-product","3":"status-publish","4":"has-post-thumbnail","6":"product_cat-beklaedning","7":"product_cat-benklaeder","8":"product_cat-kit-lister","9":"product_tag-flash-tights-da","10":"product_tag-full-length-running-tights-da","11":"product_tag-omm-flash-tights-1-0-da","12":"product_tag-omm-running-tights-da","13":"pa_color-orange-da","14":"pa_color-sort","15":"pa_colour-sort","16":"pa_colour-sort-orange","17":"pa_gender-mens-da","18":"pa_gender-womens-da","19":"pa_size-stor","20":"pa_size-middel","21":"pa_size-lille","22":"pa_size-x-stor","23":"pa_size-x-lille","24":"pa_weight-100-200g","26":"first","27":"instock","28":"taxable","29":"shipping-taxable","30":"purchasable","31":"product-type-variable","32":"wvs-archive-product-wrapper"},"acf":[],"yoast_head":"<!-- This site is optimized with the Yoast SEO plugin v27.4 - https:\/\/yoast.com\/product\/yoast-seo-wordpress\/ -->\n<title>Flash Tight 1.0 - OMM<\/title>\n<meta name=\"description\" content=\"The Flash Tight 1.0, En holdbar og fleksibel tights til udfordrende forhold. Hurtigtt\u00f8rrende, fugttransporterende og \u00e5ndbar. Opbevaring On The Move Atletisk snitut\" \/>\n<meta name=\"robots\" content=\"index, follow, max-snippet:-1, max-image-preview:large, max-video-preview:-1\" \/>\n<link rel=\"canonical\" href=\"https:\/\/theomm.com\/product\/flash-tight-1-0\/\" \/>\n<meta property=\"og:locale\" content=\"da_DK\" \/>\n<meta property=\"og:type\" content=\"article\" \/>\n<meta property=\"og:title\" content=\"Flash Tight 1.0 - OMM\" \/>\n<meta property=\"og:description\" content=\"The Flash Tight 1.0, En holdbar og fleksibel tights til udfordrende forhold. Hurtigtt\u00f8rrende, fugttransporterende og \u00e5ndbar. Opbevaring On The Move Atletisk snitut\" \/>\n<meta property=\"og:url\" content=\"https:\/\/theomm.com\/product\/flash-tight-1-0\/\" \/>\n<meta property=\"og:site_name\" content=\"OMM\" \/>\n<meta property=\"article:publisher\" content=\"https:\/\/www.facebook.com\/OMMrunning?_ga=2.203172945.1541616462.1665402953-280172632.1649426001\" \/>\n<meta property=\"article:modified_time\" content=\"2025-10-14T07:14:44+00:00\" \/>\n<meta property=\"og:image\" content=\"https:\/\/theomm.com\/wp-content\/uploads\/2022\/09\/OC090-Flash-Tight-1.0-Orange-Front.jpg.jpg\" \/>\n\t<meta property=\"og:image:width\" content=\"600\" \/>\n\t<meta property=\"og:image:height\" content=\"600\" \/>\n\t<meta property=\"og:image:type\" content=\"image\/jpeg\" \/>\n<meta name=\"twitter:card\" content=\"summary_large_image\" \/>\n<meta name=\"twitter:label1\" content=\"Estimeret l\u00e6setid\" \/>\n\t<meta name=\"twitter:data1\" content=\"2 minutter\" \/>\n<script type=\"application\/ld+json\" class=\"yoast-schema-graph\">{\"@context\":\"https:\\\/\\\/schema.org\",\"@graph\":[{\"@type\":\"WebPage\",\"@id\":\"https:\\\/\\\/theomm.com\\\/product\\\/flash-tight-1-0\\\/\",\"url\":\"https:\\\/\\\/theomm.com\\\/product\\\/flash-tight-1-0\\\/\",\"name\":\"Flash Tight 1.0 - OMM\",\"isPartOf\":{\"@id\":\"https:\\\/\\\/theomm.com\\\/#website\"},\"primaryImageOfPage\":{\"@id\":\"https:\\\/\\\/theomm.com\\\/product\\\/flash-tight-1-0\\\/#primaryimage\"},\"image\":{\"@id\":\"https:\\\/\\\/theomm.com\\\/product\\\/flash-tight-1-0\\\/#primaryimage\"},\"thumbnailUrl\":\"https:\\\/\\\/theomm.com\\\/wp-content\\\/uploads\\\/2022\\\/09\\\/OC090-Flash-Tight-1.0-Orange-Front.jpg.jpg\",\"datePublished\":\"2020-09-16T10:40:47+00:00\",\"dateModified\":\"2025-10-14T07:14:44+00:00\",\"description\":\"The Flash Tight 1.0, En holdbar og fleksibel tights til udfordrende forhold. Hurtigtt\u00f8rrende, fugttransporterende og \u00e5ndbar. Opbevaring On The Move Atletisk snitut\",\"breadcrumb\":{\"@id\":\"https:\\\/\\\/theomm.com\\\/product\\\/flash-tight-1-0\\\/#breadcrumb\"},\"inLanguage\":\"da-DK\",\"potentialAction\":[{\"@type\":\"ReadAction\",\"target\":[\"https:\\\/\\\/theomm.com\\\/product\\\/flash-tight-1-0\\\/\"]}]},{\"@type\":\"ImageObject\",\"inLanguage\":\"da-DK\",\"@id\":\"https:\\\/\\\/theomm.com\\\/product\\\/flash-tight-1-0\\\/#primaryimage\",\"url\":\"https:\\\/\\\/theomm.com\\\/wp-content\\\/uploads\\\/2022\\\/09\\\/OC090-Flash-Tight-1.0-Orange-Front.jpg.jpg\",\"contentUrl\":\"https:\\\/\\\/theomm.com\\\/wp-content\\\/uploads\\\/2022\\\/09\\\/OC090-Flash-Tight-1.0-Orange-Front.jpg.jpg\",\"width\":600,\"height\":600},{\"@type\":\"BreadcrumbList\",\"@id\":\"https:\\\/\\\/theomm.com\\\/product\\\/flash-tight-1-0\\\/#breadcrumb\",\"itemListElement\":[{\"@type\":\"ListItem\",\"position\":1,\"name\":\"Home\",\"item\":\"https:\\\/\\\/theomm.com\\\/da\\\/original-mountain-marathon\\\/\"},{\"@type\":\"ListItem\",\"position\":2,\"name\":\"Produkter\",\"item\":\"https:\\\/\\\/theomm.com\\\/da\\\/original-mountain-marathon\\\/produkter\\\/\"},{\"@type\":\"ListItem\",\"position\":3,\"name\":\"Flash Tight 1.0\"}]},{\"@type\":\"WebSite\",\"@id\":\"https:\\\/\\\/theomm.com\\\/#website\",\"url\":\"https:\\\/\\\/theomm.com\\\/\",\"name\":\"OMM\",\"description\":\"OMM is Technical clothing and equipment made for running in the mountains. Designed to the specifications of Original Mountain Marathon.\",\"alternateName\":\"Original Mountain Marathon\",\"potentialAction\":[{\"@type\":\"SearchAction\",\"target\":{\"@type\":\"EntryPoint\",\"urlTemplate\":\"https:\\\/\\\/theomm.com\\\/?s={search_term_string}\"},\"query-input\":{\"@type\":\"PropertyValueSpecification\",\"valueRequired\":true,\"valueName\":\"search_term_string\"}}],\"inLanguage\":\"da-DK\"}]}<\/script>\n<!-- \/ Yoast SEO plugin. -->","yoast_head_json":{"title":"Flash Tight 1.0 - OMM","description":"The Flash Tight 1.0, En holdbar og fleksibel tights til udfordrende forhold. Hurtigtt\u00f8rrende, fugttransporterende og \u00e5ndbar. Opbevaring On The Move Atletisk snitut","robots":{"index":"index","follow":"follow","max-snippet":"max-snippet:-1","max-image-preview":"max-image-preview:large","max-video-preview":"max-video-preview:-1"},"canonical":"https:\/\/theomm.com\/product\/flash-tight-1-0\/","og_locale":"da_DK","og_type":"article","og_title":"Flash Tight 1.0 - OMM","og_description":"The Flash Tight 1.0, En holdbar og fleksibel tights til udfordrende forhold. Hurtigtt\u00f8rrende, fugttransporterende og \u00e5ndbar. Opbevaring On The Move Atletisk snitut","og_url":"https:\/\/theomm.com\/product\/flash-tight-1-0\/","og_site_name":"OMM","article_publisher":"https:\/\/www.facebook.com\/OMMrunning?_ga=2.203172945.1541616462.1665402953-280172632.1649426001","article_modified_time":"2025-10-14T07:14:44+00:00","og_image":[{"width":600,"height":600,"url":"https:\/\/theomm.com\/wp-content\/uploads\/2022\/09\/OC090-Flash-Tight-1.0-Orange-Front.jpg.jpg","type":"image\/jpeg"}],"twitter_card":"summary_large_image","twitter_misc":{"Estimeret l\u00e6setid":"2 minutter"},"schema":{"@context":"https:\/\/schema.org","@graph":[{"@type":"WebPage","@id":"https:\/\/theomm.com\/product\/flash-tight-1-0\/","url":"https:\/\/theomm.com\/product\/flash-tight-1-0\/","name":"Flash Tight 1.0 - OMM","isPartOf":{"@id":"https:\/\/theomm.com\/#website"},"primaryImageOfPage":{"@id":"https:\/\/theomm.com\/product\/flash-tight-1-0\/#primaryimage"},"image":{"@id":"https:\/\/theomm.com\/product\/flash-tight-1-0\/#primaryimage"},"thumbnailUrl":"https:\/\/theomm.com\/wp-content\/uploads\/2022\/09\/OC090-Flash-Tight-1.0-Orange-Front.jpg.jpg","datePublished":"2020-09-16T10:40:47+00:00","dateModified":"2025-10-14T07:14:44+00:00","description":"The Flash Tight 1.0, En holdbar og fleksibel tights til udfordrende forhold. Hurtigtt\u00f8rrende, fugttransporterende og \u00e5ndbar. Opbevaring On The Move Atletisk snitut","breadcrumb":{"@id":"https:\/\/theomm.com\/product\/flash-tight-1-0\/#breadcrumb"},"inLanguage":"da-DK","potentialAction":[{"@type":"ReadAction","target":["https:\/\/theomm.com\/product\/flash-tight-1-0\/"]}]},{"@type":"ImageObject","inLanguage":"da-DK","@id":"https:\/\/theomm.com\/product\/flash-tight-1-0\/#primaryimage","url":"https:\/\/theomm.com\/wp-content\/uploads\/2022\/09\/OC090-Flash-Tight-1.0-Orange-Front.jpg.jpg","contentUrl":"https:\/\/theomm.com\/wp-content\/uploads\/2022\/09\/OC090-Flash-Tight-1.0-Orange-Front.jpg.jpg","width":600,"height":600},{"@type":"BreadcrumbList","@id":"https:\/\/theomm.com\/product\/flash-tight-1-0\/#breadcrumb","itemListElement":[{"@type":"ListItem","position":1,"name":"Home","item":"https:\/\/theomm.com\/da\/original-mountain-marathon\/"},{"@type":"ListItem","position":2,"name":"Produkter","item":"https:\/\/theomm.com\/da\/original-mountain-marathon\/produkter\/"},{"@type":"ListItem","position":3,"name":"Flash Tight 1.0"}]},{"@type":"WebSite","@id":"https:\/\/theomm.com\/#website","url":"https:\/\/theomm.com\/","name":"OMM","description":"OMM is Technical clothing and equipment made for running in the mountains. Designed to the specifications of Original Mountain Marathon.","alternateName":"Original Mountain Marathon","potentialAction":[{"@type":"SearchAction","target":{"@type":"EntryPoint","urlTemplate":"https:\/\/theomm.com\/?s={search_term_string}"},"query-input":{"@type":"PropertyValueSpecification","valueRequired":true,"valueName":"search_term_string"}}],"inLanguage":"da-DK"}]}},"_links":{"self":[{"href":"https:\/\/theomm.com\/da\/wp-json\/wp\/v2\/product\/162711","targetHints":{"allow":["GET"]}}],"collection":[{"href":"https:\/\/theomm.com\/da\/wp-json\/wp\/v2\/product"}],"about":[{"href":"https:\/\/theomm.com\/da\/wp-json\/wp\/v2\/types\/product"}],"wp:featuredmedia":[{"embeddable":true,"href":"https:\/\/theomm.com\/da\/wp-json\/wp\/v2\/media\/151588"}],"wp:attachment":[{"href":"https:\/\/theomm.com\/da\/wp-json\/wp\/v2\/media?parent=162711"}],"wp:term":[{"taxonomy":"locations","embeddable":true,"href":"https:\/\/theomm.com\/da\/wp-json\/wp\/v2\/locations?post=162711"},{"taxonomy":"product_brand","embeddable":true,"href":"https:\/\/theomm.com\/da\/wp-json\/wp\/v2\/product_brand?post=162711"},{"taxonomy":"product_cat","embeddable":true,"href":"https:\/\/theomm.com\/da\/wp-json\/wp\/v2\/product_cat?post=162711"},{"taxonomy":"product_tag","embeddable":true,"href":"https:\/\/theomm.com\/da\/wp-json\/wp\/v2\/product_tag?post=162711"}],"curies":[{"name":"wp","href":"https:\/\/api.w.org\/{rel}","templated":true}]}}