{"id":163019,"date":"2022-08-28T10:41:56","date_gmt":"2022-08-28T10:41:56","guid":{"rendered":"https:\/\/theomm.com\/product\/pace-short-w-2\/"},"modified":"2026-01-03T00:03:55","modified_gmt":"2026-01-03T00:03:55","slug":"pace-short-w-2","status":"publish","type":"product","link":"https:\/\/theomm.com\/da\/product\/pace-short-w-2\/","title":{"rendered":"Pace Short (W)"},"content":{"rendered":"<p>Pace Short (W) &#8211; Bl\u00f8d, elastisk og let. Women&#8217;s Pace Shorts tilbyder komfort og st\u00f8tte til de mest kr\u00e6vende bjergl\u00f8b. Meshlommer giver lige nok opbevaring til det v\u00e6sentlige, og en bred, elastisk linning med sn\u00f8rejustering giver en fantastisk pasform uden trykpunkter. DAME DOBBLELTLAGS L\u00d8BESHORT MED LOMMER En stretch liner giver komfort og st\u00f8tte, mens en l\u00f8s yderside bev\u00e6ger sig med dig. OPBEVARING To mesh-lommer giver kapacitet til det v\u00e6sentlige s\u00e5som geler, kompas eller en windbreaker. KOMFORT LINING En bred elastisk linning med sn\u00f8rejustering giver en sikker pasform uden trykpunkter. Perfekt til traill\u00f8b og bjergl\u00f8b. Medbring geler og v\u00e6sentlige ting i lommer. To-lags shorts. Fra vej til bjerg, den perfekte l\u00f8beshort til kvinder.<\/p>\n<p>Dobbelt lag<\/p>\n<p>Kvinder specifik pasform<\/p>\n<p>4-vejs str\u00e6kstof<\/p>\n<p>5&#8243; inders\u00f8m<\/p>\n<p>Mesh lommer<\/p>\n<p>N\u00f8gle klip<\/p>\n<p>Bred, elastisk linning med sn\u00f8re<\/p>\n<p>Letv\u00e6gts og \u00e5ndbar Farver: Sort Sort\/Lilla Bl\u00e5\/Pink<\/p>\n<p>Stoffer:<\/p>\n<p>Indvendig: AirFlex (Nylon)<\/p>\n<p>Yderside: Flexile (Nylon\/Spandex)<\/p>\n<p>V\u00e6gt: 170g<\/p>\n<p>St\u00f8rrelser XS \/ S \/ M \/ L \/ XL<\/p>\n","protected":false},"excerpt":{"rendered":"<p>Bl\u00f8d, elastisk og let. Women&#8217;s Pace Shorts tilbyder komfort og st\u00f8tte til de mest kr\u00e6vende bjergl\u00f8b. Meshlommer giver lige nok opbevaring til det v\u00e6sentlige, og en bred, elastisk linning med sn\u00f8rejustering giver en fantastisk pasform uden trykpunkter. <\/p>\n","protected":false},"featured_media":152096,"template":"","meta":{"_acf_changed":false,"_et_pb_use_builder":"","_et_pb_old_content":"","_et_gb_content_width":""},"locations":[],"product_brand":[],"product_cat":[1250,1254,2101],"product_tag":[1790,1789,1791,1792],"class_list":{"0":"post-163019","1":"product","2":"type-product","3":"status-publish","4":"has-post-thumbnail","6":"product_cat-beklaedning","7":"product_cat-benklaeder","8":"product_cat-sale-da","9":"product_tag-ladies-running-short-da","10":"product_tag-omm-pace-short-da","11":"product_tag-womens-twin-skin-short-da","12":"product_tag-womens-running-short-da","13":"pa_colour-bla-pink","14":"pa_colour-sort","15":"pa_colour-sort-lilla","16":"pa_gender-womens-da","17":"pa_size-stor","18":"pa_size-middel","19":"pa_size-lille","20":"pa_size-x-stor","21":"pa_size-x-lille","22":"pa_technology-airflex","23":"pa_technology-flexile","25":"first","26":"instock","27":"taxable","28":"shipping-taxable","29":"purchasable","30":"product-type-variable","31":"wvs-archive-product-wrapper"},"acf":[],"yoast_head":"<!-- This site is optimized with the Yoast SEO plugin v27.4 - https:\/\/yoast.com\/product\/yoast-seo-wordpress\/ -->\n<title>Pace Short (W) - OMM<\/title>\n<meta name=\"description\" content=\"The Pace Short (W), Kvinde Twin Layer Running Short med lommer. Twin Layer. Opbevaringskomfort linning. Perfekt til trail- og bjergl\u00f8b\u00f8b.\" \/>\n<meta name=\"robots\" content=\"index, follow, max-snippet:-1, max-image-preview:large, max-video-preview:-1\" \/>\n<link rel=\"canonical\" href=\"https:\/\/theomm.com\/da\/product\/pace-short-w-2\/\" \/>\n<meta property=\"og:locale\" content=\"da_DK\" \/>\n<meta property=\"og:type\" content=\"article\" \/>\n<meta property=\"og:title\" content=\"Pace Short (W) - OMM\" \/>\n<meta property=\"og:description\" content=\"The Pace Short (W), Kvinde Twin Layer Running Short med lommer. Twin Layer. Opbevaringskomfort linning. Perfekt til trail- og bjergl\u00f8b\u00f8b.\" \/>\n<meta property=\"og:url\" content=\"https:\/\/theomm.com\/da\/product\/pace-short-w-2\/\" \/>\n<meta property=\"og:site_name\" content=\"OMM\" \/>\n<meta property=\"article:publisher\" content=\"https:\/\/www.facebook.com\/OMMrunning?_ga=2.203172945.1541616462.1665402953-280172632.1649426001\" \/>\n<meta property=\"article:modified_time\" content=\"2026-01-03T00:03:55+00:00\" \/>\n<meta property=\"og:image\" content=\"https:\/\/theomm.com\/wp-content\/uploads\/2022\/10\/OC121_Pace-Short-W_Blue.jpg\" \/>\n\t<meta property=\"og:image:width\" content=\"600\" \/>\n\t<meta property=\"og:image:height\" content=\"600\" \/>\n\t<meta property=\"og:image:type\" content=\"image\/jpeg\" \/>\n<meta name=\"twitter:card\" content=\"summary_large_image\" \/>\n<meta name=\"twitter:label1\" content=\"Estimeret l\u00e6setid\" \/>\n\t<meta name=\"twitter:data1\" content=\"1 minut\" \/>\n<script type=\"application\/ld+json\" class=\"yoast-schema-graph\">{\"@context\":\"https:\\\/\\\/schema.org\",\"@graph\":[{\"@type\":\"WebPage\",\"@id\":\"https:\\\/\\\/theomm.com\\\/da\\\/product\\\/pace-short-w-2\\\/\",\"url\":\"https:\\\/\\\/theomm.com\\\/da\\\/product\\\/pace-short-w-2\\\/\",\"name\":\"Pace Short (W) - OMM\",\"isPartOf\":{\"@id\":\"https:\\\/\\\/theomm.com\\\/#website\"},\"primaryImageOfPage\":{\"@id\":\"https:\\\/\\\/theomm.com\\\/da\\\/product\\\/pace-short-w-2\\\/#primaryimage\"},\"image\":{\"@id\":\"https:\\\/\\\/theomm.com\\\/da\\\/product\\\/pace-short-w-2\\\/#primaryimage\"},\"thumbnailUrl\":\"https:\\\/\\\/theomm.com\\\/wp-content\\\/uploads\\\/2022\\\/10\\\/OC121_Pace-Short-W_Blue.jpg\",\"datePublished\":\"2022-08-28T10:41:56+00:00\",\"dateModified\":\"2026-01-03T00:03:55+00:00\",\"description\":\"The Pace Short (W), Kvinde Twin Layer Running Short med lommer. Twin Layer. Opbevaringskomfort linning. Perfekt til trail- og bjergl\u00f8b\u00f8b.\",\"breadcrumb\":{\"@id\":\"https:\\\/\\\/theomm.com\\\/da\\\/product\\\/pace-short-w-2\\\/#breadcrumb\"},\"inLanguage\":\"da-DK\",\"potentialAction\":[{\"@type\":\"ReadAction\",\"target\":[\"https:\\\/\\\/theomm.com\\\/da\\\/product\\\/pace-short-w-2\\\/\"]}]},{\"@type\":\"ImageObject\",\"inLanguage\":\"da-DK\",\"@id\":\"https:\\\/\\\/theomm.com\\\/da\\\/product\\\/pace-short-w-2\\\/#primaryimage\",\"url\":\"https:\\\/\\\/theomm.com\\\/wp-content\\\/uploads\\\/2022\\\/10\\\/OC121_Pace-Short-W_Blue.jpg\",\"contentUrl\":\"https:\\\/\\\/theomm.com\\\/wp-content\\\/uploads\\\/2022\\\/10\\\/OC121_Pace-Short-W_Blue.jpg\",\"width\":600,\"height\":600},{\"@type\":\"BreadcrumbList\",\"@id\":\"https:\\\/\\\/theomm.com\\\/da\\\/product\\\/pace-short-w-2\\\/#breadcrumb\",\"itemListElement\":[{\"@type\":\"ListItem\",\"position\":1,\"name\":\"Home\",\"item\":\"https:\\\/\\\/theomm.com\\\/da\\\/original-mountain-marathon\\\/\"},{\"@type\":\"ListItem\",\"position\":2,\"name\":\"Produkter\",\"item\":\"https:\\\/\\\/theomm.com\\\/da\\\/original-mountain-marathon\\\/produkter\\\/\"},{\"@type\":\"ListItem\",\"position\":3,\"name\":\"Pace Short (W)\"}]},{\"@type\":\"WebSite\",\"@id\":\"https:\\\/\\\/theomm.com\\\/#website\",\"url\":\"https:\\\/\\\/theomm.com\\\/\",\"name\":\"OMM\",\"description\":\"OMM is Technical clothing and equipment made for running in the mountains. Designed to the specifications of Original Mountain Marathon.\",\"alternateName\":\"Original Mountain Marathon\",\"potentialAction\":[{\"@type\":\"SearchAction\",\"target\":{\"@type\":\"EntryPoint\",\"urlTemplate\":\"https:\\\/\\\/theomm.com\\\/?s={search_term_string}\"},\"query-input\":{\"@type\":\"PropertyValueSpecification\",\"valueRequired\":true,\"valueName\":\"search_term_string\"}}],\"inLanguage\":\"da-DK\"}]}<\/script>\n<!-- \/ Yoast SEO plugin. -->","yoast_head_json":{"title":"Pace Short (W) - OMM","description":"The Pace Short (W), Kvinde Twin Layer Running Short med lommer. Twin Layer. Opbevaringskomfort linning. Perfekt til trail- og bjergl\u00f8b\u00f8b.","robots":{"index":"index","follow":"follow","max-snippet":"max-snippet:-1","max-image-preview":"max-image-preview:large","max-video-preview":"max-video-preview:-1"},"canonical":"https:\/\/theomm.com\/da\/product\/pace-short-w-2\/","og_locale":"da_DK","og_type":"article","og_title":"Pace Short (W) - OMM","og_description":"The Pace Short (W), Kvinde Twin Layer Running Short med lommer. Twin Layer. Opbevaringskomfort linning. Perfekt til trail- og bjergl\u00f8b\u00f8b.","og_url":"https:\/\/theomm.com\/da\/product\/pace-short-w-2\/","og_site_name":"OMM","article_publisher":"https:\/\/www.facebook.com\/OMMrunning?_ga=2.203172945.1541616462.1665402953-280172632.1649426001","article_modified_time":"2026-01-03T00:03:55+00:00","og_image":[{"width":600,"height":600,"url":"https:\/\/theomm.com\/wp-content\/uploads\/2022\/10\/OC121_Pace-Short-W_Blue.jpg","type":"image\/jpeg"}],"twitter_card":"summary_large_image","twitter_misc":{"Estimeret l\u00e6setid":"1 minut"},"schema":{"@context":"https:\/\/schema.org","@graph":[{"@type":"WebPage","@id":"https:\/\/theomm.com\/da\/product\/pace-short-w-2\/","url":"https:\/\/theomm.com\/da\/product\/pace-short-w-2\/","name":"Pace Short (W) - OMM","isPartOf":{"@id":"https:\/\/theomm.com\/#website"},"primaryImageOfPage":{"@id":"https:\/\/theomm.com\/da\/product\/pace-short-w-2\/#primaryimage"},"image":{"@id":"https:\/\/theomm.com\/da\/product\/pace-short-w-2\/#primaryimage"},"thumbnailUrl":"https:\/\/theomm.com\/wp-content\/uploads\/2022\/10\/OC121_Pace-Short-W_Blue.jpg","datePublished":"2022-08-28T10:41:56+00:00","dateModified":"2026-01-03T00:03:55+00:00","description":"The Pace Short (W), Kvinde Twin Layer Running Short med lommer. Twin Layer. Opbevaringskomfort linning. Perfekt til trail- og bjergl\u00f8b\u00f8b.","breadcrumb":{"@id":"https:\/\/theomm.com\/da\/product\/pace-short-w-2\/#breadcrumb"},"inLanguage":"da-DK","potentialAction":[{"@type":"ReadAction","target":["https:\/\/theomm.com\/da\/product\/pace-short-w-2\/"]}]},{"@type":"ImageObject","inLanguage":"da-DK","@id":"https:\/\/theomm.com\/da\/product\/pace-short-w-2\/#primaryimage","url":"https:\/\/theomm.com\/wp-content\/uploads\/2022\/10\/OC121_Pace-Short-W_Blue.jpg","contentUrl":"https:\/\/theomm.com\/wp-content\/uploads\/2022\/10\/OC121_Pace-Short-W_Blue.jpg","width":600,"height":600},{"@type":"BreadcrumbList","@id":"https:\/\/theomm.com\/da\/product\/pace-short-w-2\/#breadcrumb","itemListElement":[{"@type":"ListItem","position":1,"name":"Home","item":"https:\/\/theomm.com\/da\/original-mountain-marathon\/"},{"@type":"ListItem","position":2,"name":"Produkter","item":"https:\/\/theomm.com\/da\/original-mountain-marathon\/produkter\/"},{"@type":"ListItem","position":3,"name":"Pace Short (W)"}]},{"@type":"WebSite","@id":"https:\/\/theomm.com\/#website","url":"https:\/\/theomm.com\/","name":"OMM","description":"OMM is Technical clothing and equipment made for running in the mountains. Designed to the specifications of Original Mountain Marathon.","alternateName":"Original Mountain Marathon","potentialAction":[{"@type":"SearchAction","target":{"@type":"EntryPoint","urlTemplate":"https:\/\/theomm.com\/?s={search_term_string}"},"query-input":{"@type":"PropertyValueSpecification","valueRequired":true,"valueName":"search_term_string"}}],"inLanguage":"da-DK"}]}},"_links":{"self":[{"href":"https:\/\/theomm.com\/da\/wp-json\/wp\/v2\/product\/163019","targetHints":{"allow":["GET"]}}],"collection":[{"href":"https:\/\/theomm.com\/da\/wp-json\/wp\/v2\/product"}],"about":[{"href":"https:\/\/theomm.com\/da\/wp-json\/wp\/v2\/types\/product"}],"wp:featuredmedia":[{"embeddable":true,"href":"https:\/\/theomm.com\/da\/wp-json\/wp\/v2\/media\/152096"}],"wp:attachment":[{"href":"https:\/\/theomm.com\/da\/wp-json\/wp\/v2\/media?parent=163019"}],"wp:term":[{"taxonomy":"locations","embeddable":true,"href":"https:\/\/theomm.com\/da\/wp-json\/wp\/v2\/locations?post=163019"},{"taxonomy":"product_brand","embeddable":true,"href":"https:\/\/theomm.com\/da\/wp-json\/wp\/v2\/product_brand?post=163019"},{"taxonomy":"product_cat","embeddable":true,"href":"https:\/\/theomm.com\/da\/wp-json\/wp\/v2\/product_cat?post=163019"},{"taxonomy":"product_tag","embeddable":true,"href":"https:\/\/theomm.com\/da\/wp-json\/wp\/v2\/product_tag?post=163019"}],"curies":[{"name":"wp","href":"https:\/\/api.w.org\/{rel}","templated":true}]}}