{"id":163035,"date":"2019-03-16T10:42:43","date_gmt":"2019-03-16T10:42:43","guid":{"rendered":"https:\/\/theomm.com\/product\/halo-smock-2\/"},"modified":"2026-02-03T18:25:23","modified_gmt":"2026-02-03T18:25:23","slug":"wisp-smock-2","status":"publish","type":"product","link":"https:\/\/theomm.com\/da\/product\/wisp-smock-2\/","title":{"rendered":"Wisp Smock"},"content":{"rendered":"<p>Wisp Smock &#8211; En ultralet og \u00e5ndbar vandt\u00e6t smock, der kan pakker ned til st\u00f8rrelsen af en tennisbold. Konstrueret med slanke, fuldt tapede s\u00f8mme i et 2-lags vandt\u00e6t stof. Minimalistisk design med halvl\u00e6ngde lynl\u00e5s, elastiske lukninger p\u00e5 h\u00e6tten og h\u00e5ndleddet plus justerbar dynamisk droptail for at forhindre, at du at den kryber op under rygs\u00e6kken. 95G ULTRALET VANDT\u00c6T BJERGSKAL Ultralet bjergskal lavet af et 2-lags statisk stof med et hydrostatisk s\u00f8jletryk p\u00e5 10.000 mm og \u00e5ndbarhed p\u00e5 10.000 mg\/24 timer. SUPERPAKBAR Designet til blandede forhold. Wisp Smock kan pakkes ned til st\u00f8rrelsen af en tennisbold. PRISVINDENDE LUKNINGER Funktion vil altid komme over v\u00e6gtbesparelse. Wisp har vores prisvindende lukninger og h\u00e6ttedesign for at give dig fuld beskyttelse mod elementerne Vandt\u00e6t<\/p>\n<p>Vindt\u00e6t<\/p>\n<p>Slimline fuldt tapede s\u00f8mme<\/p>\n<p>Toppet h\u00e6tte<\/p>\n<p>Halvl\u00e6ngde YKK Aquaguard lynl\u00e5s<\/p>\n<p>Reflekterende logoer<\/p>\n<p>Forl\u00e6nget manchet med tommelfingerstropper<\/p>\n<p>Dynamiske droptail-farver: bl\u00e5\/gr\u00e5, marinebl\u00e5\/orange, gul<\/p>\n<p>Stof: PointZero H20<\/p>\n<p>V\u00e6gt: 95g<\/p>\n<p>St\u00f8rrelser: XS \/ S \/ M \/ L \/ XL<\/p>\n","protected":false},"excerpt":{"rendered":"<p>En ultralet og \u00e5ndbar vandt\u00e6t smock, der kan pakker ned til st\u00f8rrelsen af en tennisbold. Konstrueret med slanke, fuldt tapede s\u00f8mme i et 2-lags vandt\u00e6t stof. Minimalistisk design med halvl\u00e6ngde lynl\u00e5s, elastiske lukninger p\u00e5 h\u00e6tten og h\u00e5ndleddet plus justerbar dynamisk droptail for at forhindre, at du at den kryber op under rygs\u00e6kken.<\/p>\n","protected":false},"featured_media":151612,"template":"","meta":{"_acf_changed":false,"_et_pb_use_builder":"","_et_pb_old_content":"","_et_gb_content_width":""},"locations":[],"product_brand":[],"product_cat":[1250,1256],"product_tag":[1678,1764,1680,1763],"class_list":{"0":"post-163035","1":"product","2":"type-product","3":"status-publish","4":"has-post-thumbnail","6":"product_cat-beklaedning","7":"product_cat-ydre-lag","8":"product_tag-lightweight-running-jacket-da","9":"product_tag-omm-Wisp-smock-da","10":"product_tag-waterproof-running-jacket-da","11":"product_tag-Wisp-smock-da","12":"pa_color-bla","13":"pa_color-flade","14":"pa_color-gra","15":"pa_color-gron","16":"pa_color-orange-da","17":"pa_colour-bla-gra","18":"pa_colour-gra","19":"pa_colour-graa-groen","20":"pa_colour-gul","21":"pa_colour-orange-navy-da","22":"pa_gender-mens-da","23":"pa_gender-womens-da","24":"pa_size-stor","25":"pa_size-middel","26":"pa_size-lille","27":"pa_size-x-stor","28":"pa_size-x-lille","29":"pa_technology-point-zero-h2o","30":"pa_weight-50-100g","32":"first","33":"instock","34":"taxable","35":"shipping-taxable","36":"purchasable","37":"product-type-variable","38":"wvs-archive-product-wrapper"},"acf":[],"yoast_head":"<!-- This site is optimized with the Yoast SEO plugin v27.3 - https:\/\/yoast.com\/product\/yoast-seo-wordpress\/ -->\n<title>Wisp Smock - OMM<\/title>\n<meta name=\"description\" content=\"The Wisp Smock, 95G ultralet vandt\u00e6t bjergskal. Mountain Shell beskyttelse. Superpakbar prisvindende lukninger\" \/>\n<meta name=\"robots\" content=\"index, follow, max-snippet:-1, max-image-preview:large, max-video-preview:-1\" \/>\n<link rel=\"canonical\" href=\"https:\/\/theomm.com\/da\/product\/wisp-smock-2\/\" \/>\n<meta property=\"og:locale\" content=\"da_DK\" \/>\n<meta property=\"og:type\" content=\"article\" \/>\n<meta property=\"og:title\" content=\"Wisp Smock - OMM\" \/>\n<meta property=\"og:description\" content=\"The Wisp Smock, 95G ultralet vandt\u00e6t bjergskal. Mountain Shell beskyttelse. Superpakbar prisvindende lukninger\" \/>\n<meta property=\"og:url\" content=\"https:\/\/theomm.com\/da\/product\/wisp-smock-2\/\" \/>\n<meta property=\"og:site_name\" content=\"OMM\" \/>\n<meta property=\"article:publisher\" content=\"https:\/\/www.facebook.com\/OMMrunning?_ga=2.203172945.1541616462.1665402953-280172632.1649426001\" \/>\n<meta property=\"article:modified_time\" content=\"2026-02-03T18:25:23+00:00\" \/>\n<meta property=\"og:image\" content=\"https:\/\/theomm.com\/wp-content\/uploads\/2022\/09\/OC091_Halo_Smock_OrangeNavy_Front_hood_down.jpg\" \/>\n\t<meta property=\"og:image:width\" content=\"600\" \/>\n\t<meta property=\"og:image:height\" content=\"600\" \/>\n\t<meta property=\"og:image:type\" content=\"image\/jpeg\" \/>\n<meta name=\"twitter:card\" content=\"summary_large_image\" \/>\n<meta name=\"twitter:label1\" content=\"Estimeret l\u00e6setid\" \/>\n\t<meta name=\"twitter:data1\" content=\"1 minut\" \/>\n<script type=\"application\/ld+json\" class=\"yoast-schema-graph\">{\"@context\":\"https:\\\/\\\/schema.org\",\"@graph\":[{\"@type\":\"WebPage\",\"@id\":\"https:\\\/\\\/theomm.com\\\/da\\\/product\\\/wisp-smock-2\\\/\",\"url\":\"https:\\\/\\\/theomm.com\\\/da\\\/product\\\/wisp-smock-2\\\/\",\"name\":\"Wisp Smock - OMM\",\"isPartOf\":{\"@id\":\"https:\\\/\\\/theomm.com\\\/#website\"},\"primaryImageOfPage\":{\"@id\":\"https:\\\/\\\/theomm.com\\\/da\\\/product\\\/wisp-smock-2\\\/#primaryimage\"},\"image\":{\"@id\":\"https:\\\/\\\/theomm.com\\\/da\\\/product\\\/wisp-smock-2\\\/#primaryimage\"},\"thumbnailUrl\":\"https:\\\/\\\/theomm.com\\\/wp-content\\\/uploads\\\/2022\\\/09\\\/OC091_Halo_Smock_OrangeNavy_Front_hood_down.jpg\",\"datePublished\":\"2019-03-16T10:42:43+00:00\",\"dateModified\":\"2026-02-03T18:25:23+00:00\",\"description\":\"The Wisp Smock, 95G ultralet vandt\u00e6t bjergskal. Mountain Shell beskyttelse. Superpakbar prisvindende lukninger\",\"breadcrumb\":{\"@id\":\"https:\\\/\\\/theomm.com\\\/da\\\/product\\\/wisp-smock-2\\\/#breadcrumb\"},\"inLanguage\":\"da-DK\",\"potentialAction\":[{\"@type\":\"ReadAction\",\"target\":[\"https:\\\/\\\/theomm.com\\\/da\\\/product\\\/wisp-smock-2\\\/\"]}]},{\"@type\":\"ImageObject\",\"inLanguage\":\"da-DK\",\"@id\":\"https:\\\/\\\/theomm.com\\\/da\\\/product\\\/wisp-smock-2\\\/#primaryimage\",\"url\":\"https:\\\/\\\/theomm.com\\\/wp-content\\\/uploads\\\/2022\\\/09\\\/OC091_Halo_Smock_OrangeNavy_Front_hood_down.jpg\",\"contentUrl\":\"https:\\\/\\\/theomm.com\\\/wp-content\\\/uploads\\\/2022\\\/09\\\/OC091_Halo_Smock_OrangeNavy_Front_hood_down.jpg\",\"width\":600,\"height\":600},{\"@type\":\"BreadcrumbList\",\"@id\":\"https:\\\/\\\/theomm.com\\\/da\\\/product\\\/wisp-smock-2\\\/#breadcrumb\",\"itemListElement\":[{\"@type\":\"ListItem\",\"position\":1,\"name\":\"Home\",\"item\":\"https:\\\/\\\/theomm.com\\\/da\\\/original-mountain-marathon\\\/\"},{\"@type\":\"ListItem\",\"position\":2,\"name\":\"Produkter\",\"item\":\"https:\\\/\\\/theomm.com\\\/da\\\/original-mountain-marathon\\\/produkter\\\/\"},{\"@type\":\"ListItem\",\"position\":3,\"name\":\"Wisp Smock\"}]},{\"@type\":\"WebSite\",\"@id\":\"https:\\\/\\\/theomm.com\\\/#website\",\"url\":\"https:\\\/\\\/theomm.com\\\/\",\"name\":\"OMM\",\"description\":\"OMM is Technical clothing and equipment made for running in the mountains. Designed to the specifications of Original Mountain Marathon.\",\"alternateName\":\"Original Mountain Marathon\",\"potentialAction\":[{\"@type\":\"SearchAction\",\"target\":{\"@type\":\"EntryPoint\",\"urlTemplate\":\"https:\\\/\\\/theomm.com\\\/?s={search_term_string}\"},\"query-input\":{\"@type\":\"PropertyValueSpecification\",\"valueRequired\":true,\"valueName\":\"search_term_string\"}}],\"inLanguage\":\"da-DK\"}]}<\/script>\n<!-- \/ Yoast SEO plugin. -->","yoast_head_json":{"title":"Wisp Smock - OMM","description":"The Wisp Smock, 95G ultralet vandt\u00e6t bjergskal. Mountain Shell beskyttelse. Superpakbar prisvindende lukninger","robots":{"index":"index","follow":"follow","max-snippet":"max-snippet:-1","max-image-preview":"max-image-preview:large","max-video-preview":"max-video-preview:-1"},"canonical":"https:\/\/theomm.com\/da\/product\/wisp-smock-2\/","og_locale":"da_DK","og_type":"article","og_title":"Wisp Smock - OMM","og_description":"The Wisp Smock, 95G ultralet vandt\u00e6t bjergskal. Mountain Shell beskyttelse. Superpakbar prisvindende lukninger","og_url":"https:\/\/theomm.com\/da\/product\/wisp-smock-2\/","og_site_name":"OMM","article_publisher":"https:\/\/www.facebook.com\/OMMrunning?_ga=2.203172945.1541616462.1665402953-280172632.1649426001","article_modified_time":"2026-02-03T18:25:23+00:00","og_image":[{"width":600,"height":600,"url":"https:\/\/theomm.com\/wp-content\/uploads\/2022\/09\/OC091_Halo_Smock_OrangeNavy_Front_hood_down.jpg","type":"image\/jpeg"}],"twitter_card":"summary_large_image","twitter_misc":{"Estimeret l\u00e6setid":"1 minut"},"schema":{"@context":"https:\/\/schema.org","@graph":[{"@type":"WebPage","@id":"https:\/\/theomm.com\/da\/product\/wisp-smock-2\/","url":"https:\/\/theomm.com\/da\/product\/wisp-smock-2\/","name":"Wisp Smock - OMM","isPartOf":{"@id":"https:\/\/theomm.com\/#website"},"primaryImageOfPage":{"@id":"https:\/\/theomm.com\/da\/product\/wisp-smock-2\/#primaryimage"},"image":{"@id":"https:\/\/theomm.com\/da\/product\/wisp-smock-2\/#primaryimage"},"thumbnailUrl":"https:\/\/theomm.com\/wp-content\/uploads\/2022\/09\/OC091_Halo_Smock_OrangeNavy_Front_hood_down.jpg","datePublished":"2019-03-16T10:42:43+00:00","dateModified":"2026-02-03T18:25:23+00:00","description":"The Wisp Smock, 95G ultralet vandt\u00e6t bjergskal. Mountain Shell beskyttelse. Superpakbar prisvindende lukninger","breadcrumb":{"@id":"https:\/\/theomm.com\/da\/product\/wisp-smock-2\/#breadcrumb"},"inLanguage":"da-DK","potentialAction":[{"@type":"ReadAction","target":["https:\/\/theomm.com\/da\/product\/wisp-smock-2\/"]}]},{"@type":"ImageObject","inLanguage":"da-DK","@id":"https:\/\/theomm.com\/da\/product\/wisp-smock-2\/#primaryimage","url":"https:\/\/theomm.com\/wp-content\/uploads\/2022\/09\/OC091_Halo_Smock_OrangeNavy_Front_hood_down.jpg","contentUrl":"https:\/\/theomm.com\/wp-content\/uploads\/2022\/09\/OC091_Halo_Smock_OrangeNavy_Front_hood_down.jpg","width":600,"height":600},{"@type":"BreadcrumbList","@id":"https:\/\/theomm.com\/da\/product\/wisp-smock-2\/#breadcrumb","itemListElement":[{"@type":"ListItem","position":1,"name":"Home","item":"https:\/\/theomm.com\/da\/original-mountain-marathon\/"},{"@type":"ListItem","position":2,"name":"Produkter","item":"https:\/\/theomm.com\/da\/original-mountain-marathon\/produkter\/"},{"@type":"ListItem","position":3,"name":"Wisp Smock"}]},{"@type":"WebSite","@id":"https:\/\/theomm.com\/#website","url":"https:\/\/theomm.com\/","name":"OMM","description":"OMM is Technical clothing and equipment made for running in the mountains. Designed to the specifications of Original Mountain Marathon.","alternateName":"Original Mountain Marathon","potentialAction":[{"@type":"SearchAction","target":{"@type":"EntryPoint","urlTemplate":"https:\/\/theomm.com\/?s={search_term_string}"},"query-input":{"@type":"PropertyValueSpecification","valueRequired":true,"valueName":"search_term_string"}}],"inLanguage":"da-DK"}]}},"_links":{"self":[{"href":"https:\/\/theomm.com\/da\/wp-json\/wp\/v2\/product\/163035","targetHints":{"allow":["GET"]}}],"collection":[{"href":"https:\/\/theomm.com\/da\/wp-json\/wp\/v2\/product"}],"about":[{"href":"https:\/\/theomm.com\/da\/wp-json\/wp\/v2\/types\/product"}],"wp:featuredmedia":[{"embeddable":true,"href":"https:\/\/theomm.com\/da\/wp-json\/wp\/v2\/media\/151612"}],"wp:attachment":[{"href":"https:\/\/theomm.com\/da\/wp-json\/wp\/v2\/media?parent=163035"}],"wp:term":[{"taxonomy":"locations","embeddable":true,"href":"https:\/\/theomm.com\/da\/wp-json\/wp\/v2\/locations?post=163035"},{"taxonomy":"product_brand","embeddable":true,"href":"https:\/\/theomm.com\/da\/wp-json\/wp\/v2\/product_brand?post=163035"},{"taxonomy":"product_cat","embeddable":true,"href":"https:\/\/theomm.com\/da\/wp-json\/wp\/v2\/product_cat?post=163035"},{"taxonomy":"product_tag","embeddable":true,"href":"https:\/\/theomm.com\/da\/wp-json\/wp\/v2\/product_tag?post=163035"}],"curies":[{"name":"wp","href":"https:\/\/api.w.org\/{rel}","templated":true}]}}