{"id":169967,"date":"2021-09-16T10:49:35","date_gmt":"2021-09-16T10:49:35","guid":{"rendered":"https:\/\/theomm.com\/product\/core-hoodie-2\/"},"modified":"2026-02-13T10:46:05","modified_gmt":"2026-02-13T10:46:05","slug":"core-hoodie-2","status":"publish","type":"product","link":"https:\/\/theomm.com\/da\/product\/core-hoodie-2\/","title":{"rendered":"Core+ Hoodie"},"content":{"rendered":"<p>Core+ Hoodie &#8211; En ny koncept inden for aktiv isolering, OMM Core-serien er lavet helt af PrimaLoft\u00ae ACTIVE ultralight isoleringsmateriale. Bygget af en syntetisk plume v\u00e6vet gennem en strikket mesh, tilbyder Core varmen fra en fleece, men med mindre end halvdelen af v\u00e6gten. Sammen med en skaljakke er Core en utrolig effektiv isolator, men takket v\u00e6re n\u00e6sten total luftpermeabilitet kan den letteste brise tage varmen v\u00e6k. Dette giver dig mulighed for at beholde din Core-lag p\u00e5, selv n\u00e5r du er blevet opvarmet, og du kan regulere temperaturen ved at fjerne\/\u00e5bne din skaljakke (f.eks. Sonic vindt\u00e6t p\u00e5 49g). Et \u00e6gte stykke t\u00f8j til brug fra dal til top. Core fungerer v\u00e5dt eller t\u00f8rt med utrolige svedtransporterende egenskaber for at sikre, at du ikke forbliver v\u00e5d i lang tid.<\/p>\n<p>Ved brug af det mellemtunge 125g\/m2 PrimaLoft\u00ae ACTIVE Isolerende Stofteknologi, den tungere version af den 75g\/m2 PrimaLoft\u00ae Active stof, der bruges i Core Vest og Core Hoodie, tilbyder Core+ en varmere og mere robust mulighed for dem, der \u00f8nsker at bruge det i en bred vifte af anvendelser, fra startlinje til hovedgaden eller i ekstrem kulde. LETV\u00c6GTS LUFTGENNEMTR\u00c6NGELIG PRIMALOFT\u00ae ISOLERING ADAPTIV ISOLERING PrimaLoft\u00ae ACTIVE Isolerende Stof v\u00e6ver PrimaLoft\u00ae fibre ind i en mesh, hvilket giver en super h\u00f8j volumen og \u00e5ben struktur. Stoffer isolerer ved at fange lommer af luft, som b\u00e6rerens varme ikke kan passere igennem. Core-strukturen er enest\u00e5ende til at skabe disse lommer. \u00c5benheden tillader dog ogs\u00e5 en let brise at forstyrre disse lufthuller og fjerne isoleringseffekten. Core udnytter dette til sin fordel; l\u00e6g en let skaljakke over for den bedst mulige varme-til-v\u00e6gt forhold og n\u00e5r du bliver for varm, skal du justere\/fjerne kun skallen, s\u00e5 du kan forts\u00e6tte med at presse dig h\u00e5rdt til toppen uden en klodset lag at gemme v\u00e6k. HALVDEN V\u00c6GT OG PAKKEST\u00d8RRELSE En enkelt mesh-stof holder isoleringsplumen p\u00e5 plads, hvilket reducerer behovet for ekstra stoflag og halverer v\u00e6gten og pakkest\u00f8rrelsen. FINESTE KVALITETSYNTHETISK ISOLERING Hos OMM v\u00e6lger vi altid syntetisk isolering frem for dun for at sikre, at vi kan holde varmen, selv n\u00e5r alt er v\u00e5dt. Vi mener, at PrimaLoft\u00ae laver den bedste syntetiske isolering, s\u00e5 det er en nem beslutning for os. 125g\/m2 PrimaLoft\u00ae ACTIVE bruger 64% genanvendt materiale fra forbrugere, det er ogs\u00e5 bluesign- og Oeke-Tex-godkendt. Forts\u00e6tter med at isolere selv hvis v\u00e5dt Flatlock-s\u00f8mme placeret v\u00e6k fra skuldrene 64% genanvendt stof Bl\u00f8dt rullet h\u00e6tte\/krave Reflekterende logo Farver: Navy\/Gul, Sort\/Gr\u00e5 Stof: PrimaLoft\u00ae ACTIVE 125g\/m2 V\u00e6gt: 185g St\u00f8rrelser: XS \/ S \/ M \/ L \/ XL<\/p>\n","protected":false},"excerpt":{"rendered":"<p>Core+ Hoodie &#8211; En ny koncept inden for aktiv isolering, OMM Core-serien er lavet helt af PrimaLoft\u00ae ACTIVE ultralight isoleringsmateriale. Bygget af en syntetisk plume v\u00e6vet gennem en strikket mesh, tilbyder Core varmen fra en fleece, men med mindre end halvdelen af v\u00e6gten. Sammen med en skaljakke er Core en utrolig effektiv isolator, men takket v\u00e6re n\u00e6sten total luftpermeabilitet kan den letteste brise tage varmen v\u00e6k. Dette giver dig mulighed for at beholde din Core-lag p\u00e5, selv n\u00e5r du er blevet opvarmet, og du kan regulere temperaturen ved at fjerne\/\u00e5bne din skaljakke (f.eks. Sonic vindt\u00e6t p\u00e5 49g). Et \u00e6gte stykke t\u00f8j til brug fra dal til top. Core fungerer v\u00e5dt eller t\u00f8rt med utrolige svedtransporterende egenskaber for at sikre, at du ikke forbliver v\u00e5d i lang tid.<\/p>\n<p>Ved brug af det mellemtunge 125g\/m2 PrimaLoft\u00ae ACTIVE Isolerende Stofteknologi, den tungere version af den 75g\/m2 PrimaLoft\u00ae Active stof, der bruges i Core Vest og Core Hoodie, tilbyder Core+ en varmere og mere robust mulighed for dem, der \u00f8nsker at bruge det i en bred vifte af anvendelser, fra startlinje til hovedgaden eller i ekstrem kulde.<\/p>\n","protected":false},"featured_media":152790,"template":"","meta":{"_acf_changed":false,"_et_pb_use_builder":"off","_et_pb_old_content":"","_et_gb_content_width":""},"locations":[],"product_brand":[],"product_cat":[1250,1257,1255],"product_tag":[1944,1533,1945,1937,1875,1946],"class_list":{"0":"post-169967","1":"product","2":"type-product","3":"status-publish","4":"has-post-thumbnail","6":"product_cat-beklaedning","7":"product_cat-core-da","8":"product_cat-mellemlag","9":"product_tag-breathable-insulation-da","10":"product_tag-core-da","11":"product_tag-core-hoodie-da","12":"product_tag-insulation-da","13":"product_tag-primaloft-active-da","14":"product_tag-primaoft-da","15":"pa_color-flade","16":"pa_color-gra","17":"pa_color-gul","18":"pa_color-sort","19":"pa_colour-navy-gul","20":"pa_colour-sort-gra","21":"pa_gender-mens-da","22":"pa_size-stor","23":"pa_size-middel","24":"pa_size-lille","25":"pa_size-x-stor","26":"pa_size-x-lille","27":"pa_technology-primaloft-active","29":"first","30":"instock","31":"taxable","32":"shipping-taxable","33":"purchasable","34":"product-type-variable","35":"wvs-archive-product-wrapper"},"acf":[],"yoast_head":"<!-- This site is optimized with the Yoast SEO plugin v27.4 - https:\/\/yoast.com\/product\/yoast-seo-wordpress\/ -->\n<title>Core+ Hoodie - OMM<\/title>\n<meta name=\"description\" content=\"Letv\u00e6gts, luftgennemtr\u00e6ngelig Primaloft\u00ae isolering. Tilpasningsdygtig isolering. Halv v\u00e6gten og pakkest\u00f8rrelsen. Fineste kvalitet syntetisk isolering.\" \/>\n<meta name=\"robots\" content=\"index, follow, max-snippet:-1, max-image-preview:large, max-video-preview:-1\" \/>\n<link rel=\"canonical\" href=\"https:\/\/theomm.com\/da\/product\/core-hoodie-2\/\" \/>\n<meta property=\"og:locale\" content=\"da_DK\" \/>\n<meta property=\"og:type\" content=\"article\" \/>\n<meta property=\"og:title\" content=\"Core+ Hoodie - OMM\" \/>\n<meta property=\"og:description\" content=\"Letv\u00e6gts, luftgennemtr\u00e6ngelig Primaloft\u00ae isolering. Tilpasningsdygtig isolering. Halv v\u00e6gten og pakkest\u00f8rrelsen. Fineste kvalitet syntetisk isolering.\" \/>\n<meta property=\"og:url\" content=\"https:\/\/theomm.com\/da\/product\/core-hoodie-2\/\" \/>\n<meta property=\"og:site_name\" content=\"OMM\" \/>\n<meta property=\"article:publisher\" content=\"https:\/\/www.facebook.com\/OMMrunning?_ga=2.203172945.1541616462.1665402953-280172632.1649426001\" \/>\n<meta property=\"article:modified_time\" content=\"2026-02-13T10:46:05+00:00\" \/>\n<meta property=\"og:image\" content=\"https:\/\/theomm.com\/wp-content\/uploads\/2022\/10\/OC165_Core_Hoodie_Black_Grey_Hood_Down_Front.jpg\" \/>\n\t<meta property=\"og:image:width\" content=\"600\" \/>\n\t<meta property=\"og:image:height\" content=\"600\" \/>\n\t<meta property=\"og:image:type\" content=\"image\/jpeg\" \/>\n<meta name=\"twitter:card\" content=\"summary_large_image\" \/>\n<meta name=\"twitter:label1\" content=\"Estimeret l\u00e6setid\" \/>\n\t<meta name=\"twitter:data1\" content=\"2 minutter\" \/>\n<script type=\"application\/ld+json\" class=\"yoast-schema-graph\">{\"@context\":\"https:\\\/\\\/schema.org\",\"@graph\":[{\"@type\":\"WebPage\",\"@id\":\"https:\\\/\\\/theomm.com\\\/da\\\/product\\\/core-hoodie-2\\\/\",\"url\":\"https:\\\/\\\/theomm.com\\\/da\\\/product\\\/core-hoodie-2\\\/\",\"name\":\"Core+ Hoodie - OMM\",\"isPartOf\":{\"@id\":\"https:\\\/\\\/theomm.com\\\/#website\"},\"primaryImageOfPage\":{\"@id\":\"https:\\\/\\\/theomm.com\\\/da\\\/product\\\/core-hoodie-2\\\/#primaryimage\"},\"image\":{\"@id\":\"https:\\\/\\\/theomm.com\\\/da\\\/product\\\/core-hoodie-2\\\/#primaryimage\"},\"thumbnailUrl\":\"https:\\\/\\\/theomm.com\\\/wp-content\\\/uploads\\\/2022\\\/10\\\/OC165_Core_Hoodie_Black_Grey_Hood_Down_Front.jpg\",\"datePublished\":\"2021-09-16T10:49:35+00:00\",\"dateModified\":\"2026-02-13T10:46:05+00:00\",\"description\":\"Letv\u00e6gts, luftgennemtr\u00e6ngelig Primaloft\u00ae isolering. Tilpasningsdygtig isolering. Halv v\u00e6gten og pakkest\u00f8rrelsen. Fineste kvalitet syntetisk isolering.\",\"breadcrumb\":{\"@id\":\"https:\\\/\\\/theomm.com\\\/da\\\/product\\\/core-hoodie-2\\\/#breadcrumb\"},\"inLanguage\":\"da-DK\",\"potentialAction\":[{\"@type\":\"ReadAction\",\"target\":[\"https:\\\/\\\/theomm.com\\\/da\\\/product\\\/core-hoodie-2\\\/\"]}]},{\"@type\":\"ImageObject\",\"inLanguage\":\"da-DK\",\"@id\":\"https:\\\/\\\/theomm.com\\\/da\\\/product\\\/core-hoodie-2\\\/#primaryimage\",\"url\":\"https:\\\/\\\/theomm.com\\\/wp-content\\\/uploads\\\/2022\\\/10\\\/OC165_Core_Hoodie_Black_Grey_Hood_Down_Front.jpg\",\"contentUrl\":\"https:\\\/\\\/theomm.com\\\/wp-content\\\/uploads\\\/2022\\\/10\\\/OC165_Core_Hoodie_Black_Grey_Hood_Down_Front.jpg\",\"width\":600,\"height\":600},{\"@type\":\"BreadcrumbList\",\"@id\":\"https:\\\/\\\/theomm.com\\\/da\\\/product\\\/core-hoodie-2\\\/#breadcrumb\",\"itemListElement\":[{\"@type\":\"ListItem\",\"position\":1,\"name\":\"Home\",\"item\":\"https:\\\/\\\/theomm.com\\\/da\\\/original-mountain-marathon\\\/\"},{\"@type\":\"ListItem\",\"position\":2,\"name\":\"Produkter\",\"item\":\"https:\\\/\\\/theomm.com\\\/da\\\/original-mountain-marathon\\\/produkter\\\/\"},{\"@type\":\"ListItem\",\"position\":3,\"name\":\"Core+ Hoodie\"}]},{\"@type\":\"WebSite\",\"@id\":\"https:\\\/\\\/theomm.com\\\/#website\",\"url\":\"https:\\\/\\\/theomm.com\\\/\",\"name\":\"OMM\",\"description\":\"OMM is Technical clothing and equipment made for running in the mountains. Designed to the specifications of Original Mountain Marathon.\",\"alternateName\":\"Original Mountain Marathon\",\"potentialAction\":[{\"@type\":\"SearchAction\",\"target\":{\"@type\":\"EntryPoint\",\"urlTemplate\":\"https:\\\/\\\/theomm.com\\\/?s={search_term_string}\"},\"query-input\":{\"@type\":\"PropertyValueSpecification\",\"valueRequired\":true,\"valueName\":\"search_term_string\"}}],\"inLanguage\":\"da-DK\"}]}<\/script>\n<!-- \/ Yoast SEO plugin. -->","yoast_head_json":{"title":"Core+ Hoodie - OMM","description":"Letv\u00e6gts, luftgennemtr\u00e6ngelig Primaloft\u00ae isolering. Tilpasningsdygtig isolering. Halv v\u00e6gten og pakkest\u00f8rrelsen. Fineste kvalitet syntetisk isolering.","robots":{"index":"index","follow":"follow","max-snippet":"max-snippet:-1","max-image-preview":"max-image-preview:large","max-video-preview":"max-video-preview:-1"},"canonical":"https:\/\/theomm.com\/da\/product\/core-hoodie-2\/","og_locale":"da_DK","og_type":"article","og_title":"Core+ Hoodie - OMM","og_description":"Letv\u00e6gts, luftgennemtr\u00e6ngelig Primaloft\u00ae isolering. Tilpasningsdygtig isolering. Halv v\u00e6gten og pakkest\u00f8rrelsen. Fineste kvalitet syntetisk isolering.","og_url":"https:\/\/theomm.com\/da\/product\/core-hoodie-2\/","og_site_name":"OMM","article_publisher":"https:\/\/www.facebook.com\/OMMrunning?_ga=2.203172945.1541616462.1665402953-280172632.1649426001","article_modified_time":"2026-02-13T10:46:05+00:00","og_image":[{"width":600,"height":600,"url":"https:\/\/theomm.com\/wp-content\/uploads\/2022\/10\/OC165_Core_Hoodie_Black_Grey_Hood_Down_Front.jpg","type":"image\/jpeg"}],"twitter_card":"summary_large_image","twitter_misc":{"Estimeret l\u00e6setid":"2 minutter"},"schema":{"@context":"https:\/\/schema.org","@graph":[{"@type":"WebPage","@id":"https:\/\/theomm.com\/da\/product\/core-hoodie-2\/","url":"https:\/\/theomm.com\/da\/product\/core-hoodie-2\/","name":"Core+ Hoodie - OMM","isPartOf":{"@id":"https:\/\/theomm.com\/#website"},"primaryImageOfPage":{"@id":"https:\/\/theomm.com\/da\/product\/core-hoodie-2\/#primaryimage"},"image":{"@id":"https:\/\/theomm.com\/da\/product\/core-hoodie-2\/#primaryimage"},"thumbnailUrl":"https:\/\/theomm.com\/wp-content\/uploads\/2022\/10\/OC165_Core_Hoodie_Black_Grey_Hood_Down_Front.jpg","datePublished":"2021-09-16T10:49:35+00:00","dateModified":"2026-02-13T10:46:05+00:00","description":"Letv\u00e6gts, luftgennemtr\u00e6ngelig Primaloft\u00ae isolering. Tilpasningsdygtig isolering. Halv v\u00e6gten og pakkest\u00f8rrelsen. Fineste kvalitet syntetisk isolering.","breadcrumb":{"@id":"https:\/\/theomm.com\/da\/product\/core-hoodie-2\/#breadcrumb"},"inLanguage":"da-DK","potentialAction":[{"@type":"ReadAction","target":["https:\/\/theomm.com\/da\/product\/core-hoodie-2\/"]}]},{"@type":"ImageObject","inLanguage":"da-DK","@id":"https:\/\/theomm.com\/da\/product\/core-hoodie-2\/#primaryimage","url":"https:\/\/theomm.com\/wp-content\/uploads\/2022\/10\/OC165_Core_Hoodie_Black_Grey_Hood_Down_Front.jpg","contentUrl":"https:\/\/theomm.com\/wp-content\/uploads\/2022\/10\/OC165_Core_Hoodie_Black_Grey_Hood_Down_Front.jpg","width":600,"height":600},{"@type":"BreadcrumbList","@id":"https:\/\/theomm.com\/da\/product\/core-hoodie-2\/#breadcrumb","itemListElement":[{"@type":"ListItem","position":1,"name":"Home","item":"https:\/\/theomm.com\/da\/original-mountain-marathon\/"},{"@type":"ListItem","position":2,"name":"Produkter","item":"https:\/\/theomm.com\/da\/original-mountain-marathon\/produkter\/"},{"@type":"ListItem","position":3,"name":"Core+ Hoodie"}]},{"@type":"WebSite","@id":"https:\/\/theomm.com\/#website","url":"https:\/\/theomm.com\/","name":"OMM","description":"OMM is Technical clothing and equipment made for running in the mountains. Designed to the specifications of Original Mountain Marathon.","alternateName":"Original Mountain Marathon","potentialAction":[{"@type":"SearchAction","target":{"@type":"EntryPoint","urlTemplate":"https:\/\/theomm.com\/?s={search_term_string}"},"query-input":{"@type":"PropertyValueSpecification","valueRequired":true,"valueName":"search_term_string"}}],"inLanguage":"da-DK"}]}},"_links":{"self":[{"href":"https:\/\/theomm.com\/da\/wp-json\/wp\/v2\/product\/169967","targetHints":{"allow":["GET"]}}],"collection":[{"href":"https:\/\/theomm.com\/da\/wp-json\/wp\/v2\/product"}],"about":[{"href":"https:\/\/theomm.com\/da\/wp-json\/wp\/v2\/types\/product"}],"wp:featuredmedia":[{"embeddable":true,"href":"https:\/\/theomm.com\/da\/wp-json\/wp\/v2\/media\/152790"}],"wp:attachment":[{"href":"https:\/\/theomm.com\/da\/wp-json\/wp\/v2\/media?parent=169967"}],"wp:term":[{"taxonomy":"locations","embeddable":true,"href":"https:\/\/theomm.com\/da\/wp-json\/wp\/v2\/locations?post=169967"},{"taxonomy":"product_brand","embeddable":true,"href":"https:\/\/theomm.com\/da\/wp-json\/wp\/v2\/product_brand?post=169967"},{"taxonomy":"product_cat","embeddable":true,"href":"https:\/\/theomm.com\/da\/wp-json\/wp\/v2\/product_cat?post=169967"},{"taxonomy":"product_tag","embeddable":true,"href":"https:\/\/theomm.com\/da\/wp-json\/wp\/v2\/product_tag?post=169967"}],"curies":[{"name":"wp","href":"https:\/\/api.w.org\/{rel}","templated":true}]}}