{"id":169978,"date":"2023-02-27T10:48:44","date_gmt":"2023-02-27T10:48:44","guid":{"rendered":"https:\/\/theomm.com\/product\/halo-jacket-w-2\/"},"modified":"2026-02-03T15:25:40","modified_gmt":"2026-02-03T15:25:40","slug":"wisp-jacket-w-2","status":"publish","type":"product","link":"https:\/\/theomm.com\/da\/product\/wisp-jacket-w-2\/","title":{"rendered":"Wisp+ Jacket (W)"},"content":{"rendered":"<p>Wisp+ Jacket (W) &#8211; En ultralight og \u00e5ndbar vandt\u00e6t jakke til kvinder, der kan pakkes ned til lidt mere end st\u00f8rrelsen af en tennisbold. Ideel til skiftende vejrforhold, hvor regnt\u00f8j b\u00e6res lige s\u00e5 meget som det bruges. Selvom Wisp Jacket (W) er let, er den stadig en kapabel bjergskal med fuldt tapede s\u00f8mme, \u00e5ndbart 2-lags vandt\u00e6t stof og justerbare lukninger. Tilf\u00f8jelsen af \u200b\u200bto lynl\u00e5slommer giver fleksibilitet til at opbevare essentielle ting undervejs. 120G ULTRALIGHT VANDT\u00c6T BJERGSKAL TIL KVINDER BJERGSKALBESKYTTELSE Ultralightweight bjergskal lavet af et 2-lags statisk stof med en hydrostatisk hoved p\u00e5 10.000 mm og \u00e5ndbarhed p\u00e5 10.000 gsm\/24t. SUPER PAKBAR Designet til skiftende vejrforhold, hvor jakken skal kunne tages hurtigt p\u00e5 eller pakkes v\u00e6k. Wisp pakkes ned til lidt mere end st\u00f8rrelsen af en tennisbold og opfylder alle FRA og andre l\u00f8bskrav. FUNKTION OVER ALT ANDET Funktion vil altid komme f\u00f8r v\u00e6gtbesparelse. Wisp har vores prisvindende lukninger og h\u00e6tte-design for at give dig fuld beskyttelse mod elementerne under vanskelige forhold, nu med lynl\u00e5slommer perfekte til opbevaring af handsker og kasket eller kort og energigel. Vandt\u00e6t Vindt\u00e6t Smalle tapede s\u00f8mme Topmonteret h\u00e6tte Fuld l\u00e6ngde YKK Aquaguard-lynl\u00e5s To lynl\u00e5slommer Kvindespecifik pasform Reflekterende logoer Forl\u00e6nget manchet med tommelstropper Dynamisk dr\u00e5beformede s\u00f8mme Farver: M\u00f8rker\u00f8d\/Aqua, Gr\u00e5\/Marinebl\u00e5, Aqua\/Gul, Gr\u00e5\/Rosa Stof: PointZero H20 V\u00e6gt: 120g St\u00f8rrelser: XS \/ S \/ M \/ L \/ XL<\/p>\n","protected":false},"excerpt":{"rendered":"<p>Wisp+ Jacket (W) &#8211; En ultralight og \u00e5ndbar vandt\u00e6t jakke til kvinder, der kan pakkes ned til lidt mere end st\u00f8rrelsen af en tennisbold. Ideel til skiftende vejrforhold, hvor regnt\u00f8j b\u00e6res lige s\u00e5 meget som det bruges. Selvom Wisp Jacket (W) er let, er den stadig en kapabel bjergskal med fuldt tapede s\u00f8mme, \u00e5ndbart 2-lags vandt\u00e6t stof og justerbare lukninger. Tilf\u00f8jelsen af \u200b\u200bto lynl\u00e5slommer giver fleksibilitet til at opbevare essentielle ting undervejs.<\/p>\n","protected":false},"featured_media":157048,"template":"","meta":{"_acf_changed":false,"_et_pb_use_builder":"","_et_pb_old_content":"","_et_gb_content_width":""},"locations":[],"product_brand":[],"product_cat":[1250,1258,1259,1256],"product_tag":[1678,1760,1761,1762],"class_list":{"0":"post-169978","1":"product","2":"type-product","3":"status-publish","4":"has-post-thumbnail","6":"product_cat-beklaedning","7":"product_cat-kit-lister","8":"product_cat-nyheder","9":"product_cat-ydre-lag","10":"product_tag-lightweight-running-jacket-da","11":"product_tag-lightweight-waterproof-jacket-da","12":"product_tag-mens-Wisp-jacket-da","13":"product_tag-omm-Wisp-jacket-da","14":"pa_color-aqua-da","15":"pa_color-flade","16":"pa_color-gra","17":"pa_color-gul","18":"pa_color-lyserod","19":"pa_color-morkerod","20":"pa_colour-aqua-gul","21":"pa_colour-gra","22":"pa_colour-gra-navy","23":"pa_colour-gra-pink","24":"pa_colour-morkerod-aqua","25":"pa_colour-pink-da","26":"pa_gender-womens-da","27":"pa_size-stor","28":"pa_size-middel","29":"pa_size-lille","30":"pa_size-x-stor","31":"pa_size-x-lille","32":"pa_technology-point-zero-h2o","33":"pa_weight-100-200g","35":"first","36":"instock","37":"taxable","38":"shipping-taxable","39":"purchasable","40":"product-type-variable","41":"wvs-archive-product-wrapper"},"acf":[],"yoast_head":"<!-- This site is optimized with the Yoast SEO plugin v27.3 - https:\/\/yoast.com\/product\/yoast-seo-wordpress\/ -->\n<title>Wisp+ Jacket (W) - OMM<\/title>\n<meta name=\"description\" content=\"The Wisp+ Jacket (W), 120g Ultra Letv\u00e6gts Kvinders Vandt\u00e6t Bjergskal. Bjergskal Beskyttelse. Super Pakbar Funktionalitet Over Alt Andet.\" \/>\n<meta name=\"robots\" content=\"index, follow, max-snippet:-1, max-image-preview:large, max-video-preview:-1\" \/>\n<link rel=\"canonical\" href=\"https:\/\/theomm.com\/da\/product\/wisp-jacket-w-2\/\" \/>\n<meta property=\"og:locale\" content=\"da_DK\" \/>\n<meta property=\"og:type\" content=\"article\" \/>\n<meta property=\"og:title\" content=\"Wisp+ Jacket (W) - OMM\" \/>\n<meta property=\"og:description\" content=\"The Wisp+ Jacket (W), 120g Ultra Letv\u00e6gts Kvinders Vandt\u00e6t Bjergskal. Bjergskal Beskyttelse. Super Pakbar Funktionalitet Over Alt Andet.\" \/>\n<meta property=\"og:url\" content=\"https:\/\/theomm.com\/da\/product\/wisp-jacket-w-2\/\" \/>\n<meta property=\"og:site_name\" content=\"OMM\" \/>\n<meta property=\"article:publisher\" content=\"https:\/\/www.facebook.com\/OMMrunning?_ga=2.203172945.1541616462.1665402953-280172632.1649426001\" \/>\n<meta property=\"article:modified_time\" content=\"2026-02-03T15:25:40+00:00\" \/>\n<meta property=\"og:image\" content=\"https:\/\/theomm.com\/wp-content\/uploads\/2023\/02\/OC162_Halo_Jacket_W_Dark_Red_Aqua_Front.jpg\" \/>\n\t<meta property=\"og:image:width\" content=\"600\" \/>\n\t<meta property=\"og:image:height\" content=\"600\" \/>\n\t<meta property=\"og:image:type\" content=\"image\/jpeg\" \/>\n<meta name=\"twitter:card\" content=\"summary_large_image\" \/>\n<meta name=\"twitter:label1\" content=\"Estimeret l\u00e6setid\" \/>\n\t<meta name=\"twitter:data1\" content=\"1 minut\" \/>\n<script type=\"application\/ld+json\" class=\"yoast-schema-graph\">{\"@context\":\"https:\\\/\\\/schema.org\",\"@graph\":[{\"@type\":\"WebPage\",\"@id\":\"https:\\\/\\\/theomm.com\\\/da\\\/product\\\/wisp-jacket-w-2\\\/\",\"url\":\"https:\\\/\\\/theomm.com\\\/da\\\/product\\\/wisp-jacket-w-2\\\/\",\"name\":\"Wisp+ Jacket (W) - OMM\",\"isPartOf\":{\"@id\":\"https:\\\/\\\/theomm.com\\\/#website\"},\"primaryImageOfPage\":{\"@id\":\"https:\\\/\\\/theomm.com\\\/da\\\/product\\\/wisp-jacket-w-2\\\/#primaryimage\"},\"image\":{\"@id\":\"https:\\\/\\\/theomm.com\\\/da\\\/product\\\/wisp-jacket-w-2\\\/#primaryimage\"},\"thumbnailUrl\":\"https:\\\/\\\/theomm.com\\\/wp-content\\\/uploads\\\/2023\\\/02\\\/OC162_Halo_Jacket_W_Dark_Red_Aqua_Front.jpg\",\"datePublished\":\"2023-02-27T10:48:44+00:00\",\"dateModified\":\"2026-02-03T15:25:40+00:00\",\"description\":\"The Wisp+ Jacket (W), 120g Ultra Letv\u00e6gts Kvinders Vandt\u00e6t Bjergskal. Bjergskal Beskyttelse. Super Pakbar Funktionalitet Over Alt Andet.\",\"breadcrumb\":{\"@id\":\"https:\\\/\\\/theomm.com\\\/da\\\/product\\\/wisp-jacket-w-2\\\/#breadcrumb\"},\"inLanguage\":\"da-DK\",\"potentialAction\":[{\"@type\":\"ReadAction\",\"target\":[\"https:\\\/\\\/theomm.com\\\/da\\\/product\\\/wisp-jacket-w-2\\\/\"]}]},{\"@type\":\"ImageObject\",\"inLanguage\":\"da-DK\",\"@id\":\"https:\\\/\\\/theomm.com\\\/da\\\/product\\\/wisp-jacket-w-2\\\/#primaryimage\",\"url\":\"https:\\\/\\\/theomm.com\\\/wp-content\\\/uploads\\\/2023\\\/02\\\/OC162_Halo_Jacket_W_Dark_Red_Aqua_Front.jpg\",\"contentUrl\":\"https:\\\/\\\/theomm.com\\\/wp-content\\\/uploads\\\/2023\\\/02\\\/OC162_Halo_Jacket_W_Dark_Red_Aqua_Front.jpg\",\"width\":600,\"height\":600},{\"@type\":\"BreadcrumbList\",\"@id\":\"https:\\\/\\\/theomm.com\\\/da\\\/product\\\/wisp-jacket-w-2\\\/#breadcrumb\",\"itemListElement\":[{\"@type\":\"ListItem\",\"position\":1,\"name\":\"Home\",\"item\":\"https:\\\/\\\/theomm.com\\\/da\\\/original-mountain-marathon\\\/\"},{\"@type\":\"ListItem\",\"position\":2,\"name\":\"Produkter\",\"item\":\"https:\\\/\\\/theomm.com\\\/da\\\/original-mountain-marathon\\\/produkter\\\/\"},{\"@type\":\"ListItem\",\"position\":3,\"name\":\"Wisp+ Jacket (W)\"}]},{\"@type\":\"WebSite\",\"@id\":\"https:\\\/\\\/theomm.com\\\/#website\",\"url\":\"https:\\\/\\\/theomm.com\\\/\",\"name\":\"OMM\",\"description\":\"OMM is Technical clothing and equipment made for running in the mountains. Designed to the specifications of Original Mountain Marathon.\",\"alternateName\":\"Original Mountain Marathon\",\"potentialAction\":[{\"@type\":\"SearchAction\",\"target\":{\"@type\":\"EntryPoint\",\"urlTemplate\":\"https:\\\/\\\/theomm.com\\\/?s={search_term_string}\"},\"query-input\":{\"@type\":\"PropertyValueSpecification\",\"valueRequired\":true,\"valueName\":\"search_term_string\"}}],\"inLanguage\":\"da-DK\"}]}<\/script>\n<!-- \/ Yoast SEO plugin. -->","yoast_head_json":{"title":"Wisp+ Jacket (W) - OMM","description":"The Wisp+ Jacket (W), 120g Ultra Letv\u00e6gts Kvinders Vandt\u00e6t Bjergskal. Bjergskal Beskyttelse. Super Pakbar Funktionalitet Over Alt Andet.","robots":{"index":"index","follow":"follow","max-snippet":"max-snippet:-1","max-image-preview":"max-image-preview:large","max-video-preview":"max-video-preview:-1"},"canonical":"https:\/\/theomm.com\/da\/product\/wisp-jacket-w-2\/","og_locale":"da_DK","og_type":"article","og_title":"Wisp+ Jacket (W) - OMM","og_description":"The Wisp+ Jacket (W), 120g Ultra Letv\u00e6gts Kvinders Vandt\u00e6t Bjergskal. Bjergskal Beskyttelse. Super Pakbar Funktionalitet Over Alt Andet.","og_url":"https:\/\/theomm.com\/da\/product\/wisp-jacket-w-2\/","og_site_name":"OMM","article_publisher":"https:\/\/www.facebook.com\/OMMrunning?_ga=2.203172945.1541616462.1665402953-280172632.1649426001","article_modified_time":"2026-02-03T15:25:40+00:00","og_image":[{"width":600,"height":600,"url":"https:\/\/theomm.com\/wp-content\/uploads\/2023\/02\/OC162_Halo_Jacket_W_Dark_Red_Aqua_Front.jpg","type":"image\/jpeg"}],"twitter_card":"summary_large_image","twitter_misc":{"Estimeret l\u00e6setid":"1 minut"},"schema":{"@context":"https:\/\/schema.org","@graph":[{"@type":"WebPage","@id":"https:\/\/theomm.com\/da\/product\/wisp-jacket-w-2\/","url":"https:\/\/theomm.com\/da\/product\/wisp-jacket-w-2\/","name":"Wisp+ Jacket (W) - OMM","isPartOf":{"@id":"https:\/\/theomm.com\/#website"},"primaryImageOfPage":{"@id":"https:\/\/theomm.com\/da\/product\/wisp-jacket-w-2\/#primaryimage"},"image":{"@id":"https:\/\/theomm.com\/da\/product\/wisp-jacket-w-2\/#primaryimage"},"thumbnailUrl":"https:\/\/theomm.com\/wp-content\/uploads\/2023\/02\/OC162_Halo_Jacket_W_Dark_Red_Aqua_Front.jpg","datePublished":"2023-02-27T10:48:44+00:00","dateModified":"2026-02-03T15:25:40+00:00","description":"The Wisp+ Jacket (W), 120g Ultra Letv\u00e6gts Kvinders Vandt\u00e6t Bjergskal. Bjergskal Beskyttelse. Super Pakbar Funktionalitet Over Alt Andet.","breadcrumb":{"@id":"https:\/\/theomm.com\/da\/product\/wisp-jacket-w-2\/#breadcrumb"},"inLanguage":"da-DK","potentialAction":[{"@type":"ReadAction","target":["https:\/\/theomm.com\/da\/product\/wisp-jacket-w-2\/"]}]},{"@type":"ImageObject","inLanguage":"da-DK","@id":"https:\/\/theomm.com\/da\/product\/wisp-jacket-w-2\/#primaryimage","url":"https:\/\/theomm.com\/wp-content\/uploads\/2023\/02\/OC162_Halo_Jacket_W_Dark_Red_Aqua_Front.jpg","contentUrl":"https:\/\/theomm.com\/wp-content\/uploads\/2023\/02\/OC162_Halo_Jacket_W_Dark_Red_Aqua_Front.jpg","width":600,"height":600},{"@type":"BreadcrumbList","@id":"https:\/\/theomm.com\/da\/product\/wisp-jacket-w-2\/#breadcrumb","itemListElement":[{"@type":"ListItem","position":1,"name":"Home","item":"https:\/\/theomm.com\/da\/original-mountain-marathon\/"},{"@type":"ListItem","position":2,"name":"Produkter","item":"https:\/\/theomm.com\/da\/original-mountain-marathon\/produkter\/"},{"@type":"ListItem","position":3,"name":"Wisp+ Jacket (W)"}]},{"@type":"WebSite","@id":"https:\/\/theomm.com\/#website","url":"https:\/\/theomm.com\/","name":"OMM","description":"OMM is Technical clothing and equipment made for running in the mountains. Designed to the specifications of Original Mountain Marathon.","alternateName":"Original Mountain Marathon","potentialAction":[{"@type":"SearchAction","target":{"@type":"EntryPoint","urlTemplate":"https:\/\/theomm.com\/?s={search_term_string}"},"query-input":{"@type":"PropertyValueSpecification","valueRequired":true,"valueName":"search_term_string"}}],"inLanguage":"da-DK"}]}},"_links":{"self":[{"href":"https:\/\/theomm.com\/da\/wp-json\/wp\/v2\/product\/169978","targetHints":{"allow":["GET"]}}],"collection":[{"href":"https:\/\/theomm.com\/da\/wp-json\/wp\/v2\/product"}],"about":[{"href":"https:\/\/theomm.com\/da\/wp-json\/wp\/v2\/types\/product"}],"wp:featuredmedia":[{"embeddable":true,"href":"https:\/\/theomm.com\/da\/wp-json\/wp\/v2\/media\/157048"}],"wp:attachment":[{"href":"https:\/\/theomm.com\/da\/wp-json\/wp\/v2\/media?parent=169978"}],"wp:term":[{"taxonomy":"locations","embeddable":true,"href":"https:\/\/theomm.com\/da\/wp-json\/wp\/v2\/locations?post=169978"},{"taxonomy":"product_brand","embeddable":true,"href":"https:\/\/theomm.com\/da\/wp-json\/wp\/v2\/product_brand?post=169978"},{"taxonomy":"product_cat","embeddable":true,"href":"https:\/\/theomm.com\/da\/wp-json\/wp\/v2\/product_cat?post=169978"},{"taxonomy":"product_tag","embeddable":true,"href":"https:\/\/theomm.com\/da\/wp-json\/wp\/v2\/product_tag?post=169978"}],"curies":[{"name":"wp","href":"https:\/\/api.w.org\/{rel}","templated":true}]}}