{"id":170005,"date":"2023-02-27T10:48:35","date_gmt":"2023-02-27T10:48:35","guid":{"rendered":"https:\/\/theomm.com\/product\/halo-jacket-2\/"},"modified":"2026-02-03T15:36:03","modified_gmt":"2026-02-03T15:36:03","slug":"wisp-jacket-2","status":"publish","type":"product","link":"https:\/\/theomm.com\/da\/product\/wisp-jacket-2\/","title":{"rendered":"Wisp+ Jacket"},"content":{"rendered":"<p>Wisp+ Jakke &#8211; En ultralydsv\u00e6gt og \u00e5ndbar vandt\u00e6t jakke, der kan pakkes ned til lidt mere end st\u00f8rrelsen af en tennisbold. Ideel til blandet vejr, hvor vandt\u00e6t p\u00e5kl\u00e6dning b\u00e6res lige s\u00e5 meget som den bruges. Selvom Wisp-jakken er let, er den stadig en kapabel bjergskal med fuldt tapede s\u00f8mme, \u00e5ndbart 2-lags vandt\u00e6t stof og t\u00e6tsluttende lukninger. Tilf\u00f8jelsen af to lynl\u00e5slommer giver fleksibilitet til at opbevare n\u00f8dvendigheder p\u00e5 farten. 130G ULTRA LETV\u00c6GTS VANDT\u00c6T BJERGSKAL BJERGSKALBESKYTTELSE Ultralydsv\u00e6gtig bjergskal lavet af et 2-lags statisk stof med en hydrostatisk hoved p\u00e5 10.000 mm og \u00e5ndbarhed p\u00e5 10.000 g\/m2\/24t. SUPER PAKBAR Designet til blandet vejr, hvor jakken hurtigt skal tages p\u00e5 eller pakkes v\u00e6k. Wisp pakkes ned til lidt mere end st\u00f8rrelsen af en tennisbold og opfylder alle FRA- og andre l\u00f8bskrav. FUNKTION F\u00d8R ALT ANDET Funktion vil altid komme f\u00f8r v\u00e6gtbesparelse. Wisp har vores prisvindende lukninger og h\u00e6tte-design for at give dig fuld beskyttelse mod elementerne under vanskelige forhold, nu med lynl\u00e5slommer perfekte til opbevaring af handsker, hue eller kort og geler. Vandt\u00e6t Vindt\u00e6t Smalle tapede s\u00f8mme H\u00e6tte med skygge Fuld l\u00e6ngde YKK Aquaguard-lynl\u00e5s To lynl\u00e5slommer Reflekterende logoer Forl\u00e6nget manchet med toml\u00f8kker Dynamisk forl\u00e6nget bagkant Farver: M\u00f8rker\u00f8d\/Gr\u00e5, Gr\u00f8n\/Gul, Gr\u00e5\/Bl\u00e5, Orange\/Marinebl\u00e5 Materiale: PointZero H20 V\u00e6gt: 130g St\u00f8rrelser: XS \/ S \/ M \/ L \/ XL<\/p>\n<p>Vores letv\u00e6gts t\u00f8j og udstyr er specielt designet til behovene hos bjergl\u00f8beren, med specifikationer hentet direkte fra erfaringer p\u00e5 Original Mountain Marathon.<\/p>\n<p>En 2-dages rejse gennem nogle af Storbritanniens barskeste terr\u00e6n, der afholdes i slutningen af oktober hvert \u00e5r siden 1968 for at sikre udfordrende vejrforhold. En test af bjergkunst og modstandsdygtighed, &#8216;The OMM&#8217; er anerkendt som guldstandarden inden for bjergudfordringer.<\/p>\n<p>De h\u00f8je krav fra begivenheden forts\u00e6tter med at informere design og funktioner i vores t\u00f8j, som igen bliver brugt i nogle af verdens sv\u00e6reste begivenheder og h\u00e5rdeste udfordringer.<\/p>\n<p>Stolet p\u00e5 af bjergatleter og fagfolk i \u00e5rtier, er OMM-serien den perfekte ledsager til dit n\u00e6ste eventyr.<\/p>\n","protected":false},"excerpt":{"rendered":"<p>Wisp+ Jakke &#8211; En ultralydsv\u00e6gt og \u00e5ndbar vandt\u00e6t jakke, der kan pakkes ned til lidt mere end st\u00f8rrelsen af en tennisbold. Ideel til blandet vejr, hvor vandt\u00e6t p\u00e5kl\u00e6dning b\u00e6res lige s\u00e5 meget som den bruges. Selvom Wisp-jakken er let, er den stadig en kapabel bjergskal med fuldt tapede s\u00f8mme, \u00e5ndbart 2-lags vandt\u00e6t stof og t\u00e6tsluttende lukninger. Tilf\u00f8jelsen af to lynl\u00e5slommer giver fleksibilitet til at opbevare n\u00f8dvendigheder p\u00e5 farten.<\/p>\n","protected":false},"featured_media":157036,"template":"","meta":{"_acf_changed":false,"_et_pb_use_builder":"","_et_pb_old_content":"","_et_gb_content_width":""},"locations":[],"product_brand":[],"product_cat":[1250,1258,1259,1256],"product_tag":[1678,1760,1761,1762],"class_list":{"0":"post-170005","1":"product","2":"type-product","3":"status-publish","4":"has-post-thumbnail","6":"product_cat-beklaedning","7":"product_cat-kit-lister","8":"product_cat-nyheder","9":"product_cat-ydre-lag","10":"product_tag-lightweight-running-jacket-da","11":"product_tag-lightweight-waterproof-jacket-da","12":"product_tag-mens-Wisp-jacket-da","13":"product_tag-omm-Wisp-jacket-da","14":"pa_color-bla","15":"pa_color-flade","16":"pa_color-gra","17":"pa_color-gron","18":"pa_color-gul","19":"pa_color-morkerod","20":"pa_color-orange-da","21":"pa_colour-gra","22":"pa_colour-gra-bla","23":"pa_colour-gron","24":"pa_colour-gron-grey","25":"pa_colour-gron-gul","26":"pa_colour-morkerod-gra","27":"pa_colour-orange-navy-da","28":"pa_gender-mens-da","29":"pa_size-stor","30":"pa_size-middel","31":"pa_size-lille","32":"pa_size-x-stor","33":"pa_size-x-lille","34":"pa_technology-point-zero-h2o","35":"pa_weight-100-200g","37":"first","38":"instock","39":"taxable","40":"shipping-taxable","41":"purchasable","42":"product-type-variable","43":"wvs-archive-product-wrapper"},"acf":[],"yoast_head":"<!-- This site is optimized with the Yoast SEO plugin v27.3 - https:\/\/yoast.com\/product\/yoast-seo-wordpress\/ -->\n<title>Wisp+ Jacket - OMM<\/title>\n<meta name=\"description\" content=\"The Wisp+ Jacket, 130g Ultra Let Vandt\u00e6t Mountain Shell. Mountain Shell Beskyttelse. Super Pakkelig Funktionalitet Frem for Alt.lse\" \/>\n<meta name=\"robots\" content=\"index, follow, max-snippet:-1, max-image-preview:large, max-video-preview:-1\" \/>\n<link rel=\"canonical\" href=\"https:\/\/theomm.com\/da\/product\/wisp-jacket-2\/\" \/>\n<meta property=\"og:locale\" content=\"da_DK\" \/>\n<meta property=\"og:type\" content=\"article\" \/>\n<meta property=\"og:title\" content=\"Wisp+ Jacket - OMM\" \/>\n<meta property=\"og:description\" content=\"The Wisp+ Jacket, 130g Ultra Let Vandt\u00e6t Mountain Shell. Mountain Shell Beskyttelse. Super Pakkelig Funktionalitet Frem for Alt.lse\" \/>\n<meta property=\"og:url\" content=\"https:\/\/theomm.com\/da\/product\/wisp-jacket-2\/\" \/>\n<meta property=\"og:site_name\" content=\"OMM\" \/>\n<meta property=\"article:publisher\" content=\"https:\/\/www.facebook.com\/OMMrunning?_ga=2.203172945.1541616462.1665402953-280172632.1649426001\" \/>\n<meta property=\"article:modified_time\" content=\"2026-02-03T15:36:03+00:00\" \/>\n<meta property=\"og:image\" content=\"https:\/\/theomm.com\/wp-content\/uploads\/2023\/02\/OC161_Halo_Jacket_Dark_Red_Grey_Front.jpg\" \/>\n\t<meta property=\"og:image:width\" content=\"600\" \/>\n\t<meta property=\"og:image:height\" content=\"600\" \/>\n\t<meta property=\"og:image:type\" content=\"image\/jpeg\" \/>\n<meta name=\"twitter:card\" content=\"summary_large_image\" \/>\n<meta name=\"twitter:label1\" content=\"Estimeret l\u00e6setid\" \/>\n\t<meta name=\"twitter:data1\" content=\"2 minutter\" \/>\n<script type=\"application\/ld+json\" class=\"yoast-schema-graph\">{\"@context\":\"https:\\\/\\\/schema.org\",\"@graph\":[{\"@type\":\"WebPage\",\"@id\":\"https:\\\/\\\/theomm.com\\\/da\\\/product\\\/wisp-jacket-2\\\/\",\"url\":\"https:\\\/\\\/theomm.com\\\/da\\\/product\\\/wisp-jacket-2\\\/\",\"name\":\"Wisp+ Jacket - OMM\",\"isPartOf\":{\"@id\":\"https:\\\/\\\/theomm.com\\\/#website\"},\"primaryImageOfPage\":{\"@id\":\"https:\\\/\\\/theomm.com\\\/da\\\/product\\\/wisp-jacket-2\\\/#primaryimage\"},\"image\":{\"@id\":\"https:\\\/\\\/theomm.com\\\/da\\\/product\\\/wisp-jacket-2\\\/#primaryimage\"},\"thumbnailUrl\":\"https:\\\/\\\/theomm.com\\\/wp-content\\\/uploads\\\/2023\\\/02\\\/OC161_Halo_Jacket_Dark_Red_Grey_Front.jpg\",\"datePublished\":\"2023-02-27T10:48:35+00:00\",\"dateModified\":\"2026-02-03T15:36:03+00:00\",\"description\":\"The Wisp+ Jacket, 130g Ultra Let Vandt\u00e6t Mountain Shell. Mountain Shell Beskyttelse. Super Pakkelig Funktionalitet Frem for Alt.lse\",\"breadcrumb\":{\"@id\":\"https:\\\/\\\/theomm.com\\\/da\\\/product\\\/wisp-jacket-2\\\/#breadcrumb\"},\"inLanguage\":\"da-DK\",\"potentialAction\":[{\"@type\":\"ReadAction\",\"target\":[\"https:\\\/\\\/theomm.com\\\/da\\\/product\\\/wisp-jacket-2\\\/\"]}]},{\"@type\":\"ImageObject\",\"inLanguage\":\"da-DK\",\"@id\":\"https:\\\/\\\/theomm.com\\\/da\\\/product\\\/wisp-jacket-2\\\/#primaryimage\",\"url\":\"https:\\\/\\\/theomm.com\\\/wp-content\\\/uploads\\\/2023\\\/02\\\/OC161_Halo_Jacket_Dark_Red_Grey_Front.jpg\",\"contentUrl\":\"https:\\\/\\\/theomm.com\\\/wp-content\\\/uploads\\\/2023\\\/02\\\/OC161_Halo_Jacket_Dark_Red_Grey_Front.jpg\",\"width\":600,\"height\":600},{\"@type\":\"BreadcrumbList\",\"@id\":\"https:\\\/\\\/theomm.com\\\/da\\\/product\\\/wisp-jacket-2\\\/#breadcrumb\",\"itemListElement\":[{\"@type\":\"ListItem\",\"position\":1,\"name\":\"Home\",\"item\":\"https:\\\/\\\/theomm.com\\\/da\\\/original-mountain-marathon\\\/\"},{\"@type\":\"ListItem\",\"position\":2,\"name\":\"Produkter\",\"item\":\"https:\\\/\\\/theomm.com\\\/da\\\/original-mountain-marathon\\\/produkter\\\/\"},{\"@type\":\"ListItem\",\"position\":3,\"name\":\"Wisp+ Jacket\"}]},{\"@type\":\"WebSite\",\"@id\":\"https:\\\/\\\/theomm.com\\\/#website\",\"url\":\"https:\\\/\\\/theomm.com\\\/\",\"name\":\"OMM\",\"description\":\"OMM is Technical clothing and equipment made for running in the mountains. Designed to the specifications of Original Mountain Marathon.\",\"alternateName\":\"Original Mountain Marathon\",\"potentialAction\":[{\"@type\":\"SearchAction\",\"target\":{\"@type\":\"EntryPoint\",\"urlTemplate\":\"https:\\\/\\\/theomm.com\\\/?s={search_term_string}\"},\"query-input\":{\"@type\":\"PropertyValueSpecification\",\"valueRequired\":true,\"valueName\":\"search_term_string\"}}],\"inLanguage\":\"da-DK\"}]}<\/script>\n<!-- \/ Yoast SEO plugin. -->","yoast_head_json":{"title":"Wisp+ Jacket - OMM","description":"The Wisp+ Jacket, 130g Ultra Let Vandt\u00e6t Mountain Shell. Mountain Shell Beskyttelse. Super Pakkelig Funktionalitet Frem for Alt.lse","robots":{"index":"index","follow":"follow","max-snippet":"max-snippet:-1","max-image-preview":"max-image-preview:large","max-video-preview":"max-video-preview:-1"},"canonical":"https:\/\/theomm.com\/da\/product\/wisp-jacket-2\/","og_locale":"da_DK","og_type":"article","og_title":"Wisp+ Jacket - OMM","og_description":"The Wisp+ Jacket, 130g Ultra Let Vandt\u00e6t Mountain Shell. Mountain Shell Beskyttelse. Super Pakkelig Funktionalitet Frem for Alt.lse","og_url":"https:\/\/theomm.com\/da\/product\/wisp-jacket-2\/","og_site_name":"OMM","article_publisher":"https:\/\/www.facebook.com\/OMMrunning?_ga=2.203172945.1541616462.1665402953-280172632.1649426001","article_modified_time":"2026-02-03T15:36:03+00:00","og_image":[{"width":600,"height":600,"url":"https:\/\/theomm.com\/wp-content\/uploads\/2023\/02\/OC161_Halo_Jacket_Dark_Red_Grey_Front.jpg","type":"image\/jpeg"}],"twitter_card":"summary_large_image","twitter_misc":{"Estimeret l\u00e6setid":"2 minutter"},"schema":{"@context":"https:\/\/schema.org","@graph":[{"@type":"WebPage","@id":"https:\/\/theomm.com\/da\/product\/wisp-jacket-2\/","url":"https:\/\/theomm.com\/da\/product\/wisp-jacket-2\/","name":"Wisp+ Jacket - OMM","isPartOf":{"@id":"https:\/\/theomm.com\/#website"},"primaryImageOfPage":{"@id":"https:\/\/theomm.com\/da\/product\/wisp-jacket-2\/#primaryimage"},"image":{"@id":"https:\/\/theomm.com\/da\/product\/wisp-jacket-2\/#primaryimage"},"thumbnailUrl":"https:\/\/theomm.com\/wp-content\/uploads\/2023\/02\/OC161_Halo_Jacket_Dark_Red_Grey_Front.jpg","datePublished":"2023-02-27T10:48:35+00:00","dateModified":"2026-02-03T15:36:03+00:00","description":"The Wisp+ Jacket, 130g Ultra Let Vandt\u00e6t Mountain Shell. Mountain Shell Beskyttelse. Super Pakkelig Funktionalitet Frem for Alt.lse","breadcrumb":{"@id":"https:\/\/theomm.com\/da\/product\/wisp-jacket-2\/#breadcrumb"},"inLanguage":"da-DK","potentialAction":[{"@type":"ReadAction","target":["https:\/\/theomm.com\/da\/product\/wisp-jacket-2\/"]}]},{"@type":"ImageObject","inLanguage":"da-DK","@id":"https:\/\/theomm.com\/da\/product\/wisp-jacket-2\/#primaryimage","url":"https:\/\/theomm.com\/wp-content\/uploads\/2023\/02\/OC161_Halo_Jacket_Dark_Red_Grey_Front.jpg","contentUrl":"https:\/\/theomm.com\/wp-content\/uploads\/2023\/02\/OC161_Halo_Jacket_Dark_Red_Grey_Front.jpg","width":600,"height":600},{"@type":"BreadcrumbList","@id":"https:\/\/theomm.com\/da\/product\/wisp-jacket-2\/#breadcrumb","itemListElement":[{"@type":"ListItem","position":1,"name":"Home","item":"https:\/\/theomm.com\/da\/original-mountain-marathon\/"},{"@type":"ListItem","position":2,"name":"Produkter","item":"https:\/\/theomm.com\/da\/original-mountain-marathon\/produkter\/"},{"@type":"ListItem","position":3,"name":"Wisp+ Jacket"}]},{"@type":"WebSite","@id":"https:\/\/theomm.com\/#website","url":"https:\/\/theomm.com\/","name":"OMM","description":"OMM is Technical clothing and equipment made for running in the mountains. Designed to the specifications of Original Mountain Marathon.","alternateName":"Original Mountain Marathon","potentialAction":[{"@type":"SearchAction","target":{"@type":"EntryPoint","urlTemplate":"https:\/\/theomm.com\/?s={search_term_string}"},"query-input":{"@type":"PropertyValueSpecification","valueRequired":true,"valueName":"search_term_string"}}],"inLanguage":"da-DK"}]}},"_links":{"self":[{"href":"https:\/\/theomm.com\/da\/wp-json\/wp\/v2\/product\/170005","targetHints":{"allow":["GET"]}}],"collection":[{"href":"https:\/\/theomm.com\/da\/wp-json\/wp\/v2\/product"}],"about":[{"href":"https:\/\/theomm.com\/da\/wp-json\/wp\/v2\/types\/product"}],"wp:featuredmedia":[{"embeddable":true,"href":"https:\/\/theomm.com\/da\/wp-json\/wp\/v2\/media\/157036"}],"wp:attachment":[{"href":"https:\/\/theomm.com\/da\/wp-json\/wp\/v2\/media?parent=170005"}],"wp:term":[{"taxonomy":"locations","embeddable":true,"href":"https:\/\/theomm.com\/da\/wp-json\/wp\/v2\/locations?post=170005"},{"taxonomy":"product_brand","embeddable":true,"href":"https:\/\/theomm.com\/da\/wp-json\/wp\/v2\/product_brand?post=170005"},{"taxonomy":"product_cat","embeddable":true,"href":"https:\/\/theomm.com\/da\/wp-json\/wp\/v2\/product_cat?post=170005"},{"taxonomy":"product_tag","embeddable":true,"href":"https:\/\/theomm.com\/da\/wp-json\/wp\/v2\/product_tag?post=170005"}],"curies":[{"name":"wp","href":"https:\/\/api.w.org\/{rel}","templated":true}]}}