{"id":170742,"date":"2023-08-23T14:53:34","date_gmt":"2023-08-23T14:53:34","guid":{"rendered":"https:\/\/theomm.com\/?post_type=product&#038;p=170742"},"modified":"2025-01-02T11:32:21","modified_gmt":"2025-01-02T11:32:21","slug":"core-tights-copy","status":"publish","type":"product","link":"https:\/\/theomm.com\/da\/product\/core-tights-copy\/","title":{"rendered":"Core Tights (Copy)"},"content":{"rendered":"<p>Core Tights &#8211; Et nyt koncept inden for aktiv isolering, OMM Core-serien er lavet helt af PrimaLoft\u00ae ACTIVE ultral\u00e6kkert isolerende stof. Bygget af en syntetisk tr\u00e5d v\u00e6vet gennem en strikket maske, tilbyder Core samme varme som fra en fleecefilt, men med mindre end halvdelen af v\u00e6gten.<\/p>\n<p>Sammen med en overskal er Core Tights en utroligt effektiv isolator. Core tights bruger det 75g tunge Core-stof, der giver ekstra varme p\u00e5 vinter- eller lange l\u00f8beture. Core fungerer v\u00e5dt eller t\u00f8rt med utrolige fugtighedsafledende egenskaber for at sikre, at du ikke forbliver v\u00e5d i lang tid. Mens paneler af str\u00e6kbart nylon Flexile giver ekstra beskyttelse med god vind- og vandmodstand over kn\u00e6ene.<\/p>\n<p>ULTRALIGHT PRIMALOFT\u00ae ACTIVE TIGHTS TIL LANGE VINTERL\u00d8B ELLER KOLDE OVERNATNINGER<\/p>\n<p>ADAPTIV ISOLERING PrimaLoft\u00ae ACTIVE Insulating Fabric v\u00e6ver PrimaLoft\u00ae-fibre ind i et net, hvilket giver en superh\u00f8j volumen og \u00e5ben struktur. Stof isolerer ved at fange lommer af luft, som b\u00e6rerens varme ikke kan passere igennem. Core-strukturen er exceptionel til at skabe disse lommer. Dog tillader \u00e5benheden ogs\u00e5 en let brise at fjerne isoleringseffekten. Core udnytter dette til sin fordel; d\u00e6k til med en en skal for at skabe et utroligt varmt system til kolde vejr-eventyr.<\/p>\n<p>HALV V\u00c6GT &amp; PAKKEST\u00d8RRELSE Et enkelt netstof holder isoleringsplumen p\u00e5 plads, hvilket reducerer behovet for ekstra stoflag og halverer v\u00e6gten og pakkest\u00f8rrelsen.<\/p>\n<p>FINESTE KVALITET SYNTETISK ISOLERING P\u00e5 OMM v\u00e6lger vi altid syntetisk isolering frem for dun for at v\u00e6re sikre p\u00e5, at vi kan holde varmen, selv n\u00e5r alt er v\u00e5dt. Vi mener, at PrimaLoft\u00ae fremstiller den bedste syntetiske isolering, og derfor er det en nemt valg for os. 75g\/m2 PrimaLoft\u00ae ACTIVE bruger 58% genbrugsmateriale, det er ogs\u00e5 godkendt efter bluesign og Oeke-Tex.<\/p>\n<p>Fort\u00e6tter med at isolere, selvom det er v\u00e5dt Flatlock-s\u00f8mme placeret v\u00e6k fra gnidningspunkter Str\u00e6kbare nylonpaneler over kn\u00e6et 58% genbrugsstof Reflekterende logo<\/p>\n<p>Stoffer: Flexile (str\u00e6k-nylon), PrimaLoft\u00ae ACTIVE 75g\/m2 V\u00e6gt: 130g St\u00f8rrelser: XS \/ S \/ M \/ L \/ XL<\/p>\n","protected":false},"excerpt":{"rendered":"<p>Et nyt koncept inden for aktiv isolering, OMM Core Range er lavet udelukkende af PrimaLoft\u00ae ACTIVE ultralet isolerende stof. Core har varmen som en fleece, men med mindre end halvdelen af v\u00e6gten.<br \/>Parret med en overtr\u00e6ksbukseskal er Core Tights en utrolig effektiv isolator, men takket v\u00e6re n\u00e6sten total luftgennemtr\u00e6ngelighed forsvinder overdreven varmeopbygning nemt. Core tights bruger det 75 g Core stof, der giver ekstra varme p\u00e5 vinterdage eller lange l\u00f8beture. Core virker b\u00e5de v\u00e5dt og t\u00f8rt med utrolige fugttransporterende egenskaber for at sikre, at du ikke forbliver v\u00e5d alt l\u00e6nge. Mens paneler af elastisk nylon Flexile giver ekstra beskyttelse med god vind- og vandmodstand hen over kn\u00e6ene.<\/p>\n","protected":false},"featured_media":156503,"template":"","meta":{"_acf_changed":false,"_et_pb_use_builder":"off","_et_pb_old_content":"","_et_gb_content_width":""},"locations":[],"product_brand":[],"product_cat":[1250,1254,1257,1255],"product_tag":[1533,1942,1538,1943,1880,1628],"class_list":{"0":"post-170742","1":"product","2":"type-product","3":"status-publish","4":"has-post-thumbnail","6":"product_cat-beklaedning","7":"product_cat-benklaeder","8":"product_cat-core-da","9":"product_cat-mellemlag","10":"product_tag-core-da","11":"product_tag-core-tights-da","12":"product_tag-forste-lag","13":"product_tag-mountain-marathon-da","14":"product_tag-ultra-running-da","15":"product_tag-winter-running-da","16":"pa_color-gra","17":"pa_color-sort","18":"pa_colour-gra-sort","19":"pa_gender-mens-da","20":"pa_gender-womens-da","21":"pa_size-stor","22":"pa_size-middel","23":"pa_size-lille","24":"pa_size-x-stor","25":"pa_size-x-lille","26":"pa_technology-flexile","27":"pa_technology-primaloft-active","29":"first","30":"instock","31":"taxable","32":"shipping-taxable","33":"purchasable","34":"product-type-variable","35":"wvs-archive-product-wrapper"},"acf":[],"yoast_head":"<!-- This site is optimized with the Yoast SEO plugin v27.4 - https:\/\/yoast.com\/product\/yoast-seo-wordpress\/ -->\n<title>Core Tights - OMM<\/title>\n<meta name=\"description\" content=\"Core Tights, Ultralight Primaloft\u00ae Active Tights til lange vinterl\u00f8b eller kolde overnatninger. Primaloft\u00ae Active giver adaptiv isolering.\" \/>\n<meta name=\"robots\" content=\"index, follow, max-snippet:-1, max-image-preview:large, max-video-preview:-1\" \/>\n<link rel=\"canonical\" href=\"https:\/\/theomm.com\/da\/product\/core-tights-copy\/\" \/>\n<meta property=\"og:locale\" content=\"da_DK\" \/>\n<meta property=\"og:type\" content=\"article\" \/>\n<meta property=\"og:title\" content=\"Core Tights - OMM\" \/>\n<meta property=\"og:description\" content=\"Core Tights, Ultralight Primaloft\u00ae Active Tights til lange vinterl\u00f8b eller kolde overnatninger. Primaloft\u00ae Active giver adaptiv isolering.\" \/>\n<meta property=\"og:url\" content=\"https:\/\/theomm.com\/da\/product\/core-tights-copy\/\" \/>\n<meta property=\"og:site_name\" content=\"OMM\" \/>\n<meta property=\"article:publisher\" content=\"https:\/\/www.facebook.com\/OMMrunning?_ga=2.203172945.1541616462.1665402953-280172632.1649426001\" \/>\n<meta property=\"article:modified_time\" content=\"2025-01-02T11:32:21+00:00\" \/>\n<meta property=\"og:image\" content=\"https:\/\/theomm.com\/wp-content\/uploads\/2023\/02\/OC187_Core_Tights_Grey_Front.jpg\" \/>\n\t<meta property=\"og:image:width\" content=\"600\" \/>\n\t<meta property=\"og:image:height\" content=\"600\" \/>\n\t<meta property=\"og:image:type\" content=\"image\/jpeg\" \/>\n<meta name=\"twitter:card\" content=\"summary_large_image\" \/>\n<meta name=\"twitter:label1\" content=\"Estimeret l\u00e6setid\" \/>\n\t<meta name=\"twitter:data1\" content=\"2 minutter\" \/>\n<script type=\"application\/ld+json\" class=\"yoast-schema-graph\">{\"@context\":\"https:\\\/\\\/schema.org\",\"@graph\":[{\"@type\":\"WebPage\",\"@id\":\"https:\\\/\\\/theomm.com\\\/da\\\/product\\\/core-tights-copy\\\/\",\"url\":\"https:\\\/\\\/theomm.com\\\/da\\\/product\\\/core-tights-copy\\\/\",\"name\":\"Core Tights - OMM\",\"isPartOf\":{\"@id\":\"https:\\\/\\\/theomm.com\\\/#website\"},\"primaryImageOfPage\":{\"@id\":\"https:\\\/\\\/theomm.com\\\/da\\\/product\\\/core-tights-copy\\\/#primaryimage\"},\"image\":{\"@id\":\"https:\\\/\\\/theomm.com\\\/da\\\/product\\\/core-tights-copy\\\/#primaryimage\"},\"thumbnailUrl\":\"https:\\\/\\\/theomm.com\\\/wp-content\\\/uploads\\\/2023\\\/02\\\/OC187_Core_Tights_Grey_Front.jpg\",\"datePublished\":\"2023-08-23T14:53:34+00:00\",\"dateModified\":\"2025-01-02T11:32:21+00:00\",\"description\":\"Core Tights, Ultralight Primaloft\u00ae Active Tights til lange vinterl\u00f8b eller kolde overnatninger. Primaloft\u00ae Active giver adaptiv isolering.\",\"breadcrumb\":{\"@id\":\"https:\\\/\\\/theomm.com\\\/da\\\/product\\\/core-tights-copy\\\/#breadcrumb\"},\"inLanguage\":\"da-DK\",\"potentialAction\":[{\"@type\":\"ReadAction\",\"target\":[\"https:\\\/\\\/theomm.com\\\/da\\\/product\\\/core-tights-copy\\\/\"]}]},{\"@type\":\"ImageObject\",\"inLanguage\":\"da-DK\",\"@id\":\"https:\\\/\\\/theomm.com\\\/da\\\/product\\\/core-tights-copy\\\/#primaryimage\",\"url\":\"https:\\\/\\\/theomm.com\\\/wp-content\\\/uploads\\\/2023\\\/02\\\/OC187_Core_Tights_Grey_Front.jpg\",\"contentUrl\":\"https:\\\/\\\/theomm.com\\\/wp-content\\\/uploads\\\/2023\\\/02\\\/OC187_Core_Tights_Grey_Front.jpg\",\"width\":600,\"height\":600},{\"@type\":\"BreadcrumbList\",\"@id\":\"https:\\\/\\\/theomm.com\\\/da\\\/product\\\/core-tights-copy\\\/#breadcrumb\",\"itemListElement\":[{\"@type\":\"ListItem\",\"position\":1,\"name\":\"Home\",\"item\":\"https:\\\/\\\/theomm.com\\\/da\\\/original-mountain-marathon\\\/\"},{\"@type\":\"ListItem\",\"position\":2,\"name\":\"Produkter\",\"item\":\"https:\\\/\\\/theomm.com\\\/da\\\/original-mountain-marathon\\\/produkter\\\/\"},{\"@type\":\"ListItem\",\"position\":3,\"name\":\"Core Tights (Copy)\"}]},{\"@type\":\"WebSite\",\"@id\":\"https:\\\/\\\/theomm.com\\\/#website\",\"url\":\"https:\\\/\\\/theomm.com\\\/\",\"name\":\"OMM\",\"description\":\"OMM is Technical clothing and equipment made for running in the mountains. Designed to the specifications of Original Mountain Marathon.\",\"alternateName\":\"Original Mountain Marathon\",\"potentialAction\":[{\"@type\":\"SearchAction\",\"target\":{\"@type\":\"EntryPoint\",\"urlTemplate\":\"https:\\\/\\\/theomm.com\\\/?s={search_term_string}\"},\"query-input\":{\"@type\":\"PropertyValueSpecification\",\"valueRequired\":true,\"valueName\":\"search_term_string\"}}],\"inLanguage\":\"da-DK\"}]}<\/script>\n<!-- \/ Yoast SEO plugin. -->","yoast_head_json":{"title":"Core Tights - OMM","description":"Core Tights, Ultralight Primaloft\u00ae Active Tights til lange vinterl\u00f8b eller kolde overnatninger. Primaloft\u00ae Active giver adaptiv isolering.","robots":{"index":"index","follow":"follow","max-snippet":"max-snippet:-1","max-image-preview":"max-image-preview:large","max-video-preview":"max-video-preview:-1"},"canonical":"https:\/\/theomm.com\/da\/product\/core-tights-copy\/","og_locale":"da_DK","og_type":"article","og_title":"Core Tights - OMM","og_description":"Core Tights, Ultralight Primaloft\u00ae Active Tights til lange vinterl\u00f8b eller kolde overnatninger. Primaloft\u00ae Active giver adaptiv isolering.","og_url":"https:\/\/theomm.com\/da\/product\/core-tights-copy\/","og_site_name":"OMM","article_publisher":"https:\/\/www.facebook.com\/OMMrunning?_ga=2.203172945.1541616462.1665402953-280172632.1649426001","article_modified_time":"2025-01-02T11:32:21+00:00","og_image":[{"width":600,"height":600,"url":"https:\/\/theomm.com\/wp-content\/uploads\/2023\/02\/OC187_Core_Tights_Grey_Front.jpg","type":"image\/jpeg"}],"twitter_card":"summary_large_image","twitter_misc":{"Estimeret l\u00e6setid":"2 minutter"},"schema":{"@context":"https:\/\/schema.org","@graph":[{"@type":"WebPage","@id":"https:\/\/theomm.com\/da\/product\/core-tights-copy\/","url":"https:\/\/theomm.com\/da\/product\/core-tights-copy\/","name":"Core Tights - OMM","isPartOf":{"@id":"https:\/\/theomm.com\/#website"},"primaryImageOfPage":{"@id":"https:\/\/theomm.com\/da\/product\/core-tights-copy\/#primaryimage"},"image":{"@id":"https:\/\/theomm.com\/da\/product\/core-tights-copy\/#primaryimage"},"thumbnailUrl":"https:\/\/theomm.com\/wp-content\/uploads\/2023\/02\/OC187_Core_Tights_Grey_Front.jpg","datePublished":"2023-08-23T14:53:34+00:00","dateModified":"2025-01-02T11:32:21+00:00","description":"Core Tights, Ultralight Primaloft\u00ae Active Tights til lange vinterl\u00f8b eller kolde overnatninger. Primaloft\u00ae Active giver adaptiv isolering.","breadcrumb":{"@id":"https:\/\/theomm.com\/da\/product\/core-tights-copy\/#breadcrumb"},"inLanguage":"da-DK","potentialAction":[{"@type":"ReadAction","target":["https:\/\/theomm.com\/da\/product\/core-tights-copy\/"]}]},{"@type":"ImageObject","inLanguage":"da-DK","@id":"https:\/\/theomm.com\/da\/product\/core-tights-copy\/#primaryimage","url":"https:\/\/theomm.com\/wp-content\/uploads\/2023\/02\/OC187_Core_Tights_Grey_Front.jpg","contentUrl":"https:\/\/theomm.com\/wp-content\/uploads\/2023\/02\/OC187_Core_Tights_Grey_Front.jpg","width":600,"height":600},{"@type":"BreadcrumbList","@id":"https:\/\/theomm.com\/da\/product\/core-tights-copy\/#breadcrumb","itemListElement":[{"@type":"ListItem","position":1,"name":"Home","item":"https:\/\/theomm.com\/da\/original-mountain-marathon\/"},{"@type":"ListItem","position":2,"name":"Produkter","item":"https:\/\/theomm.com\/da\/original-mountain-marathon\/produkter\/"},{"@type":"ListItem","position":3,"name":"Core Tights (Copy)"}]},{"@type":"WebSite","@id":"https:\/\/theomm.com\/#website","url":"https:\/\/theomm.com\/","name":"OMM","description":"OMM is Technical clothing and equipment made for running in the mountains. Designed to the specifications of Original Mountain Marathon.","alternateName":"Original Mountain Marathon","potentialAction":[{"@type":"SearchAction","target":{"@type":"EntryPoint","urlTemplate":"https:\/\/theomm.com\/?s={search_term_string}"},"query-input":{"@type":"PropertyValueSpecification","valueRequired":true,"valueName":"search_term_string"}}],"inLanguage":"da-DK"}]}},"_links":{"self":[{"href":"https:\/\/theomm.com\/da\/wp-json\/wp\/v2\/product\/170742","targetHints":{"allow":["GET"]}}],"collection":[{"href":"https:\/\/theomm.com\/da\/wp-json\/wp\/v2\/product"}],"about":[{"href":"https:\/\/theomm.com\/da\/wp-json\/wp\/v2\/types\/product"}],"wp:featuredmedia":[{"embeddable":true,"href":"https:\/\/theomm.com\/da\/wp-json\/wp\/v2\/media\/156503"}],"wp:attachment":[{"href":"https:\/\/theomm.com\/da\/wp-json\/wp\/v2\/media?parent=170742"}],"wp:term":[{"taxonomy":"locations","embeddable":true,"href":"https:\/\/theomm.com\/da\/wp-json\/wp\/v2\/locations?post=170742"},{"taxonomy":"product_brand","embeddable":true,"href":"https:\/\/theomm.com\/da\/wp-json\/wp\/v2\/product_brand?post=170742"},{"taxonomy":"product_cat","embeddable":true,"href":"https:\/\/theomm.com\/da\/wp-json\/wp\/v2\/product_cat?post=170742"},{"taxonomy":"product_tag","embeddable":true,"href":"https:\/\/theomm.com\/da\/wp-json\/wp\/v2\/product_tag?post=170742"}],"curies":[{"name":"wp","href":"https:\/\/api.w.org\/{rel}","templated":true}]}}