{"id":171042,"date":"2023-08-23T12:41:19","date_gmt":"2023-08-23T12:41:19","guid":{"rendered":"https:\/\/theomm.com\/?post_type=product&#038;p=171042"},"modified":"2026-02-03T15:19:25","modified_gmt":"2026-02-03T15:19:25","slug":"wisp-pant-w","status":"publish","type":"product","link":"https:\/\/theomm.com\/da\/product\/wisp-pant-w\/","title":{"rendered":"Wisp Pant (W)"},"content":{"rendered":"<p>Wisp Pant (W) er fantastisk til bjergl\u00f8b, n\u00e5r v\u00e6gt og pakkevolumen er lige s\u00e5 vigtige som pr\u00e6stationen, n\u00e5r vejret rammer h\u00e5rdt.<\/p>\n<table width=\"2707\">\n<tbody>\n<tr>\n<td width=\"131\">Wisp Pant (W)<\/td>\n<td width=\"83\">\u00a0<\/td>\n<td width=\"289\">95g ultralight v\u00e6gt, vandt\u00e6t buks<\/td>\n<td width=\"587\">En ultralet og \u00e5ndbar vandt\u00e6t buks, der kan pakkes ned til st\u00f8rrelsen af en tennisbold. Ideel, n\u00e5r du \u00f8nsker at bev\u00e6ge dig hurtigt og let med sikkerhed. Konstrueret med smalle, fuldt tapede s\u00f8mme i vores PointZero H20 2-lags vandt\u00e6tte stof. N\u00e5r det kombineres med Wisp Smock, vejer Wisp-dragten i alt 190 g. Fuldt ud i overensstemmelse med l\u00f8bsstandarder er disse overtr\u00e6ksbukser designet til ikke at veje tungt i en rygs\u00e6k, n\u00e5r de ikke er n\u00f8dvendige, men yde en h\u00f8j standard, n\u00e5r vejret skifter. Den brede elastik i taljen er behagelig, n\u00e5r regnen bliver ved, og bukserne bliver siddende l\u00e6ngere, mens den forh\u00f8jede bageste panel hj\u00e6lper med at holde en t\u00e6t forsegling mellem jakke og bukser under en rygs\u00e6k.<\/td>\n<td width=\"173\">190G VANdt\u00e6t S\u00c6T<\/td>\n<td width=\"299\">I kombination med Wisp Smock vejer Wisp Pant samlet 190g, samtidig med at den stadig giver en h\u00f8j grad af beskyttelse og pr\u00e6station. Wisp Pant er ideel til let l\u00f8b under varierende forhold.<\/td>\n<td width=\"173\">MOUNTAIN SHELL PROTECTION<\/td>\n<td width=\"177\">Ultralightweight bjergskal lavet af et 2-lags statisk stof med en hydrostatisk hoved p\u00e5 10.000 mm og \u00e5ndbarhed p\u00e5 10.000 g\/m\u00b2\/24 timer.<\/td>\n<td width=\"173\">MADE TO FIT<\/td>\n<td width=\"177\">Bev\u00e6gelsesfrihed er vigtigt for aktiviteter med h\u00f8j energi som OMM arrangementet. Vi har designet buede kn\u00e6 i Wisp Pant, der giver dig uhindret bev\u00e6gelse under l\u00f8b og klatring. Sammen med den brede elastiske talje for hel dags komfort og det h\u00f8jere bageste panel for komplet d\u00e6kning under mere h\u00e5ndgribelig l\u00f8b.<\/td>\n<td width=\"230\">Vindt\u00e6t Vandt\u00e6t Meget pakbar Buede kn\u00e6 Kvindespecifik pasform Tapede s\u00f8mme Bred elastisk talje Forh\u00f8jet bageste panel str\u00e6kker sig til l\u00e6nden Velcrolukninger ved anklerne for nemmere p\u00e5- og afkl\u00e6dning Reflekterende logoer Intern opbevaringslomme<\/td>\n<td width=\"215\">Farver: Gr\u00e5, Gul\/Bl\u00e5, Sort Stof: PointZero H20 V\u00e6gt: 80g St\u00f8rrelser: XS \/ S \/ M \/ L \/ XL<\/td>\n<\/tr>\n<\/tbody>\n<\/table>\n","protected":false},"excerpt":{"rendered":"<p>Ultralet og \u00e5ndbar vandt\u00e6t buks, der kan pakkes ned til st\u00f8rrelsen af en tennisbold. Ideel, n\u00e5r du \u00f8nsker at bev\u00e6ge dig hurtigt og let med sikkerhed. Konstrueret med smalle, fuldt tapede s\u00f8mme i vores PointZero H20 2-lags vandt\u00e6tte stof. N\u00e5r det kombineres med Wisp+ Jakken, vejer Wisp-dragten i alt 200g. Fuldt ud i overensstemmelse med l\u00f8bsstandarder er disse overtr\u00e6ksbukser designet til ikke at veje tungt i en rygs\u00e6k, n\u00e5r de ikke er n\u00f8dvendige, men yde en h\u00f8j standard, n\u00e5r vejret skifter. Den brede elastik i taljen og kvindespecifik pasform er behagelig, n\u00e5r regnen bliver ved, og bukserne bliver siddende l\u00e6ngere, mens det forh\u00f8jede bageste panel hj\u00e6lper med at holde en t\u00e6t forsegling mellem jakke og bukser under en rygs\u00e6k.<\/p>\n","protected":false},"featured_media":156561,"template":"","meta":{"_acf_changed":false,"_et_pb_use_builder":"","_et_pb_old_content":"","_et_gb_content_width":""},"locations":[],"product_brand":[],"product_cat":[1250,1254,1258,1259,1256],"product_tag":[2008,1689,1349,1753,2010,2009],"class_list":{"0":"post-171042","1":"product","2":"type-product","3":"status-publish","4":"has-post-thumbnail","6":"product_cat-beklaedning","7":"product_cat-benklaeder","8":"product_cat-kit-lister","9":"product_cat-nyheder","10":"product_cat-ydre-lag","11":"product_tag-overtraeksbukser","12":"product_tag-running-pant-da","13":"product_tag-sp-da","14":"product_tag-waterproof-da","15":"product_tag-waterproof-running-pant-da","16":"product_tag-Wisp-pant-da","17":"pa_color-gra","18":"pa_color-sort","19":"pa_colour-gra","20":"pa_colour-sort","21":"pa_gender-womens-da","22":"pa_size-stor","23":"pa_size-middel","24":"pa_size-lille","25":"pa_size-x-stor","26":"pa_size-x-lille","27":"pa_technology-point-zero-h2o","28":"pa_weight-50-100g","30":"first","31":"instock","32":"taxable","33":"shipping-taxable","34":"purchasable","35":"product-type-variable","36":"wvs-archive-product-wrapper"},"acf":[],"yoast_head":"<!-- This site is optimized with the Yoast SEO plugin v27.3 - https:\/\/yoast.com\/product\/yoast-seo-wordpress\/ -->\n<title>Wisp Pant (W)<\/title>\n<meta name=\"description\" content=\"The Wisp Pant (W) Ultralet og \u00e5ndbar vandt\u00e6t buks med kvindespecifik pasform, der kan pakkes ned til st\u00f8rrelsen af en tennisbold.\" \/>\n<meta name=\"robots\" content=\"index, follow, max-snippet:-1, max-image-preview:large, max-video-preview:-1\" \/>\n<link rel=\"canonical\" href=\"https:\/\/theomm.com\/da\/product\/wisp-pant-w\/\" \/>\n<meta property=\"og:locale\" content=\"da_DK\" \/>\n<meta property=\"og:type\" content=\"article\" \/>\n<meta property=\"og:title\" content=\"Wisp Pant (W)\" \/>\n<meta property=\"og:description\" content=\"The Wisp Pant (W) Ultralet og \u00e5ndbar vandt\u00e6t buks med kvindespecifik pasform, der kan pakkes ned til st\u00f8rrelsen af en tennisbold.\" \/>\n<meta property=\"og:url\" content=\"https:\/\/theomm.com\/da\/product\/wisp-pant-w\/\" \/>\n<meta property=\"og:site_name\" content=\"OMM\" \/>\n<meta property=\"article:publisher\" content=\"https:\/\/www.facebook.com\/OMMrunning?_ga=2.203172945.1541616462.1665402953-280172632.1649426001\" \/>\n<meta property=\"article:modified_time\" content=\"2026-02-03T15:19:25+00:00\" \/>\n<meta property=\"og:image\" content=\"https:\/\/theomm.com\/wp-content\/uploads\/2023\/02\/OC189_Halo_Pant_W_Grey_Front.jpg\" \/>\n\t<meta property=\"og:image:width\" content=\"600\" \/>\n\t<meta property=\"og:image:height\" content=\"600\" \/>\n\t<meta property=\"og:image:type\" content=\"image\/jpeg\" \/>\n<meta name=\"twitter:card\" content=\"summary_large_image\" \/>\n<meta name=\"twitter:label1\" content=\"Estimeret l\u00e6setid\" \/>\n\t<meta name=\"twitter:data1\" content=\"2 minutter\" \/>\n<script type=\"application\/ld+json\" class=\"yoast-schema-graph\">{\"@context\":\"https:\\\/\\\/schema.org\",\"@graph\":[{\"@type\":\"WebPage\",\"@id\":\"https:\\\/\\\/theomm.com\\\/da\\\/product\\\/wisp-pant-w\\\/\",\"url\":\"https:\\\/\\\/theomm.com\\\/da\\\/product\\\/wisp-pant-w\\\/\",\"name\":\"Wisp Pant (W)\",\"isPartOf\":{\"@id\":\"https:\\\/\\\/theomm.com\\\/#website\"},\"primaryImageOfPage\":{\"@id\":\"https:\\\/\\\/theomm.com\\\/da\\\/product\\\/wisp-pant-w\\\/#primaryimage\"},\"image\":{\"@id\":\"https:\\\/\\\/theomm.com\\\/da\\\/product\\\/wisp-pant-w\\\/#primaryimage\"},\"thumbnailUrl\":\"https:\\\/\\\/theomm.com\\\/wp-content\\\/uploads\\\/2023\\\/02\\\/OC189_Halo_Pant_W_Grey_Front.jpg\",\"datePublished\":\"2023-08-23T12:41:19+00:00\",\"dateModified\":\"2026-02-03T15:19:25+00:00\",\"description\":\"The Wisp Pant (W) Ultralet og \u00e5ndbar vandt\u00e6t buks med kvindespecifik pasform, der kan pakkes ned til st\u00f8rrelsen af en tennisbold.\",\"breadcrumb\":{\"@id\":\"https:\\\/\\\/theomm.com\\\/da\\\/product\\\/wisp-pant-w\\\/#breadcrumb\"},\"inLanguage\":\"da-DK\",\"potentialAction\":[{\"@type\":\"ReadAction\",\"target\":[\"https:\\\/\\\/theomm.com\\\/da\\\/product\\\/wisp-pant-w\\\/\"]}]},{\"@type\":\"ImageObject\",\"inLanguage\":\"da-DK\",\"@id\":\"https:\\\/\\\/theomm.com\\\/da\\\/product\\\/wisp-pant-w\\\/#primaryimage\",\"url\":\"https:\\\/\\\/theomm.com\\\/wp-content\\\/uploads\\\/2023\\\/02\\\/OC189_Halo_Pant_W_Grey_Front.jpg\",\"contentUrl\":\"https:\\\/\\\/theomm.com\\\/wp-content\\\/uploads\\\/2023\\\/02\\\/OC189_Halo_Pant_W_Grey_Front.jpg\",\"width\":600,\"height\":600},{\"@type\":\"BreadcrumbList\",\"@id\":\"https:\\\/\\\/theomm.com\\\/da\\\/product\\\/wisp-pant-w\\\/#breadcrumb\",\"itemListElement\":[{\"@type\":\"ListItem\",\"position\":1,\"name\":\"Home\",\"item\":\"https:\\\/\\\/theomm.com\\\/da\\\/original-mountain-marathon\\\/\"},{\"@type\":\"ListItem\",\"position\":2,\"name\":\"Produkter\",\"item\":\"https:\\\/\\\/theomm.com\\\/da\\\/original-mountain-marathon\\\/produkter\\\/\"},{\"@type\":\"ListItem\",\"position\":3,\"name\":\"Wisp Pant (W)\"}]},{\"@type\":\"WebSite\",\"@id\":\"https:\\\/\\\/theomm.com\\\/#website\",\"url\":\"https:\\\/\\\/theomm.com\\\/\",\"name\":\"OMM\",\"description\":\"OMM is Technical clothing and equipment made for running in the mountains. Designed to the specifications of Original Mountain Marathon.\",\"alternateName\":\"Original Mountain Marathon\",\"potentialAction\":[{\"@type\":\"SearchAction\",\"target\":{\"@type\":\"EntryPoint\",\"urlTemplate\":\"https:\\\/\\\/theomm.com\\\/?s={search_term_string}\"},\"query-input\":{\"@type\":\"PropertyValueSpecification\",\"valueRequired\":true,\"valueName\":\"search_term_string\"}}],\"inLanguage\":\"da-DK\"}]}<\/script>\n<!-- \/ Yoast SEO plugin. -->","yoast_head_json":{"title":"Wisp Pant (W)","description":"The Wisp Pant (W) Ultralet og \u00e5ndbar vandt\u00e6t buks med kvindespecifik pasform, der kan pakkes ned til st\u00f8rrelsen af en tennisbold.","robots":{"index":"index","follow":"follow","max-snippet":"max-snippet:-1","max-image-preview":"max-image-preview:large","max-video-preview":"max-video-preview:-1"},"canonical":"https:\/\/theomm.com\/da\/product\/wisp-pant-w\/","og_locale":"da_DK","og_type":"article","og_title":"Wisp Pant (W)","og_description":"The Wisp Pant (W) Ultralet og \u00e5ndbar vandt\u00e6t buks med kvindespecifik pasform, der kan pakkes ned til st\u00f8rrelsen af en tennisbold.","og_url":"https:\/\/theomm.com\/da\/product\/wisp-pant-w\/","og_site_name":"OMM","article_publisher":"https:\/\/www.facebook.com\/OMMrunning?_ga=2.203172945.1541616462.1665402953-280172632.1649426001","article_modified_time":"2026-02-03T15:19:25+00:00","og_image":[{"width":600,"height":600,"url":"https:\/\/theomm.com\/wp-content\/uploads\/2023\/02\/OC189_Halo_Pant_W_Grey_Front.jpg","type":"image\/jpeg"}],"twitter_card":"summary_large_image","twitter_misc":{"Estimeret l\u00e6setid":"2 minutter"},"schema":{"@context":"https:\/\/schema.org","@graph":[{"@type":"WebPage","@id":"https:\/\/theomm.com\/da\/product\/wisp-pant-w\/","url":"https:\/\/theomm.com\/da\/product\/wisp-pant-w\/","name":"Wisp Pant (W)","isPartOf":{"@id":"https:\/\/theomm.com\/#website"},"primaryImageOfPage":{"@id":"https:\/\/theomm.com\/da\/product\/wisp-pant-w\/#primaryimage"},"image":{"@id":"https:\/\/theomm.com\/da\/product\/wisp-pant-w\/#primaryimage"},"thumbnailUrl":"https:\/\/theomm.com\/wp-content\/uploads\/2023\/02\/OC189_Halo_Pant_W_Grey_Front.jpg","datePublished":"2023-08-23T12:41:19+00:00","dateModified":"2026-02-03T15:19:25+00:00","description":"The Wisp Pant (W) Ultralet og \u00e5ndbar vandt\u00e6t buks med kvindespecifik pasform, der kan pakkes ned til st\u00f8rrelsen af en tennisbold.","breadcrumb":{"@id":"https:\/\/theomm.com\/da\/product\/wisp-pant-w\/#breadcrumb"},"inLanguage":"da-DK","potentialAction":[{"@type":"ReadAction","target":["https:\/\/theomm.com\/da\/product\/wisp-pant-w\/"]}]},{"@type":"ImageObject","inLanguage":"da-DK","@id":"https:\/\/theomm.com\/da\/product\/wisp-pant-w\/#primaryimage","url":"https:\/\/theomm.com\/wp-content\/uploads\/2023\/02\/OC189_Halo_Pant_W_Grey_Front.jpg","contentUrl":"https:\/\/theomm.com\/wp-content\/uploads\/2023\/02\/OC189_Halo_Pant_W_Grey_Front.jpg","width":600,"height":600},{"@type":"BreadcrumbList","@id":"https:\/\/theomm.com\/da\/product\/wisp-pant-w\/#breadcrumb","itemListElement":[{"@type":"ListItem","position":1,"name":"Home","item":"https:\/\/theomm.com\/da\/original-mountain-marathon\/"},{"@type":"ListItem","position":2,"name":"Produkter","item":"https:\/\/theomm.com\/da\/original-mountain-marathon\/produkter\/"},{"@type":"ListItem","position":3,"name":"Wisp Pant (W)"}]},{"@type":"WebSite","@id":"https:\/\/theomm.com\/#website","url":"https:\/\/theomm.com\/","name":"OMM","description":"OMM is Technical clothing and equipment made for running in the mountains. Designed to the specifications of Original Mountain Marathon.","alternateName":"Original Mountain Marathon","potentialAction":[{"@type":"SearchAction","target":{"@type":"EntryPoint","urlTemplate":"https:\/\/theomm.com\/?s={search_term_string}"},"query-input":{"@type":"PropertyValueSpecification","valueRequired":true,"valueName":"search_term_string"}}],"inLanguage":"da-DK"}]}},"_links":{"self":[{"href":"https:\/\/theomm.com\/da\/wp-json\/wp\/v2\/product\/171042","targetHints":{"allow":["GET"]}}],"collection":[{"href":"https:\/\/theomm.com\/da\/wp-json\/wp\/v2\/product"}],"about":[{"href":"https:\/\/theomm.com\/da\/wp-json\/wp\/v2\/types\/product"}],"wp:featuredmedia":[{"embeddable":true,"href":"https:\/\/theomm.com\/da\/wp-json\/wp\/v2\/media\/156561"}],"wp:attachment":[{"href":"https:\/\/theomm.com\/da\/wp-json\/wp\/v2\/media?parent=171042"}],"wp:term":[{"taxonomy":"locations","embeddable":true,"href":"https:\/\/theomm.com\/da\/wp-json\/wp\/v2\/locations?post=171042"},{"taxonomy":"product_brand","embeddable":true,"href":"https:\/\/theomm.com\/da\/wp-json\/wp\/v2\/product_brand?post=171042"},{"taxonomy":"product_cat","embeddable":true,"href":"https:\/\/theomm.com\/da\/wp-json\/wp\/v2\/product_cat?post=171042"},{"taxonomy":"product_tag","embeddable":true,"href":"https:\/\/theomm.com\/da\/wp-json\/wp\/v2\/product_tag?post=171042"}],"curies":[{"name":"wp","href":"https:\/\/api.w.org\/{rel}","templated":true}]}}