{"id":171072,"date":"2023-11-20T09:45:29","date_gmt":"2023-11-20T09:45:29","guid":{"rendered":"https:\/\/theomm.com\/?post_type=product&#038;p=171072"},"modified":"2026-03-31T09:24:45","modified_gmt":"2026-03-31T09:24:45","slug":"wisp-pant","status":"publish","type":"product","link":"https:\/\/theomm.com\/da\/product\/wisp-pant\/","title":{"rendered":"Wisp Pant"},"content":{"rendered":"<p>Wisp Pant er perfekte til bjergl\u00f8b, hvor v\u00e6gt og pakkevolumen er lige s\u00e5 vigtige som ydeevnen, n\u00e5r det h\u00e5rde vejr rammer.<\/p>\n<table width=\"2707\">\n<tbody>\n<tr>\n<td width=\"131\">Wisp Pant<\/td>\n<td width=\"83\">\u00a0<\/td>\n<td width=\"289\">95G ULTRA LETV\u00c6GT VANDT\u00c6TTE BUKSER<\/td>\n<td width=\"587\">En ultraletv\u00e6gts og \u00e5ndbart og vandt\u00e6t buks, der kan pakkes ned til st\u00f8rrelsen af en tennisbold. Ideelt, n\u00e5r du \u00f8nsker at bev\u00e6ge dig hurtigt og let. Konstrueret med slanke, fuldt tapede s\u00f8mme i vores PointZero H20 2-lags vandt\u00e6tte stof. N\u00e5r det kombineres med Wisp Smock, vejer Wisp-s\u00e6ttet i alt 190 g. Fuldt ud i overensstemmelse med racerreglerne er disse overtr\u00e6ksbukser designet til ikke at veje meget i en rygs\u00e6k, n\u00e5r de ikke bliver brugt. Den brede elastik i taljen er komfortabel, n\u00e5r regnen forts\u00e6tter, og bukserne bliver p\u00e5 i l\u00e6ngere tid, mens det h\u00e6vede bagpanel hj\u00e6lper med at bevare en t\u00e6tning mellem jakke og bukser under en rygs\u00e6k.<\/td>\n<td width=\"173\">190G WATERPROOF SUIT<\/td>\n<td width=\"299\">I kombination med Wisp Smock vejer Wisp Pant i alt 190g, samtidig med at det stadig giver en h\u00f8j grad af beskyttelse og ydeevne. Wisp Pant er ideelle til letv\u00e6gtsl\u00f8b under varierende forhold.<\/td>\n<td width=\"173\">MOUNTAIN SHELL PROTECTION<\/td>\n<td width=\"177\">Ultraletv\u00e6gts bjergskal lavet af et 2-lags statisk stof med en hydrostatisk hoved p\u00e5 10.000 mm og \u00e5ndbarhed p\u00e5 10.000 g\/m\u00b2\/24 timer.<\/td>\n<td width=\"173\">MADE TO FIT<\/td>\n<td width=\"177\">Fri bev\u00e6gelighed er vigtig for aktiviteter med h\u00f8j energi som OMM-eventen. Vi har designet ledformede kn\u00e6 i Wisp Pant, der giver dig uhindret bev\u00e6gelse under l\u00f8b og klatring. Kombineret med den brede elastiske taljeb\u00e5nd for hel dags komfort og det h\u00e6vede bagpanel for fuld d\u00e6kning under rygs\u00e6kken.<\/td>\n<td width=\"230\">Vindt\u00e6t Vandt\u00e6t Meget let at pakke Ledformede kn\u00e6 Kvinders specifik pasform Tapede s\u00f8mme Bred elastisk talje H\u00e6vet bagpanel der str\u00e6kker sig ned til l\u00e6nden Velcrolukninger ved anklerne for nemmere p\u00e5\/af Reflekterende logoer Intern opbevaringslomme<\/td>\n<td width=\"215\">Farver: Grey, Yellow\/Blue, Black Stof: PointZero H20 V\u00e6gt: 80g St\u00f8rrelser: XS \/ S \/ M \/ L \/ XL<\/td>\n<\/tr>\n<\/tbody>\n<\/table>\n","protected":false},"excerpt":{"rendered":"<p>Et ultraletv\u00e6gts, \u00e5ndbart og vandt\u00e6t buks, der kan pakkes ned til st\u00f8rrelsen af en tennisbold. Ideelt, n\u00e5r du \u00f8nsker at bev\u00e6ge dig hurtigt og let. Konstrueret med slanke, fuldt tapede s\u00f8mme i vores PointZero H20 2-lags vandt\u00e6tte stof. N\u00e5r det kombineres med Wisp Smock, vejer Wisp-s\u00e6ttet i alt 190g. Fuldt ud i overensstemmelse med racerreglerne er disse overbukser designet til ikke at veje meget i en rygs\u00e6k, n\u00e5r de ikke er i brug, men yde h\u00f8j standard, n\u00e5r vejret kr\u00e6ver det. Den brede elastik i taljen er komfortabel, n\u00e5r regnen forts\u00e6tter, og bukserne bliver p\u00e5 i l\u00e6ngere tid, mens det h\u00e6vede bagpanel hj\u00e6lper med at bevare en t\u00e6tning mellem jakke og bukser under en rygs\u00e6k.<\/p>\n","protected":false},"featured_media":156528,"template":"","meta":{"_acf_changed":false,"_et_pb_use_builder":"","_et_pb_old_content":"","_et_gb_content_width":""},"locations":[],"product_brand":[],"product_cat":[1250,1254,1258,1259,1256],"product_tag":[2008,1689,1753,2010,2009],"class_list":{"0":"post-171072","1":"product","2":"type-product","3":"status-publish","4":"has-post-thumbnail","6":"product_cat-beklaedning","7":"product_cat-benklaeder","8":"product_cat-kit-lister","9":"product_cat-nyheder","10":"product_cat-ydre-lag","11":"product_tag-overtraeksbukser","12":"product_tag-running-pant-da","13":"product_tag-waterproof-da","14":"product_tag-waterproof-running-pant-da","15":"product_tag-Wisp-pant-da","16":"pa_color-bla","17":"pa_color-gra","18":"pa_color-gul","19":"pa_color-sort","20":"pa_colour-blue-yellow-da","21":"pa_colour-gra","22":"pa_colour-sort","23":"pa_gender-mens-da","24":"pa_size-stor","25":"pa_size-middel","26":"pa_size-lille","27":"pa_size-x-stor","28":"pa_size-x-lille","29":"pa_technology-point-zero-h2o","30":"pa_weight-50-100g","32":"first","33":"instock","34":"taxable","35":"shipping-taxable","36":"purchasable","37":"product-type-variable","38":"wvs-archive-product-wrapper"},"acf":[],"yoast_head":"<!-- This site is optimized with the Yoast SEO plugin v27.3 - https:\/\/yoast.com\/product\/yoast-seo-wordpress\/ -->\n<title>Wisp Pant<\/title>\n<meta name=\"description\" content=\"The Wisp Pant er ultral\u00e6kkert og \u00e5ndbart vandt\u00e6tte bukser, der kan pakkes ned til st\u00f8rrelsen af en tennisbold. Perfekt til n\u00e5r du \u00f8nsker at bev\u00e6ge dig hurtigt og let.\" \/>\n<meta name=\"robots\" content=\"index, follow, max-snippet:-1, max-image-preview:large, max-video-preview:-1\" \/>\n<link rel=\"canonical\" href=\"https:\/\/theomm.com\/da\/product\/wisp-pant\/\" \/>\n<meta property=\"og:locale\" content=\"da_DK\" \/>\n<meta property=\"og:type\" content=\"article\" \/>\n<meta property=\"og:title\" content=\"Wisp Pant\" \/>\n<meta property=\"og:description\" content=\"The Wisp Pant er ultral\u00e6kkert og \u00e5ndbart vandt\u00e6tte bukser, der kan pakkes ned til st\u00f8rrelsen af en tennisbold. Perfekt til n\u00e5r du \u00f8nsker at bev\u00e6ge dig hurtigt og let.\" \/>\n<meta property=\"og:url\" content=\"https:\/\/theomm.com\/da\/product\/wisp-pant\/\" \/>\n<meta property=\"og:site_name\" content=\"OMM\" \/>\n<meta property=\"article:publisher\" content=\"https:\/\/www.facebook.com\/OMMrunning?_ga=2.203172945.1541616462.1665402953-280172632.1649426001\" \/>\n<meta property=\"article:modified_time\" content=\"2026-03-31T09:24:45+00:00\" \/>\n<meta property=\"og:image\" content=\"https:\/\/theomm.com\/wp-content\/uploads\/2023\/02\/OC188_Halo_Pant_Black_Front-1.jpg\" \/>\n\t<meta property=\"og:image:width\" content=\"600\" \/>\n\t<meta property=\"og:image:height\" content=\"600\" \/>\n\t<meta property=\"og:image:type\" content=\"image\/jpeg\" \/>\n<meta name=\"twitter:card\" content=\"summary_large_image\" \/>\n<meta name=\"twitter:label1\" content=\"Estimeret l\u00e6setid\" \/>\n\t<meta name=\"twitter:data1\" content=\"2 minutter\" \/>\n<script type=\"application\/ld+json\" class=\"yoast-schema-graph\">{\"@context\":\"https:\\\/\\\/schema.org\",\"@graph\":[{\"@type\":\"WebPage\",\"@id\":\"https:\\\/\\\/theomm.com\\\/da\\\/product\\\/wisp-pant\\\/\",\"url\":\"https:\\\/\\\/theomm.com\\\/da\\\/product\\\/wisp-pant\\\/\",\"name\":\"Wisp Pant\",\"isPartOf\":{\"@id\":\"https:\\\/\\\/theomm.com\\\/#website\"},\"primaryImageOfPage\":{\"@id\":\"https:\\\/\\\/theomm.com\\\/da\\\/product\\\/wisp-pant\\\/#primaryimage\"},\"image\":{\"@id\":\"https:\\\/\\\/theomm.com\\\/da\\\/product\\\/wisp-pant\\\/#primaryimage\"},\"thumbnailUrl\":\"https:\\\/\\\/theomm.com\\\/wp-content\\\/uploads\\\/2023\\\/02\\\/OC188_Halo_Pant_Black_Front-1.jpg\",\"datePublished\":\"2023-11-20T09:45:29+00:00\",\"dateModified\":\"2026-03-31T09:24:45+00:00\",\"description\":\"The Wisp Pant er ultral\u00e6kkert og \u00e5ndbart vandt\u00e6tte bukser, der kan pakkes ned til st\u00f8rrelsen af en tennisbold. Perfekt til n\u00e5r du \u00f8nsker at bev\u00e6ge dig hurtigt og let.\",\"breadcrumb\":{\"@id\":\"https:\\\/\\\/theomm.com\\\/da\\\/product\\\/wisp-pant\\\/#breadcrumb\"},\"inLanguage\":\"da-DK\",\"potentialAction\":[{\"@type\":\"ReadAction\",\"target\":[\"https:\\\/\\\/theomm.com\\\/da\\\/product\\\/wisp-pant\\\/\"]}]},{\"@type\":\"ImageObject\",\"inLanguage\":\"da-DK\",\"@id\":\"https:\\\/\\\/theomm.com\\\/da\\\/product\\\/wisp-pant\\\/#primaryimage\",\"url\":\"https:\\\/\\\/theomm.com\\\/wp-content\\\/uploads\\\/2023\\\/02\\\/OC188_Halo_Pant_Black_Front-1.jpg\",\"contentUrl\":\"https:\\\/\\\/theomm.com\\\/wp-content\\\/uploads\\\/2023\\\/02\\\/OC188_Halo_Pant_Black_Front-1.jpg\",\"width\":600,\"height\":600},{\"@type\":\"BreadcrumbList\",\"@id\":\"https:\\\/\\\/theomm.com\\\/da\\\/product\\\/wisp-pant\\\/#breadcrumb\",\"itemListElement\":[{\"@type\":\"ListItem\",\"position\":1,\"name\":\"Home\",\"item\":\"https:\\\/\\\/theomm.com\\\/da\\\/original-mountain-marathon\\\/\"},{\"@type\":\"ListItem\",\"position\":2,\"name\":\"Produkter\",\"item\":\"https:\\\/\\\/theomm.com\\\/da\\\/original-mountain-marathon\\\/produkter\\\/\"},{\"@type\":\"ListItem\",\"position\":3,\"name\":\"Wisp Pant\"}]},{\"@type\":\"WebSite\",\"@id\":\"https:\\\/\\\/theomm.com\\\/#website\",\"url\":\"https:\\\/\\\/theomm.com\\\/\",\"name\":\"OMM\",\"description\":\"OMM is Technical clothing and equipment made for running in the mountains. Designed to the specifications of Original Mountain Marathon.\",\"alternateName\":\"Original Mountain Marathon\",\"potentialAction\":[{\"@type\":\"SearchAction\",\"target\":{\"@type\":\"EntryPoint\",\"urlTemplate\":\"https:\\\/\\\/theomm.com\\\/?s={search_term_string}\"},\"query-input\":{\"@type\":\"PropertyValueSpecification\",\"valueRequired\":true,\"valueName\":\"search_term_string\"}}],\"inLanguage\":\"da-DK\"}]}<\/script>\n<!-- \/ Yoast SEO plugin. -->","yoast_head_json":{"title":"Wisp Pant","description":"The Wisp Pant er ultral\u00e6kkert og \u00e5ndbart vandt\u00e6tte bukser, der kan pakkes ned til st\u00f8rrelsen af en tennisbold. Perfekt til n\u00e5r du \u00f8nsker at bev\u00e6ge dig hurtigt og let.","robots":{"index":"index","follow":"follow","max-snippet":"max-snippet:-1","max-image-preview":"max-image-preview:large","max-video-preview":"max-video-preview:-1"},"canonical":"https:\/\/theomm.com\/da\/product\/wisp-pant\/","og_locale":"da_DK","og_type":"article","og_title":"Wisp Pant","og_description":"The Wisp Pant er ultral\u00e6kkert og \u00e5ndbart vandt\u00e6tte bukser, der kan pakkes ned til st\u00f8rrelsen af en tennisbold. Perfekt til n\u00e5r du \u00f8nsker at bev\u00e6ge dig hurtigt og let.","og_url":"https:\/\/theomm.com\/da\/product\/wisp-pant\/","og_site_name":"OMM","article_publisher":"https:\/\/www.facebook.com\/OMMrunning?_ga=2.203172945.1541616462.1665402953-280172632.1649426001","article_modified_time":"2026-03-31T09:24:45+00:00","og_image":[{"width":600,"height":600,"url":"https:\/\/theomm.com\/wp-content\/uploads\/2023\/02\/OC188_Halo_Pant_Black_Front-1.jpg","type":"image\/jpeg"}],"twitter_card":"summary_large_image","twitter_misc":{"Estimeret l\u00e6setid":"2 minutter"},"schema":{"@context":"https:\/\/schema.org","@graph":[{"@type":"WebPage","@id":"https:\/\/theomm.com\/da\/product\/wisp-pant\/","url":"https:\/\/theomm.com\/da\/product\/wisp-pant\/","name":"Wisp Pant","isPartOf":{"@id":"https:\/\/theomm.com\/#website"},"primaryImageOfPage":{"@id":"https:\/\/theomm.com\/da\/product\/wisp-pant\/#primaryimage"},"image":{"@id":"https:\/\/theomm.com\/da\/product\/wisp-pant\/#primaryimage"},"thumbnailUrl":"https:\/\/theomm.com\/wp-content\/uploads\/2023\/02\/OC188_Halo_Pant_Black_Front-1.jpg","datePublished":"2023-11-20T09:45:29+00:00","dateModified":"2026-03-31T09:24:45+00:00","description":"The Wisp Pant er ultral\u00e6kkert og \u00e5ndbart vandt\u00e6tte bukser, der kan pakkes ned til st\u00f8rrelsen af en tennisbold. Perfekt til n\u00e5r du \u00f8nsker at bev\u00e6ge dig hurtigt og let.","breadcrumb":{"@id":"https:\/\/theomm.com\/da\/product\/wisp-pant\/#breadcrumb"},"inLanguage":"da-DK","potentialAction":[{"@type":"ReadAction","target":["https:\/\/theomm.com\/da\/product\/wisp-pant\/"]}]},{"@type":"ImageObject","inLanguage":"da-DK","@id":"https:\/\/theomm.com\/da\/product\/wisp-pant\/#primaryimage","url":"https:\/\/theomm.com\/wp-content\/uploads\/2023\/02\/OC188_Halo_Pant_Black_Front-1.jpg","contentUrl":"https:\/\/theomm.com\/wp-content\/uploads\/2023\/02\/OC188_Halo_Pant_Black_Front-1.jpg","width":600,"height":600},{"@type":"BreadcrumbList","@id":"https:\/\/theomm.com\/da\/product\/wisp-pant\/#breadcrumb","itemListElement":[{"@type":"ListItem","position":1,"name":"Home","item":"https:\/\/theomm.com\/da\/original-mountain-marathon\/"},{"@type":"ListItem","position":2,"name":"Produkter","item":"https:\/\/theomm.com\/da\/original-mountain-marathon\/produkter\/"},{"@type":"ListItem","position":3,"name":"Wisp Pant"}]},{"@type":"WebSite","@id":"https:\/\/theomm.com\/#website","url":"https:\/\/theomm.com\/","name":"OMM","description":"OMM is Technical clothing and equipment made for running in the mountains. Designed to the specifications of Original Mountain Marathon.","alternateName":"Original Mountain Marathon","potentialAction":[{"@type":"SearchAction","target":{"@type":"EntryPoint","urlTemplate":"https:\/\/theomm.com\/?s={search_term_string}"},"query-input":{"@type":"PropertyValueSpecification","valueRequired":true,"valueName":"search_term_string"}}],"inLanguage":"da-DK"}]}},"_links":{"self":[{"href":"https:\/\/theomm.com\/da\/wp-json\/wp\/v2\/product\/171072","targetHints":{"allow":["GET"]}}],"collection":[{"href":"https:\/\/theomm.com\/da\/wp-json\/wp\/v2\/product"}],"about":[{"href":"https:\/\/theomm.com\/da\/wp-json\/wp\/v2\/types\/product"}],"wp:featuredmedia":[{"embeddable":true,"href":"https:\/\/theomm.com\/da\/wp-json\/wp\/v2\/media\/156528"}],"wp:attachment":[{"href":"https:\/\/theomm.com\/da\/wp-json\/wp\/v2\/media?parent=171072"}],"wp:term":[{"taxonomy":"locations","embeddable":true,"href":"https:\/\/theomm.com\/da\/wp-json\/wp\/v2\/locations?post=171072"},{"taxonomy":"product_brand","embeddable":true,"href":"https:\/\/theomm.com\/da\/wp-json\/wp\/v2\/product_brand?post=171072"},{"taxonomy":"product_cat","embeddable":true,"href":"https:\/\/theomm.com\/da\/wp-json\/wp\/v2\/product_cat?post=171072"},{"taxonomy":"product_tag","embeddable":true,"href":"https:\/\/theomm.com\/da\/wp-json\/wp\/v2\/product_tag?post=171072"}],"curies":[{"name":"wp","href":"https:\/\/api.w.org\/{rel}","templated":true}]}}