{"id":171123,"date":"2023-10-01T14:07:58","date_gmt":"2023-10-01T14:07:58","guid":{"rendered":"https:\/\/theomm.com\/?post_type=product&#038;p=171123"},"modified":"2025-10-10T10:32:47","modified_gmt":"2025-10-10T10:32:47","slug":"core-zipped-vest","status":"publish","type":"product","link":"https:\/\/theomm.com\/da\/product\/core-zipped-vest\/","title":{"rendered":"Core Zipped Vest"},"content":{"rendered":"<p>LIGHTWEIGHT AIR-PERMEABLE PRIMALOFT\u00ae INSULATION<\/p>\n<div class=\"ewa-rteLine\">A new concept in active insulation, the OMM Core Range is made entirely from PrimaLoft\u00ae ACTIVE ultra-light insulating fabric. Built from a synthetic plume woven through a knitted mesh, Core offers the warmth of a fleece but at less-than half the weight. Paired with a shell, the Core is an incredibly effective insulator but thanks to near-total air permeability, the lightest breeze can take away that heat. This allows you to keep your Core layer on even when you have warmed up and you can thermoregulate by removing\/unzipping your shell (eg. Sonic windproof at 49g). A true valley to summit piece. Core works wet or dry with incredible wicking properties to ensure you won\u2019t stay wet for long.<\/div>\n<div class=\"ewa-rteLine\"><\/div>\n<div class=\"ewa-rteLine\">With a full length zip and warm draft excluder collar, this is a great mid-layer equally at home on the fells as it is on a rest day mooch. The Vest fit allows for good insulation without extra bulk or overheating.<\/div>\n<div class=\"ewa-rteLine\"><\/div>\n<div class=\"ewa-rteLine\">The Core Zipped Vest uses the midweight 125g\/m2 PrimaLoft\u00ae ACTIVE Insulating Fabric Technology, the heavier version of the 75g\/m2 PrimaLoft\u00ae Active fabric used in the Core Vest and Core Hoodie.<\/div>\n<div><\/div>\n<div>ADAPTABLE INSULATION<\/div>\n<div>PrimaLoft\u00ae ACTIVE Insulating Fabric weaves PrimaLoft\u00ae fibres onto a mesh, giving a super high volume and open structure. Fabrics insulate by trapping pockets of air that the wearer\u2019s heat cannot pass through. Core structure is exceptional at creating these pockets. However the openness also allows for a light breeze to disturb these air pockets and remove the insulation effect. Core uses this to its advantage; put a light shell on over the top for the best possible warmth to weight layer and then when you get too hot adjust\/remove only the shell and you can keep pushing hard to the summit without a bulky layer to stash.<\/div>\n<div><\/div>\n<div>\n<div class=\"ewa-rteLine\">HALF THE WEIGHT &amp; PACK SIZE<\/div>\n<div>A single mesh fabric holds the insulation plume in place, reducing the need for extra fabric layers and halving the weight and pack size.<\/div>\n<div><\/div>\n<\/div>\n<div>FINEST QUALITY SYNTHETIC INSULATION<\/div>\n<div>At OMM we always choose synthetic insulation over down to be sure that we can get warm even when everything is wet. We believe PrimaLoft\u00ae make the best synthetic insulation and so it is an easy choice for us. 125g\/m2 PrimaLoft\u00ae ACTIVE uses 64% post-consumer recycled material, it is also bluesign and Oeke-Tex approved.<\/div>\n<div><\/div>\n<div>\n<div class=\"ewa-rteLine\">Continues to insulate even if wet<\/div>\n<div class=\"ewa-rteLine\">Flatlock seams positioned away from shoulders<\/div>\n<div class=\"ewa-rteLine\">Full length zip<\/div>\n<div class=\"ewa-rteLine\">Soft rolled collar<\/div>\n<div class=\"ewa-rteLine\">Reflective logo<\/div>\n<div class=\"ewa-rteLine\">Zipped chest Pocket<\/div>\n<div><\/div>\n<\/div>\n<div>\n<div class=\"ewa-rteLine\">Colours: Navy, Grey<\/div>\n<div class=\"ewa-rteLine\">Fabric: PrimaLoft\u00ae ACTIVE 125g\/m2<\/div>\n<div class=\"ewa-rteLine\">Weight: 135g<\/div>\n<div class=\"ewa-rteLine\">Sizes: XS \/ S \/ M \/ L \/ XL<\/div>\n<\/div>\n","protected":false},"excerpt":{"rendered":"<p>Et nyt koncept inden for aktiv isolering, OMM Core Range er fremstillet helt af PrimaLoft\u00ae ACTIVE ultral\u00e6kkert isoleringsmateriale. Bygget op af en syntetisk tr\u00e5d v\u00e6vet gennem en strikket netstruktur, tilbyder Core varmen fra en fleece, men med mindre end halvdelen af v\u00e6gten. N\u00e5r det kombineres med et skallag, er Core en utrolig effektiv isolator, men takket v\u00e6re n\u00e6sten total luftgennemtr\u00e6ngelighed kan den letteste brise fjerne varmen. Dette giver dig mulighed for at beholde dit Core-lag p\u00e5, selv n\u00e5r du har varmet op, og du kan regulere temperaturen ved at fjerne\/l\u00f8sne dit skallag (f.eks. Sonic jakke, 49g). Core fungerer b\u00e5de v\u00e5dt og t\u00f8rt med utrolige fugttransporterende egenskaber for at sikre, at du ikke forbliver v\u00e5d i lang tid.<\/p>\n<p>Med en fuld l\u00e6ngde lynl\u00e5s og en varm vindt\u00e6tningskrave er dette et fantastisk mellemlag, der er lige s\u00e5 velegnet til bjergene som til en hviledag. Vest-modellen giver god isolering uden ekstra bulk eller overophedning.<\/p>\n<p>Core Zipped Vest bruger den mellemtunge 125g\/m2 PrimaLoft\u00ae ACTIVE isoleringsteknologi, den tungere version af det 75g\/m2 PrimaLoft\u00ae Active-stof, der bruges i Core Vest og Core Hoodie.<\/p>\n","protected":false},"featured_media":156474,"template":"","meta":{"_acf_changed":false,"_et_pb_use_builder":"off","_et_pb_old_content":"LIGHTWEIGHT AIR-PERMEABLE PRIMALOFT\u00ae INSULATION\r\n<div class=\"ewa-rteLine\">A new concept in active insulation, the OMM Core Range is made entirely from PrimaLoft\u00ae ACTIVE ultra-light insulating fabric. Built from a synthetic plume woven through a knitted mesh, Core offers the warmth of a fleece but at less-than half the weight. Paired with a shell, the Core is an incredibly effective insulator but thanks to near-total air permeability, the lightest breeze can take away that heat. This allows you to keep your Core layer on even when you have warmed up and you can thermoregulate by removing\/unzipping your shell (eg. Sonic windproof at 49g). A true valley to summit piece. Core works wet or dry with incredible wicking properties to ensure you won\u2019t stay wet for long.<\/div>\r\n<div class=\"ewa-rteLine\"><\/div>\r\n<div class=\"ewa-rteLine\">With a full length zip and warm draft excluder collar, this is a great mid-layer equally at home on the fells as it is on a rest day mooch. The Vest fit allows for good insulation without extra bulk or overheating.<\/div>\r\n<div class=\"ewa-rteLine\"><\/div>\r\n<div class=\"ewa-rteLine\">The Core Zipped Vest uses the midweight 125g\/m2 PrimaLoft\u00ae ACTIVE Insulating Fabric Technology, the heavier version of the 75g\/m2 PrimaLoft\u00ae Active fabric used in the Core Vest and Core Hoodie.<\/div>\r\n<div><\/div>\r\n<div>ADAPTABLE INSULATION<\/div>\r\n<div>PrimaLoft\u00ae ACTIVE Insulating Fabric weaves PrimaLoft\u00ae fibres onto a mesh, giving a super high volume and open structure. Fabrics insulate by trapping pockets of air that the wearer\u2019s heat cannot pass through. Core structure is exceptional at creating these pockets. However the openness also allows for a light breeze to disturb these air pockets and remove the insulation effect. Core uses this to its advantage; put a light shell on over the top for the best possible warmth to weight layer and then when you get too hot adjust\/remove only the shell and you can keep pushing hard to the summit without a bulky layer to stash.<\/div>\r\n<div><\/div>\r\n<div>\r\n<div class=\"ewa-rteLine\">HALF THE WEIGHT & PACK SIZE<\/div>\r\n<div>A single mesh fabric holds the insulation plume in place, reducing the need for extra fabric layers and halving the weight and pack size.<\/div>\r\n<div><\/div>\r\n<\/div>\r\n<div>FINEST QUALITY SYNTHETIC INSULATION<\/div>\r\n<div>At OMM we always choose synthetic insulation over down to be sure that we can get warm even when everything is wet. We believe PrimaLoft\u00ae make the best synthetic insulation and so it is an easy choice for us. 125g\/m2 PrimaLoft\u00ae ACTIVE uses 64% post-consumer recycled material, it is also bluesign and Oeke-Tex approved.<\/div>\r\n<div><\/div>\r\n<div>\r\n<div class=\"ewa-rteLine\">Continues to insulate even if wet<\/div>\r\n<div class=\"ewa-rteLine\">Flatlock seams positioned away from shoulders<\/div>\r\n<div class=\"ewa-rteLine\">Full length zip<\/div>\r\n<div class=\"ewa-rteLine\">Soft rolled collar<\/div>\r\n<div class=\"ewa-rteLine\">Reflective logo<\/div>\r\n<div class=\"ewa-rteLine\">Zipped chest Pocket<\/div>\r\n<div><\/div>\r\n<\/div>\r\n<div>\r\n<div class=\"ewa-rteLine\">Colours: Navy, Grey<\/div>\r\n<div class=\"ewa-rteLine\">Fabric: PrimaLoft\u00ae ACTIVE 125g\/m2<\/div>\r\n<div class=\"ewa-rteLine\">Weight: 135g<\/div>\r\n<div class=\"ewa-rteLine\">Sizes: XS \/ S \/ M \/ L \/ XL<\/div>\r\n<\/div>","_et_gb_content_width":""},"locations":[],"product_brand":[],"product_cat":[1250,1257,1255,1259],"product_tag":[1533,1536,1666,2012,2013,1953],"class_list":{"0":"post-171123","1":"product","2":"type-product","3":"status-publish","4":"has-post-thumbnail","6":"product_cat-beklaedning","7":"product_cat-core-da","8":"product_cat-mellemlag","9":"product_cat-nyheder","10":"product_tag-core-da","11":"product_tag-fleece-da","12":"product_tag-gilet-da","13":"product_tag-isolering","14":"product_tag-mellemlag","15":"product_tag-vest-da","16":"pa_color-flade","17":"pa_color-gra","18":"pa_colour-gra","19":"pa_colour-navy-da","20":"pa_gender-mens-da","21":"pa_size-stor","22":"pa_size-middel","23":"pa_size-lille","24":"pa_size-x-stor","25":"pa_size-x-lille","26":"pa_technology-primaloft-active","27":"pa_weight-100-200g","29":"first","30":"instock","31":"taxable","32":"shipping-taxable","33":"purchasable","34":"product-type-variable","35":"wvs-archive-product-wrapper"},"acf":[],"yoast_head":"<!-- This site is optimized with the Yoast SEO plugin v27.4 - https:\/\/yoast.com\/product\/yoast-seo-wordpress\/ -->\n<title>Core Zipped Vest - OMM<\/title>\n<meta name=\"description\" content=\"Et nyt koncept inden for aktiv isolering, Core Zipped Vest er fremstillet helt af PrimaLoft\u00ae ACTIVE ultral\u00e6kkert isoleringsmateriale.\" \/>\n<meta name=\"robots\" content=\"index, follow, max-snippet:-1, max-image-preview:large, max-video-preview:-1\" \/>\n<link rel=\"canonical\" href=\"https:\/\/theomm.com\/da\/product\/core-zipped-vest\/\" \/>\n<meta property=\"og:locale\" content=\"da_DK\" \/>\n<meta property=\"og:type\" content=\"article\" \/>\n<meta property=\"og:title\" content=\"Core Zipped Vest - OMM\" \/>\n<meta property=\"og:description\" content=\"Et nyt koncept inden for aktiv isolering, Core Zipped Vest er fremstillet helt af PrimaLoft\u00ae ACTIVE ultral\u00e6kkert isoleringsmateriale.\" \/>\n<meta property=\"og:url\" content=\"https:\/\/theomm.com\/da\/product\/core-zipped-vest\/\" \/>\n<meta property=\"og:site_name\" content=\"OMM\" \/>\n<meta property=\"article:publisher\" content=\"https:\/\/www.facebook.com\/OMMrunning?_ga=2.203172945.1541616462.1665402953-280172632.1649426001\" \/>\n<meta property=\"article:modified_time\" content=\"2025-10-10T10:32:47+00:00\" \/>\n<meta property=\"og:image\" content=\"https:\/\/theomm.com\/wp-content\/uploads\/2023\/02\/OC185_Core_Zipped_Vest_Navy_Front.jpg\" \/>\n\t<meta property=\"og:image:width\" content=\"600\" \/>\n\t<meta property=\"og:image:height\" content=\"600\" \/>\n\t<meta property=\"og:image:type\" content=\"image\/jpeg\" \/>\n<meta name=\"twitter:card\" content=\"summary_large_image\" \/>\n<meta name=\"twitter:label1\" content=\"Estimeret l\u00e6setid\" \/>\n\t<meta name=\"twitter:data1\" content=\"2 minutter\" \/>\n<script type=\"application\/ld+json\" class=\"yoast-schema-graph\">{\"@context\":\"https:\\\/\\\/schema.org\",\"@graph\":[{\"@type\":\"WebPage\",\"@id\":\"https:\\\/\\\/theomm.com\\\/da\\\/product\\\/core-zipped-vest\\\/\",\"url\":\"https:\\\/\\\/theomm.com\\\/da\\\/product\\\/core-zipped-vest\\\/\",\"name\":\"Core Zipped Vest - OMM\",\"isPartOf\":{\"@id\":\"https:\\\/\\\/theomm.com\\\/#website\"},\"primaryImageOfPage\":{\"@id\":\"https:\\\/\\\/theomm.com\\\/da\\\/product\\\/core-zipped-vest\\\/#primaryimage\"},\"image\":{\"@id\":\"https:\\\/\\\/theomm.com\\\/da\\\/product\\\/core-zipped-vest\\\/#primaryimage\"},\"thumbnailUrl\":\"https:\\\/\\\/theomm.com\\\/wp-content\\\/uploads\\\/2023\\\/02\\\/OC185_Core_Zipped_Vest_Navy_Front.jpg\",\"datePublished\":\"2023-10-01T14:07:58+00:00\",\"dateModified\":\"2025-10-10T10:32:47+00:00\",\"description\":\"Et nyt koncept inden for aktiv isolering, Core Zipped Vest er fremstillet helt af PrimaLoft\u00ae ACTIVE ultral\u00e6kkert isoleringsmateriale.\",\"breadcrumb\":{\"@id\":\"https:\\\/\\\/theomm.com\\\/da\\\/product\\\/core-zipped-vest\\\/#breadcrumb\"},\"inLanguage\":\"da-DK\",\"potentialAction\":[{\"@type\":\"ReadAction\",\"target\":[\"https:\\\/\\\/theomm.com\\\/da\\\/product\\\/core-zipped-vest\\\/\"]}]},{\"@type\":\"ImageObject\",\"inLanguage\":\"da-DK\",\"@id\":\"https:\\\/\\\/theomm.com\\\/da\\\/product\\\/core-zipped-vest\\\/#primaryimage\",\"url\":\"https:\\\/\\\/theomm.com\\\/wp-content\\\/uploads\\\/2023\\\/02\\\/OC185_Core_Zipped_Vest_Navy_Front.jpg\",\"contentUrl\":\"https:\\\/\\\/theomm.com\\\/wp-content\\\/uploads\\\/2023\\\/02\\\/OC185_Core_Zipped_Vest_Navy_Front.jpg\",\"width\":600,\"height\":600},{\"@type\":\"BreadcrumbList\",\"@id\":\"https:\\\/\\\/theomm.com\\\/da\\\/product\\\/core-zipped-vest\\\/#breadcrumb\",\"itemListElement\":[{\"@type\":\"ListItem\",\"position\":1,\"name\":\"Home\",\"item\":\"https:\\\/\\\/theomm.com\\\/da\\\/original-mountain-marathon\\\/\"},{\"@type\":\"ListItem\",\"position\":2,\"name\":\"Produkter\",\"item\":\"https:\\\/\\\/theomm.com\\\/da\\\/original-mountain-marathon\\\/produkter\\\/\"},{\"@type\":\"ListItem\",\"position\":3,\"name\":\"Core Zipped Vest\"}]},{\"@type\":\"WebSite\",\"@id\":\"https:\\\/\\\/theomm.com\\\/#website\",\"url\":\"https:\\\/\\\/theomm.com\\\/\",\"name\":\"OMM\",\"description\":\"OMM is Technical clothing and equipment made for running in the mountains. Designed to the specifications of Original Mountain Marathon.\",\"alternateName\":\"Original Mountain Marathon\",\"potentialAction\":[{\"@type\":\"SearchAction\",\"target\":{\"@type\":\"EntryPoint\",\"urlTemplate\":\"https:\\\/\\\/theomm.com\\\/?s={search_term_string}\"},\"query-input\":{\"@type\":\"PropertyValueSpecification\",\"valueRequired\":true,\"valueName\":\"search_term_string\"}}],\"inLanguage\":\"da-DK\"}]}<\/script>\n<!-- \/ Yoast SEO plugin. -->","yoast_head_json":{"title":"Core Zipped Vest - OMM","description":"Et nyt koncept inden for aktiv isolering, Core Zipped Vest er fremstillet helt af PrimaLoft\u00ae ACTIVE ultral\u00e6kkert isoleringsmateriale.","robots":{"index":"index","follow":"follow","max-snippet":"max-snippet:-1","max-image-preview":"max-image-preview:large","max-video-preview":"max-video-preview:-1"},"canonical":"https:\/\/theomm.com\/da\/product\/core-zipped-vest\/","og_locale":"da_DK","og_type":"article","og_title":"Core Zipped Vest - OMM","og_description":"Et nyt koncept inden for aktiv isolering, Core Zipped Vest er fremstillet helt af PrimaLoft\u00ae ACTIVE ultral\u00e6kkert isoleringsmateriale.","og_url":"https:\/\/theomm.com\/da\/product\/core-zipped-vest\/","og_site_name":"OMM","article_publisher":"https:\/\/www.facebook.com\/OMMrunning?_ga=2.203172945.1541616462.1665402953-280172632.1649426001","article_modified_time":"2025-10-10T10:32:47+00:00","og_image":[{"width":600,"height":600,"url":"https:\/\/theomm.com\/wp-content\/uploads\/2023\/02\/OC185_Core_Zipped_Vest_Navy_Front.jpg","type":"image\/jpeg"}],"twitter_card":"summary_large_image","twitter_misc":{"Estimeret l\u00e6setid":"2 minutter"},"schema":{"@context":"https:\/\/schema.org","@graph":[{"@type":"WebPage","@id":"https:\/\/theomm.com\/da\/product\/core-zipped-vest\/","url":"https:\/\/theomm.com\/da\/product\/core-zipped-vest\/","name":"Core Zipped Vest - OMM","isPartOf":{"@id":"https:\/\/theomm.com\/#website"},"primaryImageOfPage":{"@id":"https:\/\/theomm.com\/da\/product\/core-zipped-vest\/#primaryimage"},"image":{"@id":"https:\/\/theomm.com\/da\/product\/core-zipped-vest\/#primaryimage"},"thumbnailUrl":"https:\/\/theomm.com\/wp-content\/uploads\/2023\/02\/OC185_Core_Zipped_Vest_Navy_Front.jpg","datePublished":"2023-10-01T14:07:58+00:00","dateModified":"2025-10-10T10:32:47+00:00","description":"Et nyt koncept inden for aktiv isolering, Core Zipped Vest er fremstillet helt af PrimaLoft\u00ae ACTIVE ultral\u00e6kkert isoleringsmateriale.","breadcrumb":{"@id":"https:\/\/theomm.com\/da\/product\/core-zipped-vest\/#breadcrumb"},"inLanguage":"da-DK","potentialAction":[{"@type":"ReadAction","target":["https:\/\/theomm.com\/da\/product\/core-zipped-vest\/"]}]},{"@type":"ImageObject","inLanguage":"da-DK","@id":"https:\/\/theomm.com\/da\/product\/core-zipped-vest\/#primaryimage","url":"https:\/\/theomm.com\/wp-content\/uploads\/2023\/02\/OC185_Core_Zipped_Vest_Navy_Front.jpg","contentUrl":"https:\/\/theomm.com\/wp-content\/uploads\/2023\/02\/OC185_Core_Zipped_Vest_Navy_Front.jpg","width":600,"height":600},{"@type":"BreadcrumbList","@id":"https:\/\/theomm.com\/da\/product\/core-zipped-vest\/#breadcrumb","itemListElement":[{"@type":"ListItem","position":1,"name":"Home","item":"https:\/\/theomm.com\/da\/original-mountain-marathon\/"},{"@type":"ListItem","position":2,"name":"Produkter","item":"https:\/\/theomm.com\/da\/original-mountain-marathon\/produkter\/"},{"@type":"ListItem","position":3,"name":"Core Zipped Vest"}]},{"@type":"WebSite","@id":"https:\/\/theomm.com\/#website","url":"https:\/\/theomm.com\/","name":"OMM","description":"OMM is Technical clothing and equipment made for running in the mountains. Designed to the specifications of Original Mountain Marathon.","alternateName":"Original Mountain Marathon","potentialAction":[{"@type":"SearchAction","target":{"@type":"EntryPoint","urlTemplate":"https:\/\/theomm.com\/?s={search_term_string}"},"query-input":{"@type":"PropertyValueSpecification","valueRequired":true,"valueName":"search_term_string"}}],"inLanguage":"da-DK"}]}},"_links":{"self":[{"href":"https:\/\/theomm.com\/da\/wp-json\/wp\/v2\/product\/171123","targetHints":{"allow":["GET"]}}],"collection":[{"href":"https:\/\/theomm.com\/da\/wp-json\/wp\/v2\/product"}],"about":[{"href":"https:\/\/theomm.com\/da\/wp-json\/wp\/v2\/types\/product"}],"wp:featuredmedia":[{"embeddable":true,"href":"https:\/\/theomm.com\/da\/wp-json\/wp\/v2\/media\/156474"}],"wp:attachment":[{"href":"https:\/\/theomm.com\/da\/wp-json\/wp\/v2\/media?parent=171123"}],"wp:term":[{"taxonomy":"locations","embeddable":true,"href":"https:\/\/theomm.com\/da\/wp-json\/wp\/v2\/locations?post=171123"},{"taxonomy":"product_brand","embeddable":true,"href":"https:\/\/theomm.com\/da\/wp-json\/wp\/v2\/product_brand?post=171123"},{"taxonomy":"product_cat","embeddable":true,"href":"https:\/\/theomm.com\/da\/wp-json\/wp\/v2\/product_cat?post=171123"},{"taxonomy":"product_tag","embeddable":true,"href":"https:\/\/theomm.com\/da\/wp-json\/wp\/v2\/product_tag?post=171123"}],"curies":[{"name":"wp","href":"https:\/\/api.w.org\/{rel}","templated":true}]}}