{"id":173459,"date":"2023-02-28T17:22:06","date_gmt":"2023-02-28T17:22:06","guid":{"rendered":"https:\/\/theomm.com\/product\/phantom-18\/"},"modified":"2025-09-10T17:04:20","modified_gmt":"2025-09-10T17:04:20","slug":"phantom-18","status":"publish","type":"product","link":"https:\/\/theomm.com\/da\/product\/phantom-18\/","title":{"rendered":"Phantom 18"},"content":{"rendered":"<p>Phantom 18 &#8211; Phantom 18 er en slank VestPack designet til adventure racing. Den er stabiliseret omkring din rygs\u00f8jle, og vores unikke 7-punkts sele forbindes med rygs\u00e6kken via en toppost-formet sele for at give den mest stabile b\u00e6ring mulig. Denne sele frig\u00f8r ogs\u00e5 skuldrene, hvilket g\u00f8r dit l\u00f8b mere energieffektivt. To V-formede ankerpunkter omfavner taljen for at sikre en t\u00e6t pasform og forhindre hop og svingning, n\u00e5r du l\u00f8ber i uj\u00e6vnt terr\u00e6n.<\/p>\n<p>Den kortere rygl\u00e6ngde er velegnet til mindre kropstyper eller kortere rygge.<\/p>\n<p>Under udviklingen blev den testet under det 330 km lange Tor Des G\u00e9ants-l\u00f8b og brugt af OMM-holdet i ekstreme forhold. Den bestod testen.<\/p>\n<p>Phantom 18 kombinerer kapaciteten fra en rygs\u00e6k med tilg\u00e6ngeligheden fra en vest, hvilket g\u00f8r den ideel til flerdagesl\u00f8b eller ultraudfordringer, hvor der ikke er tid til at stoppe ofte for at hente udstyr. EN MINDRE KAPACITETS VEST-RYGS\u00c6K MED LETV\u00c6GTS-HOLDIGHED AF CORDURA-STABILISERING Stabiliseret omkring din rygs\u00f8jle udnytter Phantom-suspensionssystemet en smal sele bag nakken for at fastg\u00f8re rygs\u00e6kken til rygs\u00f8jlen i stedet for skuldrene, hvilket giver skuldrene fri bev\u00e6gelighed og \u00f8ger effektiviteten af din bev\u00e6gelse. ST\u00d8DD\u00c6MPNING To st\u00f8dd\u00e6mpende seler over skuldrene arbejder sammen for at reducere svingning yderligere og holde rygs\u00e6kken i linje med rygs\u00f8jlen.<\/p>\n<p>V\u00e6gten af rygs\u00e6kken b\u00e6res af selefastg\u00f8relsespunktet med st\u00f8dd\u00e6mpning og svingning kontrolleres af sp\u00e6ndte elastikker over hver skulder. VERTIKAL STABILITET Vertikal bev\u00e6gelse reduceres ved to lige ankerpunkter, der f\u00f8res til en f\u00e6lles justeringsmekanisme. Dette skaber en meget stabil Y-form, der omslutter vest-rygs\u00e6kken omkring den nedre rygs\u00f8jle. N\u00e5r l\u00f8beren skubber sig afsted, tr\u00e6kker v\u00e6gten i den nederste rem, og n\u00e5r l\u00f8beren falder tilbage, strammes den \u00f8verste rem for at forhindre, at skulderen l\u00f8snes. Justerbar rygl\u00e6ngde inkluderer aluminiumsteltp\u00e6le Sn\u00f8relukning Aftagelige carbonfiber-st\u00e6nger (kan udskiftes med teltst\u00e6nger) EVA-polstret skuldersele Stor netlomme p\u00e5 bagsiden To frontlommer til flasker (kompatibel med 750 ml flasker) To store lynl\u00e5slommer p\u00e5 b\u00e6ltet Aftagelig skumpude p\u00e5 bagsiden Reflekterende detaljer 3 liters hydreringsbl\u00e6re kompatibel Frontnetlommer til essentielle genstande Rygl\u00e6ngde: 42 cm &#8211; 50 cm Farver: Sort\/Orange, Gr\u00e5\/Bl\u00e5 Materialer: CORDURA (Nylon), 3D-luftnet V\u00e6gt: 525 g\/450 g<\/p>\n","protected":false},"excerpt":{"rendered":"<p>The Phantom 18 er en mindre VestPack (l\u00f8berygs\u00e6k) til adventure racing. Stabiliseret omkring rygs\u00f8jlen via vores unikke 7-punktssele. Top yoke selen giver den mest stabile b\u00e6remulig. Yoke-selen frig\u00f8r ogs\u00e5 skuldrene og tillader et mere energieffektiv l\u00f8b. Et dobbelt V-formet anker omfavner taljen for at give en sikker pasform og kontrollere hoppen og svingninger i et uj\u00e6vnt terr\u00e6n. Den kortere rygl\u00e6ngde er velegnet til kortere rygge. Testet i det 330 km lange Tor Des G\u00e9ants-l\u00f8b og brugt af OMM-bjergteamet under ekstreme forhold. Den bestod testen. Kombinerer kapaciteten fra en rygs\u00e6k med den forreste tilg\u00e6ngelighed fra en vest, ideel til flerdages l\u00f8b eller ultramaraton-udfordringer.<\/p>\n","protected":false},"featured_media":156641,"template":"","meta":{"_acf_changed":false,"_et_pb_use_builder":"","_et_pb_old_content":"","_et_gb_content_width":""},"locations":[],"product_brand":[],"product_cat":[1265,1259,1267,1268],"product_tag":[2041,2042,2043,1843,1947,2044,1958],"class_list":{"0":"post-173459","1":"product","2":"type-product","3":"status-publish","4":"has-post-thumbnail","6":"product_cat-baere-opbevar","7":"product_cat-nyheder","8":"product_cat-racevests-da","9":"product_cat-rygsaekke","10":"product_tag-omm-phantom-da","11":"product_tag-phantom-18-da","12":"product_tag-race-pack-da","13":"product_tag-running-pack-da","14":"product_tag-running-vest-da","15":"product_tag-vest-pack-da","16":"product_tag-vestpack-da","17":"pa_color-gra","18":"pa_color-sort","19":"pa_colour-gra","20":"pa_colour-sort","21":"pa_gender-mens-da","22":"pa_gender-womens-da","23":"pa_weight-400g","25":"first","26":"instock","27":"taxable","28":"shipping-taxable","29":"purchasable","30":"product-type-variable","31":"wvs-archive-product-wrapper"},"acf":[],"yoast_head":"<!-- This site is optimized with the Yoast SEO plugin v27.4 - https:\/\/yoast.com\/product\/yoast-seo-wordpress\/ -->\n<title>Phantom 18 - OMM<\/title>\n<meta name=\"description\" content=\"The Phantom 18, En mindre kapacitets vestrygs\u00e6k med letv\u00e6gts holdbarhed af Cordura. Stabilisering. St\u00f8dd\u00e6mpning. Vertikal stabilitet.\" \/>\n<meta name=\"robots\" content=\"index, follow, max-snippet:-1, max-image-preview:large, max-video-preview:-1\" \/>\n<link rel=\"canonical\" href=\"https:\/\/theomm.com\/da\/product\/phantom-18\/\" \/>\n<meta property=\"og:locale\" content=\"da_DK\" \/>\n<meta property=\"og:type\" content=\"article\" \/>\n<meta property=\"og:title\" content=\"Phantom 18 - OMM\" \/>\n<meta property=\"og:description\" content=\"The Phantom 18, En mindre kapacitets vestrygs\u00e6k med letv\u00e6gts holdbarhed af Cordura. Stabilisering. St\u00f8dd\u00e6mpning. Vertikal stabilitet.\" \/>\n<meta property=\"og:url\" content=\"https:\/\/theomm.com\/da\/product\/phantom-18\/\" \/>\n<meta property=\"og:site_name\" content=\"OMM\" \/>\n<meta property=\"article:publisher\" content=\"https:\/\/www.facebook.com\/OMMrunning?_ga=2.203172945.1541616462.1665402953-280172632.1649426001\" \/>\n<meta property=\"article:modified_time\" content=\"2025-09-10T17:04:20+00:00\" \/>\n<meta property=\"og:image\" content=\"https:\/\/theomm.com\/wp-content\/uploads\/2023\/02\/OF052_Phantom_18_Grey_Back.jpg\" \/>\n\t<meta property=\"og:image:width\" content=\"600\" \/>\n\t<meta property=\"og:image:height\" content=\"600\" \/>\n\t<meta property=\"og:image:type\" content=\"image\/jpeg\" \/>\n<meta name=\"twitter:card\" content=\"summary_large_image\" \/>\n<meta name=\"twitter:label1\" content=\"Estimeret l\u00e6setid\" \/>\n\t<meta name=\"twitter:data1\" content=\"2 minutter\" \/>\n<script type=\"application\/ld+json\" class=\"yoast-schema-graph\">{\"@context\":\"https:\\\/\\\/schema.org\",\"@graph\":[{\"@type\":\"WebPage\",\"@id\":\"https:\\\/\\\/theomm.com\\\/da\\\/product\\\/phantom-18\\\/\",\"url\":\"https:\\\/\\\/theomm.com\\\/da\\\/product\\\/phantom-18\\\/\",\"name\":\"Phantom 18 - OMM\",\"isPartOf\":{\"@id\":\"https:\\\/\\\/theomm.com\\\/#website\"},\"primaryImageOfPage\":{\"@id\":\"https:\\\/\\\/theomm.com\\\/da\\\/product\\\/phantom-18\\\/#primaryimage\"},\"image\":{\"@id\":\"https:\\\/\\\/theomm.com\\\/da\\\/product\\\/phantom-18\\\/#primaryimage\"},\"thumbnailUrl\":\"https:\\\/\\\/theomm.com\\\/wp-content\\\/uploads\\\/2023\\\/02\\\/OF052_Phantom_18_Grey_Back.jpg\",\"datePublished\":\"2023-02-28T17:22:06+00:00\",\"dateModified\":\"2025-09-10T17:04:20+00:00\",\"description\":\"The Phantom 18, En mindre kapacitets vestrygs\u00e6k med letv\u00e6gts holdbarhed af Cordura. Stabilisering. St\u00f8dd\u00e6mpning. Vertikal stabilitet.\",\"breadcrumb\":{\"@id\":\"https:\\\/\\\/theomm.com\\\/da\\\/product\\\/phantom-18\\\/#breadcrumb\"},\"inLanguage\":\"da-DK\",\"potentialAction\":[{\"@type\":\"ReadAction\",\"target\":[\"https:\\\/\\\/theomm.com\\\/da\\\/product\\\/phantom-18\\\/\"]}]},{\"@type\":\"ImageObject\",\"inLanguage\":\"da-DK\",\"@id\":\"https:\\\/\\\/theomm.com\\\/da\\\/product\\\/phantom-18\\\/#primaryimage\",\"url\":\"https:\\\/\\\/theomm.com\\\/wp-content\\\/uploads\\\/2023\\\/02\\\/OF052_Phantom_18_Grey_Back.jpg\",\"contentUrl\":\"https:\\\/\\\/theomm.com\\\/wp-content\\\/uploads\\\/2023\\\/02\\\/OF052_Phantom_18_Grey_Back.jpg\",\"width\":600,\"height\":600},{\"@type\":\"BreadcrumbList\",\"@id\":\"https:\\\/\\\/theomm.com\\\/da\\\/product\\\/phantom-18\\\/#breadcrumb\",\"itemListElement\":[{\"@type\":\"ListItem\",\"position\":1,\"name\":\"Home\",\"item\":\"https:\\\/\\\/theomm.com\\\/da\\\/original-mountain-marathon\\\/\"},{\"@type\":\"ListItem\",\"position\":2,\"name\":\"Produkter\",\"item\":\"https:\\\/\\\/theomm.com\\\/da\\\/original-mountain-marathon\\\/produkter\\\/\"},{\"@type\":\"ListItem\",\"position\":3,\"name\":\"Phantom 18\"}]},{\"@type\":\"WebSite\",\"@id\":\"https:\\\/\\\/theomm.com\\\/#website\",\"url\":\"https:\\\/\\\/theomm.com\\\/\",\"name\":\"OMM\",\"description\":\"OMM is Technical clothing and equipment made for running in the mountains. Designed to the specifications of Original Mountain Marathon.\",\"alternateName\":\"Original Mountain Marathon\",\"potentialAction\":[{\"@type\":\"SearchAction\",\"target\":{\"@type\":\"EntryPoint\",\"urlTemplate\":\"https:\\\/\\\/theomm.com\\\/?s={search_term_string}\"},\"query-input\":{\"@type\":\"PropertyValueSpecification\",\"valueRequired\":true,\"valueName\":\"search_term_string\"}}],\"inLanguage\":\"da-DK\"}]}<\/script>\n<!-- \/ Yoast SEO plugin. -->","yoast_head_json":{"title":"Phantom 18 - OMM","description":"The Phantom 18, En mindre kapacitets vestrygs\u00e6k med letv\u00e6gts holdbarhed af Cordura. Stabilisering. St\u00f8dd\u00e6mpning. Vertikal stabilitet.","robots":{"index":"index","follow":"follow","max-snippet":"max-snippet:-1","max-image-preview":"max-image-preview:large","max-video-preview":"max-video-preview:-1"},"canonical":"https:\/\/theomm.com\/da\/product\/phantom-18\/","og_locale":"da_DK","og_type":"article","og_title":"Phantom 18 - OMM","og_description":"The Phantom 18, En mindre kapacitets vestrygs\u00e6k med letv\u00e6gts holdbarhed af Cordura. Stabilisering. St\u00f8dd\u00e6mpning. Vertikal stabilitet.","og_url":"https:\/\/theomm.com\/da\/product\/phantom-18\/","og_site_name":"OMM","article_publisher":"https:\/\/www.facebook.com\/OMMrunning?_ga=2.203172945.1541616462.1665402953-280172632.1649426001","article_modified_time":"2025-09-10T17:04:20+00:00","og_image":[{"width":600,"height":600,"url":"https:\/\/theomm.com\/wp-content\/uploads\/2023\/02\/OF052_Phantom_18_Grey_Back.jpg","type":"image\/jpeg"}],"twitter_card":"summary_large_image","twitter_misc":{"Estimeret l\u00e6setid":"2 minutter"},"schema":{"@context":"https:\/\/schema.org","@graph":[{"@type":"WebPage","@id":"https:\/\/theomm.com\/da\/product\/phantom-18\/","url":"https:\/\/theomm.com\/da\/product\/phantom-18\/","name":"Phantom 18 - OMM","isPartOf":{"@id":"https:\/\/theomm.com\/#website"},"primaryImageOfPage":{"@id":"https:\/\/theomm.com\/da\/product\/phantom-18\/#primaryimage"},"image":{"@id":"https:\/\/theomm.com\/da\/product\/phantom-18\/#primaryimage"},"thumbnailUrl":"https:\/\/theomm.com\/wp-content\/uploads\/2023\/02\/OF052_Phantom_18_Grey_Back.jpg","datePublished":"2023-02-28T17:22:06+00:00","dateModified":"2025-09-10T17:04:20+00:00","description":"The Phantom 18, En mindre kapacitets vestrygs\u00e6k med letv\u00e6gts holdbarhed af Cordura. Stabilisering. St\u00f8dd\u00e6mpning. Vertikal stabilitet.","breadcrumb":{"@id":"https:\/\/theomm.com\/da\/product\/phantom-18\/#breadcrumb"},"inLanguage":"da-DK","potentialAction":[{"@type":"ReadAction","target":["https:\/\/theomm.com\/da\/product\/phantom-18\/"]}]},{"@type":"ImageObject","inLanguage":"da-DK","@id":"https:\/\/theomm.com\/da\/product\/phantom-18\/#primaryimage","url":"https:\/\/theomm.com\/wp-content\/uploads\/2023\/02\/OF052_Phantom_18_Grey_Back.jpg","contentUrl":"https:\/\/theomm.com\/wp-content\/uploads\/2023\/02\/OF052_Phantom_18_Grey_Back.jpg","width":600,"height":600},{"@type":"BreadcrumbList","@id":"https:\/\/theomm.com\/da\/product\/phantom-18\/#breadcrumb","itemListElement":[{"@type":"ListItem","position":1,"name":"Home","item":"https:\/\/theomm.com\/da\/original-mountain-marathon\/"},{"@type":"ListItem","position":2,"name":"Produkter","item":"https:\/\/theomm.com\/da\/original-mountain-marathon\/produkter\/"},{"@type":"ListItem","position":3,"name":"Phantom 18"}]},{"@type":"WebSite","@id":"https:\/\/theomm.com\/#website","url":"https:\/\/theomm.com\/","name":"OMM","description":"OMM is Technical clothing and equipment made for running in the mountains. Designed to the specifications of Original Mountain Marathon.","alternateName":"Original Mountain Marathon","potentialAction":[{"@type":"SearchAction","target":{"@type":"EntryPoint","urlTemplate":"https:\/\/theomm.com\/?s={search_term_string}"},"query-input":{"@type":"PropertyValueSpecification","valueRequired":true,"valueName":"search_term_string"}}],"inLanguage":"da-DK"}]}},"_links":{"self":[{"href":"https:\/\/theomm.com\/da\/wp-json\/wp\/v2\/product\/173459","targetHints":{"allow":["GET"]}}],"collection":[{"href":"https:\/\/theomm.com\/da\/wp-json\/wp\/v2\/product"}],"about":[{"href":"https:\/\/theomm.com\/da\/wp-json\/wp\/v2\/types\/product"}],"wp:featuredmedia":[{"embeddable":true,"href":"https:\/\/theomm.com\/da\/wp-json\/wp\/v2\/media\/156641"}],"wp:attachment":[{"href":"https:\/\/theomm.com\/da\/wp-json\/wp\/v2\/media?parent=173459"}],"wp:term":[{"taxonomy":"locations","embeddable":true,"href":"https:\/\/theomm.com\/da\/wp-json\/wp\/v2\/locations?post=173459"},{"taxonomy":"product_brand","embeddable":true,"href":"https:\/\/theomm.com\/da\/wp-json\/wp\/v2\/product_brand?post=173459"},{"taxonomy":"product_cat","embeddable":true,"href":"https:\/\/theomm.com\/da\/wp-json\/wp\/v2\/product_cat?post=173459"},{"taxonomy":"product_tag","embeddable":true,"href":"https:\/\/theomm.com\/da\/wp-json\/wp\/v2\/product_tag?post=173459"}],"curies":[{"name":"wp","href":"https:\/\/api.w.org\/{rel}","templated":true}]}}