{"id":190843,"date":"2024-03-13T16:41:46","date_gmt":"2024-03-13T16:41:46","guid":{"rendered":"https:\/\/theomm.com\/?post_type=product&#038;p=190843"},"modified":"2025-10-09T13:55:29","modified_gmt":"2025-10-09T13:55:29","slug":"aether-jacket","status":"publish","type":"product","link":"https:\/\/theomm.com\/da\/product\/aether-jacket\/","title":{"rendered":"Aether Jacket"},"content":{"rendered":"<div class=\"et_pb_section et_pb_section_0_tb_body et-show-more-container et_section_regular\">\n<div class=\"et_pb_sticky--has-transform et_pb_row et_pb_row_2_tb_body et_pb_sticky_module et_pb_gutters1\">\n<div class=\"et_pb_column et_pb_column_4_4 et_pb_column_3_tb_body et_pb_css_mix_blend_mode_passthrough et-last-child\">\n<div class=\"et_pb_module et_pb_wc_title et_pb_wc_title_0_tb_body et_pb_bg_layout_light\">\n<div class=\"et_pb_module_inner\">\n<h1>AETHER JACKET<\/h1>\n<\/div>\n<\/div>\n<div class=\"et_pb_module et_pb_wc_price et_pb_wc_price_0_tb_body et_pb_text_align_left\">\n<div class=\"et_pb_module_inner\">\n<p class=\"price\"><span class=\"wcpbc-price wcpbc-price-182289\" data-product-id=\"182289\"><span class=\"woocommerce-Price-amount amount\"><bdi><span class=\"woocommerce-Price-currencySymbol\">AETHER JACKET <\/span><\/bdi><\/span><\/span><\/p>\n<p class=\"price\">OC200<\/p>\n<\/div>\n<\/div>\n<div class=\"et_pb_module et_pb_text et_pb_text_2_tb_body et_pb_text_align_center et_pb_bg_layout_light\">\n<div class=\"et_pb_text_inner\">SANDSYNLIGVIS VERDENS MEST H\u00c5RDF\u00d8RER L\u00d8BEJAKKE KONSTRUERET MED DYNEEMA\u00a0<\/div>\n<div>\u00a0<\/div>\n<\/div>\n<div class=\"et_pb_button_module_wrapper et_pb_button_3_tb_body_wrapper et_pb_button_alignment_center et_pb_module \"><a class=\"et_pb_button et_pb_button_3_tb_body et-show-more-toggle-1 et_pb_bg_layout_light\" href=\"https:\/\/theomm.com\/?post_type=product&amp;p=182289&amp;preview_id=182289&amp;preview_nonce=7d032f64c1&amp;_thumbnail_id=-1&amp;preview=true#toggle3\" data-icon=\"P\">More Info<\/a><\/div>\n<div class=\"et_pb_module et_pb_wc_add_to_cart et_pb_wc_add_to_cart_0_tb_body et_pb_hide_stock et_pb_fields_label_position_inline et_pb_bg_layout_ et_pb_woo_custom_button_icon et_pb_text_align_left\" data-button-class=\"single_add_to_cart_button\" data-button-icon=\"\uf217\" data-button-icon-tablet=\"\" data-button-icon-phone=\"\">\n<div class=\"et_pb_module_inner\">\u00a0<\/div>\n<\/div>\n<div class=\"et_pb_button_module_wrapper et_pb_button_4_tb_body_wrapper et_pb_button_alignment_left et_pb_module \"><a class=\"et_pb_button et_pb_button_4_tb_body lightbox-trigger-size et_pb_bg_layout_light\" href=\"https:\/\/theomm.com\/?post_type=product&amp;p=182289&amp;preview_id=182289&amp;preview_nonce=7d032f64c1&amp;_thumbnail_id=-1&amp;preview=true#open\" data-icon=\"\uf547\">Size Guide<\/a><\/div>\n<div class=\"et_pb_button_module_wrapper et_pb_button_7_tb_body_wrapper et_pb_button_alignment_left et_pb_module \"><a class=\"et_pb_button et_pb_button_7_tb_body lightbox-trigger-shell et_pb_bg_layout_light\" href=\"https:\/\/theomm.com\/?post_type=product&amp;p=182289&amp;preview_id=182289&amp;preview_nonce=7d032f64c1&amp;_thumbnail_id=-1&amp;preview=true#open\" data-icon=\"\uf043\">Shell Comparison<\/a><\/div>\n<div class=\"et_pb_button_module_wrapper et_pb_button_9_tb_body_wrapper et_pb_button_alignment_left et_pb_module \"><a class=\"et_pb_button et_pb_button_9_tb_body et_pb_bg_layout_light\" href=\"https:\/\/theomm.com\/project\/omm-glossary\/\" target=\"_blank\" rel=\"noopener\" data-icon=\"\uf518\">OMM Glossary<\/a><\/div>\n<\/div>\n<\/div>\n<\/div>\n<div class=\"et_pb_section et_pb_section_1_tb_body et-show-more-container et_section_regular\">\n<div class=\"et_pb_row et_pb_row_3_tb_body et_pb_gutters1\">\n<div class=\"et_pb_column et_pb_column_2_5 et_pb_column_4_tb_body et_pb_css_mix_blend_mode_passthrough\">\n<div class=\"et_pb_module et_pb_image et_pb_image_3_tb_body et_pb_image_sticky\">\u00a0<\/div>\n<div class=\"et_pb_module et_pb_image et_pb_image_4_tb_body et_pb_image_sticky\">\u00a0<\/div>\n<\/div>\n<div class=\"et_pb_with_border et_pb_column_3_5 et_pb_column et_pb_column_5_tb_body et_pb_css_mix_blend_mode_passthrough et-last-child\">\n<div class=\"et_pb_with_border et_pb_module et_pb_wc_images et_pb_wc_images_1_tb_body et_pb_bg_layout_\">\n<div class=\"et_pb_module_inner\">\n<div class=\"woo-variation-product-gallery woo-variation-product-gallery-thumbnail-columns-4 woo-variation-gallery-no-product-thumbnail woo-variation-gallery-enabled-thumbnail-slider\" data-product_id=\"182289\" data-variation_id=\"0\">\n<div class=\"woo-variation-gallery-wrapper woo-variation-gallery-thumbnail-position-bottom-bottom woo-variation-gallery-product-type-variable wvg-loaded\">\n<div class=\"woo-variation-gallery-container preload-style-fade\">\n<div class=\"woo-variation-gallery-slider-wrapper\">\n<div class=\"woo-variation-gallery-slider slick-initialized slick-slider\" style=\"box-sizing: border-box; margin: 0px; padding: 0px; border: 0px; outline: 0px; font-size: 16px; text-size-adjust: 100%; vertical-align: baseline; background: transparent; -webkit-tap-highlight-color: transparent; touch-action: pan-y; user-select: none; display: block; position: relative;\" data-slick=\"{&quot;slidesToShow&quot;:1,&quot;slidesToScroll&quot;:1,&quot;arrows&quot;:true,&quot;adaptiveHeight&quot;:true,&quot;rtl&quot;:false,&quot;prevArrow&quot;:&quot;&lt;i class=&quot;wvg-slider-prev-arrow dashicons dashicons-arrow-left-alt2&quot;&gt;&lt;\/i&gt;&quot;,&quot;nextArrow&quot;:&quot;&lt;i class=&quot;wvg-slider-next-arrow dashicons dashicons-arrow-right-alt2&quot;&gt;&lt;\/i&gt;&quot;,&quot;speed&quot;:300,&quot;asNavFor&quot;:&quot;.woo-variation-gallery-thumbnail-slider&quot;}\">\n<div class=\"slick-list draggable\">\n<div class=\"slick-track\">\n<div class=\"slick-slide slick-current slick-active\" data-slick-index=\"0\" aria-hidden=\"false\">\n<div class=\"wvg-gallery-image wvg-gallery-image-placeholder\">\n<div class=\"wvg-single-gallery-image-container\">\u00a0<\/div>\n<\/div>\n<\/div>\n<\/div>\n<\/div>\n<\/div>\n<\/div>\n<\/div>\n<\/div>\n<\/div>\n<\/div>\n<\/div>\n<\/div>\n<\/div>\n<div class=\"et_pb_with_border et_pb_row et_pb_row_5_tb_body et_pb_gutters1\">\n<div class=\"et_pb_column et_pb_column_4_4 et_pb_column_9_tb_body et_pb_css_mix_blend_mode_passthrough et-last-child\">\n<div class=\"et_pb_button_module_wrapper et_pb_button_10_tb_body_wrapper et_pb_button_alignment_center et_pb_module \"><a class=\"et_pb_button et_pb_button_10_tb_body et-show-more-toggle-im et_pb_bg_layout_light\" href=\"https:\/\/theomm.com\/?post_type=product&amp;p=182289&amp;preview_id=182289&amp;preview_nonce=7d032f64c1&amp;_thumbnail_id=-1&amp;preview=true\" data-icon=\"\uf107\">More Images<\/a><\/div>\n<\/div>\n<\/div>\n<div id=\"toggle3\" class=\"et_pb_row et_pb_row_7_tb_body et_pb_gutters1\">\n<div class=\"et_pb_column et_pb_column_4_4 et_pb_column_11_tb_body et_pb_css_mix_blend_mode_passthrough et-last-child\">\n<div class=\"et_pb_module et_pb_text et_pb_text_4_tb_body et_pb_text_align_center et_pb_bg_layout_light\">\n<div class=\"et_pb_text_inner\">LEANWEIGHT 225G<\/div>\n<\/div>\n<div class=\"et_pb_module et_pb_text et_pb_text_5_tb_body et_pb_text_align_center et_pb_bg_layout_light\">\n<div class=\"et_pb_text_inner\">HYDROSTATIC HEAD 20,000mm<\/div>\n<\/div>\n<div class=\"et_pb_module et_pb_text et_pb_text_6_tb_body et_pb_text_align_center et_pb_bg_layout_light\">\n<div class=\"et_pb_text_inner\">BREATHABILITY 20,000g\/m2<\/div>\n<\/div>\n<\/div>\n<\/div>\n<div class=\"et_pb_with_border et_pb_row et_pb_row_8_tb_body et_pb_gutters1\">\n<div class=\"et_pb_column et_pb_column_4_4 et_pb_column_12_tb_body et_pb_css_mix_blend_mode_passthrough et-last-child\">\n<div class=\"et_pb_button_module_wrapper et_pb_button_11_tb_body_wrapper et_pb_button_alignment_left et_pb_module \"><a class=\"et_pb_button et_pb_button_11_tb_body et-show-more-toggle-1 et_pb_bg_layout_light\" href=\"https:\/\/theomm.com\/?post_type=product&amp;p=182289&amp;preview_id=182289&amp;preview_nonce=7d032f64c1&amp;_thumbnail_id=-1&amp;preview=true\" data-icon=\"P\">Beskrivelse<\/a><\/div>\n<\/div>\n<\/div>\n<div class=\"et_pb_row et_pb_row_9_tb_body et-show-more-content-1 et_pb_gutters1\">\n<div class=\"et_pb_column et_pb_column_4_4 et_pb_column_13_tb_body et_pb_css_mix_blend_mode_passthrough et-last-child\">\n<div class=\"et_pb_module et_pb_text et_pb_text_7_tb_body et_pb_text_align_left et_pb_bg_layout_light\">\n<div class=\"et_pb_text_inner\">\n<div class=\"woocommerce et-dynamic-content-woo et-dynamic-content-woo--product_short_description\">\n<div class=\"ewa-rteLine\">\n<p><strong>Konstrueret af Dyneema-stof og kombineret med et meget \u00e5ndbart membran samt alle de funktioner, du forventer fra en bjergjakke, men med en v\u00e6gt, der er lettere end de fleste andre l\u00f8bejakker, opfylder Aether mange krav.<\/strong><\/p>\n<p>Liges\u00e5 meget hjemme p\u00e5 en regnbl\u00e6st hede som p\u00e5 en udsat alpinryg. Aether byder p\u00e5 robustheden fra en meget tungere bjergskal men med v\u00e6gten og pakbarheden af meget lettere jakker, takket v\u00e6re den utrolige fysik bag Dyneema. Verdens st\u00e6rkeste fiber. Dyneema er 15 gange st\u00e6rkere end st\u00e5l, men har en v\u00e6gt t\u00e6ttere p\u00e5 silke. Normalt fundet i ballistisk kropsrustning, klatreseler og yacht-rigging, er Dyneema l\u00e6nge blevet v\u00e6rdsat for sin utrolige lette styrke og holdbarhed.<\/p>\n<p>Og det er denne holdbarhed, der g\u00f8r Aether til en af vores mest b\u00e6redygtige jakker til dato. Kombineret med den nye industristandard PFC-fri DWR og PFAS-fri membran; Dyneema er lavet af genbrugsmaterialer og \u00e5bner op for muligheden for end-to-end b\u00e6redygtighed og cirkul\u00e6r produktion, hvilket minimerer affald og reducerer p\u00e5virkningen af b\u00e5de produktion og brug.<\/p>\n<p><strong>Produkt H\u00f8jdepunkter<\/strong><\/p>\n<p><strong>DYNEEMA\u00b4s\u00a0 STYRKER<\/strong><\/p>\n<p>Dyneema er den st\u00e6rkeste fiber p\u00e5 planeten, med en brudstyrke 15 gange st\u00e6rkere end st\u00e5l. Bruges p\u00e5 tv\u00e6rs af industrier, hvor h\u00f8j styrke er af afg\u00f8rende betydning, fra klatresele til ballistiske veste. Ved at forst\u00e6rke vores letv\u00e6gts nylon skal med Dyneema er vi sikre p\u00e5, at Aether er en bjerg-sikker mulighed for dem, der \u00f8nsker at forblive beskyttet kilometer efter kilometer, skramme efter skramme.<\/p>\n<p><strong>PR\u00c6STATIONSSKAL<\/strong><\/p>\n<p>Ved at bruge en 3-lags konstruktion, med et robust ydre skal, vandafskydende men \u00e5ndbart membran og et v\u00e6vet stof, er Aether bygget til bjergl\u00f8bere, letv\u00e6gts alpinister og dem, der s\u00f8ger den bedste beskyttelse med den letteste v\u00e6gt. Det v\u00e6vede bagside holder intern kondens v\u00e6k fra huden, i mods\u00e6tning til lettere 2-lags muligheder, der ofte findes i l\u00f8bejakker, hvilket giver en meget mere komfortabel oplevelse.<\/p>\n<p><strong>B\u00c6REDYGTIGHED I STYRKE<\/strong><\/p>\n<p>Dyneema er konstrueret af genbrugsmaterialer, og den h\u00f8j-kvalitets nylon kan genanvendes til flere h\u00f8j-kvalitets produkter med minimalt spild. Takket v\u00e6re den h\u00f8je grad af holdbarhed, er slutningen af livscyklussen for Aether langt v\u00e6k. Den mest b\u00e6redygtige jakke er den, der holder l\u00e6ngst.<\/p>\n<\/div>\n<\/div>\n<\/div>\n<\/div>\n<\/div>\n<\/div>\n<div class=\"et_pb_with_border et_pb_row et_pb_row_14_tb_body et_pb_gutters1\">\n<div class=\"et_pb_column et_pb_column_4_4 et_pb_column_21_tb_body et_pb_css_mix_blend_mode_passthrough et-last-child\">\n<div class=\"et_pb_button_module_wrapper et_pb_button_15_tb_body_wrapper et_pb_button_alignment_left et_pb_module \"><a class=\"et_pb_button et_pb_button_15_tb_body et-show-more-toggle-3 et_pb_bg_layout_light et-show-more-toggle-3_active\" href=\"https:\/\/theomm.com\/?post_type=product&amp;p=182289&amp;preview_id=182289&amp;preview_nonce=7d032f64c1&amp;_thumbnail_id=-1&amp;preview=true\" data-icon=\"P\">Feats &amp; Deets<\/a><\/div>\n<\/div>\n<\/div>\n<div class=\"et_pb_row et_pb_row_15_tb_body et-show-more-content-3 et_pb_gutters2\">\n<div class=\"et_pb_column et_pb_column_1_2 et_pb_column_22_tb_body pa-inline-text et_pb_css_mix_blend_mode_passthrough\">\n<div class=\"et_pb_module et_pb_text et_pb_text_14_tb_body et_pb_text_align_center et_pb_bg_layout_light\">\n<div class=\"et_pb_text_inner\">\n<p>FEATURES<\/p>\n<\/div>\n<\/div>\n<div class=\"et_pb_module et_pb_text et_pb_text_15_tb_body et_pb_text_align_left et_pb_text_align_center-tablet et_pb_bg_layout_light\">\n<div class=\"et_pb_text_inner\">\n<div class=\"ewa-rteLine\">\n<ul>\n<li><strong>Vandt\u00e6t<\/strong><\/li>\n<li><strong>Vindt\u00e6t<\/strong><\/li>\n<li><strong>Aktiv pasform<\/strong><\/li>\n<li><strong>Fuldst\u00e6ndigt tapede minimale s\u00f8mme<\/strong><\/li>\n<li><strong>Fuldst\u00e6ndigt justerbar lamineret og forst\u00e6rket h\u00e6tte<\/strong><\/li>\n<li><strong>Helt l\u00e6ngde YKK AquaGuard lynl\u00e5s<\/strong><\/li>\n<li><strong>Justerbare Velcro-muddar med integrerede tommelfingerl\u00f8kker<\/strong><\/li>\n<li><strong>Reflekterende detaljer<\/strong><\/li>\n<li><strong>Fuldst\u00e6ndigt justerbar dynamisk droptail<\/strong><\/li>\n<li><strong>2 store h\u00e6vede h\u00e5ndlommer med lynl\u00e5s<\/strong><\/li>\n<li><strong>Lynl\u00e5s-lommer<\/strong><\/li>\n<\/ul>\n<\/div>\n<\/div>\n<\/div>\n<\/div>\n<\/div>\n<\/div>\n","protected":false},"excerpt":{"rendered":"<div class=\"ewa-rteLine\">\n<p><strong>Konstrueret af Dyneema-forst\u00e6rket nylon og kombineret med et meget \u00e5ndbart membran samt alle de funktioner, du forventer af en klatrejakke, men med en v\u00e6gt, der er lettere end de fleste andre l\u00f8bejakker, opfylder Aether mange krav.<\/strong><\/p>\n<p>Lige hjemme p\u00e5 en regnbl\u00e6st hede som p\u00e5 en udsat alpinryg, tilbyder Aether robustheden fra et meget tungere bjergskal med v\u00e6gten og pakbarheden af meget lettere jakker, takket v\u00e6re den utrolige fysik bag Dyneema. Verdens st\u00e6rkeste fiber, Dyneema er 15 gange st\u00e6rkere end st\u00e5l, men har en v\u00e6gt t\u00e6ttere p\u00e5 silke. Almindeligt anvendt i ballistisk kropsrustning, klatresele og yacht-rigging, er Dyneema l\u00e6nge blevet v\u00e6rdsat for sin utrolige lette styrke og holdbarhed.<\/p>\n<p>Og det er denne holdbarhed, der g\u00f8r Aether til en af vores mest b\u00e6redygtige jakker til dato. Kombineret med den nye industristandard PFC-fri DWR og PFAS-fri membran, er Dyneema lavet af genbrugsmaterialer og \u00e5bner op for muligheden for end-to-end b\u00e6redygtighed og cirkul\u00e6r produktion, hvilket minimerer affald og reducerer p\u00e5virkningen af b\u00e5de produktion og brug.<\/p>\n<\/div>\n","protected":false},"featured_media":195055,"template":"","meta":{"_acf_changed":false,"_et_pb_use_builder":"","_et_pb_old_content":"","_et_gb_content_width":""},"locations":[],"product_brand":[],"product_cat":[1250,2195,1259,1256],"product_tag":[2673,2671,1678,1760,2672,1898,1684,2674,1753,1756,1628],"class_list":{"0":"post-190843","1":"product","2":"type-product","3":"status-publish","4":"has-post-thumbnail","6":"product_cat-beklaedning","7":"product_cat-beklaedning-udstyr","8":"product_cat-nyheder","9":"product_cat-ydre-lag","10":"product_tag-3-layer-jacket-da","11":"product_tag-event-da","12":"product_tag-lightweight-running-jacket-da","13":"product_tag-lightweight-waterproof-jacket-da","14":"product_tag-mens-waterprooof-jacket-da","15":"product_tag-mens-jacket-da","16":"product_tag-mens-running-jacket-da","17":"product_tag-three-layer-da","18":"product_tag-waterproof-da","19":"product_tag-waterproof-jacket-da","20":"product_tag-winter-running-da","21":"pa_color-bla","22":"pa_color-gra","23":"pa_colour-bla","24":"pa_colour-gra","25":"pa_gender-mens-da","26":"pa_size-stor","27":"pa_size-middel","28":"pa_size-lille","29":"pa_size-x-stor","30":"pa_size-x-lille","31":"pa_technology-dyneema","32":"pa_weight-200-300g","34":"first","35":"instock","36":"taxable","37":"shipping-taxable","38":"purchasable","39":"product-type-variable","40":"has-default-attributes","41":"wvs-archive-product-wrapper"},"acf":[],"yoast_head":"<!-- This site is optimized with the Yoast SEO plugin v27.3 - https:\/\/yoast.com\/product\/yoast-seo-wordpress\/ -->\n<title>Aether Jacket - OMM<\/title>\n<meta name=\"description\" content=\"AETHER JAKKEN ER SANDSYNLIGVIS VERDENS TUFFESTE L\u00d8BEJAKKE. KONSTUERET AF DYNEEMA TILBYDER DEN BJERGBESKYTTELSE FOR BJERGL\u00d8BEREN\" \/>\n<meta name=\"robots\" content=\"index, follow, max-snippet:-1, max-image-preview:large, max-video-preview:-1\" \/>\n<link rel=\"canonical\" href=\"https:\/\/theomm.com\/da\/product\/aether-jacket\/\" \/>\n<meta property=\"og:locale\" content=\"da_DK\" \/>\n<meta property=\"og:type\" content=\"article\" \/>\n<meta property=\"og:title\" content=\"Aether Jacket - OMM\" \/>\n<meta property=\"og:description\" content=\"AETHER JAKKEN ER SANDSYNLIGVIS VERDENS TUFFESTE L\u00d8BEJAKKE. KONSTUERET AF DYNEEMA TILBYDER DEN BJERGBESKYTTELSE FOR BJERGL\u00d8BEREN\" \/>\n<meta property=\"og:url\" content=\"https:\/\/theomm.com\/da\/product\/aether-jacket\/\" \/>\n<meta property=\"og:site_name\" content=\"OMM\" \/>\n<meta property=\"article:publisher\" content=\"https:\/\/www.facebook.com\/OMMrunning?_ga=2.203172945.1541616462.1665402953-280172632.1649426001\" \/>\n<meta property=\"article:modified_time\" content=\"2025-10-09T13:55:29+00:00\" \/>\n<meta property=\"og:image\" content=\"https:\/\/theomm.com\/wp-content\/uploads\/2024\/03\/OC200_Aether_Jacket_Grey_Front-1.jpg\" \/>\n\t<meta property=\"og:image:width\" content=\"1000\" \/>\n\t<meta property=\"og:image:height\" content=\"1000\" \/>\n\t<meta property=\"og:image:type\" content=\"image\/jpeg\" \/>\n<meta name=\"twitter:card\" content=\"summary_large_image\" \/>\n<meta name=\"twitter:label1\" content=\"Estimeret l\u00e6setid\" \/>\n\t<meta name=\"twitter:data1\" content=\"2 minutter\" \/>\n<script type=\"application\/ld+json\" class=\"yoast-schema-graph\">{\"@context\":\"https:\\\/\\\/schema.org\",\"@graph\":[{\"@type\":\"WebPage\",\"@id\":\"https:\\\/\\\/theomm.com\\\/da\\\/product\\\/aether-jacket\\\/\",\"url\":\"https:\\\/\\\/theomm.com\\\/da\\\/product\\\/aether-jacket\\\/\",\"name\":\"Aether Jacket - OMM\",\"isPartOf\":{\"@id\":\"https:\\\/\\\/theomm.com\\\/#website\"},\"primaryImageOfPage\":{\"@id\":\"https:\\\/\\\/theomm.com\\\/da\\\/product\\\/aether-jacket\\\/#primaryimage\"},\"image\":{\"@id\":\"https:\\\/\\\/theomm.com\\\/da\\\/product\\\/aether-jacket\\\/#primaryimage\"},\"thumbnailUrl\":\"https:\\\/\\\/theomm.com\\\/wp-content\\\/uploads\\\/2024\\\/03\\\/OC200_Aether_Jacket_Grey_Front-1.jpg\",\"datePublished\":\"2024-03-13T16:41:46+00:00\",\"dateModified\":\"2025-10-09T13:55:29+00:00\",\"description\":\"AETHER JAKKEN ER SANDSYNLIGVIS VERDENS TUFFESTE L\u00d8BEJAKKE. KONSTUERET AF DYNEEMA TILBYDER DEN BJERGBESKYTTELSE FOR BJERGL\u00d8BEREN\",\"breadcrumb\":{\"@id\":\"https:\\\/\\\/theomm.com\\\/da\\\/product\\\/aether-jacket\\\/#breadcrumb\"},\"inLanguage\":\"da-DK\",\"potentialAction\":[{\"@type\":\"ReadAction\",\"target\":[\"https:\\\/\\\/theomm.com\\\/da\\\/product\\\/aether-jacket\\\/\"]}]},{\"@type\":\"ImageObject\",\"inLanguage\":\"da-DK\",\"@id\":\"https:\\\/\\\/theomm.com\\\/da\\\/product\\\/aether-jacket\\\/#primaryimage\",\"url\":\"https:\\\/\\\/theomm.com\\\/wp-content\\\/uploads\\\/2024\\\/03\\\/OC200_Aether_Jacket_Grey_Front-1.jpg\",\"contentUrl\":\"https:\\\/\\\/theomm.com\\\/wp-content\\\/uploads\\\/2024\\\/03\\\/OC200_Aether_Jacket_Grey_Front-1.jpg\",\"width\":1000,\"height\":1000},{\"@type\":\"BreadcrumbList\",\"@id\":\"https:\\\/\\\/theomm.com\\\/da\\\/product\\\/aether-jacket\\\/#breadcrumb\",\"itemListElement\":[{\"@type\":\"ListItem\",\"position\":1,\"name\":\"Home\",\"item\":\"https:\\\/\\\/theomm.com\\\/da\\\/original-mountain-marathon\\\/\"},{\"@type\":\"ListItem\",\"position\":2,\"name\":\"Produkter\",\"item\":\"https:\\\/\\\/theomm.com\\\/da\\\/original-mountain-marathon\\\/produkter\\\/\"},{\"@type\":\"ListItem\",\"position\":3,\"name\":\"Aether Jacket\"}]},{\"@type\":\"WebSite\",\"@id\":\"https:\\\/\\\/theomm.com\\\/#website\",\"url\":\"https:\\\/\\\/theomm.com\\\/\",\"name\":\"OMM\",\"description\":\"OMM is Technical clothing and equipment made for running in the mountains. Designed to the specifications of Original Mountain Marathon.\",\"alternateName\":\"Original Mountain Marathon\",\"potentialAction\":[{\"@type\":\"SearchAction\",\"target\":{\"@type\":\"EntryPoint\",\"urlTemplate\":\"https:\\\/\\\/theomm.com\\\/?s={search_term_string}\"},\"query-input\":{\"@type\":\"PropertyValueSpecification\",\"valueRequired\":true,\"valueName\":\"search_term_string\"}}],\"inLanguage\":\"da-DK\"}]}<\/script>\n<!-- \/ Yoast SEO plugin. -->","yoast_head_json":{"title":"Aether Jacket - OMM","description":"AETHER JAKKEN ER SANDSYNLIGVIS VERDENS TUFFESTE L\u00d8BEJAKKE. KONSTUERET AF DYNEEMA TILBYDER DEN BJERGBESKYTTELSE FOR BJERGL\u00d8BEREN","robots":{"index":"index","follow":"follow","max-snippet":"max-snippet:-1","max-image-preview":"max-image-preview:large","max-video-preview":"max-video-preview:-1"},"canonical":"https:\/\/theomm.com\/da\/product\/aether-jacket\/","og_locale":"da_DK","og_type":"article","og_title":"Aether Jacket - OMM","og_description":"AETHER JAKKEN ER SANDSYNLIGVIS VERDENS TUFFESTE L\u00d8BEJAKKE. KONSTUERET AF DYNEEMA TILBYDER DEN BJERGBESKYTTELSE FOR BJERGL\u00d8BEREN","og_url":"https:\/\/theomm.com\/da\/product\/aether-jacket\/","og_site_name":"OMM","article_publisher":"https:\/\/www.facebook.com\/OMMrunning?_ga=2.203172945.1541616462.1665402953-280172632.1649426001","article_modified_time":"2025-10-09T13:55:29+00:00","og_image":[{"width":1000,"height":1000,"url":"https:\/\/theomm.com\/wp-content\/uploads\/2024\/03\/OC200_Aether_Jacket_Grey_Front-1.jpg","type":"image\/jpeg"}],"twitter_card":"summary_large_image","twitter_misc":{"Estimeret l\u00e6setid":"2 minutter"},"schema":{"@context":"https:\/\/schema.org","@graph":[{"@type":"WebPage","@id":"https:\/\/theomm.com\/da\/product\/aether-jacket\/","url":"https:\/\/theomm.com\/da\/product\/aether-jacket\/","name":"Aether Jacket - OMM","isPartOf":{"@id":"https:\/\/theomm.com\/#website"},"primaryImageOfPage":{"@id":"https:\/\/theomm.com\/da\/product\/aether-jacket\/#primaryimage"},"image":{"@id":"https:\/\/theomm.com\/da\/product\/aether-jacket\/#primaryimage"},"thumbnailUrl":"https:\/\/theomm.com\/wp-content\/uploads\/2024\/03\/OC200_Aether_Jacket_Grey_Front-1.jpg","datePublished":"2024-03-13T16:41:46+00:00","dateModified":"2025-10-09T13:55:29+00:00","description":"AETHER JAKKEN ER SANDSYNLIGVIS VERDENS TUFFESTE L\u00d8BEJAKKE. KONSTUERET AF DYNEEMA TILBYDER DEN BJERGBESKYTTELSE FOR BJERGL\u00d8BEREN","breadcrumb":{"@id":"https:\/\/theomm.com\/da\/product\/aether-jacket\/#breadcrumb"},"inLanguage":"da-DK","potentialAction":[{"@type":"ReadAction","target":["https:\/\/theomm.com\/da\/product\/aether-jacket\/"]}]},{"@type":"ImageObject","inLanguage":"da-DK","@id":"https:\/\/theomm.com\/da\/product\/aether-jacket\/#primaryimage","url":"https:\/\/theomm.com\/wp-content\/uploads\/2024\/03\/OC200_Aether_Jacket_Grey_Front-1.jpg","contentUrl":"https:\/\/theomm.com\/wp-content\/uploads\/2024\/03\/OC200_Aether_Jacket_Grey_Front-1.jpg","width":1000,"height":1000},{"@type":"BreadcrumbList","@id":"https:\/\/theomm.com\/da\/product\/aether-jacket\/#breadcrumb","itemListElement":[{"@type":"ListItem","position":1,"name":"Home","item":"https:\/\/theomm.com\/da\/original-mountain-marathon\/"},{"@type":"ListItem","position":2,"name":"Produkter","item":"https:\/\/theomm.com\/da\/original-mountain-marathon\/produkter\/"},{"@type":"ListItem","position":3,"name":"Aether Jacket"}]},{"@type":"WebSite","@id":"https:\/\/theomm.com\/#website","url":"https:\/\/theomm.com\/","name":"OMM","description":"OMM is Technical clothing and equipment made for running in the mountains. Designed to the specifications of Original Mountain Marathon.","alternateName":"Original Mountain Marathon","potentialAction":[{"@type":"SearchAction","target":{"@type":"EntryPoint","urlTemplate":"https:\/\/theomm.com\/?s={search_term_string}"},"query-input":{"@type":"PropertyValueSpecification","valueRequired":true,"valueName":"search_term_string"}}],"inLanguage":"da-DK"}]}},"_links":{"self":[{"href":"https:\/\/theomm.com\/da\/wp-json\/wp\/v2\/product\/190843","targetHints":{"allow":["GET"]}}],"collection":[{"href":"https:\/\/theomm.com\/da\/wp-json\/wp\/v2\/product"}],"about":[{"href":"https:\/\/theomm.com\/da\/wp-json\/wp\/v2\/types\/product"}],"wp:featuredmedia":[{"embeddable":true,"href":"https:\/\/theomm.com\/da\/wp-json\/wp\/v2\/media\/195055"}],"wp:attachment":[{"href":"https:\/\/theomm.com\/da\/wp-json\/wp\/v2\/media?parent=190843"}],"wp:term":[{"taxonomy":"locations","embeddable":true,"href":"https:\/\/theomm.com\/da\/wp-json\/wp\/v2\/locations?post=190843"},{"taxonomy":"product_brand","embeddable":true,"href":"https:\/\/theomm.com\/da\/wp-json\/wp\/v2\/product_brand?post=190843"},{"taxonomy":"product_cat","embeddable":true,"href":"https:\/\/theomm.com\/da\/wp-json\/wp\/v2\/product_cat?post=190843"},{"taxonomy":"product_tag","embeddable":true,"href":"https:\/\/theomm.com\/da\/wp-json\/wp\/v2\/product_tag?post=190843"}],"curies":[{"name":"wp","href":"https:\/\/api.w.org\/{rel}","templated":true}]}}