{"id":190854,"date":"2024-03-13T16:18:04","date_gmt":"2024-03-13T16:18:04","guid":{"rendered":"https:\/\/theomm.com\/?post_type=product&#038;p=190854"},"modified":"2026-01-27T09:32:42","modified_gmt":"2026-01-27T09:32:42","slug":"pole-pod","status":"publish","type":"product","link":"https:\/\/theomm.com\/da\/product\/pole-pod\/","title":{"rendered":"Pole Pod"},"content":{"rendered":"<div class=\"et_pb_section et_pb_section_0_tb_body et-show-more-container et_section_regular\">\n<div class=\"et_pb_sticky--has-transform et_pb_row et_pb_row_2_tb_body et_pb_sticky_module et_pb_gutters1 et_pb_sticky et_pb_sticky--top\">\n<div class=\"et_pb_column et_pb_column_4_4 et_pb_column_3_tb_body et_pb_css_mix_blend_mode_passthrough et-last-child\">\n<div class=\"et_pb_module et_pb_text et_pb_text_0_tb_body et_pb_text_align_left et_pb_bg_layout_light\">\n<div class=\"et_pb_text_inner\">Poles<\/div>\n<\/div>\n<div class=\"et_pb_module et_pb_wc_title et_pb_wc_title_0_tb_body et_pb_bg_layout_light\">\n<div class=\"et_pb_module_inner\">\n<h1>POLE POD<\/h1>\n<\/div>\n<\/div>\n<div class=\"et_pb_module et_pb_wc_price et_pb_wc_price_0_tb_body et_pb_text_align_left\">\n<div class=\"et_pb_module_inner\">\n<p class=\"price\"><span class=\"wcpbc-price wcpbc-price-182255\" data-product-id=\"182255\"><span class=\"woocommerce-Price-amount amount\"><bdi><span class=\"woocommerce-Price-currencySymbol\">POLE POD<\/span><\/bdi><\/span><\/span><\/p>\n<\/div>\n<\/div>\n<div class=\"et_pb_module et_pb_text et_pb_text_1_tb_body et_pb_text_align_right et_pb_bg_layout_light\">\n<div class=\"et_pb_text_inner\">OG052<\/div>\n<\/div>\n<div class=\"et_pb_module et_pb_text et_pb_text_2_tb_body et_pb_text_align_center et_pb_bg_layout_light\">\n<div class=\"et_pb_text_inner\">Modul\u00e6r stavb\u00e6rer, kompatibel med OMM-rygs\u00e6kke og veste<\/div>\n<\/div>\n<div class=\"et_pb_button_module_wrapper et_pb_button_3_tb_body_wrapper et_pb_button_alignment_center et_pb_module \"><a class=\"et_pb_button et_pb_button_3_tb_body et-show-more-toggle-1 et_pb_bg_layout_light et-show-more-toggle-1_active\" href=\"https:\/\/theomm.com\/?post_type=product&amp;p=182255&amp;preview_id=182255&amp;preview_nonce=710a022289&amp;_thumbnail_id=182112&amp;preview=true#toggle3\" data-icon=\"P\">More Info <\/a><a class=\"et_pb_button et_pb_button_9_tb_body et_pb_bg_layout_light\" href=\"https:\/\/theomm.com\/project\/omm-glossary\/\" target=\"_blank\" rel=\"noopener\" data-icon=\"\uf518\">OMM Glossary<\/a><\/div>\n<\/div>\n<\/div>\n<\/div>\n<div class=\"et_pb_section et_pb_section_1_tb_body et-show-more-container et_section_regular\">\n<div class=\"et_pb_row et_pb_row_3_tb_body et_pb_gutters1\">\n<div class=\"et_pb_column et_pb_column_2_5 et_pb_column_4_tb_body et_pb_css_mix_blend_mode_passthrough\">\u00a0<\/div>\n<div class=\"et_pb_with_border et_pb_column_3_5 et_pb_column et_pb_column_5_tb_body et_pb_css_mix_blend_mode_passthrough et-last-child\">\n<div class=\"et_pb_with_border et_pb_module et_pb_wc_images et_pb_wc_images_1_tb_body et_pb_bg_layout_\">\n<div class=\"et_pb_module_inner\">\n<div class=\"woo-variation-product-gallery woo-variation-product-gallery-thumbnail-columns-4 woo-variation-gallery-has-product-thumbnail woo-variation-gallery-enabled-thumbnail-slider\" data-product_id=\"182255\" data-variation_id=\"0\">\n<div class=\"woo-variation-gallery-wrapper woo-variation-gallery-thumbnail-position-bottom-bottom woo-variation-gallery-product-type-variable wvg-loaded\">\n<div class=\"woo-variation-gallery-container preload-style-fade\">\n<div class=\"woo-variation-gallery-slider-wrapper\">\n<div class=\"woo-variation-gallery-slider slick-initialized slick-slider\" style=\"box-sizing: border-box; margin: 0px; padding: 0px; border: 0px; outline: 0px; font-size: 16px; text-size-adjust: 100%; vertical-align: baseline; background: transparent; -webkit-tap-highlight-color: transparent; touch-action: pan-y; user-select: none; display: block; position: relative;\" data-slick=\"{&quot;slidesToShow&quot;:1,&quot;slidesToScroll&quot;:1,&quot;arrows&quot;:true,&quot;adaptiveHeight&quot;:true,&quot;rtl&quot;:false,&quot;prevArrow&quot;:&quot;&lt;i class=&quot;wvg-slider-prev-arrow dashicons dashicons-arrow-left-alt2&quot;&gt;&lt;\/i&gt;&quot;,&quot;nextArrow&quot;:&quot;&lt;i class=&quot;wvg-slider-next-arrow dashicons dashicons-arrow-right-alt2&quot;&gt;&lt;\/i&gt;&quot;,&quot;speed&quot;:300,&quot;asNavFor&quot;:&quot;.woo-variation-gallery-thumbnail-slider&quot;}\">\n<div class=\"slick-list draggable\">\n<div class=\"slick-track\">\n<div id=\"\" class=\"slick-slide slick-cloned\" tabindex=\"-1\" data-slick-index=\"22\" aria-hidden=\"true\">\n<div>\n<div class=\"wvg-gallery-image\" data-wapf-att-id=\"182128\">\n<div>\n<div class=\"wvg-single-gallery-image-container\" data-wapf-att-id=\"182128\">\u00a0<\/div>\n<\/div>\n<\/div>\n<\/div>\n<\/div>\n<\/div>\n<\/div>\n<\/div>\n<\/div>\n<\/div>\n<\/div>\n<\/div>\n<\/div>\n<\/div>\n<\/div>\n<\/div>\n<div class=\"et_pb_with_border et_pb_row et_pb_row_5_tb_body et_pb_gutters1\">\n<div class=\"et_pb_column et_pb_column_4_4 et_pb_column_9_tb_body et_pb_css_mix_blend_mode_passthrough et-last-child\">\n<div class=\"et_pb_button_module_wrapper et_pb_button_10_tb_body_wrapper et_pb_button_alignment_center et_pb_module \"><a class=\"et_pb_button et_pb_button_10_tb_body et-show-more-toggle-im et_pb_bg_layout_light\" href=\"https:\/\/theomm.com\/?post_type=product&amp;p=182255&amp;preview_id=182255&amp;preview_nonce=710a022289&amp;_thumbnail_id=182112&amp;preview=true\" data-icon=\"\uf107\">More Images<\/a><\/div>\n<\/div>\n<\/div>\n<div class=\"et_pb_row et_pb_row_6_tb_body et_pb_gutters1\">\n<div class=\"et_pb_column et_pb_column_4_4 et_pb_column_10_tb_body et_pb_css_mix_blend_mode_passthrough et-last-child\">\n<div class=\"et_pb_module et_pb_video et_pb_video_0_tb_body\">\n<div class=\"et_pb_video_box\">\n<div class=\"fluid-width-video-wrapper\"><iframe title=\"Pole Pod\" src=\"https:\/\/www.youtube.com\/embed\/AM-gjss_6ew?feature=oembed\" name=\"fitvid0\" allowfullscreen=\"allowfullscreen\" data-mce-fragment=\"1\"><\/iframe><\/div>\n<\/div>\n<\/div>\n<\/div>\n<\/div>\n<div id=\"toggle3\" class=\"et_pb_row et_pb_row_7_tb_body et_pb_gutters1\">\n<div class=\"et_pb_column et_pb_column_4_4 et_pb_column_11_tb_body et_pb_css_mix_blend_mode_passthrough et-last-child\">\n<div class=\"et_pb_module et_pb_text et_pb_text_4_tb_body et_pb_text_align_center et_pb_bg_layout_light\">\n<div class=\"et_pb_text_inner\">LEANWEIGHT<\/div>\n<\/div>\n<div class=\"et_pb_module et_pb_text et_pb_text_5_tb_body et_pb_text_align_center et_pb_bg_layout_light\">\u00a0<\/div>\n<div class=\"et_pb_module et_pb_text et_pb_text_6_tb_body et_pb_text_align_center et_pb_bg_layout_light\">\u00a0<\/div>\n<\/div>\n<\/div>\n<div class=\"et_pb_with_border et_pb_row et_pb_row_8_tb_body et_pb_gutters1\">\n<div class=\"et_pb_column et_pb_column_4_4 et_pb_column_12_tb_body et_pb_css_mix_blend_mode_passthrough et-last-child\">\n<div class=\"et_pb_button_module_wrapper et_pb_button_11_tb_body_wrapper et_pb_button_alignment_left et_pb_module \"><a class=\"et_pb_button et_pb_button_11_tb_body et-show-more-toggle-1 et_pb_bg_layout_light\" href=\"https:\/\/theomm.com\/?post_type=product&amp;p=182255&amp;preview_id=182255&amp;preview_nonce=710a022289&amp;_thumbnail_id=182112&amp;preview=true\" data-icon=\"P\">Beskrivelse<\/a><\/div>\n<\/div>\n<\/div>\n<div class=\"et_pb_row et_pb_row_9_tb_body et-show-more-content-1 et_pb_gutters1\">\n<div class=\"et_pb_column et_pb_column_4_4 et_pb_column_13_tb_body et_pb_css_mix_blend_mode_passthrough et-last-child\">\n<div class=\"et_pb_module et_pb_text et_pb_text_7_tb_body et_pb_text_align_left et_pb_bg_layout_light\">\n<div class=\"et_pb_text_inner\">\n<div class=\"woocommerce et-dynamic-content-woo et-dynamic-content-woo--product_short_description\">\n<div class=\"ewa-rteLine\">\n<div class=\"ewa-rteLine\">\n<p>OMM Pole Pod er designet til at fungere med alle OMM-rygs\u00e6kke og veste, men kan ogs\u00e5 bruges med en r\u00e6kke tredjepartsudstyr. Med den samme robuste men lette nylon, som findes i resten af vores rygs\u00e6kkesortiment, samt forst\u00e6rkede paneler, der hj\u00e6lper med at bevare formen og g\u00f8re opbevaring og adgang nemt, samt elastisk kompressionssnor og specialdesignede Duraflex-komponenter; er hver del af Pole Pod omhyggeligt overvejet for at skabe, hvad vi mener er den bedste l\u00f8sning til stavb\u00e6ring p\u00e5 markedet.<\/p>\n<p>Pole Pod monteres nemt ved hj\u00e6lp af det justerbare webbingb\u00e5nd \u00f8verst, omkring skulderremmen p\u00e5 din vest eller rygs\u00e6k. Poden kan derefter placeres enten lodret langs siden af rygs\u00e6kken eller, med en lavprofilvest, tv\u00e6rs over kroppen til det modsatte hj\u00f8rne. Det elastiske kompressionssystem reducerer herefter rysten, n\u00e5r du l\u00f8ber over forskellige terr\u00e6ner.<\/p>\n<\/div>\n<\/div>\n<\/div>\n<\/div>\n<\/div>\n<div class=\"et_pb_module et_pb_code et_pb_code_1_tb_body\">\n<div class=\"et_pb_code_inner\">\u00a0<\/div>\n<\/div>\n<\/div>\n<\/div>\n<div class=\"et_pb_with_border et_pb_row et_pb_row_10_tb_body et_pb_gutters1\">\n<div class=\"et_pb_column et_pb_column_4_4 et_pb_column_14_tb_body et_pb_css_mix_blend_mode_passthrough et-last-child\">\n<div class=\"et_pb_button_module_wrapper et_pb_button_14_tb_body_wrapper et_pb_button_alignment_left et_pb_module \"><a class=\"et_pb_button et_pb_button_14_tb_body et-show-more-toggle-2 et_pb_bg_layout_light et-show-more-toggle-2_active\" href=\"https:\/\/theomm.com\/?post_type=product&amp;p=182255&amp;preview_id=182255&amp;preview_nonce=710a022289&amp;_thumbnail_id=182112&amp;preview=true\" data-icon=\"P\">Produkt Highlights<\/a><\/div>\n<\/div>\n<\/div>\n<div class=\"et_pb_row et_pb_row_11_tb_body et-show-more-content-2 et_pb_gutters1\">\n<div class=\"et_pb_column et_pb_column_3_5 et_pb_column_15_tb_body et_pb_css_mix_blend_mode_passthrough\">\n<div class=\"et_pb_module et_pb_text et_pb_text_8_tb_body et_pb_text_align_center et_pb_bg_layout_light\">\n<div class=\"et_pb_text_inner\">\n<p>Pole Pod holder stavene t\u00e6t ved h\u00e5nden, n\u00e5r du har brug for dem, og g\u00f8r opbevaring under tekniske sektioner til en nem opgave. Med elastisk kompression og forst\u00e6rkede paneler samt en styv \u00e5bning kan stavene nemt tr\u00e6kkes ud og s\u00e6ttes tilbage i Pod&#8217;en og holdes p\u00e5 plads, mens du forts\u00e6tter din l\u00f8b.<\/p>\n<p>LET MEN ST\u00c6RK<\/p>\n<p>Med den samme h\u00f8jkvalitets nylon som findes i vores \u00f8vrige rygs\u00e6kkesortiment er Pole Pod holdbar og rivt\u00e5lig, med ripstop-forst\u00e6rkning, samtidig med at den er en af de letteste stavb\u00e6rere p\u00e5 markedet.<\/p>\n<p>KOMPATIBILITET<\/p>\n<p>Pole Pod er kompatibel med alle vores rygs\u00e6kke og veste, men kan ogs\u00e5 bruges med en r\u00e6kke tredjepartsrygs\u00e6kke, og kr\u00e6ver blot et f\u00e4stepunkt til den nederste fastg\u00f8relse.<\/p>\n<\/div>\n<\/div>\n<\/div>\n<\/div>\n<div class=\"et_pb_row et_pb_row_13_tb_body et-show-more-content-2 et_pb_gutters1\">\n<div class=\"et_pb_column et_pb_column_2_5 et_pb_column_20_tb_body et_pb_css_mix_blend_mode_passthrough et-last-child\">\n<div class=\"et_pb_module et_pb_image et_pb_image_11_tb_body et_pb_image_sticky\">\u00a0<\/div>\n<\/div>\n<\/div>\n<div class=\"et_pb_with_border et_pb_row et_pb_row_14_tb_body et_pb_gutters1\">\n<div class=\"et_pb_column et_pb_column_4_4 et_pb_column_21_tb_body et_pb_css_mix_blend_mode_passthrough et-last-child\">\n<div class=\"et_pb_button_module_wrapper et_pb_button_15_tb_body_wrapper et_pb_button_alignment_left et_pb_module \"><a class=\"et_pb_button et_pb_button_15_tb_body et-show-more-toggle-3 et_pb_bg_layout_light et-show-more-toggle-3_active\" href=\"https:\/\/theomm.com\/?post_type=product&amp;p=182255&amp;preview_id=182255&amp;preview_nonce=710a022289&amp;_thumbnail_id=182112&amp;preview=true\" data-icon=\"P\">Feats &amp; Deets<\/a><\/div>\n<\/div>\n<\/div>\n<div class=\"et_pb_row et_pb_row_15_tb_body et-show-more-content-3 et_pb_gutters2\">\n<div class=\"et_pb_column et_pb_column_1_2 et_pb_column_22_tb_body pa-inline-text et_pb_css_mix_blend_mode_passthrough\">\n<div class=\"et_pb_module et_pb_text et_pb_text_14_tb_body et_pb_text_align_center et_pb_bg_layout_light\">\n<div class=\"et_pb_text_inner\">\n<p><strong>EGENSKABER<\/strong><\/p>\n<ul>\n<li>Nem adgang<\/li>\n<li>Elastisk kompression<\/li>\n<li>Kompatibel med alle OMM-rygs\u00e6kke og -veste<\/li>\n<li>Letv\u00e6gts<\/li>\n<li>Forst\u00e6rkede paneler<\/li>\n<\/ul>\n<p><strong>TEKNISKE DETALJER<\/strong><\/p>\n<ul>\n<li>Farver: Bl\u00e5, Gr\u00e5<\/li>\n<li>Materiale: Nylon 210T, Duraflex<\/li>\n<li>V\u00e6gt:<\/li>\n<\/ul>\n<\/div>\n<\/div>\n<\/div>\n<\/div>\n<\/div>\n","protected":false},"excerpt":{"rendered":"<div class=\"ewa-rteLine\">\n<div class=\"ewa-rteLine\">\n<p>OMM Pole Pod er designet til at fungere med alle OMM-rygs\u00e6kke og -veste, men kan ogs\u00e5 bruges med en r\u00e6kke tredjepartsudstyr. Med den samme robuste men lette nylon som findes i resten af vores rygs\u00e6kkesortiment, samt forst\u00e6rkede paneler der hj\u00e6lper med at bevare formen og g\u00f8r opbevaring og adgang nemt, samt elastisk kompressionssnor og specialdesignede Duraflex-komponenter; er hver del af Pole Pod n\u00f8je overvejet for at skabe, hvad vi mener er den bedste l\u00f8sning til stavb\u00e6ring p\u00e5 markedet.<\/p>\n<p>Pole Pod monteres nemt med det justerbare webbingb\u00e5nd \u00f8verst, omkring skulderremmen p\u00e5 din vest eller rygs\u00e6k. Pod&#8217;en kan derefter placeres enten lodret langs siden af rygs\u00e6kken eller med en lavprofilvest, tv\u00e6rs over kroppen til det modsatte hj\u00f8rne. Det elastiske kompressionssystem reducerer herefter rystelser, n\u00e5r du l\u00f8ber over forskellige terr\u00e6ner.<\/p>\n<\/div>\n<\/div>\n","protected":false},"featured_media":182113,"template":"","meta":{"_acf_changed":false,"_et_pb_use_builder":"","_et_pb_old_content":"","_et_gb_content_width":""},"locations":[],"product_brand":[],"product_cat":[1265,1259,2675,1270],"product_tag":[2679,2680,2676,2677,2678],"class_list":{"0":"post-190854","1":"product","2":"type-product","3":"status-publish","4":"has-post-thumbnail","6":"product_cat-baere-opbevar","7":"product_cat-nyheder","8":"product_cat-stave","9":"product_cat-tilbehor-og-tilfojelser","10":"product_tag-pod-da","11":"product_tag-pole-carrier-da","12":"product_tag-pole-pod-da","13":"product_tag-pole-quiver-da","14":"product_tag-quiver-da","15":"pa_color-bla","16":"pa_color-gra","17":"pa_colour-bla","18":"pa_colour-gra","19":"pa_weight-100-200g","21":"first","22":"instock","23":"taxable","24":"shipping-taxable","25":"purchasable","26":"product-type-variable","27":"wvs-archive-product-wrapper"},"acf":[],"yoast_head":"<!-- This site is optimized with the Yoast SEO plugin v27.3 - https:\/\/yoast.com\/product\/yoast-seo-wordpress\/ -->\n<title>Pole Pod - OMM<\/title>\n<meta name=\"description\" content=\"POLE POD TILBYDER EN MODUL\u00c6R B\u00c6REL\u00d8SNING, KOMPATIBEL MED OMM-RYGS\u00c6KKE OG VESTE MEN OGS\u00c5 ANDRE M\u00c6RKER. HOLD DINE STAVE T\u00c6T VED H\u00c5NDEN\" \/>\n<meta name=\"robots\" content=\"index, follow, max-snippet:-1, max-image-preview:large, max-video-preview:-1\" \/>\n<link rel=\"canonical\" href=\"https:\/\/theomm.com\/da\/product\/pole-pod\/\" \/>\n<meta property=\"og:locale\" content=\"da_DK\" \/>\n<meta property=\"og:type\" content=\"article\" \/>\n<meta property=\"og:title\" content=\"Pole Pod - OMM\" \/>\n<meta property=\"og:description\" content=\"POLE POD TILBYDER EN MODUL\u00c6R B\u00c6REL\u00d8SNING, KOMPATIBEL MED OMM-RYGS\u00c6KKE OG VESTE MEN OGS\u00c5 ANDRE M\u00c6RKER. HOLD DINE STAVE T\u00c6T VED H\u00c5NDEN\" \/>\n<meta property=\"og:url\" content=\"https:\/\/theomm.com\/da\/product\/pole-pod\/\" \/>\n<meta property=\"og:site_name\" content=\"OMM\" \/>\n<meta property=\"article:publisher\" content=\"https:\/\/www.facebook.com\/OMMrunning?_ga=2.203172945.1541616462.1665402953-280172632.1649426001\" \/>\n<meta property=\"article:modified_time\" content=\"2026-01-27T09:32:42+00:00\" \/>\n<meta property=\"og:image\" content=\"https:\/\/theomm.com\/wp-content\/uploads\/2024\/03\/OG052_Poles_Pod_Blue_Empty.jpg\" \/>\n\t<meta property=\"og:image:width\" content=\"1000\" \/>\n\t<meta property=\"og:image:height\" content=\"1000\" \/>\n\t<meta property=\"og:image:type\" content=\"image\/jpeg\" \/>\n<meta name=\"twitter:card\" content=\"summary_large_image\" \/>\n<meta name=\"twitter:label1\" content=\"Estimeret l\u00e6setid\" \/>\n\t<meta name=\"twitter:data1\" content=\"2 minutter\" \/>\n<script type=\"application\/ld+json\" class=\"yoast-schema-graph\">{\"@context\":\"https:\\\/\\\/schema.org\",\"@graph\":[{\"@type\":\"WebPage\",\"@id\":\"https:\\\/\\\/theomm.com\\\/da\\\/product\\\/pole-pod\\\/\",\"url\":\"https:\\\/\\\/theomm.com\\\/da\\\/product\\\/pole-pod\\\/\",\"name\":\"Pole Pod - OMM\",\"isPartOf\":{\"@id\":\"https:\\\/\\\/theomm.com\\\/#website\"},\"primaryImageOfPage\":{\"@id\":\"https:\\\/\\\/theomm.com\\\/da\\\/product\\\/pole-pod\\\/#primaryimage\"},\"image\":{\"@id\":\"https:\\\/\\\/theomm.com\\\/da\\\/product\\\/pole-pod\\\/#primaryimage\"},\"thumbnailUrl\":\"https:\\\/\\\/theomm.com\\\/wp-content\\\/uploads\\\/2024\\\/03\\\/OG052_Poles_Pod_Blue_Empty.jpg\",\"datePublished\":\"2024-03-13T16:18:04+00:00\",\"dateModified\":\"2026-01-27T09:32:42+00:00\",\"description\":\"POLE POD TILBYDER EN MODUL\u00c6R B\u00c6REL\u00d8SNING, KOMPATIBEL MED OMM-RYGS\u00c6KKE OG VESTE MEN OGS\u00c5 ANDRE M\u00c6RKER. HOLD DINE STAVE T\u00c6T VED H\u00c5NDEN\",\"breadcrumb\":{\"@id\":\"https:\\\/\\\/theomm.com\\\/da\\\/product\\\/pole-pod\\\/#breadcrumb\"},\"inLanguage\":\"da-DK\",\"potentialAction\":[{\"@type\":\"ReadAction\",\"target\":[\"https:\\\/\\\/theomm.com\\\/da\\\/product\\\/pole-pod\\\/\"]}]},{\"@type\":\"ImageObject\",\"inLanguage\":\"da-DK\",\"@id\":\"https:\\\/\\\/theomm.com\\\/da\\\/product\\\/pole-pod\\\/#primaryimage\",\"url\":\"https:\\\/\\\/theomm.com\\\/wp-content\\\/uploads\\\/2024\\\/03\\\/OG052_Poles_Pod_Blue_Empty.jpg\",\"contentUrl\":\"https:\\\/\\\/theomm.com\\\/wp-content\\\/uploads\\\/2024\\\/03\\\/OG052_Poles_Pod_Blue_Empty.jpg\",\"width\":1000,\"height\":1000},{\"@type\":\"BreadcrumbList\",\"@id\":\"https:\\\/\\\/theomm.com\\\/da\\\/product\\\/pole-pod\\\/#breadcrumb\",\"itemListElement\":[{\"@type\":\"ListItem\",\"position\":1,\"name\":\"Home\",\"item\":\"https:\\\/\\\/theomm.com\\\/da\\\/original-mountain-marathon\\\/\"},{\"@type\":\"ListItem\",\"position\":2,\"name\":\"Produkter\",\"item\":\"https:\\\/\\\/theomm.com\\\/da\\\/original-mountain-marathon\\\/produkter\\\/\"},{\"@type\":\"ListItem\",\"position\":3,\"name\":\"Pole Pod\"}]},{\"@type\":\"WebSite\",\"@id\":\"https:\\\/\\\/theomm.com\\\/#website\",\"url\":\"https:\\\/\\\/theomm.com\\\/\",\"name\":\"OMM\",\"description\":\"OMM is Technical clothing and equipment made for running in the mountains. Designed to the specifications of Original Mountain Marathon.\",\"alternateName\":\"Original Mountain Marathon\",\"potentialAction\":[{\"@type\":\"SearchAction\",\"target\":{\"@type\":\"EntryPoint\",\"urlTemplate\":\"https:\\\/\\\/theomm.com\\\/?s={search_term_string}\"},\"query-input\":{\"@type\":\"PropertyValueSpecification\",\"valueRequired\":true,\"valueName\":\"search_term_string\"}}],\"inLanguage\":\"da-DK\"}]}<\/script>\n<!-- \/ Yoast SEO plugin. -->","yoast_head_json":{"title":"Pole Pod - OMM","description":"POLE POD TILBYDER EN MODUL\u00c6R B\u00c6REL\u00d8SNING, KOMPATIBEL MED OMM-RYGS\u00c6KKE OG VESTE MEN OGS\u00c5 ANDRE M\u00c6RKER. HOLD DINE STAVE T\u00c6T VED H\u00c5NDEN","robots":{"index":"index","follow":"follow","max-snippet":"max-snippet:-1","max-image-preview":"max-image-preview:large","max-video-preview":"max-video-preview:-1"},"canonical":"https:\/\/theomm.com\/da\/product\/pole-pod\/","og_locale":"da_DK","og_type":"article","og_title":"Pole Pod - OMM","og_description":"POLE POD TILBYDER EN MODUL\u00c6R B\u00c6REL\u00d8SNING, KOMPATIBEL MED OMM-RYGS\u00c6KKE OG VESTE MEN OGS\u00c5 ANDRE M\u00c6RKER. HOLD DINE STAVE T\u00c6T VED H\u00c5NDEN","og_url":"https:\/\/theomm.com\/da\/product\/pole-pod\/","og_site_name":"OMM","article_publisher":"https:\/\/www.facebook.com\/OMMrunning?_ga=2.203172945.1541616462.1665402953-280172632.1649426001","article_modified_time":"2026-01-27T09:32:42+00:00","og_image":[{"width":1000,"height":1000,"url":"https:\/\/theomm.com\/wp-content\/uploads\/2024\/03\/OG052_Poles_Pod_Blue_Empty.jpg","type":"image\/jpeg"}],"twitter_card":"summary_large_image","twitter_misc":{"Estimeret l\u00e6setid":"2 minutter"},"schema":{"@context":"https:\/\/schema.org","@graph":[{"@type":"WebPage","@id":"https:\/\/theomm.com\/da\/product\/pole-pod\/","url":"https:\/\/theomm.com\/da\/product\/pole-pod\/","name":"Pole Pod - OMM","isPartOf":{"@id":"https:\/\/theomm.com\/#website"},"primaryImageOfPage":{"@id":"https:\/\/theomm.com\/da\/product\/pole-pod\/#primaryimage"},"image":{"@id":"https:\/\/theomm.com\/da\/product\/pole-pod\/#primaryimage"},"thumbnailUrl":"https:\/\/theomm.com\/wp-content\/uploads\/2024\/03\/OG052_Poles_Pod_Blue_Empty.jpg","datePublished":"2024-03-13T16:18:04+00:00","dateModified":"2026-01-27T09:32:42+00:00","description":"POLE POD TILBYDER EN MODUL\u00c6R B\u00c6REL\u00d8SNING, KOMPATIBEL MED OMM-RYGS\u00c6KKE OG VESTE MEN OGS\u00c5 ANDRE M\u00c6RKER. HOLD DINE STAVE T\u00c6T VED H\u00c5NDEN","breadcrumb":{"@id":"https:\/\/theomm.com\/da\/product\/pole-pod\/#breadcrumb"},"inLanguage":"da-DK","potentialAction":[{"@type":"ReadAction","target":["https:\/\/theomm.com\/da\/product\/pole-pod\/"]}]},{"@type":"ImageObject","inLanguage":"da-DK","@id":"https:\/\/theomm.com\/da\/product\/pole-pod\/#primaryimage","url":"https:\/\/theomm.com\/wp-content\/uploads\/2024\/03\/OG052_Poles_Pod_Blue_Empty.jpg","contentUrl":"https:\/\/theomm.com\/wp-content\/uploads\/2024\/03\/OG052_Poles_Pod_Blue_Empty.jpg","width":1000,"height":1000},{"@type":"BreadcrumbList","@id":"https:\/\/theomm.com\/da\/product\/pole-pod\/#breadcrumb","itemListElement":[{"@type":"ListItem","position":1,"name":"Home","item":"https:\/\/theomm.com\/da\/original-mountain-marathon\/"},{"@type":"ListItem","position":2,"name":"Produkter","item":"https:\/\/theomm.com\/da\/original-mountain-marathon\/produkter\/"},{"@type":"ListItem","position":3,"name":"Pole Pod"}]},{"@type":"WebSite","@id":"https:\/\/theomm.com\/#website","url":"https:\/\/theomm.com\/","name":"OMM","description":"OMM is Technical clothing and equipment made for running in the mountains. Designed to the specifications of Original Mountain Marathon.","alternateName":"Original Mountain Marathon","potentialAction":[{"@type":"SearchAction","target":{"@type":"EntryPoint","urlTemplate":"https:\/\/theomm.com\/?s={search_term_string}"},"query-input":{"@type":"PropertyValueSpecification","valueRequired":true,"valueName":"search_term_string"}}],"inLanguage":"da-DK"}]}},"_links":{"self":[{"href":"https:\/\/theomm.com\/da\/wp-json\/wp\/v2\/product\/190854","targetHints":{"allow":["GET"]}}],"collection":[{"href":"https:\/\/theomm.com\/da\/wp-json\/wp\/v2\/product"}],"about":[{"href":"https:\/\/theomm.com\/da\/wp-json\/wp\/v2\/types\/product"}],"wp:featuredmedia":[{"embeddable":true,"href":"https:\/\/theomm.com\/da\/wp-json\/wp\/v2\/media\/182113"}],"wp:attachment":[{"href":"https:\/\/theomm.com\/da\/wp-json\/wp\/v2\/media?parent=190854"}],"wp:term":[{"taxonomy":"locations","embeddable":true,"href":"https:\/\/theomm.com\/da\/wp-json\/wp\/v2\/locations?post=190854"},{"taxonomy":"product_brand","embeddable":true,"href":"https:\/\/theomm.com\/da\/wp-json\/wp\/v2\/product_brand?post=190854"},{"taxonomy":"product_cat","embeddable":true,"href":"https:\/\/theomm.com\/da\/wp-json\/wp\/v2\/product_cat?post=190854"},{"taxonomy":"product_tag","embeddable":true,"href":"https:\/\/theomm.com\/da\/wp-json\/wp\/v2\/product_tag?post=190854"}],"curies":[{"name":"wp","href":"https:\/\/api.w.org\/{rel}","templated":true}]}}