{"id":190906,"date":"2024-10-18T15:55:11","date_gmt":"2024-10-18T15:55:11","guid":{"rendered":"https:\/\/theomm.com\/?post_type=product&#038;p=190906"},"modified":"2026-03-10T13:18:00","modified_gmt":"2026-03-10T13:18:00","slug":"kamleika-jacket","status":"publish","type":"product","link":"https:\/\/theomm.com\/da\/product\/kamleika-jacket\/","title":{"rendered":"Kamleika Jacket"},"content":{"rendered":"<div class=\"et_pb_section et_pb_section_0_tb_body et-show-more-container et_section_regular\">\n<div class=\"et_pb_sticky--has-transform et_pb_row et_pb_row_2_tb_body et_pb_sticky_module et_pb_gutters1 et_pb_sticky et_pb_sticky--top\">\n<div class=\"et_pb_column et_pb_column_4_4 et_pb_column_3_tb_body et_pb_css_mix_blend_mode_passthrough et-last-child\">\n<div class=\"et_pb_module et_pb_wc_title et_pb_wc_title_0_tb_body et_pb_bg_layout_light\">\n<div class=\"et_pb_module_inner\">\n<h1>KAMLEIKA JACKET<\/h1>\n<\/div>\n<\/div>\n<\/div>\n<\/div>\n<div class=\"et_pb_sticky--has-transform et_pb_row et_pb_row_2_tb_body et_pb_sticky_module et_pb_gutters1 et_pb_sticky_placeholder\" data-sticky-placeholder-id=\"et_pb_row_2_tb_body\">\n<div class=\"et_pb_column et_pb_column_4_4 et_pb_column_3_tb_body et_pb_css_mix_blend_mode_passthrough et-last-child\">\n<div class=\"et_pb_module et_pb_text et_pb_text_2_tb_body et_pb_text_align_center et_pb_bg_layout_light\">\n<div class=\"et_pb_text_inner\">6. GENERATION Kamleika JACKET 4- VEJS STRECTCH VANDT\u00c6T SOFTSHELL, NU PFC &amp; PFAS-FRI<\/div>\n<\/div>\n<div class=\"et_pb_button_module_wrapper et_pb_button_3_tb_body_wrapper et_pb_button_alignment_center et_pb_module \"><a class=\"et_pb_button et_pb_button_3_tb_body et-show-more-toggle-1 et_pb_bg_layout_light\" href=\"https:\/\/theomm.com\/?post_type=product&amp;p=181843&amp;preview=true#toggle3\" data-icon=\"P\">Mere Info<\/a><\/div>\n<div>\u00a0<\/div>\n<div class=\"et_pb_button_module_wrapper et_pb_button_3_tb_body_wrapper et_pb_button_alignment_center et_pb_module \">LEANWEIGHT 215g<\/div>\n<\/div>\n<\/div>\n<\/div>\n<div class=\"et_pb_section et_pb_section_1_tb_body et-show-more-container et_section_regular\">\n<div id=\"toggle3\" class=\"et_pb_row et_pb_row_7_tb_body et_pb_gutters1\">\n<div class=\"et_pb_column et_pb_column_4_4 et_pb_column_11_tb_body et_pb_css_mix_blend_mode_passthrough et-last-child\">\n<div class=\"et_pb_module et_pb_text et_pb_text_5_tb_body et_pb_text_align_center et_pb_bg_layout_light\">\n<div class=\"et_pb_text_inner\">HYDROSTATIC HEAD 20,000mm<\/div>\n<\/div>\n<div class=\"et_pb_module et_pb_text et_pb_text_6_tb_body et_pb_text_align_center et_pb_bg_layout_light\">\n<div class=\"et_pb_text_inner\">BREATHABILITY 20,000g\/m2<\/div>\n<\/div>\n<\/div>\n<\/div>\n<div class=\"et_pb_with_border et_pb_row et_pb_row_8_tb_body et_pb_gutters1\">\n<div class=\"et_pb_column et_pb_column_4_4 et_pb_column_12_tb_body et_pb_css_mix_blend_mode_passthrough et-last-child\">\n<div class=\"et_pb_button_module_wrapper et_pb_button_11_tb_body_wrapper et_pb_button_alignment_left et_pb_module \"><a class=\"et_pb_button et_pb_button_11_tb_body et-show-more-toggle-1 et_pb_bg_layout_light\" href=\"https:\/\/theomm.com\/?post_type=product&amp;p=181843&amp;preview=true\" data-icon=\"P\">Beskrivelse<\/a><\/div>\n<\/div>\n<\/div>\n<div class=\"et_pb_row et_pb_row_9_tb_body et-show-more-content-1 et_pb_gutters1\">\n<div class=\"et_pb_column et_pb_column_4_4 et_pb_column_13_tb_body et_pb_css_mix_blend_mode_passthrough et-last-child\">\n<div class=\"et_pb_module et_pb_text et_pb_text_7_tb_body et_pb_text_align_left et_pb_bg_layout_light\">\n<div class=\"et_pb_text_inner\">\n<div class=\"woocommerce et-dynamic-content-woo et-dynamic-content-woo--product_short_description\">\n<div class=\"ewa-rteLine\">\n<p>Nu i sin 6. generation den originale Kamleika stretch-vandt\u00e6tte jakke blev f\u00f8rste gang introduceret i 2005 og fik hurtigt mange fans. Kendt for sin uovertrufne komfort t\u00e6t p\u00e5 huden, bev\u00e6gelsesfrihed og beskyttelse i barske forhold. Kamleika specifikt designet til kravene fra bjergl\u00f8beren. Navngivet efter det bekl\u00e6dningsstykke, som Aleut-folket fra det h\u00f8je Arktis bar ved kysterne af Berings Hav, selvom det ikke l\u00e6ngere er konstrueret af indvolde fra havoddere; kr\u00e6ver bjergl\u00f8bere, ligesom Aleuterne, et vandt\u00e6t og beskyttende, men alligevel let og pakkbart lag, der ikke er begr\u00e6nsende at bev\u00e6ge sig med.<\/p>\n<p>Den 5. generation af Kamleika introducerede det slidst\u00e6rke nylon stof, mens den 6. nu inkluderer et PFAS-frit biomembran og PFC-fri DWR-behandling. Dette har gjort det muligt for os drastisk at reducere milj\u00f8p\u00e5virkningen fra jakkeproduktion og brug, idet vi ikke l\u00e6ngere bruger de &#8220;evige kemikalier&#8221;, der er utrolig skadelige for naturen, uden at g\u00e5 p\u00e5 kompromis med jakkepr\u00e6stationen under de h\u00e5rdeste forhold.<\/p>\n<p>Du kan l\u00e6se mere om PFC- og PFAS-frie stoffer <a href=\"#\" rel=\"noreferrer\">HER<\/a>.<\/p>\n<\/div>\n<\/div>\n<\/div>\n<\/div>\n<div class=\"et_pb_module et_pb_code et_pb_code_1_tb_body\">\n<div class=\"et_pb_code_inner\">\u00a0<\/div>\n<\/div>\n<div class=\"et_pb_button_module_wrapper et_pb_button_13_tb_body_wrapper et_pb_button_alignment_center et_pb_module \"><a class=\"et_pb_button et_pb_button_13_tb_body et_pb_bg_layout_light\" href=\"https:\/\/theomm.com\/da\/project\/kamleika-teknologi\/\" data-icon=\"5\">KAMLEIKA FORKLARET<\/a><\/div>\n<\/div>\n<\/div>\n<div class=\"et_pb_with_border et_pb_row et_pb_row_10_tb_body et_pb_gutters1\">\n<div class=\"et_pb_column et_pb_column_4_4 et_pb_column_14_tb_body et_pb_css_mix_blend_mode_passthrough et-last-child\">\n<div class=\"et_pb_button_module_wrapper et_pb_button_14_tb_body_wrapper et_pb_button_alignment_left et_pb_module \"><a class=\"et_pb_button et_pb_button_14_tb_body et-show-more-toggle-2 et_pb_bg_layout_light et-show-more-toggle-2_active\" href=\"https:\/\/theomm.com\/?post_type=product&amp;p=181843&amp;preview=true\" data-icon=\"P\">Produkt h\u00f8jdepunkter<\/a><\/div>\n<\/div>\n<\/div>\n<div class=\"et_pb_row et_pb_row_11_tb_body et-show-more-content-2 et_pb_gutters1\">\n<div class=\"et_pb_column et_pb_column_3_5 et_pb_column_15_tb_body et_pb_css_mix_blend_mode_passthrough\">\n<div class=\"et_pb_module et_pb_text et_pb_text_8_tb_body et_pb_text_align_center et_pb_bg_layout_light\">\n<div class=\"et_pb_text_inner\">\n<p><strong>SOFTSHELL-KOMFORT, VANDT\u00c6T YDEEVNE<\/strong><\/p>\n<p>Med 4-vejs str\u00e6k, bl\u00f8d f\u00f8lelse og stor \u00e5ndbarhed ligner, f\u00f8les og lyder Kamleika-stoffet som et softshell, men med den helt vandt\u00e6tte membran, tapede s\u00f8mme og DWR tilbyder det den vandt\u00e6tte beskyttelse, der er n\u00f8dvendig for at bev\u00e6ge sig sikkert i d\u00e5rligt vejr.<\/p>\n<p><strong>C-ZERO KONSTRUKTION &amp; PLANTEBASERET MEMBRAN<\/strong><\/p>\n<p>Brugen af en PFC-fri DWR og en PFAS-fri biomembran har fjernet de langk\u00e6dede kulstofforbindelser og evighedskemikalier fra produktionen og brugen af Kamleika, hvilket reducerer stoffets milj\u00f8p\u00e5virkning, samtidig med at vi opretholder den ydeevne, vi kr\u00e6ver af det. Den nye biomembran er fremstillet af plantebaserede materialer og er en meget mere b\u00e6redygtig mulighed, der er p\u00e5 forkant med membranteknologien.<\/p>\n<p><strong>BJERG-FUNKTIONER I EN L\u00d8BEJAKKE<\/strong><\/p>\n<p>Kamleika tilbyder de forbedrede funktioner i en bjergskal i en l\u00f8bejakke. Med fuldt justerbare manchetter og integrerede tommell\u00f8kker, dynamisk droptail, fuldt justerbar h\u00e6tte med tr\u00e5d og lamineret, plus 2 h\u00e5ndlommer og YKK AquaGuard lynl\u00e5se, sparer Kamleika ikke p\u00e5 ekstradetaljerne uden at tippe v\u00e6gten.<\/p>\n<\/div>\n<\/div>\n<\/div>\n<\/div>\n<div class=\"et_pb_with_border et_pb_row et_pb_row_14_tb_body et_pb_gutters1\">\n<div class=\"et_pb_column et_pb_column_4_4 et_pb_column_21_tb_body et_pb_css_mix_blend_mode_passthrough et-last-child\">\n<div class=\"et_pb_button_module_wrapper et_pb_button_15_tb_body_wrapper et_pb_button_alignment_left et_pb_module \"><a class=\"et_pb_button et_pb_button_15_tb_body et-show-more-toggle-3 et_pb_bg_layout_light et-show-more-toggle-3_active\" href=\"https:\/\/theomm.com\/?post_type=product&amp;p=181843&amp;preview=true\" data-icon=\"P\">Egenskaber &amp; Detaljer<\/a><\/div>\n<div>\n<p><strong>EGENSKABER<\/strong><\/p>\n<ul>\n<li>37.5-teknologi opretholder en behagelig hudtemperatur<\/li>\n<li>Velcromanchet med integreret tommell\u00f8kke<\/li>\n<li>YKK\u00ae Aquaguard lynl\u00e5s i fuld l\u00e6ngde<\/li>\n<li>2 h\u00e5ndlommer med lynl\u00e5s<\/li>\n<li>Fuldt justerbar h\u00e6tte med stiv skygge<\/li>\n<li>Fuldt justerbar elastisk kant med dynamisk droptail<\/li>\n<\/ul>\n<p><strong>TEKNISKE DETALJER<\/strong><\/p>\n<ul>\n<li>265 g<\/li>\n<li>Flexile: Nylon\/Spandex-blanding<\/li>\n<li>4-vejs str\u00e6k<\/li>\n<li>Vandt\u00e6t<\/li>\n<li>Vindt\u00e6t<\/li>\n<li>PFAS-fri biomembran<\/li>\n<li>PFC-fri DWR: Holdbar vandafvisning<\/li>\n<\/ul>\n<\/div>\n<\/div>\n<\/div>\n<\/div>\n","protected":false},"excerpt":{"rendered":"<div class=\"ewa-rteLine\">\n<p>Nu i sin 6. generation blev den originale Kamleika stretch-vandt\u00e6tte jakke f\u00f8rst udgivet i 2005 og tiltrak hurtigt mange fans, for ikke at n\u00e6vne nogle f\u00e5 imitatorer. Kendt for sin uovertrufne komfort t\u00e6t p\u00e5 huden, bev\u00e6gelsesfrihed og beskyttelse i barske forhold; er Kamleika specifikt designet til kravene fra bjergl\u00f8bere. Opkaldt efter det t\u00f8j, der b\u00e6res af Aleut-folket i det h\u00f8je Arktis ved kysterne af Beringhavet, selvom det ikke l\u00e6ngere er konstrueret af indvolde fra havoddere; ligesom Aleuterne kr\u00e6ver bjergl\u00f8bere en vandt\u00e6t og beskyttende, men alligevel let og pakbar lag, der ikke er begr\u00e6nsende og bev\u00e6ger sig med dem.<\/p>\n<p>Den 5. generation af Kamleika introducerede det slidst\u00e6rke nylon yderstof, mens den 6. nu inkluderer et PFAS-frit biomembran og PFC-fri DWR-behandling. Dette har gjort det muligt for os at reducere milj\u00f8p\u00e5virkningen fra jakkens fremstilling og brug drastisk, da vi ikke l\u00e6ngere bruger &#8220;forever chemicals&#8221;, der er utroligt skadelige for naturen, uden at g\u00e5 p\u00e5 kompromis med jakkens ydeevne under de h\u00e5rdeste forhold.<\/p>\n<\/div>\n","protected":false},"featured_media":181965,"template":"","meta":{"_acf_changed":false,"_et_pb_use_builder":"","_et_pb_old_content":"","_et_gb_content_width":""},"locations":[1196],"product_brand":[],"product_cat":[1250,1444,1258,1259,1256],"product_tag":[1924,1682,2685,2684,2683,1540,1678,1760,1943,1753],"class_list":{"0":"post-190906","1":"product","2":"type-product","3":"status-publish","4":"has-post-thumbnail","6":"locations-uk","7":"product_cat-beklaedning","8":"product_cat-kamleika-da","9":"product_cat-kit-lister","10":"product_cat-nyheder","11":"product_cat-ydre-lag","12":"product_tag-kamleika-da","13":"product_tag-kamleika-jacket-da","14":"product_tag-kamlieka-da","15":"product_tag-kamlika-da","16":"product_tag-kamlike-da","17":"product_tag-letvaegts-lobe-top","18":"product_tag-lightweight-running-jacket-da","19":"product_tag-lightweight-waterproof-jacket-da","20":"product_tag-mountain-marathon-da","21":"product_tag-waterproof-da","22":"pa_color-bla","23":"pa_color-gra","24":"pa_color-gron","25":"pa_color-orange-da","26":"pa_colour-bla","27":"pa_colour-gra","28":"pa_colour-morkegron","29":"pa_colour-orange-da","30":"pa_gender-mens-da","31":"pa_size-stor","32":"pa_size-middel","33":"pa_size-lille","34":"pa_size-x-stor","35":"pa_size-x-lille","36":"pa_technology-37-5-technology","37":"pa_technology-kamleika-4-way-stretch","38":"pa_weight-200-300g","40":"first","41":"instock","42":"taxable","43":"shipping-taxable","44":"purchasable","45":"product-type-variable","46":"wvs-archive-product-wrapper"},"acf":[],"yoast_head":"<!-- This site is optimized with the Yoast SEO plugin v27.3 - https:\/\/yoast.com\/product\/yoast-seo-wordpress\/ -->\n<title>Kamleika Jacket - OMM<\/title>\n<meta name=\"description\" content=\"6. GENERATION KAMLEIKA JAKKE 4-VEJS STR\u00c6K VANDFT\u00c6T SOFTSHELL, NU PFC &amp; PFAS FRI. KOMFORT &amp; BESKYTTELSE TIL UDFORDRENDE FORHOLD\" \/>\n<meta name=\"robots\" content=\"index, follow, max-snippet:-1, max-image-preview:large, max-video-preview:-1\" \/>\n<link rel=\"canonical\" href=\"https:\/\/theomm.com\/da\/product\/kamleika-jacket\/\" \/>\n<meta property=\"og:locale\" content=\"da_DK\" \/>\n<meta property=\"og:type\" content=\"article\" \/>\n<meta property=\"og:title\" content=\"Kamleika Jacket - OMM\" \/>\n<meta property=\"og:description\" content=\"6. GENERATION KAMLEIKA JAKKE 4-VEJS STR\u00c6K VANDFT\u00c6T SOFTSHELL, NU PFC &amp; PFAS FRI. KOMFORT &amp; BESKYTTELSE TIL UDFORDRENDE FORHOLD\" \/>\n<meta property=\"og:url\" content=\"https:\/\/theomm.com\/da\/product\/kamleika-jacket\/\" \/>\n<meta property=\"og:site_name\" content=\"OMM\" \/>\n<meta property=\"article:publisher\" content=\"https:\/\/www.facebook.com\/OMMrunning?_ga=2.203172945.1541616462.1665402953-280172632.1649426001\" \/>\n<meta property=\"article:modified_time\" content=\"2026-03-10T13:18:00+00:00\" \/>\n<meta property=\"og:image\" content=\"https:\/\/theomm.com\/wp-content\/uploads\/2024\/03\/OC195_Kamleika_Jacket_Orange_Front.jpg\" \/>\n\t<meta property=\"og:image:width\" content=\"1000\" \/>\n\t<meta property=\"og:image:height\" content=\"1000\" \/>\n\t<meta property=\"og:image:type\" content=\"image\/jpeg\" \/>\n<meta name=\"twitter:card\" content=\"summary_large_image\" \/>\n<meta name=\"twitter:label1\" content=\"Estimeret l\u00e6setid\" \/>\n\t<meta name=\"twitter:data1\" content=\"2 minutter\" \/>\n<script type=\"application\/ld+json\" class=\"yoast-schema-graph\">{\"@context\":\"https:\\\/\\\/schema.org\",\"@graph\":[{\"@type\":\"WebPage\",\"@id\":\"https:\\\/\\\/theomm.com\\\/da\\\/product\\\/kamleika-jacket\\\/\",\"url\":\"https:\\\/\\\/theomm.com\\\/da\\\/product\\\/kamleika-jacket\\\/\",\"name\":\"Kamleika Jacket - OMM\",\"isPartOf\":{\"@id\":\"https:\\\/\\\/theomm.com\\\/#website\"},\"primaryImageOfPage\":{\"@id\":\"https:\\\/\\\/theomm.com\\\/da\\\/product\\\/kamleika-jacket\\\/#primaryimage\"},\"image\":{\"@id\":\"https:\\\/\\\/theomm.com\\\/da\\\/product\\\/kamleika-jacket\\\/#primaryimage\"},\"thumbnailUrl\":\"https:\\\/\\\/theomm.com\\\/wp-content\\\/uploads\\\/2024\\\/03\\\/OC195_Kamleika_Jacket_Orange_Front.jpg\",\"datePublished\":\"2024-10-18T15:55:11+00:00\",\"dateModified\":\"2026-03-10T13:18:00+00:00\",\"description\":\"6. GENERATION KAMLEIKA JAKKE 4-VEJS STR\u00c6K VANDFT\u00c6T SOFTSHELL, NU PFC & PFAS FRI. KOMFORT & BESKYTTELSE TIL UDFORDRENDE FORHOLD\",\"breadcrumb\":{\"@id\":\"https:\\\/\\\/theomm.com\\\/da\\\/product\\\/kamleika-jacket\\\/#breadcrumb\"},\"inLanguage\":\"da-DK\",\"potentialAction\":[{\"@type\":\"ReadAction\",\"target\":[\"https:\\\/\\\/theomm.com\\\/da\\\/product\\\/kamleika-jacket\\\/\"]}]},{\"@type\":\"ImageObject\",\"inLanguage\":\"da-DK\",\"@id\":\"https:\\\/\\\/theomm.com\\\/da\\\/product\\\/kamleika-jacket\\\/#primaryimage\",\"url\":\"https:\\\/\\\/theomm.com\\\/wp-content\\\/uploads\\\/2024\\\/03\\\/OC195_Kamleika_Jacket_Orange_Front.jpg\",\"contentUrl\":\"https:\\\/\\\/theomm.com\\\/wp-content\\\/uploads\\\/2024\\\/03\\\/OC195_Kamleika_Jacket_Orange_Front.jpg\",\"width\":1000,\"height\":1000},{\"@type\":\"BreadcrumbList\",\"@id\":\"https:\\\/\\\/theomm.com\\\/da\\\/product\\\/kamleika-jacket\\\/#breadcrumb\",\"itemListElement\":[{\"@type\":\"ListItem\",\"position\":1,\"name\":\"Home\",\"item\":\"https:\\\/\\\/theomm.com\\\/da\\\/original-mountain-marathon\\\/\"},{\"@type\":\"ListItem\",\"position\":2,\"name\":\"Produkter\",\"item\":\"https:\\\/\\\/theomm.com\\\/da\\\/original-mountain-marathon\\\/produkter\\\/\"},{\"@type\":\"ListItem\",\"position\":3,\"name\":\"Kamleika Jacket\"}]},{\"@type\":\"WebSite\",\"@id\":\"https:\\\/\\\/theomm.com\\\/#website\",\"url\":\"https:\\\/\\\/theomm.com\\\/\",\"name\":\"OMM\",\"description\":\"OMM is Technical clothing and equipment made for running in the mountains. Designed to the specifications of Original Mountain Marathon.\",\"alternateName\":\"Original Mountain Marathon\",\"potentialAction\":[{\"@type\":\"SearchAction\",\"target\":{\"@type\":\"EntryPoint\",\"urlTemplate\":\"https:\\\/\\\/theomm.com\\\/?s={search_term_string}\"},\"query-input\":{\"@type\":\"PropertyValueSpecification\",\"valueRequired\":true,\"valueName\":\"search_term_string\"}}],\"inLanguage\":\"da-DK\"}]}<\/script>\n<!-- \/ Yoast SEO plugin. -->","yoast_head_json":{"title":"Kamleika Jacket - OMM","description":"6. GENERATION KAMLEIKA JAKKE 4-VEJS STR\u00c6K VANDFT\u00c6T SOFTSHELL, NU PFC & PFAS FRI. KOMFORT & BESKYTTELSE TIL UDFORDRENDE FORHOLD","robots":{"index":"index","follow":"follow","max-snippet":"max-snippet:-1","max-image-preview":"max-image-preview:large","max-video-preview":"max-video-preview:-1"},"canonical":"https:\/\/theomm.com\/da\/product\/kamleika-jacket\/","og_locale":"da_DK","og_type":"article","og_title":"Kamleika Jacket - OMM","og_description":"6. GENERATION KAMLEIKA JAKKE 4-VEJS STR\u00c6K VANDFT\u00c6T SOFTSHELL, NU PFC & PFAS FRI. KOMFORT & BESKYTTELSE TIL UDFORDRENDE FORHOLD","og_url":"https:\/\/theomm.com\/da\/product\/kamleika-jacket\/","og_site_name":"OMM","article_publisher":"https:\/\/www.facebook.com\/OMMrunning?_ga=2.203172945.1541616462.1665402953-280172632.1649426001","article_modified_time":"2026-03-10T13:18:00+00:00","og_image":[{"width":1000,"height":1000,"url":"https:\/\/theomm.com\/wp-content\/uploads\/2024\/03\/OC195_Kamleika_Jacket_Orange_Front.jpg","type":"image\/jpeg"}],"twitter_card":"summary_large_image","twitter_misc":{"Estimeret l\u00e6setid":"2 minutter"},"schema":{"@context":"https:\/\/schema.org","@graph":[{"@type":"WebPage","@id":"https:\/\/theomm.com\/da\/product\/kamleika-jacket\/","url":"https:\/\/theomm.com\/da\/product\/kamleika-jacket\/","name":"Kamleika Jacket - OMM","isPartOf":{"@id":"https:\/\/theomm.com\/#website"},"primaryImageOfPage":{"@id":"https:\/\/theomm.com\/da\/product\/kamleika-jacket\/#primaryimage"},"image":{"@id":"https:\/\/theomm.com\/da\/product\/kamleika-jacket\/#primaryimage"},"thumbnailUrl":"https:\/\/theomm.com\/wp-content\/uploads\/2024\/03\/OC195_Kamleika_Jacket_Orange_Front.jpg","datePublished":"2024-10-18T15:55:11+00:00","dateModified":"2026-03-10T13:18:00+00:00","description":"6. GENERATION KAMLEIKA JAKKE 4-VEJS STR\u00c6K VANDFT\u00c6T SOFTSHELL, NU PFC & PFAS FRI. KOMFORT & BESKYTTELSE TIL UDFORDRENDE FORHOLD","breadcrumb":{"@id":"https:\/\/theomm.com\/da\/product\/kamleika-jacket\/#breadcrumb"},"inLanguage":"da-DK","potentialAction":[{"@type":"ReadAction","target":["https:\/\/theomm.com\/da\/product\/kamleika-jacket\/"]}]},{"@type":"ImageObject","inLanguage":"da-DK","@id":"https:\/\/theomm.com\/da\/product\/kamleika-jacket\/#primaryimage","url":"https:\/\/theomm.com\/wp-content\/uploads\/2024\/03\/OC195_Kamleika_Jacket_Orange_Front.jpg","contentUrl":"https:\/\/theomm.com\/wp-content\/uploads\/2024\/03\/OC195_Kamleika_Jacket_Orange_Front.jpg","width":1000,"height":1000},{"@type":"BreadcrumbList","@id":"https:\/\/theomm.com\/da\/product\/kamleika-jacket\/#breadcrumb","itemListElement":[{"@type":"ListItem","position":1,"name":"Home","item":"https:\/\/theomm.com\/da\/original-mountain-marathon\/"},{"@type":"ListItem","position":2,"name":"Produkter","item":"https:\/\/theomm.com\/da\/original-mountain-marathon\/produkter\/"},{"@type":"ListItem","position":3,"name":"Kamleika Jacket"}]},{"@type":"WebSite","@id":"https:\/\/theomm.com\/#website","url":"https:\/\/theomm.com\/","name":"OMM","description":"OMM is Technical clothing and equipment made for running in the mountains. Designed to the specifications of Original Mountain Marathon.","alternateName":"Original Mountain Marathon","potentialAction":[{"@type":"SearchAction","target":{"@type":"EntryPoint","urlTemplate":"https:\/\/theomm.com\/?s={search_term_string}"},"query-input":{"@type":"PropertyValueSpecification","valueRequired":true,"valueName":"search_term_string"}}],"inLanguage":"da-DK"}]}},"_links":{"self":[{"href":"https:\/\/theomm.com\/da\/wp-json\/wp\/v2\/product\/190906","targetHints":{"allow":["GET"]}}],"collection":[{"href":"https:\/\/theomm.com\/da\/wp-json\/wp\/v2\/product"}],"about":[{"href":"https:\/\/theomm.com\/da\/wp-json\/wp\/v2\/types\/product"}],"wp:featuredmedia":[{"embeddable":true,"href":"https:\/\/theomm.com\/da\/wp-json\/wp\/v2\/media\/181965"}],"wp:attachment":[{"href":"https:\/\/theomm.com\/da\/wp-json\/wp\/v2\/media?parent=190906"}],"wp:term":[{"taxonomy":"locations","embeddable":true,"href":"https:\/\/theomm.com\/da\/wp-json\/wp\/v2\/locations?post=190906"},{"taxonomy":"product_brand","embeddable":true,"href":"https:\/\/theomm.com\/da\/wp-json\/wp\/v2\/product_brand?post=190906"},{"taxonomy":"product_cat","embeddable":true,"href":"https:\/\/theomm.com\/da\/wp-json\/wp\/v2\/product_cat?post=190906"},{"taxonomy":"product_tag","embeddable":true,"href":"https:\/\/theomm.com\/da\/wp-json\/wp\/v2\/product_tag?post=190906"}],"curies":[{"name":"wp","href":"https:\/\/api.w.org\/{rel}","templated":true}]}}