{"id":202349,"date":"2024-03-13T16:40:52","date_gmt":"2024-03-13T16:40:52","guid":{"rendered":"https:\/\/theomm.com\/product\/aether-jacket-w\/"},"modified":"2025-10-09T13:57:04","modified_gmt":"2025-10-09T13:57:04","slug":"aether-jacket-w","status":"publish","type":"product","link":"https:\/\/theomm.com\/da\/product\/aether-jacket-w\/","title":{"rendered":"Aether Jacket W"},"content":{"rendered":"","protected":false},"excerpt":{"rendered":"<div class=\"ewa-rteLine\">\n<p>Aether er konstrueret af Dyneema-stof og kombineret med en meget \u00e5ndbar membran og alle de funktioner, du ville forvente af en bjergbestigningsjakke, men den er lettere end de fleste andre l\u00f8bejakker og opfylder mange krav.<\/p>\n<p>Aether f\u00f8ler sig lige s\u00e5 godt hjemme p\u00e5 en regnv\u00e5d hede som p\u00e5 en udsat alpekam og kan prale af at v\u00e6re lige s\u00e5 robust som en meget tungere bjergskal, men med samme v\u00e6gt og pakbarhed som meget tyndere jakker takket v\u00e6re Dyneema. Dyneema er verdens st\u00e6rkeste fiber og er 15 gange st\u00e6rkere end st\u00e5l, men har en v\u00e6gt, der minder om silke. Dyneema findes ofte i ballistiske rustninger, klatreseler og yachtrigning og har l\u00e6nge v\u00e6ret foretrukket p\u00e5 grund af sin utrolige letv\u00e6gtsstabilitet og holdbarhed.<\/p>\n<p>Det er denne holdbarhed, der g\u00f8r Aether til en af vores mest b\u00e6redygtige jakker til dato. Sammen med den nu standardiserede PFC-fri DWR og PFAS-fri membran er Dyneema fremstillet af genbrugsmaterialer og \u00e5bner mulighed for b\u00e6redygtighed fra ende til anden og cirkul\u00e6r fremstilling, hvilket minimerer affald og reducerer p\u00e5virkningen fra b\u00e5de fremstilling og brug.<\/p>\n<p>&nbsp;<\/p>\n<\/div>\n","protected":false},"featured_media":194784,"template":"","meta":{"_acf_changed":false,"_et_pb_use_builder":"off","_et_pb_old_content":"<div class=\"et_pb_section et_pb_section_0_tb_body et-show-more-container et_section_regular\">\r\n<div class=\"et_pb_sticky--has-transform et_pb_row et_pb_row_2_tb_body et_pb_sticky_module et_pb_gutters1 et_pb_sticky et_pb_sticky--top\">\r\n<div class=\"et_pb_column et_pb_column_4_4 et_pb_column_3_tb_body et_pb_css_mix_blend_mode_passthrough et-last-child\">\r\n<div class=\"et_pb_module et_pb_wc_title et_pb_wc_title_0_tb_body et_pb_bg_layout_light\">\r\n<div class=\"et_pb_module_inner\">\r\n<p>AETHER JACKET (W) Aether Jacket W OC201<br \/>SANDSYNLIGVIS VERDENS H\u00c5RDESTE AETHER JACKET L\u00d8BEJAKKE. KONSTRUERET AF DYNEEMA-FORST\u00c6RKET NYLON<br \/>Mere information<br \/>St\u00f8rrelsesguide<br \/>Sammenligning af skaller<br \/>OMM-ordliste<br \/>Yderste lag<br \/>Almindelig pasform<br \/>AETHER JAKKE (W)<\/p>\r\n<p>&nbsp;<\/p>\r\n<p>OC201<br \/>SANDSYNLIGVIS VERDENS H\u00c5RDESTE L\u00d8BEJAKKE. KONSTRUERET AF DYNEEMAFORST\u00c6RKET NYLON<br \/>Mere information<\/p>\r\n<p><br \/>St\u00f8rrelsesguide<br \/>Sammenligning af skaller<br \/>OMM-ordliste<\/p>\r\n<p><br \/>Flere billeder<br \/>LEANWEIGHT 190g<br \/>HYDROSTATISK HOVED 20.000 mm<br \/>\u00c5NDBARHED 20.000 g\/m2<br \/>Beskrivelse<br \/>Aether er konstrueret af Dyneema-stof og kombineret med en meget \u00e5ndbar membran og alle de funktioner, du ville forvente af en bjergbestigningsjakke, men den er lettere end de fleste andre l\u00f8bejakker.<\/p>\r\n<p><br \/>Aether f\u00f8ler sig lige s\u00e5 godt hjemme p\u00e5 en regnv\u00e5d hede som p\u00e5 en udsat alpekam og kan prale af at v\u00e6re lige s\u00e5 robust som en meget tungere bjergtr\u00f8je med samme v\u00e6gt og pakbarhed som en meget tyndere jakke takket v\u00e6re den utrolige fysik bag Dyneema. Dyneema er verdens st\u00e6rkeste fiber og er 15 gange st\u00e6rkere end st\u00e5l, men har en v\u00e6gt, der minder om silke. Dyneema findes ofte i ballistiske rustninger, klatreseler og yachtrigning og har l\u00e6nge v\u00e6ret foretrukket p\u00e5 grund af sin utrolige letv\u00e6gtsstabilitet og holdbarhed.<\/p>\r\n<p><br \/>Og det er denne holdbarhed, der g\u00f8r Aether til en af vores mest b\u00e6redygtige jakker til dato. Sammen med den nu standardiserede PFC-fri DWR og PFAS-fri membran er Dyneema lavet af genbrugsmaterialer og \u00e5bner op for muligheden for b\u00e6redygtighed fra ende til anden og cirkul\u00e6r produktion, hvilket minimerer affald og reducerer p\u00e5virkningen fra b\u00e5de produktion og brug.<\/p>\r\n<p><br \/>Produktets h\u00f8jdepunkter<br \/>DYNEEMAS STYRKE<br \/>Dyneema er den st\u00e6rkeste fiber p\u00e5 planeten med en brudstyrke, der er 15 gange st\u00f8rre end st\u00e5l. Det bruges i alle brancher, hvor h\u00f8j tr\u00e6kstyrke er af afg\u00f8rende betydning, fra klatreseler til ballistiske veste. Ved at forst\u00e6rke vores lette nylonskal med Dyneema er vi sikre p\u00e5, at Aether er et bjergsikkert valg for dem, der \u00f8nsker at v\u00e6re beskyttet kilometer efter kilometer og skrammer efter skrammer.<\/p>\r\n<p><br \/>PERFORMANCE-SKAL<br \/>Aether har en 3-lags konstruktion med en robust ydre skal, en vandt\u00e6t, men \u00e5ndbar membran og en v\u00e6vet bagside, og den er bygget til bjergl\u00f8bere, letv\u00e6gtsalpinister og dem, der \u00f8nsker den bedste beskyttelse med den laveste v\u00e6gt. Den v\u00e6vede bagside holder indvendig kondens v\u00e6k fra huden, i mods\u00e6tning til lettere 2-lags l\u00f8sninger, der ofte findes i l\u00f8bejakker, hvilket giver en meget mere behagelig oplevelse.<br \/>B\u00c6REDYGTIGHED I STYRKE<br \/>Dyneema er konstrueret af genbrugsmaterialer, og nylon af h\u00f8j kvalitet kan genbruges i slutningen af levetiden til flere produkter af h\u00f8j kvalitet med minimalt spild. Takket v\u00e6re den h\u00f8je grad af holdbarhed er der lang tid til, at Aether er udtjent. Den mest b\u00e6redygtige jakke er den, der holder l\u00e6ngst.<\/p>\r\n<p><br \/>Funktioner og detaljer<br \/>FUNKTIONER<br \/>Vandt\u00e6t<br \/>Vindt\u00e6t<br \/>Kvindespecifikt aktivt snit<br \/>Fuldt tapede minimale s\u00f8mme<br \/>Fuldt justerbar lamineret og kablet h\u00e6tte<br \/>YKK AquaGuard-lynl\u00e5s i fuld l\u00e6ngde<br \/>Justerbare aktive manchetter med velcro og integrerede tommelfingerstropper<br \/>Reflekterende detaljer<br \/>Fuldt justerbar dynamisk faldhale<br \/>2 store h\u00e6vede h\u00e5ndlommer med lynl\u00e5s<br \/>Garager med lynl\u00e5s<\/p>\r\n<\/div>\r\n<\/div>\r\n<\/div>\r\n<\/div>\r\n<\/div>","_et_gb_content_width":""},"locations":[],"product_brand":[],"product_cat":[1250,2195,1259,1256],"product_tag":[2673,2671,1678,1760,2674,1753,1756,1628,2794,2793,1675],"class_list":{"0":"post-202349","1":"product","2":"type-product","3":"status-publish","4":"has-post-thumbnail","6":"product_cat-beklaedning","7":"product_cat-beklaedning-udstyr","8":"product_cat-nyheder","9":"product_cat-ydre-lag","10":"product_tag-3-layer-jacket-da","11":"product_tag-event-da","12":"product_tag-lightweight-running-jacket-da","13":"product_tag-lightweight-waterproof-jacket-da","14":"product_tag-three-layer-da","15":"product_tag-waterproof-da","16":"product_tag-waterproof-jacket-da","17":"product_tag-winter-running-da","18":"product_tag-womens-jacket-da","19":"product_tag-womens-running-waterproof-da","20":"product_tag-womens-waterproof-running-jacket-da","21":"pa_color-gra","22":"pa_colour-gra","23":"pa_gender-womens-da","24":"pa_size-stor","25":"pa_size-middel","26":"pa_size-lille","27":"pa_size-x-stor","28":"pa_size-x-lille","29":"pa_technology-dyneema","30":"pa_weight-200-300g","32":"first","33":"instock","34":"taxable","35":"shipping-taxable","36":"purchasable","37":"product-type-variable","38":"has-default-attributes","39":"wvs-archive-product-wrapper"},"acf":[],"yoast_head":"<!-- This site is optimized with the Yoast SEO plugin v27.3 - https:\/\/yoast.com\/product\/yoast-seo-wordpress\/ -->\n<title>Aether Jacket W - OMM<\/title>\n<meta name=\"description\" content=\"AETHER JACKET W ER SANDSYNLIGVIS VERDENS H\u00c5RDESTE L\u00d8BEJAKKE, DER ER KONSTRUERET AF DYNEEMA. BJERGBESTIGNINGSBESKYTTELSE TIL BJERGL\u00d8BEREN\" \/>\n<meta name=\"robots\" content=\"index, follow, max-snippet:-1, max-image-preview:large, max-video-preview:-1\" \/>\n<link rel=\"canonical\" href=\"https:\/\/theomm.com\/da\/product\/aether-jacket-w\/\" \/>\n<meta property=\"og:locale\" content=\"da_DK\" \/>\n<meta property=\"og:type\" content=\"article\" \/>\n<meta property=\"og:title\" content=\"Aether Jacket W - OMM\" \/>\n<meta property=\"og:description\" content=\"AETHER JACKET W ER SANDSYNLIGVIS VERDENS H\u00c5RDESTE L\u00d8BEJAKKE, DER ER KONSTRUERET AF DYNEEMA. BJERGBESTIGNINGSBESKYTTELSE TIL BJERGL\u00d8BEREN\" \/>\n<meta property=\"og:url\" content=\"https:\/\/theomm.com\/da\/product\/aether-jacket-w\/\" \/>\n<meta property=\"og:site_name\" content=\"OMM\" \/>\n<meta property=\"article:publisher\" content=\"https:\/\/www.facebook.com\/OMMrunning?_ga=2.203172945.1541616462.1665402953-280172632.1649426001\" \/>\n<meta property=\"article:modified_time\" content=\"2025-10-09T13:57:04+00:00\" \/>\n<meta property=\"og:image\" content=\"https:\/\/theomm.com\/wp-content\/uploads\/2024\/10\/Untitled-2.jpg\" \/>\n\t<meta property=\"og:image:width\" content=\"600\" \/>\n\t<meta property=\"og:image:height\" content=\"600\" \/>\n\t<meta property=\"og:image:type\" content=\"image\/jpeg\" \/>\n<meta name=\"twitter:card\" content=\"summary_large_image\" \/>\n<script type=\"application\/ld+json\" class=\"yoast-schema-graph\">{\"@context\":\"https:\\\/\\\/schema.org\",\"@graph\":[{\"@type\":\"WebPage\",\"@id\":\"https:\\\/\\\/theomm.com\\\/da\\\/product\\\/aether-jacket-w\\\/\",\"url\":\"https:\\\/\\\/theomm.com\\\/da\\\/product\\\/aether-jacket-w\\\/\",\"name\":\"Aether Jacket W - OMM\",\"isPartOf\":{\"@id\":\"https:\\\/\\\/theomm.com\\\/#website\"},\"primaryImageOfPage\":{\"@id\":\"https:\\\/\\\/theomm.com\\\/da\\\/product\\\/aether-jacket-w\\\/#primaryimage\"},\"image\":{\"@id\":\"https:\\\/\\\/theomm.com\\\/da\\\/product\\\/aether-jacket-w\\\/#primaryimage\"},\"thumbnailUrl\":\"https:\\\/\\\/theomm.com\\\/wp-content\\\/uploads\\\/2024\\\/10\\\/Untitled-2.jpg\",\"datePublished\":\"2024-03-13T16:40:52+00:00\",\"dateModified\":\"2025-10-09T13:57:04+00:00\",\"description\":\"AETHER JACKET W ER SANDSYNLIGVIS VERDENS H\u00c5RDESTE L\u00d8BEJAKKE, DER ER KONSTRUERET AF DYNEEMA. BJERGBESTIGNINGSBESKYTTELSE TIL BJERGL\u00d8BEREN\",\"breadcrumb\":{\"@id\":\"https:\\\/\\\/theomm.com\\\/da\\\/product\\\/aether-jacket-w\\\/#breadcrumb\"},\"inLanguage\":\"da-DK\",\"potentialAction\":[{\"@type\":\"ReadAction\",\"target\":[\"https:\\\/\\\/theomm.com\\\/da\\\/product\\\/aether-jacket-w\\\/\"]}]},{\"@type\":\"ImageObject\",\"inLanguage\":\"da-DK\",\"@id\":\"https:\\\/\\\/theomm.com\\\/da\\\/product\\\/aether-jacket-w\\\/#primaryimage\",\"url\":\"https:\\\/\\\/theomm.com\\\/wp-content\\\/uploads\\\/2024\\\/10\\\/Untitled-2.jpg\",\"contentUrl\":\"https:\\\/\\\/theomm.com\\\/wp-content\\\/uploads\\\/2024\\\/10\\\/Untitled-2.jpg\",\"width\":600,\"height\":600},{\"@type\":\"BreadcrumbList\",\"@id\":\"https:\\\/\\\/theomm.com\\\/da\\\/product\\\/aether-jacket-w\\\/#breadcrumb\",\"itemListElement\":[{\"@type\":\"ListItem\",\"position\":1,\"name\":\"Home\",\"item\":\"https:\\\/\\\/theomm.com\\\/da\\\/original-mountain-marathon\\\/\"},{\"@type\":\"ListItem\",\"position\":2,\"name\":\"Produkter\",\"item\":\"https:\\\/\\\/theomm.com\\\/da\\\/original-mountain-marathon\\\/produkter\\\/\"},{\"@type\":\"ListItem\",\"position\":3,\"name\":\"Aether Jacket W\"}]},{\"@type\":\"WebSite\",\"@id\":\"https:\\\/\\\/theomm.com\\\/#website\",\"url\":\"https:\\\/\\\/theomm.com\\\/\",\"name\":\"OMM\",\"description\":\"OMM is Technical clothing and equipment made for running in the mountains. Designed to the specifications of Original Mountain Marathon.\",\"alternateName\":\"Original Mountain Marathon\",\"potentialAction\":[{\"@type\":\"SearchAction\",\"target\":{\"@type\":\"EntryPoint\",\"urlTemplate\":\"https:\\\/\\\/theomm.com\\\/?s={search_term_string}\"},\"query-input\":{\"@type\":\"PropertyValueSpecification\",\"valueRequired\":true,\"valueName\":\"search_term_string\"}}],\"inLanguage\":\"da-DK\"}]}<\/script>\n<!-- \/ Yoast SEO plugin. -->","yoast_head_json":{"title":"Aether Jacket W - OMM","description":"AETHER JACKET W ER SANDSYNLIGVIS VERDENS H\u00c5RDESTE L\u00d8BEJAKKE, DER ER KONSTRUERET AF DYNEEMA. BJERGBESTIGNINGSBESKYTTELSE TIL BJERGL\u00d8BEREN","robots":{"index":"index","follow":"follow","max-snippet":"max-snippet:-1","max-image-preview":"max-image-preview:large","max-video-preview":"max-video-preview:-1"},"canonical":"https:\/\/theomm.com\/da\/product\/aether-jacket-w\/","og_locale":"da_DK","og_type":"article","og_title":"Aether Jacket W - OMM","og_description":"AETHER JACKET W ER SANDSYNLIGVIS VERDENS H\u00c5RDESTE L\u00d8BEJAKKE, DER ER KONSTRUERET AF DYNEEMA. BJERGBESTIGNINGSBESKYTTELSE TIL BJERGL\u00d8BEREN","og_url":"https:\/\/theomm.com\/da\/product\/aether-jacket-w\/","og_site_name":"OMM","article_publisher":"https:\/\/www.facebook.com\/OMMrunning?_ga=2.203172945.1541616462.1665402953-280172632.1649426001","article_modified_time":"2025-10-09T13:57:04+00:00","og_image":[{"width":600,"height":600,"url":"https:\/\/theomm.com\/wp-content\/uploads\/2024\/10\/Untitled-2.jpg","type":"image\/jpeg"}],"twitter_card":"summary_large_image","schema":{"@context":"https:\/\/schema.org","@graph":[{"@type":"WebPage","@id":"https:\/\/theomm.com\/da\/product\/aether-jacket-w\/","url":"https:\/\/theomm.com\/da\/product\/aether-jacket-w\/","name":"Aether Jacket W - OMM","isPartOf":{"@id":"https:\/\/theomm.com\/#website"},"primaryImageOfPage":{"@id":"https:\/\/theomm.com\/da\/product\/aether-jacket-w\/#primaryimage"},"image":{"@id":"https:\/\/theomm.com\/da\/product\/aether-jacket-w\/#primaryimage"},"thumbnailUrl":"https:\/\/theomm.com\/wp-content\/uploads\/2024\/10\/Untitled-2.jpg","datePublished":"2024-03-13T16:40:52+00:00","dateModified":"2025-10-09T13:57:04+00:00","description":"AETHER JACKET W ER SANDSYNLIGVIS VERDENS H\u00c5RDESTE L\u00d8BEJAKKE, DER ER KONSTRUERET AF DYNEEMA. BJERGBESTIGNINGSBESKYTTELSE TIL BJERGL\u00d8BEREN","breadcrumb":{"@id":"https:\/\/theomm.com\/da\/product\/aether-jacket-w\/#breadcrumb"},"inLanguage":"da-DK","potentialAction":[{"@type":"ReadAction","target":["https:\/\/theomm.com\/da\/product\/aether-jacket-w\/"]}]},{"@type":"ImageObject","inLanguage":"da-DK","@id":"https:\/\/theomm.com\/da\/product\/aether-jacket-w\/#primaryimage","url":"https:\/\/theomm.com\/wp-content\/uploads\/2024\/10\/Untitled-2.jpg","contentUrl":"https:\/\/theomm.com\/wp-content\/uploads\/2024\/10\/Untitled-2.jpg","width":600,"height":600},{"@type":"BreadcrumbList","@id":"https:\/\/theomm.com\/da\/product\/aether-jacket-w\/#breadcrumb","itemListElement":[{"@type":"ListItem","position":1,"name":"Home","item":"https:\/\/theomm.com\/da\/original-mountain-marathon\/"},{"@type":"ListItem","position":2,"name":"Produkter","item":"https:\/\/theomm.com\/da\/original-mountain-marathon\/produkter\/"},{"@type":"ListItem","position":3,"name":"Aether Jacket W"}]},{"@type":"WebSite","@id":"https:\/\/theomm.com\/#website","url":"https:\/\/theomm.com\/","name":"OMM","description":"OMM is Technical clothing and equipment made for running in the mountains. Designed to the specifications of Original Mountain Marathon.","alternateName":"Original Mountain Marathon","potentialAction":[{"@type":"SearchAction","target":{"@type":"EntryPoint","urlTemplate":"https:\/\/theomm.com\/?s={search_term_string}"},"query-input":{"@type":"PropertyValueSpecification","valueRequired":true,"valueName":"search_term_string"}}],"inLanguage":"da-DK"}]}},"_links":{"self":[{"href":"https:\/\/theomm.com\/da\/wp-json\/wp\/v2\/product\/202349","targetHints":{"allow":["GET"]}}],"collection":[{"href":"https:\/\/theomm.com\/da\/wp-json\/wp\/v2\/product"}],"about":[{"href":"https:\/\/theomm.com\/da\/wp-json\/wp\/v2\/types\/product"}],"wp:featuredmedia":[{"embeddable":true,"href":"https:\/\/theomm.com\/da\/wp-json\/wp\/v2\/media\/194784"}],"wp:attachment":[{"href":"https:\/\/theomm.com\/da\/wp-json\/wp\/v2\/media?parent=202349"}],"wp:term":[{"taxonomy":"locations","embeddable":true,"href":"https:\/\/theomm.com\/da\/wp-json\/wp\/v2\/locations?post=202349"},{"taxonomy":"product_brand","embeddable":true,"href":"https:\/\/theomm.com\/da\/wp-json\/wp\/v2\/product_brand?post=202349"},{"taxonomy":"product_cat","embeddable":true,"href":"https:\/\/theomm.com\/da\/wp-json\/wp\/v2\/product_cat?post=202349"},{"taxonomy":"product_tag","embeddable":true,"href":"https:\/\/theomm.com\/da\/wp-json\/wp\/v2\/product_tag?post=202349"}],"curies":[{"name":"wp","href":"https:\/\/api.w.org\/{rel}","templated":true}]}}