{"id":204953,"date":"2025-03-13T16:46:52","date_gmt":"2025-03-13T16:46:52","guid":{"rendered":"https:\/\/theomm.com\/?post_type=product&#038;p=204953"},"modified":"2025-07-10T08:24:34","modified_gmt":"2025-07-10T08:24:34","slug":"chest-pod-copy","status":"publish","type":"product","link":"https:\/\/theomm.com\/da\/product\/chest-pod-copy\/","title":{"rendered":"Chest Pod (Copy)"},"content":{"rendered":"<p>Chest Pod &#8211; Brystmonteret pod designet til at have alle dine v\u00e6sentlige ting lige ved h\u00e5nden. Med en sikker 4 liters lynl\u00e5slomme og en meshlomme til hurtig adgang. Chest Pod&#8217;en er ideel til lange dage i bjergene, ultraracing og andre langdistanceudfordringer.<\/p>\n<p>Chest Pod&#8217;en kan ses p\u00e5 startlinjen for de fleste ultradistancel\u00f8b over 100 mile, testet og betroet af ultraatleter verden over. Til mad og tilbeh\u00f8r.<\/p>\n<p>Kompatibel med alle OMM-rygs\u00e6kke (undtagen Ultra 8 og vestene) 4 LITER BRYSTMONTERET POD Mesh-lomme p\u00e5 bagsiden<\/p>\n<p>Hovedrum med rum<\/p>\n<p>Rygpolstring, h\u00f8jtransporterende mesh<\/p>\n<p>Farve Orange\/Sort Bl\u00e5\/Sort Gr\u00e5\/Sort Farver: Orange, Bl\u00e5, Gr\u00e5<\/p>\n<p>Stof: Nylon, air-mesh.<\/p>\n<p>V\u00e6gt: 95g<\/p>\n<p>Vores lette bekl\u00e6dning og udstyr er specielt designet til bjergl\u00f8berens behov, med specifikationer hentet direkte fra erfaring p\u00e5 Original Mountain Marathon.<\/p>\n<p>Et 2-dages l\u00f8b igennem noget af Storbritanniens h\u00e5rdeste terr\u00e6n. Afholdes i slutningen af oktober, hvert \u00e5r, siden 1968, for at sikre udfordrende vejr. En test af bjergh\u00e5ndv\u00e6rk, modstandsdygtighed og udholdenhed. \u00a0&#8216;The OMM&#8217; er anerkendt som en af de h\u00e5rdeste bjergsl\u00f8bsudfordinger.<\/p>\n<p>De h\u00f8je krav til begivenheden forts\u00e6tter med at give feedback om designet og funktionerne i vores bekl\u00e6dning og udstyr. Derfor bliver det ogs\u00e5 brugt i de h\u00e5rdeste begivenheder og udfordringer rundt om i hele verden.<\/p>\n<p>OMM-serien, som er blevet betroet af bjergatleter og professionelle i \u00e5rtier, er den perfekte ledsager til dit n\u00e6ste eventyr.<\/p>\n","protected":false},"excerpt":{"rendered":"<p>Brystmonteret pod designet til at have alle dine v\u00e6sentlige ting lige ved h\u00e5nden. Med en sikker 4 liters lynl\u00e5slomme og en meshlomme til hurtig adgang. Chest Pod&#8217;en er ideel til lange dage i bjergene, ultraracing og andre langdistanceudfordringer.<\/p>\n<p>Chest Pod&#8217;en kan ses p\u00e5 startlinjen for de fleste ultradistancel\u00f8b over 100 mile, testet og betroet af ultraatleter verden over. Til mad og tilbeh\u00f8r.<\/p>\n<p>Kompatibel med alle OMM-rygs\u00e6kke (undtagen Ultra 8 og vestene)<\/p>\n","protected":false},"featured_media":153612,"template":"","meta":{"_acf_changed":false,"_et_pb_use_builder":"","_et_pb_old_content":"","_et_gb_content_width":""},"locations":[],"product_brand":[],"product_cat":[1265,1270],"product_tag":[1749,1750],"class_list":{"0":"post-204953","1":"product","2":"type-product","3":"status-publish","4":"has-post-thumbnail","6":"product_cat-baere-opbevar","7":"product_cat-tilbehor-og-tilfojelser","8":"product_tag-omm-chest-pod-da","9":"product_tag-omm-map-pouch-da","10":"pa_color-bla","11":"pa_color-gra","12":"pa_color-gron","13":"pa_color-orange-da","14":"pa_colour-bla","15":"pa_colour-gra","16":"pa_colour-gron","17":"pa_colour-orange-da","18":"pa_gender-mens-da","19":"pa_gender-womens-da","20":"pa_weight-50-100g","22":"first","23":"instock","24":"taxable","25":"shipping-taxable","26":"purchasable","27":"product-type-variable","28":"wvs-archive-product-wrapper"},"acf":[],"yoast_head":"<!-- This site is optimized with the Yoast SEO plugin v27.3 - https:\/\/yoast.com\/product\/yoast-seo-wordpress\/ -->\n<title>Chest Pod - OMM<\/title>\n<meta name=\"description\" content=\"The Chest Pod, 4 liter brystmonteret pod. Hav alle dine v\u00e6sentlige ting lige ved h\u00e5nden. Med en sikker 4 liters lynl\u00e5slomme og en meshlomme med hurtig adgang.\" \/>\n<meta name=\"robots\" content=\"index, follow, max-snippet:-1, max-image-preview:large, max-video-preview:-1\" \/>\n<link rel=\"canonical\" href=\"https:\/\/theomm.com\/da\/product\/chest-pod-copy\/\" \/>\n<meta property=\"og:locale\" content=\"da_DK\" \/>\n<meta property=\"og:type\" content=\"article\" \/>\n<meta property=\"og:title\" content=\"Chest Pod - OMM\" \/>\n<meta property=\"og:description\" content=\"The Chest Pod, 4 liter brystmonteret pod. Hav alle dine v\u00e6sentlige ting lige ved h\u00e5nden. Med en sikker 4 liters lynl\u00e5slomme og en meshlomme med hurtig adgang.\" \/>\n<meta property=\"og:url\" content=\"https:\/\/theomm.com\/da\/product\/chest-pod-copy\/\" \/>\n<meta property=\"og:site_name\" content=\"OMM\" \/>\n<meta property=\"article:publisher\" content=\"https:\/\/www.facebook.com\/OMMrunning?_ga=2.203172945.1541616462.1665402953-280172632.1649426001\" \/>\n<meta property=\"article:modified_time\" content=\"2025-07-10T08:24:34+00:00\" \/>\n<meta property=\"og:image\" content=\"https:\/\/theomm.com\/wp-content\/uploads\/2022\/10\/OG031-Chest-Pod-stuffed.jpg\" \/>\n\t<meta property=\"og:image:width\" content=\"600\" \/>\n\t<meta property=\"og:image:height\" content=\"600\" \/>\n\t<meta property=\"og:image:type\" content=\"image\/jpeg\" \/>\n<meta name=\"twitter:card\" content=\"summary_large_image\" \/>\n<meta name=\"twitter:label1\" content=\"Estimeret l\u00e6setid\" \/>\n\t<meta name=\"twitter:data1\" content=\"1 minut\" \/>\n<script type=\"application\/ld+json\" class=\"yoast-schema-graph\">{\"@context\":\"https:\\\/\\\/schema.org\",\"@graph\":[{\"@type\":\"WebPage\",\"@id\":\"https:\\\/\\\/theomm.com\\\/da\\\/product\\\/chest-pod-copy\\\/\",\"url\":\"https:\\\/\\\/theomm.com\\\/da\\\/product\\\/chest-pod-copy\\\/\",\"name\":\"Chest Pod - OMM\",\"isPartOf\":{\"@id\":\"https:\\\/\\\/theomm.com\\\/#website\"},\"primaryImageOfPage\":{\"@id\":\"https:\\\/\\\/theomm.com\\\/da\\\/product\\\/chest-pod-copy\\\/#primaryimage\"},\"image\":{\"@id\":\"https:\\\/\\\/theomm.com\\\/da\\\/product\\\/chest-pod-copy\\\/#primaryimage\"},\"thumbnailUrl\":\"https:\\\/\\\/theomm.com\\\/wp-content\\\/uploads\\\/2022\\\/10\\\/OG031-Chest-Pod-stuffed.jpg\",\"datePublished\":\"2025-03-13T16:46:52+00:00\",\"dateModified\":\"2025-07-10T08:24:34+00:00\",\"description\":\"The Chest Pod, 4 liter brystmonteret pod. Hav alle dine v\u00e6sentlige ting lige ved h\u00e5nden. Med en sikker 4 liters lynl\u00e5slomme og en meshlomme med hurtig adgang.\",\"breadcrumb\":{\"@id\":\"https:\\\/\\\/theomm.com\\\/da\\\/product\\\/chest-pod-copy\\\/#breadcrumb\"},\"inLanguage\":\"da-DK\",\"potentialAction\":[{\"@type\":\"ReadAction\",\"target\":[\"https:\\\/\\\/theomm.com\\\/da\\\/product\\\/chest-pod-copy\\\/\"]}]},{\"@type\":\"ImageObject\",\"inLanguage\":\"da-DK\",\"@id\":\"https:\\\/\\\/theomm.com\\\/da\\\/product\\\/chest-pod-copy\\\/#primaryimage\",\"url\":\"https:\\\/\\\/theomm.com\\\/wp-content\\\/uploads\\\/2022\\\/10\\\/OG031-Chest-Pod-stuffed.jpg\",\"contentUrl\":\"https:\\\/\\\/theomm.com\\\/wp-content\\\/uploads\\\/2022\\\/10\\\/OG031-Chest-Pod-stuffed.jpg\",\"width\":600,\"height\":600},{\"@type\":\"BreadcrumbList\",\"@id\":\"https:\\\/\\\/theomm.com\\\/da\\\/product\\\/chest-pod-copy\\\/#breadcrumb\",\"itemListElement\":[{\"@type\":\"ListItem\",\"position\":1,\"name\":\"Home\",\"item\":\"https:\\\/\\\/theomm.com\\\/da\\\/original-mountain-marathon\\\/\"},{\"@type\":\"ListItem\",\"position\":2,\"name\":\"Produkter\",\"item\":\"https:\\\/\\\/theomm.com\\\/da\\\/original-mountain-marathon\\\/produkter\\\/\"},{\"@type\":\"ListItem\",\"position\":3,\"name\":\"Chest Pod (Copy)\"}]},{\"@type\":\"WebSite\",\"@id\":\"https:\\\/\\\/theomm.com\\\/#website\",\"url\":\"https:\\\/\\\/theomm.com\\\/\",\"name\":\"OMM\",\"description\":\"OMM is Technical clothing and equipment made for running in the mountains. Designed to the specifications of Original Mountain Marathon.\",\"alternateName\":\"Original Mountain Marathon\",\"potentialAction\":[{\"@type\":\"SearchAction\",\"target\":{\"@type\":\"EntryPoint\",\"urlTemplate\":\"https:\\\/\\\/theomm.com\\\/?s={search_term_string}\"},\"query-input\":{\"@type\":\"PropertyValueSpecification\",\"valueRequired\":true,\"valueName\":\"search_term_string\"}}],\"inLanguage\":\"da-DK\"}]}<\/script>\n<!-- \/ Yoast SEO plugin. -->","yoast_head_json":{"title":"Chest Pod - OMM","description":"The Chest Pod, 4 liter brystmonteret pod. Hav alle dine v\u00e6sentlige ting lige ved h\u00e5nden. Med en sikker 4 liters lynl\u00e5slomme og en meshlomme med hurtig adgang.","robots":{"index":"index","follow":"follow","max-snippet":"max-snippet:-1","max-image-preview":"max-image-preview:large","max-video-preview":"max-video-preview:-1"},"canonical":"https:\/\/theomm.com\/da\/product\/chest-pod-copy\/","og_locale":"da_DK","og_type":"article","og_title":"Chest Pod - OMM","og_description":"The Chest Pod, 4 liter brystmonteret pod. Hav alle dine v\u00e6sentlige ting lige ved h\u00e5nden. Med en sikker 4 liters lynl\u00e5slomme og en meshlomme med hurtig adgang.","og_url":"https:\/\/theomm.com\/da\/product\/chest-pod-copy\/","og_site_name":"OMM","article_publisher":"https:\/\/www.facebook.com\/OMMrunning?_ga=2.203172945.1541616462.1665402953-280172632.1649426001","article_modified_time":"2025-07-10T08:24:34+00:00","og_image":[{"width":600,"height":600,"url":"https:\/\/theomm.com\/wp-content\/uploads\/2022\/10\/OG031-Chest-Pod-stuffed.jpg","type":"image\/jpeg"}],"twitter_card":"summary_large_image","twitter_misc":{"Estimeret l\u00e6setid":"1 minut"},"schema":{"@context":"https:\/\/schema.org","@graph":[{"@type":"WebPage","@id":"https:\/\/theomm.com\/da\/product\/chest-pod-copy\/","url":"https:\/\/theomm.com\/da\/product\/chest-pod-copy\/","name":"Chest Pod - OMM","isPartOf":{"@id":"https:\/\/theomm.com\/#website"},"primaryImageOfPage":{"@id":"https:\/\/theomm.com\/da\/product\/chest-pod-copy\/#primaryimage"},"image":{"@id":"https:\/\/theomm.com\/da\/product\/chest-pod-copy\/#primaryimage"},"thumbnailUrl":"https:\/\/theomm.com\/wp-content\/uploads\/2022\/10\/OG031-Chest-Pod-stuffed.jpg","datePublished":"2025-03-13T16:46:52+00:00","dateModified":"2025-07-10T08:24:34+00:00","description":"The Chest Pod, 4 liter brystmonteret pod. Hav alle dine v\u00e6sentlige ting lige ved h\u00e5nden. Med en sikker 4 liters lynl\u00e5slomme og en meshlomme med hurtig adgang.","breadcrumb":{"@id":"https:\/\/theomm.com\/da\/product\/chest-pod-copy\/#breadcrumb"},"inLanguage":"da-DK","potentialAction":[{"@type":"ReadAction","target":["https:\/\/theomm.com\/da\/product\/chest-pod-copy\/"]}]},{"@type":"ImageObject","inLanguage":"da-DK","@id":"https:\/\/theomm.com\/da\/product\/chest-pod-copy\/#primaryimage","url":"https:\/\/theomm.com\/wp-content\/uploads\/2022\/10\/OG031-Chest-Pod-stuffed.jpg","contentUrl":"https:\/\/theomm.com\/wp-content\/uploads\/2022\/10\/OG031-Chest-Pod-stuffed.jpg","width":600,"height":600},{"@type":"BreadcrumbList","@id":"https:\/\/theomm.com\/da\/product\/chest-pod-copy\/#breadcrumb","itemListElement":[{"@type":"ListItem","position":1,"name":"Home","item":"https:\/\/theomm.com\/da\/original-mountain-marathon\/"},{"@type":"ListItem","position":2,"name":"Produkter","item":"https:\/\/theomm.com\/da\/original-mountain-marathon\/produkter\/"},{"@type":"ListItem","position":3,"name":"Chest Pod (Copy)"}]},{"@type":"WebSite","@id":"https:\/\/theomm.com\/#website","url":"https:\/\/theomm.com\/","name":"OMM","description":"OMM is Technical clothing and equipment made for running in the mountains. Designed to the specifications of Original Mountain Marathon.","alternateName":"Original Mountain Marathon","potentialAction":[{"@type":"SearchAction","target":{"@type":"EntryPoint","urlTemplate":"https:\/\/theomm.com\/?s={search_term_string}"},"query-input":{"@type":"PropertyValueSpecification","valueRequired":true,"valueName":"search_term_string"}}],"inLanguage":"da-DK"}]}},"_links":{"self":[{"href":"https:\/\/theomm.com\/da\/wp-json\/wp\/v2\/product\/204953","targetHints":{"allow":["GET"]}}],"collection":[{"href":"https:\/\/theomm.com\/da\/wp-json\/wp\/v2\/product"}],"about":[{"href":"https:\/\/theomm.com\/da\/wp-json\/wp\/v2\/types\/product"}],"wp:featuredmedia":[{"embeddable":true,"href":"https:\/\/theomm.com\/da\/wp-json\/wp\/v2\/media\/153612"}],"wp:attachment":[{"href":"https:\/\/theomm.com\/da\/wp-json\/wp\/v2\/media?parent=204953"}],"wp:term":[{"taxonomy":"locations","embeddable":true,"href":"https:\/\/theomm.com\/da\/wp-json\/wp\/v2\/locations?post=204953"},{"taxonomy":"product_brand","embeddable":true,"href":"https:\/\/theomm.com\/da\/wp-json\/wp\/v2\/product_brand?post=204953"},{"taxonomy":"product_cat","embeddable":true,"href":"https:\/\/theomm.com\/da\/wp-json\/wp\/v2\/product_cat?post=204953"},{"taxonomy":"product_tag","embeddable":true,"href":"https:\/\/theomm.com\/da\/wp-json\/wp\/v2\/product_tag?post=204953"}],"curies":[{"name":"wp","href":"https:\/\/api.w.org\/{rel}","templated":true}]}}