{"id":217195,"date":"2025-11-21T11:21:11","date_gmt":"2025-11-21T11:21:11","guid":{"rendered":"https:\/\/theomm.com\/product\/fell-shoe\/"},"modified":"2026-04-09T09:05:30","modified_gmt":"2026-04-09T09:05:30","slug":"fell-shoe","status":"publish","type":"product","link":"https:\/\/theomm.com\/da\/product\/fell-shoe\/","title":{"rendered":"Fell Shoe"},"content":{"rendered":"","protected":false},"excerpt":{"rendered":"<div data-ogsb=\"rgb(255, 255, 255)\">\n<p>Efter 55 \u00e5r i centrum af britisk bjergl\u00f8b har OMM indg\u00e5et et samarbejde med s\u00e5leksperterne Vibram om at skabe sit f\u00f8rste fodt\u00f8j \u2013 Fell Shoe. En specialdesignet l\u00f8besko til bjergl\u00f8b, der bygger p\u00e5 OMM&#8217;s bjergarv og tekniske innovation.<\/p>\n<p>Vi satte os for at skabe en sko, der giver selvtillid i bjergene. En sko, du ikke kan l\u00f8be fra. En sko, der giver greb, n\u00e5r det g\u00e6lder \u2013 i mudder, mose og uj\u00e6vnt bjergterr\u00e6n \u2013 uanset om du er p\u00e5 en afm\u00e6rket sti eller langt uden for.<\/p>\n<p>I samarbejde med Vibram har vi kombineret tre af deres avancerede s\u00e5lteknologier med OMM&#8217;s praktiske erfaring med bjergl\u00f8b for at skabe en superaggressiv s\u00e5l og et skr\u00e6ddersyet m\u00f8nster. M\u00f8nsterdybden varierer fra 8 til 11 mm for maksimal greb i bl\u00f8dt underlag og p\u00e5 klipper, mens en h\u00e6ldning p\u00e5 4 mm og en v\u00e6gt p\u00e5 272 g giver en let, pr\u00e6cis og smidig fornemmelse p\u00e5 teknisk terr\u00e6n.<\/p>\n<p>Fell Shoe holder sin linje, n\u00e5r forholdene forv\u00e6rres \u2013 n\u00e5r du klatrer op ad gennemv\u00e6det skr\u00e6nter, f\u00f8lger smalle f\u00e5respor p\u00e5 stejlt terr\u00e6n eller kaster dig ned ad bakke i vejr, der ville stoppe de fleste l\u00f8bere, f\u00f8r de overhovedet kom i gang.<\/p>\n<\/div>\n","protected":false},"featured_media":215660,"template":"","meta":{"_acf_changed":false,"_et_pb_use_builder":"off","_et_pb_old_content":"<p>OMM Fell Shoe er vores mest aggressive l\u00f8besko til bjergl\u00f8b, udviklet i samarbejde med Vibram for at give godt greb i mudder, sumpe og p\u00e5 klipper. Designet til bjerge og terr\u00e6n uden for stierne.<\/p>\r\n<p>Efter 55 \u00e5rs bjergl\u00f8b har OMM indg\u00e5et et samarbejde med s\u00e5leksperterne Vibram for at skabe vores f\u00f8rste fodt\u00f8j \u2013 Fell Shoe. En specialdesignet l\u00f8besko til bjergl\u00f8b, der bygger p\u00e5 OMM's bjergarv og tekniske innovation.<\/p>\r\n<p>Vi satte os for at skabe en sko, der giver selvtillid i bjergene. En sko, du ikke kan l\u00f8be fra. En sko, der giver godt greb, n\u00e5r det g\u00e6lder \u2013 i mudder, sump og p\u00e5 uj\u00e6vnt bjergterr\u00e6n \u2013 uanset om du er p\u00e5 en afm\u00e6rket sti eller langt uden for.<\/p>\r\n<p>I samarbejde med Vibram har vi kombineret tre af deres mest avancerede teknologier med OMM's praktiske erfaring med bjergl\u00f8b for at skabe en superaggressiv s\u00e5l og et skr\u00e6ddersyet m\u00f8nster. M\u00f8nsterdybden varierer fra 8 til 11 mm for maksimal greb i bl\u00f8dt underlag og p\u00e5 klipper, mens en h\u00e6ldning p\u00e5 4 mm og en v\u00e6gt p\u00e5 272 g giver en let, pr\u00e6cis og smidig fornemmelse p\u00e5 teknisk terr\u00e6n.<\/p>\r\n<p>Fell Shoe holder sin linje, n\u00e5r forholdene forv\u00e6rres \u2013 n\u00e5r du klatrer op ad gennemv\u00e6det skr\u00e6nter, f\u00f8lger smalle f\u00e5respor p\u00e5 stejlt terr\u00e6n eller kaster dig ned ad bakke i vejr, der ville stoppe de fleste l\u00f8bere, f\u00f8r de overhovedet kom i gang.<\/p>\r\n<div data-ogsb=\"rgb(255, 255, 255)\">\r\n<p><strong>KNOP-M\u00d8NSTER<\/strong><\/p>\r\n<p>Specielt udviklet til bjerge p\u00e5 baggrund af OMM's omfattende erfaring med bjergl\u00f8b. Fell Shoe har et specialdesignet knop-m\u00f8nster, der giver et fantastisk greb, n\u00e5r du g\u00e5r opad, nedad, p\u00e5 tv\u00e6rs eller bremser. Vi har ogs\u00e5 forskudt alle knopper, s\u00e5 der ikke er nogen synslinje gennem s\u00e5len. Det betyder, at alle knopper altid er i kontakt med underlaget og giver maksimalt greb.<\/p>\r\n<\/div>\r\n<div data-ogsb=\"rgb(255, 255, 255)\">\r\n<p class=\"Paragraph SCXW231105341 BCX8\" dir=\"ltr\" data-ogsc=\"rgb(71, 71, 71)\">\u00a0<\/p>\r\n<\/div>\r\n<div data-ogsb=\"rgb(255, 255, 255)\">\r\n<p><strong>VIBRAM TRACTION KNOPPER<\/strong><\/p>\r\n<p>Tilf\u00f8jelse af sm\u00e5 knopper p\u00e5 knopperne.\u202f Vibram siger, at disse knopper \u00f8ger overfladearealet med 50 %, hvilket forbedrer grebet og tr\u00e6kkraften. Vi synes, det giver god mening. N\u00e5r knopperne presses ned i jorden, fanger de mindre knopper omr\u00e5der, der modst\u00e5r glidning og forbedrer fremdrift og bremsekraft.<\/p>\r\n<\/div>\r\n<div data-ogsb=\"rgb(255, 255, 255)\">\r\n<p class=\"Paragraph SCXW231105341 BCX8\" dir=\"ltr\" data-ogsc=\"rgb(71, 71, 71)\">\u00a0<\/p>\r\n<\/div>\r\n<div data-ogsb=\"rgb(255, 255, 255)\">\r\n<p><strong>VIBRAM LITEBASE<\/strong><\/p>\r\n<p>Vibram Litebase er skoens gummibase. Lethed er afg\u00f8rende for at spare energi og forbedre ydeevnen: Vibram Litebase reducerer den samlede s\u00e5lens v\u00e6gt med 30 % ved at reducere s\u00e5lens tykkelse med 50 %, samtidig med at Vibrams kvalitet i forhold til greb, tr\u00e6kkraft og holdbarhed bevares.<\/p>\r\n<p>&nbsp;<\/p>\r\n<p><br \/><strong>VIBRAM MEGAGRIP<\/strong><\/p>\r\n<p>Vibram Megagrip er en h\u00f8jtydende gummiblanding, der giver uovertruffen greb p\u00e5 b\u00e5de t\u00f8rt og v\u00e5dt underlag. Den er ekstremt holdbar og giver dig selvtillid og kontrol, samtidig med at den opretholder en optimal balance mellem stabilitet og fleksibilitet, s\u00e5 den tilpasser sig underlaget.<\/p>\r\n<\/div>\r\n<div data-ogsb=\"rgb(255, 255, 255)\">\r\n<p><strong>WAVE-TEKNOLOGI<\/strong><\/p>\r\n<p>Ved at bruge b\u00e5de en Vibram-yders\u00e5l og mellems\u00e5l kan vi forme en b\u00f8lgeform i skoens s\u00e5l. Dette giver flere fordele. For det f\u00f8rste reducerer Wave den interne kompression af mellems\u00e5len, hvilket betyder mindre bev\u00e6gelse inde i skoen og mindre risiko for trykpunkter og vabler. Den fordeler ogs\u00e5 energien langs hele foden, flader den ud og giver st\u00f8tte, n\u00e5r du bev\u00e6ger dig gennem gangcyklussen. N\u00e5r din fod b\u00f8jer, mindsker Wave forskydningskr\u00e6fterne mellem skoens lag, hvilket forl\u00e6nger deres levetid. Endelig opn\u00e5r vi ved at placere knopperne p\u00e5 denne b\u00f8lge en varieret knopdybde p\u00e5 tv\u00e6rs af s\u00e5len \u2013 fra 8 mm til over 11 mm.<\/p>\r\n<p>&nbsp;<\/p>\r\n<p><br \/><strong>X-LOCK<\/strong><\/p>\r\n<p>Et justerbart sn\u00f8rem\u00f8nster p\u00e5 overdelen, der reducerer trykpunkter p\u00e5 tv\u00e6rs af din fod. Dette opretholder sp\u00e6ndingen, giver tryghed under foden og reducerer gnidningspunkter. X-Lock fastg\u00f8r ogs\u00e5 tungen, s\u00e5 din fod holdes sikkert fast p\u00e5 stejle nedk\u00f8rsler, hvilket betyder, at du ikke beh\u00f8ver at stramme sn\u00f8reb\u00e5ndene for meget.<\/p>\r\n<\/div>\r\n<div data-ogsb=\"rgb(255, 255, 255)\">\r\n<p class=\"Paragraph SCXW231105341 BCX8\" dir=\"ltr\" data-ogsc=\"rgb(71, 71, 71)\">\u00a0<\/p>\r\n<\/div>\r\n<div data-ogsb=\"rgb(255, 255, 255)\">\r\n<p><strong>ROCK PLATE<\/strong><\/p>\r\n<p>En lille EVA-plade er indlejret mellem mellems\u00e5len og yders\u00e5len, hvor du rammer med forfoden. Dette spreder st\u00f8d og beskytter foden mod skarpe sten eller uj\u00e6vnt terr\u00e6n.<\/p>\r\n<p>&nbsp;<\/p>\r\n<p><br \/><strong>BESKYTTENDE OVERDEL<\/strong><\/p>\r\n<p>Den robuste overdel i rip-stop nylonmesh er forst\u00e6rket med TPU. TPU-dele (termoplastisk polyurethan) findes p\u00e5 vigtige kontaktpunkter for at \u00f8ge holdbarheden uden at begr\u00e6nse fleksibiliteten og forbedre evnen til at modst\u00e5 de h\u00e5rdeste forhold. TPU er tilf\u00f8jet til en lang r\u00e6kke skokomponenter, t\u00e5kappe, \u00f8jer og h\u00e6lkapper for at beskytte mod sten, tornbuske, lyng og alt andet, som fjeldene kaster efter dem.<\/p>\r\n<p>&nbsp;<\/p>\r\n<p><br \/><strong>INTERNT SKELET<\/strong><\/p>\r\n<p>Inde i skoen er der et strukturelt skelet, som giver skoen struktur og ekstra beskyttelse til foden p\u00e5 vigtige kontaktpunkter. Det findes rundt om skoens bund og str\u00e6kker sig op i t\u00e5kappe, \u00f8jer og h\u00e6lkapper.<\/p>\r\n<\/div>\r\n<div data-ogsb=\"rgb(255, 255, 255)\">\r\n<p class=\"Paragraph SCXW231105341 BCX8\" dir=\"ltr\" data-ogsc=\"rgb(0, 0, 0)\">\u00a0<\/p>\r\n<\/div>\r\n<div data-ogsb=\"rgb(255, 255, 255)\">\r\n<p><strong>FUNKTIONER<\/strong><\/p>\r\n<p>Vibram Megagrip<\/p>\r\n<p>Vibram Litebase<\/p>\r\n<p>Vibram Traction knopper<\/p>\r\n<p>X-Lock fit-system<\/p>\r\n<p>Stenplade-beskyttelse<\/p>\r\n<p>\u00c5ndbar<\/p>\r\n<p>Wave-teknologi<\/p>\r\n<p>Reflekterende detaljer<\/p>\r\n<p>Hurtigt\u00f8rrende<\/p>\r\n<p>&nbsp;<\/p>\r\n<p><br \/><strong>TEKNISKE DETALJER<\/strong><\/p>\r\n<p>Farver: Orange\/grey<\/p>\r\n<p>Materiale: Ripstop-nylon<\/p>\r\n<p>M\u00f8nsterdybde: 8\u201311 mm<\/p>\r\n<p>Stakh\u00f8jde: 23,5 mm<\/p>\r\n<p>H\u00e6ldning: 4 mm<\/p>\r\n<p>V\u00e6gt: 272 g<\/p>\r\n<p>Bredde: Regular<\/p>\r\n<\/div>","_et_gb_content_width":""},"locations":[],"product_brand":[],"product_cat":[3050,3049,3143],"product_tag":[3054,3058,1633,3051,3057,3056,3060,3053,3059,3052,3055],"class_list":{"0":"post-217195","1":"product","2":"type-product","3":"status-publish","4":"has-post-thumbnail","6":"product_cat-fell","7":"product_cat-sko","8":"product_cat-sko-2","9":"product_tag-best-grip","10":"product_tag-fell-racing-shoe","11":"product_tag-fell-running-da","12":"product_tag-fell-shoe","13":"product_tag-litebase","14":"product_tag-megagrip","15":"product_tag-omm-shoe","16":"product_tag-running-shoe","17":"product_tag-trail-racing-shoe","18":"product_tag-trail-running","19":"product_tag-vibram","20":"pa_color-gra","21":"pa_color-orange-da","22":"pa_colour-orange-grey","23":"pa_size-36-2-3","24":"pa_size-37-1-3","25":"pa_size-2932","26":"pa_size-38-2-3","27":"pa_size-39-1-3","28":"pa_size-2941","29":"pa_size-40-2-3","30":"pa_size-41-1-3","31":"pa_size-2950","32":"pa_size-42-2-3","33":"pa_size-43-1-3","34":"pa_size-2959","35":"pa_size-44-2-3","36":"pa_size-45-1-3","37":"pa_size-2968","38":"pa_size-46-2-3","39":"pa_size-47-1-3","41":"first","42":"instock","43":"taxable","44":"shipping-taxable","45":"purchasable","46":"product-type-variable","47":"has-default-attributes","48":"wvs-archive-product-wrapper"},"acf":[],"yoast_head":"<!-- This site is optimized with the Yoast SEO plugin v27.4 - https:\/\/yoast.com\/product\/yoast-seo-wordpress\/ -->\n<title>OMM Fell l\u00f8besko | Aggressivt fodt\u00f8j til l\u00f8b i terr\u00e6n<\/title>\n<meta name=\"description\" content=\"OMM Fell Shoe er vores mest aggressive l\u00f8besko til terr\u00e6nl\u00f8b, udviklet i samarbejde med Vibram for at give godt greb i mudder, sump og p\u00e5 klipper. Designet til terr\u00e6nl\u00f8b og off-trail terr\u00e6n.\" \/>\n<meta name=\"robots\" content=\"index, follow, max-snippet:-1, max-image-preview:large, max-video-preview:-1, noarchive\" \/>\n<link rel=\"canonical\" href=\"https:\/\/theomm.com\/da\/product\/fell-shoe\/\" \/>\n<meta property=\"og:locale\" content=\"da_DK\" \/>\n<meta property=\"og:type\" content=\"article\" \/>\n<meta property=\"og:title\" content=\"OMM Fell Sko\" \/>\n<meta property=\"og:description\" content=\"OMM Fell Shoe er vores mest aggressive l\u00f8besko til terr\u00e6nl\u00f8b, udviklet i samarbejde med Vibram for at give godt greb i mudder, sump og p\u00e5 klipper. Designet til terr\u00e6nl\u00f8b og off-trail terr\u00e6n.\" \/>\n<meta property=\"og:url\" content=\"https:\/\/theomm.com\/da\/product\/fell-shoe\/\" \/>\n<meta property=\"og:site_name\" content=\"OMM\" \/>\n<meta property=\"article:publisher\" content=\"https:\/\/www.facebook.com\/OMMrunning?_ga=2.203172945.1541616462.1665402953-280172632.1649426001\" \/>\n<meta property=\"article:modified_time\" content=\"2026-04-09T09:05:30+00:00\" \/>\n<meta property=\"og:image\" content=\"https:\/\/theomm.com\/wp-content\/uploads\/2025\/12\/DSC01574-900x600.jpg\" \/>\n<meta name=\"twitter:card\" content=\"summary_large_image\" \/>\n<meta name=\"twitter:title\" content=\"OMM Fell Sko\" \/>\n<meta name=\"twitter:description\" content=\"OMM Fell Shoe er vores mest aggressive l\u00f8besko til terr\u00e6nl\u00f8b, udviklet i samarbejde med Vibram for at give godt greb i mudder, sump og p\u00e5 klipper. Designet til terr\u00e6nl\u00f8b og off-trail terr\u00e6n.\" \/>\n<meta name=\"twitter:image\" content=\"https:\/\/theomm.com\/wp-content\/uploads\/2025\/12\/DSC01574-900x600.jpg\" \/>\n<script type=\"application\/ld+json\" class=\"yoast-schema-graph\">{\"@context\":\"https:\\\/\\\/schema.org\",\"@graph\":[{\"@type\":\"WebPage\",\"@id\":\"https:\\\/\\\/theomm.com\\\/da\\\/product\\\/fell-shoe\\\/\",\"url\":\"https:\\\/\\\/theomm.com\\\/da\\\/product\\\/fell-shoe\\\/\",\"name\":\"OMM Fell l\u00f8besko | Aggressivt fodt\u00f8j til l\u00f8b i terr\u00e6n\",\"isPartOf\":{\"@id\":\"https:\\\/\\\/theomm.com\\\/#website\"},\"primaryImageOfPage\":{\"@id\":\"https:\\\/\\\/theomm.com\\\/da\\\/product\\\/fell-shoe\\\/#primaryimage\"},\"image\":{\"@id\":\"https:\\\/\\\/theomm.com\\\/da\\\/product\\\/fell-shoe\\\/#primaryimage\"},\"thumbnailUrl\":\"https:\\\/\\\/theomm.com\\\/wp-content\\\/uploads\\\/2025\\\/11\\\/OSR01_Fell_Shoe_Orange_Top_Pair-scaled.jpg\",\"datePublished\":\"2025-11-21T11:21:11+00:00\",\"dateModified\":\"2026-04-09T09:05:30+00:00\",\"description\":\"OMM Fell Shoe er vores mest aggressive l\u00f8besko til terr\u00e6nl\u00f8b, udviklet i samarbejde med Vibram for at give godt greb i mudder, sump og p\u00e5 klipper. Designet til terr\u00e6nl\u00f8b og off-trail terr\u00e6n.\",\"breadcrumb\":{\"@id\":\"https:\\\/\\\/theomm.com\\\/da\\\/product\\\/fell-shoe\\\/#breadcrumb\"},\"inLanguage\":\"da-DK\",\"potentialAction\":[{\"@type\":\"ReadAction\",\"target\":[\"https:\\\/\\\/theomm.com\\\/da\\\/product\\\/fell-shoe\\\/\"]}]},{\"@type\":\"ImageObject\",\"inLanguage\":\"da-DK\",\"@id\":\"https:\\\/\\\/theomm.com\\\/da\\\/product\\\/fell-shoe\\\/#primaryimage\",\"url\":\"https:\\\/\\\/theomm.com\\\/wp-content\\\/uploads\\\/2025\\\/11\\\/OSR01_Fell_Shoe_Orange_Top_Pair-scaled.jpg\",\"contentUrl\":\"https:\\\/\\\/theomm.com\\\/wp-content\\\/uploads\\\/2025\\\/11\\\/OSR01_Fell_Shoe_Orange_Top_Pair-scaled.jpg\",\"width\":2560,\"height\":2560},{\"@type\":\"BreadcrumbList\",\"@id\":\"https:\\\/\\\/theomm.com\\\/da\\\/product\\\/fell-shoe\\\/#breadcrumb\",\"itemListElement\":[{\"@type\":\"ListItem\",\"position\":1,\"name\":\"Home\",\"item\":\"https:\\\/\\\/theomm.com\\\/da\\\/original-mountain-marathon\\\/\"},{\"@type\":\"ListItem\",\"position\":2,\"name\":\"Produkter\",\"item\":\"https:\\\/\\\/theomm.com\\\/da\\\/original-mountain-marathon\\\/produkter\\\/\"},{\"@type\":\"ListItem\",\"position\":3,\"name\":\"Fell Shoe\"}]},{\"@type\":\"WebSite\",\"@id\":\"https:\\\/\\\/theomm.com\\\/#website\",\"url\":\"https:\\\/\\\/theomm.com\\\/\",\"name\":\"OMM\",\"description\":\"OMM is Technical clothing and equipment made for running in the mountains. Designed to the specifications of Original Mountain Marathon.\",\"alternateName\":\"Original Mountain Marathon\",\"potentialAction\":[{\"@type\":\"SearchAction\",\"target\":{\"@type\":\"EntryPoint\",\"urlTemplate\":\"https:\\\/\\\/theomm.com\\\/?s={search_term_string}\"},\"query-input\":{\"@type\":\"PropertyValueSpecification\",\"valueRequired\":true,\"valueName\":\"search_term_string\"}}],\"inLanguage\":\"da-DK\"}]}<\/script>\n<!-- \/ Yoast SEO plugin. -->","yoast_head_json":{"title":"OMM Fell l\u00f8besko | Aggressivt fodt\u00f8j til l\u00f8b i terr\u00e6n","description":"OMM Fell Shoe er vores mest aggressive l\u00f8besko til terr\u00e6nl\u00f8b, udviklet i samarbejde med Vibram for at give godt greb i mudder, sump og p\u00e5 klipper. Designet til terr\u00e6nl\u00f8b og off-trail terr\u00e6n.","robots":{"index":"index","follow":"follow","max-snippet":"max-snippet:-1","max-image-preview":"max-image-preview:large","max-video-preview":"max-video-preview:-1","archive":"noarchive"},"canonical":"https:\/\/theomm.com\/da\/product\/fell-shoe\/","og_locale":"da_DK","og_type":"article","og_title":"OMM Fell Sko","og_description":"OMM Fell Shoe er vores mest aggressive l\u00f8besko til terr\u00e6nl\u00f8b, udviklet i samarbejde med Vibram for at give godt greb i mudder, sump og p\u00e5 klipper. Designet til terr\u00e6nl\u00f8b og off-trail terr\u00e6n.","og_url":"https:\/\/theomm.com\/da\/product\/fell-shoe\/","og_site_name":"OMM","article_publisher":"https:\/\/www.facebook.com\/OMMrunning?_ga=2.203172945.1541616462.1665402953-280172632.1649426001","article_modified_time":"2026-04-09T09:05:30+00:00","og_image":[{"url":"https:\/\/theomm.com\/wp-content\/uploads\/2025\/12\/DSC01574-900x600.jpg","type":"","width":"","height":""}],"twitter_card":"summary_large_image","twitter_title":"OMM Fell Sko","twitter_description":"OMM Fell Shoe er vores mest aggressive l\u00f8besko til terr\u00e6nl\u00f8b, udviklet i samarbejde med Vibram for at give godt greb i mudder, sump og p\u00e5 klipper. Designet til terr\u00e6nl\u00f8b og off-trail terr\u00e6n.","twitter_image":"https:\/\/theomm.com\/wp-content\/uploads\/2025\/12\/DSC01574-900x600.jpg","schema":{"@context":"https:\/\/schema.org","@graph":[{"@type":"WebPage","@id":"https:\/\/theomm.com\/da\/product\/fell-shoe\/","url":"https:\/\/theomm.com\/da\/product\/fell-shoe\/","name":"OMM Fell l\u00f8besko | Aggressivt fodt\u00f8j til l\u00f8b i terr\u00e6n","isPartOf":{"@id":"https:\/\/theomm.com\/#website"},"primaryImageOfPage":{"@id":"https:\/\/theomm.com\/da\/product\/fell-shoe\/#primaryimage"},"image":{"@id":"https:\/\/theomm.com\/da\/product\/fell-shoe\/#primaryimage"},"thumbnailUrl":"https:\/\/theomm.com\/wp-content\/uploads\/2025\/11\/OSR01_Fell_Shoe_Orange_Top_Pair-scaled.jpg","datePublished":"2025-11-21T11:21:11+00:00","dateModified":"2026-04-09T09:05:30+00:00","description":"OMM Fell Shoe er vores mest aggressive l\u00f8besko til terr\u00e6nl\u00f8b, udviklet i samarbejde med Vibram for at give godt greb i mudder, sump og p\u00e5 klipper. Designet til terr\u00e6nl\u00f8b og off-trail terr\u00e6n.","breadcrumb":{"@id":"https:\/\/theomm.com\/da\/product\/fell-shoe\/#breadcrumb"},"inLanguage":"da-DK","potentialAction":[{"@type":"ReadAction","target":["https:\/\/theomm.com\/da\/product\/fell-shoe\/"]}]},{"@type":"ImageObject","inLanguage":"da-DK","@id":"https:\/\/theomm.com\/da\/product\/fell-shoe\/#primaryimage","url":"https:\/\/theomm.com\/wp-content\/uploads\/2025\/11\/OSR01_Fell_Shoe_Orange_Top_Pair-scaled.jpg","contentUrl":"https:\/\/theomm.com\/wp-content\/uploads\/2025\/11\/OSR01_Fell_Shoe_Orange_Top_Pair-scaled.jpg","width":2560,"height":2560},{"@type":"BreadcrumbList","@id":"https:\/\/theomm.com\/da\/product\/fell-shoe\/#breadcrumb","itemListElement":[{"@type":"ListItem","position":1,"name":"Home","item":"https:\/\/theomm.com\/da\/original-mountain-marathon\/"},{"@type":"ListItem","position":2,"name":"Produkter","item":"https:\/\/theomm.com\/da\/original-mountain-marathon\/produkter\/"},{"@type":"ListItem","position":3,"name":"Fell Shoe"}]},{"@type":"WebSite","@id":"https:\/\/theomm.com\/#website","url":"https:\/\/theomm.com\/","name":"OMM","description":"OMM is Technical clothing and equipment made for running in the mountains. Designed to the specifications of Original Mountain Marathon.","alternateName":"Original Mountain Marathon","potentialAction":[{"@type":"SearchAction","target":{"@type":"EntryPoint","urlTemplate":"https:\/\/theomm.com\/?s={search_term_string}"},"query-input":{"@type":"PropertyValueSpecification","valueRequired":true,"valueName":"search_term_string"}}],"inLanguage":"da-DK"}]}},"_links":{"self":[{"href":"https:\/\/theomm.com\/da\/wp-json\/wp\/v2\/product\/217195","targetHints":{"allow":["GET"]}}],"collection":[{"href":"https:\/\/theomm.com\/da\/wp-json\/wp\/v2\/product"}],"about":[{"href":"https:\/\/theomm.com\/da\/wp-json\/wp\/v2\/types\/product"}],"wp:featuredmedia":[{"embeddable":true,"href":"https:\/\/theomm.com\/da\/wp-json\/wp\/v2\/media\/215660"}],"wp:attachment":[{"href":"https:\/\/theomm.com\/da\/wp-json\/wp\/v2\/media?parent=217195"}],"wp:term":[{"taxonomy":"locations","embeddable":true,"href":"https:\/\/theomm.com\/da\/wp-json\/wp\/v2\/locations?post=217195"},{"taxonomy":"product_brand","embeddable":true,"href":"https:\/\/theomm.com\/da\/wp-json\/wp\/v2\/product_brand?post=217195"},{"taxonomy":"product_cat","embeddable":true,"href":"https:\/\/theomm.com\/da\/wp-json\/wp\/v2\/product_cat?post=217195"},{"taxonomy":"product_tag","embeddable":true,"href":"https:\/\/theomm.com\/da\/wp-json\/wp\/v2\/product_tag?post=217195"}],"curies":[{"name":"wp","href":"https:\/\/api.w.org\/{rel}","templated":true}]}}