{"id":149438,"date":"2021-02-04T14:30:43","date_gmt":"2021-02-04T14:30:43","guid":{"rendered":"https:\/\/theomm.com\/returns\/"},"modified":"2025-07-23T15:02:01","modified_gmt":"2025-07-23T15:02:01","slug":"returns","status":"publish","type":"page","link":"https:\/\/theomm.com\/de\/returns\/","title":{"rendered":"Versand u. Retouren"},"content":{"rendered":"<p>[et_pb_section fb_built=&#8220;1&#8243; _builder_version=&#8220;4.23.1&#8243; custom_padding=&#8220;||10px||false|false&#8220; global_colors_info=&#8220;{}&#8220;][et_pb_row _builder_version=&#8220;4.23.1&#8243; _module_preset=&#8220;default&#8220; custom_margin=&#8220;-44px||-12px||false|false&#8220; custom_padding=&#8220;||0px||false|false&#8220; global_colors_info=&#8220;{}&#8220;][et_pb_column type=&#8220;4_4&#8243; _builder_version=&#8220;4.23.1&#8243; _module_preset=&#8220;default&#8220; global_colors_info=&#8220;{}&#8220;][et_pb_text _builder_version=&#8220;4.23.1&#8243; _module_preset=&#8220;default&#8220; global_colors_info=&#8220;{}&#8220;]<\/p>\n<h1>VERSAND u. RETOUREN<\/h1>\n<p>[\/et_pb_text][\/et_pb_column][\/et_pb_row][et_pb_row _builder_version=&#8220;4.16&#8243; background_size=&#8220;initial&#8220; background_position=&#8220;top_left&#8220; background_repeat=&#8220;repeat&#8220; global_colors_info=&#8220;{}&#8220;][et_pb_column type=&#8220;4_4&#8243; _builder_version=&#8220;4.16&#8243; custom_padding=&#8220;|||&#8220; global_colors_info=&#8220;{}&#8220; custom_padding__hover=&#8220;|||&#8220;][et_pb_text disabled_on=&#8220;on|on|on&#8220; _builder_version=&#8220;4.23.1&#8243; background_size=&#8220;initial&#8220; background_position=&#8220;top_left&#8220; background_repeat=&#8220;repeat&#8220; custom_margin=&#8220;||0px||false|false&#8220; custom_padding=&#8220;0px||0px||false|false&#8220; disabled=&#8220;on&#8220; global_colors_info=&#8220;{}&#8220;]<\/p>\n<p><!-- divi:heading --><\/p>\n<h2 class=\"wp-block-heading\">Shipping, Delivery Times &amp; Postage<\/h2>\n<p><strong><br \/>Postage<\/strong><br \/>Postage for orders under \u20ac50 is charged at \u20ac6.<br \/>Postage for orders over \u20ac50 is free.<br \/>Most orders are sent on a 48hr Tracked service.<br \/>We do not offer Next Day Delivery.<\/p>\n<p><strong>Delivery Times<\/strong><br \/>Typical delivery time is 3-5 working days from placing your order.<br \/>Orders placed after 12pm will be sent the next working day.<br \/>Our warehouse operates Monday to Friday, excluding Bank Holidays and other public holidays i.e. an order placed at 4pm on a Friday before a Bank Holiday Monday, will be despatched the following Tuesday.<br \/>Despatch and delivery times are estimates only and may be affected by a high volume of orders or delays outside of our control.<\/p>\n<p><strong>Orders<\/strong><br \/>We occasionally use an alternative courier for large or bulkier orders, and these may require a signature.<br \/>If there is an issue with the stock of an item and we are unable to fulfil an order, we will let you know within two working days and offer an alternative or a refund.<\/p>\n<p>&nbsp;<\/p>\n<p><!-- \/divi:paragraph --><\/p>\n<p>[\/et_pb_text][et_pb_text module_id=&#8220;christmas&#8220; _builder_version=&#8220;4.23.1&#8243; _module_preset=&#8220;default&#8220; global_colors_info=&#8220;{}&#8220;]<\/p>\n<p class=\"elementToProof\"><strong>Bestellungen u. Verl\u00e4ngertes R\u00fcckgaberecht<\/strong><\/p>\n<p class=\"elementToProof\"><span data-ogsc=\"rgb(0, 0, 0)\">Wir sind vom 22.12. bis 2.1. im Urlaub, Bestellungen die zwischen dem 22.12 und 31.12. bei uns eingehen werden fr\u00fchestens am dem 2.1. verschickt.<\/span><\/p>\n<p class=\"elementToProof\"><span data-ogsc=\"rgb(0, 0, 0)\">Wenn ihr eure Bestellung zu Weihnachten haben wollt (Auslieferung bis zum 23.12.) muss eure Bestellung bis zum 15. Dez um 12 Uhr eingegangen sein.<\/span><\/p>\n<p><span data-ogsc=\"rgb(0, 0, 0)\">Verl\u00e4ngerte R\u00fcckgabefrist f\u00fcr Bestellungen bis zum 22.12.23: 20. Januar 2024<\/span><\/p>\n<p>[\/et_pb_text][et_pb_text _builder_version=&#8220;4.23.1&#8243; _module_preset=&#8220;default&#8220; global_colors_info=&#8220;{}&#8220;]<\/p>\n<p><strong>Shipping Locations<\/strong><br \/>We ship to UK &amp; BFPO addresses from our UK warehouse and 37 European countries from our German Warehouse:<\/p>\n<p>[\/et_pb_text][\/et_pb_column][\/et_pb_row][et_pb_row column_structure=&#8220;1_2,1_2&#8243; custom_padding_last_edited=&#8220;off|desktop&#8220; _builder_version=&#8220;4.23.1&#8243; _module_preset=&#8220;default&#8220; custom_margin=&#8220;-2vh||-2vh||false|false&#8220; custom_padding=&#8220;0vh||2vh||false|false&#8220; global_colors_info=&#8220;{}&#8220;][et_pb_column type=&#8220;1_2&#8243; _builder_version=&#8220;4.23.1&#8243; _module_preset=&#8220;default&#8220; global_colors_info=&#8220;{}&#8220;][et_pb_text _builder_version=&#8220;4.23.1&#8243; _module_preset=&#8220;default&#8220; global_colors_info=&#8220;{}&#8220;]<\/p>\n<p style=\"text-align: justify;\">Albania<br \/>Andorra<br \/>Austria<br \/>Belarus<br \/>Belgium<br \/>Bulgaria<br \/>Croatia<br \/>Czech Republic<br \/>Denmark<br \/>Estonia<br \/>Finland<br \/>France<br \/>Germany<br \/>Greece<br \/>Hungary<br \/>Iceland<br \/>Ireland<br \/>Italy<\/p>\n<p>[\/et_pb_text][\/et_pb_column][et_pb_column type=&#8220;1_2&#8243; _builder_version=&#8220;4.23.1&#8243; _module_preset=&#8220;default&#8220; global_colors_info=&#8220;{}&#8220;][et_pb_text _builder_version=&#8220;4.23.1&#8243; _module_preset=&#8220;default&#8220; global_colors_info=&#8220;{}&#8220;]<\/p>\n<p style=\"text-align: justify;\">Liechtenstein<br \/>Luxembourg<br \/>Malta<br \/>Moldova<br \/>Montenegro<br \/>Netherlands<br \/>North Macedonia<br \/>Poland<br \/>Portugal<br \/>Romania<br \/>San Marino<br \/>Slovakia<br \/>Slovenia<br \/>Spain<br \/>Sweden<br \/>Ukraine<\/p>\n<p>[\/et_pb_text][\/et_pb_column][\/et_pb_row][et_pb_row _builder_version=&#8220;4.23.1&#8243; _module_preset=&#8220;default&#8220; global_colors_info=&#8220;{}&#8220;][et_pb_column type=&#8220;4_4&#8243; _builder_version=&#8220;4.23.1&#8243; _module_preset=&#8220;default&#8220; global_colors_info=&#8220;{}&#8220;][et_pb_text _builder_version=&#8220;4.23.1&#8243; background_size=&#8220;initial&#8220; background_position=&#8220;top_left&#8220; background_repeat=&#8220;repeat&#8220; custom_margin=&#8220;||3px||false|false&#8220; custom_padding=&#8220;0px||0px||false|false&#8220; global_colors_info=&#8220;{}&#8220;]<\/p>\n<p><span style=\"color: #333333; font-size: 26px;\">R\u00dcCKGABE u. GEW\u00c4HRLEISTUNG<\/span><\/p>\n<p><!-- \/divi:paragraph --><\/p>\n<p>[\/et_pb_text][et_pb_text _builder_version=&#8220;4.23.1&#8243; _module_preset=&#8220;default&#8220; global_colors_info=&#8220;{}&#8220;]<\/p>\n<p><strong><u>Mangelhafte Produkte \/ unvollst\u00e4ndige Lieferung<\/u><br \/><\/strong>Wenn Sie Produkte erwerben, haben Sie im Gesetz verankerte Rechte als Konsument. Um den Vorgang bei mangelhaften Produkten zu vereinfachen, brauchen wir einen Beweis, dass das Produkt auch wirklich einen Mangel aufweist.<\/p>\n<p><strong>Bitte kontaktieren Sie uns bez\u00fcglich mangelhaften Produkten wie folgt:<\/strong><br \/>Email: <a href=\"mailto:support@theomm.com\">support@theomm.com<\/a><br \/>OMM Support: + 44 1524 287287<\/p>\n<p>Eventuell bitten wir Sie, ein Foto des Mangels zu senden und \/ oder um R\u00fcckgsendung der Ware. Zur\u00fcckgesandte Ware wird von uns auf M\u00e4ngel \u00fcberpr\u00fcft. Sind keine feststellbar, senden wir die Ware zu Ihnen zur\u00fcck. In diesem Falle m\u00fcssen Sie f\u00fcr die Versandkosten aufkommen. Wenn wir einen Mangel festgestellt haben, bieten wir Ihnen entweder eine R\u00fcckzahlung, eine Erstattung des Produktes oder eine angemessene Alternative an.<\/p>\n<p>&nbsp;<\/p>\n<p>&nbsp;<\/p>\n<p><!-- divi:paragraph --><\/p>\n<p><strong>Gew\u00e4hrleistung \/ Garantie<\/strong><br \/>Alle Produkte werden mit der gesetzlichen Gew\u00e4hrleistung verkauft, die nur f\u00fcr den Erstk\u00e4ufer gilt. Bei jeglichem Gew\u00e4hrleistungsanspruch wird ein Kaufnachweis gefordert. Bitte melden Sie sich per E-Mail an support@theomm.com, falls sie Fragen haben oder die Gew\u00e4hrleistung in Anspruch nehmen wollen.<\/p>\n<p>&nbsp;<\/p>\n<p><strong><u>R\u00fcckgabe von fehlerfreien Produkten und R\u00fcckerstattung<\/u><\/strong><\/p>\n<p>Neben den bereits beschriebenen Rechten als Konsument bieten wir auch an, fehlerfreie Produkte zur\u00fcckzunehmen. Wenn Sie innerhalb von 14 Tagen ihre Meinung \u00e4ndern, so k\u00f6nnen Sie die Ware zur\u00fcckgeben, wenn:<\/p>\n<ol>\n<li>das Produkt noch originalverpackt ist,<\/li>\n<li>keines der Etiketten entfernt wurde,<\/li>\n<li>das Produkt unbenutzt und ungetragen ist,<\/li>\n<li>Sie die Informationen zu Ihrer Bestellung schriftlich beilegen, sodass wir einfach nachvollziehen k\u00f6nnen, von wem sie gesendet wurde.<\/li>\n<\/ol>\n<p>Die Versandkosten f\u00fcr die R\u00fcckgabe m\u00fcssen Sie selbst \u00fcbernehmen. R\u00fcckerstattet wird nur der Betrag, den Sie rein f\u00fcr die Ware bezahlt haben. Sie sind zu einem verantwortungsvollen Umgang mit der Ware verpflichtet, auch beim Umtausch.<\/p>\n<p><strong>Bitte kontaktieren Sie uns f\u00fcr einen Umtausch wie folgt:<\/strong><br \/>Email: <a href=\"mailto:support@theomm.com\">support@theomm.com<\/a><br \/>OMM Support: +44 1524 287287<\/p>\n<p>&nbsp;<\/p>\n<p>&nbsp;<\/p>\n<p><!-- divi:paragraph --><\/p>\n<p><strong>R\u00fccksendeadresse:<\/strong><\/p>\n<p><span>OMM<\/span><strong><br \/><\/strong><span>Holmetoften 21<br \/>2970 H\u00f8rsholm<br \/>Denmark<\/span><\/p>\n<p>&nbsp;<\/p>\n<p>&nbsp;<\/p>\n<p>&nbsp;<\/p>\n<p><!-- \/divi:list-item -->[\/et_pb_text][\/et_pb_column][\/et_pb_row][\/et_pb_section]<\/p>\n","protected":false},"excerpt":{"rendered":"<p>VERSAND u. RETOUREN Shipping, Delivery Times &amp; Postage PostagePostage for orders under \u20ac50 is charged at \u20ac6.Postage for orders over \u20ac50 is free.Most orders are sent on a 48hr Tracked service.We do not offer Next Day Delivery. Delivery TimesTypical delivery time is 3-5 working days from placing your order.Orders placed after 12pm will be sent [&hellip;]<\/p>\n","protected":false},"author":1,"featured_media":0,"parent":0,"menu_order":0,"comment_status":"closed","ping_status":"closed","template":"","meta":{"_acf_changed":false,"_et_pb_use_builder":"on","_et_pb_old_content":"","_et_gb_content_width":"","footnotes":""},"class_list":["post-149438","page","type-page","status-publish","hentry"],"acf":[],"yoast_head":"<!-- This site is optimized with the Yoast SEO plugin v27.3 - https:\/\/yoast.com\/product\/yoast-seo-wordpress\/ -->\n<title>Versand u. Retouren - OMM<\/title>\n<meta name=\"robots\" content=\"index, follow, max-snippet:-1, max-image-preview:large, max-video-preview:-1\" \/>\n<link rel=\"canonical\" href=\"https:\/\/theomm.com\/de\/returns\/\" \/>\n<meta property=\"og:locale\" content=\"de_DE\" \/>\n<meta property=\"og:type\" content=\"article\" \/>\n<meta property=\"og:title\" content=\"Versand u. Retouren - OMM\" \/>\n<meta property=\"og:description\" content=\"VERSAND u. RETOUREN Shipping, Delivery Times &amp; Postage PostagePostage for orders under \u20ac50 is charged at \u20ac6.Postage for orders over \u20ac50 is free.Most orders are sent on a 48hr Tracked service.We do not offer Next Day Delivery. Delivery TimesTypical delivery time is 3-5 working days from placing your order.Orders placed after 12pm will be sent [&hellip;]\" \/>\n<meta property=\"og:url\" content=\"https:\/\/theomm.com\/de\/returns\/\" \/>\n<meta property=\"og:site_name\" content=\"OMM\" \/>\n<meta property=\"article:publisher\" content=\"https:\/\/www.facebook.com\/OMMrunning?_ga=2.203172945.1541616462.1665402953-280172632.1649426001\" \/>\n<meta property=\"article:modified_time\" content=\"2025-07-23T15:02:01+00:00\" \/>\n<meta name=\"twitter:card\" content=\"summary_large_image\" \/>\n<meta name=\"twitter:label1\" content=\"Gesch\u00e4tzte Lesezeit\" \/>\n\t<meta name=\"twitter:data1\" content=\"5\u00a0Minuten\" \/>\n<script type=\"application\/ld+json\" class=\"yoast-schema-graph\">{\"@context\":\"https:\\\/\\\/schema.org\",\"@graph\":[{\"@type\":\"WebPage\",\"@id\":\"https:\\\/\\\/theomm.com\\\/de\\\/returns\\\/\",\"url\":\"https:\\\/\\\/theomm.com\\\/de\\\/returns\\\/\",\"name\":\"Versand u. Retouren - OMM\",\"isPartOf\":{\"@id\":\"https:\\\/\\\/theomm.com\\\/#website\"},\"datePublished\":\"2021-02-04T14:30:43+00:00\",\"dateModified\":\"2025-07-23T15:02:01+00:00\",\"breadcrumb\":{\"@id\":\"https:\\\/\\\/theomm.com\\\/de\\\/returns\\\/#breadcrumb\"},\"inLanguage\":\"de\",\"potentialAction\":[{\"@type\":\"ReadAction\",\"target\":[\"https:\\\/\\\/theomm.com\\\/de\\\/returns\\\/\"]}]},{\"@type\":\"BreadcrumbList\",\"@id\":\"https:\\\/\\\/theomm.com\\\/de\\\/returns\\\/#breadcrumb\",\"itemListElement\":[{\"@type\":\"ListItem\",\"position\":1,\"name\":\"Home\",\"item\":\"https:\\\/\\\/theomm.com\\\/\"},{\"@type\":\"ListItem\",\"position\":2,\"name\":\"Versand u. Retouren\"}]},{\"@type\":\"WebSite\",\"@id\":\"https:\\\/\\\/theomm.com\\\/#website\",\"url\":\"https:\\\/\\\/theomm.com\\\/\",\"name\":\"OMM\",\"description\":\"OMM is Technical clothing and equipment made for running in the mountains. Designed to the specifications of Original Mountain Marathon.\",\"alternateName\":\"Original Mountain Marathon\",\"potentialAction\":[{\"@type\":\"SearchAction\",\"target\":{\"@type\":\"EntryPoint\",\"urlTemplate\":\"https:\\\/\\\/theomm.com\\\/?s={search_term_string}\"},\"query-input\":{\"@type\":\"PropertyValueSpecification\",\"valueRequired\":true,\"valueName\":\"search_term_string\"}}],\"inLanguage\":\"de\"}]}<\/script>\n<!-- \/ Yoast SEO plugin. -->","yoast_head_json":{"title":"Versand u. Retouren - OMM","robots":{"index":"index","follow":"follow","max-snippet":"max-snippet:-1","max-image-preview":"max-image-preview:large","max-video-preview":"max-video-preview:-1"},"canonical":"https:\/\/theomm.com\/de\/returns\/","og_locale":"de_DE","og_type":"article","og_title":"Versand u. Retouren - OMM","og_description":"VERSAND u. RETOUREN Shipping, Delivery Times &amp; Postage PostagePostage for orders under \u20ac50 is charged at \u20ac6.Postage for orders over \u20ac50 is free.Most orders are sent on a 48hr Tracked service.We do not offer Next Day Delivery. Delivery TimesTypical delivery time is 3-5 working days from placing your order.Orders placed after 12pm will be sent [&hellip;]","og_url":"https:\/\/theomm.com\/de\/returns\/","og_site_name":"OMM","article_publisher":"https:\/\/www.facebook.com\/OMMrunning?_ga=2.203172945.1541616462.1665402953-280172632.1649426001","article_modified_time":"2025-07-23T15:02:01+00:00","twitter_card":"summary_large_image","twitter_misc":{"Gesch\u00e4tzte Lesezeit":"5\u00a0Minuten"},"schema":{"@context":"https:\/\/schema.org","@graph":[{"@type":"WebPage","@id":"https:\/\/theomm.com\/de\/returns\/","url":"https:\/\/theomm.com\/de\/returns\/","name":"Versand u. Retouren - OMM","isPartOf":{"@id":"https:\/\/theomm.com\/#website"},"datePublished":"2021-02-04T14:30:43+00:00","dateModified":"2025-07-23T15:02:01+00:00","breadcrumb":{"@id":"https:\/\/theomm.com\/de\/returns\/#breadcrumb"},"inLanguage":"de","potentialAction":[{"@type":"ReadAction","target":["https:\/\/theomm.com\/de\/returns\/"]}]},{"@type":"BreadcrumbList","@id":"https:\/\/theomm.com\/de\/returns\/#breadcrumb","itemListElement":[{"@type":"ListItem","position":1,"name":"Home","item":"https:\/\/theomm.com\/"},{"@type":"ListItem","position":2,"name":"Versand u. Retouren"}]},{"@type":"WebSite","@id":"https:\/\/theomm.com\/#website","url":"https:\/\/theomm.com\/","name":"OMM","description":"OMM is Technical clothing and equipment made for running in the mountains. Designed to the specifications of Original Mountain Marathon.","alternateName":"Original Mountain Marathon","potentialAction":[{"@type":"SearchAction","target":{"@type":"EntryPoint","urlTemplate":"https:\/\/theomm.com\/?s={search_term_string}"},"query-input":{"@type":"PropertyValueSpecification","valueRequired":true,"valueName":"search_term_string"}}],"inLanguage":"de"}]}},"_links":{"self":[{"href":"https:\/\/theomm.com\/de\/wp-json\/wp\/v2\/pages\/149438","targetHints":{"allow":["GET"]}}],"collection":[{"href":"https:\/\/theomm.com\/de\/wp-json\/wp\/v2\/pages"}],"about":[{"href":"https:\/\/theomm.com\/de\/wp-json\/wp\/v2\/types\/page"}],"author":[{"embeddable":true,"href":"https:\/\/theomm.com\/de\/wp-json\/wp\/v2\/users\/1"}],"replies":[{"embeddable":true,"href":"https:\/\/theomm.com\/de\/wp-json\/wp\/v2\/comments?post=149438"}],"version-history":[{"count":13,"href":"https:\/\/theomm.com\/de\/wp-json\/wp\/v2\/pages\/149438\/revisions"}],"predecessor-version":[{"id":210588,"href":"https:\/\/theomm.com\/de\/wp-json\/wp\/v2\/pages\/149438\/revisions\/210588"}],"wp:attachment":[{"href":"https:\/\/theomm.com\/de\/wp-json\/wp\/v2\/media?parent=149438"}],"curies":[{"name":"wp","href":"https:\/\/api.w.org\/{rel}","templated":true}]}}