{"id":147617,"date":"2018-03-16T10:41:12","date_gmt":"2018-03-16T10:41:12","guid":{"rendered":"https:\/\/theomm.com\/product\/swift-arm-warmers\/"},"modified":"2025-01-04T00:02:15","modified_gmt":"2025-01-04T00:02:15","slug":"swift-arm-warmers","status":"publish","type":"product","link":"https:\/\/theomm.com\/de\/product\/swift-arm-warmers\/","title":{"rendered":"Swift Arm Warmers"},"content":{"rendered":"","protected":false},"excerpt":{"rendered":"<p>Die Stulpen aus Stretch Fleece sind leichtgewichtig und sorgen f\u00fcr zus\u00e4tzliche W\u00e4rme, mit dem integrierten Handschuh sogar bis an die Fingerspitzen. Wenn es k\u00e4lter wird und du Extra-Schutz brauchst, k\u00f6nnen sie schnell \u00fcbergestreift werden. Werden sie nicht mehr gebraucht, kannst du sie schnell und leicht verstauen.<\/p>\n","protected":false},"featured_media":4521,"template":"","meta":{"_acf_changed":false,"_et_pb_use_builder":"","_et_pb_old_content":"","_et_gb_content_width":""},"locations":[],"product_brand":[],"product_cat":[147],"product_tag":[835],"class_list":{"0":"post-147617","1":"product","2":"type-product","3":"status-publish","4":"has-post-thumbnail","6":"product_cat-bekleidung-de","7":"product_tag-laufende-armarmer","8":"pa_color-schwarz","9":"pa_colour-schwarz","10":"pa_gender-damen","11":"pa_gender-mens-de","12":"pa_size-gross","13":"pa_size-klein","14":"pa_weight-0-50g","16":"first","17":"instock","18":"taxable","19":"shipping-taxable","20":"purchasable","21":"product-type-variable","22":"wvs-archive-product-wrapper"},"acf":[],"yoast_head":"<!-- This site is optimized with the Yoast SEO plugin v27.3 - https:\/\/yoast.com\/product\/yoast-seo-wordpress\/ -->\n<title>Swift Arm Warmers - OMM<\/title>\n<meta name=\"robots\" content=\"index, follow, max-snippet:-1, max-image-preview:large, max-video-preview:-1\" \/>\n<link rel=\"canonical\" href=\"https:\/\/theomm.com\/de\/product\/swift-arm-warmers\/\" \/>\n<meta property=\"og:locale\" content=\"de_DE\" \/>\n<meta property=\"og:type\" content=\"article\" \/>\n<meta property=\"og:title\" content=\"Swift Arm Warmers - OMM\" \/>\n<meta property=\"og:description\" content=\"Die Stulpen aus Stretch Fleece sind leichtgewichtig und sorgen f\u00fcr zus\u00e4tzliche W\u00e4rme, mit dem integrierten Handschuh sogar bis an die Fingerspitzen. Wenn es k\u00e4lter wird und du Extra-Schutz brauchst, k\u00f6nnen sie schnell \u00fcbergestreift werden. Werden sie nicht mehr gebraucht, kannst du sie schnell und leicht verstauen.\" \/>\n<meta property=\"og:url\" content=\"https:\/\/theomm.com\/de\/product\/swift-arm-warmers\/\" \/>\n<meta property=\"og:site_name\" content=\"OMM\" \/>\n<meta property=\"article:publisher\" content=\"https:\/\/www.facebook.com\/OMMrunning?_ga=2.203172945.1541616462.1665402953-280172632.1649426001\" \/>\n<meta property=\"article:modified_time\" content=\"2025-01-04T00:02:15+00:00\" \/>\n<meta property=\"og:image\" content=\"https:\/\/theomm.com\/wp-content\/uploads\/2022\/09\/oc037-swift-arm-warmers-1.jpg\" \/>\n\t<meta property=\"og:image:width\" content=\"600\" \/>\n\t<meta property=\"og:image:height\" content=\"600\" \/>\n\t<meta property=\"og:image:type\" content=\"image\/jpeg\" \/>\n<meta name=\"twitter:card\" content=\"summary_large_image\" \/>\n<script type=\"application\/ld+json\" class=\"yoast-schema-graph\">{\"@context\":\"https:\\\/\\\/schema.org\",\"@graph\":[{\"@type\":\"WebPage\",\"@id\":\"https:\\\/\\\/theomm.com\\\/de\\\/product\\\/swift-arm-warmers\\\/\",\"url\":\"https:\\\/\\\/theomm.com\\\/de\\\/product\\\/swift-arm-warmers\\\/\",\"name\":\"Swift Arm Warmers - OMM\",\"isPartOf\":{\"@id\":\"https:\\\/\\\/theomm.com\\\/#website\"},\"primaryImageOfPage\":{\"@id\":\"https:\\\/\\\/theomm.com\\\/de\\\/product\\\/swift-arm-warmers\\\/#primaryimage\"},\"image\":{\"@id\":\"https:\\\/\\\/theomm.com\\\/de\\\/product\\\/swift-arm-warmers\\\/#primaryimage\"},\"thumbnailUrl\":\"https:\\\/\\\/theomm.com\\\/wp-content\\\/uploads\\\/2022\\\/09\\\/oc037-swift-arm-warmers-1.jpg\",\"datePublished\":\"2018-03-16T10:41:12+00:00\",\"dateModified\":\"2025-01-04T00:02:15+00:00\",\"breadcrumb\":{\"@id\":\"https:\\\/\\\/theomm.com\\\/de\\\/product\\\/swift-arm-warmers\\\/#breadcrumb\"},\"inLanguage\":\"de\",\"potentialAction\":[{\"@type\":\"ReadAction\",\"target\":[\"https:\\\/\\\/theomm.com\\\/de\\\/product\\\/swift-arm-warmers\\\/\"]}]},{\"@type\":\"ImageObject\",\"inLanguage\":\"de\",\"@id\":\"https:\\\/\\\/theomm.com\\\/de\\\/product\\\/swift-arm-warmers\\\/#primaryimage\",\"url\":\"https:\\\/\\\/theomm.com\\\/wp-content\\\/uploads\\\/2022\\\/09\\\/oc037-swift-arm-warmers-1.jpg\",\"contentUrl\":\"https:\\\/\\\/theomm.com\\\/wp-content\\\/uploads\\\/2022\\\/09\\\/oc037-swift-arm-warmers-1.jpg\",\"width\":600,\"height\":600},{\"@type\":\"BreadcrumbList\",\"@id\":\"https:\\\/\\\/theomm.com\\\/de\\\/product\\\/swift-arm-warmers\\\/#breadcrumb\",\"itemListElement\":[{\"@type\":\"ListItem\",\"position\":1,\"name\":\"Home\",\"item\":\"https:\\\/\\\/theomm.com\\\/\"},{\"@type\":\"ListItem\",\"position\":2,\"name\":\"Einkaufen\",\"item\":\"https:\\\/\\\/theomm.com\\\/original-mountain-marathon\\\/products\\\/\"},{\"@type\":\"ListItem\",\"position\":3,\"name\":\"Swift Arm Warmers\"}]},{\"@type\":\"WebSite\",\"@id\":\"https:\\\/\\\/theomm.com\\\/#website\",\"url\":\"https:\\\/\\\/theomm.com\\\/\",\"name\":\"OMM\",\"description\":\"OMM is Technical clothing and equipment made for running in the mountains. Designed to the specifications of Original Mountain Marathon.\",\"alternateName\":\"Original Mountain Marathon\",\"potentialAction\":[{\"@type\":\"SearchAction\",\"target\":{\"@type\":\"EntryPoint\",\"urlTemplate\":\"https:\\\/\\\/theomm.com\\\/?s={search_term_string}\"},\"query-input\":{\"@type\":\"PropertyValueSpecification\",\"valueRequired\":true,\"valueName\":\"search_term_string\"}}],\"inLanguage\":\"de\"}]}<\/script>\n<!-- \/ Yoast SEO plugin. -->","yoast_head_json":{"title":"Swift Arm Warmers - OMM","robots":{"index":"index","follow":"follow","max-snippet":"max-snippet:-1","max-image-preview":"max-image-preview:large","max-video-preview":"max-video-preview:-1"},"canonical":"https:\/\/theomm.com\/de\/product\/swift-arm-warmers\/","og_locale":"de_DE","og_type":"article","og_title":"Swift Arm Warmers - OMM","og_description":"Die Stulpen aus Stretch Fleece sind leichtgewichtig und sorgen f\u00fcr zus\u00e4tzliche W\u00e4rme, mit dem integrierten Handschuh sogar bis an die Fingerspitzen. Wenn es k\u00e4lter wird und du Extra-Schutz brauchst, k\u00f6nnen sie schnell \u00fcbergestreift werden. Werden sie nicht mehr gebraucht, kannst du sie schnell und leicht verstauen.","og_url":"https:\/\/theomm.com\/de\/product\/swift-arm-warmers\/","og_site_name":"OMM","article_publisher":"https:\/\/www.facebook.com\/OMMrunning?_ga=2.203172945.1541616462.1665402953-280172632.1649426001","article_modified_time":"2025-01-04T00:02:15+00:00","og_image":[{"width":600,"height":600,"url":"https:\/\/theomm.com\/wp-content\/uploads\/2022\/09\/oc037-swift-arm-warmers-1.jpg","type":"image\/jpeg"}],"twitter_card":"summary_large_image","schema":{"@context":"https:\/\/schema.org","@graph":[{"@type":"WebPage","@id":"https:\/\/theomm.com\/de\/product\/swift-arm-warmers\/","url":"https:\/\/theomm.com\/de\/product\/swift-arm-warmers\/","name":"Swift Arm Warmers - OMM","isPartOf":{"@id":"https:\/\/theomm.com\/#website"},"primaryImageOfPage":{"@id":"https:\/\/theomm.com\/de\/product\/swift-arm-warmers\/#primaryimage"},"image":{"@id":"https:\/\/theomm.com\/de\/product\/swift-arm-warmers\/#primaryimage"},"thumbnailUrl":"https:\/\/theomm.com\/wp-content\/uploads\/2022\/09\/oc037-swift-arm-warmers-1.jpg","datePublished":"2018-03-16T10:41:12+00:00","dateModified":"2025-01-04T00:02:15+00:00","breadcrumb":{"@id":"https:\/\/theomm.com\/de\/product\/swift-arm-warmers\/#breadcrumb"},"inLanguage":"de","potentialAction":[{"@type":"ReadAction","target":["https:\/\/theomm.com\/de\/product\/swift-arm-warmers\/"]}]},{"@type":"ImageObject","inLanguage":"de","@id":"https:\/\/theomm.com\/de\/product\/swift-arm-warmers\/#primaryimage","url":"https:\/\/theomm.com\/wp-content\/uploads\/2022\/09\/oc037-swift-arm-warmers-1.jpg","contentUrl":"https:\/\/theomm.com\/wp-content\/uploads\/2022\/09\/oc037-swift-arm-warmers-1.jpg","width":600,"height":600},{"@type":"BreadcrumbList","@id":"https:\/\/theomm.com\/de\/product\/swift-arm-warmers\/#breadcrumb","itemListElement":[{"@type":"ListItem","position":1,"name":"Home","item":"https:\/\/theomm.com\/"},{"@type":"ListItem","position":2,"name":"Einkaufen","item":"https:\/\/theomm.com\/original-mountain-marathon\/products\/"},{"@type":"ListItem","position":3,"name":"Swift Arm Warmers"}]},{"@type":"WebSite","@id":"https:\/\/theomm.com\/#website","url":"https:\/\/theomm.com\/","name":"OMM","description":"OMM is Technical clothing and equipment made for running in the mountains. Designed to the specifications of Original Mountain Marathon.","alternateName":"Original Mountain Marathon","potentialAction":[{"@type":"SearchAction","target":{"@type":"EntryPoint","urlTemplate":"https:\/\/theomm.com\/?s={search_term_string}"},"query-input":{"@type":"PropertyValueSpecification","valueRequired":true,"valueName":"search_term_string"}}],"inLanguage":"de"}]}},"_links":{"self":[{"href":"https:\/\/theomm.com\/de\/wp-json\/wp\/v2\/product\/147617","targetHints":{"allow":["GET"]}}],"collection":[{"href":"https:\/\/theomm.com\/de\/wp-json\/wp\/v2\/product"}],"about":[{"href":"https:\/\/theomm.com\/de\/wp-json\/wp\/v2\/types\/product"}],"wp:featuredmedia":[{"embeddable":true,"href":"https:\/\/theomm.com\/de\/wp-json\/wp\/v2\/media\/4521"}],"wp:attachment":[{"href":"https:\/\/theomm.com\/de\/wp-json\/wp\/v2\/media?parent=147617"}],"wp:term":[{"taxonomy":"locations","embeddable":true,"href":"https:\/\/theomm.com\/de\/wp-json\/wp\/v2\/locations?post=147617"},{"taxonomy":"product_brand","embeddable":true,"href":"https:\/\/theomm.com\/de\/wp-json\/wp\/v2\/product_brand?post=147617"},{"taxonomy":"product_cat","embeddable":true,"href":"https:\/\/theomm.com\/de\/wp-json\/wp\/v2\/product_cat?post=147617"},{"taxonomy":"product_tag","embeddable":true,"href":"https:\/\/theomm.com\/de\/wp-json\/wp\/v2\/product_tag?post=147617"}],"curies":[{"name":"wp","href":"https:\/\/api.w.org\/{rel}","templated":true}]}}