{"id":147649,"date":"2018-03-16T10:41:29","date_gmt":"2018-03-16T10:41:29","guid":{"rendered":"https:\/\/theomm.com\/product\/leanweight-kit\/"},"modified":"2025-12-15T07:54:56","modified_gmt":"2025-12-15T07:54:56","slug":"leanweight-kit","status":"publish","type":"product","link":"https:\/\/theomm.com\/de\/product\/leanweight-kit\/","title":{"rendered":"Leanweight Kit"},"content":{"rendered":"","protected":false},"excerpt":{"rendered":"<p>Angefangen von einem Fahrradhelm bis hin zu einem wasserdichten Packsack \u2013 manchmal musst du einfach so viel Equipment mitnehmen, dass du etwas au\u00dfen am Laufrucksack verstauen musst. Die n\u00f6tige Kompression deiner Extra-Ausr\u00fcstung bekommst du dann \u00fcber das LEANWEIGHT KIT, das zahlreiche Befestigungspunkte an jeder Seite hat. Stretchf\u00e4higes Mesh-Material sorgt daf\u00fcr, dass sich das Kit an die Form des Gep\u00e4cks anpasst und es so sicher und kompakt verstaut ist. Au\u00dferdem verf\u00fcgt es \u00fcber zwei elastische Schn\u00fcre, mit denen du auch andere Systeme zur Kompression an deinem OMM Rucksack befestigen kannst.<\/p>\n","protected":false},"featured_media":141530,"template":"","meta":{"_acf_changed":false,"_et_pb_use_builder":"","_et_pb_old_content":"","_et_gb_content_width":""},"locations":[1195,1196],"product_brand":[],"product_cat":[844,652],"product_tag":[867,849],"class_list":{"0":"post-147649","1":"product","2":"type-product","3":"status-publish","4":"has-post-thumbnail","6":"locations-eu","7":"locations-uk","8":"product_cat-accessoires-rucksaecke","9":"product_cat-packungen","10":"product_tag-kompressionsriemen-fur-rucksack","11":"product_tag-sp-de","12":"pa_color-schwarz","13":"pa_colour-schwarz","14":"pa_gender-damen","15":"pa_gender-mens-de","16":"pa_weight-0-50g","18":"first","19":"instock","20":"taxable","21":"shipping-taxable","22":"purchasable","23":"product-type-variable","24":"has-default-attributes","25":"wvs-archive-product-wrapper"},"acf":[],"yoast_head":"<!-- This site is optimized with the Yoast SEO plugin v27.3 - https:\/\/yoast.com\/product\/yoast-seo-wordpress\/ -->\n<title>Leanweight Kit - OMM<\/title>\n<meta name=\"robots\" content=\"index, follow, max-snippet:-1, max-image-preview:large, max-video-preview:-1\" \/>\n<link rel=\"canonical\" href=\"https:\/\/theomm.com\/de\/product\/leanweight-kit\/\" \/>\n<meta property=\"og:locale\" content=\"de_DE\" \/>\n<meta property=\"og:type\" content=\"article\" \/>\n<meta property=\"og:title\" content=\"Leanweight Kit - OMM\" \/>\n<meta property=\"og:description\" content=\"Angefangen von einem Fahrradhelm bis hin zu einem wasserdichten Packsack \u2013 manchmal musst du einfach so viel Equipment mitnehmen, dass du etwas au\u00dfen am Laufrucksack verstauen musst. Die n\u00f6tige Kompression deiner Extra-Ausr\u00fcstung bekommst du dann \u00fcber das LEANWEIGHT KIT, das zahlreiche Befestigungspunkte an jeder Seite hat. Stretchf\u00e4higes Mesh-Material sorgt daf\u00fcr, dass sich das Kit an die Form des Gep\u00e4cks anpasst und es so sicher und kompakt verstaut ist. Au\u00dferdem verf\u00fcgt es \u00fcber zwei elastische Schn\u00fcre, mit denen du auch andere Systeme zur Kompression an deinem OMM Rucksack befestigen kannst.\" \/>\n<meta property=\"og:url\" content=\"https:\/\/theomm.com\/de\/product\/leanweight-kit\/\" \/>\n<meta property=\"og:site_name\" content=\"OMM\" \/>\n<meta property=\"article:publisher\" content=\"https:\/\/www.facebook.com\/OMMrunning?_ga=2.203172945.1541616462.1665402953-280172632.1649426001\" \/>\n<meta property=\"article:modified_time\" content=\"2025-12-15T07:54:56+00:00\" \/>\n<meta property=\"og:image\" content=\"https:\/\/theomm.com\/wp-content\/uploads\/2022\/10\/OF007-Leanweight-Kit-Simple_0000_OF007-Leanweight-Kit.jpg\" \/>\n\t<meta property=\"og:image:width\" content=\"600\" \/>\n\t<meta property=\"og:image:height\" content=\"600\" \/>\n\t<meta property=\"og:image:type\" content=\"image\/jpeg\" \/>\n<meta name=\"twitter:card\" content=\"summary_large_image\" \/>\n<script type=\"application\/ld+json\" class=\"yoast-schema-graph\">{\"@context\":\"https:\\\/\\\/schema.org\",\"@graph\":[{\"@type\":\"WebPage\",\"@id\":\"https:\\\/\\\/theomm.com\\\/de\\\/product\\\/leanweight-kit\\\/\",\"url\":\"https:\\\/\\\/theomm.com\\\/de\\\/product\\\/leanweight-kit\\\/\",\"name\":\"Leanweight Kit - OMM\",\"isPartOf\":{\"@id\":\"https:\\\/\\\/theomm.com\\\/#website\"},\"primaryImageOfPage\":{\"@id\":\"https:\\\/\\\/theomm.com\\\/de\\\/product\\\/leanweight-kit\\\/#primaryimage\"},\"image\":{\"@id\":\"https:\\\/\\\/theomm.com\\\/de\\\/product\\\/leanweight-kit\\\/#primaryimage\"},\"thumbnailUrl\":\"https:\\\/\\\/theomm.com\\\/wp-content\\\/uploads\\\/2022\\\/10\\\/OF007-Leanweight-Kit-Simple_0000_OF007-Leanweight-Kit.jpg\",\"datePublished\":\"2018-03-16T10:41:29+00:00\",\"dateModified\":\"2025-12-15T07:54:56+00:00\",\"breadcrumb\":{\"@id\":\"https:\\\/\\\/theomm.com\\\/de\\\/product\\\/leanweight-kit\\\/#breadcrumb\"},\"inLanguage\":\"de\",\"potentialAction\":[{\"@type\":\"ReadAction\",\"target\":[\"https:\\\/\\\/theomm.com\\\/de\\\/product\\\/leanweight-kit\\\/\"]}]},{\"@type\":\"ImageObject\",\"inLanguage\":\"de\",\"@id\":\"https:\\\/\\\/theomm.com\\\/de\\\/product\\\/leanweight-kit\\\/#primaryimage\",\"url\":\"https:\\\/\\\/theomm.com\\\/wp-content\\\/uploads\\\/2022\\\/10\\\/OF007-Leanweight-Kit-Simple_0000_OF007-Leanweight-Kit.jpg\",\"contentUrl\":\"https:\\\/\\\/theomm.com\\\/wp-content\\\/uploads\\\/2022\\\/10\\\/OF007-Leanweight-Kit-Simple_0000_OF007-Leanweight-Kit.jpg\",\"width\":600,\"height\":600},{\"@type\":\"BreadcrumbList\",\"@id\":\"https:\\\/\\\/theomm.com\\\/de\\\/product\\\/leanweight-kit\\\/#breadcrumb\",\"itemListElement\":[{\"@type\":\"ListItem\",\"position\":1,\"name\":\"Home\",\"item\":\"https:\\\/\\\/theomm.com\\\/\"},{\"@type\":\"ListItem\",\"position\":2,\"name\":\"Einkaufen\",\"item\":\"https:\\\/\\\/theomm.com\\\/original-mountain-marathon\\\/products\\\/\"},{\"@type\":\"ListItem\",\"position\":3,\"name\":\"Leanweight Kit\"}]},{\"@type\":\"WebSite\",\"@id\":\"https:\\\/\\\/theomm.com\\\/#website\",\"url\":\"https:\\\/\\\/theomm.com\\\/\",\"name\":\"OMM\",\"description\":\"OMM is Technical clothing and equipment made for running in the mountains. Designed to the specifications of Original Mountain Marathon.\",\"alternateName\":\"Original Mountain Marathon\",\"potentialAction\":[{\"@type\":\"SearchAction\",\"target\":{\"@type\":\"EntryPoint\",\"urlTemplate\":\"https:\\\/\\\/theomm.com\\\/?s={search_term_string}\"},\"query-input\":{\"@type\":\"PropertyValueSpecification\",\"valueRequired\":true,\"valueName\":\"search_term_string\"}}],\"inLanguage\":\"de\"}]}<\/script>\n<!-- \/ Yoast SEO plugin. -->","yoast_head_json":{"title":"Leanweight Kit - OMM","robots":{"index":"index","follow":"follow","max-snippet":"max-snippet:-1","max-image-preview":"max-image-preview:large","max-video-preview":"max-video-preview:-1"},"canonical":"https:\/\/theomm.com\/de\/product\/leanweight-kit\/","og_locale":"de_DE","og_type":"article","og_title":"Leanweight Kit - OMM","og_description":"Angefangen von einem Fahrradhelm bis hin zu einem wasserdichten Packsack \u2013 manchmal musst du einfach so viel Equipment mitnehmen, dass du etwas au\u00dfen am Laufrucksack verstauen musst. Die n\u00f6tige Kompression deiner Extra-Ausr\u00fcstung bekommst du dann \u00fcber das LEANWEIGHT KIT, das zahlreiche Befestigungspunkte an jeder Seite hat. Stretchf\u00e4higes Mesh-Material sorgt daf\u00fcr, dass sich das Kit an die Form des Gep\u00e4cks anpasst und es so sicher und kompakt verstaut ist. Au\u00dferdem verf\u00fcgt es \u00fcber zwei elastische Schn\u00fcre, mit denen du auch andere Systeme zur Kompression an deinem OMM Rucksack befestigen kannst.","og_url":"https:\/\/theomm.com\/de\/product\/leanweight-kit\/","og_site_name":"OMM","article_publisher":"https:\/\/www.facebook.com\/OMMrunning?_ga=2.203172945.1541616462.1665402953-280172632.1649426001","article_modified_time":"2025-12-15T07:54:56+00:00","og_image":[{"width":600,"height":600,"url":"https:\/\/theomm.com\/wp-content\/uploads\/2022\/10\/OF007-Leanweight-Kit-Simple_0000_OF007-Leanweight-Kit.jpg","type":"image\/jpeg"}],"twitter_card":"summary_large_image","schema":{"@context":"https:\/\/schema.org","@graph":[{"@type":"WebPage","@id":"https:\/\/theomm.com\/de\/product\/leanweight-kit\/","url":"https:\/\/theomm.com\/de\/product\/leanweight-kit\/","name":"Leanweight Kit - OMM","isPartOf":{"@id":"https:\/\/theomm.com\/#website"},"primaryImageOfPage":{"@id":"https:\/\/theomm.com\/de\/product\/leanweight-kit\/#primaryimage"},"image":{"@id":"https:\/\/theomm.com\/de\/product\/leanweight-kit\/#primaryimage"},"thumbnailUrl":"https:\/\/theomm.com\/wp-content\/uploads\/2022\/10\/OF007-Leanweight-Kit-Simple_0000_OF007-Leanweight-Kit.jpg","datePublished":"2018-03-16T10:41:29+00:00","dateModified":"2025-12-15T07:54:56+00:00","breadcrumb":{"@id":"https:\/\/theomm.com\/de\/product\/leanweight-kit\/#breadcrumb"},"inLanguage":"de","potentialAction":[{"@type":"ReadAction","target":["https:\/\/theomm.com\/de\/product\/leanweight-kit\/"]}]},{"@type":"ImageObject","inLanguage":"de","@id":"https:\/\/theomm.com\/de\/product\/leanweight-kit\/#primaryimage","url":"https:\/\/theomm.com\/wp-content\/uploads\/2022\/10\/OF007-Leanweight-Kit-Simple_0000_OF007-Leanweight-Kit.jpg","contentUrl":"https:\/\/theomm.com\/wp-content\/uploads\/2022\/10\/OF007-Leanweight-Kit-Simple_0000_OF007-Leanweight-Kit.jpg","width":600,"height":600},{"@type":"BreadcrumbList","@id":"https:\/\/theomm.com\/de\/product\/leanweight-kit\/#breadcrumb","itemListElement":[{"@type":"ListItem","position":1,"name":"Home","item":"https:\/\/theomm.com\/"},{"@type":"ListItem","position":2,"name":"Einkaufen","item":"https:\/\/theomm.com\/original-mountain-marathon\/products\/"},{"@type":"ListItem","position":3,"name":"Leanweight Kit"}]},{"@type":"WebSite","@id":"https:\/\/theomm.com\/#website","url":"https:\/\/theomm.com\/","name":"OMM","description":"OMM is Technical clothing and equipment made for running in the mountains. Designed to the specifications of Original Mountain Marathon.","alternateName":"Original Mountain Marathon","potentialAction":[{"@type":"SearchAction","target":{"@type":"EntryPoint","urlTemplate":"https:\/\/theomm.com\/?s={search_term_string}"},"query-input":{"@type":"PropertyValueSpecification","valueRequired":true,"valueName":"search_term_string"}}],"inLanguage":"de"}]}},"_links":{"self":[{"href":"https:\/\/theomm.com\/de\/wp-json\/wp\/v2\/product\/147649","targetHints":{"allow":["GET"]}}],"collection":[{"href":"https:\/\/theomm.com\/de\/wp-json\/wp\/v2\/product"}],"about":[{"href":"https:\/\/theomm.com\/de\/wp-json\/wp\/v2\/types\/product"}],"wp:featuredmedia":[{"embeddable":true,"href":"https:\/\/theomm.com\/de\/wp-json\/wp\/v2\/media\/141530"}],"wp:attachment":[{"href":"https:\/\/theomm.com\/de\/wp-json\/wp\/v2\/media?parent=147649"}],"wp:term":[{"taxonomy":"locations","embeddable":true,"href":"https:\/\/theomm.com\/de\/wp-json\/wp\/v2\/locations?post=147649"},{"taxonomy":"product_brand","embeddable":true,"href":"https:\/\/theomm.com\/de\/wp-json\/wp\/v2\/product_brand?post=147649"},{"taxonomy":"product_cat","embeddable":true,"href":"https:\/\/theomm.com\/de\/wp-json\/wp\/v2\/product_cat?post=147649"},{"taxonomy":"product_tag","embeddable":true,"href":"https:\/\/theomm.com\/de\/wp-json\/wp\/v2\/product_tag?post=147649"}],"curies":[{"name":"wp","href":"https:\/\/api.w.org\/{rel}","templated":true}]}}