{"id":147651,"date":"2018-03-16T10:41:29","date_gmt":"2018-03-16T10:41:29","guid":{"rendered":"https:\/\/theomm.com\/product\/mountain-raid-100\/"},"modified":"2025-03-16T08:24:08","modified_gmt":"2025-03-16T08:24:08","slug":"mountain-raid-100","status":"publish","type":"product","link":"https:\/\/theomm.com\/de\/product\/mountain-raid-100\/","title":{"rendered":"Mountain Raid 100"},"content":{"rendered":"<p>Mountain Raid 100 &#8211;<\/p>\n<p>Der Mountain Raid kombiniert beste Materialien f\u00fcr eine maximale Performance. Er ist perfekt f\u00fcr Minimalisten, die nicht viel Schnickschnack brauchen. Die Au\u00dfenh\u00fclle besteht aus PointZero Material, das einer dauerhaft wasserabweisenden Behandlung (DWR) unterzogen wurde. So ist sie wasserabweisend und fleckenbest\u00e4ndig. Die synthetische Isolation durch PrimaLoft\u00ae Gold mit Cross Core\u00a0sorgt f\u00fcr ein optimales W\u00e4rme-Gewicht-Verh\u00e4ltnis. Um den Schlafsack leichter zu machen, haben die Panels ein unterschiedliches F\u00fcllgewicht. Der Boden ist mit 40 g\/m\u00b2 Primaloft Gold gef\u00fcllt, an der Oberseite sind es hingegen 60 g\/m\u00b2. Das Fu\u00dfteil ist an die K\u00f6rperform angepasst und ebenfalls mit 60 g\/m\u00b2 Primaloft Gold gef\u00fcllt, um deine F\u00fc\u00dfe wohlig warm zu halten. Die Au\u00dfenh\u00fclle liegt lose auf der Thermof\u00fcllung, w\u00e4hrend das Innenmaterial mit der F\u00fcllung vern\u00e4ht ist, um den Isolationseffekt zu maximieren und das Entstehen von K\u00e4ltebr\u00fccken zu verhindern.<\/p>\n<p>PrimaLoft\u00ae Cross-Core Gold ist aus 90% recyceltem Material hergestellt.<\/p>\n<p>PRIMALOFT\u00ae INSULATED MINIMALISTISCHER SCHLAFSACK\u00a0 W\u00c4RMT AUCH IM NASSEN ZUSTAND Synthetische Schlafs\u00e4cke haben einen Vorteil gegen\u00fcber Daune: Sie verlieren keine Loft und bleiben damit warm, wenn sie nass werden. Daune hat im trockenen Zustand immer noch das beste W\u00e4rme-Gewicht-Verh\u00e4ltnis, aber Primaloft Gold mit Cross Core Technologie auf dem zweiten Platz kommt dem schon sehr nah. WINDDICHT Das OMM Point Zero Material wird sowohl auf der Innen- als auch auf der Au\u00dfenseite verwendet. Dieses extrem leichte Material sch\u00fctzt vor Zugluft im \u00a0Zelt. Au\u00dferdem verhindert es Luftbewegung um die isolierenden Fasern, da es innen und au\u00dfen verwendet wird, und sorgt so f\u00fcr maximale W\u00e4rme.St\u00e4rkere Isolation auf der Oberseite als auf der Unterseite f\u00fcr maximale Effizienz. Rei\u00dfverschluss \u00fcber die H\u00e4lfte des Schlafsacks. DWR. 90%PCR. TOG 3.0\/2.2 (trocken\/nass).\u00a0 Durchgen\u00e4hte Innenseite auf beweglicher \u00c4u\u00dfenh\u00fclle. Mumienschlafsack. Geformtes Fu\u00dfteil. Kordelzug am Kopfteil. Schnelltrocknend und pflegeleicht. Schlaufen zum Aufh\u00e4ngen am Fu\u00dfende.\u00a0 L\u00e4nge195 cm.\u00a0 Schulterbreite 65cm. Fu\u00dfbreite: 35 cm.\u00a0 Packma\u00df:19 x 12 cm<br \/>Farben: Schwarz\/Orange.\u00a0\u00a0<br \/>Material: PointZero (Nylon), PrimaLoft\u00ae Gold 40\/60g\/m2<br \/>Gewicht: 380g<\/p>\n","protected":false},"excerpt":{"rendered":"<p>Der Mountain Raid kombiniert beste Materialien f\u00fcr eine maximale Performance. Er ist perfekt f\u00fcr Minimalisten, die nicht viel Schnickschnack brauchen. Die Au\u00dfenh\u00fclle besteht aus PointZero Material, das einer dauerhaft wasserabweisenden Behandlung (DWR) unterzogen wurde. So ist sie wasserabweisend und fleckenbest\u00e4ndig. Die synthetische Isolation durch PrimaLoft\u00ae Gold mit Cross Core\u00a0sorgt f\u00fcr ein optimales W\u00e4rme-Gewicht-Verh\u00e4ltnis. Um den Schlafsack leichter zu machen, haben die Panels ein unterschiedliches F\u00fcllgewicht. Der Boden ist mit 40 g\/m\u00b2 Primaloft Gold gef\u00fcllt, an der Oberseite sind es hingegen 60 g\/m\u00b2. Das Fu\u00dfteil ist an die K\u00f6rperform angepasst und ebenfalls mit 60 g\/m\u00b2 Primaloft Gold gef\u00fcllt, um deine F\u00fc\u00dfe wohlig warm zu halten. Die Au\u00dfenh\u00fclle liegt lose auf der Thermof\u00fcllung, w\u00e4hrend das Innenmaterial mit der F\u00fcllung vern\u00e4ht ist, um den Isolationseffekt zu maximieren und das Entstehen von K\u00e4ltebr\u00fccken zu verhindern.<\/p>\n<p>PrimaLoft\u00ae Cross-Core Gold ist aus 90% recyceltem Material hergestellt.<\/p>\n","protected":false},"featured_media":7218,"template":"","meta":{"_acf_changed":false,"_et_pb_use_builder":"","_et_pb_old_content":"","_et_gb_content_width":""},"locations":[1195,1196],"product_brand":[],"product_cat":[149,842,718],"product_tag":[868,869,870,871],"class_list":{"0":"post-147651","1":"product","2":"type-product","3":"status-publish","4":"has-post-thumbnail","6":"locations-eu","7":"locations-uk","8":"product_cat-ausruestungsliste","9":"product_cat-schlafen","10":"product_cat-other-de","11":"product_tag-leichter-schlafsack","12":"product_tag-mountain-raid-de","13":"product_tag-mountain-raid-schlafsack","14":"product_tag-omm-sleeping-bag-de","15":"pa_color-schwarz","16":"pa_colour-schwarz","17":"pa_gender-damen","18":"pa_gender-mens-de","19":"pa_technology-point-zero","20":"pa_technology-primaloft-cross-core-gold-eco","21":"pa_weight-300-400g","23":"first","24":"instock","25":"taxable","26":"shipping-taxable","27":"purchasable","28":"product-type-variable","29":"has-default-attributes","30":"wvs-archive-product-wrapper"},"acf":[],"yoast_head":"<!-- This site is optimized with the Yoast SEO plugin v27.3 - https:\/\/yoast.com\/product\/yoast-seo-wordpress\/ -->\n<title>Mountain Raid 100 - OMM<\/title>\n<meta name=\"description\" content=\"The Mountain Raid 100, Primaloft\u00ae Insulated Minimalist Sleeping Bag. Warm When Wet. Offset Half Zip Windproof Minimalistischer Schlafsack mit Primaloft Gold Isolation. W\u00e4rmt auch im nassen Zustand, versetzter kurzer Rei\u00dfverschluss, winddicht.\" \/>\n<meta name=\"robots\" content=\"index, follow, max-snippet:-1, max-image-preview:large, max-video-preview:-1\" \/>\n<link rel=\"canonical\" href=\"https:\/\/theomm.com\/product\/mountain-raid-100\/\" \/>\n<meta property=\"og:locale\" content=\"de_DE\" \/>\n<meta property=\"og:type\" content=\"article\" \/>\n<meta property=\"og:title\" content=\"Mountain Raid 100 - OMM\" \/>\n<meta property=\"og:description\" content=\"The Mountain Raid 100, Primaloft\u00ae Insulated Minimalist Sleeping Bag. Warm When Wet. Offset Half Zip Windproof Minimalistischer Schlafsack mit Primaloft Gold Isolation. W\u00e4rmt auch im nassen Zustand, versetzter kurzer Rei\u00dfverschluss, winddicht.\" \/>\n<meta property=\"og:url\" content=\"https:\/\/theomm.com\/product\/mountain-raid-100\/\" \/>\n<meta property=\"og:site_name\" content=\"OMM\" \/>\n<meta property=\"article:publisher\" content=\"https:\/\/www.facebook.com\/OMMrunning?_ga=2.203172945.1541616462.1665402953-280172632.1649426001\" \/>\n<meta property=\"article:modified_time\" content=\"2025-03-16T08:24:08+00:00\" \/>\n<meta property=\"og:image\" content=\"https:\/\/theomm.com\/wp-content\/uploads\/2022\/10\/OH010-mountain-raid-100-studio-2.jpg\" \/>\n\t<meta property=\"og:image:width\" content=\"600\" \/>\n\t<meta property=\"og:image:height\" content=\"600\" \/>\n\t<meta property=\"og:image:type\" content=\"image\/jpeg\" \/>\n<meta name=\"twitter:card\" content=\"summary_large_image\" \/>\n<meta name=\"twitter:label1\" content=\"Gesch\u00e4tzte Lesezeit\" \/>\n\t<meta name=\"twitter:data1\" content=\"2\u00a0Minuten\" \/>\n<script type=\"application\/ld+json\" class=\"yoast-schema-graph\">{\"@context\":\"https:\\\/\\\/schema.org\",\"@graph\":[{\"@type\":\"WebPage\",\"@id\":\"https:\\\/\\\/theomm.com\\\/product\\\/mountain-raid-100\\\/\",\"url\":\"https:\\\/\\\/theomm.com\\\/product\\\/mountain-raid-100\\\/\",\"name\":\"Mountain Raid 100 - OMM\",\"isPartOf\":{\"@id\":\"https:\\\/\\\/theomm.com\\\/#website\"},\"primaryImageOfPage\":{\"@id\":\"https:\\\/\\\/theomm.com\\\/product\\\/mountain-raid-100\\\/#primaryimage\"},\"image\":{\"@id\":\"https:\\\/\\\/theomm.com\\\/product\\\/mountain-raid-100\\\/#primaryimage\"},\"thumbnailUrl\":\"https:\\\/\\\/theomm.com\\\/wp-content\\\/uploads\\\/2022\\\/10\\\/OH010-mountain-raid-100-studio-2.jpg\",\"datePublished\":\"2018-03-16T10:41:29+00:00\",\"dateModified\":\"2025-03-16T08:24:08+00:00\",\"description\":\"The Mountain Raid 100, Primaloft\u00ae Insulated Minimalist Sleeping Bag. Warm When Wet. Offset Half Zip Windproof Minimalistischer Schlafsack mit Primaloft Gold Isolation. W\u00e4rmt auch im nassen Zustand, versetzter kurzer Rei\u00dfverschluss, winddicht.\",\"breadcrumb\":{\"@id\":\"https:\\\/\\\/theomm.com\\\/product\\\/mountain-raid-100\\\/#breadcrumb\"},\"inLanguage\":\"de\",\"potentialAction\":[{\"@type\":\"ReadAction\",\"target\":[\"https:\\\/\\\/theomm.com\\\/product\\\/mountain-raid-100\\\/\"]}]},{\"@type\":\"ImageObject\",\"inLanguage\":\"de\",\"@id\":\"https:\\\/\\\/theomm.com\\\/product\\\/mountain-raid-100\\\/#primaryimage\",\"url\":\"https:\\\/\\\/theomm.com\\\/wp-content\\\/uploads\\\/2022\\\/10\\\/OH010-mountain-raid-100-studio-2.jpg\",\"contentUrl\":\"https:\\\/\\\/theomm.com\\\/wp-content\\\/uploads\\\/2022\\\/10\\\/OH010-mountain-raid-100-studio-2.jpg\",\"width\":600,\"height\":600},{\"@type\":\"BreadcrumbList\",\"@id\":\"https:\\\/\\\/theomm.com\\\/product\\\/mountain-raid-100\\\/#breadcrumb\",\"itemListElement\":[{\"@type\":\"ListItem\",\"position\":1,\"name\":\"Home\",\"item\":\"https:\\\/\\\/theomm.com\\\/\"},{\"@type\":\"ListItem\",\"position\":2,\"name\":\"Einkaufen\",\"item\":\"https:\\\/\\\/theomm.com\\\/original-mountain-marathon\\\/products\\\/\"},{\"@type\":\"ListItem\",\"position\":3,\"name\":\"Mountain Raid 100\"}]},{\"@type\":\"WebSite\",\"@id\":\"https:\\\/\\\/theomm.com\\\/#website\",\"url\":\"https:\\\/\\\/theomm.com\\\/\",\"name\":\"OMM\",\"description\":\"OMM is Technical clothing and equipment made for running in the mountains. Designed to the specifications of Original Mountain Marathon.\",\"alternateName\":\"Original Mountain Marathon\",\"potentialAction\":[{\"@type\":\"SearchAction\",\"target\":{\"@type\":\"EntryPoint\",\"urlTemplate\":\"https:\\\/\\\/theomm.com\\\/?s={search_term_string}\"},\"query-input\":{\"@type\":\"PropertyValueSpecification\",\"valueRequired\":true,\"valueName\":\"search_term_string\"}}],\"inLanguage\":\"de\"}]}<\/script>\n<!-- \/ Yoast SEO plugin. -->","yoast_head_json":{"title":"Mountain Raid 100 - OMM","description":"The Mountain Raid 100, Primaloft\u00ae Insulated Minimalist Sleeping Bag. Warm When Wet. Offset Half Zip Windproof Minimalistischer Schlafsack mit Primaloft Gold Isolation. W\u00e4rmt auch im nassen Zustand, versetzter kurzer Rei\u00dfverschluss, winddicht.","robots":{"index":"index","follow":"follow","max-snippet":"max-snippet:-1","max-image-preview":"max-image-preview:large","max-video-preview":"max-video-preview:-1"},"canonical":"https:\/\/theomm.com\/product\/mountain-raid-100\/","og_locale":"de_DE","og_type":"article","og_title":"Mountain Raid 100 - OMM","og_description":"The Mountain Raid 100, Primaloft\u00ae Insulated Minimalist Sleeping Bag. Warm When Wet. Offset Half Zip Windproof Minimalistischer Schlafsack mit Primaloft Gold Isolation. W\u00e4rmt auch im nassen Zustand, versetzter kurzer Rei\u00dfverschluss, winddicht.","og_url":"https:\/\/theomm.com\/product\/mountain-raid-100\/","og_site_name":"OMM","article_publisher":"https:\/\/www.facebook.com\/OMMrunning?_ga=2.203172945.1541616462.1665402953-280172632.1649426001","article_modified_time":"2025-03-16T08:24:08+00:00","og_image":[{"width":600,"height":600,"url":"https:\/\/theomm.com\/wp-content\/uploads\/2022\/10\/OH010-mountain-raid-100-studio-2.jpg","type":"image\/jpeg"}],"twitter_card":"summary_large_image","twitter_misc":{"Gesch\u00e4tzte Lesezeit":"2\u00a0Minuten"},"schema":{"@context":"https:\/\/schema.org","@graph":[{"@type":"WebPage","@id":"https:\/\/theomm.com\/product\/mountain-raid-100\/","url":"https:\/\/theomm.com\/product\/mountain-raid-100\/","name":"Mountain Raid 100 - OMM","isPartOf":{"@id":"https:\/\/theomm.com\/#website"},"primaryImageOfPage":{"@id":"https:\/\/theomm.com\/product\/mountain-raid-100\/#primaryimage"},"image":{"@id":"https:\/\/theomm.com\/product\/mountain-raid-100\/#primaryimage"},"thumbnailUrl":"https:\/\/theomm.com\/wp-content\/uploads\/2022\/10\/OH010-mountain-raid-100-studio-2.jpg","datePublished":"2018-03-16T10:41:29+00:00","dateModified":"2025-03-16T08:24:08+00:00","description":"The Mountain Raid 100, Primaloft\u00ae Insulated Minimalist Sleeping Bag. Warm When Wet. Offset Half Zip Windproof Minimalistischer Schlafsack mit Primaloft Gold Isolation. W\u00e4rmt auch im nassen Zustand, versetzter kurzer Rei\u00dfverschluss, winddicht.","breadcrumb":{"@id":"https:\/\/theomm.com\/product\/mountain-raid-100\/#breadcrumb"},"inLanguage":"de","potentialAction":[{"@type":"ReadAction","target":["https:\/\/theomm.com\/product\/mountain-raid-100\/"]}]},{"@type":"ImageObject","inLanguage":"de","@id":"https:\/\/theomm.com\/product\/mountain-raid-100\/#primaryimage","url":"https:\/\/theomm.com\/wp-content\/uploads\/2022\/10\/OH010-mountain-raid-100-studio-2.jpg","contentUrl":"https:\/\/theomm.com\/wp-content\/uploads\/2022\/10\/OH010-mountain-raid-100-studio-2.jpg","width":600,"height":600},{"@type":"BreadcrumbList","@id":"https:\/\/theomm.com\/product\/mountain-raid-100\/#breadcrumb","itemListElement":[{"@type":"ListItem","position":1,"name":"Home","item":"https:\/\/theomm.com\/"},{"@type":"ListItem","position":2,"name":"Einkaufen","item":"https:\/\/theomm.com\/original-mountain-marathon\/products\/"},{"@type":"ListItem","position":3,"name":"Mountain Raid 100"}]},{"@type":"WebSite","@id":"https:\/\/theomm.com\/#website","url":"https:\/\/theomm.com\/","name":"OMM","description":"OMM is Technical clothing and equipment made for running in the mountains. Designed to the specifications of Original Mountain Marathon.","alternateName":"Original Mountain Marathon","potentialAction":[{"@type":"SearchAction","target":{"@type":"EntryPoint","urlTemplate":"https:\/\/theomm.com\/?s={search_term_string}"},"query-input":{"@type":"PropertyValueSpecification","valueRequired":true,"valueName":"search_term_string"}}],"inLanguage":"de"}]}},"_links":{"self":[{"href":"https:\/\/theomm.com\/de\/wp-json\/wp\/v2\/product\/147651","targetHints":{"allow":["GET"]}}],"collection":[{"href":"https:\/\/theomm.com\/de\/wp-json\/wp\/v2\/product"}],"about":[{"href":"https:\/\/theomm.com\/de\/wp-json\/wp\/v2\/types\/product"}],"wp:featuredmedia":[{"embeddable":true,"href":"https:\/\/theomm.com\/de\/wp-json\/wp\/v2\/media\/7218"}],"wp:attachment":[{"href":"https:\/\/theomm.com\/de\/wp-json\/wp\/v2\/media?parent=147651"}],"wp:term":[{"taxonomy":"locations","embeddable":true,"href":"https:\/\/theomm.com\/de\/wp-json\/wp\/v2\/locations?post=147651"},{"taxonomy":"product_brand","embeddable":true,"href":"https:\/\/theomm.com\/de\/wp-json\/wp\/v2\/product_brand?post=147651"},{"taxonomy":"product_cat","embeddable":true,"href":"https:\/\/theomm.com\/de\/wp-json\/wp\/v2\/product_cat?post=147651"},{"taxonomy":"product_tag","embeddable":true,"href":"https:\/\/theomm.com\/de\/wp-json\/wp\/v2\/product_tag?post=147651"}],"curies":[{"name":"wp","href":"https:\/\/api.w.org\/{rel}","templated":true}]}}