{"id":147658,"date":"2018-09-16T10:41:29","date_gmt":"2018-09-16T10:41:29","guid":{"rendered":"https:\/\/theomm.com\/product\/sonic-jacket\/"},"modified":"2026-01-03T00:03:54","modified_gmt":"2026-01-03T00:03:54","slug":"sonic-jacket","status":"publish","type":"product","link":"https:\/\/theomm.com\/de\/product\/sonic-jacket\/","title":{"rendered":"Sonic Jacket"},"content":{"rendered":"","protected":false},"excerpt":{"rendered":"<p>Das SONIC JACKET ist eine extrem leichtgewichtige und atmungsaktive Jacke \u2013 und jetzt bringt sie mit nur 54 g sogar noch weniger auf die Waage! PointZero Material sorgt f\u00fcr die n\u00f6tige Winddichte. Es wurde DWR behandelt, um die Oberfl\u00e4che wasser- sowie fleckenabweisend zu machen. Sie l\u00e4sst sich auf ein sehr kleines Ma\u00df zusammenpacken und in der Kragentasche verstauen. Der Rei\u00dfverschluss geht \u00fcber die gesamte L\u00e4nge.<\/p>\n","protected":false},"featured_media":6964,"template":"","meta":{"_acf_changed":false,"_et_pb_use_builder":"","_et_pb_old_content":"","_et_gb_content_width":""},"locations":[1195,1196],"product_brand":[],"product_cat":[649,147,2102],"product_tag":[881,822,882,824],"class_list":{"0":"post-147658","1":"product","2":"type-product","3":"status-publish","4":"has-post-thumbnail","6":"locations-eu","7":"locations-uk","8":"product_cat-ausere-schicht","9":"product_cat-bekleidung-de","10":"product_cat-sale-de-de","11":"product_tag-mens-sonic-jacket-de","12":"product_tag-omm-sonic-smock-de","13":"product_tag-wasserdichte-herrenjake","14":"product_tag-winddichte-laufjacke","15":"pa_color-blau","16":"pa_color-gelb","17":"pa_color-grau","18":"pa_color-schwarz","19":"pa_colour-blau","20":"pa_colour-gelb","21":"pa_colour-grau","22":"pa_colour-schwarz","23":"pa_gender-mens-de","24":"pa_size-gross","25":"pa_size-klein","26":"pa_size-mittel","27":"pa_size-x-gross","28":"pa_size-x-klein","29":"pa_technology-point-zero","30":"pa_weight-50-100g","32":"first","33":"instock","34":"taxable","35":"shipping-taxable","36":"purchasable","37":"product-type-variable","38":"wvs-archive-product-wrapper"},"acf":[],"yoast_head":"<!-- This site is optimized with the Yoast SEO plugin v27.3 - https:\/\/yoast.com\/product\/yoast-seo-wordpress\/ -->\n<title>Sonic Jacket - OMM<\/title>\n<meta name=\"robots\" content=\"index, follow, max-snippet:-1, max-image-preview:large, max-video-preview:-1\" \/>\n<link rel=\"canonical\" href=\"https:\/\/theomm.com\/product\/sonic-jacket\/\" \/>\n<meta property=\"og:locale\" content=\"de_DE\" \/>\n<meta property=\"og:type\" content=\"article\" \/>\n<meta property=\"og:title\" content=\"Sonic Jacket - OMM\" \/>\n<meta property=\"og:description\" content=\"Das SONIC JACKET ist eine extrem leichtgewichtige und atmungsaktive Jacke \u2013 und jetzt bringt sie mit nur 54 g sogar noch weniger auf die Waage! PointZero Material sorgt f\u00fcr die n\u00f6tige Winddichte. Es wurde DWR behandelt, um die Oberfl\u00e4che wasser- sowie fleckenabweisend zu machen. Sie l\u00e4sst sich auf ein sehr kleines Ma\u00df zusammenpacken und in der Kragentasche verstauen. Der Rei\u00dfverschluss geht \u00fcber die gesamte L\u00e4nge.\" \/>\n<meta property=\"og:url\" content=\"https:\/\/theomm.com\/product\/sonic-jacket\/\" \/>\n<meta property=\"og:site_name\" content=\"OMM\" \/>\n<meta property=\"article:publisher\" content=\"https:\/\/www.facebook.com\/OMMrunning?_ga=2.203172945.1541616462.1665402953-280172632.1649426001\" \/>\n<meta property=\"article:modified_time\" content=\"2026-01-03T00:03:54+00:00\" \/>\n<meta property=\"og:image\" content=\"https:\/\/theomm.com\/wp-content\/uploads\/2022\/10\/OC119_Mens_Sonic_Jacket_Blue_Front.jpg\" \/>\n\t<meta property=\"og:image:width\" content=\"600\" \/>\n\t<meta property=\"og:image:height\" content=\"600\" \/>\n\t<meta property=\"og:image:type\" content=\"image\/jpeg\" \/>\n<meta name=\"twitter:card\" content=\"summary_large_image\" \/>\n<script type=\"application\/ld+json\" class=\"yoast-schema-graph\">{\"@context\":\"https:\\\/\\\/schema.org\",\"@graph\":[{\"@type\":\"WebPage\",\"@id\":\"https:\\\/\\\/theomm.com\\\/product\\\/sonic-jacket\\\/\",\"url\":\"https:\\\/\\\/theomm.com\\\/product\\\/sonic-jacket\\\/\",\"name\":\"Sonic Jacket - OMM\",\"isPartOf\":{\"@id\":\"https:\\\/\\\/theomm.com\\\/#website\"},\"primaryImageOfPage\":{\"@id\":\"https:\\\/\\\/theomm.com\\\/product\\\/sonic-jacket\\\/#primaryimage\"},\"image\":{\"@id\":\"https:\\\/\\\/theomm.com\\\/product\\\/sonic-jacket\\\/#primaryimage\"},\"thumbnailUrl\":\"https:\\\/\\\/theomm.com\\\/wp-content\\\/uploads\\\/2022\\\/10\\\/OC119_Mens_Sonic_Jacket_Blue_Front.jpg\",\"datePublished\":\"2018-09-16T10:41:29+00:00\",\"dateModified\":\"2026-01-03T00:03:54+00:00\",\"breadcrumb\":{\"@id\":\"https:\\\/\\\/theomm.com\\\/product\\\/sonic-jacket\\\/#breadcrumb\"},\"inLanguage\":\"de\",\"potentialAction\":[{\"@type\":\"ReadAction\",\"target\":[\"https:\\\/\\\/theomm.com\\\/product\\\/sonic-jacket\\\/\"]}]},{\"@type\":\"ImageObject\",\"inLanguage\":\"de\",\"@id\":\"https:\\\/\\\/theomm.com\\\/product\\\/sonic-jacket\\\/#primaryimage\",\"url\":\"https:\\\/\\\/theomm.com\\\/wp-content\\\/uploads\\\/2022\\\/10\\\/OC119_Mens_Sonic_Jacket_Blue_Front.jpg\",\"contentUrl\":\"https:\\\/\\\/theomm.com\\\/wp-content\\\/uploads\\\/2022\\\/10\\\/OC119_Mens_Sonic_Jacket_Blue_Front.jpg\",\"width\":600,\"height\":600},{\"@type\":\"BreadcrumbList\",\"@id\":\"https:\\\/\\\/theomm.com\\\/product\\\/sonic-jacket\\\/#breadcrumb\",\"itemListElement\":[{\"@type\":\"ListItem\",\"position\":1,\"name\":\"Home\",\"item\":\"https:\\\/\\\/theomm.com\\\/\"},{\"@type\":\"ListItem\",\"position\":2,\"name\":\"Einkaufen\",\"item\":\"https:\\\/\\\/theomm.com\\\/original-mountain-marathon\\\/products\\\/\"},{\"@type\":\"ListItem\",\"position\":3,\"name\":\"Sonic Jacket\"}]},{\"@type\":\"WebSite\",\"@id\":\"https:\\\/\\\/theomm.com\\\/#website\",\"url\":\"https:\\\/\\\/theomm.com\\\/\",\"name\":\"OMM\",\"description\":\"OMM is Technical clothing and equipment made for running in the mountains. Designed to the specifications of Original Mountain Marathon.\",\"alternateName\":\"Original Mountain Marathon\",\"potentialAction\":[{\"@type\":\"SearchAction\",\"target\":{\"@type\":\"EntryPoint\",\"urlTemplate\":\"https:\\\/\\\/theomm.com\\\/?s={search_term_string}\"},\"query-input\":{\"@type\":\"PropertyValueSpecification\",\"valueRequired\":true,\"valueName\":\"search_term_string\"}}],\"inLanguage\":\"de\"}]}<\/script>\n<!-- \/ Yoast SEO plugin. -->","yoast_head_json":{"title":"Sonic Jacket - OMM","robots":{"index":"index","follow":"follow","max-snippet":"max-snippet:-1","max-image-preview":"max-image-preview:large","max-video-preview":"max-video-preview:-1"},"canonical":"https:\/\/theomm.com\/product\/sonic-jacket\/","og_locale":"de_DE","og_type":"article","og_title":"Sonic Jacket - OMM","og_description":"Das SONIC JACKET ist eine extrem leichtgewichtige und atmungsaktive Jacke \u2013 und jetzt bringt sie mit nur 54 g sogar noch weniger auf die Waage! PointZero Material sorgt f\u00fcr die n\u00f6tige Winddichte. Es wurde DWR behandelt, um die Oberfl\u00e4che wasser- sowie fleckenabweisend zu machen. Sie l\u00e4sst sich auf ein sehr kleines Ma\u00df zusammenpacken und in der Kragentasche verstauen. Der Rei\u00dfverschluss geht \u00fcber die gesamte L\u00e4nge.","og_url":"https:\/\/theomm.com\/product\/sonic-jacket\/","og_site_name":"OMM","article_publisher":"https:\/\/www.facebook.com\/OMMrunning?_ga=2.203172945.1541616462.1665402953-280172632.1649426001","article_modified_time":"2026-01-03T00:03:54+00:00","og_image":[{"width":600,"height":600,"url":"https:\/\/theomm.com\/wp-content\/uploads\/2022\/10\/OC119_Mens_Sonic_Jacket_Blue_Front.jpg","type":"image\/jpeg"}],"twitter_card":"summary_large_image","schema":{"@context":"https:\/\/schema.org","@graph":[{"@type":"WebPage","@id":"https:\/\/theomm.com\/product\/sonic-jacket\/","url":"https:\/\/theomm.com\/product\/sonic-jacket\/","name":"Sonic Jacket - OMM","isPartOf":{"@id":"https:\/\/theomm.com\/#website"},"primaryImageOfPage":{"@id":"https:\/\/theomm.com\/product\/sonic-jacket\/#primaryimage"},"image":{"@id":"https:\/\/theomm.com\/product\/sonic-jacket\/#primaryimage"},"thumbnailUrl":"https:\/\/theomm.com\/wp-content\/uploads\/2022\/10\/OC119_Mens_Sonic_Jacket_Blue_Front.jpg","datePublished":"2018-09-16T10:41:29+00:00","dateModified":"2026-01-03T00:03:54+00:00","breadcrumb":{"@id":"https:\/\/theomm.com\/product\/sonic-jacket\/#breadcrumb"},"inLanguage":"de","potentialAction":[{"@type":"ReadAction","target":["https:\/\/theomm.com\/product\/sonic-jacket\/"]}]},{"@type":"ImageObject","inLanguage":"de","@id":"https:\/\/theomm.com\/product\/sonic-jacket\/#primaryimage","url":"https:\/\/theomm.com\/wp-content\/uploads\/2022\/10\/OC119_Mens_Sonic_Jacket_Blue_Front.jpg","contentUrl":"https:\/\/theomm.com\/wp-content\/uploads\/2022\/10\/OC119_Mens_Sonic_Jacket_Blue_Front.jpg","width":600,"height":600},{"@type":"BreadcrumbList","@id":"https:\/\/theomm.com\/product\/sonic-jacket\/#breadcrumb","itemListElement":[{"@type":"ListItem","position":1,"name":"Home","item":"https:\/\/theomm.com\/"},{"@type":"ListItem","position":2,"name":"Einkaufen","item":"https:\/\/theomm.com\/original-mountain-marathon\/products\/"},{"@type":"ListItem","position":3,"name":"Sonic Jacket"}]},{"@type":"WebSite","@id":"https:\/\/theomm.com\/#website","url":"https:\/\/theomm.com\/","name":"OMM","description":"OMM is Technical clothing and equipment made for running in the mountains. Designed to the specifications of Original Mountain Marathon.","alternateName":"Original Mountain Marathon","potentialAction":[{"@type":"SearchAction","target":{"@type":"EntryPoint","urlTemplate":"https:\/\/theomm.com\/?s={search_term_string}"},"query-input":{"@type":"PropertyValueSpecification","valueRequired":true,"valueName":"search_term_string"}}],"inLanguage":"de"}]}},"_links":{"self":[{"href":"https:\/\/theomm.com\/de\/wp-json\/wp\/v2\/product\/147658","targetHints":{"allow":["GET"]}}],"collection":[{"href":"https:\/\/theomm.com\/de\/wp-json\/wp\/v2\/product"}],"about":[{"href":"https:\/\/theomm.com\/de\/wp-json\/wp\/v2\/types\/product"}],"wp:featuredmedia":[{"embeddable":true,"href":"https:\/\/theomm.com\/de\/wp-json\/wp\/v2\/media\/6964"}],"wp:attachment":[{"href":"https:\/\/theomm.com\/de\/wp-json\/wp\/v2\/media?parent=147658"}],"wp:term":[{"taxonomy":"locations","embeddable":true,"href":"https:\/\/theomm.com\/de\/wp-json\/wp\/v2\/locations?post=147658"},{"taxonomy":"product_brand","embeddable":true,"href":"https:\/\/theomm.com\/de\/wp-json\/wp\/v2\/product_brand?post=147658"},{"taxonomy":"product_cat","embeddable":true,"href":"https:\/\/theomm.com\/de\/wp-json\/wp\/v2\/product_cat?post=147658"},{"taxonomy":"product_tag","embeddable":true,"href":"https:\/\/theomm.com\/de\/wp-json\/wp\/v2\/product_tag?post=147658"}],"curies":[{"name":"wp","href":"https:\/\/api.w.org\/{rel}","templated":true}]}}