{"id":147727,"date":"2018-09-16T10:42:04","date_gmt":"2018-09-16T10:42:04","guid":{"rendered":"https:\/\/theomm.com\/product\/compressor-pod\/"},"modified":"2025-10-23T10:44:01","modified_gmt":"2025-10-23T10:44:01","slug":"compressor-pod","status":"publish","type":"product","link":"https:\/\/theomm.com\/de\/product\/compressor-pod\/","title":{"rendered":"Compressor Pod"},"content":{"rendered":"","protected":false},"excerpt":{"rendered":"<p>Der COMPRESSOR POD ist ein vielseitiges Kompressionssystem f\u00fcr Laufrucks\u00e4cke und vergr\u00f6\u00dfert den Stauraum um 5 Liter. Komprimierende Schn\u00fcre erh\u00f6hen die Stabilit\u00e4t und sorgen f\u00fcr weniger Bewegung des Rucksackes. Eine zus\u00e4tzliche Tasche eignet sich ideal f\u00fcr Dinge, die man mit einem schnellen Griff zur Hand haben will, z.B. Regenschutz oder eine extra Jacke.<\/p>\n","protected":false},"featured_media":141378,"template":"","meta":{"_acf_changed":false,"_et_pb_use_builder":"","_et_pb_old_content":"","_et_gb_content_width":""},"locations":[1195,1196],"product_brand":[],"product_cat":[844,652],"product_tag":[897],"class_list":{"0":"post-147727","1":"product","2":"type-product","3":"status-publish","4":"has-post-thumbnail","6":"locations-eu","7":"locations-uk","8":"product_cat-accessoires-rucksaecke","9":"product_cat-packungen","10":"product_tag-omm-compressor-pod-de","11":"pa_colour-blau","12":"pa_colour-grau","13":"pa_colour-lila","14":"pa_colour-orange-de","16":"first","17":"instock","18":"taxable","19":"shipping-taxable","20":"purchasable","21":"product-type-variable","22":"wvs-archive-product-wrapper"},"acf":[],"yoast_head":"<!-- This site is optimized with the Yoast SEO plugin v27.4 - https:\/\/yoast.com\/product\/yoast-seo-wordpress\/ -->\n<title>Compressor Pod - OMM<\/title>\n<meta name=\"robots\" content=\"index, follow, max-snippet:-1, max-image-preview:large, max-video-preview:-1\" \/>\n<link rel=\"canonical\" href=\"https:\/\/theomm.com\/product\/compressor-pod\/\" \/>\n<meta property=\"og:locale\" content=\"de_DE\" \/>\n<meta property=\"og:type\" content=\"article\" \/>\n<meta property=\"og:title\" content=\"Compressor Pod - OMM\" \/>\n<meta property=\"og:description\" content=\"Der COMPRESSOR POD ist ein vielseitiges Kompressionssystem f\u00fcr Laufrucks\u00e4cke und vergr\u00f6\u00dfert den Stauraum um 5 Liter. Komprimierende Schn\u00fcre erh\u00f6hen die Stabilit\u00e4t und sorgen f\u00fcr weniger Bewegung des Rucksackes. Eine zus\u00e4tzliche Tasche eignet sich ideal f\u00fcr Dinge, die man mit einem schnellen Griff zur Hand haben will, z.B. Regenschutz oder eine extra Jacke.\" \/>\n<meta property=\"og:url\" content=\"https:\/\/theomm.com\/product\/compressor-pod\/\" \/>\n<meta property=\"og:site_name\" content=\"OMM\" \/>\n<meta property=\"article:publisher\" content=\"https:\/\/www.facebook.com\/OMMrunning?_ga=2.203172945.1541616462.1665402953-280172632.1649426001\" \/>\n<meta property=\"article:modified_time\" content=\"2025-10-23T10:44:01+00:00\" \/>\n<meta property=\"og:image\" content=\"https:\/\/theomm.com\/wp-content\/uploads\/2022\/10\/OG012-Compressor-Pod-Orange-Front-1000px.jpg\" \/>\n\t<meta property=\"og:image:width\" content=\"600\" \/>\n\t<meta property=\"og:image:height\" content=\"600\" \/>\n\t<meta property=\"og:image:type\" content=\"image\/jpeg\" \/>\n<meta name=\"twitter:card\" content=\"summary_large_image\" \/>\n<script type=\"application\/ld+json\" class=\"yoast-schema-graph\">{\"@context\":\"https:\\\/\\\/schema.org\",\"@graph\":[{\"@type\":\"WebPage\",\"@id\":\"https:\\\/\\\/theomm.com\\\/product\\\/compressor-pod\\\/\",\"url\":\"https:\\\/\\\/theomm.com\\\/product\\\/compressor-pod\\\/\",\"name\":\"Compressor Pod - OMM\",\"isPartOf\":{\"@id\":\"https:\\\/\\\/theomm.com\\\/#website\"},\"primaryImageOfPage\":{\"@id\":\"https:\\\/\\\/theomm.com\\\/product\\\/compressor-pod\\\/#primaryimage\"},\"image\":{\"@id\":\"https:\\\/\\\/theomm.com\\\/product\\\/compressor-pod\\\/#primaryimage\"},\"thumbnailUrl\":\"https:\\\/\\\/theomm.com\\\/wp-content\\\/uploads\\\/2022\\\/10\\\/OG012-Compressor-Pod-Orange-Front-1000px.jpg\",\"datePublished\":\"2018-09-16T10:42:04+00:00\",\"dateModified\":\"2025-10-23T10:44:01+00:00\",\"breadcrumb\":{\"@id\":\"https:\\\/\\\/theomm.com\\\/product\\\/compressor-pod\\\/#breadcrumb\"},\"inLanguage\":\"de\",\"potentialAction\":[{\"@type\":\"ReadAction\",\"target\":[\"https:\\\/\\\/theomm.com\\\/product\\\/compressor-pod\\\/\"]}]},{\"@type\":\"ImageObject\",\"inLanguage\":\"de\",\"@id\":\"https:\\\/\\\/theomm.com\\\/product\\\/compressor-pod\\\/#primaryimage\",\"url\":\"https:\\\/\\\/theomm.com\\\/wp-content\\\/uploads\\\/2022\\\/10\\\/OG012-Compressor-Pod-Orange-Front-1000px.jpg\",\"contentUrl\":\"https:\\\/\\\/theomm.com\\\/wp-content\\\/uploads\\\/2022\\\/10\\\/OG012-Compressor-Pod-Orange-Front-1000px.jpg\",\"width\":600,\"height\":600},{\"@type\":\"BreadcrumbList\",\"@id\":\"https:\\\/\\\/theomm.com\\\/product\\\/compressor-pod\\\/#breadcrumb\",\"itemListElement\":[{\"@type\":\"ListItem\",\"position\":1,\"name\":\"Home\",\"item\":\"https:\\\/\\\/theomm.com\\\/\"},{\"@type\":\"ListItem\",\"position\":2,\"name\":\"Einkaufen\",\"item\":\"https:\\\/\\\/theomm.com\\\/original-mountain-marathon\\\/products\\\/\"},{\"@type\":\"ListItem\",\"position\":3,\"name\":\"Compressor Pod\"}]},{\"@type\":\"WebSite\",\"@id\":\"https:\\\/\\\/theomm.com\\\/#website\",\"url\":\"https:\\\/\\\/theomm.com\\\/\",\"name\":\"OMM\",\"description\":\"OMM is Technical clothing and equipment made for running in the mountains. Designed to the specifications of Original Mountain Marathon.\",\"alternateName\":\"Original Mountain Marathon\",\"potentialAction\":[{\"@type\":\"SearchAction\",\"target\":{\"@type\":\"EntryPoint\",\"urlTemplate\":\"https:\\\/\\\/theomm.com\\\/?s={search_term_string}\"},\"query-input\":{\"@type\":\"PropertyValueSpecification\",\"valueRequired\":true,\"valueName\":\"search_term_string\"}}],\"inLanguage\":\"de\"}]}<\/script>\n<!-- \/ Yoast SEO plugin. -->","yoast_head_json":{"title":"Compressor Pod - OMM","robots":{"index":"index","follow":"follow","max-snippet":"max-snippet:-1","max-image-preview":"max-image-preview:large","max-video-preview":"max-video-preview:-1"},"canonical":"https:\/\/theomm.com\/product\/compressor-pod\/","og_locale":"de_DE","og_type":"article","og_title":"Compressor Pod - OMM","og_description":"Der COMPRESSOR POD ist ein vielseitiges Kompressionssystem f\u00fcr Laufrucks\u00e4cke und vergr\u00f6\u00dfert den Stauraum um 5 Liter. Komprimierende Schn\u00fcre erh\u00f6hen die Stabilit\u00e4t und sorgen f\u00fcr weniger Bewegung des Rucksackes. Eine zus\u00e4tzliche Tasche eignet sich ideal f\u00fcr Dinge, die man mit einem schnellen Griff zur Hand haben will, z.B. Regenschutz oder eine extra Jacke.","og_url":"https:\/\/theomm.com\/product\/compressor-pod\/","og_site_name":"OMM","article_publisher":"https:\/\/www.facebook.com\/OMMrunning?_ga=2.203172945.1541616462.1665402953-280172632.1649426001","article_modified_time":"2025-10-23T10:44:01+00:00","og_image":[{"width":600,"height":600,"url":"https:\/\/theomm.com\/wp-content\/uploads\/2022\/10\/OG012-Compressor-Pod-Orange-Front-1000px.jpg","type":"image\/jpeg"}],"twitter_card":"summary_large_image","schema":{"@context":"https:\/\/schema.org","@graph":[{"@type":"WebPage","@id":"https:\/\/theomm.com\/product\/compressor-pod\/","url":"https:\/\/theomm.com\/product\/compressor-pod\/","name":"Compressor Pod - OMM","isPartOf":{"@id":"https:\/\/theomm.com\/#website"},"primaryImageOfPage":{"@id":"https:\/\/theomm.com\/product\/compressor-pod\/#primaryimage"},"image":{"@id":"https:\/\/theomm.com\/product\/compressor-pod\/#primaryimage"},"thumbnailUrl":"https:\/\/theomm.com\/wp-content\/uploads\/2022\/10\/OG012-Compressor-Pod-Orange-Front-1000px.jpg","datePublished":"2018-09-16T10:42:04+00:00","dateModified":"2025-10-23T10:44:01+00:00","breadcrumb":{"@id":"https:\/\/theomm.com\/product\/compressor-pod\/#breadcrumb"},"inLanguage":"de","potentialAction":[{"@type":"ReadAction","target":["https:\/\/theomm.com\/product\/compressor-pod\/"]}]},{"@type":"ImageObject","inLanguage":"de","@id":"https:\/\/theomm.com\/product\/compressor-pod\/#primaryimage","url":"https:\/\/theomm.com\/wp-content\/uploads\/2022\/10\/OG012-Compressor-Pod-Orange-Front-1000px.jpg","contentUrl":"https:\/\/theomm.com\/wp-content\/uploads\/2022\/10\/OG012-Compressor-Pod-Orange-Front-1000px.jpg","width":600,"height":600},{"@type":"BreadcrumbList","@id":"https:\/\/theomm.com\/product\/compressor-pod\/#breadcrumb","itemListElement":[{"@type":"ListItem","position":1,"name":"Home","item":"https:\/\/theomm.com\/"},{"@type":"ListItem","position":2,"name":"Einkaufen","item":"https:\/\/theomm.com\/original-mountain-marathon\/products\/"},{"@type":"ListItem","position":3,"name":"Compressor Pod"}]},{"@type":"WebSite","@id":"https:\/\/theomm.com\/#website","url":"https:\/\/theomm.com\/","name":"OMM","description":"OMM is Technical clothing and equipment made for running in the mountains. Designed to the specifications of Original Mountain Marathon.","alternateName":"Original Mountain Marathon","potentialAction":[{"@type":"SearchAction","target":{"@type":"EntryPoint","urlTemplate":"https:\/\/theomm.com\/?s={search_term_string}"},"query-input":{"@type":"PropertyValueSpecification","valueRequired":true,"valueName":"search_term_string"}}],"inLanguage":"de"}]}},"_links":{"self":[{"href":"https:\/\/theomm.com\/de\/wp-json\/wp\/v2\/product\/147727","targetHints":{"allow":["GET"]}}],"collection":[{"href":"https:\/\/theomm.com\/de\/wp-json\/wp\/v2\/product"}],"about":[{"href":"https:\/\/theomm.com\/de\/wp-json\/wp\/v2\/types\/product"}],"wp:featuredmedia":[{"embeddable":true,"href":"https:\/\/theomm.com\/de\/wp-json\/wp\/v2\/media\/141378"}],"wp:attachment":[{"href":"https:\/\/theomm.com\/de\/wp-json\/wp\/v2\/media?parent=147727"}],"wp:term":[{"taxonomy":"locations","embeddable":true,"href":"https:\/\/theomm.com\/de\/wp-json\/wp\/v2\/locations?post=147727"},{"taxonomy":"product_brand","embeddable":true,"href":"https:\/\/theomm.com\/de\/wp-json\/wp\/v2\/product_brand?post=147727"},{"taxonomy":"product_cat","embeddable":true,"href":"https:\/\/theomm.com\/de\/wp-json\/wp\/v2\/product_cat?post=147727"},{"taxonomy":"product_tag","embeddable":true,"href":"https:\/\/theomm.com\/de\/wp-json\/wp\/v2\/product_tag?post=147727"}],"curies":[{"name":"wp","href":"https:\/\/api.w.org\/{rel}","templated":true}]}}