{"id":147824,"date":"2019-03-16T10:43:10","date_gmt":"2019-03-16T10:43:10","guid":{"rendered":"https:\/\/theomm.com\/product\/chest-pod\/"},"modified":"2025-09-10T15:05:24","modified_gmt":"2025-09-10T15:05:24","slug":"chest-pod","status":"publish","type":"product","link":"https:\/\/theomm.com\/de\/product\/chest-pod\/","title":{"rendered":"Chest Pod"},"content":{"rendered":"","protected":false},"excerpt":{"rendered":"<p>Diese um die Brust angebrachte Tasche h\u00e4lt alle wichtigen Dinge f\u00fcr unterwegs griffbereit. Sie ist ausgestattet mit einem gro\u00dfen, sicheren 4-Liter-Rei\u00dfverschlussfach und einem Kartenfach mit Schnellzugriff. Die Brusttasche ist ideal f\u00fcr lange Tage auf den Bergen, Ultral\u00e4ufe und wenn du einfach schnellen Zugriff auf deine mitgef\u00fchrten Gegenst\u00e4nde brauchst.<\/p>\n","protected":false},"featured_media":141417,"template":"","meta":{"_acf_changed":false,"_et_pb_use_builder":"","_et_pb_old_content":"","_et_gb_content_width":""},"locations":[],"product_brand":[],"product_cat":[844,652],"product_tag":[957,958],"class_list":{"0":"post-147824","1":"product","2":"type-product","3":"status-publish","4":"has-post-thumbnail","6":"product_cat-accessoires-rucksaecke","7":"product_cat-packungen","8":"product_tag-omm-chest-pod-de","9":"product_tag-omm-map-pouch-de","10":"pa_color-blau","11":"pa_color-grau","12":"pa_color-orange-de","13":"pa_colour-blau","14":"pa_colour-grau","15":"pa_colour-orange-de","16":"pa_gender-damen","17":"pa_gender-mens-de","18":"pa_weight-50-100g","20":"first","21":"outofstock","22":"taxable","23":"shipping-taxable","24":"purchasable","25":"product-type-variable","26":"wvs-archive-product-wrapper"},"acf":[],"yoast_head":"<!-- This site is optimized with the Yoast SEO plugin v27.3 - https:\/\/yoast.com\/product\/yoast-seo-wordpress\/ -->\n<title>Chest Pod - OMM<\/title>\n<meta name=\"robots\" content=\"index, follow, max-snippet:-1, max-image-preview:large, max-video-preview:-1\" \/>\n<link rel=\"canonical\" href=\"https:\/\/theomm.com\/de\/product\/chest-pod\/\" \/>\n<meta property=\"og:locale\" content=\"de_DE\" \/>\n<meta property=\"og:type\" content=\"article\" \/>\n<meta property=\"og:title\" content=\"Chest Pod - OMM\" \/>\n<meta property=\"og:description\" content=\"Diese um die Brust angebrachte Tasche h\u00e4lt alle wichtigen Dinge f\u00fcr unterwegs griffbereit. Sie ist ausgestattet mit einem gro\u00dfen, sicheren 4-Liter-Rei\u00dfverschlussfach und einem Kartenfach mit Schnellzugriff. Die Brusttasche ist ideal f\u00fcr lange Tage auf den Bergen, Ultral\u00e4ufe und wenn du einfach schnellen Zugriff auf deine mitgef\u00fchrten Gegenst\u00e4nde brauchst.\" \/>\n<meta property=\"og:url\" content=\"https:\/\/theomm.com\/de\/product\/chest-pod\/\" \/>\n<meta property=\"og:site_name\" content=\"OMM\" \/>\n<meta property=\"article:publisher\" content=\"https:\/\/www.facebook.com\/OMMrunning?_ga=2.203172945.1541616462.1665402953-280172632.1649426001\" \/>\n<meta property=\"article:modified_time\" content=\"2025-09-10T15:05:24+00:00\" \/>\n<meta property=\"og:image\" content=\"https:\/\/theomm.com\/wp-content\/uploads\/2022\/10\/OG031-Chest-Pod-Blue.jpg\" \/>\n\t<meta property=\"og:image:width\" content=\"600\" \/>\n\t<meta property=\"og:image:height\" content=\"600\" \/>\n\t<meta property=\"og:image:type\" content=\"image\/jpeg\" \/>\n<meta name=\"twitter:card\" content=\"summary_large_image\" \/>\n<script type=\"application\/ld+json\" class=\"yoast-schema-graph\">{\"@context\":\"https:\\\/\\\/schema.org\",\"@graph\":[{\"@type\":\"WebPage\",\"@id\":\"https:\\\/\\\/theomm.com\\\/de\\\/product\\\/chest-pod\\\/\",\"url\":\"https:\\\/\\\/theomm.com\\\/de\\\/product\\\/chest-pod\\\/\",\"name\":\"Chest Pod - OMM\",\"isPartOf\":{\"@id\":\"https:\\\/\\\/theomm.com\\\/#website\"},\"primaryImageOfPage\":{\"@id\":\"https:\\\/\\\/theomm.com\\\/de\\\/product\\\/chest-pod\\\/#primaryimage\"},\"image\":{\"@id\":\"https:\\\/\\\/theomm.com\\\/de\\\/product\\\/chest-pod\\\/#primaryimage\"},\"thumbnailUrl\":\"https:\\\/\\\/theomm.com\\\/wp-content\\\/uploads\\\/2022\\\/10\\\/OG031-Chest-Pod-Blue.jpg\",\"datePublished\":\"2019-03-16T10:43:10+00:00\",\"dateModified\":\"2025-09-10T15:05:24+00:00\",\"breadcrumb\":{\"@id\":\"https:\\\/\\\/theomm.com\\\/de\\\/product\\\/chest-pod\\\/#breadcrumb\"},\"inLanguage\":\"de\",\"potentialAction\":[{\"@type\":\"ReadAction\",\"target\":[\"https:\\\/\\\/theomm.com\\\/de\\\/product\\\/chest-pod\\\/\"]}]},{\"@type\":\"ImageObject\",\"inLanguage\":\"de\",\"@id\":\"https:\\\/\\\/theomm.com\\\/de\\\/product\\\/chest-pod\\\/#primaryimage\",\"url\":\"https:\\\/\\\/theomm.com\\\/wp-content\\\/uploads\\\/2022\\\/10\\\/OG031-Chest-Pod-Blue.jpg\",\"contentUrl\":\"https:\\\/\\\/theomm.com\\\/wp-content\\\/uploads\\\/2022\\\/10\\\/OG031-Chest-Pod-Blue.jpg\",\"width\":600,\"height\":600},{\"@type\":\"BreadcrumbList\",\"@id\":\"https:\\\/\\\/theomm.com\\\/de\\\/product\\\/chest-pod\\\/#breadcrumb\",\"itemListElement\":[{\"@type\":\"ListItem\",\"position\":1,\"name\":\"Home\",\"item\":\"https:\\\/\\\/theomm.com\\\/\"},{\"@type\":\"ListItem\",\"position\":2,\"name\":\"Einkaufen\",\"item\":\"https:\\\/\\\/theomm.com\\\/original-mountain-marathon\\\/products\\\/\"},{\"@type\":\"ListItem\",\"position\":3,\"name\":\"Chest Pod\"}]},{\"@type\":\"WebSite\",\"@id\":\"https:\\\/\\\/theomm.com\\\/#website\",\"url\":\"https:\\\/\\\/theomm.com\\\/\",\"name\":\"OMM\",\"description\":\"OMM is Technical clothing and equipment made for running in the mountains. Designed to the specifications of Original Mountain Marathon.\",\"alternateName\":\"Original Mountain Marathon\",\"potentialAction\":[{\"@type\":\"SearchAction\",\"target\":{\"@type\":\"EntryPoint\",\"urlTemplate\":\"https:\\\/\\\/theomm.com\\\/?s={search_term_string}\"},\"query-input\":{\"@type\":\"PropertyValueSpecification\",\"valueRequired\":true,\"valueName\":\"search_term_string\"}}],\"inLanguage\":\"de\"}]}<\/script>\n<!-- \/ Yoast SEO plugin. -->","yoast_head_json":{"title":"Chest Pod - OMM","robots":{"index":"index","follow":"follow","max-snippet":"max-snippet:-1","max-image-preview":"max-image-preview:large","max-video-preview":"max-video-preview:-1"},"canonical":"https:\/\/theomm.com\/de\/product\/chest-pod\/","og_locale":"de_DE","og_type":"article","og_title":"Chest Pod - OMM","og_description":"Diese um die Brust angebrachte Tasche h\u00e4lt alle wichtigen Dinge f\u00fcr unterwegs griffbereit. Sie ist ausgestattet mit einem gro\u00dfen, sicheren 4-Liter-Rei\u00dfverschlussfach und einem Kartenfach mit Schnellzugriff. Die Brusttasche ist ideal f\u00fcr lange Tage auf den Bergen, Ultral\u00e4ufe und wenn du einfach schnellen Zugriff auf deine mitgef\u00fchrten Gegenst\u00e4nde brauchst.","og_url":"https:\/\/theomm.com\/de\/product\/chest-pod\/","og_site_name":"OMM","article_publisher":"https:\/\/www.facebook.com\/OMMrunning?_ga=2.203172945.1541616462.1665402953-280172632.1649426001","article_modified_time":"2025-09-10T15:05:24+00:00","og_image":[{"width":600,"height":600,"url":"https:\/\/theomm.com\/wp-content\/uploads\/2022\/10\/OG031-Chest-Pod-Blue.jpg","type":"image\/jpeg"}],"twitter_card":"summary_large_image","schema":{"@context":"https:\/\/schema.org","@graph":[{"@type":"WebPage","@id":"https:\/\/theomm.com\/de\/product\/chest-pod\/","url":"https:\/\/theomm.com\/de\/product\/chest-pod\/","name":"Chest Pod - OMM","isPartOf":{"@id":"https:\/\/theomm.com\/#website"},"primaryImageOfPage":{"@id":"https:\/\/theomm.com\/de\/product\/chest-pod\/#primaryimage"},"image":{"@id":"https:\/\/theomm.com\/de\/product\/chest-pod\/#primaryimage"},"thumbnailUrl":"https:\/\/theomm.com\/wp-content\/uploads\/2022\/10\/OG031-Chest-Pod-Blue.jpg","datePublished":"2019-03-16T10:43:10+00:00","dateModified":"2025-09-10T15:05:24+00:00","breadcrumb":{"@id":"https:\/\/theomm.com\/de\/product\/chest-pod\/#breadcrumb"},"inLanguage":"de","potentialAction":[{"@type":"ReadAction","target":["https:\/\/theomm.com\/de\/product\/chest-pod\/"]}]},{"@type":"ImageObject","inLanguage":"de","@id":"https:\/\/theomm.com\/de\/product\/chest-pod\/#primaryimage","url":"https:\/\/theomm.com\/wp-content\/uploads\/2022\/10\/OG031-Chest-Pod-Blue.jpg","contentUrl":"https:\/\/theomm.com\/wp-content\/uploads\/2022\/10\/OG031-Chest-Pod-Blue.jpg","width":600,"height":600},{"@type":"BreadcrumbList","@id":"https:\/\/theomm.com\/de\/product\/chest-pod\/#breadcrumb","itemListElement":[{"@type":"ListItem","position":1,"name":"Home","item":"https:\/\/theomm.com\/"},{"@type":"ListItem","position":2,"name":"Einkaufen","item":"https:\/\/theomm.com\/original-mountain-marathon\/products\/"},{"@type":"ListItem","position":3,"name":"Chest Pod"}]},{"@type":"WebSite","@id":"https:\/\/theomm.com\/#website","url":"https:\/\/theomm.com\/","name":"OMM","description":"OMM is Technical clothing and equipment made for running in the mountains. Designed to the specifications of Original Mountain Marathon.","alternateName":"Original Mountain Marathon","potentialAction":[{"@type":"SearchAction","target":{"@type":"EntryPoint","urlTemplate":"https:\/\/theomm.com\/?s={search_term_string}"},"query-input":{"@type":"PropertyValueSpecification","valueRequired":true,"valueName":"search_term_string"}}],"inLanguage":"de"}]}},"_links":{"self":[{"href":"https:\/\/theomm.com\/de\/wp-json\/wp\/v2\/product\/147824","targetHints":{"allow":["GET"]}}],"collection":[{"href":"https:\/\/theomm.com\/de\/wp-json\/wp\/v2\/product"}],"about":[{"href":"https:\/\/theomm.com\/de\/wp-json\/wp\/v2\/types\/product"}],"wp:featuredmedia":[{"embeddable":true,"href":"https:\/\/theomm.com\/de\/wp-json\/wp\/v2\/media\/141417"}],"wp:attachment":[{"href":"https:\/\/theomm.com\/de\/wp-json\/wp\/v2\/media?parent=147824"}],"wp:term":[{"taxonomy":"locations","embeddable":true,"href":"https:\/\/theomm.com\/de\/wp-json\/wp\/v2\/locations?post=147824"},{"taxonomy":"product_brand","embeddable":true,"href":"https:\/\/theomm.com\/de\/wp-json\/wp\/v2\/product_brand?post=147824"},{"taxonomy":"product_cat","embeddable":true,"href":"https:\/\/theomm.com\/de\/wp-json\/wp\/v2\/product_cat?post=147824"},{"taxonomy":"product_tag","embeddable":true,"href":"https:\/\/theomm.com\/de\/wp-json\/wp\/v2\/product_tag?post=147824"}],"curies":[{"name":"wp","href":"https:\/\/api.w.org\/{rel}","templated":true}]}}