{"id":147969,"date":"2019-03-16T10:43:50","date_gmt":"2019-03-16T10:43:50","guid":{"rendered":"https:\/\/theomm.com\/product\/mountain-raid-foot-pod\/"},"modified":"2025-09-10T15:05:24","modified_gmt":"2025-09-10T15:05:24","slug":"mountain-raid-foot-pod","status":"publish","type":"product","link":"https:\/\/theomm.com\/de\/product\/mountain-raid-foot-pod\/","title":{"rendered":"Mountain Raid Foot Pod"},"content":{"rendered":"","protected":false},"excerpt":{"rendered":"<p>Der Mountain Raid Foot Pod ist Teil des innovativen Mountain Raid Schlafsystems, das die gleiche Isolierung wie unsere Schlafs\u00e4cke bietet. Durch die Kombination des winddichten PointZero Obermaterials mit einer F\u00fcllung aus 80g Primaloft Gold eignet sich das System ideal f\u00fcr kalte und nasse Bedingungen. Das Mountain Raid Schlafsystem bietet eine Alternative zu einem ganzen Schlafsack und einer isolierenden Schicht.<\/p>\n","protected":false},"featured_media":142672,"template":"","meta":{"_acf_changed":false,"_et_pb_use_builder":"","_et_pb_old_content":"","_et_gb_content_width":""},"locations":[],"product_brand":[],"product_cat":[842,718],"product_tag":[849],"class_list":{"0":"post-147969","1":"product","2":"type-product","3":"status-publish","4":"has-post-thumbnail","6":"product_cat-schlafen","7":"product_cat-other-de","8":"product_tag-sp-de","9":"pa_color-schwarz","10":"pa_colour-schwarz","11":"pa_gender-damen","12":"pa_gender-mens-de","13":"pa_technology-point-zero","14":"pa_technology-primaloft-cross-core-gold-eco","15":"pa_weight-50-100g","17":"first","18":"outofstock","19":"taxable","20":"shipping-taxable","21":"purchasable","22":"product-type-variable","23":"has-default-attributes","24":"wvs-archive-product-wrapper"},"acf":[],"yoast_head":"<!-- This site is optimized with the Yoast SEO plugin v27.4 - https:\/\/yoast.com\/product\/yoast-seo-wordpress\/ -->\n<title>Mountain Raid Foot Pod - OMM<\/title>\n<meta name=\"robots\" content=\"index, follow, max-snippet:-1, max-image-preview:large, max-video-preview:-1\" \/>\n<link rel=\"canonical\" href=\"https:\/\/theomm.com\/de\/product\/mountain-raid-foot-pod\/\" \/>\n<meta property=\"og:locale\" content=\"de_DE\" \/>\n<meta property=\"og:type\" content=\"article\" \/>\n<meta property=\"og:title\" content=\"Mountain Raid Foot Pod - OMM\" \/>\n<meta property=\"og:description\" content=\"Der Mountain Raid Foot Pod ist Teil des innovativen Mountain Raid Schlafsystems, das die gleiche Isolierung wie unsere Schlafs\u00e4cke bietet. Durch die Kombination des winddichten PointZero Obermaterials mit einer F\u00fcllung aus 80g Primaloft Gold eignet sich das System ideal f\u00fcr kalte und nasse Bedingungen. Das Mountain Raid Schlafsystem bietet eine Alternative zu einem ganzen Schlafsack und einer isolierenden Schicht.\" \/>\n<meta property=\"og:url\" content=\"https:\/\/theomm.com\/de\/product\/mountain-raid-foot-pod\/\" \/>\n<meta property=\"og:site_name\" content=\"OMM\" \/>\n<meta property=\"article:publisher\" content=\"https:\/\/www.facebook.com\/OMMrunning?_ga=2.203172945.1541616462.1665402953-280172632.1649426001\" \/>\n<meta property=\"article:modified_time\" content=\"2025-09-10T15:05:24+00:00\" \/>\n<meta property=\"og:image\" content=\"https:\/\/theomm.com\/wp-content\/uploads\/2022\/10\/Simple_0002_OH008-Foot-Pod-Front.jpg\" \/>\n\t<meta property=\"og:image:width\" content=\"600\" \/>\n\t<meta property=\"og:image:height\" content=\"600\" \/>\n\t<meta property=\"og:image:type\" content=\"image\/jpeg\" \/>\n<meta name=\"twitter:card\" content=\"summary_large_image\" \/>\n<script type=\"application\/ld+json\" class=\"yoast-schema-graph\">{\"@context\":\"https:\\\/\\\/schema.org\",\"@graph\":[{\"@type\":\"WebPage\",\"@id\":\"https:\\\/\\\/theomm.com\\\/de\\\/product\\\/mountain-raid-foot-pod\\\/\",\"url\":\"https:\\\/\\\/theomm.com\\\/de\\\/product\\\/mountain-raid-foot-pod\\\/\",\"name\":\"Mountain Raid Foot Pod - OMM\",\"isPartOf\":{\"@id\":\"https:\\\/\\\/theomm.com\\\/#website\"},\"primaryImageOfPage\":{\"@id\":\"https:\\\/\\\/theomm.com\\\/de\\\/product\\\/mountain-raid-foot-pod\\\/#primaryimage\"},\"image\":{\"@id\":\"https:\\\/\\\/theomm.com\\\/de\\\/product\\\/mountain-raid-foot-pod\\\/#primaryimage\"},\"thumbnailUrl\":\"https:\\\/\\\/theomm.com\\\/wp-content\\\/uploads\\\/2022\\\/10\\\/Simple_0002_OH008-Foot-Pod-Front.jpg\",\"datePublished\":\"2019-03-16T10:43:50+00:00\",\"dateModified\":\"2025-09-10T15:05:24+00:00\",\"breadcrumb\":{\"@id\":\"https:\\\/\\\/theomm.com\\\/de\\\/product\\\/mountain-raid-foot-pod\\\/#breadcrumb\"},\"inLanguage\":\"de\",\"potentialAction\":[{\"@type\":\"ReadAction\",\"target\":[\"https:\\\/\\\/theomm.com\\\/de\\\/product\\\/mountain-raid-foot-pod\\\/\"]}]},{\"@type\":\"ImageObject\",\"inLanguage\":\"de\",\"@id\":\"https:\\\/\\\/theomm.com\\\/de\\\/product\\\/mountain-raid-foot-pod\\\/#primaryimage\",\"url\":\"https:\\\/\\\/theomm.com\\\/wp-content\\\/uploads\\\/2022\\\/10\\\/Simple_0002_OH008-Foot-Pod-Front.jpg\",\"contentUrl\":\"https:\\\/\\\/theomm.com\\\/wp-content\\\/uploads\\\/2022\\\/10\\\/Simple_0002_OH008-Foot-Pod-Front.jpg\",\"width\":600,\"height\":600},{\"@type\":\"BreadcrumbList\",\"@id\":\"https:\\\/\\\/theomm.com\\\/de\\\/product\\\/mountain-raid-foot-pod\\\/#breadcrumb\",\"itemListElement\":[{\"@type\":\"ListItem\",\"position\":1,\"name\":\"Home\",\"item\":\"https:\\\/\\\/theomm.com\\\/\"},{\"@type\":\"ListItem\",\"position\":2,\"name\":\"Einkaufen\",\"item\":\"https:\\\/\\\/theomm.com\\\/original-mountain-marathon\\\/products\\\/\"},{\"@type\":\"ListItem\",\"position\":3,\"name\":\"Mountain Raid Foot Pod\"}]},{\"@type\":\"WebSite\",\"@id\":\"https:\\\/\\\/theomm.com\\\/#website\",\"url\":\"https:\\\/\\\/theomm.com\\\/\",\"name\":\"OMM\",\"description\":\"OMM is Technical clothing and equipment made for running in the mountains. Designed to the specifications of Original Mountain Marathon.\",\"alternateName\":\"Original Mountain Marathon\",\"potentialAction\":[{\"@type\":\"SearchAction\",\"target\":{\"@type\":\"EntryPoint\",\"urlTemplate\":\"https:\\\/\\\/theomm.com\\\/?s={search_term_string}\"},\"query-input\":{\"@type\":\"PropertyValueSpecification\",\"valueRequired\":true,\"valueName\":\"search_term_string\"}}],\"inLanguage\":\"de\"}]}<\/script>\n<!-- \/ Yoast SEO plugin. -->","yoast_head_json":{"title":"Mountain Raid Foot Pod - OMM","robots":{"index":"index","follow":"follow","max-snippet":"max-snippet:-1","max-image-preview":"max-image-preview:large","max-video-preview":"max-video-preview:-1"},"canonical":"https:\/\/theomm.com\/de\/product\/mountain-raid-foot-pod\/","og_locale":"de_DE","og_type":"article","og_title":"Mountain Raid Foot Pod - OMM","og_description":"Der Mountain Raid Foot Pod ist Teil des innovativen Mountain Raid Schlafsystems, das die gleiche Isolierung wie unsere Schlafs\u00e4cke bietet. Durch die Kombination des winddichten PointZero Obermaterials mit einer F\u00fcllung aus 80g Primaloft Gold eignet sich das System ideal f\u00fcr kalte und nasse Bedingungen. Das Mountain Raid Schlafsystem bietet eine Alternative zu einem ganzen Schlafsack und einer isolierenden Schicht.","og_url":"https:\/\/theomm.com\/de\/product\/mountain-raid-foot-pod\/","og_site_name":"OMM","article_publisher":"https:\/\/www.facebook.com\/OMMrunning?_ga=2.203172945.1541616462.1665402953-280172632.1649426001","article_modified_time":"2025-09-10T15:05:24+00:00","og_image":[{"width":600,"height":600,"url":"https:\/\/theomm.com\/wp-content\/uploads\/2022\/10\/Simple_0002_OH008-Foot-Pod-Front.jpg","type":"image\/jpeg"}],"twitter_card":"summary_large_image","schema":{"@context":"https:\/\/schema.org","@graph":[{"@type":"WebPage","@id":"https:\/\/theomm.com\/de\/product\/mountain-raid-foot-pod\/","url":"https:\/\/theomm.com\/de\/product\/mountain-raid-foot-pod\/","name":"Mountain Raid Foot Pod - OMM","isPartOf":{"@id":"https:\/\/theomm.com\/#website"},"primaryImageOfPage":{"@id":"https:\/\/theomm.com\/de\/product\/mountain-raid-foot-pod\/#primaryimage"},"image":{"@id":"https:\/\/theomm.com\/de\/product\/mountain-raid-foot-pod\/#primaryimage"},"thumbnailUrl":"https:\/\/theomm.com\/wp-content\/uploads\/2022\/10\/Simple_0002_OH008-Foot-Pod-Front.jpg","datePublished":"2019-03-16T10:43:50+00:00","dateModified":"2025-09-10T15:05:24+00:00","breadcrumb":{"@id":"https:\/\/theomm.com\/de\/product\/mountain-raid-foot-pod\/#breadcrumb"},"inLanguage":"de","potentialAction":[{"@type":"ReadAction","target":["https:\/\/theomm.com\/de\/product\/mountain-raid-foot-pod\/"]}]},{"@type":"ImageObject","inLanguage":"de","@id":"https:\/\/theomm.com\/de\/product\/mountain-raid-foot-pod\/#primaryimage","url":"https:\/\/theomm.com\/wp-content\/uploads\/2022\/10\/Simple_0002_OH008-Foot-Pod-Front.jpg","contentUrl":"https:\/\/theomm.com\/wp-content\/uploads\/2022\/10\/Simple_0002_OH008-Foot-Pod-Front.jpg","width":600,"height":600},{"@type":"BreadcrumbList","@id":"https:\/\/theomm.com\/de\/product\/mountain-raid-foot-pod\/#breadcrumb","itemListElement":[{"@type":"ListItem","position":1,"name":"Home","item":"https:\/\/theomm.com\/"},{"@type":"ListItem","position":2,"name":"Einkaufen","item":"https:\/\/theomm.com\/original-mountain-marathon\/products\/"},{"@type":"ListItem","position":3,"name":"Mountain Raid Foot Pod"}]},{"@type":"WebSite","@id":"https:\/\/theomm.com\/#website","url":"https:\/\/theomm.com\/","name":"OMM","description":"OMM is Technical clothing and equipment made for running in the mountains. Designed to the specifications of Original Mountain Marathon.","alternateName":"Original Mountain Marathon","potentialAction":[{"@type":"SearchAction","target":{"@type":"EntryPoint","urlTemplate":"https:\/\/theomm.com\/?s={search_term_string}"},"query-input":{"@type":"PropertyValueSpecification","valueRequired":true,"valueName":"search_term_string"}}],"inLanguage":"de"}]}},"_links":{"self":[{"href":"https:\/\/theomm.com\/de\/wp-json\/wp\/v2\/product\/147969","targetHints":{"allow":["GET"]}}],"collection":[{"href":"https:\/\/theomm.com\/de\/wp-json\/wp\/v2\/product"}],"about":[{"href":"https:\/\/theomm.com\/de\/wp-json\/wp\/v2\/types\/product"}],"wp:featuredmedia":[{"embeddable":true,"href":"https:\/\/theomm.com\/de\/wp-json\/wp\/v2\/media\/142672"}],"wp:attachment":[{"href":"https:\/\/theomm.com\/de\/wp-json\/wp\/v2\/media?parent=147969"}],"wp:term":[{"taxonomy":"locations","embeddable":true,"href":"https:\/\/theomm.com\/de\/wp-json\/wp\/v2\/locations?post=147969"},{"taxonomy":"product_brand","embeddable":true,"href":"https:\/\/theomm.com\/de\/wp-json\/wp\/v2\/product_brand?post=147969"},{"taxonomy":"product_cat","embeddable":true,"href":"https:\/\/theomm.com\/de\/wp-json\/wp\/v2\/product_cat?post=147969"},{"taxonomy":"product_tag","embeddable":true,"href":"https:\/\/theomm.com\/de\/wp-json\/wp\/v2\/product_tag?post=147969"}],"curies":[{"name":"wp","href":"https:\/\/api.w.org\/{rel}","templated":true}]}}