{"id":147979,"date":"2020-03-16T10:43:50","date_gmt":"2020-03-16T10:43:50","guid":{"rendered":"https:\/\/theomm.com\/product\/rosa-vest-w\/"},"modified":"2025-11-22T18:25:46","modified_gmt":"2025-11-22T18:25:46","slug":"rosa-vest-w","status":"publish","type":"product","link":"https:\/\/theomm.com\/de\/product\/rosa-vest-w\/","title":{"rendered":"Rosa Vest (W)"},"content":{"rendered":"","protected":false},"excerpt":{"rendered":"<p>Die Rosa Vest mit einer Passform speziell f\u00fcr Damen isoliert nach demselben Prinzip wie unsere Schlafs\u00e4cke und bietet ein unglaubliches W\u00e4rme-Gewicht-Verh\u00e4ltnis. Mit einem Gewicht von 125 g kannst du sie leicht verstauen und bei k\u00e4lteren Temperaturen prima \u00fcber andere Schichten tragen. Mit 40g Primaloft Gold im Torso und Primaloft Luxe im Kragen ist sie weich und komfortabel.<\/p>\n","protected":false},"featured_media":7133,"template":"","meta":{"_acf_changed":false,"_et_pb_use_builder":"","_et_pb_old_content":"","_et_gb_content_width":""},"locations":[1195,1196],"product_brand":[],"product_cat":[147,700],"product_tag":[976,663,977,978],"class_list":{"0":"post-147979","1":"product","2":"type-product","3":"status-publish","4":"has-post-thumbnail","6":"locations-eu","7":"locations-uk","8":"product_cat-bekleidung-de","9":"product_cat-isolierung","10":"product_tag-beleidigungsweste","11":"product_tag-omm-weste","12":"product_tag-rosa-vest-de","13":"product_tag-thermo-laufweste","14":"pa_color-aqua-de","15":"pa_color-rosa","16":"pa_color-schwarz","17":"pa_colour-rosa","18":"pa_colour-schwarz","19":"pa_colour-schwarz-aqua","20":"pa_gender-damen","21":"pa_size-gross","22":"pa_size-klein","23":"pa_size-mittel","24":"pa_size-x-gross","25":"pa_size-x-klein","26":"pa_technology-point-zero","27":"pa_technology-primaloft-cross-core-gold-eco","28":"pa_weight-100-200g","30":"first","31":"outofstock","32":"taxable","33":"shipping-taxable","34":"purchasable","35":"product-type-variable","36":"wvs-archive-product-wrapper"},"acf":[],"yoast_head":"<!-- This site is optimized with the Yoast SEO plugin v27.4 - https:\/\/yoast.com\/product\/yoast-seo-wordpress\/ -->\n<title>Rosa Vest (W) - OMM<\/title>\n<meta name=\"robots\" content=\"index, follow, max-snippet:-1, max-image-preview:large, max-video-preview:-1\" \/>\n<link rel=\"canonical\" href=\"https:\/\/theomm.com\/de\/product\/rosa-vest-w\/\" \/>\n<meta property=\"og:locale\" content=\"de_DE\" \/>\n<meta property=\"og:type\" content=\"article\" \/>\n<meta property=\"og:title\" content=\"Rosa Vest (W) - OMM\" \/>\n<meta property=\"og:description\" content=\"Die Rosa Vest mit einer Passform speziell f\u00fcr Damen isoliert nach demselben Prinzip wie unsere Schlafs\u00e4cke und bietet ein unglaubliches W\u00e4rme-Gewicht-Verh\u00e4ltnis. Mit einem Gewicht von 125 g kannst du sie leicht verstauen und bei k\u00e4lteren Temperaturen prima \u00fcber andere Schichten tragen. Mit 40g Primaloft Gold im Torso und Primaloft Luxe im Kragen ist sie weich und komfortabel.\" \/>\n<meta property=\"og:url\" content=\"https:\/\/theomm.com\/de\/product\/rosa-vest-w\/\" \/>\n<meta property=\"og:site_name\" content=\"OMM\" \/>\n<meta property=\"article:publisher\" content=\"https:\/\/www.facebook.com\/OMMrunning?_ga=2.203172945.1541616462.1665402953-280172632.1649426001\" \/>\n<meta property=\"article:modified_time\" content=\"2025-11-22T18:25:46+00:00\" \/>\n<meta property=\"og:image\" content=\"https:\/\/theomm.com\/wp-content\/uploads\/2022\/10\/OC129-rosa-vest-front-purple.jpg\" \/>\n\t<meta property=\"og:image:width\" content=\"600\" \/>\n\t<meta property=\"og:image:height\" content=\"600\" \/>\n\t<meta property=\"og:image:type\" content=\"image\/jpeg\" \/>\n<meta name=\"twitter:card\" content=\"summary_large_image\" \/>\n<script type=\"application\/ld+json\" class=\"yoast-schema-graph\">{\"@context\":\"https:\\\/\\\/schema.org\",\"@graph\":[{\"@type\":\"WebPage\",\"@id\":\"https:\\\/\\\/theomm.com\\\/de\\\/product\\\/rosa-vest-w\\\/\",\"url\":\"https:\\\/\\\/theomm.com\\\/de\\\/product\\\/rosa-vest-w\\\/\",\"name\":\"Rosa Vest (W) - OMM\",\"isPartOf\":{\"@id\":\"https:\\\/\\\/theomm.com\\\/#website\"},\"primaryImageOfPage\":{\"@id\":\"https:\\\/\\\/theomm.com\\\/de\\\/product\\\/rosa-vest-w\\\/#primaryimage\"},\"image\":{\"@id\":\"https:\\\/\\\/theomm.com\\\/de\\\/product\\\/rosa-vest-w\\\/#primaryimage\"},\"thumbnailUrl\":\"https:\\\/\\\/theomm.com\\\/wp-content\\\/uploads\\\/2022\\\/10\\\/OC129-rosa-vest-front-purple.jpg\",\"datePublished\":\"2020-03-16T10:43:50+00:00\",\"dateModified\":\"2025-11-22T18:25:46+00:00\",\"breadcrumb\":{\"@id\":\"https:\\\/\\\/theomm.com\\\/de\\\/product\\\/rosa-vest-w\\\/#breadcrumb\"},\"inLanguage\":\"de\",\"potentialAction\":[{\"@type\":\"ReadAction\",\"target\":[\"https:\\\/\\\/theomm.com\\\/de\\\/product\\\/rosa-vest-w\\\/\"]}]},{\"@type\":\"ImageObject\",\"inLanguage\":\"de\",\"@id\":\"https:\\\/\\\/theomm.com\\\/de\\\/product\\\/rosa-vest-w\\\/#primaryimage\",\"url\":\"https:\\\/\\\/theomm.com\\\/wp-content\\\/uploads\\\/2022\\\/10\\\/OC129-rosa-vest-front-purple.jpg\",\"contentUrl\":\"https:\\\/\\\/theomm.com\\\/wp-content\\\/uploads\\\/2022\\\/10\\\/OC129-rosa-vest-front-purple.jpg\",\"width\":600,\"height\":600},{\"@type\":\"BreadcrumbList\",\"@id\":\"https:\\\/\\\/theomm.com\\\/de\\\/product\\\/rosa-vest-w\\\/#breadcrumb\",\"itemListElement\":[{\"@type\":\"ListItem\",\"position\":1,\"name\":\"Home\",\"item\":\"https:\\\/\\\/theomm.com\\\/\"},{\"@type\":\"ListItem\",\"position\":2,\"name\":\"Einkaufen\",\"item\":\"https:\\\/\\\/theomm.com\\\/original-mountain-marathon\\\/products\\\/\"},{\"@type\":\"ListItem\",\"position\":3,\"name\":\"Rosa Vest (W)\"}]},{\"@type\":\"WebSite\",\"@id\":\"https:\\\/\\\/theomm.com\\\/#website\",\"url\":\"https:\\\/\\\/theomm.com\\\/\",\"name\":\"OMM\",\"description\":\"OMM is Technical clothing and equipment made for running in the mountains. Designed to the specifications of Original Mountain Marathon.\",\"alternateName\":\"Original Mountain Marathon\",\"potentialAction\":[{\"@type\":\"SearchAction\",\"target\":{\"@type\":\"EntryPoint\",\"urlTemplate\":\"https:\\\/\\\/theomm.com\\\/?s={search_term_string}\"},\"query-input\":{\"@type\":\"PropertyValueSpecification\",\"valueRequired\":true,\"valueName\":\"search_term_string\"}}],\"inLanguage\":\"de\"}]}<\/script>\n<!-- \/ Yoast SEO plugin. -->","yoast_head_json":{"title":"Rosa Vest (W) - OMM","robots":{"index":"index","follow":"follow","max-snippet":"max-snippet:-1","max-image-preview":"max-image-preview:large","max-video-preview":"max-video-preview:-1"},"canonical":"https:\/\/theomm.com\/de\/product\/rosa-vest-w\/","og_locale":"de_DE","og_type":"article","og_title":"Rosa Vest (W) - OMM","og_description":"Die Rosa Vest mit einer Passform speziell f\u00fcr Damen isoliert nach demselben Prinzip wie unsere Schlafs\u00e4cke und bietet ein unglaubliches W\u00e4rme-Gewicht-Verh\u00e4ltnis. Mit einem Gewicht von 125 g kannst du sie leicht verstauen und bei k\u00e4lteren Temperaturen prima \u00fcber andere Schichten tragen. Mit 40g Primaloft Gold im Torso und Primaloft Luxe im Kragen ist sie weich und komfortabel.","og_url":"https:\/\/theomm.com\/de\/product\/rosa-vest-w\/","og_site_name":"OMM","article_publisher":"https:\/\/www.facebook.com\/OMMrunning?_ga=2.203172945.1541616462.1665402953-280172632.1649426001","article_modified_time":"2025-11-22T18:25:46+00:00","og_image":[{"width":600,"height":600,"url":"https:\/\/theomm.com\/wp-content\/uploads\/2022\/10\/OC129-rosa-vest-front-purple.jpg","type":"image\/jpeg"}],"twitter_card":"summary_large_image","schema":{"@context":"https:\/\/schema.org","@graph":[{"@type":"WebPage","@id":"https:\/\/theomm.com\/de\/product\/rosa-vest-w\/","url":"https:\/\/theomm.com\/de\/product\/rosa-vest-w\/","name":"Rosa Vest (W) - OMM","isPartOf":{"@id":"https:\/\/theomm.com\/#website"},"primaryImageOfPage":{"@id":"https:\/\/theomm.com\/de\/product\/rosa-vest-w\/#primaryimage"},"image":{"@id":"https:\/\/theomm.com\/de\/product\/rosa-vest-w\/#primaryimage"},"thumbnailUrl":"https:\/\/theomm.com\/wp-content\/uploads\/2022\/10\/OC129-rosa-vest-front-purple.jpg","datePublished":"2020-03-16T10:43:50+00:00","dateModified":"2025-11-22T18:25:46+00:00","breadcrumb":{"@id":"https:\/\/theomm.com\/de\/product\/rosa-vest-w\/#breadcrumb"},"inLanguage":"de","potentialAction":[{"@type":"ReadAction","target":["https:\/\/theomm.com\/de\/product\/rosa-vest-w\/"]}]},{"@type":"ImageObject","inLanguage":"de","@id":"https:\/\/theomm.com\/de\/product\/rosa-vest-w\/#primaryimage","url":"https:\/\/theomm.com\/wp-content\/uploads\/2022\/10\/OC129-rosa-vest-front-purple.jpg","contentUrl":"https:\/\/theomm.com\/wp-content\/uploads\/2022\/10\/OC129-rosa-vest-front-purple.jpg","width":600,"height":600},{"@type":"BreadcrumbList","@id":"https:\/\/theomm.com\/de\/product\/rosa-vest-w\/#breadcrumb","itemListElement":[{"@type":"ListItem","position":1,"name":"Home","item":"https:\/\/theomm.com\/"},{"@type":"ListItem","position":2,"name":"Einkaufen","item":"https:\/\/theomm.com\/original-mountain-marathon\/products\/"},{"@type":"ListItem","position":3,"name":"Rosa Vest (W)"}]},{"@type":"WebSite","@id":"https:\/\/theomm.com\/#website","url":"https:\/\/theomm.com\/","name":"OMM","description":"OMM is Technical clothing and equipment made for running in the mountains. Designed to the specifications of Original Mountain Marathon.","alternateName":"Original Mountain Marathon","potentialAction":[{"@type":"SearchAction","target":{"@type":"EntryPoint","urlTemplate":"https:\/\/theomm.com\/?s={search_term_string}"},"query-input":{"@type":"PropertyValueSpecification","valueRequired":true,"valueName":"search_term_string"}}],"inLanguage":"de"}]}},"_links":{"self":[{"href":"https:\/\/theomm.com\/de\/wp-json\/wp\/v2\/product\/147979","targetHints":{"allow":["GET"]}}],"collection":[{"href":"https:\/\/theomm.com\/de\/wp-json\/wp\/v2\/product"}],"about":[{"href":"https:\/\/theomm.com\/de\/wp-json\/wp\/v2\/types\/product"}],"wp:featuredmedia":[{"embeddable":true,"href":"https:\/\/theomm.com\/de\/wp-json\/wp\/v2\/media\/7133"}],"wp:attachment":[{"href":"https:\/\/theomm.com\/de\/wp-json\/wp\/v2\/media?parent=147979"}],"wp:term":[{"taxonomy":"locations","embeddable":true,"href":"https:\/\/theomm.com\/de\/wp-json\/wp\/v2\/locations?post=147979"},{"taxonomy":"product_brand","embeddable":true,"href":"https:\/\/theomm.com\/de\/wp-json\/wp\/v2\/product_brand?post=147979"},{"taxonomy":"product_cat","embeddable":true,"href":"https:\/\/theomm.com\/de\/wp-json\/wp\/v2\/product_cat?post=147979"},{"taxonomy":"product_tag","embeddable":true,"href":"https:\/\/theomm.com\/de\/wp-json\/wp\/v2\/product_tag?post=147979"}],"curies":[{"name":"wp","href":"https:\/\/api.w.org\/{rel}","templated":true}]}}